{"id":2515,"date":"2021-08-02T07:24:06","date_gmt":"2021-08-02T07:24:06","guid":{"rendered":"https:\/\/dsb2b.assemblyweb.net\/product\/enterprise"},"modified":"2022-09-25T22:20:16","modified_gmt":"2022-09-25T22:20:16","slug":"enterprise","status":"publish","type":"product","link":"https:\/\/dropshippingb2b.com\/sv\/product\/enterprise","title":{"rendered":"Enterprise"},"content":{"rendered":"<p>Exkluz\u00edvna slu\u017eba ur\u010den\u00e1 na v\u00fdvoj viac\u00farov\u0148ov\u00e9ho marketingu, ktor\u00fd \u010falej pred\u00e1va na\u0161e d\u00e1tov\u00e9 toky<\/p>\n<div class=\"wp-block-button is-style-fill\"><a class=\"wp-block-button__link\" href=\"https:\/\/dropshippingb2b.com\/sv\/contact-us\">KONTAKTUJ N\u00c1S<\/a><\/div>\n","protected":false},"excerpt":{"rendered":"<p>Exkluz\u00edvna slu\u017eba ur\u010den\u00e1 na v\u00fdvoj viac\u00farov\u0148ov\u00e9ho marketingu, ktor\u00fd \u010falej pred\u00e1va na\u0161e d\u00e1tov\u00e9 toky KONTAKTUJ N\u00c1S<\/p>\n","protected":false},"featured_media":2503,"template":"","meta":{"inline_featured_image":false,"site-sidebar-layout":"default","site-content-layout":"default","ast-site-content-layout":"","site-content-style":"default","site-sidebar-style":"default","ast-global-header-display":"","ast-banner-title-visibility":"","ast-main-header-display":"","ast-hfb-above-header-display":"","ast-hfb-below-header-display":"","ast-hfb-mobile-header-display":"","site-post-title":"","ast-breadcrumbs-content":"","ast-featured-img":"","footer-sml-layout":"","theme-transparent-header-meta":"default","adv-header-id-meta":"","stick-header-meta":"","header-above-stick-meta":"","header-main-stick-meta":"","header-below-stick-meta":"","astra-migrate-meta-layouts":"default","ast-page-background-enabled":"default","ast-page-background-meta":{"desktop":{"background-color":"","background-image":"","background-repeat":"repeat","background-position":"center center","background-size":"auto","background-attachment":"scroll","background-type":"","background-media":"","overlay-type":"","overlay-color":"","overlay-opacity":"","overlay-gradient":""},"tablet":{"background-color":"","background-image":"","background-repeat":"repeat","background-position":"center center","background-size":"auto","background-attachment":"scroll","background-type":"","background-media":"","overlay-type":"","overlay-color":"","overlay-opacity":"","overlay-gradient":""},"mobile":{"background-color":"","background-image":"","background-repeat":"repeat","background-position":"center center","background-size":"auto","background-attachment":"scroll","background-type":"","background-media":"","overlay-type":"","overlay-color":"","overlay-opacity":"","overlay-gradient":""}},"ast-content-background-meta":{"desktop":{"background-color":"var(--ast-global-color-5)","background-image":"","background-repeat":"repeat","background-position":"center center","background-size":"auto","background-attachment":"scroll","background-type":"","background-media":"","overlay-type":"","overlay-color":"","overlay-opacity":"","overlay-gradient":""},"tablet":{"background-color":"var(--ast-global-color-5)","background-image":"","background-repeat":"repeat","background-position":"center center","background-size":"auto","background-attachment":"scroll","background-type":"","background-media":"","overlay-type":"","overlay-color":"","overlay-opacity":"","overlay-gradient":""},"mobile":{"background-color":"var(--ast-global-color-5)","background-image":"","background-repeat":"repeat","background-position":"center center","background-size":"auto","background-attachment":"scroll","background-type":"","background-media":"","overlay-type":"","overlay-color":"","overlay-opacity":"","overlay-gradient":""}}},"product_cat":[111],"product_tag":[],"class_list":["post-2515","product","type-product","status-publish","has-post-thumbnail","hentry","product_cat-quarterly-payment-sv","desktop-align-left","tablet-align-left","mobile-align-left"],"_links":{"self":[{"href":"https:\/\/dropshippingb2b.com\/sv\/wp-json\/wp\/v3\/product\/2515","targetHints":{"allow":["GET"]}}],"collection":[{"href":"https:\/\/dropshippingb2b.com\/sv\/wp-json\/wp\/v3\/product"}],"about":[{"href":"https:\/\/dropshippingb2b.com\/sv\/wp-json\/wp\/v2\/types\/product"}],"wp:featuredmedia":[{"embeddable":true,"href":"https:\/\/dropshippingb2b.com\/sv\/wp-json\/wp\/v2\/media\/2503"}],"wp:attachment":[{"href":"https:\/\/dropshippingb2b.com\/sv\/wp-json\/wp\/v2\/media?parent=2515"}],"wp:term":[{"taxonomy":"product_cat","embeddable":true,"href":"https:\/\/dropshippingb2b.com\/sv\/wp-json\/wp\/v2\/product_cat?post=2515"},{"taxonomy":"product_tag","embeddable":true,"href":"https:\/\/dropshippingb2b.com\/sv\/wp-json\/wp\/v2\/product_tag?post=2515"}],"curies":[{"name":"wp","href":"https:\/\/api.w.org\/{rel}","templated":true}]}}