{"id":2489,"date":"2021-08-02T07:19:35","date_gmt":"2021-08-02T07:19:35","guid":{"rendered":"https:\/\/dsb2b.assemblyweb.net\/product\/dropshipping-service"},"modified":"2022-09-25T21:29:05","modified_gmt":"2022-09-25T21:29:05","slug":"dropshipping-service","status":"publish","type":"product","link":"https:\/\/dropshippingb2b.com\/sv\/product\/dropshipping-service","title":{"rendered":"Dropshipping service"},"content":{"rendered":"<p>V\u00e5r grundl\u00e4ggande tj\u00e4nst: inom denna tj\u00e4nst skaffar \u00e5terf\u00f6rs\u00e4ljaren autentiseringsuppgifter f\u00f6r \u00e5tkomstdatafl\u00f6det i v\u00e5r katalog (referenser, koder, namn, priser, bilder). Det \u00e4r en skrivskyddad datatj\u00e4nst som g\u00f6r det m\u00f6jligt att \u2013 till exempel \u2013 fylla sin egen e-handelssida eller externa plattformar som eBay och Amazon.<\/p>\n<p>Det inkluderar:<\/p>\n<p>\u2013 datafl\u00f6de av alla produkter som finns tillg\u00e4ngliga i v\u00e5r integrerade leverant\u00f6rsdatabas.<\/p>\n<p>\u2013 hanteringsrabatt: om \u00e5terf\u00f6rs\u00e4ljaren inte n\u00e5r den l\u00e4gsta best\u00e4llning som kr\u00e4vs av leverant\u00f6ren\/dropshipper, kan den fortfarande bekr\u00e4fta best\u00e4llningen och f\u00e5 en rabatt p\u00e5 50 % p\u00e5 hanteringsavgiften<\/p>\n<p>\u2013 gratis tj\u00e4nst: med endast 1 000,00 \u20ac* m\u00e5nadsf\u00f6rs\u00e4ljning, i slutet av kvartalet, kommer du att f\u00e5 en \u00e5terbetalning p\u00e5 k\u00f6pta varor som motsvarar kostnaden f\u00f6r prenumerationstj\u00e4nsten (150,00 \u20ac\/netto per kvartal)<\/p>\n<p>(*belopp baserat p\u00e5 kvartalsbasis, exklusive moms och extra kostnader.)<\/p>\n","protected":false},"excerpt":{"rendered":"<p>V\u00e5r grundl\u00e4ggande tj\u00e4nst: inom denna tj\u00e4nst skaffar \u00e5terf\u00f6rs\u00e4ljaren autentiseringsuppgifter f\u00f6r \u00e5tkomstdatafl\u00f6det i v\u00e5r katalog (referenser, koder, namn, priser, bilder). Det \u00e4r en skrivskyddad datatj\u00e4nst som g\u00f6r det m\u00f6jligt att \u2013 till exempel \u2013 fylla sin egen e-handelssida eller externa plattformar som eBay och Amazon. Det inkluderar: \u2013 datafl\u00f6de av alla produkter som finns tillg\u00e4ngliga i [&hellip;]<\/p>\n","protected":false},"featured_media":2477,"template":"","meta":{"inline_featured_image":false,"site-sidebar-layout":"default","site-content-layout":"default","ast-site-content-layout":"default","site-content-style":"default","site-sidebar-style":"default","ast-global-header-display":"","ast-banner-title-visibility":"","ast-main-header-display":"","ast-hfb-above-header-display":"","ast-hfb-below-header-display":"","ast-hfb-mobile-header-display":"","site-post-title":"","ast-breadcrumbs-content":"","ast-featured-img":"","footer-sml-layout":"","theme-transparent-header-meta":"default","adv-header-id-meta":"","stick-header-meta":"","header-above-stick-meta":"","header-main-stick-meta":"","header-below-stick-meta":"","astra-migrate-meta-layouts":"default","ast-page-background-enabled":"default","ast-page-background-meta":{"desktop":{"background-color":"","background-image":"","background-repeat":"repeat","background-position":"center center","background-size":"auto","background-attachment":"scroll","background-type":"","background-media":"","overlay-type":"","overlay-color":"","overlay-opacity":"","overlay-gradient":""},"tablet":{"background-color":"","background-image":"","background-repeat":"repeat","background-position":"center center","background-size":"auto","background-attachment":"scroll","background-type":"","background-media":"","overlay-type":"","overlay-color":"","overlay-opacity":"","overlay-gradient":""},"mobile":{"background-color":"","background-image":"","background-repeat":"repeat","background-position":"center center","background-size":"auto","background-attachment":"scroll","background-type":"","background-media":"","overlay-type":"","overlay-color":"","overlay-opacity":"","overlay-gradient":""}},"ast-content-background-meta":{"desktop":{"background-color":"var(--ast-global-color-5)","background-image":"","background-repeat":"repeat","background-position":"center center","background-size":"auto","background-attachment":"scroll","background-type":"","background-media":"","overlay-type":"","overlay-color":"","overlay-opacity":"","overlay-gradient":""},"tablet":{"background-color":"var(--ast-global-color-5)","background-image":"","background-repeat":"repeat","background-position":"center center","background-size":"auto","background-attachment":"scroll","background-type":"","background-media":"","overlay-type":"","overlay-color":"","overlay-opacity":"","overlay-gradient":""},"mobile":{"background-color":"var(--ast-global-color-5)","background-image":"","background-repeat":"repeat","background-position":"center center","background-size":"auto","background-attachment":"scroll","background-type":"","background-media":"","overlay-type":"","overlay-color":"","overlay-opacity":"","overlay-gradient":""}}},"product_cat":[111],"product_tag":[],"class_list":["post-2489","product","type-product","status-publish","has-post-thumbnail","hentry","product_cat-quarterly-payment-sv","desktop-align-left","tablet-align-left","mobile-align-left"],"_links":{"self":[{"href":"https:\/\/dropshippingb2b.com\/sv\/wp-json\/wp\/v3\/product\/2489","targetHints":{"allow":["GET"]}}],"collection":[{"href":"https:\/\/dropshippingb2b.com\/sv\/wp-json\/wp\/v3\/product"}],"about":[{"href":"https:\/\/dropshippingb2b.com\/sv\/wp-json\/wp\/v2\/types\/product"}],"wp:featuredmedia":[{"embeddable":true,"href":"https:\/\/dropshippingb2b.com\/sv\/wp-json\/wp\/v2\/media\/2477"}],"wp:attachment":[{"href":"https:\/\/dropshippingb2b.com\/sv\/wp-json\/wp\/v2\/media?parent=2489"}],"wp:term":[{"taxonomy":"product_cat","embeddable":true,"href":"https:\/\/dropshippingb2b.com\/sv\/wp-json\/wp\/v2\/product_cat?post=2489"},{"taxonomy":"product_tag","embeddable":true,"href":"https:\/\/dropshippingb2b.com\/sv\/wp-json\/wp\/v2\/product_tag?post=2489"}],"curies":[{"name":"wp","href":"https:\/\/api.w.org\/{rel}","templated":true}]}}