{"id":567,"date":"2021-06-22T14:58:31","date_gmt":"2021-06-22T14:58:31","guid":{"rendered":"https:\/\/dsb2b.assemblyweb.net\/?page_id=567"},"modified":"2023-01-03T22:11:33","modified_gmt":"2023-01-03T21:11:33","slug":"home","status":"publish","type":"page","link":"https:\/\/dropshippingb2b.com\/sv","title":{"rendered":"Home"},"content":{"rendered":"\n<div class=\"inherit-container-width wp-block-group is-layout-constrained wp-block-group-is-layout-constrained\"><div class=\"wp-block-group__inner-container\">\n<div class=\"wp-block-cover alignfull is-light\" style=\"min-height:502px;aspect-ratio:unset;\"><span aria-hidden=\"true\" class=\"wp-block-cover__background has-background-dim-0 has-background-dim\"><\/span><img loading=\"lazy\" decoding=\"async\" width=\"1200\" height=\"1600\" class=\"wp-block-cover__image-background wp-image-2828\" alt=\"\" src=\"https:\/\/dropshippingb2b.com\/wp-content\/uploads\/2022\/01\/wwtech-portada-duotone.jpg\" style=\"object-position:50% 50%\" data-object-fit=\"cover\" data-object-position=\"50% 50%\" srcset=\"https:\/\/dropshippingb2b.com\/wp-content\/uploads\/2022\/01\/wwtech-portada-duotone.jpg 1200w, https:\/\/dropshippingb2b.com\/wp-content\/uploads\/2022\/01\/wwtech-portada-duotone-300x400.jpg 300w, https:\/\/dropshippingb2b.com\/wp-content\/uploads\/2022\/01\/wwtech-portada-duotone-225x300.jpg 225w, https:\/\/dropshippingb2b.com\/wp-content\/uploads\/2022\/01\/wwtech-portada-duotone-768x1024.jpg 768w, https:\/\/dropshippingb2b.com\/wp-content\/uploads\/2022\/01\/wwtech-portada-duotone-1152x1536.jpg 1152w\" sizes=\"auto, (max-width: 1200px) 100vw, 1200px\" \/><div class=\"wp-block-cover__inner-container is-layout-flow wp-block-cover-is-layout-flow\">\n<h1 class=\"has-text-align-left has-text-color wp-block-heading\" style=\"color:#e5742e\">Dropshipping<\/h1>\n\n\n\n<p class=\"hero-slogan has-white-color has-text-color\" style=\"font-size:32px\">Den naturliga f\u00f6rl\u00e4ngningen f\u00f6r ditt f\u00f6retag<\/p>\n<\/div><\/div>\n\n\n\n<div class=\"wp-block-cover alignfull is-light\" style=\"min-height:126px;aspect-ratio:unset;\"><span aria-hidden=\"true\" class=\"wp-block-cover__background has-background-dim-100 has-background-dim\" style=\"background-color:#e5742e\"><\/span><div class=\"wp-block-cover__inner-container is-layout-flow wp-block-cover-is-layout-flow\">\n<div style=\"height:10px\" aria-hidden=\"true\" class=\"wp-block-spacer\"><\/div>\n\n\n\n<p class=\"has-text-align-center has-medium-font-size\">Dropshipping B2B plattform ger en omfattande upps\u00e4ttning verktyg <br>f\u00f6r att integrera din butik och enkelt hantera nya order.<\/p>\n<\/div><\/div>\n\n\n\n<div class=\"inherit-container-width wp-block-group alignfull is-layout-constrained wp-block-group-is-layout-constrained\"><div class=\"wp-block-group__inner-container\">\n<div class=\"wp-block-columns are-vertically-aligned-top is-layout-flex wp-container-core-columns-is-layout-1 wp-block-columns-is-layout-flex\">\n<div class=\"wp-block-column is-vertically-aligned-top is-layout-flow wp-block-column-is-layout-flow\">\n<h3 class=\"has-text-align-center wp-block-heading\">DROPSHIPPING<\/h3>\n\n\n\n<p class=\"has-text-align-left has-black-color has-text-color\">Vad \u00e4r det? Den Dropshipping \u00e4r en leverant\u00f6rskedjan&nbsp;f\u00f6rvaltning teknik d\u00e4r B2B n\u00e4tet \u00e5terf\u00f6rs\u00e4ljare inte h\u00e5lla varor i lager utan \u00f6verf\u00f6r B2C order och leverans till leverant\u00f6ren (kallas Dropshipper), som skickar produkten direkt till privat kund.<\/p>\n\n\n\n<div class=\"wp-block-buttons button-mobile is-horizontal is-content-justification-center is-layout-flex wp-container-core-buttons-is-layout-1 wp-block-buttons-is-layout-flex\">\n<div class=\"wp-block-button button-mobile\"><a class=\"wp-block-button__link wp-element-button\" href=\"#howItWorks\">L\u00e4s mer<\/a><\/div>\n<\/div>\n<\/div>\n\n\n\n<div class=\"wp-block-column is-vertically-aligned-top is-layout-flow wp-block-column-is-layout-flow\">\n<h3 class=\"has-text-align-center wp-block-heading\" style=\"text-transform:uppercase\">V\u00e5ra tj\u00e4nster<\/h3>\n\n\n\n<p class=\"has-text-align-left has-black-color has-text-color has-normal-font-size\">Vi \u00e4r glada att kunna erbjuda IT-l\u00f6sningar f\u00f6r att integrera med Leverant\u00f6rer \/ Dropshippers och ger dig m\u00f6jlighet att s\u00e4lja till din privata kund utan att ha ditt riktiga lager. Vi f\u00f6rvaltar f\u00f6r dig logistik och frakt: v\u00e4lja den b\u00e4sta abonnemang utifr\u00e5n dina behov!<\/p>\n\n\n\n<div class=\"wp-block-buttons button-mobile is-horizontal is-content-justification-center is-layout-flex wp-container-core-buttons-is-layout-2 wp-block-buttons-is-layout-flex\">\n<div class=\"wp-block-button button-mobile\"><a class=\"wp-block-button__link wp-element-button\" href=\"\/sv\/vara-tjanster\">L\u00e4s mer<\/a><\/div>\n<\/div>\n<\/div>\n\n\n\n<div class=\"wp-block-column is-vertically-aligned-top is-layout-flow wp-block-column-is-layout-flow\">\n<h3 class=\"has-text-align-center wp-block-heading\" style=\"text-transform:uppercase\">Datafl\u00f6de<\/h3>\n\n\n\n<p class=\"has-text-align-left has-black-color has-text-color has-normal-font-size\">V\u00e4lj den l\u00f6sning som passar dig b\u00e4ttre, ladda ner hela erbjudandet antingen manuellt (statisk fl\u00f6de: XML, JSON och exportera CSV-fil inklusive bilder l\u00e4nkar) eller automatiskt (live stream: API integration, uppdateras i realtid).c<\/p>\n\n\n\n<div class=\"wp-block-buttons button-mobile is-horizontal is-content-justification-center is-layout-flex wp-container-core-buttons-is-layout-3 wp-block-buttons-is-layout-flex\">\n<div class=\"wp-block-button button-mobile\"><a class=\"wp-block-button__link wp-element-button\" href=\"\/sv\/data-flode\">L\u00e4s mer<\/a><\/div>\n<\/div>\n<\/div>\n\n\n\n<div class=\"wp-block-column is-vertically-aligned-top is-layout-flow wp-block-column-is-layout-flow\">\n<h3 class=\"has-text-align-center wp-block-heading\" style=\"text-transform:uppercase\">N\u00e4t Plattform<\/h3>\n\n\n\n<p class=\"has-black-color has-text-color\">Drop Shipping B2B \u00e4r en webbaserad plattform som m\u00f6jligg\u00f6r en snabb och enkel order interaktiv f\u00f6rvaltning. Det hj\u00e4lper \u00e5terf\u00f6rs\u00e4ljare att kommunicera med logistik och \u00f6vervaka order framsteg.<\/p>\n\n\n\n<div class=\"wp-block-buttons button-mobile is-horizontal is-content-justification-center is-layout-flex wp-container-core-buttons-is-layout-4 wp-block-buttons-is-layout-flex\">\n<div class=\"wp-block-button button-mobile\"><a class=\"wp-block-button__link wp-element-button\" href=\"\/sv\/nat-plattform\">L\u00e4s mer<\/a><\/div>\n<\/div>\n<\/div>\n<\/div>\n\n\n\n<div class=\"wp-block-columns are-vertically-aligned-top buttons-desktop is-layout-flex wp-container-core-columns-is-layout-2 wp-block-columns-is-layout-flex\">\n<div class=\"wp-block-column is-vertically-aligned-top is-layout-flow wp-block-column-is-layout-flow\">\n<div class=\"wp-block-buttons is-horizontal is-content-justification-center is-layout-flex wp-container-core-buttons-is-layout-5 wp-block-buttons-is-layout-flex\">\n<div class=\"wp-block-button\"><a class=\"wp-block-button__link wp-element-button\" href=\"#howItWorks\">L\u00e4s mer<\/a><\/div>\n<\/div>\n<\/div>\n\n\n\n<div class=\"wp-block-column is-vertically-aligned-top is-layout-flow wp-block-column-is-layout-flow\">\n<div class=\"wp-block-buttons is-horizontal is-content-justification-center is-layout-flex wp-container-core-buttons-is-layout-6 wp-block-buttons-is-layout-flex\">\n<div class=\"wp-block-button\"><a class=\"wp-block-button__link wp-element-button\" href=\"\/sv\/vara-tjanster\">L\u00e4s mer<\/a><\/div>\n<\/div>\n<\/div>\n\n\n\n<div class=\"wp-block-column is-vertically-aligned-top is-layout-flow wp-block-column-is-layout-flow\">\n<div class=\"wp-block-buttons is-horizontal is-content-justification-center is-layout-flex wp-container-core-buttons-is-layout-7 wp-block-buttons-is-layout-flex\">\n<div class=\"wp-block-button\"><a class=\"wp-block-button__link wp-element-button\" href=\"\/sv\/data-flode\">L\u00e4s mer<\/a><\/div>\n<\/div>\n<\/div>\n\n\n\n<div class=\"wp-block-column is-vertically-aligned-top is-layout-flow wp-block-column-is-layout-flow\">\n<div class=\"wp-block-buttons is-horizontal is-content-justification-center is-layout-flex wp-container-core-buttons-is-layout-8 wp-block-buttons-is-layout-flex\">\n<div class=\"wp-block-button\"><a class=\"wp-block-button__link wp-element-button\" href=\"\/sv\/nat-plattform\">L\u00e4s mer<\/a><\/div>\n<\/div>\n<\/div>\n<\/div>\n<\/div><\/div>\n\n\n\n<div class=\"inherit-container-width wp-block-group alignfull has-background is-layout-constrained wp-block-group-is-layout-constrained\" id=\"vantaggi\" style=\"background-color:#fafafa\"><div class=\"wp-block-group__inner-container\">\n<div class=\"wp-block-columns is-layout-flex wp-container-core-columns-is-layout-3 wp-block-columns-is-layout-flex\">\n<div class=\"wp-block-column is-vertically-aligned-center is-layout-flow wp-block-column-is-layout-flow\" style=\"flex-basis:33.33%\">\n<figure class=\"wp-block-image aligncenter size-large\"><img decoding=\"async\" src=\"https:\/\/dropshippingb2b.com\/wp-content\/uploads\/\/2021\/12\/pingu_boxes.svg\" alt=\"\"\/><\/figure>\n<\/div>\n\n\n\n<div class=\"wp-block-column is-vertically-aligned-center is-layout-flow wp-block-column-is-layout-flow\" style=\"flex-basis:66.66%\">\n<h3 class=\"wp-block-heading\"><strong><strong>Vilka f\u00f6rdelar g\u00f6r Dropshipping tj\u00e4nsten?<\/strong><\/strong><\/h3>\n\n\n\n<ul class=\"wp-block-list\">\n<li>Ett brett sortiment f\u00f6r att integrera din e-handel<\/li>\n\n\n\n<li>Ingen lagring och lager kostnad<\/li>\n\n\n\n<li>Dagliga transporter med reducerade priser<\/li>\n\n\n\n<li>Real Basket (artiklar i din kundvagn omedelbart avl\u00e4gsnas fr\u00e5n leverant\u00f6r \/ Dropship katalog tillg\u00e4nglighet)<\/li>\n\n\n\n<li>M\u00f6jlighet att ange en leveransadress och att bifoga filer f\u00f6r varje objekt<\/li>\n\n\n\n<li>Direkt chatt med logistik<\/li>\n\n\n\n<li>Dedikerad telefon och onlinehj\u00e4lp<\/li>\n<\/ul>\n<\/div>\n<\/div>\n<\/div><\/div>\n\n\n\n<div id=\"howItWorks\" class=\"inherit-container-width wp-block-group is-layout-constrained wp-block-group-is-layout-constrained\"><div class=\"wp-block-group__inner-container\">\n<div style=\"height:100px\" aria-hidden=\"true\" class=\"wp-block-spacer\"><\/div>\n\n\n\n<h3 class=\"has-text-align-center wp-block-heading\"><strong><strong>Hur fungerar detta?<\/strong><\/strong><\/h3>\n\n\n\n<h2 class=\"has-text-align-center has-luminous-vivid-orange-color has-text-color wp-block-heading\" style=\"text-transform:uppercase\">Det \u00e4r enkelt!<\/h2>\n\n\n\n<div style=\"height:30px\" aria-hidden=\"true\" class=\"wp-block-spacer\"><\/div>\n\n\n\n<div class=\"wp-block-columns alignwide is-layout-flex wp-container-core-columns-is-layout-4 wp-block-columns-is-layout-flex\">\n<div class=\"wp-block-column is-layout-flow wp-block-column-is-layout-flow\">\n<h4 class=\"has-text-align-center home-circle has-luminous-vivid-orange-color has-text-color has-background wp-block-heading\" style=\"background-color:#fae3d4\">1<\/h4>\n\n\n\n<p>\u00c5terf\u00f6rs\u00e4ljare offentliga katalogprodukter p\u00e5 sin webbutik och \/ eller extern marknad (eBay, Amazon, etc.).<\/p>\n<\/div>\n\n\n\n<div class=\"wp-block-column is-layout-flow wp-block-column-is-layout-flow\">\n<h4 class=\"has-text-align-center home-circle has-luminous-vivid-orange-color has-text-color has-background wp-block-heading\" style=\"background-color:#fae3d4\">2<\/h4>\n\n\n\n<p>Privat kund k\u00f6per produkten fr\u00e5n \u00e5terf\u00f6rs\u00e4ljare.<\/p>\n<\/div>\n\n\n\n<div class=\"wp-block-column is-layout-flow wp-block-column-is-layout-flow\">\n<h4 class=\"has-text-align-center home-circle has-luminous-vivid-orange-color has-text-color has-background wp-block-heading\" style=\"background-color:#fae3d4\">3<\/h4>\n\n\n\n<p>\u00c5terf\u00f6rs\u00e4ljare s\u00e4nder order och leveransadress till leverant\u00f6ren genom Dropshipping B2B plattform.<\/p>\n<\/div>\n\n\n\n<div class=\"wp-block-column is-layout-flow wp-block-column-is-layout-flow\">\n<h4 class=\"has-text-align-center home-circle has-luminous-vivid-orange-color has-text-color has-background wp-block-heading\" style=\"background-color:#fae3d4\">4<\/h4>\n\n\n\n<p>Varorna levereras direkt till privat kund.<\/p>\n<\/div>\n<\/div>\n\n\n\n<figure class=\"wp-block-image aligncenter size-full\"><img loading=\"lazy\" decoding=\"async\" width=\"1000\" height=\"556\" src=\"https:\/\/dropshippingb2b.com\/wp-content\/uploads\/2022\/08\/infograph_ds_en.png\" alt=\"\" class=\"wp-image-4038\" srcset=\"https:\/\/dropshippingb2b.com\/wp-content\/uploads\/2022\/08\/infograph_ds_en.png 1000w, https:\/\/dropshippingb2b.com\/wp-content\/uploads\/2022\/08\/infograph_ds_en-300x167.png 300w, https:\/\/dropshippingb2b.com\/wp-content\/uploads\/2022\/08\/infograph_ds_en-768x427.png 768w\" sizes=\"auto, (max-width: 1000px) 100vw, 1000px\" \/><\/figure>\n\n\n\n<div style=\"height:30px\" aria-hidden=\"true\" class=\"wp-block-spacer\"><\/div>\n\n\n\n<div class=\"wp-block-buttons is-horizontal is-content-justification-center is-layout-flex wp-container-core-buttons-is-layout-9 wp-block-buttons-is-layout-flex\">\n<div class=\"wp-block-button is-style-outline is-style-outline--1\"><a class=\"wp-block-button__link has-text-color wp-element-button\" href=\"\/sv\/kontakta-oss\" style=\"color:#e5742e\">Kontakta oss<\/a><\/div>\n<\/div>\n<\/div><\/div>\n\n\n\n<div class=\"inherit-container-width wp-block-group alignfull has-background is-layout-constrained wp-block-group-is-layout-constrained\" style=\"background-color:#fae4d6\"><div class=\"wp-block-group__inner-container\">\n<h3 class=\"has-text-align-center wp-block-heading\" style=\"text-transform:uppercase\">Tvivlar fortfarande?<\/h3>\n\n\n\n<p class=\"has-text-align-center\">Kolla in de vanligaste fr\u00e5gorna eller prata med n\u00e5gon av oss<\/p>\n\n\n\n<div class=\"wp-block-columns is-layout-flex wp-container-core-columns-is-layout-5 wp-block-columns-is-layout-flex\">\n<div class=\"wp-block-column is-vertically-aligned-center is-layout-flow wp-block-column-is-layout-flow\">\n<div class=\"wp-block-buttons is-horizontal is-content-justification-center is-layout-flex wp-container-core-buttons-is-layout-10 wp-block-buttons-is-layout-flex\">\n<div class=\"wp-block-button is-style-outline is-style-outline--2\"><a class=\"wp-block-button__link has-text-color\" href=\"\/sv\/faq\" style=\"color:#e5742e\">BES\u00d6K FAQEN<\/a><\/div>\n\n\n\n<div class=\"wp-block-button is-style-fill\"><a class=\"wp-block-button__link\" href=\"\/sv\/kontakta-oss\">KONTAKTA OSS<\/a><\/div>\n<\/div>\n<\/div>\n<\/div>\n<\/div><\/div>\n<\/div><\/div>\n","protected":false},"excerpt":{"rendered":"<p>DROPSHIPPING Vad \u00e4r det? Den Dropshipping \u00e4r en leverant\u00f6rskedjan&nbsp;f\u00f6rvaltning teknik d\u00e4r B2B n\u00e4tet \u00e5terf\u00f6rs\u00e4ljare inte h\u00e5lla varor i lager utan \u00f6verf\u00f6r B2C order och leverans till leverant\u00f6ren (kallas Dropshipper), som skickar produkten direkt till privat kund. V\u00e5ra tj\u00e4nster Vi \u00e4r glada att kunna erbjuda IT-l\u00f6sningar f\u00f6r att integrera med Leverant\u00f6rer \/ Dropshippers och ger dig [&hellip;]<\/p>\n","protected":false},"author":1,"featured_media":0,"parent":0,"menu_order":0,"comment_status":"closed","ping_status":"closed","template":"","meta":{"inline_featured_image":false,"site-sidebar-layout":"no-sidebar","site-content-layout":"plain-container","ast-site-content-layout":"","site-content-style":"default","site-sidebar-style":"default","ast-global-header-display":"","ast-banner-title-visibility":"","ast-main-header-display":"","ast-hfb-above-header-display":"","ast-hfb-below-header-display":"","ast-hfb-mobile-header-display":"","site-post-title":"disabled","ast-breadcrumbs-content":"disabled","ast-featured-img":"disabled","footer-sml-layout":"","theme-transparent-header-meta":"enabled","adv-header-id-meta":"","stick-header-meta":"","header-above-stick-meta":"","header-main-stick-meta":"","header-below-stick-meta":"","astra-migrate-meta-layouts":"default","ast-page-background-enabled":"default","ast-page-background-meta":{"desktop":{"background-color":"","background-image":"","background-repeat":"repeat","background-position":"center center","background-size":"auto","background-attachment":"scroll","background-type":"","background-media":"","overlay-type":"","overlay-color":"","overlay-opacity":"","overlay-gradient":""},"tablet":{"background-color":"","background-image":"","background-repeat":"repeat","background-position":"center center","background-size":"auto","background-attachment":"scroll","background-type":"","background-media":"","overlay-type":"","overlay-color":"","overlay-opacity":"","overlay-gradient":""},"mobile":{"background-color":"","background-image":"","background-repeat":"repeat","background-position":"center center","background-size":"auto","background-attachment":"scroll","background-type":"","background-media":"","overlay-type":"","overlay-color":"","overlay-opacity":"","overlay-gradient":""}},"ast-content-background-meta":{"desktop":{"background-color":"var(--ast-global-color-5)","background-image":"","background-repeat":"repeat","background-position":"center center","background-size":"auto","background-attachment":"scroll","background-type":"","background-media":"","overlay-type":"","overlay-color":"","overlay-opacity":"","overlay-gradient":""},"tablet":{"background-color":"var(--ast-global-color-5)","background-image":"","background-repeat":"repeat","background-position":"center center","background-size":"auto","background-attachment":"scroll","background-type":"","background-media":"","overlay-type":"","overlay-color":"","overlay-opacity":"","overlay-gradient":""},"mobile":{"background-color":"var(--ast-global-color-5)","background-image":"","background-repeat":"repeat","background-position":"center center","background-size":"auto","background-attachment":"scroll","background-type":"","background-media":"","overlay-type":"","overlay-color":"","overlay-opacity":"","overlay-gradient":""}},"footnotes":""},"class_list":["post-567","page","type-page","status-publish","hentry"],"_links":{"self":[{"href":"https:\/\/dropshippingb2b.com\/sv\/wp-json\/wp\/v2\/pages\/567","targetHints":{"allow":["GET"]}}],"collection":[{"href":"https:\/\/dropshippingb2b.com\/sv\/wp-json\/wp\/v2\/pages"}],"about":[{"href":"https:\/\/dropshippingb2b.com\/sv\/wp-json\/wp\/v2\/types\/page"}],"author":[{"embeddable":true,"href":"https:\/\/dropshippingb2b.com\/sv\/wp-json\/wp\/v2\/users\/1"}],"replies":[{"embeddable":true,"href":"https:\/\/dropshippingb2b.com\/sv\/wp-json\/wp\/v2\/comments?post=567"}],"version-history":[{"count":11,"href":"https:\/\/dropshippingb2b.com\/sv\/wp-json\/wp\/v2\/pages\/567\/revisions"}],"predecessor-version":[{"id":7052,"href":"https:\/\/dropshippingb2b.com\/sv\/wp-json\/wp\/v2\/pages\/567\/revisions\/7052"}],"wp:attachment":[{"href":"https:\/\/dropshippingb2b.com\/sv\/wp-json\/wp\/v2\/media?parent=567"}],"curies":[{"name":"wp","href":"https:\/\/api.w.org\/{rel}","templated":true}]}}