{"id":4907,"date":"2022-09-20T19:49:58","date_gmt":"2022-09-20T19:49:58","guid":{"rendered":"https:\/\/dsb2b.assemblyweb.net\/dropshipping"},"modified":"2022-10-07T14:28:58","modified_gmt":"2022-10-07T14:28:58","slug":"dropshipping","status":"publish","type":"page","link":"https:\/\/dropshippingb2b.com\/sv\/dropshipping","title":{"rendered":"Dropshipping"},"content":{"rendered":"\n<div class=\"wp-block-cover alignfull\" style=\"min-height:350px;aspect-ratio:unset;\"><span aria-hidden=\"true\" class=\"wp-block-cover__background has-background-dim-0 has-background-dim\"><\/span><img loading=\"lazy\" decoding=\"async\" width=\"1200\" height=\"1600\" class=\"wp-block-cover__image-background wp-image-2834\" alt=\"\" src=\"https:\/\/dropshippingb2b.com\/wp-content\/uploads\/2022\/01\/wwtech-portada-duotone.jpg\" data-object-fit=\"cover\" srcset=\"https:\/\/dropshippingb2b.com\/wp-content\/uploads\/2022\/01\/wwtech-portada-duotone.jpg 1200w, https:\/\/dropshippingb2b.com\/wp-content\/uploads\/2022\/01\/wwtech-portada-duotone-225x300.jpg 225w, https:\/\/dropshippingb2b.com\/wp-content\/uploads\/2022\/01\/wwtech-portada-duotone-768x1024.jpg 768w, https:\/\/dropshippingb2b.com\/wp-content\/uploads\/2022\/01\/wwtech-portada-duotone-1152x1536.jpg 1152w, https:\/\/dropshippingb2b.com\/wp-content\/uploads\/2022\/01\/wwtech-portada-duotone-300x400.jpg 300w\" sizes=\"auto, (max-width: 1200px) 100vw, 1200px\" \/><div class=\"wp-block-cover__inner-container is-layout-flow wp-block-cover-is-layout-flow\">\n<h2 class=\"has-text-color has-huge-font-size wp-block-heading\" style=\"color:#ffffff\"><strong>Hur det fungerar<\/strong><\/h2>\n\n\n\n<h4 class=\"has-text-color has-huge-font-size wp-block-heading\" style=\"color:#ffffff\">Praktisk och snabb guide f\u00f6r att ta reda p\u00e5 vad dropshipping \u00e4r och hur det fungerar<\/h4>\n<\/div><\/div>\n\n\n\n<div class=\"inherit-container-width wp-block-group alignfull has-background is-layout-constrained wp-block-group-is-layout-constrained\" style=\"background-color:#f6f6f6\"><div class=\"wp-block-group__inner-container\">\n<div class=\"inherit-container-width wp-block-group has-background is-layout-constrained wp-block-group-is-layout-constrained\" style=\"background-color:#ffffff\"><div class=\"wp-block-group__inner-container\">\n<p>Drop Shipping \u00e4r en f\u00f6rs\u00e4ljningsmodell som g\u00f6r B2C \u00e5terf\u00f6rs\u00e4ljare att expandera sina produkter erbjuder utan investeringar och utan att beh\u00f6va ta itu med logistik och sj\u00f6fartsfr\u00e5gor .<\/p>\n\n\n\n<p>WWTech s.r.l. erbjuder b\u00e5de en integrerad leverant\u00f6rer katalog nedladdningstj\u00e4nst och en webbaserad plattform d\u00e4r du vill placera individuella best\u00e4llningar som ska levereras i Drop Shipping direkt till privatkunder.<\/p>\n\n\n\n<figure class=\"wp-block-embed is-type-video is-provider-youtube wp-block-embed-youtube wp-embed-aspect-16-9 wp-has-aspect-ratio\"><div class=\"wp-block-embed__wrapper\">\n<div class=\"ast-oembed-container \" style=\"height: 100%;\"><iframe loading=\"lazy\" title=\"\u200bDropshipping orologi, bigiotteria &amp; accessori moda by WWT\" width=\"500\" height=\"281\" src=\"https:\/\/www.youtube.com\/embed\/RHtsBEoeL9U?feature=oembed\" frameborder=\"0\" allow=\"accelerometer; autoplay; clipboard-write; encrypted-media; gyroscope; picture-in-picture; web-share\" referrerpolicy=\"strict-origin-when-cross-origin\" allowfullscreen><\/iframe><\/div>\n<\/div><\/figure>\n<\/div><\/div>\n\n\n\n<div style=\"height:20px\" aria-hidden=\"true\" class=\"wp-block-spacer\"><\/div>\n\n\n\n<div class=\"inherit-container-width wp-block-group has-background is-layout-constrained wp-block-group-is-layout-constrained\" style=\"background-color:#ffffff\"><div class=\"wp-block-group__inner-container\">\n<h3 class=\"has-text-align-center wp-block-heading\"><strong>HUR Dropshipping servicearbete?<\/strong><\/h3>\n\n\n\n<h4 class=\"has-white-color has-text-color has-background wp-block-heading\" style=\"background-color:#e5742e\"><strong>1. <strong><strong>V\u00e4lj det abonnemang som b\u00e4ttre passar dig<\/strong><\/strong><\/strong><\/h4>\n\n\n\n<p>V\u00e5ra abonnemang \u00e4r utformade f\u00f6r att ge antingen en bastj\u00e4nst, perfekt f\u00f6r e-handel nystartade , eller en omfattande f\u00f6rpackning av tj\u00e4nster f\u00f6r att tillfredsst\u00e4lla mer kr\u00e4vande och strukturerade f\u00f6retag.<br>F\u00f6rutom m\u00f6jligheten att enkelt ut\u00f6ka din produktkatalog , erbjuder vi ocks\u00e5 m\u00f6jlighet att fullt ut integrera logistik och sj\u00f6fart f\u00f6r att ge en snabb och professionell service till dina privatkunder.<\/p>\n\n\n\n<div style=\"height:50px\" aria-hidden=\"true\" class=\"wp-block-spacer\"><\/div>\n\n\n\n<h4 class=\"has-white-color has-text-color has-background wp-block-heading\" style=\"background-color:#e5742e\"><strong><strong><strong>2. <strong>Ladda ner v\u00e5r katalog och ladda upp produkter till din butik p\u00e5 n\u00e4tet<\/strong><\/strong><\/strong><\/strong><\/h4>\n\n\n\n<p>Du kan ladda ner hela katalogen av produkter b\u00e5de manuellt (statisk fl\u00f6de: exportera CSV-filer, inklusive l\u00e4nkar till bilder, uppdateras var 2 timmar) eller automatiskt (live stream: genom API integration, uppdateras i realtid).<\/p>\n\n\n\n<div style=\"height:50px\" aria-hidden=\"true\" class=\"wp-block-spacer\"><\/div>\n\n\n\n<h4 class=\"has-white-color has-text-color has-background wp-block-heading\" style=\"background-color:#e5742e\"><strong><strong><strong><strong>3. <strong>\u00d6verf\u00f6r dina best\u00e4llningar<\/strong><\/strong><\/strong><\/strong><\/strong><\/h4>\n\n\n\n<p>Genom v\u00e5r plattform, kan du l\u00e4gga till produkter direkt till en parallell varukorg integreras till v\u00e5ra leverant\u00f6rer lager, med f\u00f6ljande f\u00f6rdelar:<br>&#8211; Verklig korg: produkter inmatade omedelbart bort fr\u00e5n leverant\u00f6rer tillg\u00e4nglighet f\u00f6r att s\u00e4kerst\u00e4lla en h\u00f6gre andel av tillfredsst\u00e4llelse, hindra andra anv\u00e4ndare att k\u00f6pa dem i v\u00e4ntan p\u00e5 bekr\u00e4ftelse. Operationen \u00e4r reversibel: produkterna kan avl\u00e4gsnas och \u00e5terins\u00e4ttas i tillg\u00e5ngen p\u00e5 katalogen,<br>&#8211; M\u00f6jligheten att ange en leveransadress f\u00f6r varje B2C order och l\u00e4gga till filer, (ex fakturor, promo kuponger, gratulationskort , etc..) f\u00f6r varje order finns intern meddelandetj\u00e4nst f\u00f6r att kommunicera p\u00e5 ett enkelt s\u00e4tt med logistik.<\/p>\n\n\n\n<div style=\"height:50px\" aria-hidden=\"true\" class=\"wp-block-spacer\"><\/div>\n\n\n\n<h4 class=\"has-white-color has-text-color has-background wp-block-heading\" style=\"background-color:#e5742e\"><strong><strong><strong><strong><strong>4. <strong>Fakturering<\/strong><\/strong><\/strong><\/strong><\/strong><\/strong><\/h4>\n\n\n\n<p>Alla dina B2C order kommer att grupperas i en enda B2B ordning, s\u00e5 att du kan f\u00e5 en faktura f\u00f6r din bekr\u00e4ftade order (eller efter behov), i syfte att f\u00f6renkla din bokf\u00f6ring och hantera snabb leverans.<\/p>\n<\/div><\/div>\n\n\n\n<div style=\"height:20px\" aria-hidden=\"true\" class=\"wp-block-spacer\"><\/div>\n\n\n\n<div class=\"inherit-container-width wp-block-group has-background is-layout-constrained wp-block-group-is-layout-constrained\" style=\"background-color:#ffffff\"><div class=\"wp-block-group__inner-container\">\n<h2 class=\"has-text-align-center wp-block-heading\">Prestashop<\/h2>\n\n\n\n<figure class=\"wp-block-image aligncenter size-full is-resized\"><img loading=\"lazy\" decoding=\"async\" src=\"https:\/\/dropshippingb2b.com\/wp-content\/uploads\/2022\/01\/logo_prestashop.jpg\" alt=\"\" class=\"wp-image-3503\" width=\"175\" height=\"113\" srcset=\"https:\/\/dropshippingb2b.com\/wp-content\/uploads\/2022\/01\/logo_prestashop.jpg 700w, https:\/\/dropshippingb2b.com\/wp-content\/uploads\/2022\/01\/logo_prestashop-300x193.jpg 300w\" sizes=\"auto, (max-width: 175px) 100vw, 175px\" \/><\/figure>\n\n\n\n<p>Vi kan utveckla ditt f\u00f6rsta e-handelsprojekt med ett av de b\u00e4sta och mest popul\u00e4ra CMS i Europa: PrestaShop.<br>Vi hj\u00e4lper dig att organisera din webbplats s\u00e5 att det g\u00e5r snabbt och enkelt att hantera dina kontakter och din f\u00f6rs\u00e4ljning.<br>Du beh\u00f6ver inte oroa dig f\u00f6r n\u00e5gonting, lita p\u00e5 oss och du kommer att f\u00e5 hela paketet f\u00f6r att b\u00f6rja anv\u00e4nda din e-handel.<br>Ocks\u00e5 tillg\u00e4ngligt \u00e4r utvecklingen av plugins f\u00f6r att integrera alla produkter fr\u00e5n WWT-katalogen till din webbplats.<\/p>\n\n\n\n<p>Om du redan har en e-handel utvecklad p\u00e5 PrestaShop-basis (b\u00e5de i version 1.6 och 1.7) kan du vara intresserad av att veta att vi tidigare har haft tv\u00e5 integrationsmoduler utvecklade av ett externt f\u00f6retag som g\u00f6r att du enkelt kan IMPORTERA alla produkter, f\u00f6r att EXPORTERA automatiskt best\u00e4llningarna till leverant\u00f6ren och hantera synligheten av kataloger, rabatter, vinstmarginaler och mycket mer!<\/p>\n\n\n\n<div class=\"inherit-container-width wp-block-group alignfull has-background is-layout-constrained wp-block-group-is-layout-constrained\" style=\"background-color:#fae4d6\"><div class=\"wp-block-group__inner-container\">\n<h3 class=\"has-text-align-center wp-block-heading\" style=\"text-transform:uppercase\">Tvivlar fortfarande?<\/h3>\n\n\n\n<p class=\"has-text-align-center\">Kolla in de vanligaste fr\u00e5gorna eller prata med n\u00e5gon av oss<\/p>\n\n\n\n<div class=\"wp-block-columns is-layout-flex wp-container-core-columns-is-layout-1 wp-block-columns-is-layout-flex\">\n<div class=\"wp-block-column is-vertically-aligned-center is-layout-flow wp-block-column-is-layout-flow\">\n<div class=\"wp-block-buttons is-horizontal is-content-justification-center is-layout-flex wp-container-core-buttons-is-layout-1 wp-block-buttons-is-layout-flex\">\n<div class=\"wp-block-button is-style-outline is-style-outline--1\"><a class=\"wp-block-button__link has-text-color\" href=\"\/sv\/faq\" style=\"color:#e5742e\">BES\u00d6K FAQEN<\/a><\/div>\n\n\n\n<div class=\"wp-block-button is-style-fill\"><a class=\"wp-block-button__link\" href=\"\/sv\/kontakta-oss\">KONTAKTA OSS<\/a><\/div>\n<\/div>\n<\/div>\n<\/div>\n<\/div><\/div>\n<\/div><\/div>\n<\/div><\/div>\n","protected":false},"excerpt":{"rendered":"<p>Drop Shipping \u00e4r en f\u00f6rs\u00e4ljningsmodell som g\u00f6r B2C \u00e5terf\u00f6rs\u00e4ljare att expandera sina produkter erbjuder utan investeringar och utan att beh\u00f6va ta itu med logistik och sj\u00f6fartsfr\u00e5gor . WWTech s.r.l. erbjuder b\u00e5de en integrerad leverant\u00f6rer katalog nedladdningstj\u00e4nst och en webbaserad plattform d\u00e4r du vill placera individuella best\u00e4llningar som ska levereras i Drop Shipping direkt till privatkunder. [&hellip;]<\/p>\n","protected":false},"author":1,"featured_media":0,"parent":0,"menu_order":0,"comment_status":"closed","ping_status":"closed","template":"","meta":{"inline_featured_image":false,"site-sidebar-layout":"default","site-content-layout":"page-builder","ast-site-content-layout":"","site-content-style":"default","site-sidebar-style":"default","ast-global-header-display":"","ast-banner-title-visibility":"","ast-main-header-display":"","ast-hfb-above-header-display":"","ast-hfb-below-header-display":"","ast-hfb-mobile-header-display":"","site-post-title":"disabled","ast-breadcrumbs-content":"","ast-featured-img":"","footer-sml-layout":"","theme-transparent-header-meta":"","adv-header-id-meta":"","stick-header-meta":"","header-above-stick-meta":"","header-main-stick-meta":"","header-below-stick-meta":"","astra-migrate-meta-layouts":"default","ast-page-background-enabled":"default","ast-page-background-meta":{"desktop":{"background-color":"","background-image":"","background-repeat":"repeat","background-position":"center center","background-size":"auto","background-attachment":"scroll","background-type":"","background-media":"","overlay-type":"","overlay-color":"","overlay-opacity":"","overlay-gradient":""},"tablet":{"background-color":"","background-image":"","background-repeat":"repeat","background-position":"center center","background-size":"auto","background-attachment":"scroll","background-type":"","background-media":"","overlay-type":"","overlay-color":"","overlay-opacity":"","overlay-gradient":""},"mobile":{"background-color":"","background-image":"","background-repeat":"repeat","background-position":"center center","background-size":"auto","background-attachment":"scroll","background-type":"","background-media":"","overlay-type":"","overlay-color":"","overlay-opacity":"","overlay-gradient":""}},"ast-content-background-meta":{"desktop":{"background-color":"var(--ast-global-color-5)","background-image":"","background-repeat":"repeat","background-position":"center center","background-size":"auto","background-attachment":"scroll","background-type":"","background-media":"","overlay-type":"","overlay-color":"","overlay-opacity":"","overlay-gradient":""},"tablet":{"background-color":"var(--ast-global-color-5)","background-image":"","background-repeat":"repeat","background-position":"center center","background-size":"auto","background-attachment":"scroll","background-type":"","background-media":"","overlay-type":"","overlay-color":"","overlay-opacity":"","overlay-gradient":""},"mobile":{"background-color":"var(--ast-global-color-5)","background-image":"","background-repeat":"repeat","background-position":"center center","background-size":"auto","background-attachment":"scroll","background-type":"","background-media":"","overlay-type":"","overlay-color":"","overlay-opacity":"","overlay-gradient":""}},"footnotes":""},"class_list":["post-4907","page","type-page","status-publish","hentry"],"_links":{"self":[{"href":"https:\/\/dropshippingb2b.com\/sv\/wp-json\/wp\/v2\/pages\/4907","targetHints":{"allow":["GET"]}}],"collection":[{"href":"https:\/\/dropshippingb2b.com\/sv\/wp-json\/wp\/v2\/pages"}],"about":[{"href":"https:\/\/dropshippingb2b.com\/sv\/wp-json\/wp\/v2\/types\/page"}],"author":[{"embeddable":true,"href":"https:\/\/dropshippingb2b.com\/sv\/wp-json\/wp\/v2\/users\/1"}],"replies":[{"embeddable":true,"href":"https:\/\/dropshippingb2b.com\/sv\/wp-json\/wp\/v2\/comments?post=4907"}],"version-history":[{"count":2,"href":"https:\/\/dropshippingb2b.com\/sv\/wp-json\/wp\/v2\/pages\/4907\/revisions"}],"predecessor-version":[{"id":5598,"href":"https:\/\/dropshippingb2b.com\/sv\/wp-json\/wp\/v2\/pages\/4907\/revisions\/5598"}],"wp:attachment":[{"href":"https:\/\/dropshippingb2b.com\/sv\/wp-json\/wp\/v2\/media?parent=4907"}],"curies":[{"name":"wp","href":"https:\/\/api.w.org\/{rel}","templated":true}]}}