{"id":3677,"date":"2022-09-22T00:52:59","date_gmt":"2022-09-22T00:52:59","guid":{"rendered":"https:\/\/dsb2b.assemblyweb.net\/?page_id=3677"},"modified":"2022-10-12T03:57:47","modified_gmt":"2022-10-12T03:57:47","slug":"faq","status":"publish","type":"page","link":"https:\/\/dropshippingb2b.com\/sv\/faq","title":{"rendered":"FAQ"},"content":{"rendered":"\n<div class=\"wp-block-cover alignfull\" style=\"min-height:350px;aspect-ratio:unset;\"><span aria-hidden=\"true\" class=\"wp-block-cover__background has-u-002-du-002-dast-global-color-0-background-color has-background-dim-0 has-background-dim\"><\/span><img loading=\"lazy\" decoding=\"async\" width=\"1200\" height=\"1600\" class=\"wp-block-cover__image-background wp-image-2834\" alt=\"\" src=\"https:\/\/dropshippingb2b.com\/wp-content\/uploads\/2022\/01\/wwtech-portada-duotone.jpg\" data-object-fit=\"cover\" srcset=\"https:\/\/dropshippingb2b.com\/wp-content\/uploads\/2022\/01\/wwtech-portada-duotone.jpg 1200w, https:\/\/dropshippingb2b.com\/wp-content\/uploads\/2022\/01\/wwtech-portada-duotone-225x300.jpg 225w, https:\/\/dropshippingb2b.com\/wp-content\/uploads\/2022\/01\/wwtech-portada-duotone-768x1024.jpg 768w, https:\/\/dropshippingb2b.com\/wp-content\/uploads\/2022\/01\/wwtech-portada-duotone-1152x1536.jpg 1152w, https:\/\/dropshippingb2b.com\/wp-content\/uploads\/2022\/01\/wwtech-portada-duotone-300x400.jpg 300w\" sizes=\"auto, (max-width: 1200px) 100vw, 1200px\" \/><div class=\"wp-block-cover__inner-container is-layout-flow wp-block-cover-is-layout-flow\">\n<div class=\"inherit-container-width wp-block-group is-layout-constrained wp-block-group-is-layout-constrained\"><div class=\"wp-block-group__inner-container\">\n<h2 class=\"has-text-align-left has-white-color has-text-color wp-block-heading\"><strong>Vanliga fr\u00e5gor<\/strong><\/h2>\n<\/div><\/div>\n<\/div><\/div>\n\n\n\n<div class=\"inherit-container-width wp-block-group alignfull has-background is-layout-constrained wp-block-group-is-layout-constrained\" style=\"background-color:#fafafa\"><div class=\"wp-block-group__inner-container\">\n<div class=\"inherit-container-width wp-block-group mt--50 has-background is-layout-constrained wp-block-group-is-layout-constrained\" style=\"background-color:#ffffff\"><div class=\"wp-block-group__inner-container\">\n<div class=\"wp-block-columns is-layout-flex wp-container-core-columns-is-layout-1 wp-block-columns-is-layout-flex\">\n<div class=\"wp-block-column is-layout-flow wp-block-column-is-layout-flow\">\n<div class=\"wp-block-pb-accordion-item c-accordion__item js-accordion-item no-js\" data-initially-open=\"false\" data-click-to-close=\"true\" data-auto-close=\"true\" data-scroll=\"false\" data-scroll-offset=\"0\"><h2 id=\"at-36770\" class=\"c-accordion__title js-accordion-controller\" role=\"button\"><strong>HUR FUNGERAR INTEGRATIONEN AV PRODUKTKATALOGEN?<\/strong><\/h2><div id=\"ac-36770\" class=\"c-accordion__content\">\n<p>Produktkatalogen (datafl\u00f6det) som vi passerar \u00e4r standard och kan d\u00e4rf\u00f6r integreras med vilket system som helst genom att utveckla ett gr\u00e4nssnitt.<br>Den finns tillg\u00e4nglig i fyra format: statisk fil (CSV, XML, JSON) som uppdateras av v\u00e5ra system varannan timme; LVE-str\u00f6m (API) uppdaterad i realtid<br>Vi rekommenderar generellt v\u00e5ra kunder att lita p\u00e5 IT-personalen inom deras f\u00f6retag eller utvecklaren som skapade webbplatsen eftersom varje system har sina egna funktioner<\/p>\n\n\n\n<div class=\"wp-block-buttons is-layout-flex wp-block-buttons-is-layout-flex\">\n<div class=\"wp-block-button is-style-fill\"><a class=\"wp-block-button__link\" href=\"\/sv\/data-flode\">H\u00e4r finns all information om det<\/a><\/div>\n<\/div>\n<\/div><\/div>\n\n\n\n<div class=\"wp-block-pb-accordion-item c-accordion__item js-accordion-item no-js\" data-initially-open=\"false\" data-click-to-close=\"true\" data-auto-close=\"true\" data-scroll=\"false\" data-scroll-offset=\"0\"><h2 id=\"at-36771\" class=\"c-accordion__title js-accordion-controller\" role=\"button\">VAD \u00c4R FRAKTKOSTNADERNA?<\/h2><div id=\"ac-36771\" class=\"c-accordion__content\">\n<p>Genom att prenumerera p\u00e5 <strong>DROPSHIPPING<\/strong>-prenumerationen kan du dra nytta av en tj\u00e4nst som heter &#8221;Turnkey&#8221; genom vilken leveranser g\u00f6rs i namn och p\u00e5 uppdrag av \u00e5terf\u00f6rs\u00e4ljaren men med hj\u00e4lp av v\u00e5ra budkoder.<br>P\u00e5 s\u00e5 s\u00e4tt kan du dra f\u00f6rdel av fasta priser g\u00e4llande kostnaden f\u00f6r frakt och logistisk bearbetning av paketen.<\/p>\n\n\n\n<div class=\"wp-block-buttons is-layout-flex wp-block-buttons-is-layout-flex\">\n<div class=\"wp-block-button is-style-fill\"><a class=\"wp-block-button__link\" href=\"\/sv\/logistik\">H\u00e4r finns all information om det<\/a><\/div>\n<\/div>\n<\/div><\/div>\n\n\n\n<div class=\"wp-block-pb-accordion-item c-accordion__item js-accordion-item no-js\" data-initially-open=\"false\" data-click-to-close=\"true\" data-auto-close=\"true\" data-scroll=\"false\" data-scroll-offset=\"0\"><h2 id=\"at-36772\" class=\"c-accordion__title js-accordion-controller\" role=\"button\">BEH\u00d6VER JAG REGISTRERA JAG F\u00d6R EN PRENUMERATION F\u00d6R ATT ARBETA MED DIG?<\/h2><div id=\"ac-36772\" class=\"c-accordion__content\">\n<p>Ja, det finns tv\u00e5 typer av prenumerationer: <strong>DATAFL\u00d6DE <\/strong>och <strong>DROPSHIPPING<\/strong><br>B\u00e5da ger dig tillg\u00e5ng till produktkatalogen, men:<\/p>\n\n\n\n<ul class=\"wp-block-list\"><li>med <strong>DATA FLOW<\/strong>-tj\u00e4nsten f\u00e5r du tillg\u00e5ng till grossistportalen och g\u00f6r en B2B-best\u00e4llning best\u00e5ende av alla artiklar du beh\u00f6ver; varorna skickas till kundens lager och d\u00e4rifr\u00e5n omdirigeras till slutanv\u00e4ndarna<\/li><\/ul>\n\n\n\n<ul class=\"wp-block-list\"><li>med <strong>DROPSHIPPING<\/strong>-prenumerationen f\u00e5r du tillg\u00e5ng till online-mjukvaran som vi har utvecklat (kallad DROPSHIPPING PLATFORM) som g\u00f6r att du kan l\u00e4gga en enda grossistorder med lika m\u00e5nga leveransadresser som det finns varor k\u00f6pta inom best\u00e4llningen; varje enskild produkt kommer att skickas till slutanv\u00e4ndaren direkt fr\u00e5n den externa logistik som vi samarbetar med.<\/li><\/ul>\n\n\n\n<div class=\"wp-block-buttons is-layout-flex wp-block-buttons-is-layout-flex\">\n<div class=\"wp-block-button is-style-fill\"><a class=\"wp-block-button__link\" href=\"\/sv\/vara-tjanster\">H\u00e4r finns all information om det<\/a><\/div>\n<\/div>\n\n\n\n<p>En av de viktigaste aspekterna \u00e4r gratistj\u00e4nsten: genom att n\u00e5 en f\u00f6rutbest\u00e4md minimioms\u00e4ttning under abonnemangskvartalet utf\u00e4rdas en kreditnota p\u00e5 de k\u00f6pta varorna p\u00e5 samma belopp som kostnaden f\u00f6r tj\u00e4nsten.<\/p>\n<\/div><\/div>\n\n\n\n<div class=\"wp-block-buttons is-layout-flex wp-block-buttons-is-layout-flex\"><\/div>\n\n\n\n<p><br><\/p>\n<\/div>\n\n\n\n<div class=\"wp-block-column is-layout-flow wp-block-column-is-layout-flow\">\n<div class=\"wp-block-pb-accordion-item c-accordion__item js-accordion-item no-js\" data-initially-open=\"false\" data-click-to-close=\"true\" data-auto-close=\"true\" data-scroll=\"false\" data-scroll-offset=\"0\"><h2 id=\"at-36773\" class=\"c-accordion__title js-accordion-controller\" role=\"button\"><strong>VILKA \u00c4R LEVERANSTIDERNA?<\/strong><\/h2><div id=\"ac-36773\" class=\"c-accordion__content\">\n<p>N\u00e4r det g\u00e4ller leveranstiderna beror dessa p\u00e5 kurirerna; vi anv\u00e4nder endast prim\u00e4ra kurirer som UPS, FedEx, DHL.<br>Mer information finns p\u00e5 deras hemsidor.<br>Det vi kan garantera \u00e4r hur snabbt en vara l\u00e4mnar v\u00e5rt lager; F\u00f6r att g\u00f6ra detta har vi delat in produkterna i tre kategorier baserat p\u00e5 tidpunkten f\u00f6r uppfyllandet:<br><strong>Rapid-produkter <\/strong>(r\u00f6d raketikon p\u00e5 sajten &#8211; speed_shipping 2 i datafl\u00f6det) finns i lager p\u00e5 v\u00e5rt lager och har en handl\u00e4ggningstid p\u00e5 24 timmar. Om du tar emot best\u00e4llningen f\u00f6re 12:00, skickas dessa produkter samma dag. Andelen skatteflykt \u00e4r lika med 100%.<br><strong>Standardfrakt:<\/strong> dessa produkter (bl\u00e5 sk\u00e5pbilsikon p\u00e5 sajten &#8211; speed_shipping 1 i datafl\u00f6det) finns i lager p\u00e5 externa lager och har en genomsnittlig handl\u00e4ggningstid p\u00e5 3\/5 arbetsdagar; Den genomsnittliga skatteflykten \u00e4r cirka 90%.<br><strong>L\u00e5ngsam frakt:<\/strong> dessa produkter (sk\u00f6ldpaddsikon &#8211; speed_shipping 0) ska best\u00e4llas fr\u00e5n moderbolaget och har en handl\u00e4ggningstid p\u00e5 10 arbetsdagar. Uppfyllelsen av dessa produkter \u00e4r inte 100% garanterad.<\/p>\n\n\n\n<div class=\"wp-block-buttons is-layout-flex wp-block-buttons-is-layout-flex\"><\/div>\n<\/div><\/div>\n\n\n\n<div class=\"wp-block-pb-accordion-item c-accordion__item js-accordion-item no-js\" data-initially-open=\"false\" data-click-to-close=\"true\" data-auto-close=\"true\" data-scroll=\"false\" data-scroll-offset=\"0\"><h2 id=\"at-36774\" class=\"c-accordion__title js-accordion-controller\" role=\"button\"><strong><strong>HUR FUNGERAR RETURER?<\/strong><\/strong><\/h2><div id=\"ac-36774\" class=\"c-accordion__content\">\n<p>Man b\u00f6r komma ih\u00e5g att B2B-avkastningsreglerna skiljer sig fr\u00e5n B2C-marknaden.<\/p>\n\n\n\n<div class=\"wp-block-buttons is-layout-flex wp-block-buttons-is-layout-flex\">\n<div class=\"wp-block-button is-style-fill\"><a class=\"wp-block-button__link\" href=\"\/sv\/returnerar\">V\u00e5r returpolicy finns h\u00e4r<\/a><\/div>\n<\/div>\n<\/div><\/div>\n\n\n\n<div class=\"wp-block-pb-accordion-item c-accordion__item js-accordion-item no-js\" data-initially-open=\"false\" data-click-to-close=\"true\" data-auto-close=\"true\" data-scroll=\"false\" data-scroll-offset=\"0\"><h2 id=\"at-36775\" class=\"c-accordion__title js-accordion-controller\" role=\"button\"><strong><strong>VAD \u00c4R HANTERINGSKOSTNADEN?<\/strong><\/strong><\/h2><div id=\"ac-36775\" class=\"c-accordion__content\">\n<p>Detta \u00e4r en hanteringskostnad som till\u00e4mpas p\u00e5 alla grossistordrar som har en totalsumma som \u00e4r l\u00e4gre \u00e4n ett f\u00f6rutbest\u00e4mt minimum; i v\u00e5rt fall \u00e4r det f\u00f6rutbest\u00e4mda minimumet \u20ac 300,00 och hanteringskostnaden \u20ac 20,00.<br>Genom att prenumerera p\u00e5 <strong>DATA FLOW<\/strong>-prenumerationen rabatteras denna kostnad med 50 % medan med <strong>DROPSHIPPING<\/strong>-tj\u00e4nsten med 100 %.<\/p>\n\n\n\n<div class=\"wp-block-buttons is-layout-flex wp-block-buttons-is-layout-flex\"><\/div>\n<\/div><\/div>\n<\/div>\n<\/div>\n<\/div><\/div>\n<\/div><\/div>\n\n\n\n<div class=\"inherit-container-width wp-block-group alignfull has-background is-layout-constrained wp-block-group-is-layout-constrained\" style=\"background-color:#fae4d6\"><div class=\"wp-block-group__inner-container\">\n<h3 class=\"has-text-align-center wp-block-heading\" style=\"text-transform:uppercase\">Tvivlar fortfarande?<\/h3>\n\n\n\n<p class=\"has-text-align-center\">Kolla in de vanligaste fr\u00e5gorna eller prata med n\u00e5gon av oss<\/p>\n\n\n\n<div class=\"wp-block-columns is-layout-flex wp-container-core-columns-is-layout-2 wp-block-columns-is-layout-flex\">\n<div class=\"wp-block-column is-vertically-aligned-center is-layout-flow wp-block-column-is-layout-flow\">\n<div class=\"wp-block-buttons is-horizontal is-content-justification-center is-layout-flex wp-container-core-buttons-is-layout-8 wp-block-buttons-is-layout-flex\">\n<div class=\"wp-block-button is-style-outline is-style-outline--1\"><a class=\"wp-block-button__link has-text-color\" href=\"\/sv\/faq\" style=\"color:#e5742e\">BES\u00d6K FAQEN<\/a><\/div>\n\n\n\n<div class=\"wp-block-button is-style-fill\"><a class=\"wp-block-button__link\" href=\"\/sv\/kontakta-oss\">KONTAKTA OSS<\/a><\/div>\n<\/div>\n<\/div>\n<\/div>\n<\/div><\/div>\n","protected":false},"excerpt":{"rendered":"","protected":false},"author":1,"featured_media":0,"parent":0,"menu_order":0,"comment_status":"closed","ping_status":"closed","template":"","meta":{"inline_featured_image":false,"site-sidebar-layout":"default","site-content-layout":"plain-container","ast-site-content-layout":"","site-content-style":"default","site-sidebar-style":"default","ast-global-header-display":"","ast-banner-title-visibility":"","ast-main-header-display":"","ast-hfb-above-header-display":"","ast-hfb-below-header-display":"","ast-hfb-mobile-header-display":"","site-post-title":"disabled","ast-breadcrumbs-content":"","ast-featured-img":"","footer-sml-layout":"","theme-transparent-header-meta":"default","adv-header-id-meta":"","stick-header-meta":"","header-above-stick-meta":"","header-main-stick-meta":"","header-below-stick-meta":"","astra-migrate-meta-layouts":"default","ast-page-background-enabled":"default","ast-page-background-meta":{"desktop":{"background-color":"","background-image":"","background-repeat":"repeat","background-position":"center center","background-size":"auto","background-attachment":"scroll","background-type":"","background-media":"","overlay-type":"","overlay-color":"","overlay-opacity":"","overlay-gradient":""},"tablet":{"background-color":"","background-image":"","background-repeat":"repeat","background-position":"center center","background-size":"auto","background-attachment":"scroll","background-type":"","background-media":"","overlay-type":"","overlay-color":"","overlay-opacity":"","overlay-gradient":""},"mobile":{"background-color":"","background-image":"","background-repeat":"repeat","background-position":"center center","background-size":"auto","background-attachment":"scroll","background-type":"","background-media":"","overlay-type":"","overlay-color":"","overlay-opacity":"","overlay-gradient":""}},"ast-content-background-meta":{"desktop":{"background-color":"var(--ast-global-color-5)","background-image":"","background-repeat":"repeat","background-position":"center center","background-size":"auto","background-attachment":"scroll","background-type":"","background-media":"","overlay-type":"","overlay-color":"","overlay-opacity":"","overlay-gradient":""},"tablet":{"background-color":"var(--ast-global-color-5)","background-image":"","background-repeat":"repeat","background-position":"center center","background-size":"auto","background-attachment":"scroll","background-type":"","background-media":"","overlay-type":"","overlay-color":"","overlay-opacity":"","overlay-gradient":""},"mobile":{"background-color":"var(--ast-global-color-5)","background-image":"","background-repeat":"repeat","background-position":"center center","background-size":"auto","background-attachment":"scroll","background-type":"","background-media":"","overlay-type":"","overlay-color":"","overlay-opacity":"","overlay-gradient":""}},"footnotes":""},"class_list":["post-3677","page","type-page","status-publish","hentry"],"_links":{"self":[{"href":"https:\/\/dropshippingb2b.com\/sv\/wp-json\/wp\/v2\/pages\/3677","targetHints":{"allow":["GET"]}}],"collection":[{"href":"https:\/\/dropshippingb2b.com\/sv\/wp-json\/wp\/v2\/pages"}],"about":[{"href":"https:\/\/dropshippingb2b.com\/sv\/wp-json\/wp\/v2\/types\/page"}],"author":[{"embeddable":true,"href":"https:\/\/dropshippingb2b.com\/sv\/wp-json\/wp\/v2\/users\/1"}],"replies":[{"embeddable":true,"href":"https:\/\/dropshippingb2b.com\/sv\/wp-json\/wp\/v2\/comments?post=3677"}],"version-history":[{"count":4,"href":"https:\/\/dropshippingb2b.com\/sv\/wp-json\/wp\/v2\/pages\/3677\/revisions"}],"predecessor-version":[{"id":6035,"href":"https:\/\/dropshippingb2b.com\/sv\/wp-json\/wp\/v2\/pages\/3677\/revisions\/6035"}],"wp:attachment":[{"href":"https:\/\/dropshippingb2b.com\/sv\/wp-json\/wp\/v2\/media?parent=3677"}],"curies":[{"name":"wp","href":"https:\/\/api.w.org\/{rel}","templated":true}]}}