{"id":2198,"date":"2021-07-16T19:22:26","date_gmt":"2021-07-16T19:22:26","guid":{"rendered":"https:\/\/dsb2b.assemblyweb.net\/partner-it"},"modified":"2023-01-10T15:37:11","modified_gmt":"2023-01-10T14:37:11","slug":"partner-it","status":"publish","type":"page","link":"https:\/\/dropshippingb2b.com\/sv\/partner-it","title":{"rendered":"PARTNER IT"},"content":{"rendered":"\n<div class=\"wp-block-cover alignfull is-light\" style=\"min-height:350px;aspect-ratio:unset;\"><span aria-hidden=\"true\" class=\"wp-block-cover__background has-u-002-du-002-dast-global-color-6-background-color has-background-dim-0 has-background-dim\"><\/span><img loading=\"lazy\" decoding=\"async\" width=\"1200\" height=\"1600\" class=\"wp-block-cover__image-background wp-image-2834\" alt=\"\" src=\"https:\/\/dropshippingb2b.com\/wp-content\/uploads\/2022\/01\/wwtech-portada-duotone.jpg\" data-object-fit=\"cover\" srcset=\"https:\/\/dropshippingb2b.com\/wp-content\/uploads\/2022\/01\/wwtech-portada-duotone.jpg 1200w, https:\/\/dropshippingb2b.com\/wp-content\/uploads\/2022\/01\/wwtech-portada-duotone-225x300.jpg 225w, https:\/\/dropshippingb2b.com\/wp-content\/uploads\/2022\/01\/wwtech-portada-duotone-768x1024.jpg 768w, https:\/\/dropshippingb2b.com\/wp-content\/uploads\/2022\/01\/wwtech-portada-duotone-1152x1536.jpg 1152w, https:\/\/dropshippingb2b.com\/wp-content\/uploads\/2022\/01\/wwtech-portada-duotone-300x400.jpg 300w\" sizes=\"auto, (max-width: 1200px) 100vw, 1200px\" \/><div class=\"wp-block-cover__inner-container is-layout-flow wp-block-cover-is-layout-flow\">\n<h2 class=\"has-white-color has-text-color wp-block-heading\">Partner IT<\/h2>\n<\/div><\/div>\n\n\n\n<div class=\"inherit-container-width wp-block-group alignfull has-background is-layout-constrained wp-block-group-is-layout-constrained\" style=\"background-color:#f6f6f6\"><div class=\"wp-block-group__inner-container\">\n<div class=\"inherit-container-width wp-block-group mt--50 has-background is-layout-constrained wp-block-group-is-layout-constrained\" style=\"background-color:#ffffff\"><div class=\"wp-block-group__inner-container\">\n<figure class=\"wp-block-image alignwide size-large\"><img loading=\"lazy\" decoding=\"async\" width=\"1024\" height=\"335\" src=\"https:\/\/dropshippingb2b.com\/wp-content\/uploads\/2022\/09\/dropshipping_partnership_en-1024x335.png\" alt=\"\" class=\"wp-image-4628\" srcset=\"https:\/\/dropshippingb2b.com\/wp-content\/uploads\/2022\/09\/dropshipping_partnership_en-1024x335.png 1024w, https:\/\/dropshippingb2b.com\/wp-content\/uploads\/2022\/09\/dropshipping_partnership_en-300x98.png 300w, https:\/\/dropshippingb2b.com\/wp-content\/uploads\/2022\/09\/dropshipping_partnership_en-768x251.png 768w, https:\/\/dropshippingb2b.com\/wp-content\/uploads\/2022\/09\/dropshipping_partnership_en.png 1200w\" sizes=\"auto, (max-width: 1024px) 100vw, 1024px\" \/><\/figure>\n\n\n\n<p>Vill du externisera integrationsutvecklingen hos oss?<br>Du har inget internt IT-team, eller f\u00f6redrar du helt enkelt att f\u00f6rlita dig p\u00e5 befintliga och testade l\u00f6sningar?<\/p>\n\n\n\n<h3 class=\"wp-block-heading\"><strong>Anf\u00f6rtro dig till en av v\u00e5ra partner!<\/strong><\/h3>\n\n\n\n<p>V\u00e5ra fl\u00f6den testas och anv\u00e4nds av dussintals kunder, \u00e4r standardfl\u00f6den, och de kan integreras av varje e-handel, men om ditt utvecklades p\u00e5 ett av de mest anv\u00e4nda CMS i v\u00e4rlden, har f\u00f6rmodligen n\u00e5gon redan gjort denna integration f\u00f6re dig : varf\u00f6r g\u00f6ra en ny utveckling n\u00e4r det antagligen redan finns en l\u00f6sning som kan g\u00f6ra det m\u00f6jligt f\u00f6r dig att b\u00f6rja omedelbart?<\/p>\n\n\n\n<p>Naturligtvis \u00e4r en skr\u00e4ddarsydd l\u00f6sning att f\u00f6redra f\u00f6r oberoende den erbjuder, eftersom den ger dig frihet att utveckla alternativet enligt din personliga aff\u00e4rsplan, men framf\u00f6r allt i uppstartsfasen kan det vara intressant att \u00f6verv\u00e4ga en av l\u00f6sningarna som redan finns p\u00e5 marknad: h\u00e4r nedan presenterar vi n\u00e5gra av dem.<\/p>\n<\/div><\/div>\n\n\n\n<div style=\"height:30px\" aria-hidden=\"true\" class=\"wp-block-spacer\"><\/div>\n\n\n\n<div class=\"inherit-container-width wp-block-group has-background is-layout-constrained wp-block-group-is-layout-constrained\" style=\"background-color:#ffffff\"><div class=\"wp-block-group__inner-container\">\n<h4 class=\"wp-block-heading\">Leverant\u00f6r:<\/h4>\n\n\n\n<figure class=\"wp-block-image aligncenter size-full\"><img loading=\"lazy\" decoding=\"async\" width=\"300\" height=\"85\" src=\"https:\/\/dropshippingb2b.com\/wp-content\/uploads\/2023\/01\/wwtech-10.jpg\" alt=\"\" class=\"wp-image-7324\"\/><\/figure>\n\n\n\n<p class=\"has-text-align-center\">WWTech s.r.l. c\/o <img decoding=\"async\" height=\"40px\" src=\"https:\/\/www.dropshippingb2b.com\/files\/logo_sellalab_footer.jpg\" alt=\"\"><br>Via Corradino Sella, 10<br>13900 Biella (BI)<\/p>\n\n\n\n<p class=\"has-text-align-center\">Tel <strong>+39-02-87.15.68.53 int. 4<\/strong> <br>Fax <strong>+39-02-87.15.27.41<\/strong><br>Skype <strong>dropshipping.wwtech<\/strong> <br>E-mail <strong>dropshipping@wwt.it<\/strong><\/p>\n\n\n\n<h4 class=\"wp-block-heading\"><strong>CMS som st\u00f6ds:<\/strong><\/h4>\n\n\n\n<figure class=\"wp-block-image aligncenter size-full is-resized\"><img loading=\"lazy\" decoding=\"async\" src=\"https:\/\/dropshippingb2b.com\/wp-content\/uploads\/2022\/01\/logo_prestashop.jpg\" alt=\"\" class=\"wp-image-3503\" width=\"175\" height=\"113\" srcset=\"https:\/\/dropshippingb2b.com\/wp-content\/uploads\/2022\/01\/logo_prestashop.jpg 700w, https:\/\/dropshippingb2b.com\/wp-content\/uploads\/2022\/01\/logo_prestashop-300x193.jpg 300w\" sizes=\"auto, (max-width: 175px) 100vw, 175px\" \/><\/figure>\n\n\n\n<h4 class=\"wp-block-heading\"><strong><strong>Vilket erbjudande:<\/strong><\/strong><\/h4>\n\n\n\n<p>Tv\u00e5 dedikerade moduler, en f\u00f6r att importera katalogprodukter + kategorier och varum\u00e4rkeshantering, b\u00e5de n\u00e4r det g\u00e4ller synlighet p\u00e5 din webbplats (VAD du ska s\u00e4lja) och prishantering (HUR MYCKET du ska s\u00e4lja). Tillg\u00e4nglig f\u00f6r Prestashop 1.6 (alla versioner) och 1.7 (alla versioner).<br>NBD-st\u00f6d (N\u00e4sta arbetsdag) ing\u00e5r det f\u00f6rsta \u00e5ret.<\/p>\n\n\n\n<div style=\"height:20px\" aria-hidden=\"true\" class=\"wp-block-spacer\"><\/div>\n\n\n\n<h4 class=\"wp-block-heading\">Hur mycket:<\/h4>\n\n\n\n<p>F\u00f6r en fast eng\u00e5ngskostnad erbjuder den det mest kompletta och kraftfulla integrationsverktyget p\u00e5 marknaden, testat med m\u00e5nga \u00e5rs erfarenhet och utvecklat av samma team som \u00f6vervakade alla Dropshipping-system f\u00f6r WWT: mer s\u00e4kerhet n\u00e4r det g\u00e4ller kompatibilitet!<\/p>\n\n\n\n<div style=\"height:20px\" aria-hidden=\"true\" class=\"wp-block-spacer\"><\/div>\n\n\n\n<h4 class=\"wp-block-heading\">Specialerbjudande:<\/h4>\n\n\n\n<h4 class=\"has-text-align-center wp-block-heading\">Module PrestaShop 1.6:&nbsp;<strong class=\"partner-bg-orange\">-50%<\/strong><\/h4>\n\n\n\n<ul class=\"wp-block-list\">\n<li>\u2714&nbsp;Modulimport av databasprodukter + Modulexportordrar:&nbsp;<strong>-20 %<\/strong><\/li>\n\n\n\n<li>\u2714&nbsp;Installation:&nbsp;<strong>ING\u00c5R<\/strong><\/li>\n\n\n\n<li>\u2714 Assistans: under det f\u00f6rsta kalender\u00e5ret&nbsp;<strong>GRATIS<\/strong><\/li>\n<\/ul>\n<\/div><\/div>\n\n\n\n<div style=\"height:30px\" aria-hidden=\"true\" class=\"wp-block-spacer\"><\/div>\n\n\n\n<div class=\"inherit-container-width wp-block-group has-background is-layout-constrained wp-block-group-is-layout-constrained\" style=\"background-color:#ffffff\"><div class=\"wp-block-group__inner-container\">\n<figure class=\"wp-block-image aligncenter size-large is-resized\"><img loading=\"lazy\" decoding=\"async\" src=\"https:\/\/dropshippingb2b.com\/wp-content\/uploads\/2022\/09\/syncee_logo_no_background-1024x576.png\" alt=\"\" class=\"wp-image-4697\" width=\"256\" height=\"144\" srcset=\"https:\/\/dropshippingb2b.com\/wp-content\/uploads\/2022\/09\/syncee_logo_no_background-1024x576.png 1024w, https:\/\/dropshippingb2b.com\/wp-content\/uploads\/2022\/09\/syncee_logo_no_background-300x169.png 300w, https:\/\/dropshippingb2b.com\/wp-content\/uploads\/2022\/09\/syncee_logo_no_background-768x432.png 768w, https:\/\/dropshippingb2b.com\/wp-content\/uploads\/2022\/09\/syncee_logo_no_background.png 1200w\" sizes=\"auto, (max-width: 256px) 100vw, 256px\" \/><\/figure>\n\n\n\n<p>Syncee.co \u00e4r en B2B-plattform f\u00f6r Dropshippers, leverant\u00f6rer och \u00e5terf\u00f6rs\u00e4ljare.<\/p>\n\n\n\n<p>Det hj\u00e4lper dig att hitta produkter du vill publicera i din webbutik, vilket g\u00f6r det m\u00f6jligt att v\u00e4lja bland m\u00e5nga p\u00e5litliga leverant\u00f6rer f\u00f6r att etablera ett l\u00e5ngvarigt partnerskap<br>Det g\u00f6r det m\u00f6jligt att hantera enkel och snabb uppladdning och uppdateringar.<\/p>\n\n\n\n<div style=\"height:20px\" aria-hidden=\"true\" class=\"wp-block-spacer\"><\/div>\n\n\n\n<div style=\"height:20px\" aria-hidden=\"true\" class=\"wp-block-spacer\"><\/div>\n\n\n\n<h4 class=\"wp-block-heading\"><strong>CMS som st\u00f6ds:<\/strong><\/h4>\n\n\n\n<figure class=\"wp-block-image aligncenter size-large\"><img loading=\"lazy\" decoding=\"async\" width=\"1024\" height=\"156\" src=\"https:\/\/dropshippingb2b.com\/wp-content\/uploads\/2022\/09\/syncee_cms-1024x156.png\" alt=\"\" class=\"wp-image-4710\" srcset=\"https:\/\/dropshippingb2b.com\/wp-content\/uploads\/2022\/09\/syncee_cms-1024x156.png 1024w, https:\/\/dropshippingb2b.com\/wp-content\/uploads\/2022\/09\/syncee_cms-300x46.png 300w, https:\/\/dropshippingb2b.com\/wp-content\/uploads\/2022\/09\/syncee_cms-768x117.png 768w, https:\/\/dropshippingb2b.com\/wp-content\/uploads\/2022\/09\/syncee_cms-1536x233.png 1536w, https:\/\/dropshippingb2b.com\/wp-content\/uploads\/2022\/09\/syncee_cms.png 1632w\" sizes=\"auto, (max-width: 1024px) 100vw, 1024px\" \/><\/figure>\n\n\n\n<div style=\"height:20px\" aria-hidden=\"true\" class=\"wp-block-spacer\"><\/div>\n\n\n\n<h4 class=\"wp-block-heading\"><strong><strong>Vilket erbjudande:<\/strong><\/strong><\/h4>\n\n\n\n<p>Brett sortiment av h\u00f6gkvalitativa produkter som enkelt och snabbt kan importeras till webbutiken.<\/p>\n\n\n\n<div style=\"height:20px\" aria-hidden=\"true\" class=\"wp-block-spacer\"><\/div>\n\n\n\n<h4 class=\"wp-block-heading\"><strong><strong><strong>Hur mycket:<\/strong><\/strong><\/strong><\/h4>\n\n\n\n<div style=\"height:20px\" aria-hidden=\"true\" class=\"wp-block-spacer\"><\/div>\n\n\n\n<p>Det finns olika m\u00e5nadsabonnemang f\u00f6r att tillfredsst\u00e4lla alla olika aff\u00e4rsbehov.<\/p>\n\n\n\n<div class=\"wp-block-buttons is-horizontal is-content-justification-center is-layout-flex wp-container-core-buttons-is-layout-1 wp-block-buttons-is-layout-flex\">\n<div class=\"wp-block-button is-style-fill\"><a class=\"wp-block-button__link wp-element-button\" href=\"https:\/\/syncee.co\/\" target=\"_blank\" rel=\"noreferrer noopener\">L\u00c4S MER P\u00c5 SYNCEE.CO<\/a><\/div>\n<\/div>\n\n\n\n<div style=\"height:30px\" aria-hidden=\"true\" class=\"wp-block-spacer\"><\/div>\n<\/div><\/div>\n\n\n\n<div style=\"height:30px\" aria-hidden=\"true\" class=\"wp-block-spacer\"><\/div>\n\n\n\n<div class=\"inherit-container-width wp-block-group has-background is-layout-constrained wp-block-group-is-layout-constrained\" style=\"background-color:#ffffff\"><div class=\"wp-block-group__inner-container\">\n<figure class=\"wp-block-image aligncenter size-full is-resized\"><img loading=\"lazy\" decoding=\"async\" src=\"https:\/\/dropshippingb2b.com\/wp-content\/uploads\/2022\/01\/logo_sellrapido_2020.png\" alt=\"\" class=\"wp-image-3522\" width=\"211\" height=\"104\" srcset=\"https:\/\/dropshippingb2b.com\/wp-content\/uploads\/2022\/01\/logo_sellrapido_2020.png 843w, https:\/\/dropshippingb2b.com\/wp-content\/uploads\/2022\/01\/logo_sellrapido_2020-300x147.png 300w, https:\/\/dropshippingb2b.com\/wp-content\/uploads\/2022\/01\/logo_sellrapido_2020-768x377.png 768w\" sizes=\"auto, (max-width: 211px) 100vw, 211px\" \/><\/figure>\n\n\n\n<p class=\"has-text-align-center\"><strong>S\u00c4LJ L\u00c4TT P\u00c5 ALLA MARKNADSPLATSER MED SELLRAPIDO <\/strong><br><strong>f\u00f6r dig exklusiv rabatt p\u00e5 20%!<\/strong><\/p>\n\n\n\n<p>Sedan idag finns det stora nyheter som \u00e4r anv\u00e4ndbara f\u00f6r att enkelt hantera alla dina aktiviteter p\u00e5 Amazon, eBay, Cdiscount och m\u00e5nga fler. Dropshipping har blivit Sellrapido-partner!<br>\u00c5terf\u00f6rs\u00e4ljning av v\u00e5ra produkter blir \u00e4nnu enklare: registrera dig f\u00f6r den h\u00e4r tj\u00e4nsten och b\u00f6rja tj\u00e4na omedelbart, tack vare m\u00f6jligheten att vara n\u00e4rvarande med din onlinebutik p\u00e5 flera plattformar.<\/p>\n\n\n\n<div style=\"height:20px\" aria-hidden=\"true\" class=\"wp-block-spacer\"><\/div>\n\n\n\n<div class=\"wp-block-buttons is-horizontal is-content-justification-center is-layout-flex wp-container-core-buttons-is-layout-2 wp-block-buttons-is-layout-flex\"><\/div>\n\n\n\n<div style=\"height:20px\" aria-hidden=\"true\" class=\"wp-block-spacer\"><\/div>\n\n\n\n<h4 class=\"wp-block-heading\">Leverant\u00f6r:<\/h4>\n\n\n\n<p class=\"has-text-align-center\">Sellrapido s.r.l.<br>via Montello 18, 40131 Bologna | P.IVA: 03270551207<br>tel <strong>+39-051-0217133<\/strong><\/p>\n\n\n\n<div style=\"height:20px\" aria-hidden=\"true\" class=\"wp-block-spacer\"><\/div>\n\n\n\n<h4 class=\"wp-block-heading\"><strong>CMS som st\u00f6ds:<\/strong><\/h4>\n\n\n\n<figure class=\"wp-block-image aligncenter size-large is-resized\"><img loading=\"lazy\" decoding=\"async\" src=\"https:\/\/dropshippingb2b.com\/wp-content\/uploads\/2022\/01\/sellrapido_cms-1024x134.png\" alt=\"\" class=\"wp-image-3580\" width=\"512\" height=\"67\" srcset=\"https:\/\/dropshippingb2b.com\/wp-content\/uploads\/2022\/01\/sellrapido_cms-1024x134.png 1024w, https:\/\/dropshippingb2b.com\/wp-content\/uploads\/2022\/01\/sellrapido_cms-300x39.png 300w, https:\/\/dropshippingb2b.com\/wp-content\/uploads\/2022\/01\/sellrapido_cms-768x100.png 768w, https:\/\/dropshippingb2b.com\/wp-content\/uploads\/2022\/01\/sellrapido_cms.png 1200w\" sizes=\"auto, (max-width: 512px) 100vw, 512px\" \/><\/figure>\n\n\n\n<div style=\"height:20px\" aria-hidden=\"true\" class=\"wp-block-spacer\"><\/div>\n\n\n\n<h4 class=\"wp-block-heading\"><strong><strong>Marknadsplats som st\u00f6ds:<\/strong><\/strong><\/h4>\n\n\n\n<figure class=\"wp-block-image aligncenter size-large is-resized\"><img loading=\"lazy\" decoding=\"async\" src=\"https:\/\/dropshippingb2b.com\/wp-content\/uploads\/2022\/01\/sellrapido_marketplace-1024x106.png\" alt=\"\" class=\"wp-image-3593\" width=\"768\" height=\"80\" srcset=\"https:\/\/dropshippingb2b.com\/wp-content\/uploads\/2022\/01\/sellrapido_marketplace-1024x106.png 1024w, https:\/\/dropshippingb2b.com\/wp-content\/uploads\/2022\/01\/sellrapido_marketplace-300x31.png 300w, https:\/\/dropshippingb2b.com\/wp-content\/uploads\/2022\/01\/sellrapido_marketplace-768x79.png 768w, https:\/\/dropshippingb2b.com\/wp-content\/uploads\/2022\/01\/sellrapido_marketplace.png 1200w\" sizes=\"auto, (max-width: 768px) 100vw, 768px\" \/><\/figure>\n\n\n\n<h4 class=\"wp-block-heading\"><strong><strong>Vilket erbjudande:<\/strong><\/strong><\/h4>\n\n\n\n<p><a rel=\"noreferrer noopener\" href=\"https:\/\/www.sellrapido.com\/\" target=\"_blank\">SellRapido<\/a> \u00e4r en extremt enkel och enkel att anv\u00e4nda, skapad f\u00f6r att l\u00f6sa objektiva problem f\u00f6r de som har en webbutik.<br>Att hantera e-handel p\u00e5 flera marknadsplatser kan vara sv\u00e5rt: Det \u00e4r n\u00f6dv\u00e4ndigt att kopiera och klistra in data p\u00e5 flera &nbsp;resurser, ofta mycket olika varandra; hantera produktdatablad, priser, kampanjer och villkor;frakt och fakturering. Allt detta med SellRapido kan hanteras under ett unikt gr\u00e4nssnitt<\/p>\n\n\n\n<div style=\"height:20px\" aria-hidden=\"true\" class=\"wp-block-spacer\"><\/div>\n\n\n\n<h4 class=\"wp-block-heading\"><strong><strong><strong>Hur mycket:<\/strong><\/strong><\/strong><\/h4>\n\n\n\n<figure class=\"wp-block-image aligncenter size-large\"><img loading=\"lazy\" decoding=\"async\" width=\"1024\" height=\"350\" src=\"https:\/\/dropshippingb2b.com\/wp-content\/uploads\/2022\/09\/sellrapido_price-en-1024x350.jpeg\" alt=\"\" class=\"wp-image-4642\" srcset=\"https:\/\/dropshippingb2b.com\/wp-content\/uploads\/2022\/09\/sellrapido_price-en-1024x350.jpeg 1024w, https:\/\/dropshippingb2b.com\/wp-content\/uploads\/2022\/09\/sellrapido_price-en-300x103.jpeg 300w, https:\/\/dropshippingb2b.com\/wp-content\/uploads\/2022\/09\/sellrapido_price-en-768x262.jpeg 768w, https:\/\/dropshippingb2b.com\/wp-content\/uploads\/2022\/09\/sellrapido_price-en.jpeg 1200w\" sizes=\"auto, (max-width: 1024px) 100vw, 1024px\" \/><\/figure>\n\n\n\n<div style=\"height:20px\" aria-hidden=\"true\" class=\"wp-block-spacer\"><\/div>\n\n\n\n<div class=\"wp-block-buttons is-horizontal is-content-justification-center is-layout-flex wp-container-core-buttons-is-layout-3 wp-block-buttons-is-layout-flex\">\n<div class=\"wp-block-button is-style-fill\"><a class=\"wp-block-button__link wp-element-button\" href=\"https:\/\/www.sellrapido.com\/\" target=\"_blank\" rel=\"noreferrer noopener\">L\u00c4S MER P\u00c5 SELLRAPIDO.COM<\/a><\/div>\n<\/div>\n\n\n\n<div style=\"height:30px\" aria-hidden=\"true\" class=\"wp-block-spacer\"><\/div>\n<\/div><\/div>\n\n\n\n<div style=\"height:30px\" aria-hidden=\"true\" class=\"wp-block-spacer\"><\/div>\n\n\n\n<div class=\"inherit-container-width wp-block-group has-background is-layout-constrained wp-block-group-is-layout-constrained\" style=\"background-color:#ffffff\"><div class=\"wp-block-group__inner-container\">\n<h4 class=\"wp-block-heading\">Leverant\u00f6r:<\/h4>\n\n\n\n<figure class=\"wp-block-image aligncenter size-full\"><img loading=\"lazy\" decoding=\"async\" width=\"250\" height=\"84\" src=\"https:\/\/dropshippingb2b.com\/wp-content\/uploads\/2022\/01\/import2shop_logo.png\" alt=\"\" class=\"wp-image-3621\"\/><\/figure>\n\n\n\n<p>Dropshipping \u00e4r stolta \u00f6ver att tillk\u00e4nnage partnerskapet med Import2shop, en startup baserad i Tyskland. Samarbetet kommer fr\u00e5n den gemensamma vision vi har att ge dig det b\u00e4sta av tekniken och p\u00e5 s\u00e5 s\u00e4tt underl\u00e4tta processen och valet av k\u00f6p f\u00f6r kunderna.<\/p>\n\n\n\n<p class=\"has-text-align-center\"><a rel=\"noreferrer noopener\" href=\"https:\/\/import2shop.com\/de\/\" target=\"_blank\">Import2shop<\/a><br>Rudolf-Breitscheid-Str. 2b Lauchhammer 01979<br>Tel: <strong>+ 49 3574 86 93 342 <\/strong><br>e-mail:&nbsp;<a href=\"mailto:support@import2shop.com\">support@import2shop.com<\/a><\/p>\n\n\n\n<h4 class=\"wp-block-heading\"><strong>CMS som st\u00f6ds:<\/strong><\/h4>\n\n\n\n<figure class=\"wp-block-image aligncenter size-large is-resized\"><img loading=\"lazy\" decoding=\"async\" src=\"https:\/\/dropshippingb2b.com\/wp-content\/uploads\/2022\/01\/Screenshot-2022-01-11-at-17.38.37-1024x293.png\" alt=\"\" class=\"wp-image-3634\" width=\"512\" height=\"147\" srcset=\"https:\/\/dropshippingb2b.com\/wp-content\/uploads\/2022\/01\/Screenshot-2022-01-11-at-17.38.37-1024x293.png 1024w, https:\/\/dropshippingb2b.com\/wp-content\/uploads\/2022\/01\/Screenshot-2022-01-11-at-17.38.37-300x86.png 300w, https:\/\/dropshippingb2b.com\/wp-content\/uploads\/2022\/01\/Screenshot-2022-01-11-at-17.38.37-768x220.png 768w, https:\/\/dropshippingb2b.com\/wp-content\/uploads\/2022\/01\/Screenshot-2022-01-11-at-17.38.37.png 1224w\" sizes=\"auto, (max-width: 512px) 100vw, 512px\" \/><\/figure>\n\n\n\n<h4 class=\"wp-block-heading\"><strong><strong>Vilket erbjudande:<\/strong><\/strong><\/h4>\n\n\n\n<p>F\u00f6rformaterade CSV-prislistor f\u00f6r &#8221;GAMBIO&#8221; CMS och integration med ebay-marknaden.<\/p>\n\n\n\n<div style=\"height:20px\" aria-hidden=\"true\" class=\"wp-block-spacer\"><\/div>\n\n\n\n<h4 class=\"wp-block-heading\"><strong><strong><strong>Hur mycket:<\/strong><\/strong><\/strong><\/h4>\n\n\n\n<p class=\"has-text-align-center\">ENG\u00c5NGSINSTALLATION 169,00\u20ac<br>M\u00c5NADSKOSTNAD 69,00\u20ac erbjuds ist\u00e4llet f\u00f6r 79,00\u20ac<\/p>\n\n\n\n<div style=\"height:20px\" aria-hidden=\"true\" class=\"wp-block-spacer\"><\/div>\n\n\n\n<div class=\"wp-block-buttons is-horizontal is-content-justification-center is-layout-flex wp-container-core-buttons-is-layout-4 wp-block-buttons-is-layout-flex\">\n<div class=\"wp-block-button\"><a class=\"wp-block-button__link wp-element-button\" href=\"https:\/\/import2shop.com\/\" target=\"_blank\" rel=\"noreferrer noopener\">HITTA MER P\u00c5 WEBBPLATSEN IMPORT2SHOP.COM<\/a><\/div>\n<\/div>\n\n\n\n<div style=\"height:30px\" aria-hidden=\"true\" class=\"wp-block-spacer\"><\/div>\n<\/div><\/div>\n\n\n\n<div class=\"inherit-container-width wp-block-group has-background is-layout-constrained wp-block-group-is-layout-constrained\" style=\"background-color:#ffffff\"><div class=\"wp-block-group__inner-container\"><\/div><\/div>\n<\/div><\/div>\n","protected":false},"excerpt":{"rendered":"<p>Vill du externisera integrationsutvecklingen hos oss?Du har inget internt IT-team, eller f\u00f6redrar du helt enkelt att f\u00f6rlita dig p\u00e5 befintliga och testade l\u00f6sningar? Anf\u00f6rtro dig till en av v\u00e5ra partner! V\u00e5ra fl\u00f6den testas och anv\u00e4nds av dussintals kunder, \u00e4r standardfl\u00f6den, och de kan integreras av varje e-handel, men om ditt utvecklades p\u00e5 ett av de [&hellip;]<\/p>\n","protected":false},"author":1,"featured_media":0,"parent":0,"menu_order":0,"comment_status":"closed","ping_status":"closed","template":"","meta":{"inline_featured_image":false,"site-sidebar-layout":"default","site-content-layout":"plain-container","ast-site-content-layout":"","site-content-style":"default","site-sidebar-style":"default","ast-global-header-display":"","ast-banner-title-visibility":"","ast-main-header-display":"","ast-hfb-above-header-display":"","ast-hfb-below-header-display":"","ast-hfb-mobile-header-display":"","site-post-title":"disabled","ast-breadcrumbs-content":"","ast-featured-img":"","footer-sml-layout":"","theme-transparent-header-meta":"default","adv-header-id-meta":"","stick-header-meta":"","header-above-stick-meta":"","header-main-stick-meta":"","header-below-stick-meta":"","astra-migrate-meta-layouts":"default","ast-page-background-enabled":"default","ast-page-background-meta":{"desktop":{"background-color":"","background-image":"","background-repeat":"repeat","background-position":"center center","background-size":"auto","background-attachment":"scroll","background-type":"","background-media":"","overlay-type":"","overlay-color":"","overlay-opacity":"","overlay-gradient":""},"tablet":{"background-color":"","background-image":"","background-repeat":"repeat","background-position":"center center","background-size":"auto","background-attachment":"scroll","background-type":"","background-media":"","overlay-type":"","overlay-color":"","overlay-opacity":"","overlay-gradient":""},"mobile":{"background-color":"","background-image":"","background-repeat":"repeat","background-position":"center center","background-size":"auto","background-attachment":"scroll","background-type":"","background-media":"","overlay-type":"","overlay-color":"","overlay-opacity":"","overlay-gradient":""}},"ast-content-background-meta":{"desktop":{"background-color":"var(--ast-global-color-5)","background-image":"","background-repeat":"repeat","background-position":"center center","background-size":"auto","background-attachment":"scroll","background-type":"","background-media":"","overlay-type":"","overlay-color":"","overlay-opacity":"","overlay-gradient":""},"tablet":{"background-color":"var(--ast-global-color-5)","background-image":"","background-repeat":"repeat","background-position":"center center","background-size":"auto","background-attachment":"scroll","background-type":"","background-media":"","overlay-type":"","overlay-color":"","overlay-opacity":"","overlay-gradient":""},"mobile":{"background-color":"var(--ast-global-color-5)","background-image":"","background-repeat":"repeat","background-position":"center center","background-size":"auto","background-attachment":"scroll","background-type":"","background-media":"","overlay-type":"","overlay-color":"","overlay-opacity":"","overlay-gradient":""}},"footnotes":""},"class_list":["post-2198","page","type-page","status-publish","hentry"],"_links":{"self":[{"href":"https:\/\/dropshippingb2b.com\/sv\/wp-json\/wp\/v2\/pages\/2198","targetHints":{"allow":["GET"]}}],"collection":[{"href":"https:\/\/dropshippingb2b.com\/sv\/wp-json\/wp\/v2\/pages"}],"about":[{"href":"https:\/\/dropshippingb2b.com\/sv\/wp-json\/wp\/v2\/types\/page"}],"author":[{"embeddable":true,"href":"https:\/\/dropshippingb2b.com\/sv\/wp-json\/wp\/v2\/users\/1"}],"replies":[{"embeddable":true,"href":"https:\/\/dropshippingb2b.com\/sv\/wp-json\/wp\/v2\/comments?post=2198"}],"version-history":[{"count":16,"href":"https:\/\/dropshippingb2b.com\/sv\/wp-json\/wp\/v2\/pages\/2198\/revisions"}],"predecessor-version":[{"id":7337,"href":"https:\/\/dropshippingb2b.com\/sv\/wp-json\/wp\/v2\/pages\/2198\/revisions\/7337"}],"wp:attachment":[{"href":"https:\/\/dropshippingb2b.com\/sv\/wp-json\/wp\/v2\/media?parent=2198"}],"curies":[{"name":"wp","href":"https:\/\/api.w.org\/{rel}","templated":true}]}}