{"id":1882,"date":"2021-07-16T18:57:17","date_gmt":"2021-07-16T18:57:17","guid":{"rendered":"https:\/\/dsb2b.assemblyweb.net\/returns"},"modified":"2022-10-26T10:22:46","modified_gmt":"2022-10-26T10:22:46","slug":"returnerar","status":"publish","type":"page","link":"https:\/\/dropshippingb2b.com\/sv\/returnerar","title":{"rendered":"Returnerar"},"content":{"rendered":"\n<div class=\"wp-block-cover alignfull\" style=\"min-height:350px;aspect-ratio:unset;\"><span aria-hidden=\"true\" class=\"wp-block-cover__background has-background-dim-0 has-background-dim\"><\/span><img loading=\"lazy\" decoding=\"async\" width=\"1200\" height=\"1600\" class=\"wp-block-cover__image-background wp-image-2834\" alt=\"\" src=\"https:\/\/dropshippingb2b.com\/wp-content\/uploads\/2022\/01\/wwtech-portada-duotone.jpg\" data-object-fit=\"cover\" srcset=\"https:\/\/dropshippingb2b.com\/wp-content\/uploads\/2022\/01\/wwtech-portada-duotone.jpg 1200w, https:\/\/dropshippingb2b.com\/wp-content\/uploads\/2022\/01\/wwtech-portada-duotone-225x300.jpg 225w, https:\/\/dropshippingb2b.com\/wp-content\/uploads\/2022\/01\/wwtech-portada-duotone-768x1024.jpg 768w, https:\/\/dropshippingb2b.com\/wp-content\/uploads\/2022\/01\/wwtech-portada-duotone-1152x1536.jpg 1152w, https:\/\/dropshippingb2b.com\/wp-content\/uploads\/2022\/01\/wwtech-portada-duotone-300x400.jpg 300w\" sizes=\"auto, (max-width: 1200px) 100vw, 1200px\" \/><div class=\"wp-block-cover__inner-container is-layout-flow wp-block-cover-is-layout-flow\">\n<h2 class=\"has-text-color wp-block-heading\" style=\"color:#ffffff\">Returnerar &amp; Dropshipping<\/h2>\n<\/div><\/div>\n\n\n\n<div class=\"inherit-container-width wp-block-group alignfull has-background is-layout-constrained wp-block-group-is-layout-constrained\" style=\"background-color:#f6f6f6\"><div class=\"wp-block-group__inner-container\">\n<div class=\"inherit-container-width wp-block-group has-white-background-color has-background is-layout-constrained wp-block-group-is-layout-constrained\"><div class=\"wp-block-group__inner-container\">\n<figure class=\"wp-block-image aligncenter size-large is-resized\"><img loading=\"lazy\" decoding=\"async\" src=\"https:\/\/dropshippingb2b.com\/wp-content\/uploads\/2022\/09\/infograph_refund_se-969x1024.png\" alt=\"\" class=\"wp-image-5269\" width=\"485\" height=\"512\" srcset=\"https:\/\/dropshippingb2b.com\/wp-content\/uploads\/2022\/09\/infograph_refund_se-969x1024.png 969w, https:\/\/dropshippingb2b.com\/wp-content\/uploads\/2022\/09\/infograph_refund_se-284x300.png 284w, https:\/\/dropshippingb2b.com\/wp-content\/uploads\/2022\/09\/infograph_refund_se-768x811.png 768w, https:\/\/dropshippingb2b.com\/wp-content\/uploads\/2022\/09\/infograph_refund_se-300x317.png 300w, https:\/\/dropshippingb2b.com\/wp-content\/uploads\/2022\/09\/infograph_refund_se.png 1136w\" sizes=\"auto, (max-width: 485px) 100vw, 485px\" \/><\/figure>\n\n\n\n<h4 class=\"has-text-align-center wp-block-heading\"><strong>Returnerar B2B vs B2C<\/strong><\/h4>\n\n\n\n<p>Vi p\u00e5minner dig om att arbeta som Dropshipping-s\u00e4ljare och s\u00e4ljare\/leverant\u00f6r av aff\u00e4rsrelationer f\u00f6ljer B2B-riktlinjer (business-to-business).<br><br>Returpolicyer \u00e4r desamma som du f\u00e5r vid k\u00f6p i grossistledet p\u00e5 webbplatsen du ska ansluta din dropshipping-verksamhet.<\/p>\n\n\n\n<div class=\"wp-block-buttons is-horizontal is-content-justification-center is-layout-flex wp-container-core-buttons-is-layout-1 wp-block-buttons-is-layout-flex\">\n<div class=\"wp-block-button\"><a class=\"wp-block-button__link\" href=\"https:\/\/www.wwt.it\/en\/info\/backorders-&amp;-returns\/backorders-returns\" target=\"_blank\" rel=\"noreferrer noopener\">L\u00e4s B2B-returpolicyerna<\/a><\/div>\n<\/div>\n\n\n\n<div style=\"height:30px\" aria-hidden=\"true\" class=\"wp-block-spacer\"><\/div>\n\n\n\n<p>\u00c4ven om alla produkter redan \u00e4r f\u00f6rem\u00e5l f\u00f6r en noggrann kontroll n\u00e4r vi f\u00e5r dem (f\u00f6r att undvika att ha defekta produkter i v\u00e5rt lager och inte fungerar), g\u00f6r logistik unikt f\u00f6r varor som s\u00e4ljs till dropshipping-order, f\u00f6r att bevilja alla produkterna \u00e4r under perfekta f\u00f6rh\u00e5llanden, inklusive att kontrollera att batteriet \u00e4r laddat (eftersom urladdning kan h\u00e4nda under tiden som lagras).<\/p>\n\n\n\n<p>Denna procedur har studerats f\u00f6r att vara dubbels\u00e4ker p\u00e5 att alltid skicka ut endast perfekta produkter till slutkunden, undvika tvister mellan leverant\u00f6r och s\u00e4ljare, eftersom ingen av dem faktiskt ser eller ber\u00f6r produkter som s\u00e4ljs. F\u00f6r att arbeta \u00e4r dropshipping kr\u00e4vs att du har fullt f\u00f6rtroende f\u00f6r det arbete som utf\u00f6rs av Logistik, kontroll och frakt av varor till slutkunder f\u00f6r s\u00e4ljaren.<\/p>\n\n\n\n<p>Baserat p\u00e5 tidigare erfarenheter har tyv\u00e4rr h\u00e4nt att vissa kunder har h\u00e4vdat att de har f\u00e5tt ett objekt som inte fungerar och till och med s\u00e4ger att det var en anv\u00e4ndning: detta kan absolut uteslutas med en typ av service vi tillhandah\u00e5ller, och varje s\u00e4ljare uppmanas att bes\u00f6ka v\u00e5r logistik p\u00e5 n\u00e4r som helst f\u00f6r att personligen verifiera kvaliteten och noggrannheten f\u00f6r den erbjudna tj\u00e4nsten, men p\u00e5 n\u00e5got s\u00e4tt accepterar vi att h\u00e5lla ansvar f\u00f6r klagom\u00e5l fr\u00e5n inte helt \u00e4rliga privata k\u00f6pare.<\/p>\n\n\n\n<ul class=\"wp-block-list\"><li>Om du g\u00f6r den riktiga och korrekta Dropshipping-tj\u00e4nsten, s\u00e5 att du skickar varor direkt till dina slutkunder, var v\u00e4nlig och p\u00e5minn om att returer inte kan skickas fr\u00e5n din privata kund till oss som leverant\u00f6r, men det m\u00e5ste returneras till s\u00e4ljaren (du) . Avtal mellan slutkund och s\u00e4ljare kommer att g\u00f6ras av dig och oavsett hur detta s\u00e5 sm\u00e5ningom skulle hanteras med grossistleverant\u00f6ren.<\/li><li>Om du ist\u00e4llet inte g\u00f6r direkt dropshipping men du f\u00e5r v\u00e5ra varor till din anl\u00e4ggning och skickar till dina kunder d\u00e4rifr\u00e5n, i h\u00e4ndelse av problem, var v\u00e4nlig p\u00e5minn dig (enligt returpolicyn enligt ovan) m\u00e5ste du informera oss s\u00e5 snart som m\u00f6jligt och i alla fall inom 8 dagar sedan goda tas emot.<\/li><\/ul>\n\n\n\n<p class=\"has-text-color has-background\" style=\"background-color:#fae3d4;color:#e5742e\"><strong><strong><strong>UPPMARKSAMHET!<\/strong>&nbsp;Vi p\u00e5minner om att B2B-reglerna skiljer sig fr\u00e5n B2C-marknaden. i synnerhet \u00e4r lagen om \u00e5ngerr\u00e4tt en norm som lagstiftaren t\u00e4nker f\u00f6r att skydda privata konsumenter och g\u00e4ller endast de senare.<\/strong><\/strong><\/p>\n\n\n\n<p><strong>PS:&nbsp;<\/strong>Med tanke p\u00e5 \u00f6msesidigt och kontinuerligt samarbete, om du skulle hantera ett antal avkastningar h\u00f6gre \u00e4n vad som kunde absorberas av ditt f\u00f6retag, \u00e4r v\u00e5rt f\u00f6retag fortfarande tillg\u00e4ngligt f\u00f6r att ibland utv\u00e4rdera ink\u00f6p av varor som \u00e5terl\u00e4mnats och \u00e5terf\u00f6rs\u00e4ljas p\u00e5 v\u00e5r kanal.<\/p>\n<\/div><\/div>\n<\/div><\/div>\n\n\n\n<div class=\"inherit-container-width wp-block-group alignfull has-background is-layout-constrained wp-block-group-is-layout-constrained\" style=\"background-color:#fae4d6\"><div class=\"wp-block-group__inner-container\">\n<h3 class=\"has-text-align-center wp-block-heading\" style=\"text-transform:uppercase\">Tvivlar fortfarande?<\/h3>\n\n\n\n<p class=\"has-text-align-center\">Kolla in de vanligaste fr\u00e5gorna eller prata med n\u00e5gon av oss<\/p>\n\n\n\n<div class=\"wp-block-columns is-layout-flex wp-container-core-columns-is-layout-1 wp-block-columns-is-layout-flex\">\n<div class=\"wp-block-column is-vertically-aligned-center is-layout-flow wp-block-column-is-layout-flow\">\n<div class=\"wp-block-buttons is-horizontal is-content-justification-center is-layout-flex wp-container-core-buttons-is-layout-2 wp-block-buttons-is-layout-flex\">\n<div class=\"wp-block-button is-style-outline is-style-outline--1\"><a class=\"wp-block-button__link has-text-color\" href=\"\/sv\/faq\" style=\"color:#e5742e\">BES\u00d6K FAQEN<\/a><\/div>\n\n\n\n<div class=\"wp-block-button is-style-fill\"><a class=\"wp-block-button__link\" href=\"\/sv\/kontakta-oss\">KONTAKTA OSS<\/a><\/div>\n<\/div>\n<\/div>\n<\/div>\n<\/div><\/div>\n","protected":false},"excerpt":{"rendered":"<p>Returnerar B2B vs B2C Vi p\u00e5minner dig om att arbeta som Dropshipping-s\u00e4ljare och s\u00e4ljare\/leverant\u00f6r av aff\u00e4rsrelationer f\u00f6ljer B2B-riktlinjer (business-to-business). Returpolicyer \u00e4r desamma som du f\u00e5r vid k\u00f6p i grossistledet p\u00e5 webbplatsen du ska ansluta din dropshipping-verksamhet. \u00c4ven om alla produkter redan \u00e4r f\u00f6rem\u00e5l f\u00f6r en noggrann kontroll n\u00e4r vi f\u00e5r dem (f\u00f6r att undvika att [&hellip;]<\/p>\n","protected":false},"author":1,"featured_media":0,"parent":0,"menu_order":0,"comment_status":"closed","ping_status":"closed","template":"","meta":{"inline_featured_image":false,"site-sidebar-layout":"default","site-content-layout":"plain-container","ast-site-content-layout":"","site-content-style":"default","site-sidebar-style":"default","ast-global-header-display":"","ast-banner-title-visibility":"","ast-main-header-display":"","ast-hfb-above-header-display":"","ast-hfb-below-header-display":"","ast-hfb-mobile-header-display":"","site-post-title":"disabled","ast-breadcrumbs-content":"","ast-featured-img":"","footer-sml-layout":"","theme-transparent-header-meta":"default","adv-header-id-meta":"","stick-header-meta":"","header-above-stick-meta":"","header-main-stick-meta":"","header-below-stick-meta":"","astra-migrate-meta-layouts":"default","ast-page-background-enabled":"default","ast-page-background-meta":{"desktop":{"background-color":"","background-image":"","background-repeat":"repeat","background-position":"center center","background-size":"auto","background-attachment":"scroll","background-type":"","background-media":"","overlay-type":"","overlay-color":"","overlay-opacity":"","overlay-gradient":""},"tablet":{"background-color":"","background-image":"","background-repeat":"repeat","background-position":"center center","background-size":"auto","background-attachment":"scroll","background-type":"","background-media":"","overlay-type":"","overlay-color":"","overlay-opacity":"","overlay-gradient":""},"mobile":{"background-color":"","background-image":"","background-repeat":"repeat","background-position":"center center","background-size":"auto","background-attachment":"scroll","background-type":"","background-media":"","overlay-type":"","overlay-color":"","overlay-opacity":"","overlay-gradient":""}},"ast-content-background-meta":{"desktop":{"background-color":"var(--ast-global-color-5)","background-image":"","background-repeat":"repeat","background-position":"center center","background-size":"auto","background-attachment":"scroll","background-type":"","background-media":"","overlay-type":"","overlay-color":"","overlay-opacity":"","overlay-gradient":""},"tablet":{"background-color":"var(--ast-global-color-5)","background-image":"","background-repeat":"repeat","background-position":"center center","background-size":"auto","background-attachment":"scroll","background-type":"","background-media":"","overlay-type":"","overlay-color":"","overlay-opacity":"","overlay-gradient":""},"mobile":{"background-color":"var(--ast-global-color-5)","background-image":"","background-repeat":"repeat","background-position":"center center","background-size":"auto","background-attachment":"scroll","background-type":"","background-media":"","overlay-type":"","overlay-color":"","overlay-opacity":"","overlay-gradient":""}},"footnotes":""},"class_list":["post-1882","page","type-page","status-publish","hentry"],"_links":{"self":[{"href":"https:\/\/dropshippingb2b.com\/sv\/wp-json\/wp\/v2\/pages\/1882","targetHints":{"allow":["GET"]}}],"collection":[{"href":"https:\/\/dropshippingb2b.com\/sv\/wp-json\/wp\/v2\/pages"}],"about":[{"href":"https:\/\/dropshippingb2b.com\/sv\/wp-json\/wp\/v2\/types\/page"}],"author":[{"embeddable":true,"href":"https:\/\/dropshippingb2b.com\/sv\/wp-json\/wp\/v2\/users\/1"}],"replies":[{"embeddable":true,"href":"https:\/\/dropshippingb2b.com\/sv\/wp-json\/wp\/v2\/comments?post=1882"}],"version-history":[{"count":8,"href":"https:\/\/dropshippingb2b.com\/sv\/wp-json\/wp\/v2\/pages\/1882\/revisions"}],"predecessor-version":[{"id":6489,"href":"https:\/\/dropshippingb2b.com\/sv\/wp-json\/wp\/v2\/pages\/1882\/revisions\/6489"}],"wp:attachment":[{"href":"https:\/\/dropshippingb2b.com\/sv\/wp-json\/wp\/v2\/media?parent=1882"}],"curies":[{"name":"wp","href":"https:\/\/api.w.org\/{rel}","templated":true}]}}