{"id":1324,"date":"2021-07-14T21:36:52","date_gmt":"2021-07-14T21:36:52","guid":{"rendered":"https:\/\/dsb2b.assemblyweb.net\/data-flow"},"modified":"2025-03-17T16:50:28","modified_gmt":"2025-03-17T15:50:28","slug":"data-flode","status":"publish","type":"page","link":"https:\/\/dropshippingb2b.com\/sv\/data-flode","title":{"rendered":"Data fl\u00f6de"},"content":{"rendered":"\n<div class=\"wp-block-cover alignfull\" style=\"min-height:350px;aspect-ratio:unset;\"><span aria-hidden=\"true\" class=\"wp-block-cover__background has-background-dim-0 has-background-dim\"><\/span><img loading=\"lazy\" decoding=\"async\" width=\"1200\" height=\"1600\" class=\"wp-block-cover__image-background wp-image-2834\" alt=\"\" src=\"https:\/\/dropshippingb2b.com\/wp-content\/uploads\/2022\/01\/wwtech-portada-duotone.jpg\" data-object-fit=\"cover\" srcset=\"https:\/\/dropshippingb2b.com\/wp-content\/uploads\/2022\/01\/wwtech-portada-duotone.jpg 1200w, https:\/\/dropshippingb2b.com\/wp-content\/uploads\/2022\/01\/wwtech-portada-duotone-225x300.jpg 225w, https:\/\/dropshippingb2b.com\/wp-content\/uploads\/2022\/01\/wwtech-portada-duotone-768x1024.jpg 768w, https:\/\/dropshippingb2b.com\/wp-content\/uploads\/2022\/01\/wwtech-portada-duotone-1152x1536.jpg 1152w, https:\/\/dropshippingb2b.com\/wp-content\/uploads\/2022\/01\/wwtech-portada-duotone-300x400.jpg 300w\" sizes=\"auto, (max-width: 1200px) 100vw, 1200px\" \/><div class=\"wp-block-cover__inner-container is-layout-flow wp-block-cover-is-layout-flow\">\n<h2 class=\"wp-block-heading has-text-color has-huge-font-size\" style=\"color:#ffffff\">Data fl\u00f6de<\/h2>\n<\/div><\/div>\n\n\n\n<div class=\"inherit-container-width wp-block-group alignfull has-background is-layout-constrained wp-block-group-is-layout-constrained\" style=\"background-color:#f6f6f6\"><div class=\"wp-block-group__inner-container\">\n<div class=\"inherit-container-width wp-block-group mt--50 has-background is-layout-constrained wp-block-group-is-layout-constrained\" style=\"background-color:#ffffff\"><div class=\"wp-block-group__inner-container\">\n<p>V\u00e5r katalog kan h\u00e4mtas manuellt (statisk fl\u00f6de: export CSV, XML, JSON-fil inklusive bilder l\u00e4nkar) eller automatiskt (live stream: API integration, uppdateras i realtid).<\/p>\n\n\n\n<p>Varje objekt har f\u00f6ljande uppgifter:<\/p>\n\n\n\n<ul class=\"wp-block-list custom-list\">\n<li>Br\u00e4nnm\u00e4rke<\/li>\n\n\n\n<li>SKU\/ID produkt<\/li>\n\n\n\n<li>Tillg\u00e4ngliga kvantiteten<\/li>\n\n\n\n<li>SRP (Rekommenderat pris)<\/li>\n\n\n\n<li>Rabatt<\/li>\n\n\n\n<li>Nettopris<\/li>\n\n\n\n<li>S\u00e4ndnings&nbsp;tidsplan<\/li>\n\n\n\n<li>Frakttidpunkt&nbsp;<\/li>\n\n\n\n<li>Ungef\u00e4rlig vikt<\/li>\n\n\n\n<li>L\u00e4nk med dubbla bilder: en ikon 120x120px och en h\u00f6guppl\u00f6st bild (vanligtvis fr\u00e5n 300 till 800 px f\u00f6r sida): b\u00e5da bilderna har samma inneh\u00e5ll om produkten s\u00e4ljs i standardl\u00e5da utan pryl \/ tillbeh\u00f6r; om produkten i st\u00e4llet har en specifik ruta eller gadget \u00e4r de tv\u00e5 bilderna olika (ikonen har bara objektet; storbild har ocks\u00e5 gadgeten). Dessutom har vissa m\u00e4rken inuti stora bilder specifika produktfunktioner ikoner<\/li>\n\n\n\n<li>Grupp: (exakt som du kan se p\u00e5 v\u00e5r grossistwebbplats) Klockor, Smycken, Solglas\u00f6gon och Accessoarer<\/li>\n\n\n\n<li>Kategori: Klara lagerklockor, Klara lagersmycken<\/li>\n<\/ul>\n\n\n\n<p>och f\u00f6ljande valfria f\u00e4lt:<\/p>\n\n\n\n<ul class=\"wp-block-list\">\n<li>EAN-kod (European Article Number), om tillg\u00e4nglig.<\/li>\n\n\n\n<li>Attribut: de viktigaste produktfunktionerna som &#8221;k\u00f6n&#8221;, &#8221;fallmaterial&#8221;, &#8221;vattent\u00e4t&#8221; och s\u00e5 vidare tillg\u00e4ngliga f\u00f6r alla &#8221;r\u00f6da raket&#8221; -objekt (leverant\u00f6r_id: 68) medan f\u00f6r produkter fr\u00e5n externa leverant\u00f6rer (skiljer sig fr\u00e5n leverant\u00f6r_id 68) kommer att vara tillg\u00e4ngligt unikt om \/ n\u00e4r leverant\u00f6r skickar dem till oss i hans datafl\u00f6de.&nbsp;<\/li>\n\n\n\n<li>GPSR krav: tillverkare och tillverkaransvarig<\/li>\n<\/ul>\n<\/div><\/div>\n\n\n\n<div style=\"height:30px\" aria-hidden=\"true\" class=\"wp-block-spacer\"><\/div>\n\n\n\n<div class=\"inherit-container-width wp-block-group has-background is-layout-constrained wp-block-group-is-layout-constrained\" style=\"background-color:#ffffff\"><div class=\"wp-block-group__inner-container\">\n<h3 class=\"wp-block-heading has-text-align-center\">H\u00e4r nedan \u00e4r de viktigaste skillnaderna mellan v\u00e5ra integrationssystem :<\/h3>\n\n\n\n<figure class=\"wp-block-image aligncenter size-full\"><img loading=\"lazy\" decoding=\"async\" width=\"432\" height=\"346\" src=\"https:\/\/dropshippingb2b.com\/wp-content\/uploads\/2022\/09\/api_vs_csv_en.png\" alt=\"\" class=\"wp-image-4295\" srcset=\"https:\/\/dropshippingb2b.com\/wp-content\/uploads\/2022\/09\/api_vs_csv_en.png 432w, https:\/\/dropshippingb2b.com\/wp-content\/uploads\/2022\/09\/api_vs_csv_en-300x240.png 300w\" sizes=\"auto, (max-width: 432px) 100vw, 432px\" \/><\/figure>\n<\/div><\/div>\n\n\n\n<div style=\"height:30px\" aria-hidden=\"true\" class=\"wp-block-spacer\"><\/div>\n\n\n\n<div class=\"inherit-container-width wp-block-group has-background is-layout-constrained wp-block-group-is-layout-constrained\" style=\"background-color:#ffffff\"><div class=\"wp-block-group__inner-container\">\n<h3 class=\"wp-block-heading has-text-align-center\">API <strong><strong>INTEGRATION<\/strong><\/strong><\/h3>\n\n\n\n<p>Det \u00e4r en dubbelriktad datafl\u00f6det g\u00f6r det m\u00f6jligt att:<\/p>\n\n\n\n<ul class=\"wp-block-list\">\n<li>l\u00e4s alla objekt \/ produkter databas uppdateras i realtid.<\/li>\n\n\n\n<li>automatiskt l\u00e4gga till enstaka objekt i korgen och sedan bekr\u00e4fta dem alla med en unik grossist f\u00f6r att Leverant\u00f6r.<\/li>\n<\/ul>\n\n\n\n<figure class=\"wp-block-image aligncenter size-full\"><img loading=\"lazy\" decoding=\"async\" width=\"601\" height=\"210\" src=\"https:\/\/dropshippingb2b.com\/wp-content\/uploads\/2022\/09\/schema_api_eng.jpeg\" alt=\"\" class=\"wp-image-4311\" srcset=\"https:\/\/dropshippingb2b.com\/wp-content\/uploads\/2022\/09\/schema_api_eng.jpeg 601w, https:\/\/dropshippingb2b.com\/wp-content\/uploads\/2022\/09\/schema_api_eng-300x105.jpeg 300w\" sizes=\"auto, (max-width: 601px) 100vw, 601px\" \/><\/figure>\n\n\n\n<p>Denna datafl\u00f6det systemintegration har utformats som en webbtj\u00e4nst och det kan integreras med n\u00e5gon programvara i JSON-format, oavsett vilket spr\u00e5k eller operativsystem.<\/p>\n\n\n\n<figure class=\"wp-block-image aligncenter size-full\"><img loading=\"lazy\" decoding=\"async\" width=\"735\" height=\"193\" src=\"https:\/\/dropshippingb2b.com\/wp-content\/uploads\/2022\/09\/api_schema1.jpeg\" alt=\"\" class=\"wp-image-4324\" srcset=\"https:\/\/dropshippingb2b.com\/wp-content\/uploads\/2022\/09\/api_schema1.jpeg 735w, https:\/\/dropshippingb2b.com\/wp-content\/uploads\/2022\/09\/api_schema1-300x79.jpeg 300w\" sizes=\"auto, (max-width: 735px) 100vw, 735px\" \/><\/figure>\n\n\n\n<p>En komplett handledare f\u00f6r full integration finns p\u00e5 f\u00f6ljande l\u00e4nk:<\/p>\n\n\n\n<div class=\"wp-block-buttons is-horizontal is-content-justification-center is-layout-flex wp-container-core-buttons-is-layout-1 wp-block-buttons-is-layout-flex\">\n<div class=\"wp-block-button\"><a class=\"wp-block-button__link wp-element-button\" href=\"https:\/\/dropshippingb2b.com\/api\/guide\/en\/\" target=\"_blank\" rel=\"noreferrer noopener\">KONTROLLERA DOKUMENTATIONEN &gt;<\/a><\/div>\n<\/div>\n<\/div><\/div>\n\n\n\n<div style=\"height:30px\" aria-hidden=\"true\" class=\"wp-block-spacer\"><\/div>\n\n\n\n<div class=\"inherit-container-width wp-block-group has-background is-layout-constrained wp-block-group-is-layout-constrained\" style=\"background-color:#ffffff\"><div class=\"wp-block-group__inner-container\">\n<h3 class=\"wp-block-heading has-text-align-center\">CSV EXPORT<\/h3>\n\n\n\n<p>F\u00f6rutom automatiskt system API integration (webbserver), finns det en CSV-export fil (kommaseparerade v\u00e4rden) som g\u00f6r det m\u00f6jligt att ladda ned katalogen manuellt.<\/p>\n\n\n\n<div style=\"height:20px\" aria-hidden=\"true\" class=\"wp-block-spacer\"><\/div>\n\n\n\n<p><meta charset=\"utf-8\">Systemet kommer att uppdatera katalogen varannan timme med denna struktur:<\/p>\n\n\n\n<figure class=\"wp-block-image size-large\"><img loading=\"lazy\" decoding=\"async\" width=\"1024\" height=\"75\" src=\"https:\/\/dropshippingb2b.com\/wp-content\/uploads\/2022\/01\/export_file-1024x75.png\" alt=\"\" class=\"wp-image-3272\" srcset=\"https:\/\/dropshippingb2b.com\/wp-content\/uploads\/2022\/01\/export_file-1024x75.png 1024w, https:\/\/dropshippingb2b.com\/wp-content\/uploads\/2022\/01\/export_file-300x22.png 300w, https:\/\/dropshippingb2b.com\/wp-content\/uploads\/2022\/01\/export_file-768x56.png 768w, https:\/\/dropshippingb2b.com\/wp-content\/uploads\/2022\/01\/export_file.png 1200w\" sizes=\"auto, (max-width: 1024px) 100vw, 1024px\" \/><\/figure>\n\n\n\n<p><meta charset=\"utf-8\">Efter att ha undertecknat den valda abonnemang, kommer vi att ge ditt anv\u00e4ndarnamn och l\u00f6senord f\u00f6r att f\u00e5 tillg\u00e5ng till v\u00e5r produktkatalog .<\/p>\n\n\n\n<p>Vid det h\u00e4r laget kommer att ha tv\u00e5 s\u00e4tt att ladda ner filen:<\/p>\n\n\n\n<ol class=\"wp-block-list\">\n<li>Manuellt genom att ansluta till&nbsp;<a rel=\"noreferrer noopener\" href=\"https:\/\/dropshippingb2b.com\/export\/\" target=\"_blank\">https:\/\/dropshippingb2b.com\/export\/<\/a><\/li>\n\n\n\n<li>Automatiskt genom en enkel CURL samtalet (framkallare).<\/li>\n<\/ol>\n\n\n\n<div style=\"height:30px\" aria-hidden=\"true\" class=\"wp-block-spacer\"><\/div>\n\n\n\n<h4 class=\"wp-block-heading has-text-align-left\"><strong>CURL call <strong>Exempel<\/strong><\/strong><\/h4>\n\n\n\n<pre class=\"wp-block-code\"><code lang=\"bash\" class=\"language-bash\">curl -k --data \"data=username%3DUSERNAME%26password%3DPASSWORD%26pid%3Dpid\" \nhttps:\/\/dropshippingb2b.com\/export\/csv.php     <\/code><\/pre>\n\n\n\n<div style=\"height:30px\" aria-hidden=\"true\" class=\"wp-block-spacer\"><\/div>\n\n\n\n<h4 class=\"wp-block-heading has-text-align-left\">PHP <strong>Exempel<\/strong><\/h4>\n\n\n\n<pre class=\"wp-block-code\"><code lang=\"php\" class=\"language-php\">&lt;?php\n\n$params = array(\"username\" =&gt; \"YOUR USERNAME\",\n                \"password\" =&gt; \"YOUR PASSWORD\",\n                \"pid\"      =&gt; \"YOUR PORTAL ID NUMBER\");\n   \n\/*  PORTAL ID\n1    wwt.it\n2    b2buhren.de\n4    marcaspararevenda.com\n6    marcasalmayor.es\n7    b2bwatches.co.uk\n8    b2bhodinky.cz\n9    b2bmontres.fr\n10   b2bhorloges.nl\n11   emporiorologion.gr\n13   atacadodemarcas.com.br\n14   b2bsk.sk\n15   klockorb2b.se\n16   markihurt.pl\n*\/   \n   \n$params = http_build_query($params);\n$data = array('data' =&gt; $params);\n$ch = curl_init();\n\ncurl_setopt($ch, CURLOPT_URL, 'https:\/\/dropshippingb2b.com\/export\/csv.php');\ncurl_setopt($ch, CURLOPT_SSLVERSION , CURL_SSLVERSION_TLSv1_2);\ncurl_setopt($ch, CURLOPT_SSL_VERIFYPEER,FALSE);\ncurl_setopt($ch, CURLOPT_SSL_VERIFYHOST,2);\ncurl_setopt($ch, CURLOPT_POST, 1);\ncurl_setopt($ch, CURLOPT_RETURNTRANSFER, 1);\ncurl_setopt($ch, CURLOPT_POSTFIELDS, $data);\n\n$ce = curl_exec($ch); \/\/ $ce contain call response\ncurl_close($ch);   \necho $ce; \n?&gt; <\/code><\/pre>\n\n\n\n<div style=\"height:30px\" aria-hidden=\"true\" class=\"wp-block-spacer\"><\/div>\n\n\n\n<h4 class=\"wp-block-heading has-text-align-left\">VB .NET <strong>Exempel<\/strong><\/h4>\n\n\n\n<pre class=\"wp-block-code\"><code lang=\"visual-basic\" class=\"language-visual-basic\">Imports System\nImports System.Net\nImports System.Web\n\n\nPublic Module Module1\n    Public Sub Main()\n         Using client As New WebClient\n            Dim result As String\n            client.Encoding = System.Text.Encoding.UTF8\n            client.Headers.Add(\"Content-Type\", \"application\/x-www-form-urlencoded\")\n            result = client.UploadString(\"https:\/\/dropshippingb2b.com\/export\/csv.php\", \"data=\"\n + HttpUtility.UrlEncode(\"username=USERNAME&amp;password=PASSWORD&amp;pid=PORTAL ID\"))\n            Console.WriteLine(result)\n        End Using\n    End Sub\nEnd Module<\/code><\/pre>\n\n\n\n<p>Obs! CSV-filen har ett f\u00e4lt i den sista kolumnen som heter &#8221;speed_shipping&#8221;. Detta f\u00e4lt indikerar varvtalsf\u00f6rs\u00e4ndelsen.<\/p>\n\n\n\n<ul class=\"wp-block-list\">\n<li><strong><strong>0 &#8211; L\u00e5ngsam leverans<\/strong><\/strong><\/li>\n<\/ul>\n\n\n\n<p>Denna produkt \u00e4r tillg\u00e4nglig fr\u00e5n den officiella distribut\u00f6ren. Det tar upp till 10 arbetsdagar f\u00f6r denna artikel och leveranserna \u00e4r inte 100% garanti. Vi f\u00f6resl\u00e5r starkt \u00e5terf\u00f6rs\u00e4ljare i dropshipping att INTE integrera dessa produkter i sina erbjudanden.<\/p>\n\n\n\n<ul class=\"wp-block-list\">\n<li><strong><strong>1 &#8211; Standard leverans<\/strong><\/strong><\/li>\n<\/ul>\n\n\n\n<p>Det h\u00e4r \u00e4r en produkt som lagras i ett annat lager \u00e4n Logistik som anv\u00e4nds f\u00f6r dropshipping (Delledonne s.r .. l.): Fraktkostnaden \u00e4r i genomsnitt 3 &#8211; 5 arbetsdagar och &#8221;order VS. Delivery&#8221; \u00e4r ca 95%. Beeing produkter fr\u00e5n externa partners \u00e4r lagerkontroll inte helt i h\u00e4nderna, f\u00f6r att \u00f6ka% av leveransf\u00f6rm\u00e5gan, rekommenderar vi starkt till \u00e5terf\u00f6rs\u00e4ljare i dropshipping-l\u00e4ge f\u00f6r att till\u00e4mpa ett filter &#8221;publicera om QTY&gt; X&#8221;, d\u00e4r &#8221;X&#8221; \u00e4r LAG v\u00e4rde (kolumn H i v\u00e5r CSV). Genom att g\u00f6ra det kommer \u00e5terf\u00f6rs\u00e4ljaren att besluta att minska antalet artiklar som erbjuds sina kunder f\u00f6r att \u00f6ka leveransf\u00f6rh\u00e5llandet.<\/p>\n\n\n\n<ul class=\"wp-block-list\">\n<li><strong><strong>2 &#8211; Snabb leverans<\/strong><\/strong><\/li>\n<\/ul>\n\n\n\n<p>Denna produkt skickas inom 24 &#8211; 48 timmar. &#8211; inte bara: best\u00e4llningar mottagna kl 12.00 kan fortfarande skickas p\u00e5 samma dag! Noggrannhet p\u00e5 dessa objekt \u00e4r 100%<\/p>\n\n\n\n<p>F\u00f6r att \u00e5terf\u00f6rs\u00e4ljare anv\u00e4nder externa marknadsplatser (Amazon, eBay, etc.) ist\u00e4llet f\u00f6r egna webbplatser, f\u00f6resl\u00e5r vi att korsning av kolumn M (id_supplier) och kolumn P (speed_shipping) v\u00e4rden, f\u00f6r att uppn\u00e5 en b\u00e4ttre deliverabilty%. Vi st\u00e5r till f\u00f6rfogande f\u00f6r att erbjuda dig f\u00f6rslag om hur du \u00f6verstiger filterdata baserat p\u00e5 varje enskild kunds behov.<\/p>\n<\/div><\/div>\n<\/div><\/div>\n\n\n\n<div class=\"inherit-container-width wp-block-group alignfull has-background is-layout-constrained wp-block-group-is-layout-constrained\" style=\"background-color:#fae4d6\"><div class=\"wp-block-group__inner-container\">\n<h3 class=\"has-text-align-center wp-block-heading\" style=\"text-transform:uppercase\">Tvivlar fortfarande?<\/h3>\n\n\n\n<p class=\"has-text-align-center\">Kolla in de vanligaste fr\u00e5gorna eller prata med n\u00e5gon av oss<\/p>\n\n\n\n<div class=\"wp-block-columns is-layout-flex wp-container-core-columns-is-layout-1 wp-block-columns-is-layout-flex\">\n<div class=\"wp-block-column is-vertically-aligned-center is-layout-flow wp-block-column-is-layout-flow\">\n<div class=\"wp-block-buttons is-horizontal is-content-justification-center is-layout-flex wp-container-core-buttons-is-layout-2 wp-block-buttons-is-layout-flex\">\n<div class=\"wp-block-button is-style-outline is-style-outline--1\"><a class=\"wp-block-button__link has-text-color\" href=\"\/sv\/faq\" style=\"color:#e5742e\">BES\u00d6K FAQEN<\/a><\/div>\n\n\n\n<div class=\"wp-block-button is-style-fill\"><a class=\"wp-block-button__link\" href=\"\/sv\/kontakta-oss\">KONTAKTA OSS<\/a><\/div>\n<\/div>\n<\/div>\n<\/div>\n<\/div><\/div>\n","protected":false},"excerpt":{"rendered":"<p>V\u00e5r katalog kan h\u00e4mtas manuellt (statisk fl\u00f6de: export CSV, XML, JSON-fil inklusive bilder l\u00e4nkar) eller automatiskt (live stream: API integration, uppdateras i realtid). Varje objekt har f\u00f6ljande uppgifter: och f\u00f6ljande valfria f\u00e4lt: H\u00e4r nedan \u00e4r de viktigaste skillnaderna mellan v\u00e5ra integrationssystem : API INTEGRATION Det \u00e4r en dubbelriktad datafl\u00f6det g\u00f6r det m\u00f6jligt att: Denna datafl\u00f6det [&hellip;]<\/p>\n","protected":false},"author":1,"featured_media":0,"parent":0,"menu_order":0,"comment_status":"closed","ping_status":"closed","template":"","meta":{"inline_featured_image":false,"site-sidebar-layout":"default","site-content-layout":"plain-container","ast-site-content-layout":"normal-width-container","site-content-style":"unboxed","site-sidebar-style":"unboxed","ast-global-header-display":"","ast-banner-title-visibility":"","ast-main-header-display":"","ast-hfb-above-header-display":"","ast-hfb-below-header-display":"","ast-hfb-mobile-header-display":"","site-post-title":"disabled","ast-breadcrumbs-content":"","ast-featured-img":"","footer-sml-layout":"","theme-transparent-header-meta":"default","adv-header-id-meta":"","stick-header-meta":"","header-above-stick-meta":"","header-main-stick-meta":"","header-below-stick-meta":"","astra-migrate-meta-layouts":"set","ast-page-background-enabled":"default","ast-page-background-meta":{"desktop":{"background-color":"","background-image":"","background-repeat":"repeat","background-position":"center center","background-size":"auto","background-attachment":"scroll","background-type":"","background-media":"","overlay-type":"","overlay-color":"","overlay-opacity":"","overlay-gradient":""},"tablet":{"background-color":"","background-image":"","background-repeat":"repeat","background-position":"center center","background-size":"auto","background-attachment":"scroll","background-type":"","background-media":"","overlay-type":"","overlay-color":"","overlay-opacity":"","overlay-gradient":""},"mobile":{"background-color":"","background-image":"","background-repeat":"repeat","background-position":"center center","background-size":"auto","background-attachment":"scroll","background-type":"","background-media":"","overlay-type":"","overlay-color":"","overlay-opacity":"","overlay-gradient":""}},"ast-content-background-meta":{"desktop":{"background-color":"var(--ast-global-color-5)","background-image":"","background-repeat":"repeat","background-position":"center center","background-size":"auto","background-attachment":"scroll","background-type":"","background-media":"","overlay-type":"","overlay-color":"","overlay-opacity":"","overlay-gradient":""},"tablet":{"background-color":"var(--ast-global-color-5)","background-image":"","background-repeat":"repeat","background-position":"center center","background-size":"auto","background-attachment":"scroll","background-type":"","background-media":"","overlay-type":"","overlay-color":"","overlay-opacity":"","overlay-gradient":""},"mobile":{"background-color":"var(--ast-global-color-5)","background-image":"","background-repeat":"repeat","background-position":"center center","background-size":"auto","background-attachment":"scroll","background-type":"","background-media":"","overlay-type":"","overlay-color":"","overlay-opacity":"","overlay-gradient":""}},"footnotes":""},"class_list":["post-1324","page","type-page","status-publish","hentry"],"_links":{"self":[{"href":"https:\/\/dropshippingb2b.com\/sv\/wp-json\/wp\/v2\/pages\/1324","targetHints":{"allow":["GET"]}}],"collection":[{"href":"https:\/\/dropshippingb2b.com\/sv\/wp-json\/wp\/v2\/pages"}],"about":[{"href":"https:\/\/dropshippingb2b.com\/sv\/wp-json\/wp\/v2\/types\/page"}],"author":[{"embeddable":true,"href":"https:\/\/dropshippingb2b.com\/sv\/wp-json\/wp\/v2\/users\/1"}],"replies":[{"embeddable":true,"href":"https:\/\/dropshippingb2b.com\/sv\/wp-json\/wp\/v2\/comments?post=1324"}],"version-history":[{"count":8,"href":"https:\/\/dropshippingb2b.com\/sv\/wp-json\/wp\/v2\/pages\/1324\/revisions"}],"predecessor-version":[{"id":8206,"href":"https:\/\/dropshippingb2b.com\/sv\/wp-json\/wp\/v2\/pages\/1324\/revisions\/8206"}],"wp:attachment":[{"href":"https:\/\/dropshippingb2b.com\/sv\/wp-json\/wp\/v2\/media?parent=1324"}],"curies":[{"name":"wp","href":"https:\/\/api.w.org\/{rel}","templated":true}]}}