{"id":1122,"date":"2021-07-13T21:57:05","date_gmt":"2021-07-13T21:57:05","guid":{"rendered":"https:\/\/dsb2b.assemblyweb.net\/web-platform"},"modified":"2023-02-04T17:03:31","modified_gmt":"2023-02-04T16:03:31","slug":"programvara-online","status":"publish","type":"page","link":"https:\/\/dropshippingb2b.com\/sv\/programvara-online","title":{"rendered":"Programvara online"},"content":{"rendered":"\n<div class=\"wp-block-cover alignfull\" style=\"min-height:350px;aspect-ratio:unset;\"><span aria-hidden=\"true\" class=\"wp-block-cover__background has-background-dim-0 has-background-dim\"><\/span><img loading=\"lazy\" decoding=\"async\" width=\"1200\" height=\"1600\" class=\"wp-block-cover__image-background wp-image-2834\" alt=\"\" src=\"https:\/\/dropshippingb2b.com\/wp-content\/uploads\/2022\/01\/wwtech-portada-duotone.jpg\" data-object-fit=\"cover\" srcset=\"https:\/\/dropshippingb2b.com\/wp-content\/uploads\/2022\/01\/wwtech-portada-duotone.jpg 1200w, https:\/\/dropshippingb2b.com\/wp-content\/uploads\/2022\/01\/wwtech-portada-duotone-225x300.jpg 225w, https:\/\/dropshippingb2b.com\/wp-content\/uploads\/2022\/01\/wwtech-portada-duotone-768x1024.jpg 768w, https:\/\/dropshippingb2b.com\/wp-content\/uploads\/2022\/01\/wwtech-portada-duotone-1152x1536.jpg 1152w, https:\/\/dropshippingb2b.com\/wp-content\/uploads\/2022\/01\/wwtech-portada-duotone-300x400.jpg 300w\" sizes=\"auto, (max-width: 1200px) 100vw, 1200px\" \/><div class=\"wp-block-cover__inner-container is-layout-flow wp-block-cover-is-layout-flow\">\n<h2 class=\"has-text-color has-huge-font-size wp-block-heading\" style=\"color:#ffffff\"><strong>Programvara online: Plattformen<\/strong><\/h2>\n<\/div><\/div>\n\n\n\n<div class=\"inherit-container-width wp-block-group alignfull has-background is-layout-constrained wp-block-group-is-layout-constrained\" style=\"background-color:#f6f6f6\"><div class=\"wp-block-group__inner-container\">\n<div class=\"inherit-container-width wp-block-group has-background is-layout-constrained wp-block-group-is-layout-constrained\" style=\"background-color:#ffffff\"><div class=\"wp-block-group__inner-container\">\n<h3 class=\"has-text-align-center wp-block-heading\">Skillnader grossistsajt VS Dropshipping plattform<br><\/h3>\n\n\n\n<figure class=\"wp-block-image aligncenter size-large is-resized\"><img loading=\"lazy\" decoding=\"async\" src=\"https:\/\/dropshippingb2b.com\/wp-content\/uploads\/2022\/09\/ingrosso_vs_piattaforma_en-1024x604.png\" alt=\"\" class=\"wp-image-4276\" width=\"768\" height=\"453\" srcset=\"https:\/\/dropshippingb2b.com\/wp-content\/uploads\/2022\/09\/ingrosso_vs_piattaforma_en-1024x604.png 1024w, https:\/\/dropshippingb2b.com\/wp-content\/uploads\/2022\/09\/ingrosso_vs_piattaforma_en-300x177.png 300w, https:\/\/dropshippingb2b.com\/wp-content\/uploads\/2022\/09\/ingrosso_vs_piattaforma_en-768x453.png 768w, https:\/\/dropshippingb2b.com\/wp-content\/uploads\/2022\/09\/ingrosso_vs_piattaforma_en.png 1200w\" sizes=\"auto, (max-width: 768px) 100vw, 768px\" \/><\/figure>\n<\/div><\/div>\n\n\n\n<div style=\"height:20px\" aria-hidden=\"true\" class=\"wp-block-spacer\"><\/div>\n\n\n\n<div class=\"inherit-container-width wp-block-group has-background is-layout-constrained wp-block-group-is-layout-constrained\" style=\"background-color:#ffffff\"><div class=\"wp-block-group__inner-container\">\n<h3 class=\"has-text-align-center wp-block-heading\">Video handledning<\/h3>\n\n\n\n<p class=\"has-text-align-center\"><strong>YOUTUBE TUTORIAL VIDEO \u00c4R P\u00c5 ITALIENSKA SPR\u00c5K MED ENGELSKA TEXTNING<\/strong><\/p>\n\n\n\n<figure class=\"wp-block-embed is-type-video is-provider-youtube wp-block-embed-youtube wp-embed-aspect-16-9 wp-has-aspect-ratio\"><div class=\"wp-block-embed__wrapper\">\n<div class=\"ast-oembed-container \" style=\"height: 100%;\"><iframe loading=\"lazy\" title=\"Tutorial: Software Dropshipping WWTech\" width=\"500\" height=\"281\" src=\"https:\/\/www.youtube.com\/embed\/giRg_5MZmXg?feature=oembed\" frameborder=\"0\" allow=\"accelerometer; autoplay; clipboard-write; encrypted-media; gyroscope; picture-in-picture; web-share\" referrerpolicy=\"strict-origin-when-cross-origin\" allowfullscreen><\/iframe><\/div>\n<\/div><\/figure>\n\n\n\n<p>V\u00e5r dropshipping plattform erbjuder en fullst\u00e4ndig kontroll \u00f6ver hela Dropshipping processen: det hanteras p\u00e5 ena sidan av \u00e5terf\u00f6rs\u00e4ljaren (! Dig) och med den andra handen genom v\u00e5ra logistik ( (<a href=\"http:\/\/delledonne.it\/servizi-ecommerce.cfm\">http:\/\/delledonne.it\/servizi-ecommerce.cfm<\/a>)&nbsp;<\/p>\n\n\n\n<p>\u00c5terf\u00f6rs\u00e4ljaren kommer att tr\u00e4da \u00f6nskade alternativ och sina egna slutkunder fraktuppgifter, l\u00e4gga till eventuella papper (till exempel: fakturor \/ f\u00f6rs\u00e4ljningskvitton , promo kort, etc.) i digitalt format eller ge specifika instruktioner (ex .: kr\u00e4ver en gif omslag pack); logistiken kommer att se \u00e5terf\u00f6rs\u00e4ljare f\u00f6rfr\u00e5gningar, f\u00f6rbereda alla kurir dokument (AWB &#8211; luft s\u00e4tt r\u00e4kning export papper, etc.), s\u00e5 sm\u00e5ningom skriva ut extra dokument enligt din beg\u00e4ran och l\u00e4gga till dem i paketet, slutligen packning och t\u00e4tning varje order med transparent v\u00e4rmef\u00f6rseglad film och ge den till valde kurir.<\/p>\n\n\n\n<div class=\"wp-block-media-text alignwide is-stacked-on-mobile webplatform-mediatext\" style=\"grid-template-columns:15% auto\"><figure class=\"wp-block-media-text__media\"><img loading=\"lazy\" decoding=\"async\" width=\"202\" height=\"103\" src=\"https:\/\/dropshippingb2b.com\/wp-content\/uploads\/2022\/01\/icona_dashboard.jpg\" alt=\"\" class=\"wp-image-3128 size-medium\" srcset=\"https:\/\/dropshippingb2b.com\/wp-content\/uploads\/2022\/01\/icona_dashboard.jpg 202w, https:\/\/dropshippingb2b.com\/wp-content\/uploads\/2022\/01\/icona_dashboard-200x103.jpg 200w\" sizes=\"auto, (max-width: 202px) 100vw, 202px\" \/><\/figure><div class=\"wp-block-media-text__content\">\n<p class=\"mt-0 has-medium-font-size\"><strong>The Dashboard<\/strong>:<\/p>\n\n\n\n<p>det inneh\u00e5ller en sammanfattning av huvuddata och order p\u00e5g\u00e5r (antal \u00f6ppna \/ st\u00e4ngda order, ol\u00e4sta meddelanden, etc.<\/p>\n<\/div><\/div>\n\n\n\n<hr class=\"wp-block-separator has-css-opacity alignwide custom-line\"\/>\n\n\n\n<div class=\"wp-block-media-text alignwide is-stacked-on-mobile webplatform-mediatext\" style=\"grid-template-columns:15% auto\"><figure class=\"wp-block-media-text__media\"><img loading=\"lazy\" decoding=\"async\" width=\"190\" height=\"89\" src=\"https:\/\/dropshippingb2b.com\/wp-content\/uploads\/2022\/01\/icona_shopping_cart.jpg\" alt=\"\" class=\"wp-image-3141 size-medium\"\/><\/figure><div class=\"wp-block-media-text__content\">\n<p class=\"mt-0 has-medium-font-size\"><strong>Shopping Cart<\/strong>:<\/p>\n\n\n\n<p>det till\u00e5ter s\u00e4ljaren att l\u00e4gga till objekt i hans \/ hennes korg och k\u00f6pa dem.<\/p>\n<\/div><\/div>\n\n\n\n<hr class=\"wp-block-separator has-css-opacity alignfull custom-line\"\/>\n\n\n\n<div class=\"wp-block-media-text alignwide is-stacked-on-mobile webplatform-mediatext\" style=\"grid-template-columns:15% auto\"><figure class=\"wp-block-media-text__media\"><img loading=\"lazy\" decoding=\"async\" width=\"149\" height=\"72\" src=\"https:\/\/dropshippingb2b.com\/wp-content\/uploads\/2022\/01\/order.jpg\" alt=\"\" class=\"wp-image-3154 size-medium\"\/><\/figure><div class=\"wp-block-media-text__content\">\n<p class=\"mt-0 has-medium-font-size\"><strong>Order<\/strong>:<\/p>\n\n\n\n<p>den inneh\u00e5ller alla B2C bekr\u00e4ftade order och det hj\u00e4lper f\u00f6r leveranshantering tillsammans med logistik.<\/p>\n<\/div><\/div>\n\n\n\n<hr class=\"wp-block-separator has-css-opacity alignwide custom-line\"\/>\n\n\n\n<div class=\"wp-block-media-text alignwide is-stacked-on-mobile webplatform-mediatext\" style=\"grid-template-columns:15% auto\"><figure class=\"wp-block-media-text__media\"><img loading=\"lazy\" decoding=\"async\" width=\"191\" height=\"92\" src=\"https:\/\/dropshippingb2b.com\/wp-content\/uploads\/2022\/01\/icona_messages.jpg\" alt=\"\" class=\"wp-image-3167 size-medium\"\/><\/figure><div class=\"wp-block-media-text__content\">\n<p class=\"mt-0 has-medium-font-size\"><strong>Messages<\/strong>:<\/p>\n\n\n\n<p>f\u00f6r varje best\u00e4llda finns en chatt som till\u00e5ter \u00e5terf\u00f6rs\u00e4ljare att kommunicera direkt med logistik. Det \u00e4r ocks\u00e5 m\u00f6jligt att bifoga filer till varje enskild B2C order (ex. Faktura till privat kund, rabattkuponger , gratulationskort , etc.).<\/p>\n<\/div><\/div>\n\n\n\n<div style=\"height:70px\" aria-hidden=\"true\" class=\"wp-block-spacer\"><\/div>\n\n\n\n<figure class=\"wp-block-image aligncenter size-large\"><img loading=\"lazy\" decoding=\"async\" width=\"1024\" height=\"595\" src=\"https:\/\/dropshippingb2b.com\/wp-content\/uploads\/2022\/01\/dropshipping_admin-1024x595.jpg\" alt=\"\" class=\"wp-image-3191\" srcset=\"https:\/\/dropshippingb2b.com\/wp-content\/uploads\/2022\/01\/dropshipping_admin-1024x595.jpg 1024w, https:\/\/dropshippingb2b.com\/wp-content\/uploads\/2022\/01\/dropshipping_admin-300x174.jpg 300w, https:\/\/dropshippingb2b.com\/wp-content\/uploads\/2022\/01\/dropshipping_admin-768x446.jpg 768w, https:\/\/dropshippingb2b.com\/wp-content\/uploads\/2022\/01\/dropshipping_admin.jpg 1200w\" sizes=\"auto, (max-width: 1024px) 100vw, 1024px\" \/><\/figure>\n\n\n\n<p class=\"has-text-align-center\">Denna responsiva plattform passar alla enheter. Du kan komma in p\u00e5 plattformen med hj\u00e4lp av inloggning och l\u00f6senord till f\u00f6ljande l\u00e4nk:<\/p>\n\n\n\n<div class=\"wp-block-buttons is-horizontal is-content-justification-center is-layout-flex wp-container-core-buttons-is-layout-1 wp-block-buttons-is-layout-flex\">\n<div class=\"wp-block-button\"><a class=\"wp-block-button__link wp-element-button\" href=\"https:\/\/www.dropshippingb2b.com\/admin\/\" target=\"_blank\" rel=\"noreferrer noopener\">UPPT\u00c4CK PLATTFORMEN<\/a><\/div>\n<\/div>\n\n\n\n<figure class=\"wp-block-image aligncenter size-full\"><img loading=\"lazy\" decoding=\"async\" width=\"963\" height=\"682\" src=\"https:\/\/dropshippingb2b.com\/wp-content\/uploads\/2022\/01\/admin_2.png\" alt=\"\" class=\"wp-image-3204\" srcset=\"https:\/\/dropshippingb2b.com\/wp-content\/uploads\/2022\/01\/admin_2.png 963w, https:\/\/dropshippingb2b.com\/wp-content\/uploads\/2022\/01\/admin_2-300x212.png 300w, https:\/\/dropshippingb2b.com\/wp-content\/uploads\/2022\/01\/admin_2-768x544.png 768w\" sizes=\"auto, (max-width: 963px) 100vw, 963px\" \/><\/figure>\n\n\n\n<div class=\"wp-block-buttons is-horizontal is-content-justification-center is-layout-flex wp-container-core-buttons-is-layout-2 wp-block-buttons-is-layout-flex\">\n<div class=\"wp-block-button\"><a class=\"wp-block-button__link wp-element-button\" href=\"\/wp-content\/uploads\/2022\/09\/dropshippingb2b_user_guide_eng.pdf\" target=\"_blank\" rel=\"noreferrer noopener\">Ladda ner v\u00e5r guide i PDF-format<\/a><\/div>\n<\/div>\n<\/div><\/div>\n<\/div><\/div>\n\n\n\n<div class=\"inherit-container-width wp-block-group alignfull has-background is-layout-constrained wp-block-group-is-layout-constrained\" style=\"background-color:#fae4d6\"><div class=\"wp-block-group__inner-container\">\n<h3 class=\"has-text-align-center wp-block-heading\" style=\"text-transform:uppercase\">Tvivlar fortfarande?<\/h3>\n\n\n\n<p class=\"has-text-align-center\">Kolla in de vanligaste fr\u00e5gorna eller prata med n\u00e5gon av oss<\/p>\n\n\n\n<div class=\"wp-block-columns is-layout-flex wp-container-core-columns-is-layout-1 wp-block-columns-is-layout-flex\">\n<div class=\"wp-block-column is-vertically-aligned-center is-layout-flow wp-block-column-is-layout-flow\">\n<div class=\"wp-block-buttons is-horizontal is-content-justification-center is-layout-flex wp-container-core-buttons-is-layout-3 wp-block-buttons-is-layout-flex\">\n<div class=\"wp-block-button is-style-outline is-style-outline--1\"><a class=\"wp-block-button__link has-text-color\" href=\"\/sv\/faq\" style=\"color:#e5742e\">BES\u00d6K FAQEN<\/a><\/div>\n\n\n\n<div class=\"wp-block-button is-style-fill\"><a class=\"wp-block-button__link\" href=\"\/sv\/kontakta-oss\">KONTAKTA OSS<\/a><\/div>\n<\/div>\n<\/div>\n<\/div>\n<\/div><\/div>\n","protected":false},"excerpt":{"rendered":"<p>Skillnader grossistsajt VS Dropshipping plattform Video handledning YOUTUBE TUTORIAL VIDEO \u00c4R P\u00c5 ITALIENSKA SPR\u00c5K MED ENGELSKA TEXTNING V\u00e5r dropshipping plattform erbjuder en fullst\u00e4ndig kontroll \u00f6ver hela Dropshipping processen: det hanteras p\u00e5 ena sidan av \u00e5terf\u00f6rs\u00e4ljaren (! Dig) och med den andra handen genom v\u00e5ra logistik ( (http:\/\/delledonne.it\/servizi-ecommerce.cfm)&nbsp; \u00c5terf\u00f6rs\u00e4ljaren kommer att tr\u00e4da \u00f6nskade alternativ och sina [&hellip;]<\/p>\n","protected":false},"author":1,"featured_media":0,"parent":0,"menu_order":0,"comment_status":"closed","ping_status":"closed","template":"","meta":{"inline_featured_image":false,"site-sidebar-layout":"default","site-content-layout":"plain-container","ast-site-content-layout":"","site-content-style":"default","site-sidebar-style":"default","ast-global-header-display":"","ast-banner-title-visibility":"","ast-main-header-display":"","ast-hfb-above-header-display":"","ast-hfb-below-header-display":"","ast-hfb-mobile-header-display":"","site-post-title":"disabled","ast-breadcrumbs-content":"","ast-featured-img":"","footer-sml-layout":"","theme-transparent-header-meta":"default","adv-header-id-meta":"","stick-header-meta":"","header-above-stick-meta":"","header-main-stick-meta":"","header-below-stick-meta":"","astra-migrate-meta-layouts":"default","ast-page-background-enabled":"default","ast-page-background-meta":{"desktop":{"background-color":"","background-image":"","background-repeat":"repeat","background-position":"center center","background-size":"auto","background-attachment":"scroll","background-type":"","background-media":"","overlay-type":"","overlay-color":"","overlay-opacity":"","overlay-gradient":""},"tablet":{"background-color":"","background-image":"","background-repeat":"repeat","background-position":"center center","background-size":"auto","background-attachment":"scroll","background-type":"","background-media":"","overlay-type":"","overlay-color":"","overlay-opacity":"","overlay-gradient":""},"mobile":{"background-color":"","background-image":"","background-repeat":"repeat","background-position":"center center","background-size":"auto","background-attachment":"scroll","background-type":"","background-media":"","overlay-type":"","overlay-color":"","overlay-opacity":"","overlay-gradient":""}},"ast-content-background-meta":{"desktop":{"background-color":"var(--ast-global-color-5)","background-image":"","background-repeat":"repeat","background-position":"center center","background-size":"auto","background-attachment":"scroll","background-type":"","background-media":"","overlay-type":"","overlay-color":"","overlay-opacity":"","overlay-gradient":""},"tablet":{"background-color":"var(--ast-global-color-5)","background-image":"","background-repeat":"repeat","background-position":"center center","background-size":"auto","background-attachment":"scroll","background-type":"","background-media":"","overlay-type":"","overlay-color":"","overlay-opacity":"","overlay-gradient":""},"mobile":{"background-color":"var(--ast-global-color-5)","background-image":"","background-repeat":"repeat","background-position":"center center","background-size":"auto","background-attachment":"scroll","background-type":"","background-media":"","overlay-type":"","overlay-color":"","overlay-opacity":"","overlay-gradient":""}},"footnotes":""},"class_list":["post-1122","page","type-page","status-publish","hentry"],"_links":{"self":[{"href":"https:\/\/dropshippingb2b.com\/sv\/wp-json\/wp\/v2\/pages\/1122","targetHints":{"allow":["GET"]}}],"collection":[{"href":"https:\/\/dropshippingb2b.com\/sv\/wp-json\/wp\/v2\/pages"}],"about":[{"href":"https:\/\/dropshippingb2b.com\/sv\/wp-json\/wp\/v2\/types\/page"}],"author":[{"embeddable":true,"href":"https:\/\/dropshippingb2b.com\/sv\/wp-json\/wp\/v2\/users\/1"}],"replies":[{"embeddable":true,"href":"https:\/\/dropshippingb2b.com\/sv\/wp-json\/wp\/v2\/comments?post=1122"}],"version-history":[{"count":9,"href":"https:\/\/dropshippingb2b.com\/sv\/wp-json\/wp\/v2\/pages\/1122\/revisions"}],"predecessor-version":[{"id":7452,"href":"https:\/\/dropshippingb2b.com\/sv\/wp-json\/wp\/v2\/pages\/1122\/revisions\/7452"}],"wp:attachment":[{"href":"https:\/\/dropshippingb2b.com\/sv\/wp-json\/wp\/v2\/media?parent=1122"}],"curies":[{"name":"wp","href":"https:\/\/api.w.org\/{rel}","templated":true}]}}