{"id":1017,"date":"2021-07-07T14:07:30","date_gmt":"2021-07-07T14:07:30","guid":{"rendered":"https:\/\/dsb2b.assemblyweb.net\/services"},"modified":"2024-02-07T16:44:07","modified_gmt":"2024-02-07T15:44:07","slug":"vara-tjanster","status":"publish","type":"page","link":"https:\/\/dropshippingb2b.com\/sv\/vara-tjanster","title":{"rendered":"V\u00e5ra tj\u00e4nster"},"content":{"rendered":"\n<div class=\"wp-block-cover alignfull\" style=\"min-height:350px;aspect-ratio:unset;\"><span aria-hidden=\"true\" class=\"wp-block-cover__background has-background-dim-0 has-background-dim\"><\/span><img loading=\"lazy\" decoding=\"async\" width=\"1200\" height=\"1600\" class=\"wp-block-cover__image-background wp-image-2834\" alt=\"\" src=\"https:\/\/dropshippingb2b.com\/wp-content\/uploads\/2022\/01\/wwtech-portada-duotone.jpg\" data-object-fit=\"cover\" srcset=\"https:\/\/dropshippingb2b.com\/wp-content\/uploads\/2022\/01\/wwtech-portada-duotone.jpg 1200w, https:\/\/dropshippingb2b.com\/wp-content\/uploads\/2022\/01\/wwtech-portada-duotone-225x300.jpg 225w, https:\/\/dropshippingb2b.com\/wp-content\/uploads\/2022\/01\/wwtech-portada-duotone-768x1024.jpg 768w, https:\/\/dropshippingb2b.com\/wp-content\/uploads\/2022\/01\/wwtech-portada-duotone-1152x1536.jpg 1152w, https:\/\/dropshippingb2b.com\/wp-content\/uploads\/2022\/01\/wwtech-portada-duotone-300x400.jpg 300w\" sizes=\"auto, (max-width: 1200px) 100vw, 1200px\" \/><div class=\"wp-block-cover__inner-container is-layout-flow wp-block-cover-is-layout-flow\">\n<h2 class=\"wp-block-heading has-text-color has-huge-font-size\" style=\"color:#ffffff\">V\u00e5ra tj\u00e4nster<\/h2>\n<\/div><\/div>\n\n\n\n<div class=\"inherit-container-width wp-block-group alignfull has-background is-layout-constrained wp-block-group-is-layout-constrained\" style=\"background-color:#f6f6f6\"><div class=\"wp-block-group__inner-container\">\n<div class=\"inherit-container-width wp-block-group mt--50 has-background is-layout-constrained wp-block-group-is-layout-constrained\" style=\"background-color:#ffffff\"><div class=\"wp-block-group__inner-container\">\n<p class=\"has-text-align-center\">Vi erbjuder olika niv\u00e5er av abonnemang:<\/p>\n\n\n\n<div style=\"height:30px\" aria-hidden=\"true\" class=\"wp-block-spacer\"><\/div>\n\n\n\n<figure class=\"wp-block-image aligncenter size-full is-resized\"><img loading=\"lazy\" decoding=\"async\" src=\"https:\/\/dropshippingb2b.com\/wp-content\/uploads\/2022\/09\/ds_dataflow.png\" alt=\"\" class=\"wp-image-5410\" width=\"180\" height=\"170\"\/><\/figure>\n\n\n\n<h4 class=\"wp-block-heading has-text-align-center\"><strong><strong>DATA FLOW<\/strong><\/strong>:<\/h4>\n\n\n\n<h5 class=\"wp-block-heading has-text-align-center\"><strong><strong>DATA FLOW PRENUMERATION&nbsp;+ 50% HANTERINGSREDOVISNING<\/strong><\/strong><\/h5>\n\n\n\n<p class=\"has-text-align-center\">V\u00e5r bastj\u00e4nst: inom denna tj\u00e4nst, \u00e5terf\u00f6rs\u00e4ljare f\u00f6rv\u00e4rvar referenser f\u00f6r tillg\u00e5ng till data fl\u00f6det av v\u00e5rt sortiment (referenser, koder, namn, priser, bilder). Det \u00e4r en skrivskyddad datatj\u00e4nst , g\u00f6r det m\u00f6jligt &#8211; till exempel &#8211; f\u00f6r att fylla sin egen e-handelsplats eller externa plattformar som eBay och Amazon.<\/p>\n\n\n\n<div style=\"height:30px\" aria-hidden=\"true\" class=\"wp-block-spacer\"><\/div>\n\n\n\n<div class=\"wp-block-columns is-layout-flex wp-container-core-columns-is-layout-1 wp-block-columns-is-layout-flex\">\n<div class=\"wp-block-column is-layout-flow wp-block-column-is-layout-flow\">\n<h5 class=\"wp-block-heading has-text-align-center\">Datafl\u00f6de<\/h5>\n\n\n\n<p class=\"has-text-align-center\">av alla produkter som finns i v\u00e5r integrerade leverant\u00f6rsdatabas<\/p>\n<\/div>\n\n\n\n<div class=\"wp-block-column is-layout-flow wp-block-column-is-layout-flow\">\n<h5 class=\"wp-block-heading has-text-align-center\">Hanteringsrabatt<\/h5>\n\n\n\n<p class=\"has-text-align-center\">Om \u00c5terf\u00f6rs\u00e4ljare inte n\u00e5r den l\u00e4gsta best\u00e4llningen som kr\u00e4vs av Leverant\u00f6r \/ Dropshipper, kan den fortfarande bekr\u00e4fta best\u00e4llningen och f\u00e5 50% rabatt p\u00e5 hanteringsavgift<\/p>\n<\/div>\n\n\n\n<div class=\"wp-block-column is-layout-flow wp-block-column-is-layout-flow\">\n<h5 class=\"wp-block-heading has-text-align-center\">Gratis service<\/h5>\n\n\n\n<p class=\"has-text-align-center\">med endast 1.000,00\u20ac* m\u00e5nadsf\u00f6rs\u00e4ljning, i slutet av kvartalet f\u00e5r du ett bidrag som motsvarar prenumerationskostnaden (150,00\u20ac \/ netto per kvartal)<\/p>\n<\/div>\n<\/div>\n\n\n\n<div style=\"height:30px\" aria-hidden=\"true\" class=\"wp-block-spacer\"><\/div>\n\n\n\n<p><em><em>*Belopp baserat p\u00e5 kvartalsvis, Moms och extra kostnader uteslutna.<\/em><\/em><\/p>\n\n\n\n<div style=\"height:30px\" aria-hidden=\"true\" class=\"wp-block-spacer\"><\/div>\n\n\n\n<div class=\"wp-block-buttons is-horizontal is-content-justification-center is-layout-flex wp-container-core-buttons-is-layout-1 wp-block-buttons-is-layout-flex\">\n<div class=\"wp-block-button\"><a class=\"wp-block-button__link wp-element-button\" href=\"\/it\/checkout\/?add-to-cart=2444&amp;quantity=1\">Prenumerera ru!<\/a><\/div>\n<\/div>\n\n\n\n<div style=\"height:30px\" aria-hidden=\"true\" class=\"wp-block-spacer\"><\/div>\n<\/div><\/div>\n<\/div><\/div>\n\n\n\n<div class=\"inherit-container-width wp-block-group alignfull has-background is-layout-constrained wp-block-group-is-layout-constrained\" style=\"background-color:#f6f6f6\"><div class=\"wp-block-group__inner-container\">\n<div class=\"inherit-container-width wp-block-group mt--100 has-background is-layout-constrained wp-block-group-is-layout-constrained\" style=\"background-color:#ffffff\"><div class=\"wp-block-group__inner-container\">\n<div style=\"height:30px\" aria-hidden=\"true\" class=\"wp-block-spacer\"><\/div>\n\n\n\n<figure class=\"wp-block-image aligncenter size-full is-resized\"><img loading=\"lazy\" decoding=\"async\" src=\"https:\/\/dropshippingb2b.com\/wp-content\/uploads\/2022\/01\/ds_dropshipping.png\" alt=\"\" class=\"wp-image-2969\" width=\"180\" height=\"170\"\/><\/figure>\n\n\n\n<h4 class=\"wp-block-heading has-text-align-center\">DROPSHIPPING:<\/h4>\n\n\n\n<h5 class=\"wp-block-heading has-text-align-center\"><strong>DATA FLOW PRENUMERATION + DROPSHIPPING PLATTFORM + 100% HANTERINGSREDOVISNING<\/strong><\/h5>\n\n\n\n<p class=\"has-text-align-center\">Denna mellanservice erbjuder alla tekniska verktyg tillg\u00e4ngliga f\u00f6r en fullst\u00e4ndig integration mellan leverant\u00f6rer och en eller flera \u00e5terf\u00f6rs\u00e4ljare e-handelsplattform . Det \u00e4r en l\u00e4s- och order strukturerad f\u00f6rv\u00e4rvs datatj\u00e4nster, som d\u00e4rf\u00f6r g\u00f6r det inte bara f\u00f6r att komma \u00e5t Leverant\u00f6rs kataloger men ocks\u00e5 att automatisera med ett returfl\u00f6de alla uppgifter mottagna B2C order direkt till v\u00e5r databas. Med det h\u00e4r alternativet \u00f6ppnar v\u00e4gen till verklig Drop Shipping service.<\/p>\n\n\n\n<div style=\"height:30px\" aria-hidden=\"true\" class=\"wp-block-spacer\"><\/div>\n\n\n\n<div class=\"wp-block-columns is-layout-flex wp-container-core-columns-is-layout-2 wp-block-columns-is-layout-flex\">\n<div class=\"wp-block-column is-layout-flow wp-block-column-is-layout-flow\">\n<h5 class=\"wp-block-heading has-text-align-center\">Artiklar datafl\u00f6de<\/h5>\n\n\n\n<p class=\"has-text-align-center\">f\u00f6rv\u00e4rv av hela databasen med tillg\u00e4ngliga produkter (. Cd l\u00e4sning)<\/p>\n<\/div>\n\n\n\n<div class=\"wp-block-column is-layout-flow wp-block-column-is-layout-flow\">\n<h5 class=\"wp-block-heading has-text-align-center\">\u00c5terf\u00f6rs\u00e4ljare transfereringar<\/h5>\n\n\n\n<p class=\"has-text-align-center\">(automatiskt via API eller manuellt via Dropshipping B2B plattform) fick B2C order fl\u00f6da direkt till leverant\u00f6ren \/ Dropship och logistik f\u00f6r leverans bearbetning (cd. Skriften)<\/p>\n<\/div>\n\n\n\n<div class=\"wp-block-column is-layout-flow wp-block-column-is-layout-flow\">\n<h5 class=\"wp-block-heading has-text-align-center\">En s\u00e4rskild plattform<\/h5>\n\n\n\n<p class=\"has-text-align-center\">(en verklig reserverade parallell sida) som hj\u00e4lper \u00e5terf\u00f6rs\u00e4ljare att hantera N ordering\u00e5ng fr\u00e5n privatkunderna med en enda B2B ordning (detta kommer att minska bokf\u00f6ring och det kommer att bidra till att n\u00e5 minimiorder till\u00e4mpas av leverant\u00f6ren \/ Dropship )<\/p>\n<\/div>\n<\/div>\n\n\n\n<div class=\"wp-block-columns is-layout-flex wp-container-core-columns-is-layout-3 wp-block-columns-is-layout-flex\">\n<div class=\"wp-block-column is-layout-flow wp-block-column-is-layout-flow\">\n<h5 class=\"wp-block-heading has-text-align-center\">M\u00f6jlighet att i samarbete med logistik<\/h5>\n\n\n\n<p class=\"has-text-align-center\">att anv\u00e4nda Dropshipping B2B plattform f\u00f6r att leverera direkt till privatpersoner (med endast en B2B f\u00f6r att leverant\u00f6ren \/ Dropship , kan \u00e5terf\u00f6rs\u00e4ljare l\u00e4gga till flera leveransadresser )<\/p>\n<\/div>\n\n\n\n<div class=\"wp-block-column is-layout-flow wp-block-column-is-layout-flow\">\n<h5 class=\"wp-block-heading has-text-align-center\">Riktig Basket<\/h5>\n\n\n\n<p class=\"has-text-align-center\">objekt infoga i korgen &#8211; genom den automatiska API l\u00e4ge eller manuellt &#8211; omedelbart avl\u00e4gsnas fr\u00e5n tillg\u00e4nglighet online. Vid \u00e4ndring eller \u00e5terkallelse av ett eller flera f\u00f6rem\u00e5l, de kommer automatiskt att s\u00e4tta in i systemet utan kostnad.<\/p>\n<\/div>\n\n\n\n<div class=\"wp-block-column is-layout-flow wp-block-column-is-layout-flow\">\n<h5 class=\"wp-block-heading has-text-align-center\">Hanteringsrabatt<\/h5>\n\n\n\n<p class=\"has-text-align-center\">Om \u00c5terf\u00f6rs\u00e4ljare inte n\u00e5r den minsta best\u00e4llningen som kr\u00e4vs av Leverant\u00f6r \/ Dropshipper, kan den fortfarande bekr\u00e4fta best\u00e4llningen och f\u00e5 en rabatt p\u00e5 100% p\u00e5 hanteringsavgift.<\/p>\n<\/div>\n<\/div>\n\n\n\n<div class=\"wp-block-columns is-layout-flex wp-container-core-columns-is-layout-4 wp-block-columns-is-layout-flex\">\n<div class=\"wp-block-column is-layout-flow wp-block-column-is-layout-flow\"><\/div>\n\n\n\n<div class=\"wp-block-column is-layout-flow wp-block-column-is-layout-flow\">\n<h5 class=\"wp-block-heading has-text-align-center\">Gratis service<\/h5>\n\n\n\n<p class=\"has-text-align-center\">med endast 2.000,00\u20ac* m\u00e5nadsf\u00f6rs\u00e4ljning, i slutet av kvartalet, f\u00e5r du ett \u00e5terbetalningsbelopp motsvarande abonnemangs servicekostnad (300,00\u20ac \/ netto per kvartal)<\/p>\n<\/div>\n\n\n\n<div class=\"wp-block-column is-layout-flow wp-block-column-is-layout-flow\"><\/div>\n<\/div>\n\n\n\n<div style=\"height:30px\" aria-hidden=\"true\" class=\"wp-block-spacer\"><\/div>\n\n\n\n<p><em><em>(*Belopp baserat p\u00e5 kvartalsvis, Moms och extra kostnader uteslutna.)<\/em><\/em><\/p>\n\n\n\n<div style=\"height:30px\" aria-hidden=\"true\" class=\"wp-block-spacer\"><\/div>\n\n\n\n<div class=\"wp-block-buttons is-horizontal is-content-justification-center is-layout-flex wp-container-core-buttons-is-layout-2 wp-block-buttons-is-layout-flex\">\n<div class=\"wp-block-button is-style-fill\"><a class=\"wp-block-button__link wp-element-button\" href=\"https:\/\/dropshippingb2b.com\/it\/checkout\/?add-to-cart=2483&amp;quantity=1\">Prenumerera ru!<\/a><\/div>\n<\/div>\n\n\n\n<div style=\"height:30px\" aria-hidden=\"true\" class=\"wp-block-spacer\"><\/div>\n<\/div><\/div>\n<\/div><\/div>\n\n\n\n<div class=\"inherit-container-width wp-block-group alignfull has-background is-layout-constrained wp-block-group-is-layout-constrained\" style=\"background-color:#f6f6f6\"><div class=\"wp-block-group__inner-container\">\n<div class=\"inherit-container-width wp-block-group mt--100 has-background is-layout-constrained wp-block-group-is-layout-constrained\" style=\"background-color:#ffffff\"><div class=\"wp-block-group__inner-container\">\n<figure class=\"wp-block-image aligncenter size-full is-resized\"><img loading=\"lazy\" decoding=\"async\" src=\"https:\/\/dropshippingb2b.com\/wp-content\/uploads\/2022\/01\/ds_enterprise.png\" alt=\"\" class=\"wp-image-2982\" width=\"180\" height=\"170\"\/><\/figure>\n\n\n\n<h4 class=\"wp-block-heading has-text-align-center\">ENTREPRISE:<\/h4>\n\n\n\n<p class=\"has-text-align-center\">Exklusiv tj\u00e4nst dedikerad till att utveckla en flerniv\u00e5 marknadsf\u00f6ring som s\u00e4ljer dina datafl\u00f6den.<\/p>\n\n\n\n<div style=\"height:30px\" aria-hidden=\"true\" class=\"wp-block-spacer\"><\/div>\n\n\n\n<div class=\"wp-block-buttons is-horizontal is-content-justification-center is-layout-flex wp-container-core-buttons-is-layout-3 wp-block-buttons-is-layout-flex\">\n<div class=\"wp-block-button\"><a class=\"wp-block-button__link wp-element-button\" href=\"mailto:info@wwtech.it?subject=ENTERPRISE DROPSHIPPING INFORMATION\">kontakta oss f\u00f6r mer information<\/a><\/div>\n<\/div>\n\n\n\n<div style=\"height:30px\" aria-hidden=\"true\" class=\"wp-block-spacer\"><\/div>\n<\/div><\/div>\n\n\n\n<div class=\"inherit-container-width wp-block-group is-layout-constrained wp-block-group-is-layout-constrained\"><div class=\"wp-block-group__inner-container\">\n<div class=\"wp-block-columns is-layout-flex wp-container-core-columns-is-layout-5 wp-block-columns-is-layout-flex\">\n<div class=\"wp-block-column flussodati-box has-background is-layout-flow wp-block-column-is-layout-flow\" style=\"background-color:#ffffff\">\n<div style=\"height:47px\" aria-hidden=\"true\" class=\"wp-block-spacer\"><\/div>\n\n\n\n<h4 class=\"wp-block-heading has-text-align-center has-text-color\" style=\"color:#009065\"><strong><strong><strong>DATA FLOW<\/strong><\/strong><\/strong><\/h4>\n\n\n\n<figure class=\"wp-block-image aligncenter size-full is-resized\"><img loading=\"lazy\" decoding=\"async\" src=\"https:\/\/dropshippingb2b.com\/wp-content\/uploads\/2022\/09\/ds_dataflow.png\" alt=\"\" class=\"wp-image-5410\" width=\"140\" height=\"135\" srcset=\"https:\/\/dropshippingb2b.com\/wp-content\/uploads\/2022\/09\/ds_dataflow.png 700w, https:\/\/dropshippingb2b.com\/wp-content\/uploads\/2022\/09\/ds_dataflow-300x288.png 300w\" sizes=\"auto, (max-width: 140px) 100vw, 140px\" \/><\/figure>\n\n\n\n<h2 class=\"wp-block-heading has-text-align-center services-price has-huge-font-size\">\u20ac 50<\/h2>\n\n\n\n<h5 class=\"wp-block-heading has-text-align-center services-month has-text-color\" style=\"color:#666666\">per m\u00e5nad<\/h5>\n\n\n\n<ul class=\"wp-block-list\">\n<li>Data fl\u00f6de*<\/li>\n<\/ul>\n\n\n\n<ul class=\"wp-block-list\">\n<li>Dropshipping programvara<\/li>\n<\/ul>\n\n\n\n<ul class=\"wp-block-list\">\n<li>Hantering** 50%<\/li>\n<\/ul>\n\n\n\n<ul class=\"wp-block-list\">\n<li>Prioriterad frakt: N\/D<\/li>\n<\/ul>\n\n\n\n<ul class=\"wp-block-list\">\n<li>GRATIS w. oms\u00e4ttning 1.000 \u20ac<\/li>\n<\/ul>\n\n\n\n<div style=\"height:15px\" aria-hidden=\"true\" class=\"wp-block-spacer\"><\/div>\n\n\n\n<div class=\"wp-block-buttons is-horizontal is-content-justification-center is-layout-flex wp-container-core-buttons-is-layout-4 wp-block-buttons-is-layout-flex\">\n<div class=\"wp-block-button\"><a class=\"wp-block-button__link wp-element-button\" href=\"\/it\/checkout\/?add-to-cart=2444&amp;quantity=1\">Prenumerera ru!<\/a><\/div>\n<\/div>\n\n\n\n<div style=\"height:30px\" aria-hidden=\"true\" class=\"wp-block-spacer\"><\/div>\n<\/div>\n\n\n\n<div class=\"wp-block-column dropshipping-box has-background is-layout-flow wp-block-column-is-layout-flow\" style=\"background-color:#ffffff\">\n<h4 class=\"wp-block-heading has-text-align-center services-piuvenduto has-text-color has-background\" style=\"color:#ffffff;background-color:#e5742e\">NAJLEPSZY SPRZEDAWCA<\/h4>\n\n\n\n<h4 class=\"wp-block-heading has-text-align-center has-text-color\" style=\"color:#e5742e\"><strong>DROPSHIPPING<\/strong><\/h4>\n\n\n\n<figure class=\"wp-block-image aligncenter size-full is-resized\"><img loading=\"lazy\" decoding=\"async\" src=\"https:\/\/dropshippingb2b.com\/wp-content\/uploads\/2022\/01\/ds_dropshipping.png\" alt=\"\" class=\"wp-image-2969\" width=\"140\" height=\"135\" srcset=\"https:\/\/dropshippingb2b.com\/wp-content\/uploads\/2022\/01\/ds_dropshipping.png 700w, https:\/\/dropshippingb2b.com\/wp-content\/uploads\/2022\/01\/ds_dropshipping-300x288.png 300w\" sizes=\"auto, (max-width: 140px) 100vw, 140px\" \/><\/figure>\n\n\n\n<h2 class=\"wp-block-heading has-text-align-center services-price has-huge-font-size\">\u20ac 100<\/h2>\n\n\n\n<h5 class=\"wp-block-heading has-text-align-center services-month has-text-color\" style=\"color:#666666\">per m\u00e5nad<\/h5>\n\n\n\n<ul class=\"wp-block-list\">\n<li>Data fl\u00f6de*<\/li>\n<\/ul>\n\n\n\n<ul class=\"wp-block-list\">\n<li>Dropshipping programvara<\/li>\n<\/ul>\n\n\n\n<ul class=\"wp-block-list\">\n<li>Hantering** 0%<\/li>\n<\/ul>\n\n\n\n<ul class=\"wp-block-list\">\n<li>Prioriterad frakt: N\/D<\/li>\n<\/ul>\n\n\n\n<ul class=\"wp-block-list\">\n<li>GRATIS w. oms\u00e4ttning 2.000 \u20ac<\/li>\n<\/ul>\n\n\n\n<div style=\"height:15px\" aria-hidden=\"true\" class=\"wp-block-spacer\"><\/div>\n\n\n\n<div class=\"wp-block-buttons is-horizontal is-content-justification-center is-layout-flex wp-container-core-buttons-is-layout-5 wp-block-buttons-is-layout-flex\">\n<div class=\"wp-block-button\"><a class=\"wp-block-button__link wp-element-button\" href=\"https:\/\/dropshippingb2b.com\/it\/checkout\/?add-to-cart=2483&amp;quantity=1\">Prenumerera ru!<\/a><\/div>\n<\/div>\n\n\n\n<div style=\"height:30px\" aria-hidden=\"true\" class=\"wp-block-spacer\"><\/div>\n<\/div>\n\n\n\n<div class=\"wp-block-column enterprise-box has-background is-layout-flow wp-block-column-is-layout-flow\" style=\"background-color:#ffffff\">\n<div style=\"height:47px\" aria-hidden=\"true\" class=\"wp-block-spacer\"><\/div>\n\n\n\n<h4 class=\"wp-block-heading has-text-align-center has-text-color\" style=\"color:#183c7d\"><strong>ENTERPRISE<\/strong><\/h4>\n\n\n\n<figure class=\"wp-block-image aligncenter size-full is-resized\"><img loading=\"lazy\" decoding=\"async\" src=\"https:\/\/dropshippingb2b.com\/wp-content\/uploads\/2022\/01\/ds_enterprise.png\" alt=\"\" class=\"wp-image-2982\" width=\"140\" height=\"135\" srcset=\"https:\/\/dropshippingb2b.com\/wp-content\/uploads\/2022\/01\/ds_enterprise.png 700w, https:\/\/dropshippingb2b.com\/wp-content\/uploads\/2022\/01\/ds_enterprise-300x288.png 300w\" sizes=\"auto, (max-width: 140px) 100vw, 140px\" \/><\/figure>\n\n\n\n<div style=\"height:100px\" aria-hidden=\"true\" class=\"wp-block-spacer hide-mobile\"><\/div>\n\n\n\n<p class=\"has-text-align-center\">Exklusiv tj\u00e4nst dedikerad till att utveckla en flerniv\u00e5 marknadsf\u00f6ring som s\u00e4ljer dina datafl\u00f6den.<\/p>\n\n\n\n<div style=\"height:189px\" aria-hidden=\"true\" class=\"wp-block-spacer hide-mobile\"><\/div>\n\n\n\n<div class=\"wp-block-buttons is-horizontal is-content-justification-center is-layout-flex wp-container-core-buttons-is-layout-6 wp-block-buttons-is-layout-flex\">\n<div class=\"wp-block-button\"><a class=\"wp-block-button__link wp-element-button\" href=\"mailto:info@wwtech.it?subject=ENTERPRISE DROPSHIPPING INFORMATION\">Kontakta oss<\/a><\/div>\n<\/div>\n\n\n\n<div style=\"height:30px\" aria-hidden=\"true\" class=\"wp-block-spacer\"><\/div>\n<\/div>\n<\/div>\n<\/div><\/div>\n\n\n\n<div class=\"inherit-container-width wp-block-group has-background is-layout-constrained wp-block-group-is-layout-constrained\" style=\"background-color:#ffffff\"><div class=\"wp-block-group__inner-container\">\n<p>* Data flow: in CSV, XML, JSON or API format<\/p>\n\n\n\n<p>** As per wholesale sales condition<\/p>\n<\/div><\/div>\n\n\n\n<div style=\"height:30px\" aria-hidden=\"true\" class=\"wp-block-spacer\"><\/div>\n\n\n\n<div class=\"inherit-container-width wp-block-group is-layout-constrained wp-block-group-is-layout-constrained\"><div class=\"wp-block-group__inner-container\">\n<div class=\"wp-block-media-text alignwide has-media-on-the-right is-stacked-on-mobile has-white-background-color has-background\"><div class=\"wp-block-media-text__content\">\n<p>L\u00c4S OCH LADDA NED V\u00c5RT KONTRAKT F\u00d6R TILLHANDAH\u00c5LLANDE AV DROPSHIPPING-TJ\u00c4NSTEN<\/p>\n\n\n\n<div class=\"wp-block-buttons is-layout-flex wp-block-buttons-is-layout-flex\">\n<div class=\"wp-block-button is-style-fill\"><a class=\"wp-block-button__link wp-element-button\" href=\"https:\/\/dropshippingb2b.com\/wp-content\/uploads\/2024\/02\/ultimo-contratto-DS-ENG.pdf\" target=\"_blank\" rel=\"noreferrer noopener\">LADDA NED KONTRAKTET<\/a><\/div>\n<\/div>\n<\/div><figure class=\"wp-block-media-text__media\"><img loading=\"lazy\" decoding=\"async\" width=\"745\" height=\"367\" src=\"https:\/\/dropshippingb2b.com\/wp-content\/uploads\/2022\/08\/contratto.png\" alt=\"\" class=\"wp-image-3952 size-full\" srcset=\"https:\/\/dropshippingb2b.com\/wp-content\/uploads\/2022\/08\/contratto.png 745w, https:\/\/dropshippingb2b.com\/wp-content\/uploads\/2022\/08\/contratto-300x148.png 300w\" sizes=\"auto, (max-width: 745px) 100vw, 745px\" \/><\/figure><\/div>\n<\/div><\/div>\n<\/div><\/div>\n\n\n\n<div class=\"inherit-container-width wp-block-group alignfull has-background is-layout-constrained wp-block-group-is-layout-constrained\" style=\"background-color:#fae4d6\"><div class=\"wp-block-group__inner-container\">\n<h3 class=\"has-text-align-center wp-block-heading\" style=\"text-transform:uppercase\">Tvivlar fortfarande?<\/h3>\n\n\n\n<p class=\"has-text-align-center\">Kolla in de vanligaste fr\u00e5gorna eller prata med n\u00e5gon av oss<\/p>\n\n\n\n<div class=\"wp-block-columns is-layout-flex wp-container-core-columns-is-layout-6 wp-block-columns-is-layout-flex\">\n<div class=\"wp-block-column is-vertically-aligned-center is-layout-flow wp-block-column-is-layout-flow\">\n<div class=\"wp-block-buttons is-horizontal is-content-justification-center is-layout-flex wp-container-core-buttons-is-layout-8 wp-block-buttons-is-layout-flex\">\n<div class=\"wp-block-button is-style-outline is-style-outline--1\"><a class=\"wp-block-button__link has-text-color\" href=\"\/sv\/faq\" style=\"color:#e5742e\">BES\u00d6K FAQEN<\/a><\/div>\n\n\n\n<div class=\"wp-block-button is-style-fill\"><a class=\"wp-block-button__link\" href=\"\/sv\/kontakta-oss\">KONTAKTA OSS<\/a><\/div>\n<\/div>\n<\/div>\n<\/div>\n<\/div><\/div>\n","protected":false},"excerpt":{"rendered":"<p>Vi erbjuder olika niv\u00e5er av abonnemang: DATA FLOW: DATA FLOW PRENUMERATION&nbsp;+ 50% HANTERINGSREDOVISNING V\u00e5r bastj\u00e4nst: inom denna tj\u00e4nst, \u00e5terf\u00f6rs\u00e4ljare f\u00f6rv\u00e4rvar referenser f\u00f6r tillg\u00e5ng till data fl\u00f6det av v\u00e5rt sortiment (referenser, koder, namn, priser, bilder). Det \u00e4r en skrivskyddad datatj\u00e4nst , g\u00f6r det m\u00f6jligt &#8211; till exempel &#8211; f\u00f6r att fylla sin egen e-handelsplats eller externa [&hellip;]<\/p>\n","protected":false},"author":1,"featured_media":0,"parent":0,"menu_order":0,"comment_status":"closed","ping_status":"closed","template":"","meta":{"inline_featured_image":false,"site-sidebar-layout":"default","site-content-layout":"plain-container","ast-site-content-layout":"","site-content-style":"default","site-sidebar-style":"default","ast-global-header-display":"","ast-banner-title-visibility":"","ast-main-header-display":"","ast-hfb-above-header-display":"","ast-hfb-below-header-display":"","ast-hfb-mobile-header-display":"","site-post-title":"disabled","ast-breadcrumbs-content":"","ast-featured-img":"","footer-sml-layout":"","theme-transparent-header-meta":"default","adv-header-id-meta":"","stick-header-meta":"","header-above-stick-meta":"","header-main-stick-meta":"","header-below-stick-meta":"","astra-migrate-meta-layouts":"default","ast-page-background-enabled":"default","ast-page-background-meta":{"desktop":{"background-color":"","background-image":"","background-repeat":"repeat","background-position":"center center","background-size":"auto","background-attachment":"scroll","background-type":"","background-media":"","overlay-type":"","overlay-color":"","overlay-opacity":"","overlay-gradient":""},"tablet":{"background-color":"","background-image":"","background-repeat":"repeat","background-position":"center center","background-size":"auto","background-attachment":"scroll","background-type":"","background-media":"","overlay-type":"","overlay-color":"","overlay-opacity":"","overlay-gradient":""},"mobile":{"background-color":"","background-image":"","background-repeat":"repeat","background-position":"center center","background-size":"auto","background-attachment":"scroll","background-type":"","background-media":"","overlay-type":"","overlay-color":"","overlay-opacity":"","overlay-gradient":""}},"ast-content-background-meta":{"desktop":{"background-color":"var(--ast-global-color-5)","background-image":"","background-repeat":"repeat","background-position":"center center","background-size":"auto","background-attachment":"scroll","background-type":"","background-media":"","overlay-type":"","overlay-color":"","overlay-opacity":"","overlay-gradient":""},"tablet":{"background-color":"var(--ast-global-color-5)","background-image":"","background-repeat":"repeat","background-position":"center center","background-size":"auto","background-attachment":"scroll","background-type":"","background-media":"","overlay-type":"","overlay-color":"","overlay-opacity":"","overlay-gradient":""},"mobile":{"background-color":"var(--ast-global-color-5)","background-image":"","background-repeat":"repeat","background-position":"center center","background-size":"auto","background-attachment":"scroll","background-type":"","background-media":"","overlay-type":"","overlay-color":"","overlay-opacity":"","overlay-gradient":""}},"footnotes":""},"class_list":["post-1017","page","type-page","status-publish","hentry"],"_links":{"self":[{"href":"https:\/\/dropshippingb2b.com\/sv\/wp-json\/wp\/v2\/pages\/1017","targetHints":{"allow":["GET"]}}],"collection":[{"href":"https:\/\/dropshippingb2b.com\/sv\/wp-json\/wp\/v2\/pages"}],"about":[{"href":"https:\/\/dropshippingb2b.com\/sv\/wp-json\/wp\/v2\/types\/page"}],"author":[{"embeddable":true,"href":"https:\/\/dropshippingb2b.com\/sv\/wp-json\/wp\/v2\/users\/1"}],"replies":[{"embeddable":true,"href":"https:\/\/dropshippingb2b.com\/sv\/wp-json\/wp\/v2\/comments?post=1017"}],"version-history":[{"count":19,"href":"https:\/\/dropshippingb2b.com\/sv\/wp-json\/wp\/v2\/pages\/1017\/revisions"}],"predecessor-version":[{"id":7755,"href":"https:\/\/dropshippingb2b.com\/sv\/wp-json\/wp\/v2\/pages\/1017\/revisions\/7755"}],"wp:attachment":[{"href":"https:\/\/dropshippingb2b.com\/sv\/wp-json\/wp\/v2\/media?parent=1017"}],"curies":[{"name":"wp","href":"https:\/\/api.w.org\/{rel}","templated":true}]}}