{"id":2448,"date":"2021-08-02T07:03:21","date_gmt":"2021-08-02T07:03:21","guid":{"rendered":"https:\/\/dsb2b.assemblyweb.net\/product\/album"},"modified":"2022-09-25T20:45:24","modified_gmt":"2022-09-25T20:45:24","slug":"data-flow-service","status":"publish","type":"product","link":"https:\/\/dropshippingb2b.com\/sk\/product\/data-flow-service","title":{"rendered":"Data flow Service"},"content":{"rendered":"<p>Na\u0161a z\u00e1kladn\u00e1 slu\u017eba: v r\u00e1mci tejto slu\u017eby Reseller z\u00edskava poverenia pre tok pr\u00edstupov\u00fdch \u00fadajov do n\u00e1\u0161ho katal\u00f3gu (referencie, k\u00f3dy, n\u00e1zvy, ceny, obr\u00e1zky). Ide o d\u00e1tov\u00fa slu\u017ebu ur\u010den\u00fa len na \u010d\u00edtanie, ktor\u00e1 umo\u017e\u0148uje napr\u00edklad naplni\u0165 vlastn\u00fa str\u00e1nku elektronick\u00e9ho obchodu alebo extern\u00e9 platformy, ako s\u00fa eBay a Amazon.<\/p>\n<p>Obsahuje:<\/p>\n<p>&#8211; tok \u00fadajov v\u0161etk\u00fdch produktov dostupn\u00fdch v na\u0161ej integrovanej datab\u00e1ze dod\u00e1vate\u013eov.<\/p>\n<p>&#8211; manipula\u010dn\u00e1 z\u013eava: ak predajca nedosiahne minim\u00e1lnu objedn\u00e1vku po\u017eadovan\u00fa dod\u00e1vate\u013eom\/dropshipperom, st\u00e1le m\u00f4\u017ee potvrdi\u0165 objedn\u00e1vku a z\u00edska\u0165 z\u013eavu 50% z manipula\u010dn\u00e9ho poplatku<\/p>\n<p>&#8211; bezplatn\u00e1 slu\u017eba: len pri mesa\u010dnom predaji 1 000,00 \u20ac* dostanete na konci \u0161tvr\u0165roka n\u00e1hradu za zak\u00fapen\u00fd tovar vo v\u00fd\u0161ke ceny za predplaten\u00fa slu\u017ebu (150,00 \u20ac\/ netto za \u0161tvr\u0165rok)<\/p>\n<p>(*suma zalo\u017een\u00e1 na \u0161tvr\u0165ro\u010dnom z\u00e1klade, bez DPH a dodato\u010dn\u00fdch n\u00e1kladov.)<\/p>\n","protected":false},"excerpt":{"rendered":"<p>Na\u0161a z\u00e1kladn\u00e1 slu\u017eba: v r\u00e1mci tejto slu\u017eby Reseller z\u00edskava poverenia pre tok pr\u00edstupov\u00fdch \u00fadajov do n\u00e1\u0161ho katal\u00f3gu (referencie, k\u00f3dy, n\u00e1zvy, ceny, obr\u00e1zky). Ide o d\u00e1tov\u00fa slu\u017ebu ur\u010den\u00fa len na \u010d\u00edtanie, ktor\u00e1 umo\u017e\u0148uje napr\u00edklad naplni\u0165 vlastn\u00fa str\u00e1nku elektronick\u00e9ho obchodu alebo extern\u00e9 platformy, ako s\u00fa eBay a Amazon. Obsahuje: &#8211; tok \u00fadajov v\u0161etk\u00fdch produktov dostupn\u00fdch v na\u0161ej [&hellip;]<\/p>\n","protected":false},"featured_media":5409,"template":"","meta":{"inline_featured_image":false,"site-sidebar-layout":"default","site-content-layout":"default","ast-site-content-layout":"default","site-content-style":"default","site-sidebar-style":"default","ast-global-header-display":"","ast-banner-title-visibility":"","ast-main-header-display":"","ast-hfb-above-header-display":"","ast-hfb-below-header-display":"","ast-hfb-mobile-header-display":"","site-post-title":"","ast-breadcrumbs-content":"","ast-featured-img":"","footer-sml-layout":"","theme-transparent-header-meta":"default","adv-header-id-meta":"","stick-header-meta":"","header-above-stick-meta":"","header-main-stick-meta":"","header-below-stick-meta":"","astra-migrate-meta-layouts":"default","ast-page-background-enabled":"default","ast-page-background-meta":{"desktop":{"background-color":"","background-image":"","background-repeat":"repeat","background-position":"center center","background-size":"auto","background-attachment":"scroll","background-type":"","background-media":"","overlay-type":"","overlay-color":"","overlay-opacity":"","overlay-gradient":""},"tablet":{"background-color":"","background-image":"","background-repeat":"repeat","background-position":"center center","background-size":"auto","background-attachment":"scroll","background-type":"","background-media":"","overlay-type":"","overlay-color":"","overlay-opacity":"","overlay-gradient":""},"mobile":{"background-color":"","background-image":"","background-repeat":"repeat","background-position":"center center","background-size":"auto","background-attachment":"scroll","background-type":"","background-media":"","overlay-type":"","overlay-color":"","overlay-opacity":"","overlay-gradient":""}},"ast-content-background-meta":{"desktop":{"background-color":"var(--ast-global-color-5)","background-image":"","background-repeat":"repeat","background-position":"center center","background-size":"auto","background-attachment":"scroll","background-type":"","background-media":"","overlay-type":"","overlay-color":"","overlay-opacity":"","overlay-gradient":""},"tablet":{"background-color":"var(--ast-global-color-5)","background-image":"","background-repeat":"repeat","background-position":"center center","background-size":"auto","background-attachment":"scroll","background-type":"","background-media":"","overlay-type":"","overlay-color":"","overlay-opacity":"","overlay-gradient":""},"mobile":{"background-color":"var(--ast-global-color-5)","background-image":"","background-repeat":"repeat","background-position":"center center","background-size":"auto","background-attachment":"scroll","background-type":"","background-media":"","overlay-type":"","overlay-color":"","overlay-opacity":"","overlay-gradient":""}}},"product_cat":[109],"product_tag":[],"class_list":["post-2448","product","type-product","status-publish","has-post-thumbnail","hentry","product_cat-quarterly-payment-sk","desktop-align-left","tablet-align-left","mobile-align-left"],"_links":{"self":[{"href":"https:\/\/dropshippingb2b.com\/sk\/wp-json\/wp\/v3\/product\/2448","targetHints":{"allow":["GET"]}}],"collection":[{"href":"https:\/\/dropshippingb2b.com\/sk\/wp-json\/wp\/v3\/product"}],"about":[{"href":"https:\/\/dropshippingb2b.com\/sk\/wp-json\/wp\/v2\/types\/product"}],"wp:featuredmedia":[{"embeddable":true,"href":"https:\/\/dropshippingb2b.com\/sk\/wp-json\/wp\/v2\/media\/5409"}],"wp:attachment":[{"href":"https:\/\/dropshippingb2b.com\/sk\/wp-json\/wp\/v2\/media?parent=2448"}],"wp:term":[{"taxonomy":"product_cat","embeddable":true,"href":"https:\/\/dropshippingb2b.com\/sk\/wp-json\/wp\/v2\/product_cat?post=2448"},{"taxonomy":"product_tag","embeddable":true,"href":"https:\/\/dropshippingb2b.com\/sk\/wp-json\/wp\/v2\/product_tag?post=2448"}],"curies":[{"name":"wp","href":"https:\/\/api.w.org\/{rel}","templated":true}]}}