{"id":830,"date":"2021-07-06T20:25:00","date_gmt":"2021-07-06T20:25:00","guid":{"rendered":"https:\/\/dsb2b.assemblyweb.net\/chi-siamo"},"modified":"2022-10-08T14:13:39","modified_gmt":"2022-10-08T14:13:39","slug":"o-nas","status":"publish","type":"page","link":"https:\/\/dropshippingb2b.com\/sk\/o-nas","title":{"rendered":"O n\u00e1s\ufffc"},"content":{"rendered":"\n<div class=\"wp-block-cover alignfull\" style=\"min-height:350px;aspect-ratio:unset;\"><span aria-hidden=\"true\" class=\"wp-block-cover__background has-u-002-du-002-dast-global-color-5-background-color has-background-dim-0 has-background-dim\"><\/span><img loading=\"lazy\" decoding=\"async\" width=\"1200\" height=\"1600\" class=\"wp-block-cover__image-background wp-image-2834\" alt=\"\" src=\"https:\/\/dropshippingb2b.com\/wp-content\/uploads\/2022\/01\/wwtech-portada-duotone.jpg\" data-object-fit=\"cover\" srcset=\"https:\/\/dropshippingb2b.com\/wp-content\/uploads\/2022\/01\/wwtech-portada-duotone.jpg 1200w, https:\/\/dropshippingb2b.com\/wp-content\/uploads\/2022\/01\/wwtech-portada-duotone-225x300.jpg 225w, https:\/\/dropshippingb2b.com\/wp-content\/uploads\/2022\/01\/wwtech-portada-duotone-768x1024.jpg 768w, https:\/\/dropshippingb2b.com\/wp-content\/uploads\/2022\/01\/wwtech-portada-duotone-1152x1536.jpg 1152w, https:\/\/dropshippingb2b.com\/wp-content\/uploads\/2022\/01\/wwtech-portada-duotone-300x400.jpg 300w\" sizes=\"auto, (max-width: 1200px) 100vw, 1200px\" \/><div class=\"wp-block-cover__inner-container is-layout-flow wp-block-cover-is-layout-flow\">\n<h2 class=\"has-text-color wp-block-heading\" style=\"color:#ffffff\">O n\u00e1s<\/h2>\n<\/div><\/div>\n\n\n\n<div class=\"inherit-container-width wp-block-group alignfull has-background is-layout-constrained wp-block-group-is-layout-constrained\" style=\"background-color:#f6f6f6\"><div class=\"wp-block-group__inner-container\">\n<div class=\"inherit-container-width wp-block-group mt--50 has-background is-layout-constrained wp-block-group-is-layout-constrained\" style=\"background-color:#ffffff\"><div class=\"wp-block-group__inner-container\">\n<div class=\"wp-block-columns is-layout-flex wp-container-core-columns-is-layout-1 wp-block-columns-is-layout-flex\">\n<div class=\"wp-block-column is-layout-flow wp-block-column-is-layout-flow\" style=\"flex-basis:33.33%\">\n<figure class=\"wp-block-image aligncenter size-full is-resized\"><img loading=\"lazy\" decoding=\"async\" src=\"https:\/\/dropshippingb2b.com\/wp-content\/uploads\/2022\/01\/pingu-hi_it.gif\" alt=\"\" class=\"wp-image-3442\" width=\"266\" height=\"266\"\/><\/figure>\n<\/div>\n\n\n\n<div class=\"wp-block-column is-vertically-aligned-center is-layout-flow wp-block-column-is-layout-flow\" style=\"flex-basis:66.66%\">\n<h3 class=\"wp-block-heading\"><strong>Ahoj, ako sa m\u00e1\u0161?<\/strong><\/h3>\n\n\n\n<p>Sme t\u00edm online ve\u013ekoobchodn\u00edkov a v\u00fdvoj\u00e1rov IT, ktor\u00ed nazbierali svoje sily, aby ka\u017ed\u00e9mu pon\u00fakli mo\u017enos\u0165 prev\u00e1dzkova\u0165 e-commerce.<strong> ktor\u00fd pred\u00e1va mno\u017estvo tovaru bez kapit\u00e1lov\u00fdch invest\u00edci\u00ed do skladu.<\/strong><\/p>\n<\/div>\n<\/div>\n\n\n\n<div class=\"wp-block-columns is-layout-flex wp-container-core-columns-is-layout-2 wp-block-columns-is-layout-flex\">\n<div class=\"wp-block-column is-vertically-aligned-center is-layout-flow wp-block-column-is-layout-flow\" style=\"flex-basis:66.66%\">\n<p class=\"has-medium-font-size\"><strong>20 rokov sk\u00fasenost\u00ed <\/strong>a<strong>&nbsp;11&nbsp;pobo\u010diek po celej Eur\u00f3pe <\/strong>m\u00e1te k&nbsp;dispoz\u00edcii, aby ste z\u00edskali pr\u00e9miov\u00fa slu\u017ebu.<\/p>\n<\/div>\n\n\n\n<div class=\"wp-block-column is-layout-flow wp-block-column-is-layout-flow\" style=\"flex-basis:33.33%\">\n<figure class=\"wp-block-image size-full\"><img loading=\"lazy\" decoding=\"async\" width=\"600\" height=\"400\" src=\"https:\/\/dropshippingb2b.com\/wp-content\/uploads\/2022\/01\/pingu_mappa.png\" alt=\"\" class=\"wp-image-3455\" srcset=\"https:\/\/dropshippingb2b.com\/wp-content\/uploads\/2022\/01\/pingu_mappa.png 600w, https:\/\/dropshippingb2b.com\/wp-content\/uploads\/2022\/01\/pingu_mappa-300x200.png 300w\" sizes=\"auto, (max-width: 600px) 100vw, 600px\" \/><\/figure>\n<\/div>\n<\/div>\n<\/div><\/div>\n\n\n\n<div style=\"height:30px\" aria-hidden=\"true\" class=\"wp-block-spacer\"><\/div>\n\n\n\n<div class=\"inherit-container-width wp-block-group has-background is-layout-constrained wp-block-group-is-layout-constrained\" style=\"background-color:#ffffff\"><div class=\"wp-block-group__inner-container\">\n<figure class=\"wp-block-image aligncenter size-full is-resized\"><img decoding=\"async\" src=\"https:\/\/dropshippingb2b.com\/wp-content\/uploads\/2022\/01\/pingu_worker_wwt.jpg\" alt=\"\" class=\"wp-image-3468\" width=\"-461\" height=\"-282\" srcset=\"https:\/\/dropshippingb2b.com\/wp-content\/uploads\/2022\/01\/pingu_worker_wwt.jpg 700w, https:\/\/dropshippingb2b.com\/wp-content\/uploads\/2022\/01\/pingu_worker_wwt-300x184.jpg 300w\" sizes=\"(max-width: 700px) 100vw, 700px\" \/><\/figure>\n\n\n\n<p>DropshippingB2B je platforma vybudovan\u00e1 spolo\u010dnos\u0165ou WWTech s.r.l., spolo\u010dnos\u0165ou so s\u00eddlom v Mil\u00e1ne, ktor\u00e1 poskytuje z\u00e1kazn\u00edkom <strong>200.000 produktov<\/strong> ka\u017ed\u00fd de\u0148 vo viac ako <strong>50,000 r\u00f4znych referenci\u00e1ch<\/strong>. N\u00e1\u0161 rozsiahly katal\u00f3g je vidite\u013en\u00fd na <a rel=\"noreferrer noopener\" href=\"https:\/\/www.b2bsk.sk\/\" target=\"_blank\">b2bsk.sk<\/a>.<\/p>\n\n\n\n<p>Na\u0161i z\u00e1kazn\u00edci s\u00fa na\u0161ou prioritou a na\u0161ou filozofiou je spr\u00e1va\u0165 sa ku ka\u017ed\u00e9mu jedn\u00e9mu, ako keby bol jedin\u00fd: tento pr\u00edstup n\u00e1s viedol k tomu, aby sme sa stali popredn\u00fdm online distrib\u00fatorom m\u00f3dnych hodiniek v Eur\u00f3pe.<\/p>\n\n\n\n<div style=\"height:20px\" aria-hidden=\"true\" class=\"wp-block-spacer\"><\/div>\n\n\n\n<h3 class=\"has-text-align-center wp-block-heading\"><strong><strong>Svet dropshippingu sa men\u00ed: zme\u0148te sa s nami!<\/strong><\/strong><\/h3>\n\n\n\n<div class=\"wp-block-buttons is-horizontal is-content-justification-center is-layout-flex wp-container-core-buttons-is-layout-1 wp-block-buttons-is-layout-flex\">\n<div class=\"wp-block-button\"><a class=\"wp-block-button__link\" href=\"\/sk\/nase-sluzby\">ZA\u010cNI TERAZ!<\/a><\/div>\n<\/div>\n\n\n\n<div style=\"height:30px\" aria-hidden=\"true\" class=\"wp-block-spacer\"><\/div>\n<\/div><\/div>\n<\/div><\/div>\n\n\n\n<div class=\"inherit-container-width wp-block-group alignfull has-background is-layout-constrained wp-block-group-is-layout-constrained\" style=\"background-color:#fae4d6\"><div class=\"wp-block-group__inner-container\"><\/div><\/div>\n","protected":false},"excerpt":{"rendered":"<p>Ahoj, ako sa m\u00e1\u0161? Sme t\u00edm online ve\u013ekoobchodn\u00edkov a v\u00fdvoj\u00e1rov IT, ktor\u00ed nazbierali svoje sily, aby ka\u017ed\u00e9mu pon\u00fakli mo\u017enos\u0165 prev\u00e1dzkova\u0165 e-commerce. ktor\u00fd pred\u00e1va mno\u017estvo tovaru bez kapit\u00e1lov\u00fdch invest\u00edci\u00ed do skladu. 20 rokov sk\u00fasenost\u00ed a&nbsp;11&nbsp;pobo\u010diek po celej Eur\u00f3pe m\u00e1te k&nbsp;dispoz\u00edcii, aby ste z\u00edskali pr\u00e9miov\u00fa slu\u017ebu. DropshippingB2B je platforma vybudovan\u00e1 spolo\u010dnos\u0165ou WWTech s.r.l., spolo\u010dnos\u0165ou so s\u00eddlom v [&hellip;]<\/p>\n","protected":false},"author":1,"featured_media":0,"parent":0,"menu_order":0,"comment_status":"closed","ping_status":"closed","template":"","meta":{"inline_featured_image":false,"site-sidebar-layout":"default","site-content-layout":"plain-container","ast-site-content-layout":"","site-content-style":"default","site-sidebar-style":"default","ast-global-header-display":"","ast-banner-title-visibility":"","ast-main-header-display":"","ast-hfb-above-header-display":"","ast-hfb-below-header-display":"","ast-hfb-mobile-header-display":"","site-post-title":"disabled","ast-breadcrumbs-content":"","ast-featured-img":"","footer-sml-layout":"","theme-transparent-header-meta":"default","adv-header-id-meta":"","stick-header-meta":"","header-above-stick-meta":"","header-main-stick-meta":"","header-below-stick-meta":"","astra-migrate-meta-layouts":"default","ast-page-background-enabled":"default","ast-page-background-meta":{"desktop":{"background-color":"","background-image":"","background-repeat":"repeat","background-position":"center center","background-size":"auto","background-attachment":"scroll","background-type":"","background-media":"","overlay-type":"","overlay-color":"","overlay-opacity":"","overlay-gradient":""},"tablet":{"background-color":"","background-image":"","background-repeat":"repeat","background-position":"center center","background-size":"auto","background-attachment":"scroll","background-type":"","background-media":"","overlay-type":"","overlay-color":"","overlay-opacity":"","overlay-gradient":""},"mobile":{"background-color":"","background-image":"","background-repeat":"repeat","background-position":"center center","background-size":"auto","background-attachment":"scroll","background-type":"","background-media":"","overlay-type":"","overlay-color":"","overlay-opacity":"","overlay-gradient":""}},"ast-content-background-meta":{"desktop":{"background-color":"var(--ast-global-color-5)","background-image":"","background-repeat":"repeat","background-position":"center center","background-size":"auto","background-attachment":"scroll","background-type":"","background-media":"","overlay-type":"","overlay-color":"","overlay-opacity":"","overlay-gradient":""},"tablet":{"background-color":"var(--ast-global-color-5)","background-image":"","background-repeat":"repeat","background-position":"center center","background-size":"auto","background-attachment":"scroll","background-type":"","background-media":"","overlay-type":"","overlay-color":"","overlay-opacity":"","overlay-gradient":""},"mobile":{"background-color":"var(--ast-global-color-5)","background-image":"","background-repeat":"repeat","background-position":"center center","background-size":"auto","background-attachment":"scroll","background-type":"","background-media":"","overlay-type":"","overlay-color":"","overlay-opacity":"","overlay-gradient":""}},"footnotes":""},"class_list":["post-830","page","type-page","status-publish","hentry"],"_links":{"self":[{"href":"https:\/\/dropshippingb2b.com\/sk\/wp-json\/wp\/v2\/pages\/830","targetHints":{"allow":["GET"]}}],"collection":[{"href":"https:\/\/dropshippingb2b.com\/sk\/wp-json\/wp\/v2\/pages"}],"about":[{"href":"https:\/\/dropshippingb2b.com\/sk\/wp-json\/wp\/v2\/types\/page"}],"author":[{"embeddable":true,"href":"https:\/\/dropshippingb2b.com\/sk\/wp-json\/wp\/v2\/users\/1"}],"replies":[{"embeddable":true,"href":"https:\/\/dropshippingb2b.com\/sk\/wp-json\/wp\/v2\/comments?post=830"}],"version-history":[{"count":7,"href":"https:\/\/dropshippingb2b.com\/sk\/wp-json\/wp\/v2\/pages\/830\/revisions"}],"predecessor-version":[{"id":5760,"href":"https:\/\/dropshippingb2b.com\/sk\/wp-json\/wp\/v2\/pages\/830\/revisions\/5760"}],"wp:attachment":[{"href":"https:\/\/dropshippingb2b.com\/sk\/wp-json\/wp\/v2\/media?parent=830"}],"curies":[{"name":"wp","href":"https:\/\/api.w.org\/{rel}","templated":true}]}}