{"id":568,"date":"2021-06-22T14:57:43","date_gmt":"2021-06-22T14:57:43","guid":{"rendered":"https:\/\/dsb2b.assemblyweb.net\/?page_id=568"},"modified":"2023-01-03T22:11:01","modified_gmt":"2023-01-03T21:11:01","slug":"home","status":"publish","type":"page","link":"https:\/\/dropshippingb2b.com\/sk","title":{"rendered":"Home"},"content":{"rendered":"\n<div class=\"inherit-container-width wp-block-group is-layout-constrained wp-block-group-is-layout-constrained\"><div class=\"wp-block-group__inner-container\">\n<div class=\"wp-block-cover alignfull is-light\" style=\"min-height:502px;aspect-ratio:unset;\"><span aria-hidden=\"true\" class=\"wp-block-cover__background has-background-dim-0 has-background-dim\"><\/span><img loading=\"lazy\" decoding=\"async\" width=\"1200\" height=\"1600\" class=\"wp-block-cover__image-background wp-image-2828\" alt=\"\" src=\"https:\/\/dropshippingb2b.com\/wp-content\/uploads\/2022\/01\/wwtech-portada-duotone.jpg\" style=\"object-position:50% 50%\" data-object-fit=\"cover\" data-object-position=\"50% 50%\" srcset=\"https:\/\/dropshippingb2b.com\/wp-content\/uploads\/2022\/01\/wwtech-portada-duotone.jpg 1200w, https:\/\/dropshippingb2b.com\/wp-content\/uploads\/2022\/01\/wwtech-portada-duotone-300x400.jpg 300w, https:\/\/dropshippingb2b.com\/wp-content\/uploads\/2022\/01\/wwtech-portada-duotone-225x300.jpg 225w, https:\/\/dropshippingb2b.com\/wp-content\/uploads\/2022\/01\/wwtech-portada-duotone-768x1024.jpg 768w, https:\/\/dropshippingb2b.com\/wp-content\/uploads\/2022\/01\/wwtech-portada-duotone-1152x1536.jpg 1152w\" sizes=\"auto, (max-width: 1200px) 100vw, 1200px\" \/><div class=\"wp-block-cover__inner-container is-layout-flow wp-block-cover-is-layout-flow\">\n<h1 class=\"has-text-align-left has-text-color wp-block-heading\" style=\"color:#e5742e\">Dropshipping<\/h1>\n\n\n\n<p class=\"hero-slogan has-white-color has-text-color\" style=\"font-size:32px\">Prirodzen\u00e9 roz\u0161irovanie v\u00e1\u0161ho podnikania<\/p>\n<\/div><\/div>\n\n\n\n<div class=\"wp-block-cover alignfull is-light\" style=\"min-height:126px;aspect-ratio:unset;\"><span aria-hidden=\"true\" class=\"wp-block-cover__background has-background-dim-100 has-background-dim\" style=\"background-color:#e5742e\"><\/span><div class=\"wp-block-cover__inner-container is-layout-flow wp-block-cover-is-layout-flow\">\n<div style=\"height:10px\" aria-hidden=\"true\" class=\"wp-block-spacer\"><\/div>\n\n\n\n<p class=\"has-text-align-center has-medium-font-size\">Dropshipping B2B platforma v\u00e1m poskytuje komplexn\u00fa sadu n\u00e1strojov <br>pre integr\u00e1ciu v\u00e1\u0161ho online obchodu a jednoduch\u00fa spr\u00e1vu objedn\u00e1vok.<\/p>\n<\/div><\/div>\n\n\n\n<div class=\"inherit-container-width wp-block-group alignfull is-layout-constrained wp-block-group-is-layout-constrained\"><div class=\"wp-block-group__inner-container\">\n<div class=\"wp-block-columns are-vertically-aligned-top is-layout-flex wp-container-core-columns-is-layout-1 wp-block-columns-is-layout-flex\">\n<div class=\"wp-block-column is-vertically-aligned-top is-layout-flow wp-block-column-is-layout-flow\">\n<h3 class=\"has-text-align-center wp-block-heading\">DROPSHIPPING<\/h3>\n\n\n\n<p class=\"has-text-align-left has-black-color has-text-color\">\u010co je dropshipping? Dropshipping je slu\u017eba, kde maloobchodn\u00fd predajca pon\u00faka tovar svojho ve\u013ekoobchodn\u00e9ho dod\u00e1vate\u013ea bez potreby n\u00e1kupu na sklad, ale rovno preposiela svoje objedn\u00e1vky dod\u00e1vate\u013eovi. Tento v mene maloobchodn\u00e9ho predajcu tovar zasiela priamo kone\u010dn\u00e9mu spotrebite\u013eovi.<\/p>\n\n\n\n<div class=\"wp-block-buttons button-mobile is-horizontal is-content-justification-center is-layout-flex wp-container-core-buttons-is-layout-1 wp-block-buttons-is-layout-flex\">\n<div class=\"wp-block-button button-mobile\"><a class=\"wp-block-button__link wp-element-button\" href=\"#howItWorks\">\u010c\u00edtaj viac<\/a><\/div>\n<\/div>\n<\/div>\n\n\n\n<div class=\"wp-block-column is-vertically-aligned-top is-layout-flow wp-block-column-is-layout-flow\">\n<h3 class=\"has-text-align-center wp-block-heading\" style=\"text-transform:uppercase\">Our Services<\/h3>\n\n\n\n<p class=\"has-text-align-left has-black-color has-text-color has-normal-font-size\">Sme radi, \u017ee v\u00e1m m\u00f4\u017eeme pon\u00faknu\u0165 IT rie\u0161enia pre prepojenie dod\u00e1vate\u013ea s predajcom a da\u0165 v\u00e1m mo\u017enos\u0165 pred\u00e1va\u0165 priamo va\u0161im z\u00e1kazn\u00edkom bez toho, aby ste museli nak\u00fapi\u0165 tovar na sklad. Zariadime pre v\u00e1s cel\u00fa logistiku a prepravu: vyberte si najlep\u0161ie &nbsp;predplatn\u00e9 na z\u00e1klade va\u0161ich potrieb!<\/p>\n\n\n\n<div class=\"wp-block-buttons button-mobile is-horizontal is-content-justification-center is-layout-flex wp-container-core-buttons-is-layout-2 wp-block-buttons-is-layout-flex\">\n<div class=\"wp-block-button button-mobile\"><a class=\"wp-block-button__link wp-element-button\" href=\"\/sk\/nase-sluzby\">\u010c\u00edtaj viac<\/a><\/div>\n<\/div>\n<\/div>\n\n\n\n<div class=\"wp-block-column is-vertically-aligned-top is-layout-flow wp-block-column-is-layout-flow\">\n<h3 class=\"has-text-align-center wp-block-heading\">DATA FLOW<\/h3>\n\n\n\n<p class=\"has-text-align-left has-black-color has-text-color has-normal-font-size\">Vyberte si rie\u0161enie, ktor\u00e9 v\u00e1m najviac vyhovuje, s\u0165ahujte kompletn\u00fd katal\u00f3g produktov manu\u00e1lne &nbsp;(statick\u00fd tok: XML, JSON a export CSV vr\u00e1tane obr\u00e1zkov), alebo automaticky (priamy prenos: API integr\u00e1cia, aktualizovan\u00e9 v re\u00e1lnom \u010dase).<\/p>\n\n\n\n<div class=\"wp-block-buttons button-mobile is-horizontal is-content-justification-center is-layout-flex wp-container-core-buttons-is-layout-3 wp-block-buttons-is-layout-flex\">\n<div class=\"wp-block-button button-mobile\"><a class=\"wp-block-button__link wp-element-button\" href=\"\/sk\/datovy-tok\">\u010c\u00edtaj viac<\/a><\/div>\n<\/div>\n<\/div>\n\n\n\n<div class=\"wp-block-column is-vertically-aligned-top is-layout-flow wp-block-column-is-layout-flow\">\n<h3 class=\"has-text-align-center wp-block-heading\">WEB PLATFORM<\/h3>\n\n\n\n<p class=\"has-black-color has-text-color\">Dropshipping B2B je webov\u00e1 platforma, ktor\u00e1 umo\u017e\u0148uje r\u00fdchle a jednoduch\u00e9 spravovanie objedn\u00e1vok. Pom\u00e1ha predajcovi komunikova\u0165 s logistikou a sledova\u0165 priebeh a stav ka\u017edej objedn\u00e1vky.<\/p>\n\n\n\n<div class=\"wp-block-buttons button-mobile is-horizontal is-content-justification-center is-layout-flex wp-container-core-buttons-is-layout-4 wp-block-buttons-is-layout-flex\">\n<div class=\"wp-block-button button-mobile\"><a class=\"wp-block-button__link wp-element-button\" href=\"\/sk\/skweb-platforma\">\u010c\u00edtaj viac<\/a><\/div>\n<\/div>\n<\/div>\n<\/div>\n\n\n\n<div class=\"wp-block-columns are-vertically-aligned-top buttons-desktop is-layout-flex wp-container-core-columns-is-layout-2 wp-block-columns-is-layout-flex\">\n<div class=\"wp-block-column is-vertically-aligned-top is-layout-flow wp-block-column-is-layout-flow\">\n<div class=\"wp-block-buttons is-horizontal is-content-justification-center is-layout-flex wp-container-core-buttons-is-layout-5 wp-block-buttons-is-layout-flex\">\n<div class=\"wp-block-button\"><a class=\"wp-block-button__link wp-element-button\" href=\"#howItWorks\">\u010c\u00edtaj viac<\/a><\/div>\n<\/div>\n<\/div>\n\n\n\n<div class=\"wp-block-column is-vertically-aligned-top is-layout-flow wp-block-column-is-layout-flow\">\n<div class=\"wp-block-buttons is-horizontal is-content-justification-center is-layout-flex wp-container-core-buttons-is-layout-6 wp-block-buttons-is-layout-flex\">\n<div class=\"wp-block-button\"><a class=\"wp-block-button__link wp-element-button\" href=\"\/sk\/nase-sluzby\">\u010c\u00edtaj viac<\/a><\/div>\n<\/div>\n<\/div>\n\n\n\n<div class=\"wp-block-column is-vertically-aligned-top is-layout-flow wp-block-column-is-layout-flow\">\n<div class=\"wp-block-buttons is-horizontal is-content-justification-center is-layout-flex wp-container-core-buttons-is-layout-7 wp-block-buttons-is-layout-flex\">\n<div class=\"wp-block-button\"><a class=\"wp-block-button__link wp-element-button\" href=\"\/sk\/datovy-tok\">\u010c\u00edtaj viac<\/a><\/div>\n<\/div>\n<\/div>\n\n\n\n<div class=\"wp-block-column is-vertically-aligned-top is-layout-flow wp-block-column-is-layout-flow\">\n<div class=\"wp-block-buttons is-horizontal is-content-justification-center is-layout-flex wp-container-core-buttons-is-layout-8 wp-block-buttons-is-layout-flex\">\n<div class=\"wp-block-button\"><a class=\"wp-block-button__link wp-element-button\" href=\"\/sk\/web-platforma\">\u010c\u00edtaj viac<\/a><\/div>\n<\/div>\n<\/div>\n<\/div>\n<\/div><\/div>\n\n\n\n<div class=\"inherit-container-width wp-block-group alignfull has-background is-layout-constrained wp-block-group-is-layout-constrained\" id=\"vantaggi\" style=\"background-color:#fafafa\"><div class=\"wp-block-group__inner-container\">\n<div class=\"wp-block-columns is-layout-flex wp-container-core-columns-is-layout-3 wp-block-columns-is-layout-flex\">\n<div class=\"wp-block-column is-vertically-aligned-center is-layout-flow wp-block-column-is-layout-flow\" style=\"flex-basis:33.33%\">\n<figure class=\"wp-block-image aligncenter size-large\"><img decoding=\"async\" src=\"https:\/\/dropshippingb2b.com\/wp-content\/uploads\/\/2021\/12\/pingu_boxes.svg\" alt=\"\"\/><\/figure>\n<\/div>\n\n\n\n<div class=\"wp-block-column is-vertically-aligned-center is-layout-flow wp-block-column-is-layout-flow\" style=\"flex-basis:66.66%\">\n<h3 class=\"wp-block-heading\"><strong><strong>Ak\u00e9 v\u00fdhody v\u00e1m slu\u017eba &nbsp;Dropshipping pon\u00faka?<\/strong><\/strong><\/h3>\n\n\n\n<ul class=\"wp-block-list\">\n<li>Obsiahly katal\u00f3g k integr\u00e1cii s va\u0161im online obchodom<\/li>\n\n\n\n<li>\u017diadne skladov\u00e9 z\u00e1soby<\/li>\n\n\n\n<li>Denn\u00e9 zasielanie tovarov za zv\u00fdhodnen\u00e9 sadzby&nbsp;<\/li>\n\n\n\n<li>Re\u00e1lny n\u00e1kupn\u00fd ko\u0161\u00edk &nbsp;( o mno\u017estv\u00e1 polo\u017eiek vo va\u0161om ko\u0161\u00edku s\u00fa ihne\u010f zredukovan\u00e9 mno\u017estv\u00e1 v dod\u00e1vate\u013eskom katal\u00f3gu )<\/li>\n\n\n\n<li>Mo\u017enos\u0165 vlo\u017ei\u0165 prepravn\u00fa adresu a prilo\u017ei\u0165 in\u00e9 dokumenty pre ka\u017ed\u00fa polo\u017eku files&nbsp;<\/li>\n\n\n\n<li>Priamy chat s prepravnou spolo\u010dnos\u0165ou<\/li>\n\n\n\n<li>Podpora na telef\u00f3ne a online asistencia<\/li>\n<\/ul>\n<\/div>\n<\/div>\n<\/div><\/div>\n\n\n\n<div id=\"howItWorks\" class=\"inherit-container-width wp-block-group is-layout-constrained wp-block-group-is-layout-constrained\"><div class=\"wp-block-group__inner-container\">\n<div style=\"height:100px\" aria-hidden=\"true\" class=\"wp-block-spacer\"><\/div>\n\n\n\n<h3 class=\"has-text-align-center wp-block-heading\"><strong><strong>Ako to funguje<\/strong>?<\/strong><\/h3>\n\n\n\n<h2 class=\"has-text-align-center has-luminous-vivid-orange-color has-text-color wp-block-heading\">JE TO JEDNODUCH\u00c9!<\/h2>\n\n\n\n<div style=\"height:30px\" aria-hidden=\"true\" class=\"wp-block-spacer\"><\/div>\n\n\n\n<div class=\"wp-block-columns alignwide is-layout-flex wp-container-core-columns-is-layout-4 wp-block-columns-is-layout-flex\">\n<div class=\"wp-block-column is-layout-flow wp-block-column-is-layout-flow\">\n<h4 class=\"has-text-align-center home-circle has-luminous-vivid-orange-color has-text-color has-background wp-block-heading\" style=\"background-color:#fae3d4\">1<\/h4>\n\n\n\n<p>Predajca publikuje katal\u00f3g produktov vo vlastnom online obchode a\/alebo na inom on-line trhovisku (eBay, Amazon, at\u010f.).<\/p>\n<\/div>\n\n\n\n<div class=\"wp-block-column is-layout-flow wp-block-column-is-layout-flow\">\n<h4 class=\"has-text-align-center home-circle has-luminous-vivid-orange-color has-text-color has-background wp-block-heading\" style=\"background-color:#fae3d4\">2<\/h4>\n\n\n\n<p>Kone\u010dn\u00fd z\u00e1kazn\u00edk k\u00fapi tento produkt od predajcu.<\/p>\n<\/div>\n\n\n\n<div class=\"wp-block-column is-layout-flow wp-block-column-is-layout-flow\">\n<h4 class=\"has-text-align-center home-circle has-luminous-vivid-orange-color has-text-color has-background wp-block-heading\" style=\"background-color:#fae3d4\">3<\/h4>\n\n\n\n<p>Predajca prepo\u0161le objedn\u00e1vku a dodaciu adresu to dod\u00e1vate\u013eovi cez DropshippingB2B platformu.<\/p>\n<\/div>\n\n\n\n<div class=\"wp-block-column is-layout-flow wp-block-column-is-layout-flow\">\n<h4 class=\"has-text-align-center home-circle has-luminous-vivid-orange-color has-text-color has-background wp-block-heading\" style=\"background-color:#fae3d4\">4<\/h4>\n\n\n\n<p>Tovar bude zaslan\u00fd priamo spotrebite\u013eovi na jeho adresu.<\/p>\n<\/div>\n<\/div>\n\n\n\n<figure class=\"wp-block-image aligncenter size-full\"><img loading=\"lazy\" decoding=\"async\" width=\"1000\" height=\"556\" src=\"https:\/\/dropshippingb2b.com\/wp-content\/uploads\/2022\/08\/infograph_ds_en.png\" alt=\"\" class=\"wp-image-4038\" srcset=\"https:\/\/dropshippingb2b.com\/wp-content\/uploads\/2022\/08\/infograph_ds_en.png 1000w, https:\/\/dropshippingb2b.com\/wp-content\/uploads\/2022\/08\/infograph_ds_en-300x167.png 300w, https:\/\/dropshippingb2b.com\/wp-content\/uploads\/2022\/08\/infograph_ds_en-768x427.png 768w\" sizes=\"auto, (max-width: 1000px) 100vw, 1000px\" \/><\/figure>\n\n\n\n<div style=\"height:30px\" aria-hidden=\"true\" class=\"wp-block-spacer\"><\/div>\n\n\n\n<div class=\"wp-block-buttons is-horizontal is-content-justification-center is-layout-flex wp-container-core-buttons-is-layout-9 wp-block-buttons-is-layout-flex\">\n<div class=\"wp-block-button is-style-outline is-style-outline--1\"><a class=\"wp-block-button__link has-text-color wp-element-button\" href=\"\/sk\/kontakt\" style=\"color:#e5742e\">Kontakt<\/a><\/div>\n<\/div>\n<\/div><\/div>\n\n\n\n<div class=\"inherit-container-width wp-block-group alignfull has-background is-layout-constrained wp-block-group-is-layout-constrained\" style=\"background-color:#fae4d6\"><div class=\"wp-block-group__inner-container\"><\/div><\/div>\n<\/div><\/div>\n","protected":false},"excerpt":{"rendered":"<p>DROPSHIPPING \u010co je dropshipping? Dropshipping je slu\u017eba, kde maloobchodn\u00fd predajca pon\u00faka tovar svojho ve\u013ekoobchodn\u00e9ho dod\u00e1vate\u013ea bez potreby n\u00e1kupu na sklad, ale rovno preposiela svoje objedn\u00e1vky dod\u00e1vate\u013eovi. Tento v mene maloobchodn\u00e9ho predajcu tovar zasiela priamo kone\u010dn\u00e9mu spotrebite\u013eovi. Our Services Sme radi, \u017ee v\u00e1m m\u00f4\u017eeme pon\u00faknu\u0165 IT rie\u0161enia pre prepojenie dod\u00e1vate\u013ea s predajcom a da\u0165 v\u00e1m mo\u017enos\u0165 [&hellip;]<\/p>\n","protected":false},"author":1,"featured_media":0,"parent":0,"menu_order":0,"comment_status":"closed","ping_status":"closed","template":"","meta":{"inline_featured_image":false,"site-sidebar-layout":"no-sidebar","site-content-layout":"plain-container","ast-site-content-layout":"","site-content-style":"default","site-sidebar-style":"default","ast-global-header-display":"","ast-banner-title-visibility":"","ast-main-header-display":"","ast-hfb-above-header-display":"","ast-hfb-below-header-display":"","ast-hfb-mobile-header-display":"","site-post-title":"disabled","ast-breadcrumbs-content":"disabled","ast-featured-img":"disabled","footer-sml-layout":"","theme-transparent-header-meta":"enabled","adv-header-id-meta":"","stick-header-meta":"","header-above-stick-meta":"","header-main-stick-meta":"","header-below-stick-meta":"","astra-migrate-meta-layouts":"default","ast-page-background-enabled":"default","ast-page-background-meta":{"desktop":{"background-color":"","background-image":"","background-repeat":"repeat","background-position":"center center","background-size":"auto","background-attachment":"scroll","background-type":"","background-media":"","overlay-type":"","overlay-color":"","overlay-opacity":"","overlay-gradient":""},"tablet":{"background-color":"","background-image":"","background-repeat":"repeat","background-position":"center center","background-size":"auto","background-attachment":"scroll","background-type":"","background-media":"","overlay-type":"","overlay-color":"","overlay-opacity":"","overlay-gradient":""},"mobile":{"background-color":"","background-image":"","background-repeat":"repeat","background-position":"center center","background-size":"auto","background-attachment":"scroll","background-type":"","background-media":"","overlay-type":"","overlay-color":"","overlay-opacity":"","overlay-gradient":""}},"ast-content-background-meta":{"desktop":{"background-color":"var(--ast-global-color-5)","background-image":"","background-repeat":"repeat","background-position":"center center","background-size":"auto","background-attachment":"scroll","background-type":"","background-media":"","overlay-type":"","overlay-color":"","overlay-opacity":"","overlay-gradient":""},"tablet":{"background-color":"var(--ast-global-color-5)","background-image":"","background-repeat":"repeat","background-position":"center center","background-size":"auto","background-attachment":"scroll","background-type":"","background-media":"","overlay-type":"","overlay-color":"","overlay-opacity":"","overlay-gradient":""},"mobile":{"background-color":"var(--ast-global-color-5)","background-image":"","background-repeat":"repeat","background-position":"center center","background-size":"auto","background-attachment":"scroll","background-type":"","background-media":"","overlay-type":"","overlay-color":"","overlay-opacity":"","overlay-gradient":""}},"footnotes":""},"class_list":["post-568","page","type-page","status-publish","hentry"],"_links":{"self":[{"href":"https:\/\/dropshippingb2b.com\/sk\/wp-json\/wp\/v2\/pages\/568","targetHints":{"allow":["GET"]}}],"collection":[{"href":"https:\/\/dropshippingb2b.com\/sk\/wp-json\/wp\/v2\/pages"}],"about":[{"href":"https:\/\/dropshippingb2b.com\/sk\/wp-json\/wp\/v2\/types\/page"}],"author":[{"embeddable":true,"href":"https:\/\/dropshippingb2b.com\/sk\/wp-json\/wp\/v2\/users\/1"}],"replies":[{"embeddable":true,"href":"https:\/\/dropshippingb2b.com\/sk\/wp-json\/wp\/v2\/comments?post=568"}],"version-history":[{"count":9,"href":"https:\/\/dropshippingb2b.com\/sk\/wp-json\/wp\/v2\/pages\/568\/revisions"}],"predecessor-version":[{"id":7046,"href":"https:\/\/dropshippingb2b.com\/sk\/wp-json\/wp\/v2\/pages\/568\/revisions\/7046"}],"wp:attachment":[{"href":"https:\/\/dropshippingb2b.com\/sk\/wp-json\/wp\/v2\/media?parent=568"}],"curies":[{"name":"wp","href":"https:\/\/api.w.org\/{rel}","templated":true}]}}