{"id":4906,"date":"2022-09-20T19:49:58","date_gmt":"2022-09-20T19:49:58","guid":{"rendered":"https:\/\/dsb2b.assemblyweb.net\/dropshipping"},"modified":"2022-10-07T14:27:58","modified_gmt":"2022-10-07T14:27:58","slug":"dropshipping","status":"publish","type":"page","link":"https:\/\/dropshippingb2b.com\/sk\/dropshipping","title":{"rendered":"Dropshipping"},"content":{"rendered":"\n<div class=\"wp-block-cover alignfull\" style=\"min-height:350px;aspect-ratio:unset;\"><span aria-hidden=\"true\" class=\"wp-block-cover__background has-background-dim-0 has-background-dim\"><\/span><img loading=\"lazy\" decoding=\"async\" width=\"1200\" height=\"1600\" class=\"wp-block-cover__image-background wp-image-2834\" alt=\"\" src=\"https:\/\/dropshippingb2b.com\/wp-content\/uploads\/2022\/01\/wwtech-portada-duotone.jpg\" data-object-fit=\"cover\" srcset=\"https:\/\/dropshippingb2b.com\/wp-content\/uploads\/2022\/01\/wwtech-portada-duotone.jpg 1200w, https:\/\/dropshippingb2b.com\/wp-content\/uploads\/2022\/01\/wwtech-portada-duotone-225x300.jpg 225w, https:\/\/dropshippingb2b.com\/wp-content\/uploads\/2022\/01\/wwtech-portada-duotone-768x1024.jpg 768w, https:\/\/dropshippingb2b.com\/wp-content\/uploads\/2022\/01\/wwtech-portada-duotone-1152x1536.jpg 1152w, https:\/\/dropshippingb2b.com\/wp-content\/uploads\/2022\/01\/wwtech-portada-duotone-300x400.jpg 300w\" sizes=\"auto, (max-width: 1200px) 100vw, 1200px\" \/><div class=\"wp-block-cover__inner-container is-layout-flow wp-block-cover-is-layout-flow\">\n<h2 class=\"has-text-color has-huge-font-size wp-block-heading\" style=\"color:#ffffff\"><strong>\u010co je to dropshipping?<\/strong><\/h2>\n\n\n\n<h4 class=\"has-text-color has-huge-font-size wp-block-heading\" style=\"color:#ffffff\">Praktick\u00fd a r\u00fdchly n\u00e1vod, ako zisti\u0165, \u010do je to dropshipping a ako funguje<\/h4>\n<\/div><\/div>\n\n\n\n<div class=\"inherit-container-width wp-block-group alignfull has-background is-layout-constrained wp-block-group-is-layout-constrained\" style=\"background-color:#f6f6f6\"><div class=\"wp-block-group__inner-container\">\n<div class=\"inherit-container-width wp-block-group has-background is-layout-constrained wp-block-group-is-layout-constrained\" style=\"background-color:#ffffff\"><div class=\"wp-block-group__inner-container\">\n<p>Dropshipping je obchodn\u00fd model, ktor\u00fd umo\u017e\u0148uje &nbsp;B2C predajcom pon\u00faka\u0165 tovar bez \u017eiadnej invest\u00edcie a bez skladov\u00fdch z\u00e1sob, &nbsp;a z\u00e1rove\u0148 m\u00e1 vyrie\u0161en\u00fa logistiku a ot\u00e1zku prepravy.<\/p>\n\n\n\n<p>B2B SK v\u00e1m pon\u00faka oboje: katal\u00f3g so \u0161irok\u00fdm sortimentom tovaru na stiahnutie v CSV, XML form\u00e1te a webov\u00fa platformu na spr\u00e1vu va\u0161ich objedn\u00e1vok cez Dropshipping priamo va\u0161im z\u00e1kazn\u00edkom.<\/p>\n\n\n\n<figure class=\"wp-block-embed is-type-video is-provider-youtube wp-block-embed-youtube wp-embed-aspect-16-9 wp-has-aspect-ratio\"><div class=\"wp-block-embed__wrapper\">\n<div class=\"ast-oembed-container \" style=\"height: 100%;\"><iframe loading=\"lazy\" title=\"\u200bDropshipping orologi, bigiotteria &amp; accessori moda by WWT\" width=\"500\" height=\"281\" src=\"https:\/\/www.youtube.com\/embed\/RHtsBEoeL9U?feature=oembed\" frameborder=\"0\" allow=\"accelerometer; autoplay; clipboard-write; encrypted-media; gyroscope; picture-in-picture; web-share\" referrerpolicy=\"strict-origin-when-cross-origin\" allowfullscreen><\/iframe><\/div>\n<\/div><\/figure>\n<\/div><\/div>\n\n\n\n<div style=\"height:20px\" aria-hidden=\"true\" class=\"wp-block-spacer\"><\/div>\n\n\n\n<div class=\"inherit-container-width wp-block-group has-background is-layout-constrained wp-block-group-is-layout-constrained\" style=\"background-color:#ffffff\"><div class=\"wp-block-group__inner-container\">\n<h3 class=\"has-text-align-center wp-block-heading\"><strong>AKO SLU\u017dBA DROPSHIPPING FUNGUJE?<\/strong><\/h3>\n\n\n\n<h4 class=\"has-white-color has-text-color has-background wp-block-heading\" style=\"background-color:#e5742e\"><strong>1. <strong>Vyberte si predplatn\u00e9, ktor\u00e9 v\u00e1m vyhovuje<\/strong><\/strong><\/h4>\n\n\n\n<p>Na\u0161e predplatn\u00e9 je navrhnut\u00e9 tak, aby vyhovovalo po\u017eiadavk\u00e1m ako men\u0161\u00edch online obchodov, za\u010d\u00ednaj\u00facim podnikom , ako aj v\u00e4\u010d\u0161\u00edm a n\u00e1ro\u010dnej\u0161\u00edm klientom, ktor\u00fdm poskytujeme kompletn\u00fd bal\u00edk slu\u017eieb.<br>Okrem mo\u017enosti roz\u0161\u00edri\u0165 si svoju ponuku tovaru z n\u00e1\u0161ho katal\u00f3gu pon\u00fakame taktie\u017e mo\u017enos\u0165 naplno integrova\u0165 logistiku a dopravu s cie\u013eom poskytn\u00fa\u0165 r\u00fdchlu a profesion\u00e1lnu slu\u017ebu va\u0161im kone\u010dn\u00fdm z\u00e1kazn\u00edkom.<\/p>\n\n\n\n<div style=\"height:50px\" aria-hidden=\"true\" class=\"wp-block-spacer\"><\/div>\n\n\n\n<h4 class=\"has-white-color has-text-color has-background wp-block-heading\" style=\"background-color:#e5742e\"><strong><strong><strong>2.&nbsp;<strong>Stiahnite si n\u00e1\u0161&nbsp;katal\u00f3g a importujte tovary do v\u00e1\u0161ho online obchodu<\/strong><\/strong><\/strong><\/strong><\/h4>\n\n\n\n<p>Pon\u00fakame v\u00e1m cel\u00fd n\u00e1\u0161 katal\u00f3g na stiahnutie bu\u010f manu\u00e1lne (export CSV feedu, vr\u00e1tane linkov na obr\u00e1zky, aktualizovan\u00e9 ka\u017ed\u00e9 2 hodiny), alebo automaticky (cez &nbsp;API integr\u00e1ciu, aktualizovan\u00fa v re\u00e1lnom \u010dase).<\/p>\n\n\n\n<div style=\"height:50px\" aria-hidden=\"true\" class=\"wp-block-spacer\"><\/div>\n\n\n\n<h4 class=\"has-white-color has-text-color has-background wp-block-heading\" style=\"background-color:#e5742e\"><strong><strong><strong><strong>3. <strong>Zad\u00e1vajte svoje objedn\u00e1vky<\/strong><\/strong><\/strong><\/strong><\/strong><\/h4>\n\n\n\n<p>Cez na\u0161u platformu m\u00f4\u017eete vklada\u0165 produkty priamo z n\u00e1\u0161ho ve\u013ekoobchodn\u00e9ho katal\u00f3gu do ko\u0161\u00edka s t\u00fdmito v\u00fdhodami:<br>&#8211; re\u00e1lny n\u00e1kupn\u00fd ko\u0161\u00edk: vlo\u017een\u00e9 produkty sa automaticky od\u010d\u00edtaj\u00fa z dostupnosti dod\u00e1vate\u013esk\u00e9ho ve\u013ekoobchodn\u00e9ho katal\u00f3gu, aby sme zabezpe\u010dili vy\u0161\u0161ie percento plnenia objedn\u00e1vok a &nbsp;predch\u00e1dzali n\u00e1kupu rovnak\u00e9ho tovaru in\u00fdm u\u017e\u00edvate\u013eom, kedy klient \u010dak\u00e1 na potvrdenie objedn\u00e1vky. T\u00e1to oper\u00e1cia je vratn\u00e1, akon\u00e1hle vyma\u017eete tovar zo svojho ko\u0161\u00edka, tovar sa op\u00e4\u0165 pripo\u010d\u00edta k dostupn\u00e9mu mno\u017estvu v katal\u00f3gu;<br>&#8211; mo\u017enos\u0165 vlo\u017ei\u0165 dodaciu adresu pre ka\u017ed\u00fa &nbsp;B2C objedn\u00e1vku a prilo\u017eenie dokumentov (napr.. fakt\u00faru, promo kup\u00f3ny, reklamn\u00e9 plag\u00e1ty, at\u010f.); pre ka\u017ed\u00fa objedn\u00e1vku je k dispoz\u00edcii intern\u00e1 komunik\u00e1cia prostredn\u00edctvom spr\u00e1v pre komunik\u00e1ciu s logistikou.<\/p>\n\n\n\n<div style=\"height:50px\" aria-hidden=\"true\" class=\"wp-block-spacer\"><\/div>\n\n\n\n<h4 class=\"has-white-color has-text-color has-background wp-block-heading\" style=\"background-color:#e5742e\"><strong><strong><strong><strong><strong>4. <strong>Faktur\u00e1cia<\/strong><\/strong><\/strong><\/strong><\/strong><\/strong><\/h4>\n\n\n\n<p>V\u0161etky va\u0161e B2C objedn\u00e1vky s\u00fa zoskupovan\u00e9 do jednej B2B objedn\u00e1vky, \u010do v\u00e1m umo\u017en\u00ed dosta\u0165 jednu fakt\u00faru za v\u0161etky va\u0161e potvrden\u00e9 objedn\u00e1vky (alebo pod\u013ea va\u0161ich potrieb), s cie\u013eom zjednodu\u0161i\u0165 \u00fa\u010dtovn\u00edctvo a zr\u00fdchli\u0165 prepravu<strong>.<\/strong><\/p>\n<\/div><\/div>\n\n\n\n<div style=\"height:20px\" aria-hidden=\"true\" class=\"wp-block-spacer\"><\/div>\n\n\n\n<div class=\"inherit-container-width wp-block-group has-background is-layout-constrained wp-block-group-is-layout-constrained\" style=\"background-color:#ffffff\"><div class=\"wp-block-group__inner-container\">\n<h2 class=\"has-text-align-center wp-block-heading\">Prestashop<\/h2>\n\n\n\n<figure class=\"wp-block-image aligncenter size-full is-resized\"><img loading=\"lazy\" decoding=\"async\" src=\"https:\/\/dropshippingb2b.com\/wp-content\/uploads\/2022\/01\/logo_prestashop.jpg\" alt=\"\" class=\"wp-image-3503\" width=\"175\" height=\"113\" srcset=\"https:\/\/dropshippingb2b.com\/wp-content\/uploads\/2022\/01\/logo_prestashop.jpg 700w, https:\/\/dropshippingb2b.com\/wp-content\/uploads\/2022\/01\/logo_prestashop-300x193.jpg 300w\" sizes=\"auto, (max-width: 175px) 100vw, 175px\" \/><\/figure>\n\n\n\n<p>M\u00f4\u017eeme vytvori\u0165 v\u00e1\u0161 prv\u00fd eCommerce projekt pomocou jedn\u00e9ho z najlep\u0161\u00edch a najpopul\u00e1rnej\u0161\u00edch CMS v Eur\u00f3pe: PrestaShop.<br>Pom\u00f4\u017eeme v\u00e1m zorganizova\u0165 va\u0161u str\u00e1nku tak, aby spr\u00e1va va\u0161ich kontaktov a predaja bola r\u00fdchla a jednoduch\u00e1.<br>Nebudete sa musie\u0165 o ni\u010d stara\u0165, d\u00f4verujte n\u00e1m a dostanete kompletn\u00fd bal\u00edk na za\u010datie pou\u017e\u00edvania v\u00e1\u0161ho eCommerce.<br>K dispoz\u00edcii je aj v\u00fdvoj pluginov na integr\u00e1ciu v\u0161etk\u00fdch produktov z katal\u00f3gu WWT na va\u0161u str\u00e1nku.<\/p>\n\n\n\n<p>Ak u\u017e m\u00e1te eCommerce vyvinut\u00fd na b\u00e1ze PrestaShopu (vo verzii 1.6 aj 1.7), mo\u017eno v\u00e1s bude zauj\u00edma\u0165, \u017ee sme u\u017e predt\u00fdm nechali externou spolo\u010dnos\u0165ou vyvin\u00fa\u0165 dva integra\u010dn\u00e9 moduly, ktor\u00e9 v\u00e1m umo\u017e\u0148uj\u00fa jednoducho IMPORTOVA\u0164 v\u0161etky produkty a automaticky EXPORTOVA\u0164 objedn\u00e1vky dod\u00e1vate\u013eom a spravujte vidite\u013enos\u0165 katal\u00f3gov, zliav, ziskov\u00fdch mar\u017e\u00ed a ove\u013ea viac!<\/p>\n<\/div><\/div>\n<\/div><\/div>\n\n\n\n<div class=\"inherit-container-width wp-block-group alignfull has-background is-layout-constrained wp-block-group-is-layout-constrained\" style=\"background-color:#fae4d6\"><div class=\"wp-block-group__inner-container\"><\/div><\/div>\n","protected":false},"excerpt":{"rendered":"<p>Dropshipping je obchodn\u00fd model, ktor\u00fd umo\u017e\u0148uje &nbsp;B2C predajcom pon\u00faka\u0165 tovar bez \u017eiadnej invest\u00edcie a bez skladov\u00fdch z\u00e1sob, &nbsp;a z\u00e1rove\u0148 m\u00e1 vyrie\u0161en\u00fa logistiku a ot\u00e1zku prepravy. B2B SK v\u00e1m pon\u00faka oboje: katal\u00f3g so \u0161irok\u00fdm sortimentom tovaru na stiahnutie v CSV, XML form\u00e1te a webov\u00fa platformu na spr\u00e1vu va\u0161ich objedn\u00e1vok cez Dropshipping priamo va\u0161im z\u00e1kazn\u00edkom. AKO SLU\u017dBA [&hellip;]<\/p>\n","protected":false},"author":1,"featured_media":0,"parent":0,"menu_order":0,"comment_status":"closed","ping_status":"closed","template":"","meta":{"inline_featured_image":false,"site-sidebar-layout":"default","site-content-layout":"page-builder","ast-site-content-layout":"","site-content-style":"default","site-sidebar-style":"default","ast-global-header-display":"","ast-banner-title-visibility":"","ast-main-header-display":"","ast-hfb-above-header-display":"","ast-hfb-below-header-display":"","ast-hfb-mobile-header-display":"","site-post-title":"disabled","ast-breadcrumbs-content":"","ast-featured-img":"","footer-sml-layout":"","theme-transparent-header-meta":"","adv-header-id-meta":"","stick-header-meta":"","header-above-stick-meta":"","header-main-stick-meta":"","header-below-stick-meta":"","astra-migrate-meta-layouts":"default","ast-page-background-enabled":"default","ast-page-background-meta":{"desktop":{"background-color":"","background-image":"","background-repeat":"repeat","background-position":"center center","background-size":"auto","background-attachment":"scroll","background-type":"","background-media":"","overlay-type":"","overlay-color":"","overlay-opacity":"","overlay-gradient":""},"tablet":{"background-color":"","background-image":"","background-repeat":"repeat","background-position":"center center","background-size":"auto","background-attachment":"scroll","background-type":"","background-media":"","overlay-type":"","overlay-color":"","overlay-opacity":"","overlay-gradient":""},"mobile":{"background-color":"","background-image":"","background-repeat":"repeat","background-position":"center center","background-size":"auto","background-attachment":"scroll","background-type":"","background-media":"","overlay-type":"","overlay-color":"","overlay-opacity":"","overlay-gradient":""}},"ast-content-background-meta":{"desktop":{"background-color":"var(--ast-global-color-5)","background-image":"","background-repeat":"repeat","background-position":"center center","background-size":"auto","background-attachment":"scroll","background-type":"","background-media":"","overlay-type":"","overlay-color":"","overlay-opacity":"","overlay-gradient":""},"tablet":{"background-color":"var(--ast-global-color-5)","background-image":"","background-repeat":"repeat","background-position":"center center","background-size":"auto","background-attachment":"scroll","background-type":"","background-media":"","overlay-type":"","overlay-color":"","overlay-opacity":"","overlay-gradient":""},"mobile":{"background-color":"var(--ast-global-color-5)","background-image":"","background-repeat":"repeat","background-position":"center center","background-size":"auto","background-attachment":"scroll","background-type":"","background-media":"","overlay-type":"","overlay-color":"","overlay-opacity":"","overlay-gradient":""}},"footnotes":""},"class_list":["post-4906","page","type-page","status-publish","hentry"],"_links":{"self":[{"href":"https:\/\/dropshippingb2b.com\/sk\/wp-json\/wp\/v2\/pages\/4906","targetHints":{"allow":["GET"]}}],"collection":[{"href":"https:\/\/dropshippingb2b.com\/sk\/wp-json\/wp\/v2\/pages"}],"about":[{"href":"https:\/\/dropshippingb2b.com\/sk\/wp-json\/wp\/v2\/types\/page"}],"author":[{"embeddable":true,"href":"https:\/\/dropshippingb2b.com\/sk\/wp-json\/wp\/v2\/users\/1"}],"replies":[{"embeddable":true,"href":"https:\/\/dropshippingb2b.com\/sk\/wp-json\/wp\/v2\/comments?post=4906"}],"version-history":[{"count":2,"href":"https:\/\/dropshippingb2b.com\/sk\/wp-json\/wp\/v2\/pages\/4906\/revisions"}],"predecessor-version":[{"id":5592,"href":"https:\/\/dropshippingb2b.com\/sk\/wp-json\/wp\/v2\/pages\/4906\/revisions\/5592"}],"wp:attachment":[{"href":"https:\/\/dropshippingb2b.com\/sk\/wp-json\/wp\/v2\/media?parent=4906"}],"curies":[{"name":"wp","href":"https:\/\/api.w.org\/{rel}","templated":true}]}}