{"id":3676,"date":"2022-09-22T00:52:08","date_gmt":"2022-09-22T00:52:08","guid":{"rendered":"https:\/\/dsb2b.assemblyweb.net\/?page_id=3676"},"modified":"2022-10-12T04:36:32","modified_gmt":"2022-10-12T04:36:32","slug":"faq","status":"publish","type":"page","link":"https:\/\/dropshippingb2b.com\/sk\/faq","title":{"rendered":"FAQ"},"content":{"rendered":"\n<div class=\"wp-block-cover alignfull\" style=\"min-height:350px;aspect-ratio:unset;\"><span aria-hidden=\"true\" class=\"wp-block-cover__background has-u-002-du-002-dast-global-color-0-background-color has-background-dim-0 has-background-dim\"><\/span><img loading=\"lazy\" decoding=\"async\" width=\"1200\" height=\"1600\" class=\"wp-block-cover__image-background wp-image-2834\" alt=\"\" src=\"https:\/\/dropshippingb2b.com\/wp-content\/uploads\/2022\/01\/wwtech-portada-duotone.jpg\" data-object-fit=\"cover\" srcset=\"https:\/\/dropshippingb2b.com\/wp-content\/uploads\/2022\/01\/wwtech-portada-duotone.jpg 1200w, https:\/\/dropshippingb2b.com\/wp-content\/uploads\/2022\/01\/wwtech-portada-duotone-225x300.jpg 225w, https:\/\/dropshippingb2b.com\/wp-content\/uploads\/2022\/01\/wwtech-portada-duotone-768x1024.jpg 768w, https:\/\/dropshippingb2b.com\/wp-content\/uploads\/2022\/01\/wwtech-portada-duotone-1152x1536.jpg 1152w, https:\/\/dropshippingb2b.com\/wp-content\/uploads\/2022\/01\/wwtech-portada-duotone-300x400.jpg 300w\" sizes=\"auto, (max-width: 1200px) 100vw, 1200px\" \/><div class=\"wp-block-cover__inner-container is-layout-flow wp-block-cover-is-layout-flow\">\n<div class=\"inherit-container-width wp-block-group is-layout-constrained wp-block-group-is-layout-constrained\"><div class=\"wp-block-group__inner-container\">\n<h2 class=\"has-text-align-left has-white-color has-text-color wp-block-heading\"><strong>\u010cast\u00e9 ot\u00e1zky<\/strong><\/h2>\n<\/div><\/div>\n<\/div><\/div>\n\n\n\n<div class=\"inherit-container-width wp-block-group alignfull has-background is-layout-constrained wp-block-group-is-layout-constrained\" style=\"background-color:#fafafa\"><div class=\"wp-block-group__inner-container\">\n<div class=\"inherit-container-width wp-block-group mt--50 has-background is-layout-constrained wp-block-group-is-layout-constrained\" style=\"background-color:#ffffff\"><div class=\"wp-block-group__inner-container\">\n<div class=\"wp-block-columns is-layout-flex wp-container-core-columns-is-layout-1 wp-block-columns-is-layout-flex\">\n<div class=\"wp-block-column is-layout-flow wp-block-column-is-layout-flow\">\n<div class=\"wp-block-pb-accordion-item c-accordion__item js-accordion-item no-js\" data-initially-open=\"false\" data-click-to-close=\"true\" data-auto-close=\"true\" data-scroll=\"false\" data-scroll-offset=\"0\"><h2 id=\"at-36760\" class=\"c-accordion__title js-accordion-controller\" role=\"button\"><strong>AKO FUNGUJE INTEGR\u00c1CIA KATAL\u00d3GU PRODUKTOV?<\/strong><\/h2><div id=\"ac-36760\" class=\"c-accordion__content\">\n<p>Katal\u00f3g produktov (tok \u00fadajov), ktor\u00fd odovzd\u00e1vame, je \u0161tandardn\u00fd, a preto ho mo\u017eno integrova\u0165 do ak\u00e9hoko\u013evek syst\u00e9mu vytvoren\u00edm rozhrania.<br>Je dostupn\u00fd v 4 form\u00e1toch: statick\u00fd s\u00fabor (CSV, XML, JSON) aktualizovan\u00fd na\u0161imi syst\u00e9mami ka\u017ed\u00e9 2 hodiny; LVE stream (API) aktualizovan\u00fd v re\u00e1lnom \u010dase<br>Vo v\u0161eobecnosti odpor\u00fa\u010dame na\u0161im z\u00e1kazn\u00edkom, aby sa spoliehali na IT person\u00e1l v ich spolo\u010dnosti alebo v\u00fdvoj\u00e1ra, ktor\u00fd vytvoril webov\u00fa str\u00e1nku, preto\u017ee ka\u017ed\u00fd syst\u00e9m m\u00e1 svoje vlastn\u00e9 funkcie<\/p>\n\n\n\n<div class=\"wp-block-buttons is-layout-flex wp-block-buttons-is-layout-flex\">\n<div class=\"wp-block-button is-style-fill\"><a class=\"wp-block-button__link\" href=\"\/sk\/datovy-tok\">Tu s\u00fa v\u0161etky inform\u00e1cie o \u0148om<\/a><\/div>\n<\/div>\n<\/div><\/div>\n\n\n\n<div class=\"wp-block-pb-accordion-item c-accordion__item js-accordion-item no-js\" data-initially-open=\"false\" data-click-to-close=\"true\" data-auto-close=\"true\" data-scroll=\"false\" data-scroll-offset=\"0\"><h2 id=\"at-36761\" class=\"c-accordion__title js-accordion-controller\" role=\"button\">AK\u00c9 S\u00da N\u00c1KLADY NA DOPRAVU?<\/h2><div id=\"ac-36761\" class=\"c-accordion__content\">\n<p>Prihl\u00e1sen\u00edm sa na <strong>predplatn\u00e9 DROPSHIPPING<\/strong> m\u00f4\u017eete vyu\u017ei\u0165 slu\u017ebu s n\u00e1zvom \u201eNa k\u013e\u00fa\u010d\u201c, prostredn\u00edctvom ktorej sa z\u00e1sielky uskuto\u010d\u0148uj\u00fa v mene a na \u00fa\u010det predajcu, ale pomocou na\u0161ich kuri\u00e9rskych k\u00f3dov.<br>T\u00fdmto sp\u00f4sobom m\u00f4\u017eete vyu\u017ei\u0165 pevn\u00e9 sadzby t\u00fdkaj\u00face sa n\u00e1kladov na prepravu a logistick\u00e9 spracovanie bal\u00edkov.<\/p>\n\n\n\n<div class=\"wp-block-buttons is-layout-flex wp-block-buttons-is-layout-flex\">\n<div class=\"wp-block-button is-style-fill\"><a class=\"wp-block-button__link\" href=\"\/sk\/logistika\">Tu s\u00fa v\u0161etky inform\u00e1cie o \u0148om<\/a><\/div>\n<\/div>\n<\/div><\/div>\n\n\n\n<div class=\"wp-block-pb-accordion-item c-accordion__item js-accordion-item no-js\" data-initially-open=\"false\" data-click-to-close=\"true\" data-auto-close=\"true\" data-scroll=\"false\" data-scroll-offset=\"0\"><h2 id=\"at-36762\" class=\"c-accordion__title js-accordion-controller\" role=\"button\">POTREBUJEM SA PRIHL\u00c1SI\u0164 NA PREDPLATN\u00c9, ABYCHOM S VAMI PR\u00c1CE?<\/h2><div id=\"ac-36762\" class=\"c-accordion__content\">\n<p>\u00c1no, existuj\u00fa dva typy predplatn\u00e9ho: <strong>DATA FLOW<\/strong> a <strong>DROPSHIPPING<\/strong><br>Obidve v\u00e1m umo\u017e\u0148uj\u00fa pr\u00edstup do katal\u00f3gu produktov, ale:<\/p>\n\n\n\n<ul class=\"wp-block-list\"><li>so slu\u017ebou <strong>DATA FLOW<\/strong> vst\u00fapite na ve\u013ekoobchodn\u00fd port\u00e1l a zad\u00e1te B2B objedn\u00e1vku pozost\u00e1vaj\u00facu zo v\u0161etk\u00fdch polo\u017eiek, ktor\u00e9 potrebujete; tovar je expedovan\u00fd do skladu z\u00e1kazn\u00edka a odtia\u013e bude presmerovan\u00fd ku koncov\u00fdm u\u017e\u00edvate\u013eom<\/li><\/ul>\n\n\n\n<ul class=\"wp-block-list\"><li>s predplatn\u00fdm <strong>DROPSHIPPING <\/strong>z\u00edskate pr\u00edstup k online softv\u00e9ru, ktor\u00fd sme vyvinuli (naz\u00fdvan\u00fd PLATFORMA DROPSHIPPING), ktor\u00fd v\u00e1m umo\u017e\u0148uje zada\u0165 jednu ve\u013ekoobchodn\u00fa objedn\u00e1vku s to\u013ek\u00fdmi dodac\u00edmi adresami, ko\u013eko je polo\u017eiek zak\u00fapen\u00fdch v r\u00e1mci objedn\u00e1vky; ka\u017ed\u00fd jednotliv\u00fd produkt bude zaslan\u00fd koncov\u00e9mu u\u017e\u00edvate\u013eovi priamo z externej logistiky, s ktorou spolupracujeme.<\/li><\/ul>\n\n\n\n<div class=\"wp-block-buttons is-layout-flex wp-block-buttons-is-layout-flex\">\n<div class=\"wp-block-button is-style-fill\"><a class=\"wp-block-button__link\" href=\"\/sk\/nase-sluzby\">Tu s\u00fa v\u0161etky inform\u00e1cie o \u0148om<\/a><\/div>\n<\/div>\n\n\n\n<p>Jedn\u00fdm z najd\u00f4le\u017eitej\u0161\u00edch aspektov je bezplatn\u00e1 slu\u017eba: dosiahnut\u00edm vopred stanoven\u00e9ho minim\u00e1lneho obratu po\u010das predplatite\u013esk\u00e9ho \u0161tvr\u0165roka je na zak\u00fapen\u00fd tovar vystaven\u00fd dobropis v rovnakej v\u00fd\u0161ke, ako s\u00fa n\u00e1klady na slu\u017ebu.<\/p>\n<\/div><\/div>\n\n\n\n<div class=\"wp-block-buttons is-layout-flex wp-block-buttons-is-layout-flex\"><\/div>\n\n\n\n<p><br><\/p>\n<\/div>\n\n\n\n<div class=\"wp-block-column is-layout-flow wp-block-column-is-layout-flow\">\n<div class=\"wp-block-pb-accordion-item c-accordion__item js-accordion-item no-js\" data-initially-open=\"false\" data-click-to-close=\"true\" data-auto-close=\"true\" data-scroll=\"false\" data-scroll-offset=\"0\"><h2 id=\"at-36763\" class=\"c-accordion__title js-accordion-controller\" role=\"button\"><strong>AK\u00c9 S\u00da DODACIE LEHOTY?<\/strong><\/h2><div id=\"ac-36763\" class=\"c-accordion__content\">\n<p>Pokia\u013e ide o dodacie lehoty, tieto z\u00e1visia od kuri\u00e9rov; pou\u017e\u00edvame iba prim\u00e1rnych kuri\u00e9rov ako UPS, FedEx, DHL.<br>Viac inform\u00e1ci\u00ed je dostupn\u00fdch na ich webov\u00fdch str\u00e1nkach.<br>M\u00f4\u017eeme zaru\u010di\u0165, ako r\u00fdchlo polo\u017eka opust\u00ed n\u00e1\u0161 sklad; aby sme to dosiahli, rozdelili sme produkty do troch kateg\u00f3ri\u00ed na z\u00e1klade na\u010dasovania plnenia:<br><strong>Produkty Rapid <\/strong>(ikona \u010dervenej rakety na str\u00e1nke &#8211; speed_shipping 2 v d\u00e1tovom toku) s\u00fa skladom na na\u0161om sklade a doba spracovania je 24 hod\u00edn. Pri prijat\u00ed objedn\u00e1vky do 12:00 s\u00fa tieto produkty odoslan\u00e9 v ten ist\u00fd de\u0148. Percento \u00faniku sa rovn\u00e1 100%;<br><strong>\u0160tandardn\u00e1 doprava<\/strong>: tieto produkty (modr\u00e1 ikona dod\u00e1vky na str\u00e1nke &#8211; speed_shipping 1 v d\u00e1tovom toku) s\u00fa na sklade na extern\u00fdch skladoch a maj\u00fa priemern\u00fa dobu spracovania 3\/5 pracovn\u00fdch dn\u00ed; Priemern\u00e1 miera \u00fanikov je okolo 90%.<br><strong>Pomal\u00e1 doprava:<\/strong> tieto produkty (ikona korytna\u010dky &#8211; speed_shipping 0) je potrebn\u00e9 objedna\u0165 u materskej spolo\u010dnosti a maj\u00fa \u010das spracovania 10 pracovn\u00fdch dn\u00ed. Splnenie t\u00fdchto produktov nie je 100% zaru\u010den\u00e9<\/p>\n\n\n\n<div class=\"wp-block-buttons is-layout-flex wp-block-buttons-is-layout-flex\"><\/div>\n<\/div><\/div>\n\n\n\n<div class=\"wp-block-pb-accordion-item c-accordion__item js-accordion-item no-js\" data-initially-open=\"false\" data-click-to-close=\"true\" data-auto-close=\"true\" data-scroll=\"false\" data-scroll-offset=\"0\"><h2 id=\"at-36764\" class=\"c-accordion__title js-accordion-controller\" role=\"button\"><strong><strong>AKO FUNGUJE VR\u00c1TENIE?<\/strong><\/strong><\/h2><div id=\"ac-36764\" class=\"c-accordion__content\">\n<p>Treba ma\u0165 na pam\u00e4ti, \u017ee pravidl\u00e1 vr\u00e1tenia B2B sa l\u00ed\u0161ia od pravidiel na trhu B2C.<\/p>\n\n\n\n<div class=\"wp-block-buttons is-layout-flex wp-block-buttons-is-layout-flex\">\n<div class=\"wp-block-button is-style-fill\"><a class=\"wp-block-button__link\" href=\"\/sk\/sa-vracia\">Na\u0161a politika vr\u00e1tenia je k dispoz\u00edcii tu<\/a><\/div>\n<\/div>\n<\/div><\/div>\n\n\n\n<div class=\"wp-block-pb-accordion-item c-accordion__item js-accordion-item no-js\" data-initially-open=\"false\" data-click-to-close=\"true\" data-auto-close=\"true\" data-scroll=\"false\" data-scroll-offset=\"0\"><h2 id=\"at-36765\" class=\"c-accordion__title js-accordion-controller\" role=\"button\"><strong><strong>AK\u00c9 S\u00da MANIPULA\u010cN\u00c9 N\u00c1KLADY?<\/strong><\/strong><\/h2><div id=\"ac-36765\" class=\"c-accordion__content\">\n<p>Ide o n\u00e1klady na riadenie aplikovan\u00e9 na v\u0161etky ve\u013ekoobchodn\u00e9 objedn\u00e1vky, ktor\u00fdch s\u00fa\u010det je ni\u017e\u0161\u00ed ako vopred stanoven\u00e9 minimum; v na\u0161om pr\u00edpade je vopred stanoven\u00e9 minimum 300,00 \u20ac a manipula\u010dn\u00e9 n\u00e1klady 20,00 \u20ac.<br>Prihl\u00e1sen\u00edm sa na predplatn\u00e9 <strong>DATA FLOW<\/strong> s\u00fa tieto n\u00e1klady z\u013eavnen\u00e9 o 50%, zatia\u013e \u010do so slu\u017ebou <strong>DROPSHIPPING<\/strong> o 100%.<\/p>\n\n\n\n<div class=\"wp-block-buttons is-layout-flex wp-block-buttons-is-layout-flex\"><\/div>\n<\/div><\/div>\n<\/div>\n<\/div>\n<\/div><\/div>\n<\/div><\/div>\n\n\n\n<div class=\"inherit-container-width wp-block-group alignfull has-background is-layout-constrained wp-block-group-is-layout-constrained\" style=\"background-color:#fae4d6\"><div class=\"wp-block-group__inner-container\">\n<h3 class=\"has-text-align-center wp-block-heading\">ST\u00c1LE POCHYBUJETE?<\/h3>\n\n\n\n<p class=\"has-text-align-center\">Pozrite si \u010dasto kladen\u00e9 ot\u00e1zky alebo sa porozpr\u00e1vajte s jedn\u00fdm z n\u00e1s<\/p>\n\n\n\n<div class=\"wp-block-columns is-layout-flex wp-container-core-columns-is-layout-2 wp-block-columns-is-layout-flex\">\n<div class=\"wp-block-column is-vertically-aligned-center is-layout-flow wp-block-column-is-layout-flow\">\n<div class=\"wp-block-buttons is-horizontal is-content-justification-center is-layout-flex wp-container-core-buttons-is-layout-8 wp-block-buttons-is-layout-flex\">\n<div class=\"wp-block-button is-style-fill\"><a class=\"wp-block-button__link\" href=\"\/sk\/kontact\">KONTAKTUJ N\u00c1S<\/a><\/div>\n<\/div>\n<\/div>\n<\/div>\n<\/div><\/div>\n","protected":false},"excerpt":{"rendered":"<p>ST\u00c1LE POCHYBUJETE? Pozrite si \u010dasto kladen\u00e9 ot\u00e1zky alebo sa porozpr\u00e1vajte s jedn\u00fdm z n\u00e1s<\/p>\n","protected":false},"author":1,"featured_media":0,"parent":0,"menu_order":0,"comment_status":"closed","ping_status":"closed","template":"","meta":{"inline_featured_image":false,"site-sidebar-layout":"default","site-content-layout":"plain-container","ast-site-content-layout":"","site-content-style":"default","site-sidebar-style":"default","ast-global-header-display":"","ast-banner-title-visibility":"","ast-main-header-display":"","ast-hfb-above-header-display":"","ast-hfb-below-header-display":"","ast-hfb-mobile-header-display":"","site-post-title":"disabled","ast-breadcrumbs-content":"","ast-featured-img":"","footer-sml-layout":"","theme-transparent-header-meta":"default","adv-header-id-meta":"","stick-header-meta":"","header-above-stick-meta":"","header-main-stick-meta":"","header-below-stick-meta":"","astra-migrate-meta-layouts":"default","ast-page-background-enabled":"default","ast-page-background-meta":{"desktop":{"background-color":"","background-image":"","background-repeat":"repeat","background-position":"center center","background-size":"auto","background-attachment":"scroll","background-type":"","background-media":"","overlay-type":"","overlay-color":"","overlay-opacity":"","overlay-gradient":""},"tablet":{"background-color":"","background-image":"","background-repeat":"repeat","background-position":"center center","background-size":"auto","background-attachment":"scroll","background-type":"","background-media":"","overlay-type":"","overlay-color":"","overlay-opacity":"","overlay-gradient":""},"mobile":{"background-color":"","background-image":"","background-repeat":"repeat","background-position":"center center","background-size":"auto","background-attachment":"scroll","background-type":"","background-media":"","overlay-type":"","overlay-color":"","overlay-opacity":"","overlay-gradient":""}},"ast-content-background-meta":{"desktop":{"background-color":"var(--ast-global-color-5)","background-image":"","background-repeat":"repeat","background-position":"center center","background-size":"auto","background-attachment":"scroll","background-type":"","background-media":"","overlay-type":"","overlay-color":"","overlay-opacity":"","overlay-gradient":""},"tablet":{"background-color":"var(--ast-global-color-5)","background-image":"","background-repeat":"repeat","background-position":"center center","background-size":"auto","background-attachment":"scroll","background-type":"","background-media":"","overlay-type":"","overlay-color":"","overlay-opacity":"","overlay-gradient":""},"mobile":{"background-color":"var(--ast-global-color-5)","background-image":"","background-repeat":"repeat","background-position":"center center","background-size":"auto","background-attachment":"scroll","background-type":"","background-media":"","overlay-type":"","overlay-color":"","overlay-opacity":"","overlay-gradient":""}},"footnotes":""},"class_list":["post-3676","page","type-page","status-publish","hentry"],"_links":{"self":[{"href":"https:\/\/dropshippingb2b.com\/sk\/wp-json\/wp\/v2\/pages\/3676","targetHints":{"allow":["GET"]}}],"collection":[{"href":"https:\/\/dropshippingb2b.com\/sk\/wp-json\/wp\/v2\/pages"}],"about":[{"href":"https:\/\/dropshippingb2b.com\/sk\/wp-json\/wp\/v2\/types\/page"}],"author":[{"embeddable":true,"href":"https:\/\/dropshippingb2b.com\/sk\/wp-json\/wp\/v2\/users\/1"}],"replies":[{"embeddable":true,"href":"https:\/\/dropshippingb2b.com\/sk\/wp-json\/wp\/v2\/comments?post=3676"}],"version-history":[{"count":6,"href":"https:\/\/dropshippingb2b.com\/sk\/wp-json\/wp\/v2\/pages\/3676\/revisions"}],"predecessor-version":[{"id":6062,"href":"https:\/\/dropshippingb2b.com\/sk\/wp-json\/wp\/v2\/pages\/3676\/revisions\/6062"}],"wp:attachment":[{"href":"https:\/\/dropshippingb2b.com\/sk\/wp-json\/wp\/v2\/media?parent=3676"}],"curies":[{"name":"wp","href":"https:\/\/api.w.org\/{rel}","templated":true}]}}