{"id":2196,"date":"2021-07-16T19:22:26","date_gmt":"2021-07-16T19:22:26","guid":{"rendered":"https:\/\/dsb2b.assemblyweb.net\/partner-it"},"modified":"2023-01-10T15:32:27","modified_gmt":"2023-01-10T14:32:27","slug":"partner-it","status":"publish","type":"page","link":"https:\/\/dropshippingb2b.com\/sk\/partner-it","title":{"rendered":"PARTNER IT"},"content":{"rendered":"\n<div class=\"wp-block-cover alignfull is-light\" style=\"min-height:350px;aspect-ratio:unset;\"><span aria-hidden=\"true\" class=\"wp-block-cover__background has-u-002-du-002-dast-global-color-6-background-color has-background-dim-0 has-background-dim\"><\/span><img loading=\"lazy\" decoding=\"async\" width=\"1200\" height=\"1600\" class=\"wp-block-cover__image-background wp-image-2834\" alt=\"\" src=\"https:\/\/dropshippingb2b.com\/wp-content\/uploads\/2022\/01\/wwtech-portada-duotone.jpg\" data-object-fit=\"cover\" srcset=\"https:\/\/dropshippingb2b.com\/wp-content\/uploads\/2022\/01\/wwtech-portada-duotone.jpg 1200w, https:\/\/dropshippingb2b.com\/wp-content\/uploads\/2022\/01\/wwtech-portada-duotone-225x300.jpg 225w, https:\/\/dropshippingb2b.com\/wp-content\/uploads\/2022\/01\/wwtech-portada-duotone-768x1024.jpg 768w, https:\/\/dropshippingb2b.com\/wp-content\/uploads\/2022\/01\/wwtech-portada-duotone-1152x1536.jpg 1152w, https:\/\/dropshippingb2b.com\/wp-content\/uploads\/2022\/01\/wwtech-portada-duotone-300x400.jpg 300w\" sizes=\"auto, (max-width: 1200px) 100vw, 1200px\" \/><div class=\"wp-block-cover__inner-container is-layout-flow wp-block-cover-is-layout-flow\">\n<h2 class=\"has-white-color has-text-color wp-block-heading\">Partner IT<\/h2>\n<\/div><\/div>\n\n\n\n<div class=\"inherit-container-width wp-block-group alignfull has-background is-layout-constrained wp-block-group-is-layout-constrained\" style=\"background-color:#f6f6f6\"><div class=\"wp-block-group__inner-container\">\n<div class=\"inherit-container-width wp-block-group mt--50 has-background is-layout-constrained wp-block-group-is-layout-constrained\" style=\"background-color:#ffffff\"><div class=\"wp-block-group__inner-container\">\n<figure class=\"wp-block-image alignwide size-large\"><img loading=\"lazy\" decoding=\"async\" width=\"1024\" height=\"335\" src=\"https:\/\/dropshippingb2b.com\/wp-content\/uploads\/2022\/09\/dropshipping_partnership_en-1024x335.png\" alt=\"\" class=\"wp-image-4626\" srcset=\"https:\/\/dropshippingb2b.com\/wp-content\/uploads\/2022\/09\/dropshipping_partnership_en-1024x335.png 1024w, https:\/\/dropshippingb2b.com\/wp-content\/uploads\/2022\/09\/dropshipping_partnership_en-300x98.png 300w, https:\/\/dropshippingb2b.com\/wp-content\/uploads\/2022\/09\/dropshipping_partnership_en-768x251.png 768w, https:\/\/dropshippingb2b.com\/wp-content\/uploads\/2022\/09\/dropshipping_partnership_en.png 1200w\" sizes=\"auto, (max-width: 1024px) 100vw, 1024px\" \/><\/figure>\n\n\n\n<p>Chcete s nami externalizova\u0165 rozvoj integr\u00e1cie?<br>Nem\u00e1te intern\u00fd IT t\u00edm, alebo sa jednoducho rad\u0161ej spoliehate na existuj\u00face a odsk\u00fa\u0161an\u00e9 rie\u0161enie?<\/p>\n\n\n\n<h3 class=\"wp-block-heading\"><strong>Zverte sa jedn\u00e9mu z na\u0161ich partnerov!<\/strong><\/h3>\n\n\n\n<p>Na\u0161e Flows s\u00fa testovan\u00e9 a pou\u017e\u00edvan\u00e9 desiatkami z\u00e1kazn\u00edkov, s\u00fa \u0161tandardn\u00fdm tokom a m\u00f4\u017eu by\u0165 integrovan\u00e9 do ka\u017ed\u00e9ho elektronick\u00e9ho obchodu, ale ak ten v\u00e1\u0161 bol vyvinut\u00fd na jednom z najpou\u017e\u00edvanej\u0161\u00edch CMS na svete, pravdepodobne u\u017e niekto urobil t\u00fato integr\u00e1ciu pred vami :pre\u010do robi\u0165 nov\u00fd v\u00fdvoj, ke\u010f u\u017e pravdepodobne existuje rie\u0161enie, ktor\u00e9 by v\u00e1m umo\u017enilo za\u010da\u0165 okam\u017eite?<\/p>\n\n\n\n<p>Jedno prisp\u00f4soben\u00e9 rie\u0161enie je, samozrejme, vhodnej\u0161ie pre nez\u00e1vislos\u0165, ktor\u00fa pon\u00faka, preto\u017ee v\u00e1m ponech\u00e1va vo\u013enos\u0165 pri v\u00fdvoji mo\u017enosti pod\u013ea v\u00e1\u0161ho osobn\u00e9ho podnikate\u013esk\u00e9ho pl\u00e1nu, ale predov\u0161etk\u00fdm v po\u010diato\u010dnej f\u00e1ze m\u00f4\u017ee by\u0165 zauj\u00edmav\u00e9 zv\u00e1\u017ei\u0165 jedno z rie\u0161en\u00ed, ktor\u00e9 u\u017e je na trh: ni\u017e\u0161ie uv\u00e1dzame niektor\u00e9 z nich.<\/p>\n<\/div><\/div>\n\n\n\n<div style=\"height:30px\" aria-hidden=\"true\" class=\"wp-block-spacer\"><\/div>\n\n\n\n<div class=\"inherit-container-width wp-block-group has-background is-layout-constrained wp-block-group-is-layout-constrained\" style=\"background-color:#ffffff\"><div class=\"wp-block-group__inner-container\">\n<h4 class=\"wp-block-heading\">Dod\u00e1vate\u013e:<\/h4>\n\n\n\n<figure class=\"wp-block-image aligncenter size-full\"><img loading=\"lazy\" decoding=\"async\" width=\"300\" height=\"85\" src=\"https:\/\/dropshippingb2b.com\/wp-content\/uploads\/2023\/01\/wwtech-7.jpg\" alt=\"\" class=\"wp-image-7278\"\/><\/figure>\n\n\n\n<p class=\"has-text-align-center\">WWTech s.r.l. c\/o <img decoding=\"async\" height=\"40px\" src=\"https:\/\/www.dropshippingb2b.com\/files\/logo_sellalab_footer.jpg\" alt=\"\"><br>Via Corradino Sella, 10<br>13900 Biella (BI)<\/p>\n\n\n\n<p class=\"has-text-align-center\">Tel <strong>+39-02-87.15.68.53 int. 4<\/strong> <br>Fax <strong>+39-02-87.15.27.41<\/strong><br>Skype <strong>dropshipping.wwtech<\/strong> <br>E-mail <strong>dropshipping@wwt.it<\/strong><\/p>\n\n\n\n<h4 class=\"wp-block-heading\"><strong>Podporovan\u00e9 CMS:<\/strong><\/h4>\n\n\n\n<figure class=\"wp-block-image aligncenter size-full is-resized\"><img loading=\"lazy\" decoding=\"async\" src=\"https:\/\/dropshippingb2b.com\/wp-content\/uploads\/2022\/01\/logo_prestashop.jpg\" alt=\"\" class=\"wp-image-3503\" width=\"175\" height=\"113\" srcset=\"https:\/\/dropshippingb2b.com\/wp-content\/uploads\/2022\/01\/logo_prestashop.jpg 700w, https:\/\/dropshippingb2b.com\/wp-content\/uploads\/2022\/01\/logo_prestashop-300x193.jpg 300w\" sizes=\"auto, (max-width: 175px) 100vw, 175px\" \/><\/figure>\n\n\n\n<h4 class=\"wp-block-heading\"><strong><strong>Ak\u00e1 ponuka:<\/strong><\/strong><\/h4>\n\n\n\n<p>Dva vyhraden\u00e9 moduly, jeden na import katal\u00f3gov\u00fdch produktov + kateg\u00f3rie a spr\u00e1vu zna\u010dky, z h\u013eadiska vidite\u013enosti na va\u0161ej str\u00e1nke (\u010cO pred\u00e1va\u0165) a spr\u00e1vy cien (KO\u013dKO pred\u00e1va\u0165). Dostupn\u00e9 pre Prestashop 1.6 (v\u0161etky verzie) a 1.7 (v\u0161etky verzie).<br>Podpora NBD (nasleduj\u00faci pracovn\u00fd de\u0148) zahrnut\u00e1 po\u010das prv\u00e9ho roka.<\/p>\n\n\n\n<div style=\"height:20px\" aria-hidden=\"true\" class=\"wp-block-spacer\"><\/div>\n\n\n\n<h4 class=\"wp-block-heading\">Ko\u013eko:<\/h4>\n\n\n\n<p>Za jednorazov\u00e9 fixn\u00e9 n\u00e1klady pon\u00faka najkompletnej\u0161\u00ed a najv\u00fdkonnej\u0161\u00ed integra\u010dn\u00fd n\u00e1stroj na trhu, testovan\u00fd rokmi sk\u00fasenost\u00ed a vyvinut\u00fd t\u00fdm ist\u00fdm t\u00edmom, ktor\u00fd dohliadal na cel\u00fd syst\u00e9m Dropshipping pre WWT: v\u00e4\u010d\u0161ia bezpe\u010dnos\u0165 z h\u013eadiska kompatibility!<\/p>\n\n\n\n<div style=\"height:20px\" aria-hidden=\"true\" class=\"wp-block-spacer\"><\/div>\n\n\n\n<h4 class=\"wp-block-heading\"><strong><strong><strong><strong>\u0160peci\u00e1lna ponuka:<\/strong><\/strong><\/strong><\/strong><\/h4>\n\n\n\n<h4 class=\"has-text-align-center wp-block-heading\">Module PrestaShop 1.6:&nbsp;<strong class=\"partner-bg-orange\">-50%<\/strong><\/h4>\n\n\n\n<ul class=\"wp-block-list\">\n<li>\u2714&nbsp;Import datab\u00e1zov\u00fdch produktov + Modul Export objedn\u00e1vok:&nbsp;<strong>-20 %<\/strong><\/li>\n\n\n\n<li>\u2714&nbsp;In\u0161tal\u00e1cia:&nbsp;<strong>ZAHRNUT\u00c9<\/strong><\/li>\n\n\n\n<li>\u2714Pomoc: na prv\u00fd kalend\u00e1rny rok <strong>ZDARMA<\/strong><\/li>\n<\/ul>\n<\/div><\/div>\n\n\n\n<div style=\"height:30px\" aria-hidden=\"true\" class=\"wp-block-spacer\"><\/div>\n\n\n\n<div class=\"inherit-container-width wp-block-group has-background is-layout-constrained wp-block-group-is-layout-constrained\" style=\"background-color:#ffffff\"><div class=\"wp-block-group__inner-container\">\n<figure class=\"wp-block-image aligncenter size-large is-resized\"><img loading=\"lazy\" decoding=\"async\" src=\"https:\/\/dropshippingb2b.com\/wp-content\/uploads\/2022\/09\/syncee_logo_no_background-1024x576.png\" alt=\"\" class=\"wp-image-4695\" width=\"256\" height=\"144\" srcset=\"https:\/\/dropshippingb2b.com\/wp-content\/uploads\/2022\/09\/syncee_logo_no_background-1024x576.png 1024w, https:\/\/dropshippingb2b.com\/wp-content\/uploads\/2022\/09\/syncee_logo_no_background-300x169.png 300w, https:\/\/dropshippingb2b.com\/wp-content\/uploads\/2022\/09\/syncee_logo_no_background-768x432.png 768w, https:\/\/dropshippingb2b.com\/wp-content\/uploads\/2022\/09\/syncee_logo_no_background.png 1200w\" sizes=\"auto, (max-width: 256px) 100vw, 256px\" \/><\/figure>\n\n\n\n<p>Syncee.co je B2B platforma pre dropshipperov, dod\u00e1vate\u013eov a predajcov.<\/p>\n\n\n\n<p>Pom\u00e1ha n\u00e1js\u0165 produkty, ktor\u00e9 chcete publikova\u0165 vo svojom internetovom obchode, \u010do umo\u017e\u0148uje vybra\u0165 si z mno\u017estva spo\u013eahliv\u00fdch dod\u00e1vate\u013eov s cie\u013eom nadviaza\u0165 dlhodob\u00e9 partnerstvo.<br>Umo\u017e\u0148uje spravova\u0165 jednoduch\u00e9 a r\u00fdchle nahr\u00e1vanie a aktualiz\u00e1cie.<\/p>\n\n\n\n<div style=\"height:20px\" aria-hidden=\"true\" class=\"wp-block-spacer\"><\/div>\n\n\n\n<div style=\"height:20px\" aria-hidden=\"true\" class=\"wp-block-spacer\"><\/div>\n\n\n\n<h4 class=\"wp-block-heading\"><strong>Podporovan\u00e9 CMS:<\/strong><\/h4>\n\n\n\n<figure class=\"wp-block-image aligncenter size-large\"><img loading=\"lazy\" decoding=\"async\" width=\"1024\" height=\"156\" src=\"https:\/\/dropshippingb2b.com\/wp-content\/uploads\/2022\/09\/syncee_cms-1024x156.png\" alt=\"\" class=\"wp-image-4708\" srcset=\"https:\/\/dropshippingb2b.com\/wp-content\/uploads\/2022\/09\/syncee_cms-1024x156.png 1024w, https:\/\/dropshippingb2b.com\/wp-content\/uploads\/2022\/09\/syncee_cms-300x46.png 300w, https:\/\/dropshippingb2b.com\/wp-content\/uploads\/2022\/09\/syncee_cms-768x117.png 768w, https:\/\/dropshippingb2b.com\/wp-content\/uploads\/2022\/09\/syncee_cms-1536x233.png 1536w, https:\/\/dropshippingb2b.com\/wp-content\/uploads\/2022\/09\/syncee_cms.png 1632w\" sizes=\"auto, (max-width: 1024px) 100vw, 1024px\" \/><\/figure>\n\n\n\n<div style=\"height:20px\" aria-hidden=\"true\" class=\"wp-block-spacer\"><\/div>\n\n\n\n<h4 class=\"wp-block-heading\"><strong><strong>Ak\u00e1 ponuka:<\/strong><\/strong><\/h4>\n\n\n\n<p>\u0160irok\u00fd sortiment vysoko kvalitn\u00fdch produktov, ktor\u00e9 mo\u017eno \u013eahko a r\u00fdchlo importova\u0165 do internetov\u00e9ho obchodu.<\/p>\n\n\n\n<div style=\"height:20px\" aria-hidden=\"true\" class=\"wp-block-spacer\"><\/div>\n\n\n\n<h4 class=\"wp-block-heading\"><strong><strong><strong>Ko\u013eko:<\/strong><\/strong><\/strong><\/h4>\n\n\n\n<div style=\"height:20px\" aria-hidden=\"true\" class=\"wp-block-spacer\"><\/div>\n\n\n\n<p>Existuj\u00fa r\u00f4zne mesa\u010dn\u00e9 predplatn\u00e9 na uspokojenie v\u0161etk\u00fdch r\u00f4znych obchodn\u00fdch potrieb.<\/p>\n\n\n\n<div class=\"wp-block-buttons is-horizontal is-content-justification-center is-layout-flex wp-container-core-buttons-is-layout-1 wp-block-buttons-is-layout-flex\">\n<div class=\"wp-block-button is-style-fill\"><a class=\"wp-block-button__link wp-element-button\" href=\"https:\/\/syncee.co\/\" target=\"_blank\" rel=\"noreferrer noopener\">VIAC N\u00c1JDETE NA SYNCEE.CO<\/a><\/div>\n<\/div>\n\n\n\n<div style=\"height:30px\" aria-hidden=\"true\" class=\"wp-block-spacer\"><\/div>\n<\/div><\/div>\n\n\n\n<div style=\"height:30px\" aria-hidden=\"true\" class=\"wp-block-spacer\"><\/div>\n\n\n\n<div class=\"inherit-container-width wp-block-group has-background is-layout-constrained wp-block-group-is-layout-constrained\" style=\"background-color:#ffffff\"><div class=\"wp-block-group__inner-container\">\n<figure class=\"wp-block-image aligncenter size-full is-resized\"><img loading=\"lazy\" decoding=\"async\" src=\"https:\/\/dropshippingb2b.com\/wp-content\/uploads\/2022\/01\/logo_sellrapido_2020.png\" alt=\"\" class=\"wp-image-3522\" width=\"211\" height=\"104\" srcset=\"https:\/\/dropshippingb2b.com\/wp-content\/uploads\/2022\/01\/logo_sellrapido_2020.png 843w, https:\/\/dropshippingb2b.com\/wp-content\/uploads\/2022\/01\/logo_sellrapido_2020-300x147.png 300w, https:\/\/dropshippingb2b.com\/wp-content\/uploads\/2022\/01\/logo_sellrapido_2020-768x377.png 768w\" sizes=\"auto, (max-width: 211px) 100vw, 211px\" \/><\/figure>\n\n\n\n<p class=\"has-text-align-center\"><strong>JEDNODUCH\u00dd PREDAJ NA V\u0160ETK\u00ddCH TRHOCH SO SELLRAPIDO<br>pre V\u00e1s exkluz\u00edvna z\u013eava 20%!<\/strong><\/p>\n\n\n\n<p>Od dne\u0161n\u00e9ho d\u0148a s\u00fa tu ve\u013ek\u00e9 novinky, ktor\u00e9 v\u00e1m pom\u00f4\u017eu \u013eahko spravova\u0165 v\u0161etky va\u0161e aktivity na Amazon, eBay, Cdiscount a mnoh\u00fdch \u010fal\u0161\u00edch. Dropshipping sa stal partnerom Sellrapido!.<br>Predaj na\u0161ich produktov bude e\u0161te jednoduch\u0161\u00ed: sta\u010d\u00ed sa zaregistrova\u0165 do tejto slu\u017eby a za\u010da\u0165 okam\u017eite zar\u00e1ba\u0165 v\u010faka mo\u017enosti by\u0165 pr\u00edtomn\u00fd s va\u0161\u00edm online obchodom na viacer\u00fdch platform\u00e1ch.<\/p>\n\n\n\n<div style=\"height:20px\" aria-hidden=\"true\" class=\"wp-block-spacer\"><\/div>\n\n\n\n<div class=\"wp-block-buttons is-horizontal is-content-justification-center is-layout-flex wp-container-core-buttons-is-layout-2 wp-block-buttons-is-layout-flex\"><\/div>\n\n\n\n<div style=\"height:20px\" aria-hidden=\"true\" class=\"wp-block-spacer\"><\/div>\n\n\n\n<h4 class=\"wp-block-heading\"><strong>Dod\u00e1vate\u013e:<\/strong><\/h4>\n\n\n\n<p class=\"has-text-align-center\">Sellrapido s.r.l.<br>via Montello 18, 40131 Bologna | P.IVA: 03270551207<br>tel <strong>+39-051-0217133<\/strong><\/p>\n\n\n\n<div style=\"height:20px\" aria-hidden=\"true\" class=\"wp-block-spacer\"><\/div>\n\n\n\n<h4 class=\"wp-block-heading\"><strong>Podporovan\u00e9 CMS:<\/strong><\/h4>\n\n\n\n<figure class=\"wp-block-image aligncenter size-large is-resized\"><img loading=\"lazy\" decoding=\"async\" src=\"https:\/\/dropshippingb2b.com\/wp-content\/uploads\/2022\/01\/sellrapido_cms-1024x134.png\" alt=\"\" class=\"wp-image-3580\" width=\"512\" height=\"67\" srcset=\"https:\/\/dropshippingb2b.com\/wp-content\/uploads\/2022\/01\/sellrapido_cms-1024x134.png 1024w, https:\/\/dropshippingb2b.com\/wp-content\/uploads\/2022\/01\/sellrapido_cms-300x39.png 300w, https:\/\/dropshippingb2b.com\/wp-content\/uploads\/2022\/01\/sellrapido_cms-768x100.png 768w, https:\/\/dropshippingb2b.com\/wp-content\/uploads\/2022\/01\/sellrapido_cms.png 1200w\" sizes=\"auto, (max-width: 512px) 100vw, 512px\" \/><\/figure>\n\n\n\n<div style=\"height:20px\" aria-hidden=\"true\" class=\"wp-block-spacer\"><\/div>\n\n\n\n<h4 class=\"wp-block-heading\"><strong><strong>Supported Marketplace<\/strong>:<\/strong><\/h4>\n\n\n\n<figure class=\"wp-block-image aligncenter size-large is-resized\"><img loading=\"lazy\" decoding=\"async\" src=\"https:\/\/dropshippingb2b.com\/wp-content\/uploads\/2022\/01\/sellrapido_marketplace-1024x106.png\" alt=\"\" class=\"wp-image-3593\" width=\"768\" height=\"80\" srcset=\"https:\/\/dropshippingb2b.com\/wp-content\/uploads\/2022\/01\/sellrapido_marketplace-1024x106.png 1024w, https:\/\/dropshippingb2b.com\/wp-content\/uploads\/2022\/01\/sellrapido_marketplace-300x31.png 300w, https:\/\/dropshippingb2b.com\/wp-content\/uploads\/2022\/01\/sellrapido_marketplace-768x79.png 768w, https:\/\/dropshippingb2b.com\/wp-content\/uploads\/2022\/01\/sellrapido_marketplace.png 1200w\" sizes=\"auto, (max-width: 768px) 100vw, 768px\" \/><\/figure>\n\n\n\n<h4 class=\"wp-block-heading\"><strong><strong>Ak\u00e1 ponuka:<\/strong><\/strong><\/h4>\n\n\n\n<p><a rel=\"noreferrer noopener\" href=\"https:\/\/www.sellrapido.com\/\" target=\"_blank\">SellRapido<\/a> je produkt mimoriadne jednoduch\u00fd a jednoduch\u00fd na pou\u017e\u00edvanie, ktor\u00fd bol vytvoren\u00fd na rie\u0161enie objekt\u00edvnych probl\u00e9mov pre t\u00fdch, ktor\u00ed maj\u00fa internetov\u00fd obchod.<br>Spr\u00e1va elektronick\u00e9ho obchodu na viacer\u00fdch trhoch m\u00f4\u017ee by\u0165 n\u00e1ro\u010dn\u00e1: Je potrebn\u00e9 skop\u00edrova\u0165 a prilepi\u0165 \u00fadaje z nieko\u013ek\u00fdch zdrojov, ktor\u00e9 sa \u010dasto navz\u00e1jom ve\u013emi l\u00ed\u0161ia. spravova\u0165 produktov\u00e9 listy, ceny, propaga\u010dn\u00e9 akcie a podmienky;doprava a faktur\u00e1cia. To v\u0161etko s SellRapido mo\u017eno spravova\u0165 pod unik\u00e1tnym rozhran\u00edm.<\/p>\n\n\n\n<div style=\"height:20px\" aria-hidden=\"true\" class=\"wp-block-spacer\"><\/div>\n\n\n\n<h4 class=\"wp-block-heading\"><strong><strong><strong>Ko\u013eko:<\/strong><\/strong><\/strong><\/h4>\n\n\n\n<figure class=\"wp-block-image aligncenter size-large\"><img loading=\"lazy\" decoding=\"async\" width=\"1024\" height=\"350\" src=\"https:\/\/dropshippingb2b.com\/wp-content\/uploads\/2022\/09\/sellrapido_price-en-1024x350.jpeg\" alt=\"\" class=\"wp-image-4640\" srcset=\"https:\/\/dropshippingb2b.com\/wp-content\/uploads\/2022\/09\/sellrapido_price-en-1024x350.jpeg 1024w, https:\/\/dropshippingb2b.com\/wp-content\/uploads\/2022\/09\/sellrapido_price-en-300x103.jpeg 300w, https:\/\/dropshippingb2b.com\/wp-content\/uploads\/2022\/09\/sellrapido_price-en-768x262.jpeg 768w, https:\/\/dropshippingb2b.com\/wp-content\/uploads\/2022\/09\/sellrapido_price-en.jpeg 1200w\" sizes=\"auto, (max-width: 1024px) 100vw, 1024px\" \/><\/figure>\n\n\n\n<div style=\"height:20px\" aria-hidden=\"true\" class=\"wp-block-spacer\"><\/div>\n\n\n\n<div class=\"wp-block-buttons is-horizontal is-content-justification-center is-layout-flex wp-container-core-buttons-is-layout-3 wp-block-buttons-is-layout-flex\">\n<div class=\"wp-block-button is-style-fill\"><a class=\"wp-block-button__link wp-element-button\" href=\"https:\/\/www.sellrapido.com\/\" target=\"_blank\" rel=\"noreferrer noopener\">VIAC N\u00c1JDETE NA SELLRAPIDO.COM<\/a><\/div>\n<\/div>\n\n\n\n<div style=\"height:30px\" aria-hidden=\"true\" class=\"wp-block-spacer\"><\/div>\n<\/div><\/div>\n\n\n\n<div style=\"height:30px\" aria-hidden=\"true\" class=\"wp-block-spacer\"><\/div>\n\n\n\n<div class=\"inherit-container-width wp-block-group has-background is-layout-constrained wp-block-group-is-layout-constrained\" style=\"background-color:#ffffff\"><div class=\"wp-block-group__inner-container\">\n<h4 class=\"wp-block-heading\">Dod\u00e1vate\u013e:<\/h4>\n\n\n\n<figure class=\"wp-block-image aligncenter size-full\"><img loading=\"lazy\" decoding=\"async\" width=\"250\" height=\"84\" src=\"https:\/\/dropshippingb2b.com\/wp-content\/uploads\/2022\/01\/import2shop_logo.png\" alt=\"\" class=\"wp-image-3621\"\/><\/figure>\n\n\n\n<p>Dropshipping s hrdos\u0165ou oznamuje partnerstvo so startupom Import2shop so s\u00eddlom v Nemecku. Spolupr\u00e1ca vych\u00e1dza zo spolo\u010dnej v\u00edzie, ktor\u00fa v\u00e1m mus\u00edme poskytn\u00fa\u0165 to najlep\u0161ie z technol\u00f3gie, \u010d\u00edm z\u00e1kazn\u00edkom u\u013eah\u010d\u00edme proces a v\u00fdber n\u00e1kupu.<\/p>\n\n\n\n<p class=\"has-text-align-center\"><a rel=\"noreferrer noopener\" href=\"https:\/\/import2shop.com\/de\/\" target=\"_blank\">Import2shop<\/a><br>Rudolf-Breitscheid-Str. 2b Lauchhammer 01979<br>Tel: <strong>+ 49 3574 86 93 342 <\/strong><br>e-mail:&nbsp;<a href=\"mailto:support@import2shop.com\">support@import2shop.com<\/a><\/p>\n\n\n\n<p class=\"has-text-align-center\"><\/p>\n\n\n\n<h4 class=\"wp-block-heading\"><strong>Podporovan\u00e9 CMS:<\/strong><\/h4>\n\n\n\n<figure class=\"wp-block-image aligncenter size-large is-resized\"><img loading=\"lazy\" decoding=\"async\" src=\"https:\/\/dropshippingb2b.com\/wp-content\/uploads\/2022\/01\/Screenshot-2022-01-11-at-17.38.37-1024x293.png\" alt=\"\" class=\"wp-image-3634\" width=\"512\" height=\"147\" srcset=\"https:\/\/dropshippingb2b.com\/wp-content\/uploads\/2022\/01\/Screenshot-2022-01-11-at-17.38.37-1024x293.png 1024w, https:\/\/dropshippingb2b.com\/wp-content\/uploads\/2022\/01\/Screenshot-2022-01-11-at-17.38.37-300x86.png 300w, https:\/\/dropshippingb2b.com\/wp-content\/uploads\/2022\/01\/Screenshot-2022-01-11-at-17.38.37-768x220.png 768w, https:\/\/dropshippingb2b.com\/wp-content\/uploads\/2022\/01\/Screenshot-2022-01-11-at-17.38.37.png 1224w\" sizes=\"auto, (max-width: 512px) 100vw, 512px\" \/><\/figure>\n\n\n\n<h4 class=\"wp-block-heading\"><strong><strong>Ak\u00e1 ponuka:<\/strong><\/strong><\/h4>\n\n\n\n<p>Vopred naform\u00e1tovan\u00e9 cenn\u00edky CSV pre CMS &#8222;GAMBIO&#8220; a integr\u00e1cia s trhom eBay.<\/p>\n\n\n\n<div style=\"height:20px\" aria-hidden=\"true\" class=\"wp-block-spacer\"><\/div>\n\n\n\n<h4 class=\"wp-block-heading\"><strong><strong><strong>Ko\u013eko:<\/strong><\/strong><\/strong><\/h4>\n\n\n\n<p class=\"has-text-align-center\">JEDNOR\u00c1ZOV\u00c1 IN\u0160TAL\u00c1CIA 169,00\u20ac<br>MESA\u010cN\u00c9 N\u00c1KLADY 69,00\u20ac v ponuke namiesto 79,00\u20ac<\/p>\n\n\n\n<div style=\"height:20px\" aria-hidden=\"true\" class=\"wp-block-spacer\"><\/div>\n\n\n\n<div class=\"wp-block-buttons is-horizontal is-content-justification-center is-layout-flex wp-container-core-buttons-is-layout-4 wp-block-buttons-is-layout-flex\">\n<div class=\"wp-block-button\"><a class=\"wp-block-button__link wp-element-button\" href=\"https:\/\/import2shop.com\/\" target=\"_blank\" rel=\"noreferrer noopener\">VIAC N\u00c1JDETE NA STR\u00c1NKE IMPORT2SHOP.COM<\/a><\/div>\n<\/div>\n\n\n\n<div style=\"height:30px\" aria-hidden=\"true\" class=\"wp-block-spacer\"><\/div>\n<\/div><\/div>\n\n\n\n<div class=\"inherit-container-width wp-block-group has-background is-layout-constrained wp-block-group-is-layout-constrained\" style=\"background-color:#ffffff\"><div class=\"wp-block-group__inner-container\"><\/div><\/div>\n<\/div><\/div>\n","protected":false},"excerpt":{"rendered":"<p>Chcete s nami externalizova\u0165 rozvoj integr\u00e1cie?Nem\u00e1te intern\u00fd IT t\u00edm, alebo sa jednoducho rad\u0161ej spoliehate na existuj\u00face a odsk\u00fa\u0161an\u00e9 rie\u0161enie? Zverte sa jedn\u00e9mu z na\u0161ich partnerov! Na\u0161e Flows s\u00fa testovan\u00e9 a pou\u017e\u00edvan\u00e9 desiatkami z\u00e1kazn\u00edkov, s\u00fa \u0161tandardn\u00fdm tokom a m\u00f4\u017eu by\u0165 integrovan\u00e9 do ka\u017ed\u00e9ho elektronick\u00e9ho obchodu, ale ak ten v\u00e1\u0161 bol vyvinut\u00fd na jednom z najpou\u017e\u00edvanej\u0161\u00edch CMS [&hellip;]<\/p>\n","protected":false},"author":1,"featured_media":0,"parent":0,"menu_order":0,"comment_status":"closed","ping_status":"closed","template":"","meta":{"inline_featured_image":false,"site-sidebar-layout":"default","site-content-layout":"plain-container","ast-site-content-layout":"","site-content-style":"default","site-sidebar-style":"default","ast-global-header-display":"","ast-banner-title-visibility":"","ast-main-header-display":"","ast-hfb-above-header-display":"","ast-hfb-below-header-display":"","ast-hfb-mobile-header-display":"","site-post-title":"disabled","ast-breadcrumbs-content":"","ast-featured-img":"","footer-sml-layout":"","theme-transparent-header-meta":"default","adv-header-id-meta":"","stick-header-meta":"","header-above-stick-meta":"","header-main-stick-meta":"","header-below-stick-meta":"","astra-migrate-meta-layouts":"default","ast-page-background-enabled":"default","ast-page-background-meta":{"desktop":{"background-color":"","background-image":"","background-repeat":"repeat","background-position":"center center","background-size":"auto","background-attachment":"scroll","background-type":"","background-media":"","overlay-type":"","overlay-color":"","overlay-opacity":"","overlay-gradient":""},"tablet":{"background-color":"","background-image":"","background-repeat":"repeat","background-position":"center center","background-size":"auto","background-attachment":"scroll","background-type":"","background-media":"","overlay-type":"","overlay-color":"","overlay-opacity":"","overlay-gradient":""},"mobile":{"background-color":"","background-image":"","background-repeat":"repeat","background-position":"center center","background-size":"auto","background-attachment":"scroll","background-type":"","background-media":"","overlay-type":"","overlay-color":"","overlay-opacity":"","overlay-gradient":""}},"ast-content-background-meta":{"desktop":{"background-color":"var(--ast-global-color-5)","background-image":"","background-repeat":"repeat","background-position":"center center","background-size":"auto","background-attachment":"scroll","background-type":"","background-media":"","overlay-type":"","overlay-color":"","overlay-opacity":"","overlay-gradient":""},"tablet":{"background-color":"var(--ast-global-color-5)","background-image":"","background-repeat":"repeat","background-position":"center center","background-size":"auto","background-attachment":"scroll","background-type":"","background-media":"","overlay-type":"","overlay-color":"","overlay-opacity":"","overlay-gradient":""},"mobile":{"background-color":"var(--ast-global-color-5)","background-image":"","background-repeat":"repeat","background-position":"center center","background-size":"auto","background-attachment":"scroll","background-type":"","background-media":"","overlay-type":"","overlay-color":"","overlay-opacity":"","overlay-gradient":""}},"footnotes":""},"class_list":["post-2196","page","type-page","status-publish","hentry"],"_links":{"self":[{"href":"https:\/\/dropshippingb2b.com\/sk\/wp-json\/wp\/v2\/pages\/2196","targetHints":{"allow":["GET"]}}],"collection":[{"href":"https:\/\/dropshippingb2b.com\/sk\/wp-json\/wp\/v2\/pages"}],"about":[{"href":"https:\/\/dropshippingb2b.com\/sk\/wp-json\/wp\/v2\/types\/page"}],"author":[{"embeddable":true,"href":"https:\/\/dropshippingb2b.com\/sk\/wp-json\/wp\/v2\/users\/1"}],"replies":[{"embeddable":true,"href":"https:\/\/dropshippingb2b.com\/sk\/wp-json\/wp\/v2\/comments?post=2196"}],"version-history":[{"count":15,"href":"https:\/\/dropshippingb2b.com\/sk\/wp-json\/wp\/v2\/pages\/2196\/revisions"}],"predecessor-version":[{"id":7293,"href":"https:\/\/dropshippingb2b.com\/sk\/wp-json\/wp\/v2\/pages\/2196\/revisions\/7293"}],"wp:attachment":[{"href":"https:\/\/dropshippingb2b.com\/sk\/wp-json\/wp\/v2\/media?parent=2196"}],"curies":[{"name":"wp","href":"https:\/\/api.w.org\/{rel}","templated":true}]}}