{"id":1880,"date":"2021-07-16T18:57:17","date_gmt":"2021-07-16T18:57:17","guid":{"rendered":"https:\/\/dsb2b.assemblyweb.net\/returns"},"modified":"2022-10-26T10:59:55","modified_gmt":"2022-10-26T10:59:55","slug":"sa-vracia","status":"publish","type":"page","link":"https:\/\/dropshippingb2b.com\/sk\/sa-vracia","title":{"rendered":"sa vracia"},"content":{"rendered":"\n<div class=\"wp-block-cover alignfull\" style=\"min-height:350px;aspect-ratio:unset;\"><span aria-hidden=\"true\" class=\"wp-block-cover__background has-background-dim-0 has-background-dim\"><\/span><img loading=\"lazy\" decoding=\"async\" width=\"1200\" height=\"1600\" class=\"wp-block-cover__image-background wp-image-2834\" alt=\"\" src=\"https:\/\/dropshippingb2b.com\/wp-content\/uploads\/2022\/01\/wwtech-portada-duotone.jpg\" data-object-fit=\"cover\" srcset=\"https:\/\/dropshippingb2b.com\/wp-content\/uploads\/2022\/01\/wwtech-portada-duotone.jpg 1200w, https:\/\/dropshippingb2b.com\/wp-content\/uploads\/2022\/01\/wwtech-portada-duotone-225x300.jpg 225w, https:\/\/dropshippingb2b.com\/wp-content\/uploads\/2022\/01\/wwtech-portada-duotone-768x1024.jpg 768w, https:\/\/dropshippingb2b.com\/wp-content\/uploads\/2022\/01\/wwtech-portada-duotone-1152x1536.jpg 1152w, https:\/\/dropshippingb2b.com\/wp-content\/uploads\/2022\/01\/wwtech-portada-duotone-300x400.jpg 300w\" sizes=\"auto, (max-width: 1200px) 100vw, 1200px\" \/><div class=\"wp-block-cover__inner-container is-layout-flow wp-block-cover-is-layout-flow\">\n<h2 class=\"has-text-color wp-block-heading\" style=\"color:#ffffff\">Sa vracia<\/h2>\n<\/div><\/div>\n\n\n\n<div class=\"inherit-container-width wp-block-group alignfull has-background is-layout-constrained wp-block-group-is-layout-constrained\" style=\"background-color:#f6f6f6\"><div class=\"wp-block-group__inner-container\">\n<div class=\"inherit-container-width wp-block-group has-white-background-color has-background is-layout-constrained wp-block-group-is-layout-constrained\"><div class=\"wp-block-group__inner-container\">\n<figure class=\"wp-block-image aligncenter size-full is-resized\"><img loading=\"lazy\" decoding=\"async\" src=\"https:\/\/dropshippingb2b.com\/wp-content\/uploads\/2022\/09\/infograph_refund_sk.png\" alt=\"\" class=\"wp-image-5286\" width=\"851\" height=\"900\" srcset=\"https:\/\/dropshippingb2b.com\/wp-content\/uploads\/2022\/09\/infograph_refund_sk.png 1135w, https:\/\/dropshippingb2b.com\/wp-content\/uploads\/2022\/09\/infograph_refund_sk-284x300.png 284w, https:\/\/dropshippingb2b.com\/wp-content\/uploads\/2022\/09\/infograph_refund_sk-969x1024.png 969w, https:\/\/dropshippingb2b.com\/wp-content\/uploads\/2022\/09\/infograph_refund_sk-768x812.png 768w, https:\/\/dropshippingb2b.com\/wp-content\/uploads\/2022\/09\/infograph_refund_sk-300x317.png 300w\" sizes=\"auto, (max-width: 851px) 100vw, 851px\" \/><\/figure>\n\n\n\n<h4 class=\"has-text-align-center wp-block-heading\"><strong>Sa vracia B2B vs B2C<\/strong><\/h4>\n\n\n\n<p>Pripom\u00edname v\u00e1m, \u017ee p\u00f4sob\u00edte ako predajca Dropshippingu v r\u00e1mci obchodn\u00e9ho vz\u0165ahu predajca\/dod\u00e1vate\u013e sa riadi pokynmi B2B (business-to-business).<\/p>\n\n\n\n<p>Z\u00e1sady vr\u00e1tenia tovaru s\u00fa rovnak\u00e9 ako pri n\u00e1kupe ve\u013ekoobchodov na webovej str\u00e1nke, na ktor\u00fa sa chyst\u00e1te pripoji\u0165 svoje podnikanie v oblasti dropshippingu.<\/p>\n\n\n\n<div class=\"wp-block-buttons is-horizontal is-content-justification-center is-layout-flex wp-container-core-buttons-is-layout-1 wp-block-buttons-is-layout-flex\">\n<div class=\"wp-block-button\"><a class=\"wp-block-button__link\" href=\"https:\/\/www.wwt.it\/en\/info\/backorders-&amp;-returns\/backorders-returns\" target=\"_blank\" rel=\"noreferrer noopener\">Pre\u010d\u00edtajte si pravidl\u00e1 vr\u00e1tenia B2B<\/a><\/div>\n<\/div>\n\n\n\n<div style=\"height:30px\" aria-hidden=\"true\" class=\"wp-block-spacer\"><\/div>\n\n\n\n<p>Aj ke\u010f v\u0161etky produkty u\u017e podliehaj\u00fa presnej kontrole, ke\u010f ich dostaneme (aby sme sa vyhli chybn\u00fdm a nefunk\u010dn\u00fdm produktom v na\u0161om sklade), logistika jedine\u010dne pri polo\u017ek\u00e1ch pred\u00e1van\u00fdch na objedn\u00e1vku dropshipping vykon\u00e1 druh\u00fa kontrolu pred ich odoslan\u00edm, aby zaru\u010dila v\u0161etky produkty s\u00fa v perfektnom stave, vr\u00e1tane overenia nabitia bat\u00e9rie (ke\u010f\u017ee po\u010das \u010dasu str\u00e1ven\u00e9ho v sklade m\u00f4\u017ee d\u00f4js\u0165 k vybitiu).<\/p>\n\n\n\n<p>Tento postup bol pre\u0161tudovan\u00fd tak, aby bola zabezpe\u010den\u00e1 dvojit\u00e1 istota, \u017ee koncov\u00e9mu z\u00e1kazn\u00edkovi bud\u00fa v\u017edy odoslan\u00e9 iba dokonal\u00e9 produkty, \u010d\u00edm sa pred\u00edde sporom medzi dod\u00e1vate\u013eom a predajcom, preto\u017ee \u017eiadny z nich v skuto\u010dnosti nevid\u00ed ani sa nedot\u00fdka predan\u00fdch produktov. Pre pr\u00e1cu v dropshippingu je potrebn\u00e1 pln\u00e1 d\u00f4vera v pr\u00e1cu, ktor\u00fa vykon\u00e1va logistika, kontroluje a odosiela tovar koncov\u00fdm z\u00e1kazn\u00edkom v mene predajcu.<\/p>\n\n\n\n<p>Na z\u00e1klade minul\u00fdch sk\u00fasenost\u00ed sa, \u017eia\u013e, stalo, \u017ee niektor\u00ed z\u00e1kazn\u00edci tvrdili, \u017ee dostali nefunk\u010dn\u00fd tovar, a dokonca tvrdili, \u017ee bol pou\u017eit\u00fd: toto je mo\u017en\u00e9 \u00faplne vyl\u00fa\u010di\u0165 pomocou druhu slu\u017eby, ktor\u00fa poskytujeme, a ka\u017ed\u00fd predajca je pozvan\u00fd nav\u0161t\u00edvi\u0165 na\u0161u Logistics na adrese kedyko\u013evek osobne overi\u0165 kvalitu a presnos\u0165 pon\u00fakan\u00fdch slu\u017eieb, ale v \u017eiadnom pr\u00edpade nebudeme akceptova\u0165 zodpovednos\u0165 za s\u0165a\u017enosti nie celkom \u010destn\u00fdch s\u00fakromn\u00fdch kupuj\u00facich.<\/p>\n\n\n\n<ul class=\"wp-block-list\"><li>Ak vykon\u00e1vate skuto\u010dn\u00fa a spr\u00e1vnu slu\u017ebu Dropshipping, teda nech\u00e1vate tovar posiela\u0165 priamo va\u0161im koncov\u00fdm z\u00e1kazn\u00edkom, pripome\u0148te si, \u017ee vr\u00e1ten\u00e9 z\u00e1sielky nem\u00f4\u017eete posiela\u0165 od v\u00e1\u0161ho s\u00fakromn\u00e9ho z\u00e1kazn\u00edka n\u00e1m ako dod\u00e1vate\u013eovi, ale mus\u00edte ho vr\u00e1ti\u0165 predajcovi (v\u00e1m). Dohody medzi koncov\u00fdm z\u00e1kazn\u00edkom a predajcom urob\u00edte vy a bez oh\u013eadu na to, ako by to nakoniec bolo rie\u0161en\u00e9 s ve\u013ekoobchodn\u00fdm dod\u00e1vate\u013eom.<\/li><li>Ak namiesto toho nevykon\u00e1vate priamy dropshipping, ale dost\u00e1vate n\u00e1\u0161 tovar do svojho zariadenia a odosielate ho svojim z\u00e1kazn\u00edkom odtia\u013e, v pr\u00edpade probl\u00e9mov n\u00e1m pripome\u0148te (pod\u013ea vy\u0161\u0161ie uveden\u00fdch pravidiel vr\u00e1tenia), mus\u00edte n\u00e1s o tom \u010do najsk\u00f4r informova\u0165. ka\u017ed\u00fd pr\u00edpad do 8&nbsp;dn\u00ed od prijatia tovaru.<\/li><\/ul>\n\n\n\n<p class=\"has-text-color has-background\" style=\"background-color:#fae3d4;color:#e5742e\"><strong><strong>POZOR! Pripom\u00edname, \u017ee pravidl\u00e1 vr\u00e1tenia B2B sa l\u00ed\u0161ia od trhu B2C; najm\u00e4 z\u00e1kon o \u201epr\u00e1ve na odst\u00fapenie od zmluvy\u201c je normou, ktor\u00fa z\u00e1konodarca predpoklad\u00e1 na ochranu s\u00fakromn\u00fdch spotrebite\u013eov a vz\u0165ahuje sa len na t\u00fdch neskor\u0161\u00edch.<\/strong><\/strong><\/p>\n\n\n\n<p>Vzh\u013eadom na vz\u00e1jomn\u00fa a kontinu\u00e1lnu spolupr\u00e1cu, ak by ste spravovali v\u00e4\u010d\u0161\u00ed po\u010det vr\u00e1ten\u00fdch polo\u017eiek, ako by va\u0161e podnikanie dok\u00e1zalo pohlti\u0165, na\u0161a spolo\u010dnos\u0165 zost\u00e1va k dispoz\u00edcii na ob\u010dasn\u00e9 vyhodnotenie n\u00e1kupov vr\u00e1ten\u00e9ho tovaru a jeho op\u00e4tovn\u00e9 uvedenie do predaja na na\u0161om kan\u00e1li.<\/p>\n<\/div><\/div>\n<\/div><\/div>\n\n\n\n<div class=\"inherit-container-width wp-block-group alignfull has-background is-layout-constrained wp-block-group-is-layout-constrained\" style=\"background-color:#fae4d6\"><div class=\"wp-block-group__inner-container\"><\/div><\/div>\n","protected":false},"excerpt":{"rendered":"<p>Sa vracia B2B vs B2C Pripom\u00edname v\u00e1m, \u017ee p\u00f4sob\u00edte ako predajca Dropshippingu v r\u00e1mci obchodn\u00e9ho vz\u0165ahu predajca\/dod\u00e1vate\u013e sa riadi pokynmi B2B (business-to-business). Z\u00e1sady vr\u00e1tenia tovaru s\u00fa rovnak\u00e9 ako pri n\u00e1kupe ve\u013ekoobchodov na webovej str\u00e1nke, na ktor\u00fa sa chyst\u00e1te pripoji\u0165 svoje podnikanie v oblasti dropshippingu. Aj ke\u010f v\u0161etky produkty u\u017e podliehaj\u00fa presnej kontrole, ke\u010f ich dostaneme [&hellip;]<\/p>\n","protected":false},"author":1,"featured_media":0,"parent":0,"menu_order":0,"comment_status":"closed","ping_status":"closed","template":"","meta":{"inline_featured_image":false,"site-sidebar-layout":"default","site-content-layout":"plain-container","ast-site-content-layout":"","site-content-style":"default","site-sidebar-style":"default","ast-global-header-display":"","ast-banner-title-visibility":"","ast-main-header-display":"","ast-hfb-above-header-display":"","ast-hfb-below-header-display":"","ast-hfb-mobile-header-display":"","site-post-title":"disabled","ast-breadcrumbs-content":"","ast-featured-img":"","footer-sml-layout":"","theme-transparent-header-meta":"default","adv-header-id-meta":"","stick-header-meta":"","header-above-stick-meta":"","header-main-stick-meta":"","header-below-stick-meta":"","astra-migrate-meta-layouts":"default","ast-page-background-enabled":"default","ast-page-background-meta":{"desktop":{"background-color":"","background-image":"","background-repeat":"repeat","background-position":"center center","background-size":"auto","background-attachment":"scroll","background-type":"","background-media":"","overlay-type":"","overlay-color":"","overlay-opacity":"","overlay-gradient":""},"tablet":{"background-color":"","background-image":"","background-repeat":"repeat","background-position":"center center","background-size":"auto","background-attachment":"scroll","background-type":"","background-media":"","overlay-type":"","overlay-color":"","overlay-opacity":"","overlay-gradient":""},"mobile":{"background-color":"","background-image":"","background-repeat":"repeat","background-position":"center center","background-size":"auto","background-attachment":"scroll","background-type":"","background-media":"","overlay-type":"","overlay-color":"","overlay-opacity":"","overlay-gradient":""}},"ast-content-background-meta":{"desktop":{"background-color":"var(--ast-global-color-5)","background-image":"","background-repeat":"repeat","background-position":"center center","background-size":"auto","background-attachment":"scroll","background-type":"","background-media":"","overlay-type":"","overlay-color":"","overlay-opacity":"","overlay-gradient":""},"tablet":{"background-color":"var(--ast-global-color-5)","background-image":"","background-repeat":"repeat","background-position":"center center","background-size":"auto","background-attachment":"scroll","background-type":"","background-media":"","overlay-type":"","overlay-color":"","overlay-opacity":"","overlay-gradient":""},"mobile":{"background-color":"var(--ast-global-color-5)","background-image":"","background-repeat":"repeat","background-position":"center center","background-size":"auto","background-attachment":"scroll","background-type":"","background-media":"","overlay-type":"","overlay-color":"","overlay-opacity":"","overlay-gradient":""}},"footnotes":""},"class_list":["post-1880","page","type-page","status-publish","hentry"],"_links":{"self":[{"href":"https:\/\/dropshippingb2b.com\/sk\/wp-json\/wp\/v2\/pages\/1880","targetHints":{"allow":["GET"]}}],"collection":[{"href":"https:\/\/dropshippingb2b.com\/sk\/wp-json\/wp\/v2\/pages"}],"about":[{"href":"https:\/\/dropshippingb2b.com\/sk\/wp-json\/wp\/v2\/types\/page"}],"author":[{"embeddable":true,"href":"https:\/\/dropshippingb2b.com\/sk\/wp-json\/wp\/v2\/users\/1"}],"replies":[{"embeddable":true,"href":"https:\/\/dropshippingb2b.com\/sk\/wp-json\/wp\/v2\/comments?post=1880"}],"version-history":[{"count":23,"href":"https:\/\/dropshippingb2b.com\/sk\/wp-json\/wp\/v2\/pages\/1880\/revisions"}],"predecessor-version":[{"id":6510,"href":"https:\/\/dropshippingb2b.com\/sk\/wp-json\/wp\/v2\/pages\/1880\/revisions\/6510"}],"wp:attachment":[{"href":"https:\/\/dropshippingb2b.com\/sk\/wp-json\/wp\/v2\/media?parent=1880"}],"curies":[{"name":"wp","href":"https:\/\/api.w.org\/{rel}","templated":true}]}}