{"id":1456,"date":"2021-07-14T21:42:39","date_gmt":"2021-07-14T21:42:39","guid":{"rendered":"https:\/\/dsb2b.assemblyweb.net\/logistics"},"modified":"2026-02-20T17:26:06","modified_gmt":"2026-02-20T16:26:06","slug":"logistika","status":"publish","type":"page","link":"https:\/\/dropshippingb2b.com\/sk\/logistika","title":{"rendered":"Logistika"},"content":{"rendered":"\n<div class=\"wp-block-cover alignfull\" style=\"min-height:350px;aspect-ratio:unset;\"><span aria-hidden=\"true\" class=\"wp-block-cover__background has-background-dim-0 has-background-dim\" style=\"background-color:#000000\"><\/span><img loading=\"lazy\" decoding=\"async\" width=\"1200\" height=\"1600\" class=\"wp-block-cover__image-background wp-image-2834\" alt=\"\" src=\"https:\/\/dropshippingb2b.com\/wp-content\/uploads\/2022\/01\/wwtech-portada-duotone.jpg\" data-object-fit=\"cover\" srcset=\"https:\/\/dropshippingb2b.com\/wp-content\/uploads\/2022\/01\/wwtech-portada-duotone.jpg 1200w, https:\/\/dropshippingb2b.com\/wp-content\/uploads\/2022\/01\/wwtech-portada-duotone-225x300.jpg 225w, https:\/\/dropshippingb2b.com\/wp-content\/uploads\/2022\/01\/wwtech-portada-duotone-768x1024.jpg 768w, https:\/\/dropshippingb2b.com\/wp-content\/uploads\/2022\/01\/wwtech-portada-duotone-1152x1536.jpg 1152w, https:\/\/dropshippingb2b.com\/wp-content\/uploads\/2022\/01\/wwtech-portada-duotone-300x400.jpg 300w\" sizes=\"auto, (max-width: 1200px) 100vw, 1200px\" \/><div class=\"wp-block-cover__inner-container is-layout-flow wp-block-cover-is-layout-flow\">\n<h2 class=\"wp-block-heading alignwide has-text-color\" style=\"color:#ffffff\">Logistika a z\u00e1sielky<\/h2>\n<\/div><\/div>\n\n\n\n<div class=\"inherit-container-width wp-block-group alignfull has-background is-layout-constrained wp-block-group-is-layout-constrained\" style=\"background-color:#f6f6f6\"><div class=\"wp-block-group__inner-container\">\n<div class=\"inherit-container-width wp-block-group mt--50 has-background is-layout-constrained wp-block-group-is-layout-constrained\" style=\"background-color:#ffffff\"><div class=\"wp-block-group__inner-container\">\n<p>S na\u0161\u00edm &nbsp;&#8222;<strong>&nbsp;Servisom na k\u013e\u00fa\u010d<\/strong>&#8220; &nbsp;v\u00e1m v na\u0161om logistickom centre bal\u00edk spracuj\u00fa a za\u0161l\u00fa tovar priamo v\u00e1\u0161mu kone\u010dn\u00e9mu z\u00e1kazn\u00edkovi jednou z na\u0161ich kuri\u00e9rskych slu\u017eieb &nbsp;(FeDex, DHL, UPS).<\/p>\n\n\n\n<p>N\u00e1klady na &#8222;Servis na k\u013e\u00fa\u010d&#8220; :<\/p>\n\n\n\n<figure class=\"wp-block-table\"><table><tbody><tr><td><strong><strong>DESTINATION<\/strong><\/strong><\/td><td><strong><strong>COST<\/strong><\/strong><\/td><td><strong><strong>COURIER<\/strong><\/strong><\/td><\/tr><tr><td>Taliansko<\/td><td>(6,50\u20ac + 3,90\u20ac) 10,40\u20ac<\/td><td>DHL \u2013 GLS &#8211; TNT<\/td><\/tr><tr><td>Z\u00e1padn\u00e1 E\u00da (AT, BE, DE, DK, ES, FI, FR, GR, IE, LU, NL, PT, SE)<\/td><td>(12,50\u20ac + 3,90\u20ac) 16,40\u20ac<\/td><td>DHL \u2013 FedEx<br>UPS &#8211; GLS<\/td><\/tr><tr><td>V\u00fdchodn\u00e1 E\u00da (BG, CY, CZ, EE, HR, HU, LT, LV, MT, PL, RO, SK, SI)<\/td><td>(14,00\u20ac + 3,90\u20ac) 17,90\u20ac<\/td><td>DHL \u2013 FedEx<br>UPS &#8211; GLS<\/td><\/tr><tr><td>USA\/Kanada + eur\u00f3pske krajiny NIE s\u00fa zahrnut\u00e9 v E\u00da&nbsp;(AD, CH, GB, GI, IS, LI, NO)&nbsp;<\/td><td>(17,00\u20ac + 4,00\u20ac + 3,90\u20ac) 24,90\u20ac<\/td><td>DHL \u2013 FedEx &#8211; UPS<\/td><\/tr><tr><td>severn\u00e1 Afrika (DZ, EG, LY, MA, TN), stredn\u00fd v\u00fdchod (AE, KW, OM, QA, SA), Mexiko, Singapur, HK, Japonsko<\/td><td>(26,00\u20ac + 4,00\u20ac + 3,90\u20ac) 33,90\u20ac<\/td><td>DHL \u2013 FedEx \u2013 UPS<\/td><\/tr><tr><td>Krajiny v\u00fdchodnej Eur\u00f3py NIE s\u00fa zahrnut\u00e9 v E\u00da (AL, BA, MD, ME, MK, RS, TR, UA, XK)<\/td><td>(29,00\u20ac + 4,00\u20ac + 3,90\u20ac) 36,90\u20ac<\/td><td>DHL \u2013 FedEx \u2013 UPS<\/td><\/tr><tr><td>Zvy\u0161ok sveta (okrem Ruskej feder\u00e1cie a Bieloruska)<\/td><td>(36,00\u20ac + 4,00\u20ac + 3,90\u20ac) 43,90\u20ac<\/td><td>DHL \u2013 FedEx \u2013 UPS<\/td><\/tr><\/tbody><\/table><\/figure>\n<\/div><\/div>\n\n\n\n<div style=\"height:30px\" aria-hidden=\"true\" class=\"wp-block-spacer\"><\/div>\n\n\n\n<div class=\"inherit-container-width wp-block-group has-background is-layout-constrained wp-block-group-is-layout-constrained\" style=\"background-color:#ffffff\"><div class=\"wp-block-group__inner-container\">\n<h3 class=\"wp-block-heading has-text-align-center\">\u0160tandardn\u00e1 manipula\u010dn\u00e1<\/h3>\n\n\n\n<p>Manipula\u010dn\u00e1 logistika je predov\u0161etk\u00fdm o pr\u00edprave bal\u00ed\u010dka pre kone\u010dn\u00e9ho z\u00e1kazn\u00edka; Logistika sa zaober\u00e1 ka\u017ed\u00fdm bal\u00ed\u010dkom, ktor\u00fd pripravuje pre kuri\u00e9rsku slu\u017ebu na odovzdanie kuri\u00e9rovi.<\/p>\n\n\n\n<ol class=\"wp-block-list\">\n<li><strong>Produkt je zabalen\u00fd<\/strong> do bieleho kart\u00f3nov\u00e9ho boxu r\u00f4znej ve\u013ekosti, vyberan\u00e9 pod\u013ea ve\u013ekosti produktu, aby sa minimalizoval objem a optimalizovali n\u00e1klady na dopravu;.<\/li>\n\n\n\n<li><strong>Pr\u00edprava bal\u00edka pre kuri\u00e9ra<\/strong>.<\/li>\n\n\n\n<li><strong>Zapezbe\u010denie termo zape\u010daten\u00edm<\/strong>.<\/li>\n\n\n\n<li><strong>Odovzdanie bal\u00edka <\/strong>kuri\u00e9rovi.<\/li>\n\n\n\n<li><strong>Pridanie sledovacieho \u010d\u00edsla <\/strong>do dropshipping platformy na kontrolu z\u00e1sielky.<\/li>\n<\/ol>\n\n\n\n<p>Ka\u017ed\u00e1 \u010fal\u0161ia z\u00e1sielka zasielan\u00e1 na t\u00fa ist\u00fa adresu<strong>&nbsp;je so z\u013eavou 50%.<\/strong><\/p>\n\n\n\n<div style=\"height:50px\" aria-hidden=\"true\" class=\"wp-block-spacer\"><\/div>\n\n\n\n<p class=\"has-text-align-center has-text-color has-background\" style=\"color:#e5742e;background-color:#fae3d4\"><strong>Okrem \u0161tandardn\u00e9ho procesu m\u00f4\u017eete po\u017eiada\u0165 i o \u010fal\u0161ie slu\u017eby spojen\u00e9 so z\u00e1sielkou<\/strong><\/p>\n\n\n\n<div style=\"height:20px\" aria-hidden=\"true\" class=\"wp-block-spacer\"><\/div>\n\n\n\n<div class=\"wp-block-buttons is-horizontal is-content-justification-center is-layout-flex wp-container-core-buttons-is-layout-1 wp-block-buttons-is-layout-flex\">\n<div class=\"wp-block-button\"><a class=\"wp-block-button__link wp-element-button\" href=\"\/wp-content\/uploads\/2022\/09\/personalized_logistic_options_eng.pdf\" target=\"_blank\" rel=\"noreferrer noopener\">PRISP\u00d4SOBEN\u00c9 MO\u017dNOSTI<\/a><\/div>\n<\/div>\n\n\n\n<div style=\"height:30px\" aria-hidden=\"true\" class=\"wp-block-spacer\"><\/div>\n<\/div><\/div>\n\n\n\n<div style=\"height:30px\" aria-hidden=\"true\" class=\"wp-block-spacer\"><\/div>\n\n\n\n<div class=\"inherit-container-width wp-block-group has-background is-layout-constrained wp-block-group-is-layout-constrained\" style=\"background-color:#ffffff\"><div class=\"wp-block-group__inner-container\">\n<h3 class=\"wp-block-heading has-text-align-center\"><strong>Krabice pou\u017e\u00edvan\u00e9 na\u0161ou logistikou<\/strong><\/h3>\n\n\n\n<figure class=\"wp-block-image aligncenter size-full\"><img loading=\"lazy\" decoding=\"async\" width=\"537\" height=\"612\" src=\"https:\/\/dropshippingb2b.com\/wp-content\/uploads\/2022\/01\/boxbrick.png\" alt=\"\" class=\"wp-image-3327\" srcset=\"https:\/\/dropshippingb2b.com\/wp-content\/uploads\/2022\/01\/boxbrick.png 537w, https:\/\/dropshippingb2b.com\/wp-content\/uploads\/2022\/01\/boxbrick-300x342.png 300w, https:\/\/dropshippingb2b.com\/wp-content\/uploads\/2022\/01\/boxbrick-263x300.png 263w\" sizes=\"auto, (max-width: 537px) 100vw, 537px\" \/><\/figure>\n<\/div><\/div>\n\n\n\n<div style=\"height:30px\" aria-hidden=\"true\" class=\"wp-block-spacer\"><\/div>\n\n\n\n<div class=\"inherit-container-width wp-block-group has-background is-layout-constrained wp-block-group-is-layout-constrained\" style=\"background-color:#ffffff\"><div class=\"wp-block-group__inner-container\">\n<div style=\"height:30px\" aria-hidden=\"true\" class=\"wp-block-spacer\"><\/div>\n\n\n\n<h3 class=\"wp-block-heading has-text-align-center\"><strong>Na stiahnutie pr\u00edklady komunik\u00e1cie, ktor\u00e9 m\u00f4\u017eete prida\u0165 do svojich bal\u00ed\u010dkov<\/strong><\/h3>\n\n\n\n<p class=\"has-text-align-center\">S\u00fa mali\u010dkosti, ktor\u00e9 robia rozdiel: akt\u00edvna komunik\u00e1cia s o svojimi klientami, predv\u00edda\u0165 ich potreby. To pom\u00e1ha budova\u0165 loajalitu z\u00e1kazn\u00edkov, zvy\u0161ova\u0165 zisky, zvy\u0161ova\u0165 d\u00f4veru, zvy\u0161ova\u0165 percento z\u00e1kazn\u00edkov, ktor\u00ed sa vr\u00e1tia na va\u0161u str\u00e1nku a spravia nov\u00fa objedn\u00e1vku : pom\u00f4\u017eeme v\u00e1m na\u0161imi sk\u00fasenos\u0165ami zv\u00fd\u0161i\u0165 v\u00e1\u0161 obchod!<\/p>\n\n\n\n<div class=\"wp-block-buttons is-horizontal is-content-justification-center is-layout-flex wp-container-core-buttons-is-layout-2 wp-block-buttons-is-layout-flex\">\n<div class=\"wp-block-button\"><a class=\"wp-block-button__link wp-element-button\" href=\"\/wp-content\/uploads\/2022\/09\/example_of_communication.pdf\" target=\"_blank\" rel=\"noreferrer noopener\">PR\u00cdKLAD KOMUNIK\u00c1CIE<\/a><\/div>\n<\/div>\n\n\n\n<div style=\"height:20px\" aria-hidden=\"true\" class=\"wp-block-spacer\"><\/div>\n<\/div><\/div>\n\n\n\n<div style=\"height:20px\" aria-hidden=\"true\" class=\"wp-block-spacer\"><\/div>\n\n\n\n<div class=\"inherit-container-width wp-block-group has-background is-layout-constrained wp-block-group-is-layout-constrained\" style=\"background-color:#ffffff\"><div class=\"wp-block-group__inner-container\">\n<div style=\"height:20px\" aria-hidden=\"true\" class=\"wp-block-spacer\"><\/div>\n\n\n\n<h3 class=\"wp-block-heading has-text-align-center\"><strong>Stiahnite si talianske coln\u00e9 vyhl\u00e1senie potrebn\u00e9 pre va\u0161e z\u00e1sielky mimo E\u00da!<\/strong><\/h3>\n\n\n\n<div class=\"wp-block-buttons is-horizontal is-content-justification-center is-layout-flex wp-container-core-buttons-is-layout-3 wp-block-buttons-is-layout-flex\">\n<div class=\"wp-block-button\"><a class=\"wp-block-button__link wp-element-button\" href=\"https:\/\/dropshippingb2b.com\/wp-content\/uploads\/2024\/04\/ENG-dichiarazione-libera-esportazione-MARZO-2024.pdf\">IZJAVA<\/a><\/div>\n<\/div>\n\n\n\n<div style=\"height:50px\" aria-hidden=\"true\" class=\"wp-block-spacer\"><\/div>\n\n\n\n<h3 class=\"wp-block-heading has-text-align-center\">Stiahnite si potrebn\u00e9 dokumenty na export do USA<\/h3>\n\n\n\n<div class=\"wp-block-buttons is-horizontal is-content-justification-center is-layout-flex wp-container-core-buttons-is-layout-4 wp-block-buttons-is-layout-flex\">\n<div class=\"wp-block-button\"><a class=\"wp-block-button__link wp-element-button\" href=\"\/wp-content\/uploads\/2022\/09\/drop_ball_usa.pdf\" target=\"_blank\" rel=\"noreferrer noopener\">DROPP BALL (Okuliare)<\/a><\/div>\n\n\n\n<div class=\"wp-block-button is-style-fill\"><a class=\"wp-block-button__link wp-element-button\" href=\"\/wp-content\/uploads\/2022\/09\/breakdown_value_model.pdf\" target=\"_blank\" rel=\"noreferrer noopener\">BREAKDOWN VALUE (Hodinky)<\/a><\/div>\n<\/div>\n\n\n\n<div style=\"height:20px\" aria-hidden=\"true\" class=\"wp-block-spacer\"><\/div>\n<\/div><\/div>\n\n\n\n<div style=\"height:30px\" aria-hidden=\"true\" class=\"wp-block-spacer\"><\/div>\n\n\n\n<div class=\"wp-block-media-text alignwide has-media-on-the-right is-stacked-on-mobile is-image-fill-element has-background\" style=\"background-color:#ffffff;grid-template-columns:auto 29%\"><div class=\"wp-block-media-text__content\">\n<p>Ako alternat\u00edvu k bal\u00edku \u201ena k\u013e\u00fa\u010d\u201c si m\u00f4\u017eete dohodn\u00fa\u0165 spracovanie svojich objedn\u00e1vok priamo s Logistics a pri fin\u00e1lnej z\u00e1sielke sa spo\u013eahn\u00fa\u0165 na svojho d\u00f4veryhodn\u00e9ho kuri\u00e9ra. Toto rie\u0161enie m\u00f4\u017ee by\u0165 platn\u00e9 pre predajcov s ve\u013ek\u00fdmi objemami a zv\u00fdhodnen\u00fdmi sadzbami.<\/p>\n\n\n\n<p class=\"mt-0\">Na\u0161a logistika je riaden\u00e1:<\/p>\n\n\n\n<figure class=\"wp-block-image size-large is-resized\"><img loading=\"lazy\" decoding=\"async\" width=\"1024\" height=\"180\" src=\"https:\/\/dropshippingb2b.com\/wp-content\/uploads\/2022\/11\/logo-dd-9-1024x180.png\" alt=\"\" class=\"wp-image-6825\" style=\"width:450px;height:90px\" srcset=\"https:\/\/dropshippingb2b.com\/wp-content\/uploads\/2022\/11\/logo-dd-9-1024x180.png 1024w, https:\/\/dropshippingb2b.com\/wp-content\/uploads\/2022\/11\/logo-dd-9-300x53.png 300w, https:\/\/dropshippingb2b.com\/wp-content\/uploads\/2022\/11\/logo-dd-9-768x135.png 768w, https:\/\/dropshippingb2b.com\/wp-content\/uploads\/2022\/11\/logo-dd-9-1536x271.png 1536w, https:\/\/dropshippingb2b.com\/wp-content\/uploads\/2022\/11\/logo-dd-9.png 1720w\" sizes=\"auto, (max-width: 1024px) 100vw, 1024px\" \/><\/figure>\n\n\n\n<p><strong>Autotrasporti Delledonne s.r.l.<\/strong><br>Via Aldo Moro, 10<br>13876 Sandigliano (BI) &#8211; ITALIA<br>P. IVA 00165250028<br>Tel +39 015 2493040<br>Fax +39 015 2493139<br><a href=\"www.delledonne.it\">www.delledonne.it<\/a><\/p>\n<\/div><figure class=\"wp-block-media-text__media\"><img loading=\"lazy\" decoding=\"async\" width=\"232\" height=\"300\" src=\"https:\/\/dropshippingb2b.com\/wp-content\/uploads\/2022\/01\/delledonne-232x300.jpg\" alt=\"\" class=\"wp-image-3339 size-medium\" style=\"object-position:50% 50%\" srcset=\"https:\/\/dropshippingb2b.com\/wp-content\/uploads\/2022\/01\/delledonne-232x300.jpg 232w, https:\/\/dropshippingb2b.com\/wp-content\/uploads\/2022\/01\/delledonne-300x387.jpg 300w, https:\/\/dropshippingb2b.com\/wp-content\/uploads\/2022\/01\/delledonne.jpg 594w\" sizes=\"auto, (max-width: 232px) 100vw, 232px\" \/><\/figure><\/div>\n\n\n\n<div style=\"height:30px\" aria-hidden=\"true\" class=\"wp-block-spacer\"><\/div>\n\n\n\n<div class=\"inherit-container-width wp-block-group has-background is-layout-constrained wp-block-group-is-layout-constrained\" style=\"background-color:#ffffff\"><div class=\"wp-block-group__inner-container\">\n<h3 class=\"wp-block-heading has-text-align-center\">Sklad<\/h3>\n\n\n\n<p>Ve\u013ek\u00e1 v\u00e4\u010d\u0161ina tovaru z n\u00e1\u0161ho katal\u00f3gu sa nach\u00e1dza na na\u0161om logistickom sklade. To n\u00e1m umo\u017e\u0148uje expedova\u0165 tovar v \u010do najkrat\u0161om \u010dase, obvykle 3-5 pracovn\u00e9 dni. Ostatn\u00e9 produkty expedujeme do 7 pracovn\u00fdch dn\u00ed. V r\u00e1mci katal\u00f3gu a platformy n\u00e1jdete konkr\u00e9tne dodacie lehoty jednotliv\u00fdch produktov, aby ste mohli informova\u0165 svojich z\u00e1kazn\u00edkov o dobe doru\u010denia jednotliv\u00fdch objedn\u00e1vok.<\/p>\n<\/div><\/div>\n<\/div><\/div>\n\n\n\n<div class=\"inherit-container-width wp-block-group alignfull has-background is-layout-constrained wp-block-group-is-layout-constrained\" style=\"background-color:#fae4d6\"><div class=\"wp-block-group__inner-container\"><\/div><\/div>\n","protected":false},"excerpt":{"rendered":"<p>S na\u0161\u00edm &nbsp;&#8222;&nbsp;Servisom na k\u013e\u00fa\u010d&#8220; &nbsp;v\u00e1m v na\u0161om logistickom centre bal\u00edk spracuj\u00fa a za\u0161l\u00fa tovar priamo v\u00e1\u0161mu kone\u010dn\u00e9mu z\u00e1kazn\u00edkovi jednou z na\u0161ich kuri\u00e9rskych slu\u017eieb &nbsp;(FeDex, DHL, UPS). N\u00e1klady na &#8222;Servis na k\u013e\u00fa\u010d&#8220; : DESTINATION COST COURIER Taliansko (6,50\u20ac + 3,90\u20ac) 10,40\u20ac DHL \u2013 GLS &#8211; TNT Z\u00e1padn\u00e1 E\u00da (AT, BE, DE, DK, ES, FI, FR, [&hellip;]<\/p>\n","protected":false},"author":1,"featured_media":0,"parent":0,"menu_order":0,"comment_status":"closed","ping_status":"closed","template":"","meta":{"inline_featured_image":false,"site-sidebar-layout":"default","site-content-layout":"plain-container","ast-site-content-layout":"normal-width-container","site-content-style":"unboxed","site-sidebar-style":"unboxed","ast-global-header-display":"","ast-banner-title-visibility":"","ast-main-header-display":"","ast-hfb-above-header-display":"","ast-hfb-below-header-display":"","ast-hfb-mobile-header-display":"","site-post-title":"disabled","ast-breadcrumbs-content":"","ast-featured-img":"","footer-sml-layout":"","theme-transparent-header-meta":"default","adv-header-id-meta":"","stick-header-meta":"","header-above-stick-meta":"","header-main-stick-meta":"","header-below-stick-meta":"","astra-migrate-meta-layouts":"set","ast-page-background-enabled":"default","ast-page-background-meta":{"desktop":{"background-color":"","background-image":"","background-repeat":"repeat","background-position":"center center","background-size":"auto","background-attachment":"scroll","background-type":"","background-media":"","overlay-type":"","overlay-color":"","overlay-opacity":"","overlay-gradient":""},"tablet":{"background-color":"","background-image":"","background-repeat":"repeat","background-position":"center center","background-size":"auto","background-attachment":"scroll","background-type":"","background-media":"","overlay-type":"","overlay-color":"","overlay-opacity":"","overlay-gradient":""},"mobile":{"background-color":"","background-image":"","background-repeat":"repeat","background-position":"center center","background-size":"auto","background-attachment":"scroll","background-type":"","background-media":"","overlay-type":"","overlay-color":"","overlay-opacity":"","overlay-gradient":""}},"ast-content-background-meta":{"desktop":{"background-color":"var(--ast-global-color-5)","background-image":"","background-repeat":"repeat","background-position":"center center","background-size":"auto","background-attachment":"scroll","background-type":"","background-media":"","overlay-type":"","overlay-color":"","overlay-opacity":"","overlay-gradient":""},"tablet":{"background-color":"var(--ast-global-color-5)","background-image":"","background-repeat":"repeat","background-position":"center center","background-size":"auto","background-attachment":"scroll","background-type":"","background-media":"","overlay-type":"","overlay-color":"","overlay-opacity":"","overlay-gradient":""},"mobile":{"background-color":"var(--ast-global-color-5)","background-image":"","background-repeat":"repeat","background-position":"center center","background-size":"auto","background-attachment":"scroll","background-type":"","background-media":"","overlay-type":"","overlay-color":"","overlay-opacity":"","overlay-gradient":""}},"footnotes":""},"class_list":["post-1456","page","type-page","status-publish","hentry"],"_links":{"self":[{"href":"https:\/\/dropshippingb2b.com\/sk\/wp-json\/wp\/v2\/pages\/1456","targetHints":{"allow":["GET"]}}],"collection":[{"href":"https:\/\/dropshippingb2b.com\/sk\/wp-json\/wp\/v2\/pages"}],"about":[{"href":"https:\/\/dropshippingb2b.com\/sk\/wp-json\/wp\/v2\/types\/page"}],"author":[{"embeddable":true,"href":"https:\/\/dropshippingb2b.com\/sk\/wp-json\/wp\/v2\/users\/1"}],"replies":[{"embeddable":true,"href":"https:\/\/dropshippingb2b.com\/sk\/wp-json\/wp\/v2\/comments?post=1456"}],"version-history":[{"count":22,"href":"https:\/\/dropshippingb2b.com\/sk\/wp-json\/wp\/v2\/pages\/1456\/revisions"}],"predecessor-version":[{"id":8410,"href":"https:\/\/dropshippingb2b.com\/sk\/wp-json\/wp\/v2\/pages\/1456\/revisions\/8410"}],"wp:attachment":[{"href":"https:\/\/dropshippingb2b.com\/sk\/wp-json\/wp\/v2\/media?parent=1456"}],"curies":[{"name":"wp","href":"https:\/\/api.w.org\/{rel}","templated":true}]}}