{"id":1322,"date":"2021-07-14T21:36:52","date_gmt":"2021-07-14T21:36:52","guid":{"rendered":"https:\/\/dsb2b.assemblyweb.net\/data-flow"},"modified":"2025-03-17T16:51:27","modified_gmt":"2025-03-17T15:51:27","slug":"datovy-tok","status":"publish","type":"page","link":"https:\/\/dropshippingb2b.com\/sk\/datovy-tok","title":{"rendered":"D\u00e1tov\u00fd tok\ufffc"},"content":{"rendered":"\n<div class=\"wp-block-cover alignfull\" style=\"min-height:350px;aspect-ratio:unset;\"><span aria-hidden=\"true\" class=\"wp-block-cover__background has-background-dim-0 has-background-dim\"><\/span><img loading=\"lazy\" decoding=\"async\" width=\"1200\" height=\"1600\" class=\"wp-block-cover__image-background wp-image-2834\" alt=\"\" src=\"https:\/\/dropshippingb2b.com\/wp-content\/uploads\/2022\/01\/wwtech-portada-duotone.jpg\" data-object-fit=\"cover\" srcset=\"https:\/\/dropshippingb2b.com\/wp-content\/uploads\/2022\/01\/wwtech-portada-duotone.jpg 1200w, https:\/\/dropshippingb2b.com\/wp-content\/uploads\/2022\/01\/wwtech-portada-duotone-225x300.jpg 225w, https:\/\/dropshippingb2b.com\/wp-content\/uploads\/2022\/01\/wwtech-portada-duotone-768x1024.jpg 768w, https:\/\/dropshippingb2b.com\/wp-content\/uploads\/2022\/01\/wwtech-portada-duotone-1152x1536.jpg 1152w, https:\/\/dropshippingb2b.com\/wp-content\/uploads\/2022\/01\/wwtech-portada-duotone-300x400.jpg 300w\" sizes=\"auto, (max-width: 1200px) 100vw, 1200px\" \/><div class=\"wp-block-cover__inner-container is-layout-flow wp-block-cover-is-layout-flow\">\n<h2 class=\"wp-block-heading has-text-color has-huge-font-size\" style=\"color:#ffffff\">D\u00e1tov\u00fd tok<\/h2>\n<\/div><\/div>\n\n\n\n<div class=\"inherit-container-width wp-block-group alignfull has-background is-layout-constrained wp-block-group-is-layout-constrained\" style=\"background-color:#f6f6f6\"><div class=\"wp-block-group__inner-container\">\n<div class=\"inherit-container-width wp-block-group mt--50 has-background is-layout-constrained wp-block-group-is-layout-constrained\" style=\"background-color:#ffffff\"><div class=\"wp-block-group__inner-container\">\n<p>N\u00e1\u0161 katal\u00f3g je k dispoz\u00edcii na stiahnutie manu\u00e1lne (statick\u00fd tok: export CSV, XML, JSON export vr\u00e1tane linkov na obr\u00e1zky produktov ) alebo automaticky (priamy prenos : API integr\u00e1cia, aktualizovan\u00e1 v re\u00e1lnom \u010dase).<\/p>\n\n\n\n<p>Ka\u017ed\u00fd produkt obsahuje nasleduj\u00face inform\u00e1cie:<\/p>\n\n\n\n<ul class=\"wp-block-list custom-list\">\n<li>Zna\u010dka<\/li>\n\n\n\n<li>SKU\/ID produktu<\/li>\n\n\n\n<li>Mno\u017estvo na sklade<\/li>\n\n\n\n<li>SRP\/MOC (Suggested Retail Price &#8211; Odpor\u00fa\u010dan\u00e1 Maloobchodn\u00e1 Cena)<\/li>\n\n\n\n<li>Z\u013eava<\/li>\n\n\n\n<li>\u010dist\u00e1 cena<\/li>\n\n\n\n<li>Na\u010dasovanie prepravy<\/li>\n\n\n\n<li>Pribli\u017en\u00e1 hmotnos\u0165<\/li>\n\n\n\n<li>Prepojenie s dvojit\u00fdmi obr\u00e1zkami: ikona 120x120px a obr\u00e1zok vo vysokom rozl\u00ed\u0161en\u00ed (zvy\u010dajne od 300 do 800 px na stranu): oba obr\u00e1zky maj\u00fa rovnak\u00fd obsah, ak sa produkt pred\u00e1va v \u0161tandardnom balen\u00ed bez &nbsp;doplnkov; ak &nbsp;produkt m\u00e1 \u0161pecifick\u00e9 balenie alebo obsahuje doplnok, tak sa dva obr\u00e1zky &nbsp;l\u00ed\u0161ia (ikona obsahuje iba hodinky; ve\u013ek\u00fd obr\u00e1zok obsahuje aj doplnok). Niektor\u00e9 zna\u010dky maj\u00fa navy\u0161e vo ve\u013ek\u00fdch obr\u00e1zkoch ikony s konkr\u00e9tnymi funkciami produktu<\/li>\n\n\n\n<li>Skupina: (presne ako m\u00f4\u017eete vidie\u0165 na na\u0161ej ve\u013ekoobchodnej webovej str\u00e1nke) Hodinky, \u0161perky, slne\u010dn\u00e9 okuliare a doplnky<\/li>\n\n\n\n<li>Kateg\u00f3ria: Hodinky na sklade pripraven\u00e9 k odoslaniu, \u0160perky na sklade pripraven\u00e9 k odoslaniu<\/li>\n<\/ul>\n\n\n\n<p>a nasleduj\u00face nepovinn\u00e9 polia:<\/p>\n\n\n\n<ul class=\"wp-block-list\">\n<li>EAN (eur\u00f3pske \u010d\u00edslo \u010dl\u00e1nku), ak je k dispoz\u00edcii.<\/li>\n\n\n\n<li>Atrib\u00faty: hlavn\u00e9 vlastnosti produktu ako &#8222;pohlavie&#8220;, &#8222;materi\u00e1l produktu&#8220;, &#8222;vodotesn\u00e9&#8220; at\u010f. S\u00fa k dispoz\u00edcii pre v\u0161etky polo\u017eky &#8222;\u010derven\u00e1 raketa&#8220; (Dod\u00e1vate\u013e_id: 68), zatia\u013e \u010do pre produkty extern\u00fdch dod\u00e1vate\u013eov (odli\u0161n\u00e9 od dod\u00e1vate\u013ea 68), bud\u00fa &nbsp;dostupn\u00e9, ak n\u00e1m ich dod\u00e1vate\u013e v r\u00e1mci svojho toku \u00fadajov poskytne.<\/li>\n\n\n\n<li>Po\u017eiadavky GPSR: v\u00fdrobca a v\u00fdrobca_zodpovedn\u00fd<\/li>\n<\/ul>\n<\/div><\/div>\n\n\n\n<div style=\"height:30px\" aria-hidden=\"true\" class=\"wp-block-spacer\"><\/div>\n\n\n\n<div class=\"inherit-container-width wp-block-group has-background is-layout-constrained wp-block-group-is-layout-constrained\" style=\"background-color:#ffffff\"><div class=\"wp-block-group__inner-container\">\n<h3 class=\"wp-block-heading has-text-align-center\">Ni\u017e\u0161ie s\u00fa pop\u00edsan\u00e9 jednotliv\u00e9 rozdiely medzi automatick\u00fdm a manu\u00e1lnym s\u0165ahovan\u00edm d\u00e1t:<\/h3>\n\n\n\n<figure class=\"wp-block-image aligncenter size-full\"><img loading=\"lazy\" decoding=\"async\" width=\"432\" height=\"346\" src=\"https:\/\/dropshippingb2b.com\/wp-content\/uploads\/2022\/09\/api_vs_csv_en.png\" alt=\"\" class=\"wp-image-4295\" srcset=\"https:\/\/dropshippingb2b.com\/wp-content\/uploads\/2022\/09\/api_vs_csv_en.png 432w, https:\/\/dropshippingb2b.com\/wp-content\/uploads\/2022\/09\/api_vs_csv_en-300x240.png 300w\" sizes=\"auto, (max-width: 432px) 100vw, 432px\" \/><\/figure>\n<\/div><\/div>\n\n\n\n<div style=\"height:30px\" aria-hidden=\"true\" class=\"wp-block-spacer\"><\/div>\n\n\n\n<div class=\"inherit-container-width wp-block-group has-background is-layout-constrained wp-block-group-is-layout-constrained\" style=\"background-color:#ffffff\"><div class=\"wp-block-group__inner-container\">\n<h3 class=\"wp-block-heading has-text-align-center\">API INTEGR\u00c1CIA<\/h3>\n\n\n\n<p>Jedn\u00e1 sa o obojsmern\u00fd tok d\u00e1t, ktor\u00fd umo\u017e\u0148uje:<\/p>\n\n\n\n<ul class=\"wp-block-list\">\n<li>\u010d\u00edta\u0165 v\u0161etky polo\u017eky\/produkty a &nbsp;aktualizova\u0165 v re\u00e1lnom \u010dase.<\/li>\n\n\n\n<li>automaticky vklada\u0165 do v\u00e1\u0161ho n\u00e1kupn\u00e9ho ko\u0161\u00edka produkty a n\u00e1sledne potvrdzova\u0165 objedn\u00e1vku dod\u00e1vate\u013eom.<\/li>\n<\/ul>\n\n\n\n<figure class=\"wp-block-image aligncenter size-full\"><img loading=\"lazy\" decoding=\"async\" width=\"601\" height=\"210\" src=\"https:\/\/dropshippingb2b.com\/wp-content\/uploads\/2022\/09\/schema_api_eng.jpeg\" alt=\"\" class=\"wp-image-4311\" srcset=\"https:\/\/dropshippingb2b.com\/wp-content\/uploads\/2022\/09\/schema_api_eng.jpeg 601w, https:\/\/dropshippingb2b.com\/wp-content\/uploads\/2022\/09\/schema_api_eng-300x105.jpeg 300w\" sizes=\"auto, (max-width: 601px) 100vw, 601px\" \/><\/figure>\n\n\n\n<p>Tento integra\u010dn\u00fd syst\u00e9m bol vytvoren\u00fd ako slu\u017eba, ktor\u00e1 m\u00f4\u017ee by\u0165 implementovan\u00e1 s ak\u00fdmko\u013evek softv\u00e9rom v JSON form\u00e1te, nez\u00e1visle na jazyku a opera\u010dnom syst\u00e9me.<\/p>\n\n\n\n<figure class=\"wp-block-image aligncenter size-full\"><img loading=\"lazy\" decoding=\"async\" width=\"735\" height=\"193\" src=\"https:\/\/dropshippingb2b.com\/wp-content\/uploads\/2022\/09\/api_schema1.jpeg\" alt=\"\" class=\"wp-image-4324\" srcset=\"https:\/\/dropshippingb2b.com\/wp-content\/uploads\/2022\/09\/api_schema1.jpeg 735w, https:\/\/dropshippingb2b.com\/wp-content\/uploads\/2022\/09\/api_schema1-300x79.jpeg 300w\" sizes=\"auto, (max-width: 735px) 100vw, 735px\" \/><\/figure>\n\n\n\n<p>Kompletn\u00fd sprievodca pre pln\u00fa integr\u00e1ciu je k dispoz\u00edcii na nasleduj\u00facom linku:<\/p>\n\n\n\n<div class=\"wp-block-buttons is-horizontal is-content-justification-center is-layout-flex wp-container-core-buttons-is-layout-1 wp-block-buttons-is-layout-flex\">\n<div class=\"wp-block-button\"><a class=\"wp-block-button__link wp-element-button\" href=\"https:\/\/dropshippingb2b.com\/api\/guide\/en\/\" target=\"_blank\" rel=\"noreferrer noopener\">SKONTROLUJTE DOKUMENT\u00c1CIU &gt;<\/a><\/div>\n<\/div>\n<\/div><\/div>\n\n\n\n<div style=\"height:30px\" aria-hidden=\"true\" class=\"wp-block-spacer\"><\/div>\n\n\n\n<div class=\"inherit-container-width wp-block-group has-background is-layout-constrained wp-block-group-is-layout-constrained\" style=\"background-color:#ffffff\"><div class=\"wp-block-group__inner-container\">\n<h3 class=\"wp-block-heading has-text-align-center\"><strong><strong>CSV&nbsp;EXPORT<\/strong><\/strong><\/h3>\n\n\n\n<p>Okrem automatickej API integr\u00e1cie syst\u00e9mu m\u00e1me k dispoz\u00edcii aj &nbsp;CSV export &nbsp;(hodnoty oddelen\u00e9 \u010diarkami) ktor\u00fd v\u00e1m umo\u017en\u00ed stiahnu\u0165 katal\u00f3g manu\u00e1lne.<\/p>\n\n\n\n<div style=\"height:20px\" aria-hidden=\"true\" class=\"wp-block-spacer\"><\/div>\n\n\n\n<p><meta charset=\"utf-8\">Export je aktualizovan\u00fd ka\u017ed\u00e9 2 hodiny v nasledovnej \u0161trukt\u00fare:<\/p>\n\n\n\n<figure class=\"wp-block-image size-large\"><img loading=\"lazy\" decoding=\"async\" width=\"1024\" height=\"75\" src=\"https:\/\/dropshippingb2b.com\/wp-content\/uploads\/2022\/01\/export_file-1024x75.png\" alt=\"\" class=\"wp-image-3272\" srcset=\"https:\/\/dropshippingb2b.com\/wp-content\/uploads\/2022\/01\/export_file-1024x75.png 1024w, https:\/\/dropshippingb2b.com\/wp-content\/uploads\/2022\/01\/export_file-300x22.png 300w, https:\/\/dropshippingb2b.com\/wp-content\/uploads\/2022\/01\/export_file-768x56.png 768w, https:\/\/dropshippingb2b.com\/wp-content\/uploads\/2022\/01\/export_file.png 1200w\" sizes=\"auto, (max-width: 1024px) 100vw, 1024px\" \/><\/figure>\n\n\n\n<p><meta charset=\"utf-8\"><\/p>\n\n\n\n<p>Po registr\u00e1cii a zaplaten\u00ed zvolen\u00e9ho predplatn\u00e9ho v\u00e1m za\u0161leme U\u017e\u00edvate\u013esk\u00e9 meno a Heslo pre pr\u00edstup do katal\u00f3gu.<\/p>\n\n\n\n<p>S\u00fa dve mo\u017enosti s\u0165ahovania s\u00fabo<\/p>\n\n\n\n<ol class=\"wp-block-list\">\n<li>Manu\u00e1lne cez odkaz&nbsp;<a rel=\"noreferrer noopener\" href=\"https:\/\/dropshippingb2b.com\/export\/\" target=\"_blank\">https:\/\/dropshippingb2b.com\/export\/<\/a><\/li>\n\n\n\n<li>Automaticky prostredn\u00edctvom CURL pr\u00edkazu (pre v\u00fdvoj\u00e1rov).<\/li>\n<\/ol>\n\n\n\n<div style=\"height:30px\" aria-hidden=\"true\" class=\"wp-block-spacer\"><\/div>\n\n\n\n<h4 class=\"wp-block-heading has-text-align-left\"><strong>Pr\u00edklad CURL pr\u00edkazu<\/strong><\/h4>\n\n\n\n<pre class=\"wp-block-code\"><code lang=\"bash\" class=\"language-bash\">curl -k --data \"data=username%3DUSERNAME%26password%3DPASSWORD%26pid%3Dpid\" \nhttps:\/\/dropshippingb2b.com\/export\/csv.php     <\/code><\/pre>\n\n\n\n<div style=\"height:30px\" aria-hidden=\"true\" class=\"wp-block-spacer\"><\/div>\n\n\n\n<h4 class=\"wp-block-heading has-text-align-left\">PHP Pr\u00edklad<\/h4>\n\n\n\n<pre class=\"wp-block-code\"><code lang=\"php\" class=\"language-php\">&lt;?php\n\n$params = array(\"username\" =&gt; \"YOUR USERNAME\",\n                \"password\" =&gt; \"YOUR PASSWORD\",\n                \"pid\"      =&gt; \"YOUR PORTAL ID NUMBER\");\n   \n\/*  PORTAL ID\n1    wwt.it\n2    b2buhren.de\n4    marcaspararevenda.com\n6    marcasalmayor.es\n7    b2bwatches.co.uk\n8    b2bhodinky.cz\n9    b2bmontres.fr\n10   b2bhorloges.nl\n11   emporiorologion.gr\n13   atacadodemarcas.com.br\n14   b2bsk.sk\n15   klockorb2b.se\n16   markihurt.pl\n*\/   \n   \n$params = http_build_query($params);\n$data = array('data' =&gt; $params);\n$ch = curl_init();\n\ncurl_setopt($ch, CURLOPT_URL, 'https:\/\/dropshippingb2b.com\/export\/csv.php');\ncurl_setopt($ch, CURLOPT_SSLVERSION , CURL_SSLVERSION_TLSv1_2);\ncurl_setopt($ch, CURLOPT_SSL_VERIFYPEER,FALSE);\ncurl_setopt($ch, CURLOPT_SSL_VERIFYHOST,2);\ncurl_setopt($ch, CURLOPT_POST, 1);\ncurl_setopt($ch, CURLOPT_RETURNTRANSFER, 1);\ncurl_setopt($ch, CURLOPT_POSTFIELDS, $data);\n\n$ce = curl_exec($ch); \/\/ $ce contain call response\ncurl_close($ch);   \necho $ce; \n?&gt; <\/code><\/pre>\n\n\n\n<div style=\"height:30px\" aria-hidden=\"true\" class=\"wp-block-spacer\"><\/div>\n\n\n\n<h4 class=\"wp-block-heading has-text-align-left\">VB .NET Pr\u00edklad<\/h4>\n\n\n\n<pre class=\"wp-block-code\"><code lang=\"visual-basic\" class=\"language-visual-basic\">Imports System\nImports System.Net\nImports System.Web\n\n\nPublic Module Module1\n    Public Sub Main()\n         Using client As New WebClient\n            Dim result As String\n            client.Encoding = System.Text.Encoding.UTF8\n            client.Headers.Add(\"Content-Type\", \"application\/x-www-form-urlencoded\")\n            result = client.UploadString(\"https:\/\/dropshippingb2b.com\/export\/csv.php\", \"data=\"\n + HttpUtility.UrlEncode(\"username=USERNAME&amp;password=PASSWORD&amp;pid=PORTAL ID\"))\n            Console.WriteLine(result)\n        End Using\n    End Sub\nEnd Module<\/code><\/pre>\n\n\n\n<p>Pon\u00fakame pole v poslednom st\u013apci s n\u00e1zvom \u201espeed_shipping\u201c. Toto pole ozna\u010duje priemern\u00fd \u010das prijatia a op\u00e4tovn\u00e9ho odoslania produktu.<\/p>\n\n\n\n<ul class=\"wp-block-list\">\n<li><strong>0 &#8211; Pomal\u00e1 preprava<\/strong><\/li>\n<\/ul>\n\n\n\n<p>Tento produkt je dostupn\u00fd u ofici\u00e1lneho distrib\u00fatora. Tento \u010dl\u00e1nok trv\u00e1 a\u017e 10 pracovn\u00fdch dn\u00ed&nbsp; Doru\u010denie nie je 100&nbsp;%&nbsp;z\u00e1ruka. D\u00f4razne odpor\u00fa\u010dame predajcom v dropshippingu, aby tieto produkty NEintegrovali do svojich pon\u00fak.<\/p>\n\n\n\n<ul class=\"wp-block-list\">\n<li><strong>1 &#8211; \u0160tandardn\u00e1 z\u00e1sielka<\/strong><\/li>\n<\/ul>\n\n\n\n<p>Ide o produkt ulo\u017een\u00fd v inom sklade, ako je logistika pou\u017e\u00edvan\u00e1 na dropshipping (logistika elektronick\u00e9ho obchodu Delledonne https:\/\/www.delledonne.it\/logistica-per-l-ecommerce.cfm) Dodanie trv\u00e1 v priemere 4 a\u017e 5 pracovn\u00fdch dn\u00ed Pomer \u201eObjedn\u00e1vka verzus dod\u00e1vka\u201c je okolo 95&nbsp;% Ke\u010f\u017ee ide o&nbsp;produkty extern\u00fdch partnerov, kontrola skladu nie je \u00faplne v&nbsp;na\u0161ich ruk\u00e1ch, preto v&nbsp;z\u00e1ujme zv\u00fd\u0161enia %&nbsp;doru\u010dite\u013enosti d\u00f4razne odpor\u00fa\u010dame predajcom v&nbsp;re\u017eime dropshipping pou\u017ei\u0165 filter \u201ezverejni\u0165, ak QTY&gt;X&#8220; , kde &#8222;X&#8220; je hodnota STOCK (st\u013apec H v na\u0161om CSV). Predajca sa tak rozhodne zn\u00ed\u017ei\u0165 po\u010det \u010dl\u00e1nkov pon\u00fakan\u00fdch svojim z\u00e1kazn\u00edkom, aby zv\u00fd\u0161il pomer doru\u010denia.<\/p>\n\n\n\n<ul class=\"wp-block-list\">\n<li><strong>2 &#8211; R\u00fdchle odoslanie<\/strong><\/li>\n<\/ul>\n\n\n\n<p>Ide o produkty z na\u0161ich vlastn\u00fdch z\u00e1sob, pripraven\u00e9 v logistike, ktor\u00fa pou\u017e\u00edvame aj ako sklad (Delledonne&nbsp;e-commerce logistics)&nbsp;https:\/\/www.delledonne.it\/logistica-per-l-ecommerce.cfm&nbsp;. Doru\u010denie prebieha 24h &#8211; 48h, v pr\u00edpade objedn\u00e1vky r\u00e1no (stredoeur\u00f3pskeho \u010dasu) zvy\u010dajne expedujeme e\u0161te v ten ist\u00fd de\u0148. Pomer &#8222;Objednan\u00e9 a doru\u010den\u00e9&#8220; je viac ako 99,9%.<\/p>\n\n\n\n<p>Predajcom, ktor\u00ed pou\u017e\u00edvaj\u00fa extern\u00e9 trhovisk\u00e1 &nbsp;(Amazon, eBay at\u010f.) namiesto svojich vlastn\u00fdch webov\u00fdch str\u00e1nok, odpor\u00fa\u010dame prekr\u00ed\u017ei\u0165 hodnoty st\u013apca &nbsp;M (id_supplier) a st\u013apca P (speed_shipping), aby sa dosiahla lep\u0161ia doru\u010dovate\u013enos\u0165 %.<\/p>\n\n\n\n<p>Sme k dispoz\u00edcii, aby sme v\u00e1m pon\u00fakli n\u00e1vrhy, ako kr\u00ed\u017eovo filtrova\u0165 \u00fadaje na z\u00e1klade potrieb ka\u017ed\u00e9ho jednotliv\u00e9ho z\u00e1kazn\u00edka.<\/p>\n<\/div><\/div>\n<\/div><\/div>\n\n\n\n<div class=\"inherit-container-width wp-block-group alignfull has-background is-layout-constrained wp-block-group-is-layout-constrained\" style=\"background-color:#fae4d6\"><div class=\"wp-block-group__inner-container\"><\/div><\/div>\n","protected":false},"excerpt":{"rendered":"<p>N\u00e1\u0161 katal\u00f3g je k dispoz\u00edcii na stiahnutie manu\u00e1lne (statick\u00fd tok: export CSV, XML, JSON export vr\u00e1tane linkov na obr\u00e1zky produktov ) alebo automaticky (priamy prenos : API integr\u00e1cia, aktualizovan\u00e1 v re\u00e1lnom \u010dase). Ka\u017ed\u00fd produkt obsahuje nasleduj\u00face inform\u00e1cie: a nasleduj\u00face nepovinn\u00e9 polia: Ni\u017e\u0161ie s\u00fa pop\u00edsan\u00e9 jednotliv\u00e9 rozdiely medzi automatick\u00fdm a manu\u00e1lnym s\u0165ahovan\u00edm d\u00e1t: API INTEGR\u00c1CIA Jedn\u00e1 [&hellip;]<\/p>\n","protected":false},"author":1,"featured_media":0,"parent":0,"menu_order":0,"comment_status":"closed","ping_status":"closed","template":"","meta":{"inline_featured_image":false,"site-sidebar-layout":"default","site-content-layout":"plain-container","ast-site-content-layout":"normal-width-container","site-content-style":"unboxed","site-sidebar-style":"unboxed","ast-global-header-display":"","ast-banner-title-visibility":"","ast-main-header-display":"","ast-hfb-above-header-display":"","ast-hfb-below-header-display":"","ast-hfb-mobile-header-display":"","site-post-title":"disabled","ast-breadcrumbs-content":"","ast-featured-img":"","footer-sml-layout":"","theme-transparent-header-meta":"default","adv-header-id-meta":"","stick-header-meta":"","header-above-stick-meta":"","header-main-stick-meta":"","header-below-stick-meta":"","astra-migrate-meta-layouts":"set","ast-page-background-enabled":"default","ast-page-background-meta":{"desktop":{"background-color":"","background-image":"","background-repeat":"repeat","background-position":"center center","background-size":"auto","background-attachment":"scroll","background-type":"","background-media":"","overlay-type":"","overlay-color":"","overlay-opacity":"","overlay-gradient":""},"tablet":{"background-color":"","background-image":"","background-repeat":"repeat","background-position":"center center","background-size":"auto","background-attachment":"scroll","background-type":"","background-media":"","overlay-type":"","overlay-color":"","overlay-opacity":"","overlay-gradient":""},"mobile":{"background-color":"","background-image":"","background-repeat":"repeat","background-position":"center center","background-size":"auto","background-attachment":"scroll","background-type":"","background-media":"","overlay-type":"","overlay-color":"","overlay-opacity":"","overlay-gradient":""}},"ast-content-background-meta":{"desktop":{"background-color":"var(--ast-global-color-5)","background-image":"","background-repeat":"repeat","background-position":"center center","background-size":"auto","background-attachment":"scroll","background-type":"","background-media":"","overlay-type":"","overlay-color":"","overlay-opacity":"","overlay-gradient":""},"tablet":{"background-color":"var(--ast-global-color-5)","background-image":"","background-repeat":"repeat","background-position":"center center","background-size":"auto","background-attachment":"scroll","background-type":"","background-media":"","overlay-type":"","overlay-color":"","overlay-opacity":"","overlay-gradient":""},"mobile":{"background-color":"var(--ast-global-color-5)","background-image":"","background-repeat":"repeat","background-position":"center center","background-size":"auto","background-attachment":"scroll","background-type":"","background-media":"","overlay-type":"","overlay-color":"","overlay-opacity":"","overlay-gradient":""}},"footnotes":""},"class_list":["post-1322","page","type-page","status-publish","hentry"],"_links":{"self":[{"href":"https:\/\/dropshippingb2b.com\/sk\/wp-json\/wp\/v2\/pages\/1322","targetHints":{"allow":["GET"]}}],"collection":[{"href":"https:\/\/dropshippingb2b.com\/sk\/wp-json\/wp\/v2\/pages"}],"about":[{"href":"https:\/\/dropshippingb2b.com\/sk\/wp-json\/wp\/v2\/types\/page"}],"author":[{"embeddable":true,"href":"https:\/\/dropshippingb2b.com\/sk\/wp-json\/wp\/v2\/users\/1"}],"replies":[{"embeddable":true,"href":"https:\/\/dropshippingb2b.com\/sk\/wp-json\/wp\/v2\/comments?post=1322"}],"version-history":[{"count":7,"href":"https:\/\/dropshippingb2b.com\/sk\/wp-json\/wp\/v2\/pages\/1322\/revisions"}],"predecessor-version":[{"id":8207,"href":"https:\/\/dropshippingb2b.com\/sk\/wp-json\/wp\/v2\/pages\/1322\/revisions\/8207"}],"wp:attachment":[{"href":"https:\/\/dropshippingb2b.com\/sk\/wp-json\/wp\/v2\/media?parent=1322"}],"curies":[{"name":"wp","href":"https:\/\/api.w.org\/{rel}","templated":true}]}}