{"id":1120,"date":"2021-07-13T21:57:05","date_gmt":"2021-07-13T21:57:05","guid":{"rendered":"https:\/\/dsb2b.assemblyweb.net\/web-platform"},"modified":"2023-02-04T17:03:08","modified_gmt":"2023-02-04T16:03:08","slug":"softver-online","status":"publish","type":"page","link":"https:\/\/dropshippingb2b.com\/sk\/softver-online","title":{"rendered":"Softv\u00e9r online"},"content":{"rendered":"\n<div class=\"wp-block-cover alignfull\" style=\"min-height:350px;aspect-ratio:unset;\"><span aria-hidden=\"true\" class=\"wp-block-cover__background has-background-dim-0 has-background-dim\"><\/span><img loading=\"lazy\" decoding=\"async\" width=\"1200\" height=\"1600\" class=\"wp-block-cover__image-background wp-image-2834\" alt=\"\" src=\"https:\/\/dropshippingb2b.com\/wp-content\/uploads\/2022\/01\/wwtech-portada-duotone.jpg\" data-object-fit=\"cover\" srcset=\"https:\/\/dropshippingb2b.com\/wp-content\/uploads\/2022\/01\/wwtech-portada-duotone.jpg 1200w, https:\/\/dropshippingb2b.com\/wp-content\/uploads\/2022\/01\/wwtech-portada-duotone-225x300.jpg 225w, https:\/\/dropshippingb2b.com\/wp-content\/uploads\/2022\/01\/wwtech-portada-duotone-768x1024.jpg 768w, https:\/\/dropshippingb2b.com\/wp-content\/uploads\/2022\/01\/wwtech-portada-duotone-1152x1536.jpg 1152w, https:\/\/dropshippingb2b.com\/wp-content\/uploads\/2022\/01\/wwtech-portada-duotone-300x400.jpg 300w\" sizes=\"auto, (max-width: 1200px) 100vw, 1200px\" \/><div class=\"wp-block-cover__inner-container is-layout-flow wp-block-cover-is-layout-flow\">\n<h2 class=\"has-text-color has-huge-font-size wp-block-heading\" style=\"color:#ffffff\">Softv\u00e9r online: Web Platforma<\/h2>\n<\/div><\/div>\n\n\n\n<div class=\"inherit-container-width wp-block-group alignfull has-background is-layout-constrained wp-block-group-is-layout-constrained\" style=\"background-color:#f6f6f6\"><div class=\"wp-block-group__inner-container\">\n<div class=\"inherit-container-width wp-block-group has-background is-layout-constrained wp-block-group-is-layout-constrained\" style=\"background-color:#ffffff\"><div class=\"wp-block-group__inner-container\">\n<h3 class=\"has-text-align-center wp-block-heading\">Rozdiely ve\u013ekoobchodn\u00e1 str\u00e1nka VS Dropshipping platforma<br><\/h3>\n\n\n\n<figure class=\"wp-block-image aligncenter size-large is-resized\"><img loading=\"lazy\" decoding=\"async\" src=\"https:\/\/dropshippingb2b.com\/wp-content\/uploads\/2022\/09\/ingrosso_vs_piattaforma_en-1024x604.png\" alt=\"\" class=\"wp-image-4274\" width=\"768\" height=\"453\" srcset=\"https:\/\/dropshippingb2b.com\/wp-content\/uploads\/2022\/09\/ingrosso_vs_piattaforma_en-1024x604.png 1024w, https:\/\/dropshippingb2b.com\/wp-content\/uploads\/2022\/09\/ingrosso_vs_piattaforma_en-300x177.png 300w, https:\/\/dropshippingb2b.com\/wp-content\/uploads\/2022\/09\/ingrosso_vs_piattaforma_en-768x453.png 768w, https:\/\/dropshippingb2b.com\/wp-content\/uploads\/2022\/09\/ingrosso_vs_piattaforma_en.png 1200w\" sizes=\"auto, (max-width: 768px) 100vw, 768px\" \/><\/figure>\n<\/div><\/div>\n\n\n\n<div style=\"height:20px\" aria-hidden=\"true\" class=\"wp-block-spacer\"><\/div>\n\n\n\n<div class=\"inherit-container-width wp-block-group has-background is-layout-constrained wp-block-group-is-layout-constrained\" style=\"background-color:#ffffff\"><div class=\"wp-block-group__inner-container\">\n<h3 class=\"has-text-align-center wp-block-heading\">Video tutori\u00e1l<\/h3>\n\n\n\n<p class=\"has-text-align-center\"><strong>VIDEO N\u00c1VOD NA YOUTUBE JE V TALIANSKOM JAZYKU S ANGLICK\u00ddMI TITULKAMI<\/strong><\/p>\n\n\n\n<figure class=\"wp-block-embed is-type-video is-provider-youtube wp-block-embed-youtube wp-embed-aspect-16-9 wp-has-aspect-ratio\"><div class=\"wp-block-embed__wrapper\">\n<div class=\"ast-oembed-container \" style=\"height: 100%;\"><iframe loading=\"lazy\" title=\"Tutorial: Software Dropshipping WWTech\" width=\"500\" height=\"281\" src=\"https:\/\/www.youtube.com\/embed\/giRg_5MZmXg?feature=oembed\" frameborder=\"0\" allow=\"accelerometer; autoplay; clipboard-write; encrypted-media; gyroscope; picture-in-picture; web-share\" referrerpolicy=\"strict-origin-when-cross-origin\" allowfullscreen><\/iframe><\/div>\n<\/div><\/figure>\n\n\n\n<p>Na\u0161a dropshipping platforma pon\u00faka &nbsp;kompletn\u00fa kontrolu cel\u00e9ho dropshipping procesu: na jednej strane je riaden\u00e1 predajcom (vami !) a na druhej strane na\u0161ou &nbsp;logistikou.&nbsp;<br>Predajca vklad\u00e1 do syst\u00e9mu &nbsp;polo\u017eky a \u00fadaje svojich z\u00e1kazn\u00edkov (po\u010det kusov, dodacia adresa), popr\u00edpade \u010fal\u0161ie dokumenty (ako napr.: fakt\u00fary\/\u00fa\u010dtenky, promo kup\u00f3ny a pod.) &nbsp;v digit\u00e1lnej forme ; &nbsp;logistika vid\u00ed \u017eiados\u0165 predajcu, priprav\u00ed potrebn\u00e9 dokumenty, popr. dotla\u010d\u00ed potrebn\u00e9 dokumenty na v\u00e1\u0161 pr\u00edkaz a vlo\u017e\u00ed do bal\u00edku; nakoniec bal\u00ed\u010dek bezpe\u010dne zabal\u00ed a po\u0161le objedn\u00e1vku v\u00e1\u0161mu z\u00e1kazn\u00edkovi kuri\u00e9rom.<\/p>\n\n\n\n<div class=\"wp-block-media-text alignwide is-stacked-on-mobile webplatform-mediatext\" style=\"grid-template-columns:15% auto\"><figure class=\"wp-block-media-text__media\"><img loading=\"lazy\" decoding=\"async\" width=\"202\" height=\"103\" src=\"https:\/\/dropshippingb2b.com\/wp-content\/uploads\/2022\/01\/icona_dashboard.jpg\" alt=\"\" class=\"wp-image-3128 size-medium\" srcset=\"https:\/\/dropshippingb2b.com\/wp-content\/uploads\/2022\/01\/icona_dashboard.jpg 202w, https:\/\/dropshippingb2b.com\/wp-content\/uploads\/2022\/01\/icona_dashboard-200x103.jpg 200w\" sizes=\"auto, (max-width: 202px) 100vw, 202px\" \/><\/figure><div class=\"wp-block-media-text__content\">\n<p class=\"mt-0 has-medium-font-size\"><strong>The Dashboard<\/strong>:<\/p>\n\n\n\n<p>Dashboard je tituln\u00e1 strana platformy: obsahuje zhrnutie hlavn\u00fdch d\u00e1t a objedn\u00e1vok (graf predajov, n\u00e1kupn\u00fd ko\u0161\u00edk, \u010d\u00edsla otvoren\u00fdch\/vybaven\u00fdch objedn\u00e1vok, nepre\u010d\u00edtan\u00fdch spr\u00e1v a pod.).<\/p>\n<\/div><\/div>\n\n\n\n<hr class=\"wp-block-separator has-css-opacity alignwide custom-line\"\/>\n\n\n\n<div class=\"wp-block-media-text alignwide is-stacked-on-mobile webplatform-mediatext\" style=\"grid-template-columns:15% auto\"><figure class=\"wp-block-media-text__media\"><img loading=\"lazy\" decoding=\"async\" width=\"190\" height=\"89\" src=\"https:\/\/dropshippingb2b.com\/wp-content\/uploads\/2022\/01\/icona_shopping_cart.jpg\" alt=\"\" class=\"wp-image-3141 size-medium\"\/><\/figure><div class=\"wp-block-media-text__content\">\n<p class=\"mt-0 has-medium-font-size\"><strong>Shopping Cart<\/strong>:<\/p>\n\n\n\n<p>umo\u017e\u0148uje predajcovi vklada\u0165 polo\u017eky do ko\u0161\u00edka pre n\u00e1sledn\u00fd n\u00e1kup.<\/p>\n<\/div><\/div>\n\n\n\n<hr class=\"wp-block-separator has-css-opacity alignfull custom-line\"\/>\n\n\n\n<div class=\"wp-block-media-text alignwide is-stacked-on-mobile webplatform-mediatext\" style=\"grid-template-columns:15% auto\"><figure class=\"wp-block-media-text__media\"><img loading=\"lazy\" decoding=\"async\" width=\"149\" height=\"72\" src=\"https:\/\/dropshippingb2b.com\/wp-content\/uploads\/2022\/01\/order.jpg\" alt=\"\" class=\"wp-image-3154 size-medium\"\/><\/figure><div class=\"wp-block-media-text__content\">\n<p class=\"mt-0 has-medium-font-size\"><strong>Order<\/strong>:<\/p>\n\n\n\n<p>obsahuje v\u0161etkyl B2C potvrden\u00e9 objedn\u00e1vky a spr\u00e1vy z\u00e1kazn\u00edckych \u00fadajov s logistikou.<\/p>\n<\/div><\/div>\n\n\n\n<hr class=\"wp-block-separator has-css-opacity alignwide custom-line\"\/>\n\n\n\n<div class=\"wp-block-media-text alignwide is-stacked-on-mobile webplatform-mediatext\" style=\"grid-template-columns:15% auto\"><figure class=\"wp-block-media-text__media\"><img loading=\"lazy\" decoding=\"async\" width=\"191\" height=\"92\" src=\"https:\/\/dropshippingb2b.com\/wp-content\/uploads\/2022\/01\/icona_messages.jpg\" alt=\"\" class=\"wp-image-3167 size-medium\"\/><\/figure><div class=\"wp-block-media-text__content\">\n<p class=\"mt-0 has-medium-font-size\"><strong>Messages<\/strong>:<\/p>\n\n\n\n<p>pri ka\u017edej objednanej polo\u017eke je k dispoz\u00edcii chat, ktor\u00fd umo\u017e\u0148uje predajcovi komunikova\u0165 priamo s logistikou. Je tie\u017e mo\u017en\u00e9 pripoji\u0165 s\u00fabory ku ka\u017edej jednej B2C objedn\u00e1vke (napr. fakt\u00faru pre kone\u010dn\u00e9ho z\u00e1kazn\u00edka, promo kup\u00f3ny, blahopriania at\u010f.).<\/p>\n<\/div><\/div>\n\n\n\n<div style=\"height:70px\" aria-hidden=\"true\" class=\"wp-block-spacer\"><\/div>\n\n\n\n<figure class=\"wp-block-image aligncenter size-large\"><img loading=\"lazy\" decoding=\"async\" width=\"1024\" height=\"595\" src=\"https:\/\/dropshippingb2b.com\/wp-content\/uploads\/2022\/01\/dropshipping_admin-1024x595.jpg\" alt=\"\" class=\"wp-image-3191\" srcset=\"https:\/\/dropshippingb2b.com\/wp-content\/uploads\/2022\/01\/dropshipping_admin-1024x595.jpg 1024w, https:\/\/dropshippingb2b.com\/wp-content\/uploads\/2022\/01\/dropshipping_admin-300x174.jpg 300w, https:\/\/dropshippingb2b.com\/wp-content\/uploads\/2022\/01\/dropshipping_admin-768x446.jpg 768w, https:\/\/dropshippingb2b.com\/wp-content\/uploads\/2022\/01\/dropshipping_admin.jpg 1200w\" sizes=\"auto, (max-width: 1024px) 100vw, 1024px\" \/><\/figure>\n\n\n\n<p class=\"has-text-align-center\">Na\u0161a platforma je responz\u00edvna pre v\u0161etky zariadenia. Do platformy m\u00f4\u017eete vst\u00fapi\u0165 zadan\u00edm Prihlasovacieho mena a Hesla cez nasleduj\u00faci link:<\/p>\n\n\n\n<div class=\"wp-block-buttons is-horizontal is-content-justification-center is-layout-flex wp-container-core-buttons-is-layout-1 wp-block-buttons-is-layout-flex\">\n<div class=\"wp-block-button\"><a class=\"wp-block-button__link wp-element-button\" href=\"https:\/\/www.dropshippingb2b.com\/admin\/\" target=\"_blank\" rel=\"noreferrer noopener\">Objavi\u0165 platformu<\/a><\/div>\n<\/div>\n\n\n\n<figure class=\"wp-block-image aligncenter size-full\"><img loading=\"lazy\" decoding=\"async\" width=\"963\" height=\"682\" src=\"https:\/\/dropshippingb2b.com\/wp-content\/uploads\/2022\/01\/admin_2.png\" alt=\"\" class=\"wp-image-3204\" srcset=\"https:\/\/dropshippingb2b.com\/wp-content\/uploads\/2022\/01\/admin_2.png 963w, https:\/\/dropshippingb2b.com\/wp-content\/uploads\/2022\/01\/admin_2-300x212.png 300w, https:\/\/dropshippingb2b.com\/wp-content\/uploads\/2022\/01\/admin_2-768x544.png 768w\" sizes=\"auto, (max-width: 963px) 100vw, 963px\" \/><\/figure>\n\n\n\n<div class=\"wp-block-buttons is-horizontal is-content-justification-center is-layout-flex wp-container-core-buttons-is-layout-2 wp-block-buttons-is-layout-flex\">\n<div class=\"wp-block-button\"><a class=\"wp-block-button__link wp-element-button\" href=\"\/wp-content\/uploads\/2022\/09\/dropshippingb2b_user_guide_eng.pdf\" target=\"_blank\" rel=\"noreferrer noopener\">Stiahnite si n\u00e1vod vo form\u00e1te PDF<\/a><\/div>\n<\/div>\n<\/div><\/div>\n<\/div><\/div>\n\n\n\n<div class=\"inherit-container-width wp-block-group alignfull has-background is-layout-constrained wp-block-group-is-layout-constrained\" style=\"background-color:#fae4d6\"><div class=\"wp-block-group__inner-container\"><\/div><\/div>\n","protected":false},"excerpt":{"rendered":"<p>Rozdiely ve\u013ekoobchodn\u00e1 str\u00e1nka VS Dropshipping platforma Video tutori\u00e1l VIDEO N\u00c1VOD NA YOUTUBE JE V TALIANSKOM JAZYKU S ANGLICK\u00ddMI TITULKAMI Na\u0161a dropshipping platforma pon\u00faka &nbsp;kompletn\u00fa kontrolu cel\u00e9ho dropshipping procesu: na jednej strane je riaden\u00e1 predajcom (vami !) a na druhej strane na\u0161ou &nbsp;logistikou.&nbsp;Predajca vklad\u00e1 do syst\u00e9mu &nbsp;polo\u017eky a \u00fadaje svojich z\u00e1kazn\u00edkov (po\u010det kusov, dodacia adresa), popr\u00edpade [&hellip;]<\/p>\n","protected":false},"author":1,"featured_media":0,"parent":0,"menu_order":0,"comment_status":"closed","ping_status":"closed","template":"","meta":{"inline_featured_image":false,"site-sidebar-layout":"default","site-content-layout":"plain-container","ast-site-content-layout":"","site-content-style":"default","site-sidebar-style":"default","ast-global-header-display":"","ast-banner-title-visibility":"","ast-main-header-display":"","ast-hfb-above-header-display":"","ast-hfb-below-header-display":"","ast-hfb-mobile-header-display":"","site-post-title":"disabled","ast-breadcrumbs-content":"","ast-featured-img":"","footer-sml-layout":"","theme-transparent-header-meta":"default","adv-header-id-meta":"","stick-header-meta":"","header-above-stick-meta":"","header-main-stick-meta":"","header-below-stick-meta":"","astra-migrate-meta-layouts":"default","ast-page-background-enabled":"default","ast-page-background-meta":{"desktop":{"background-color":"","background-image":"","background-repeat":"repeat","background-position":"center center","background-size":"auto","background-attachment":"scroll","background-type":"","background-media":"","overlay-type":"","overlay-color":"","overlay-opacity":"","overlay-gradient":""},"tablet":{"background-color":"","background-image":"","background-repeat":"repeat","background-position":"center center","background-size":"auto","background-attachment":"scroll","background-type":"","background-media":"","overlay-type":"","overlay-color":"","overlay-opacity":"","overlay-gradient":""},"mobile":{"background-color":"","background-image":"","background-repeat":"repeat","background-position":"center center","background-size":"auto","background-attachment":"scroll","background-type":"","background-media":"","overlay-type":"","overlay-color":"","overlay-opacity":"","overlay-gradient":""}},"ast-content-background-meta":{"desktop":{"background-color":"var(--ast-global-color-5)","background-image":"","background-repeat":"repeat","background-position":"center center","background-size":"auto","background-attachment":"scroll","background-type":"","background-media":"","overlay-type":"","overlay-color":"","overlay-opacity":"","overlay-gradient":""},"tablet":{"background-color":"var(--ast-global-color-5)","background-image":"","background-repeat":"repeat","background-position":"center center","background-size":"auto","background-attachment":"scroll","background-type":"","background-media":"","overlay-type":"","overlay-color":"","overlay-opacity":"","overlay-gradient":""},"mobile":{"background-color":"var(--ast-global-color-5)","background-image":"","background-repeat":"repeat","background-position":"center center","background-size":"auto","background-attachment":"scroll","background-type":"","background-media":"","overlay-type":"","overlay-color":"","overlay-opacity":"","overlay-gradient":""}},"footnotes":""},"class_list":["post-1120","page","type-page","status-publish","hentry"],"_links":{"self":[{"href":"https:\/\/dropshippingb2b.com\/sk\/wp-json\/wp\/v2\/pages\/1120","targetHints":{"allow":["GET"]}}],"collection":[{"href":"https:\/\/dropshippingb2b.com\/sk\/wp-json\/wp\/v2\/pages"}],"about":[{"href":"https:\/\/dropshippingb2b.com\/sk\/wp-json\/wp\/v2\/types\/page"}],"author":[{"embeddable":true,"href":"https:\/\/dropshippingb2b.com\/sk\/wp-json\/wp\/v2\/users\/1"}],"replies":[{"embeddable":true,"href":"https:\/\/dropshippingb2b.com\/sk\/wp-json\/wp\/v2\/comments?post=1120"}],"version-history":[{"count":7,"href":"https:\/\/dropshippingb2b.com\/sk\/wp-json\/wp\/v2\/pages\/1120\/revisions"}],"predecessor-version":[{"id":7451,"href":"https:\/\/dropshippingb2b.com\/sk\/wp-json\/wp\/v2\/pages\/1120\/revisions\/7451"}],"wp:attachment":[{"href":"https:\/\/dropshippingb2b.com\/sk\/wp-json\/wp\/v2\/media?parent=1120"}],"curies":[{"name":"wp","href":"https:\/\/api.w.org\/{rel}","templated":true}]}}