{"id":1015,"date":"2021-07-07T14:07:30","date_gmt":"2021-07-07T14:07:30","guid":{"rendered":"https:\/\/dsb2b.assemblyweb.net\/services"},"modified":"2024-02-07T16:41:50","modified_gmt":"2024-02-07T15:41:50","slug":"nase-sluzby","status":"publish","type":"page","link":"https:\/\/dropshippingb2b.com\/sk\/nase-sluzby","title":{"rendered":"Na\u0161e slu\u017eby\ufffc"},"content":{"rendered":"\n<div class=\"wp-block-cover alignfull\" style=\"min-height:350px;aspect-ratio:unset;\"><span aria-hidden=\"true\" class=\"wp-block-cover__background has-background-dim-0 has-background-dim\"><\/span><img loading=\"lazy\" decoding=\"async\" width=\"1200\" height=\"1600\" class=\"wp-block-cover__image-background wp-image-2834\" alt=\"\" src=\"https:\/\/dropshippingb2b.com\/wp-content\/uploads\/2022\/01\/wwtech-portada-duotone.jpg\" data-object-fit=\"cover\" srcset=\"https:\/\/dropshippingb2b.com\/wp-content\/uploads\/2022\/01\/wwtech-portada-duotone.jpg 1200w, https:\/\/dropshippingb2b.com\/wp-content\/uploads\/2022\/01\/wwtech-portada-duotone-225x300.jpg 225w, https:\/\/dropshippingb2b.com\/wp-content\/uploads\/2022\/01\/wwtech-portada-duotone-768x1024.jpg 768w, https:\/\/dropshippingb2b.com\/wp-content\/uploads\/2022\/01\/wwtech-portada-duotone-1152x1536.jpg 1152w, https:\/\/dropshippingb2b.com\/wp-content\/uploads\/2022\/01\/wwtech-portada-duotone-300x400.jpg 300w\" sizes=\"auto, (max-width: 1200px) 100vw, 1200px\" \/><div class=\"wp-block-cover__inner-container is-layout-flow wp-block-cover-is-layout-flow\">\n<h2 class=\"wp-block-heading has-text-color has-huge-font-size\" style=\"color:#ffffff\">Na\u0161e slu\u017eby<\/h2>\n<\/div><\/div>\n\n\n\n<div class=\"inherit-container-width wp-block-group alignfull has-background is-layout-constrained wp-block-group-is-layout-constrained\" style=\"background-color:#f6f6f6\"><div class=\"wp-block-group__inner-container\">\n<div class=\"inherit-container-width wp-block-group mt--50 has-background is-layout-constrained wp-block-group-is-layout-constrained\" style=\"background-color:#ffffff\"><div class=\"wp-block-group__inner-container\">\n<p class=\"has-text-align-center\">Pon\u00fakame v\u00e1m nieko\u013eko mo\u017enost\u00ed predplatn\u00e9ho:<\/p>\n\n\n\n<div style=\"height:30px\" aria-hidden=\"true\" class=\"wp-block-spacer\"><\/div>\n\n\n\n<figure class=\"wp-block-image aligncenter size-full is-resized\"><img loading=\"lazy\" decoding=\"async\" src=\"https:\/\/dropshippingb2b.com\/wp-content\/uploads\/2022\/09\/ds_dataflow.png\" alt=\"\" class=\"wp-image-5409\" width=\"180\" height=\"170\"\/><\/figure>\n\n\n\n<h4 class=\"wp-block-heading has-text-align-center\">DATA FLOW:<\/h4>\n\n\n\n<h5 class=\"wp-block-heading has-text-align-center\"><strong><strong><strong><strong>D\u00c1TOV\u00dd PR\u00cdSTUP +&nbsp;50% Z\u013dAVA Z POPLATKU&nbsp;<\/strong><\/strong><\/strong><\/strong><\/h5>\n\n\n\n<p class=\"has-text-align-center\">N\u00e1\u0161 z\u00e1kladn\u00fd servis: v r\u00e1mci tejto slu\u017eby z\u00edska predajca pr\u00edstup k feedu v\u0161etk\u00fdch produktov v na\u0161om katal\u00f3gu &nbsp;(produkt, k\u00f3d, n\u00e1zov, cena, obr\u00e1zok). Tento feed je len na na\u010d\u00edtanie&nbsp;<strong>d\u00e1t<\/strong>, ktor\u00fd v\u00e1m umo\u017en\u00ed nahratie produktov do v\u00e1\u0161ho obchodu, alebo do inej predajnej platformy &#8211; ako eBay a Amazon. Obsahuje aktu\u00e1lne inform\u00e1cie a skladov\u00e9 z\u00e1soby produktov.<\/p>\n\n\n\n<div style=\"height:30px\" aria-hidden=\"true\" class=\"wp-block-spacer\"><\/div>\n\n\n\n<div class=\"wp-block-columns is-layout-flex wp-container-core-columns-is-layout-1 wp-block-columns-is-layout-flex\">\n<div class=\"wp-block-column is-layout-flow wp-block-column-is-layout-flow\">\n<h5 class=\"wp-block-heading has-text-align-center\">d\u00e1tov\u00fd tok<\/h5>\n\n\n\n<p class=\"has-text-align-center\">v\u0161etk\u00fdch produktov dostupn\u00fdch v na\u0161ej integrovanej datab\u00e1ze dod\u00e1vate\u013eov.<\/p>\n<\/div>\n\n\n\n<div class=\"wp-block-column is-layout-flow wp-block-column-is-layout-flow\">\n<h5 class=\"wp-block-heading has-text-align-center\"><strong>z\u013eava z manipula\u010dn\u00e9ho poplatku<\/strong><\/h5>\n\n\n\n<p class=\"has-text-align-center\">ak predajca nedosiahne&nbsp; hodnotu minim\u00e1lnej objedn\u00e1vky po\u017eadovan\u00fa dod\u00e1vate\u013eom, m\u00f4\u017ee st\u00e1le potvrdi\u0165 objedn\u00e1vku a dostane&nbsp; z\u013eavu&nbsp;&nbsp;<strong>50%<\/strong>&nbsp;z manipula\u010dn\u00e9ho poplatku.<\/p>\n<\/div>\n\n\n\n<div class=\"wp-block-column is-layout-flow wp-block-column-is-layout-flow\">\n<h5 class=\"wp-block-heading has-text-align-center\"><strong>bezplatn\u00e1 slu\u017eba<\/strong><\/h5>\n\n\n\n<p class=\"has-text-align-center\">pri mesa\u010dnom&nbsp; obrate nad 1.000,00\u20ac*&nbsp; na konci \u0161tvr\u0165roka dostanete refund\u00e1ciu zodpovedaj\u00facu v\u00fd\u0161ke n\u00e1kladov za slu\u017ebu, (150,00\u20ac\/ netto za \u0161tvr\u0165rok).<\/p>\n<\/div>\n<\/div>\n\n\n\n<div style=\"height:30px\" aria-hidden=\"true\" class=\"wp-block-spacer\"><\/div>\n\n\n\n<p><em><em>*suma na \u0161tvr\u0165ro\u010dnej b\u00e1ze, bez DPH a dodato\u010dn\u00fdch n\u00e1kladov.<\/em><\/em><\/p>\n\n\n\n<div style=\"height:30px\" aria-hidden=\"true\" class=\"wp-block-spacer\"><\/div>\n\n\n\n<div class=\"wp-block-buttons is-horizontal is-content-justification-center is-layout-flex wp-container-core-buttons-is-layout-1 wp-block-buttons-is-layout-flex\">\n<div class=\"wp-block-button\"><a class=\"wp-block-button__link wp-element-button\" href=\"\/it\/checkout\/?add-to-cart=2444&amp;quantity=1\">Predplatit teraz!<\/a><\/div>\n<\/div>\n\n\n\n<div style=\"height:30px\" aria-hidden=\"true\" class=\"wp-block-spacer\"><\/div>\n<\/div><\/div>\n<\/div><\/div>\n\n\n\n<div class=\"inherit-container-width wp-block-group alignfull has-background is-layout-constrained wp-block-group-is-layout-constrained\" style=\"background-color:#f6f6f6\"><div class=\"wp-block-group__inner-container\">\n<div class=\"inherit-container-width wp-block-group mt--100 has-background is-layout-constrained wp-block-group-is-layout-constrained\" style=\"background-color:#ffffff\"><div class=\"wp-block-group__inner-container\">\n<div style=\"height:30px\" aria-hidden=\"true\" class=\"wp-block-spacer\"><\/div>\n\n\n\n<figure class=\"wp-block-image aligncenter size-full is-resized\"><img loading=\"lazy\" decoding=\"async\" src=\"https:\/\/dropshippingb2b.com\/wp-content\/uploads\/2022\/01\/ds_dropshipping.png\" alt=\"\" class=\"wp-image-2969\" width=\"180\" height=\"170\"\/><\/figure>\n\n\n\n<h4 class=\"wp-block-heading has-text-align-center\">DROPSHIPPING:<\/h4>\n\n\n\n<h5 class=\"wp-block-heading has-text-align-center\"><strong><strong>D\u00c1TOV\u00dd PR\u00cdSTUP +&nbsp;DROPSHIPPING + PLATFORMA + 100% Z\u013dAVA Z POPLATKU<\/strong><\/strong><\/h5>\n\n\n\n<p class=\"has-text-align-center\">T\u00e1to pokro\u010dil\u00e1 verzia slu\u017eby obsahuje v\u0161etky technick\u00e9 n\u00e1stroje potrebn\u00e9 pre komunik\u00e1ciu medzi predajcom a dod\u00e1vate\u013eom. T\u00e1to slu\u017eba nielen\u017ee umo\u017e\u0148uje d\u00e1tov\u00fd pr\u00edstup&nbsp;do v\u0161etk\u00fdch na\u0161ich katal\u00f3gov, ale aj &nbsp;automatizovanie procesu objedn\u00e1vok va\u0161ich klientov priamo v na\u0161ej &nbsp;datab\u00e1ze. T\u00e1to slu\u017eba otv\u00e1ra cestu k re\u00e1lnemu &nbsp;Dropshippingu:<\/p>\n\n\n\n<div style=\"height:30px\" aria-hidden=\"true\" class=\"wp-block-spacer\"><\/div>\n\n\n\n<div class=\"wp-block-columns is-layout-flex wp-container-core-columns-is-layout-2 wp-block-columns-is-layout-flex\">\n<div class=\"wp-block-column is-layout-flow wp-block-column-is-layout-flow\">\n<h5 class=\"wp-block-heading has-text-align-center\">d\u00e1tov\u00fd tok<\/h5>\n\n\n\n<p class=\"has-text-align-center\">v\u0161etk\u00fdch produktov dostupn\u00fdch v na\u0161ej integrovanej datab\u00e1ze dod\u00e1vate\u013eov.<\/p>\n<\/div>\n\n\n\n<div class=\"wp-block-column is-layout-flow wp-block-column-is-layout-flow\">\n<h5 class=\"wp-block-heading has-text-align-center\">&nbsp;priamy transfer<\/h5>\n\n\n\n<p class=\"has-text-align-center\">va\u0161ich objedn\u00e1vok (<strong>automaticky<\/strong>&nbsp;cez API alebo&nbsp;<strong>manu\u00e1lne<\/strong>&nbsp;cez Dropshipping B2B platformu) do na\u0161ej administr\u00e1cie, kde je spracovan\u00e1.<\/p>\n<\/div>\n\n\n\n<div class=\"wp-block-column is-layout-flow wp-block-column-is-layout-flow\">\n<h5 class=\"wp-block-heading has-text-align-center\"><strong><strong>mo\u017enos\u0165&nbsp;<\/strong>spracova\u0165<\/strong><\/h5>\n\n\n\n<p class=\"has-text-align-center\">v\u00e4\u010d\u0161ie mno\u017estvo objedn\u00e1vok&nbsp;va\u0161ich z\u00e1kazn\u00edkov jednou objedn\u00e1vkou u &nbsp;B2B dod\u00e1vate\u013ea (mo\u017enos\u0165 dosiahnu\u0165 &nbsp;minim\u00e1lne mno\u017estvo dan\u00e9 dod\u00e1vate\u013eom)<\/p>\n<\/div>\n<\/div>\n\n\n\n<div class=\"wp-block-columns is-layout-flex wp-container-core-columns-is-layout-3 wp-block-columns-is-layout-flex\">\n<div class=\"wp-block-column is-layout-flow wp-block-column-is-layout-flow\">\n<h5 class=\"wp-block-heading has-text-align-center\">mo\u017enos\u0165 v spolupr\u00e1ci s Logistikou<\/h5>\n\n\n\n<p class=\"has-text-align-center\">vyu\u017ei\u0165 platformu na zasielanie z\u00e1sielok priamo koncov\u00fdm z\u00e1kazn\u00edkom (do jednej B2B objedn\u00e1vky je mo\u017en\u00e9 zada\u0165 viac adries na doru\u010denie).<\/p>\n<\/div>\n\n\n\n<div class=\"wp-block-column is-layout-flow wp-block-column-is-layout-flow\">\n<h5 class=\"wp-block-heading has-text-align-center\">re\u00e1lny ko\u0161\u00edk<\/h5>\n\n\n\n<p class=\"has-text-align-center\">kedy po vlo\u017een\u00ed produktu do v\u00e1\u0161ho ko\u0161\u00edka bude mno\u017estvo automaticky od\u010d\u00edtan\u00e9 z mno\u017estva na sklade. V pr\u00edpade zmeny alebo zru\u0161enia jedn\u00e9ho alebo viacer\u00fdch produktov, bud\u00fa tieto automaticky vr\u00e1ten\u00e9 na sklad.<\/p>\n<\/div>\n\n\n\n<div class=\"wp-block-column is-layout-flow wp-block-column-is-layout-flow\">\n<h5 class=\"wp-block-heading has-text-align-center\"><strong>z\u013eava z manipula\u010dn\u00e9ho poplatku<\/strong><\/h5>\n\n\n\n<p class=\"has-text-align-center\">ak predajca nedosiahne&nbsp; hodnotu minim\u00e1lnej objedn\u00e1vky po\u017eadovan\u00fa dod\u00e1vate\u013eom, m\u00f4\u017ee st\u00e1le potvrdi\u0165 objedn\u00e1vku a dostane&nbsp; z\u013eavu&nbsp;&nbsp;<strong>100%<\/strong>&nbsp;z manipula\u010dn\u00e9ho poplatku.<\/p>\n<\/div>\n<\/div>\n\n\n\n<div class=\"wp-block-columns is-layout-flex wp-container-core-columns-is-layout-4 wp-block-columns-is-layout-flex\">\n<div class=\"wp-block-column is-layout-flow wp-block-column-is-layout-flow\"><\/div>\n\n\n\n<div class=\"wp-block-column is-layout-flow wp-block-column-is-layout-flow\">\n<h5 class=\"wp-block-heading has-text-align-center\"><strong>bezplatn\u00e1 slu\u017eba<\/strong><\/h5>\n\n\n\n<p class=\"has-text-align-center\">pri mesa\u010dnom&nbsp; obrate nad 2.000,00\u20ac*&nbsp; na konci \u0161tvr\u0165roka dostanete refund\u00e1ciu zodpovedaj\u00facu v\u00fd\u0161ke n\u00e1kladov za slu\u017ebu, (300,00\u20ac\/ netto za \u0161tvr\u0165rok)<\/p>\n<\/div>\n\n\n\n<div class=\"wp-block-column is-layout-flow wp-block-column-is-layout-flow\"><\/div>\n<\/div>\n\n\n\n<div style=\"height:30px\" aria-hidden=\"true\" class=\"wp-block-spacer\"><\/div>\n\n\n\n<p><em><em>* suma na \u0161tvr\u0165ro\u010dnej b\u00e1ze, bez DPH a dodato\u010dn\u00fdch n\u00e1kladov.<\/em><\/em><\/p>\n\n\n\n<div style=\"height:30px\" aria-hidden=\"true\" class=\"wp-block-spacer\"><\/div>\n\n\n\n<div class=\"wp-block-buttons is-horizontal is-content-justification-center is-layout-flex wp-container-core-buttons-is-layout-2 wp-block-buttons-is-layout-flex\">\n<div class=\"wp-block-button is-style-fill\"><a class=\"wp-block-button__link wp-element-button\" href=\"https:\/\/dropshippingb2b.com\/it\/checkout\/?add-to-cart=2483&amp;quantity=1\">Predplatit teraz!<\/a><\/div>\n<\/div>\n\n\n\n<div style=\"height:30px\" aria-hidden=\"true\" class=\"wp-block-spacer\"><\/div>\n<\/div><\/div>\n<\/div><\/div>\n\n\n\n<div class=\"inherit-container-width wp-block-group alignfull has-background is-layout-constrained wp-block-group-is-layout-constrained\" style=\"background-color:#f6f6f6\"><div class=\"wp-block-group__inner-container\">\n<div class=\"inherit-container-width wp-block-group mt--100 has-background is-layout-constrained wp-block-group-is-layout-constrained\" style=\"background-color:#ffffff\"><div class=\"wp-block-group__inner-container\">\n<figure class=\"wp-block-image aligncenter size-full is-resized\"><img loading=\"lazy\" decoding=\"async\" src=\"https:\/\/dropshippingb2b.com\/wp-content\/uploads\/2022\/01\/ds_enterprise.png\" alt=\"\" class=\"wp-image-2982\" width=\"180\" height=\"170\"\/><\/figure>\n\n\n\n<h4 class=\"wp-block-heading has-text-align-center\">ENTREPRISE:<\/h4>\n\n\n\n<p class=\"has-text-align-center\">Exkluz\u00edvny servis ur\u010den\u00fd na v\u00fdvoj multi-level marketingu, ktor\u00fd pred\u00e1va na\u0161e d\u00e1tov\u00e9 toky.<\/p>\n\n\n\n<div style=\"height:30px\" aria-hidden=\"true\" class=\"wp-block-spacer\"><\/div>\n\n\n\n<div class=\"wp-block-buttons is-horizontal is-content-justification-center is-layout-flex wp-container-core-buttons-is-layout-3 wp-block-buttons-is-layout-flex\">\n<div class=\"wp-block-button\"><a class=\"wp-block-button__link wp-element-button\" href=\"mailto:info@wwtech.it?subject=ENTERPRISE DROPSHIPPING INFORMATION\">Pre viac inform\u00e1ci\u00ed n\u00e1s kontaktujte<\/a><\/div>\n<\/div>\n\n\n\n<div style=\"height:30px\" aria-hidden=\"true\" class=\"wp-block-spacer\"><\/div>\n<\/div><\/div>\n\n\n\n<div class=\"inherit-container-width wp-block-group is-layout-constrained wp-block-group-is-layout-constrained\"><div class=\"wp-block-group__inner-container\">\n<div class=\"wp-block-columns is-layout-flex wp-container-core-columns-is-layout-5 wp-block-columns-is-layout-flex\">\n<div class=\"wp-block-column flussodati-box has-background is-layout-flow wp-block-column-is-layout-flow\" style=\"background-color:#ffffff\">\n<div style=\"height:47px\" aria-hidden=\"true\" class=\"wp-block-spacer\"><\/div>\n\n\n\n<h4 class=\"wp-block-heading has-text-align-center has-text-color\" style=\"color:#009065\"><strong>DATA FLOW<\/strong><\/h4>\n\n\n\n<figure class=\"wp-block-image aligncenter size-full is-resized\"><img loading=\"lazy\" decoding=\"async\" src=\"https:\/\/dropshippingb2b.com\/wp-content\/uploads\/2022\/09\/ds_dataflow.png\" alt=\"\" class=\"wp-image-5409\" width=\"140\" height=\"135\" srcset=\"https:\/\/dropshippingb2b.com\/wp-content\/uploads\/2022\/09\/ds_dataflow.png 700w, https:\/\/dropshippingb2b.com\/wp-content\/uploads\/2022\/09\/ds_dataflow-300x288.png 300w\" sizes=\"auto, (max-width: 140px) 100vw, 140px\" \/><\/figure>\n\n\n\n<h2 class=\"wp-block-heading has-text-align-center services-price has-huge-font-size\">\u20ac 50<\/h2>\n\n\n\n<h5 class=\"wp-block-heading has-text-align-center services-month has-text-color\" style=\"color:#666666\">m\u011bs\u00ed\u010dn\u011b<\/h5>\n\n\n\n<ul class=\"wp-block-list\">\n<li>D\u00e1tov\u00fd tok*<\/li>\n<\/ul>\n\n\n\n<ul class=\"wp-block-list\">\n<li>Dropshippingov\u00fd software<\/li>\n<\/ul>\n\n\n\n<ul class=\"wp-block-list\">\n<li>Poplatok** 50%<\/li>\n<\/ul>\n\n\n\n<ul class=\"wp-block-list\">\n<li>Prioritn\u00e1 doprava: N \/ A<\/li>\n<\/ul>\n\n\n\n<ul class=\"wp-block-list\">\n<li><strong>ZDARMA<\/strong> nad obrat 1.000 \u20ac<\/li>\n<\/ul>\n\n\n\n<div style=\"height:15px\" aria-hidden=\"true\" class=\"wp-block-spacer\"><\/div>\n\n\n\n<div class=\"wp-block-buttons is-horizontal is-content-justification-center is-layout-flex wp-container-core-buttons-is-layout-4 wp-block-buttons-is-layout-flex\">\n<div class=\"wp-block-button\"><a class=\"wp-block-button__link wp-element-button\" href=\"\/it\/checkout\/?add-to-cart=2444&amp;quantity=1\">Predplatit teraz!<\/a><\/div>\n<\/div>\n\n\n\n<div style=\"height:30px\" aria-hidden=\"true\" class=\"wp-block-spacer\"><\/div>\n<\/div>\n\n\n\n<div class=\"wp-block-column dropshipping-box has-background is-layout-flow wp-block-column-is-layout-flow\" style=\"background-color:#ffffff\">\n<h4 class=\"wp-block-heading has-text-align-center services-piuvenduto has-text-color has-background\" style=\"color:#ffffff;background-color:#e5742e\"><strong>NAJPRED\u00c1VANEJ\u0160\u00cd<\/strong><\/h4>\n\n\n\n<h4 class=\"wp-block-heading has-text-align-center has-text-color\" style=\"color:#e5742e\"><strong>DROPSHIPPING<\/strong><\/h4>\n\n\n\n<figure class=\"wp-block-image aligncenter size-full is-resized\"><img loading=\"lazy\" decoding=\"async\" src=\"https:\/\/dropshippingb2b.com\/wp-content\/uploads\/2022\/01\/ds_dropshipping.png\" alt=\"\" class=\"wp-image-2969\" width=\"140\" height=\"135\" srcset=\"https:\/\/dropshippingb2b.com\/wp-content\/uploads\/2022\/01\/ds_dropshipping.png 700w, https:\/\/dropshippingb2b.com\/wp-content\/uploads\/2022\/01\/ds_dropshipping-300x288.png 300w\" sizes=\"auto, (max-width: 140px) 100vw, 140px\" \/><\/figure>\n\n\n\n<h2 class=\"wp-block-heading has-text-align-center services-price has-huge-font-size\">\u20ac 100<\/h2>\n\n\n\n<h5 class=\"wp-block-heading has-text-align-center services-month has-text-color\" style=\"color:#666666\">m\u011bs\u00ed\u010dn\u011b<\/h5>\n\n\n\n<ul class=\"wp-block-list\">\n<li>D\u00e1tov\u00fd tok*<\/li>\n<\/ul>\n\n\n\n<ul class=\"wp-block-list\">\n<li>Dropshippingov\u00fd software<\/li>\n<\/ul>\n\n\n\n<ul class=\"wp-block-list\">\n<li>Poplatok** 0%<\/li>\n<\/ul>\n\n\n\n<ul class=\"wp-block-list\">\n<li>Prioritn\u00e1 doprava: N \/ A<\/li>\n<\/ul>\n\n\n\n<ul class=\"wp-block-list\">\n<li><strong>ZDARMA<\/strong> nad obrat 2.000 \u20ac<\/li>\n<\/ul>\n\n\n\n<div style=\"height:15px\" aria-hidden=\"true\" class=\"wp-block-spacer\"><\/div>\n\n\n\n<div class=\"wp-block-buttons is-horizontal is-content-justification-center is-layout-flex wp-container-core-buttons-is-layout-5 wp-block-buttons-is-layout-flex\">\n<div class=\"wp-block-button\"><a class=\"wp-block-button__link wp-element-button\" href=\"https:\/\/dropshippingb2b.com\/it\/checkout\/?add-to-cart=2483&amp;quantity=1\">Predplatit teraz!<\/a><\/div>\n<\/div>\n\n\n\n<div style=\"height:30px\" aria-hidden=\"true\" class=\"wp-block-spacer\"><\/div>\n<\/div>\n\n\n\n<div class=\"wp-block-column enterprise-box has-background is-layout-flow wp-block-column-is-layout-flow\" style=\"background-color:#ffffff\">\n<div style=\"height:47px\" aria-hidden=\"true\" class=\"wp-block-spacer\"><\/div>\n\n\n\n<h4 class=\"wp-block-heading has-text-align-center has-text-color\" style=\"color:#183c7d\"><strong>ENTERPRISE<\/strong><\/h4>\n\n\n\n<figure class=\"wp-block-image aligncenter size-full is-resized\"><img loading=\"lazy\" decoding=\"async\" src=\"https:\/\/dropshippingb2b.com\/wp-content\/uploads\/2022\/01\/ds_enterprise.png\" alt=\"\" class=\"wp-image-2982\" width=\"140\" height=\"135\" srcset=\"https:\/\/dropshippingb2b.com\/wp-content\/uploads\/2022\/01\/ds_enterprise.png 700w, https:\/\/dropshippingb2b.com\/wp-content\/uploads\/2022\/01\/ds_enterprise-300x288.png 300w\" sizes=\"auto, (max-width: 140px) 100vw, 140px\" \/><\/figure>\n\n\n\n<div style=\"height:100px\" aria-hidden=\"true\" class=\"wp-block-spacer hide-mobile\"><\/div>\n\n\n\n<p class=\"has-text-align-center\">Exkluz\u00edvny servis ur\u010den\u00fd na v\u00fdvoj multi-level marketingu, ktor\u00fd pred\u00e1va na\u0161e d\u00e1tov\u00e9 toky.<\/p>\n\n\n\n<div style=\"height:189px\" aria-hidden=\"true\" class=\"wp-block-spacer hide-mobile\"><\/div>\n\n\n\n<div class=\"wp-block-buttons is-horizontal is-content-justification-center is-layout-flex wp-container-core-buttons-is-layout-6 wp-block-buttons-is-layout-flex\">\n<div class=\"wp-block-button\"><a class=\"wp-block-button__link wp-element-button\" href=\"mailto:info@wwtech.it?subject=ENTERPRISE DROPSHIPPING INFORMATION\">KONTAKTUJTE N\u00c1S<\/a><\/div>\n<\/div>\n\n\n\n<div style=\"height:30px\" aria-hidden=\"true\" class=\"wp-block-spacer\"><\/div>\n<\/div>\n<\/div>\n<\/div><\/div>\n\n\n\n<div class=\"inherit-container-width wp-block-group has-background is-layout-constrained wp-block-group-is-layout-constrained\" style=\"background-color:#ffffff\"><div class=\"wp-block-group__inner-container\">\n<p class=\"has-text-align-center\">* Data : vo form\u00e1toch CSV, XML, JSON alebo API&nbsp;<\/p>\n\n\n\n<p class=\"has-text-align-center\">** Pod\u013ea podmienok ve\u013ekoobchodn\u00e9ho predaja<\/p>\n<\/div><\/div>\n\n\n\n<div style=\"height:30px\" aria-hidden=\"true\" class=\"wp-block-spacer\"><\/div>\n\n\n\n<div class=\"inherit-container-width wp-block-group is-layout-constrained wp-block-group-is-layout-constrained\"><div class=\"wp-block-group__inner-container\">\n<div class=\"wp-block-media-text alignwide has-media-on-the-right is-stacked-on-mobile has-white-background-color has-background\"><div class=\"wp-block-media-text__content\">\n<p>Tu si m\u00f4\u017eete pozrie\u0165 a&nbsp;stiahnu\u0165 na\u0161u ZMLUVU O&nbsp;POSKYTOVAN\u00cd DROPSHIPPING SERVISU<\/p>\n\n\n\n<div class=\"wp-block-buttons is-layout-flex wp-block-buttons-is-layout-flex\">\n<div class=\"wp-block-button is-style-fill\"><a class=\"wp-block-button__link wp-element-button\" href=\"https:\/\/dropshippingb2b.com\/wp-content\/uploads\/2024\/02\/ultimo-contratto-DS-ENG.pdf\" target=\"_blank\" rel=\"noreferrer noopener\">STIAHNU\u0164 ZMLUVU<\/a><\/div>\n<\/div>\n<\/div><figure class=\"wp-block-media-text__media\"><img loading=\"lazy\" decoding=\"async\" width=\"745\" height=\"367\" src=\"https:\/\/dropshippingb2b.com\/wp-content\/uploads\/2022\/08\/contratto.png\" alt=\"\" class=\"wp-image-3952 size-full\" srcset=\"https:\/\/dropshippingb2b.com\/wp-content\/uploads\/2022\/08\/contratto.png 745w, https:\/\/dropshippingb2b.com\/wp-content\/uploads\/2022\/08\/contratto-300x148.png 300w\" sizes=\"auto, (max-width: 745px) 100vw, 745px\" \/><\/figure><\/div>\n<\/div><\/div>\n<\/div><\/div>\n\n\n\n<div class=\"inherit-container-width wp-block-group alignfull has-background is-layout-constrained wp-block-group-is-layout-constrained\" style=\"background-color:#fae4d6\"><div class=\"wp-block-group__inner-container\"><\/div><\/div>\n","protected":false},"excerpt":{"rendered":"<p>Pon\u00fakame v\u00e1m nieko\u013eko mo\u017enost\u00ed predplatn\u00e9ho: DATA FLOW: D\u00c1TOV\u00dd PR\u00cdSTUP +&nbsp;50% Z\u013dAVA Z POPLATKU&nbsp; N\u00e1\u0161 z\u00e1kladn\u00fd servis: v r\u00e1mci tejto slu\u017eby z\u00edska predajca pr\u00edstup k feedu v\u0161etk\u00fdch produktov v na\u0161om katal\u00f3gu &nbsp;(produkt, k\u00f3d, n\u00e1zov, cena, obr\u00e1zok). Tento feed je len na na\u010d\u00edtanie&nbsp;d\u00e1t, ktor\u00fd v\u00e1m umo\u017en\u00ed nahratie produktov do v\u00e1\u0161ho obchodu, alebo do inej predajnej platformy &#8211; [&hellip;]<\/p>\n","protected":false},"author":1,"featured_media":0,"parent":0,"menu_order":0,"comment_status":"closed","ping_status":"closed","template":"","meta":{"inline_featured_image":false,"site-sidebar-layout":"default","site-content-layout":"plain-container","ast-site-content-layout":"","site-content-style":"default","site-sidebar-style":"default","ast-global-header-display":"","ast-banner-title-visibility":"","ast-main-header-display":"","ast-hfb-above-header-display":"","ast-hfb-below-header-display":"","ast-hfb-mobile-header-display":"","site-post-title":"disabled","ast-breadcrumbs-content":"","ast-featured-img":"","footer-sml-layout":"","theme-transparent-header-meta":"default","adv-header-id-meta":"","stick-header-meta":"","header-above-stick-meta":"","header-main-stick-meta":"","header-below-stick-meta":"","astra-migrate-meta-layouts":"default","ast-page-background-enabled":"default","ast-page-background-meta":{"desktop":{"background-color":"","background-image":"","background-repeat":"repeat","background-position":"center center","background-size":"auto","background-attachment":"scroll","background-type":"","background-media":"","overlay-type":"","overlay-color":"","overlay-opacity":"","overlay-gradient":""},"tablet":{"background-color":"","background-image":"","background-repeat":"repeat","background-position":"center center","background-size":"auto","background-attachment":"scroll","background-type":"","background-media":"","overlay-type":"","overlay-color":"","overlay-opacity":"","overlay-gradient":""},"mobile":{"background-color":"","background-image":"","background-repeat":"repeat","background-position":"center center","background-size":"auto","background-attachment":"scroll","background-type":"","background-media":"","overlay-type":"","overlay-color":"","overlay-opacity":"","overlay-gradient":""}},"ast-content-background-meta":{"desktop":{"background-color":"var(--ast-global-color-5)","background-image":"","background-repeat":"repeat","background-position":"center center","background-size":"auto","background-attachment":"scroll","background-type":"","background-media":"","overlay-type":"","overlay-color":"","overlay-opacity":"","overlay-gradient":""},"tablet":{"background-color":"var(--ast-global-color-5)","background-image":"","background-repeat":"repeat","background-position":"center center","background-size":"auto","background-attachment":"scroll","background-type":"","background-media":"","overlay-type":"","overlay-color":"","overlay-opacity":"","overlay-gradient":""},"mobile":{"background-color":"var(--ast-global-color-5)","background-image":"","background-repeat":"repeat","background-position":"center center","background-size":"auto","background-attachment":"scroll","background-type":"","background-media":"","overlay-type":"","overlay-color":"","overlay-opacity":"","overlay-gradient":""}},"footnotes":""},"class_list":["post-1015","page","type-page","status-publish","hentry"],"_links":{"self":[{"href":"https:\/\/dropshippingb2b.com\/sk\/wp-json\/wp\/v2\/pages\/1015","targetHints":{"allow":["GET"]}}],"collection":[{"href":"https:\/\/dropshippingb2b.com\/sk\/wp-json\/wp\/v2\/pages"}],"about":[{"href":"https:\/\/dropshippingb2b.com\/sk\/wp-json\/wp\/v2\/types\/page"}],"author":[{"embeddable":true,"href":"https:\/\/dropshippingb2b.com\/sk\/wp-json\/wp\/v2\/users\/1"}],"replies":[{"embeddable":true,"href":"https:\/\/dropshippingb2b.com\/sk\/wp-json\/wp\/v2\/comments?post=1015"}],"version-history":[{"count":16,"href":"https:\/\/dropshippingb2b.com\/sk\/wp-json\/wp\/v2\/pages\/1015\/revisions"}],"predecessor-version":[{"id":7752,"href":"https:\/\/dropshippingb2b.com\/sk\/wp-json\/wp\/v2\/pages\/1015\/revisions\/7752"}],"wp:attachment":[{"href":"https:\/\/dropshippingb2b.com\/sk\/wp-json\/wp\/v2\/media?parent=1015"}],"curies":[{"name":"wp","href":"https:\/\/api.w.org\/{rel}","templated":true}]}}