{"id":2446,"date":"2021-08-02T07:03:21","date_gmt":"2021-08-02T07:03:21","guid":{"rendered":"https:\/\/dsb2b.assemblyweb.net\/product\/album"},"modified":"2022-09-25T20:26:41","modified_gmt":"2022-09-25T20:26:41","slug":"data-flow-service","status":"publish","type":"product","link":"https:\/\/dropshippingb2b.com\/pt-pt\/product\/data-flow-service","title":{"rendered":"Data flow Service"},"content":{"rendered":"<p>Leia as pol\u00edticas de devolu\u00e7\u00e3o B2B\u00a7Nosso servi\u00e7o b\u00e1sico: dentro deste servi\u00e7o, o Revendedor adquire credenciais para acesso ao fluxo de dados do nosso cat\u00e1logo (refer\u00eancias, c\u00f3digos, nomes, pre\u00e7os, fotos). \u00c9 um servi\u00e7o de dados somente leitura, permitindo &#8211; por exemplo &#8211; preencher seu pr\u00f3prio site de com\u00e9rcio eletr\u00f4nico ou plataformas externas como eBay e Amazon.<\/p>\n<p>Inclui:<\/p>\n<p>&#8211; fluxo de dados de todos os produtos dispon\u00edveis em nosso banco de dados integrado de fornecedores.<\/p>\n<p>&#8211; desconto de manuseio: se o Revendedor n\u00e3o atingir o pedido m\u00ednimo exigido pelo Fornecedor\/Dropshipper, ele ainda pode confirmar o pedido e receber um desconto de 50% na taxa de manuseio<\/p>\n<p>&#8211; servi\u00e7o gratuito: com apenas 1.000,00\u20ac* de vendas mensais, no final do trimestre, receber\u00e1 um reembolso dos bens adquiridos igual ao custo do servi\u00e7o subscrito (150,00\u20ac\/ l\u00edquido por trimestre)<\/p>\n<p>(*valor com base trimestral, IVA e custos adicionais exclu\u00eddos.)<\/p>\n","protected":false},"excerpt":{"rendered":"<p>Leia as pol\u00edticas de devolu\u00e7\u00e3o B2B\u00a7Nosso servi\u00e7o b\u00e1sico: dentro deste servi\u00e7o, o Revendedor adquire credenciais para acesso ao fluxo de dados do nosso cat\u00e1logo (refer\u00eancias, c\u00f3digos, nomes, pre\u00e7os, fotos). \u00c9 um servi\u00e7o de dados somente leitura, permitindo &#8211; por exemplo &#8211; preencher seu pr\u00f3prio site de com\u00e9rcio eletr\u00f4nico ou plataformas externas como eBay e Amazon. [&hellip;]<\/p>\n","protected":false},"featured_media":5407,"template":"","meta":{"inline_featured_image":false,"site-sidebar-layout":"default","site-content-layout":"default","ast-site-content-layout":"default","site-content-style":"default","site-sidebar-style":"default","ast-global-header-display":"","ast-banner-title-visibility":"","ast-main-header-display":"","ast-hfb-above-header-display":"","ast-hfb-below-header-display":"","ast-hfb-mobile-header-display":"","site-post-title":"","ast-breadcrumbs-content":"","ast-featured-img":"","footer-sml-layout":"","theme-transparent-header-meta":"default","adv-header-id-meta":"","stick-header-meta":"","header-above-stick-meta":"","header-main-stick-meta":"","header-below-stick-meta":"","astra-migrate-meta-layouts":"default","ast-page-background-enabled":"default","ast-page-background-meta":{"desktop":{"background-color":"","background-image":"","background-repeat":"repeat","background-position":"center center","background-size":"auto","background-attachment":"scroll","background-type":"","background-media":"","overlay-type":"","overlay-color":"","overlay-opacity":"","overlay-gradient":""},"tablet":{"background-color":"","background-image":"","background-repeat":"repeat","background-position":"center center","background-size":"auto","background-attachment":"scroll","background-type":"","background-media":"","overlay-type":"","overlay-color":"","overlay-opacity":"","overlay-gradient":""},"mobile":{"background-color":"","background-image":"","background-repeat":"repeat","background-position":"center center","background-size":"auto","background-attachment":"scroll","background-type":"","background-media":"","overlay-type":"","overlay-color":"","overlay-opacity":"","overlay-gradient":""}},"ast-content-background-meta":{"desktop":{"background-color":"var(--ast-global-color-5)","background-image":"","background-repeat":"repeat","background-position":"center center","background-size":"auto","background-attachment":"scroll","background-type":"","background-media":"","overlay-type":"","overlay-color":"","overlay-opacity":"","overlay-gradient":""},"tablet":{"background-color":"var(--ast-global-color-5)","background-image":"","background-repeat":"repeat","background-position":"center center","background-size":"auto","background-attachment":"scroll","background-type":"","background-media":"","overlay-type":"","overlay-color":"","overlay-opacity":"","overlay-gradient":""},"mobile":{"background-color":"var(--ast-global-color-5)","background-image":"","background-repeat":"repeat","background-position":"center center","background-size":"auto","background-attachment":"scroll","background-type":"","background-media":"","overlay-type":"","overlay-color":"","overlay-opacity":"","overlay-gradient":""}}},"product_cat":[107],"product_tag":[],"class_list":["post-2446","product","type-product","status-publish","has-post-thumbnail","hentry","product_cat-quarterly-payment-pt-pt","desktop-align-left","tablet-align-left","mobile-align-left"],"_links":{"self":[{"href":"https:\/\/dropshippingb2b.com\/pt-pt\/wp-json\/wp\/v3\/product\/2446","targetHints":{"allow":["GET"]}}],"collection":[{"href":"https:\/\/dropshippingb2b.com\/pt-pt\/wp-json\/wp\/v3\/product"}],"about":[{"href":"https:\/\/dropshippingb2b.com\/pt-pt\/wp-json\/wp\/v2\/types\/product"}],"wp:featuredmedia":[{"embeddable":true,"href":"https:\/\/dropshippingb2b.com\/pt-pt\/wp-json\/wp\/v2\/media\/5407"}],"wp:attachment":[{"href":"https:\/\/dropshippingb2b.com\/pt-pt\/wp-json\/wp\/v2\/media?parent=2446"}],"wp:term":[{"taxonomy":"product_cat","embeddable":true,"href":"https:\/\/dropshippingb2b.com\/pt-pt\/wp-json\/wp\/v2\/product_cat?post=2446"},{"taxonomy":"product_tag","embeddable":true,"href":"https:\/\/dropshippingb2b.com\/pt-pt\/wp-json\/wp\/v2\/product_tag?post=2446"}],"curies":[{"name":"wp","href":"https:\/\/api.w.org\/{rel}","templated":true}]}}