{"id":566,"date":"2021-06-22T14:56:41","date_gmt":"2021-06-22T14:56:41","guid":{"rendered":"https:\/\/dsb2b.assemblyweb.net\/?page_id=566"},"modified":"2023-01-03T22:10:05","modified_gmt":"2023-01-03T21:10:05","slug":"home","status":"publish","type":"page","link":"https:\/\/dropshippingb2b.com\/pt-pt","title":{"rendered":"Home"},"content":{"rendered":"\n<div class=\"inherit-container-width wp-block-group is-layout-constrained wp-block-group-is-layout-constrained\"><div class=\"wp-block-group__inner-container\">\n<div class=\"wp-block-cover alignfull is-light\" style=\"min-height:502px;aspect-ratio:unset;\"><span aria-hidden=\"true\" class=\"wp-block-cover__background has-background-dim-0 has-background-dim\"><\/span><img loading=\"lazy\" decoding=\"async\" width=\"1200\" height=\"1600\" class=\"wp-block-cover__image-background wp-image-2828\" alt=\"\" src=\"https:\/\/dropshippingb2b.com\/wp-content\/uploads\/2022\/01\/wwtech-portada-duotone.jpg\" style=\"object-position:50% 50%\" data-object-fit=\"cover\" data-object-position=\"50% 50%\" srcset=\"https:\/\/dropshippingb2b.com\/wp-content\/uploads\/2022\/01\/wwtech-portada-duotone.jpg 1200w, https:\/\/dropshippingb2b.com\/wp-content\/uploads\/2022\/01\/wwtech-portada-duotone-300x400.jpg 300w, https:\/\/dropshippingb2b.com\/wp-content\/uploads\/2022\/01\/wwtech-portada-duotone-225x300.jpg 225w, https:\/\/dropshippingb2b.com\/wp-content\/uploads\/2022\/01\/wwtech-portada-duotone-768x1024.jpg 768w, https:\/\/dropshippingb2b.com\/wp-content\/uploads\/2022\/01\/wwtech-portada-duotone-1152x1536.jpg 1152w\" sizes=\"auto, (max-width: 1200px) 100vw, 1200px\" \/><div class=\"wp-block-cover__inner-container is-layout-flow wp-block-cover-is-layout-flow\">\n<h1 class=\"has-text-align-left has-text-color wp-block-heading\" style=\"color:#e5742e\">Dropshipping.<\/h1>\n\n\n\n<p class=\"hero-slogan has-white-color has-text-color\" style=\"font-size:32px\">A extens\u00e3o natural do seu neg\u00f3cio.<\/p>\n<\/div><\/div>\n\n\n\n<div class=\"wp-block-cover alignfull is-light\" style=\"min-height:126px;aspect-ratio:unset;\"><span aria-hidden=\"true\" class=\"wp-block-cover__background has-background-dim-100 has-background-dim\" style=\"background-color:#e5742e\"><\/span><div class=\"wp-block-cover__inner-container is-layout-flow wp-block-cover-is-layout-flow\">\n<div style=\"height:10px\" aria-hidden=\"true\" class=\"wp-block-spacer\"><\/div>\n\n\n\n<p class=\"has-text-align-center has-medium-font-size\">DropshippingB2B providencia-lhe todas as ferramentas para este efeito, <br>assim como uma integra\u00e7\u00e3o simples e intuitiva.<\/p>\n<\/div><\/div>\n\n\n\n<div class=\"inherit-container-width wp-block-group alignfull is-layout-constrained wp-block-group-is-layout-constrained\"><div class=\"wp-block-group__inner-container\">\n<div class=\"wp-block-columns are-vertically-aligned-top is-layout-flex wp-container-core-columns-is-layout-1 wp-block-columns-is-layout-flex\">\n<div class=\"wp-block-column is-vertically-aligned-top is-layout-flow wp-block-column-is-layout-flow\">\n<h3 class=\"has-text-align-center wp-block-heading\" style=\"text-transform:uppercase\">O Dropshipping<\/h3>\n\n\n\n<p class=\"has-text-align-left has-black-color has-text-color\">O que \u00e9? O Dropshipping \u00e9 uma t\u00e9cnica de gest\u00e3o da cadeia de abastecimento em que o revendedor B2B n\u00e3o tem produtos em stock, mas sim transfere os pedidos dos seus clientes B2C para o seu fornecedor (chamado Dropshipper), que por sua vez envia o produto diretamente ao cliente final.<\/p>\n\n\n\n<div class=\"wp-block-buttons button-mobile is-horizontal is-content-justification-center is-layout-flex wp-container-core-buttons-is-layout-1 wp-block-buttons-is-layout-flex\">\n<div class=\"wp-block-button button-mobile\"><a class=\"wp-block-button__link wp-element-button\" href=\"#howItWorks\">Mais informa\u00e7\u00e3o<\/a><\/div>\n<\/div>\n<\/div>\n\n\n\n<div class=\"wp-block-column is-vertically-aligned-top is-layout-flow wp-block-column-is-layout-flow\">\n<h3 class=\"has-text-align-center wp-block-heading\" style=\"text-transform:uppercase\">Os nossos servi\u00e7os<\/h3>\n\n\n\n<p class=\"has-text-align-left has-black-color has-text-color has-normal-font-size\">Temos o prazer de lhe oferecer solu\u00e7\u00f5es de IT para integrar com Fornecedores\/Dropshippers e dar-lhe a oportunidade de vender para o seu cliente final sem ter necessidade de stock real. N\u00f3s gerimos para si a Log\u00edstica e o Transporte: apenas tem que escolher o plano de subscri\u00e7\u00e3o com base nas suas necessidades!<\/p>\n\n\n\n<div class=\"wp-block-buttons button-mobile is-horizontal is-content-justification-center is-layout-flex wp-container-core-buttons-is-layout-2 wp-block-buttons-is-layout-flex\">\n<div class=\"wp-block-button button-mobile\"><a class=\"wp-block-button__link wp-element-button\" href=\"\/pt-pt\/servicos\">Mais informa\u00e7\u00e3o<\/a><\/div>\n<\/div>\n<\/div>\n\n\n\n<div class=\"wp-block-column is-vertically-aligned-top is-layout-flow wp-block-column-is-layout-flow\">\n<h3 class=\"has-text-align-center wp-block-heading\" style=\"text-transform:uppercase\">Fluxo de dados<\/h3>\n\n\n\n<p class=\"has-text-align-left has-black-color has-text-color has-normal-font-size\">Escolha a solu\u00e7\u00e3o que melhor se adequa \u00e0 sua empresa, fa\u00e7a download de toda a nossa oferta de forma manual (fluxo de dados: XML, JSON e exporta\u00e7\u00e3o de ficheiro&nbsp;CSV &nbsp;incluindo imagens e links) ou autom\u00e1tica (integra\u00e7\u00e3o em tempo real: API, com stock actualizado 100% em tempo real).<\/p>\n\n\n\n<div class=\"wp-block-buttons button-mobile is-horizontal is-content-justification-center is-layout-flex wp-container-core-buttons-is-layout-3 wp-block-buttons-is-layout-flex\">\n<div class=\"wp-block-button button-mobile\"><a class=\"wp-block-button__link wp-element-button\" href=\"\/pt-pt\/fluxo-de-dados\">Mais informa\u00e7\u00e3o<\/a><\/div>\n<\/div>\n<\/div>\n\n\n\n<div class=\"wp-block-column is-vertically-aligned-top is-layout-flow wp-block-column-is-layout-flow\">\n<h3 class=\"has-text-align-center wp-block-heading\" style=\"text-transform:uppercase\">A plataforma<\/h3>\n\n\n\n<p class=\"has-black-color has-text-color\">DropshippingB2B \u00e9 uma plataforma baseada na web que permite uma gest\u00e3o r\u00e1pida e interactiva de todas as suas encomendas. \u00c9 uma importante ferramenta para o revendedor comunicar com a Log\u00edstica &nbsp;e para acompanhar em tempo real todas as encomendas.<\/p>\n\n\n\n<div class=\"wp-block-buttons button-mobile is-horizontal is-content-justification-center is-layout-flex wp-container-core-buttons-is-layout-4 wp-block-buttons-is-layout-flex\">\n<div class=\"wp-block-button button-mobile\"><a class=\"wp-block-button__link wp-element-button\" href=\"\/pt-pt\/plataforma-web\">Mais informa\u00e7\u00e3o<\/a><\/div>\n<\/div>\n<\/div>\n<\/div>\n\n\n\n<div class=\"wp-block-columns are-vertically-aligned-top buttons-desktop is-layout-flex wp-container-core-columns-is-layout-2 wp-block-columns-is-layout-flex\">\n<div class=\"wp-block-column is-vertically-aligned-top is-layout-flow wp-block-column-is-layout-flow\">\n<div class=\"wp-block-buttons is-horizontal is-content-justification-center is-layout-flex wp-container-core-buttons-is-layout-5 wp-block-buttons-is-layout-flex\">\n<div class=\"wp-block-button\"><a class=\"wp-block-button__link wp-element-button\" href=\"#howItWorks\">Mais informa\u00e7\u00e3o<\/a><\/div>\n<\/div>\n<\/div>\n\n\n\n<div class=\"wp-block-column is-vertically-aligned-top is-layout-flow wp-block-column-is-layout-flow\">\n<div class=\"wp-block-buttons is-horizontal is-content-justification-center is-layout-flex wp-container-core-buttons-is-layout-6 wp-block-buttons-is-layout-flex\">\n<div class=\"wp-block-button\"><a class=\"wp-block-button__link wp-element-button\" href=\"\/pt-pt\/servicos\">Mais informa\u00e7\u00e3o<\/a><\/div>\n<\/div>\n<\/div>\n\n\n\n<div class=\"wp-block-column is-vertically-aligned-top is-layout-flow wp-block-column-is-layout-flow\">\n<div class=\"wp-block-buttons is-horizontal is-content-justification-center is-layout-flex wp-container-core-buttons-is-layout-7 wp-block-buttons-is-layout-flex\">\n<div class=\"wp-block-button\"><a class=\"wp-block-button__link wp-element-button\" href=\"\/pt-pt\/fluxo-de-dados\">Mais informa\u00e7\u00e3o<\/a><\/div>\n<\/div>\n<\/div>\n\n\n\n<div class=\"wp-block-column is-vertically-aligned-top is-layout-flow wp-block-column-is-layout-flow\">\n<div class=\"wp-block-buttons is-horizontal is-content-justification-center is-layout-flex wp-container-core-buttons-is-layout-8 wp-block-buttons-is-layout-flex\">\n<div class=\"wp-block-button\"><a class=\"wp-block-button__link wp-element-button\" href=\"\/pt-pt\/plataforma-web\">Mais informa\u00e7\u00e3o<\/a><\/div>\n<\/div>\n<\/div>\n<\/div>\n<\/div><\/div>\n\n\n\n<div class=\"inherit-container-width wp-block-group alignfull has-background is-layout-constrained wp-block-group-is-layout-constrained\" id=\"vantaggi\" style=\"background-color:#fafafa\"><div class=\"wp-block-group__inner-container\">\n<div class=\"wp-block-columns is-layout-flex wp-container-core-columns-is-layout-3 wp-block-columns-is-layout-flex\">\n<div class=\"wp-block-column is-vertically-aligned-center is-layout-flow wp-block-column-is-layout-flow\" style=\"flex-basis:33.33%\">\n<figure class=\"wp-block-image aligncenter size-large\"><img decoding=\"async\" src=\"https:\/\/dropshippingb2b.com\/wp-content\/uploads\/\/2021\/12\/pingu_boxes.svg\" alt=\"\"\/><\/figure>\n<\/div>\n\n\n\n<div class=\"wp-block-column is-vertically-aligned-center is-layout-flow wp-block-column-is-layout-flow\" style=\"flex-basis:66.66%\">\n<h3 class=\"wp-block-heading\"><strong><strong>Quais s\u00e3o as vantagens do Dropshipping?<\/strong><\/strong><\/h3>\n\n\n\n<ul class=\"wp-block-list\">\n<li>Um cat\u00e1logo enorme para integrar com o seu site &#8211; mais de 100 marcas<\/li>\n\n\n\n<li>Isen\u00e7\u00e3o de custos de stock e de armazenagem<\/li>\n\n\n\n<li>Envios di\u00e1rios a pre\u00e7os muito competitivos<\/li>\n\n\n\n<li>Carrinho de compras real (os produtos que colocar no carrinho s\u00e3o imediatamente removidos do stock do fornecedor)<\/li>\n\n\n\n<li>Possibilidade de inserir a morada de envio que pretender, assim como de anexar documentos para envio com a encomenda<\/li>\n\n\n\n<li>Chat online com a Log\u00edstica<\/li>\n\n\n\n<li>Linha telef\u00f3nica dedicada e apoio online<\/li>\n<\/ul>\n<\/div>\n<\/div>\n<\/div><\/div>\n\n\n\n<div id=\"howItWorks\" class=\"inherit-container-width wp-block-group is-layout-constrained wp-block-group-is-layout-constrained\"><div class=\"wp-block-group__inner-container\">\n<div style=\"height:100px\" aria-hidden=\"true\" class=\"wp-block-spacer\"><\/div>\n\n\n\n<h3 class=\"has-text-align-center wp-block-heading\"><strong><strong>Como funciona?<\/strong><\/strong><\/h3>\n\n\n\n<h2 class=\"has-text-align-center has-luminous-vivid-orange-color has-text-color wp-block-heading\">\u00c9 SIMPLES!<\/h2>\n\n\n\n<div style=\"height:30px\" aria-hidden=\"true\" class=\"wp-block-spacer\"><\/div>\n\n\n\n<div class=\"wp-block-columns alignwide is-layout-flex wp-container-core-columns-is-layout-4 wp-block-columns-is-layout-flex\">\n<div class=\"wp-block-column is-layout-flow wp-block-column-is-layout-flow\">\n<h4 class=\"has-text-align-center home-circle has-luminous-vivid-orange-color has-text-color has-background wp-block-heading\" style=\"background-color:#fae3d4\">1<\/h4>\n\n\n\n<p>O revendedor disponibiliza os nossos produtos no seu site.<\/p>\n<\/div>\n\n\n\n<div class=\"wp-block-column is-layout-flow wp-block-column-is-layout-flow\">\n<h4 class=\"has-text-align-center home-circle has-luminous-vivid-orange-color has-text-color has-background wp-block-heading\" style=\"background-color:#fae3d4\">2<\/h4>\n\n\n\n<p>O cliente final compra um produto ao revendedor.<\/p>\n<\/div>\n\n\n\n<div class=\"wp-block-column is-layout-flow wp-block-column-is-layout-flow\">\n<h4 class=\"has-text-align-center home-circle has-luminous-vivid-orange-color has-text-color has-background wp-block-heading\" style=\"background-color:#fae3d4\">3<\/h4>\n\n\n\n<p>O revendedor finaliza a compra pela plataforma, indicando a morada de entrega do produto vendido.<\/p>\n<\/div>\n\n\n\n<div class=\"wp-block-column is-layout-flow wp-block-column-is-layout-flow\">\n<h4 class=\"has-text-align-center home-circle has-luminous-vivid-orange-color has-text-color has-background wp-block-heading\" style=\"background-color:#fae3d4\">4<\/h4>\n\n\n\n<p>O produto \u00e9 enviado directamente para o cliente final.<\/p>\n<\/div>\n<\/div>\n\n\n\n<figure class=\"wp-block-image aligncenter size-full\"><img loading=\"lazy\" decoding=\"async\" width=\"1000\" height=\"556\" src=\"https:\/\/dropshippingb2b.com\/wp-content\/uploads\/2022\/09\/infograph_po.png\" alt=\"\" class=\"wp-image-4852\" srcset=\"https:\/\/dropshippingb2b.com\/wp-content\/uploads\/2022\/09\/infograph_po.png 1000w, https:\/\/dropshippingb2b.com\/wp-content\/uploads\/2022\/09\/infograph_po-300x167.png 300w, https:\/\/dropshippingb2b.com\/wp-content\/uploads\/2022\/09\/infograph_po-768x427.png 768w\" sizes=\"auto, (max-width: 1000px) 100vw, 1000px\" \/><\/figure>\n\n\n\n<div style=\"height:30px\" aria-hidden=\"true\" class=\"wp-block-spacer\"><\/div>\n\n\n\n<div class=\"wp-block-buttons is-horizontal is-content-justification-center is-layout-flex wp-container-core-buttons-is-layout-9 wp-block-buttons-is-layout-flex\">\n<div class=\"wp-block-button is-style-outline is-style-outline--1\"><a class=\"wp-block-button__link has-text-color wp-element-button\" href=\"\/pt-pt\/contatos\" style=\"color:#e5742e\">CONTATOS<\/a><\/div>\n<\/div>\n<\/div><\/div>\n\n\n\n<div class=\"inherit-container-width wp-block-group alignfull has-background is-layout-constrained wp-block-group-is-layout-constrained\" style=\"background-color:#fae4d6\"><div class=\"wp-block-group__inner-container\">\n<h3 class=\"has-text-align-center wp-block-heading\">AINDA D\u00daVIDAS?<\/h3>\n\n\n\n<p class=\"has-text-align-center\">Confira as perguntas frequentes ou fale com um de n\u00f3s<\/p>\n\n\n\n<div class=\"wp-block-columns is-layout-flex wp-container-core-columns-is-layout-5 wp-block-columns-is-layout-flex\">\n<div class=\"wp-block-column is-vertically-aligned-center is-layout-flow wp-block-column-is-layout-flow\">\n<div class=\"wp-block-buttons is-horizontal is-content-justification-center is-layout-flex wp-container-core-buttons-is-layout-10 wp-block-buttons-is-layout-flex\">\n<div class=\"wp-block-button is-style-outline is-style-outline--2\"><a class=\"wp-block-button__link has-text-color wp-element-button\" href=\"\/pt-pt\/faq\" style=\"color:#e5742e\">VISITE O FAQ<\/a><\/div>\n\n\n\n<div class=\"wp-block-button is-style-fill button-no-outline\"><a class=\"wp-block-button__link wp-element-button\" href=\"\/pt-pt\/contatos\">CONTATOS<\/a><\/div>\n<\/div>\n<\/div>\n<\/div>\n<\/div><\/div>\n<\/div><\/div>\n","protected":false},"excerpt":{"rendered":"<p>O Dropshipping O que \u00e9? O Dropshipping \u00e9 uma t\u00e9cnica de gest\u00e3o da cadeia de abastecimento em que o revendedor B2B n\u00e3o tem produtos em stock, mas sim transfere os pedidos dos seus clientes B2C para o seu fornecedor (chamado Dropshipper), que por sua vez envia o produto diretamente ao cliente final. Os nossos servi\u00e7os [&hellip;]<\/p>\n","protected":false},"author":1,"featured_media":0,"parent":0,"menu_order":0,"comment_status":"closed","ping_status":"closed","template":"","meta":{"inline_featured_image":false,"site-sidebar-layout":"no-sidebar","site-content-layout":"plain-container","ast-site-content-layout":"","site-content-style":"default","site-sidebar-style":"default","ast-global-header-display":"","ast-banner-title-visibility":"","ast-main-header-display":"","ast-hfb-above-header-display":"","ast-hfb-below-header-display":"","ast-hfb-mobile-header-display":"","site-post-title":"disabled","ast-breadcrumbs-content":"disabled","ast-featured-img":"disabled","footer-sml-layout":"","theme-transparent-header-meta":"enabled","adv-header-id-meta":"","stick-header-meta":"","header-above-stick-meta":"","header-main-stick-meta":"","header-below-stick-meta":"","astra-migrate-meta-layouts":"default","ast-page-background-enabled":"default","ast-page-background-meta":{"desktop":{"background-color":"","background-image":"","background-repeat":"repeat","background-position":"center center","background-size":"auto","background-attachment":"scroll","background-type":"","background-media":"","overlay-type":"","overlay-color":"","overlay-opacity":"","overlay-gradient":""},"tablet":{"background-color":"","background-image":"","background-repeat":"repeat","background-position":"center center","background-size":"auto","background-attachment":"scroll","background-type":"","background-media":"","overlay-type":"","overlay-color":"","overlay-opacity":"","overlay-gradient":""},"mobile":{"background-color":"","background-image":"","background-repeat":"repeat","background-position":"center center","background-size":"auto","background-attachment":"scroll","background-type":"","background-media":"","overlay-type":"","overlay-color":"","overlay-opacity":"","overlay-gradient":""}},"ast-content-background-meta":{"desktop":{"background-color":"var(--ast-global-color-5)","background-image":"","background-repeat":"repeat","background-position":"center center","background-size":"auto","background-attachment":"scroll","background-type":"","background-media":"","overlay-type":"","overlay-color":"","overlay-opacity":"","overlay-gradient":""},"tablet":{"background-color":"var(--ast-global-color-5)","background-image":"","background-repeat":"repeat","background-position":"center center","background-size":"auto","background-attachment":"scroll","background-type":"","background-media":"","overlay-type":"","overlay-color":"","overlay-opacity":"","overlay-gradient":""},"mobile":{"background-color":"var(--ast-global-color-5)","background-image":"","background-repeat":"repeat","background-position":"center center","background-size":"auto","background-attachment":"scroll","background-type":"","background-media":"","overlay-type":"","overlay-color":"","overlay-opacity":"","overlay-gradient":""}},"footnotes":""},"class_list":["post-566","page","type-page","status-publish","hentry"],"_links":{"self":[{"href":"https:\/\/dropshippingb2b.com\/pt-pt\/wp-json\/wp\/v2\/pages\/566","targetHints":{"allow":["GET"]}}],"collection":[{"href":"https:\/\/dropshippingb2b.com\/pt-pt\/wp-json\/wp\/v2\/pages"}],"about":[{"href":"https:\/\/dropshippingb2b.com\/pt-pt\/wp-json\/wp\/v2\/types\/page"}],"author":[{"embeddable":true,"href":"https:\/\/dropshippingb2b.com\/pt-pt\/wp-json\/wp\/v2\/users\/1"}],"replies":[{"embeddable":true,"href":"https:\/\/dropshippingb2b.com\/pt-pt\/wp-json\/wp\/v2\/comments?post=566"}],"version-history":[{"count":15,"href":"https:\/\/dropshippingb2b.com\/pt-pt\/wp-json\/wp\/v2\/pages\/566\/revisions"}],"predecessor-version":[{"id":7036,"href":"https:\/\/dropshippingb2b.com\/pt-pt\/wp-json\/wp\/v2\/pages\/566\/revisions\/7036"}],"wp:attachment":[{"href":"https:\/\/dropshippingb2b.com\/pt-pt\/wp-json\/wp\/v2\/media?parent=566"}],"curies":[{"name":"wp","href":"https:\/\/api.w.org\/{rel}","templated":true}]}}