{"id":4871,"date":"2022-09-20T19:49:58","date_gmt":"2022-09-20T19:49:58","guid":{"rendered":"https:\/\/dsb2b.assemblyweb.net\/dropshipping"},"modified":"2022-10-07T14:21:33","modified_gmt":"2022-10-07T14:21:33","slug":"dropshipping","status":"publish","type":"page","link":"https:\/\/dropshippingb2b.com\/pt-pt\/dropshipping","title":{"rendered":"Dropshipping"},"content":{"rendered":"\n<div class=\"wp-block-cover alignfull\" style=\"min-height:350px;aspect-ratio:unset;\"><span aria-hidden=\"true\" class=\"wp-block-cover__background has-background-dim-0 has-background-dim\"><\/span><img loading=\"lazy\" decoding=\"async\" width=\"1200\" height=\"1600\" class=\"wp-block-cover__image-background wp-image-2834\" alt=\"\" src=\"https:\/\/dropshippingb2b.com\/wp-content\/uploads\/2022\/01\/wwtech-portada-duotone.jpg\" data-object-fit=\"cover\" srcset=\"https:\/\/dropshippingb2b.com\/wp-content\/uploads\/2022\/01\/wwtech-portada-duotone.jpg 1200w, https:\/\/dropshippingb2b.com\/wp-content\/uploads\/2022\/01\/wwtech-portada-duotone-225x300.jpg 225w, https:\/\/dropshippingb2b.com\/wp-content\/uploads\/2022\/01\/wwtech-portada-duotone-768x1024.jpg 768w, https:\/\/dropshippingb2b.com\/wp-content\/uploads\/2022\/01\/wwtech-portada-duotone-1152x1536.jpg 1152w, https:\/\/dropshippingb2b.com\/wp-content\/uploads\/2022\/01\/wwtech-portada-duotone-300x400.jpg 300w\" sizes=\"auto, (max-width: 1200px) 100vw, 1200px\" \/><div class=\"wp-block-cover__inner-container is-layout-flow wp-block-cover-is-layout-flow\">\n<h2 class=\"has-text-color has-huge-font-size wp-block-heading\" style=\"color:#ffffff\"><strong>O que \u00e9 o dropshipping?<\/strong><\/h2>\n\n\n\n<h4 class=\"has-text-color has-huge-font-size wp-block-heading\" style=\"color:#ffffff\">Guia pr\u00e1tico e r\u00e1pido para descobrir o que \u00e9 dropshipping e como funciona<\/h4>\n<\/div><\/div>\n\n\n\n<div class=\"inherit-container-width wp-block-group alignfull has-background is-layout-constrained wp-block-group-is-layout-constrained\" style=\"background-color:#f6f6f6\"><div class=\"wp-block-group__inner-container\">\n<div class=\"inherit-container-width wp-block-group has-background is-layout-constrained wp-block-group-is-layout-constrained\" style=\"background-color:#ffffff\"><div class=\"wp-block-group__inner-container\">\n<p>Dropshipping&nbsp;\u00e9 um modelo de venda que&nbsp;permite aos&nbsp;revendedores&nbsp;B2C, aumentar a sua oferta&nbsp;sem investimento e sem ter que&nbsp;lidar com quest\u00f5es log\u00edsticas ou envios.<\/p>\n\n\n\n<p>Marcas para Revenda em parceria com a empresa WWTech s.r.l. oferece uma&nbsp;solu\u00e7\u00e3o para integra\u00e7\u00e3o do cat\u00e1logo MPR na&nbsp;sua loja&nbsp;e um software pr\u00f3prio para introduzir as encomendas para os consumidores finais.<\/p>\n\n\n\n<figure class=\"wp-block-embed is-type-video is-provider-youtube wp-block-embed-youtube wp-embed-aspect-16-9 wp-has-aspect-ratio\"><div class=\"wp-block-embed__wrapper\">\n<div class=\"ast-oembed-container \" style=\"height: 100%;\"><iframe loading=\"lazy\" title=\"\u200bDropshipping orologi, bigiotteria &amp; accessori moda by WWT\" width=\"500\" height=\"281\" src=\"https:\/\/www.youtube.com\/embed\/RHtsBEoeL9U?feature=oembed\" frameborder=\"0\" allow=\"accelerometer; autoplay; clipboard-write; encrypted-media; gyroscope; picture-in-picture; web-share\" referrerpolicy=\"strict-origin-when-cross-origin\" allowfullscreen><\/iframe><\/div>\n<\/div><\/figure>\n<\/div><\/div>\n\n\n\n<div style=\"height:20px\" aria-hidden=\"true\" class=\"wp-block-spacer\"><\/div>\n\n\n\n<div class=\"inherit-container-width wp-block-group has-background is-layout-constrained wp-block-group-is-layout-constrained\" style=\"background-color:#ffffff\"><div class=\"wp-block-group__inner-container\">\n<h3 class=\"has-text-align-center wp-block-heading\"><strong>COMO FUNCIONA?<\/strong><\/h3>\n\n\n\n<h4 class=\"has-white-color has-text-color has-background wp-block-heading\" style=\"background-color:#e5742e\">1. <strong>Escolha o servi\u00e7o mais adequado para si<\/strong><\/h4>\n\n\n\n<p>Temos&nbsp;solu\u00e7\u00f5es preparadas tanto para uma nova empresa&nbsp;no mercado, como&nbsp;solu\u00e7\u00f5es de maior complexidade, para satisfazer&nbsp;as mais ambiciosas lojas de e-commerce.<\/p>\n\n\n\n<p>Para al\u00e9m da possibilidade de facilmente&nbsp;aumentar&nbsp;o seu cat\u00e1logo de productos, pode tamb\u00e9m integrar&nbsp;a log\u00edstica e envios de modo a dar um sevi\u00e7o r\u00e1pido e profissional aos seus clientes.<\/p>\n\n\n\n<div style=\"height:50px\" aria-hidden=\"true\" class=\"wp-block-spacer\"><\/div>\n\n\n\n<h4 class=\"has-white-color has-text-color has-background wp-block-heading\" style=\"background-color:#e5742e\">2. <strong><strong><strong>Fa\u00e7a o Download do nosso cat\u00e1logo e carregue-o na sua loja<\/strong><\/strong><\/strong><\/h4>\n\n\n\n<p>Pode fazer o download de todo o cat\u00e1logo tanto manualmente (static flow: ficheiro&nbsp;CSV, inclu\u00edndo imagens, atualizado cada 2 horas) ou autom\u00e1ticamente (live stream: atrav\u00e9s de integra\u00e7\u00e3o API com atualiza\u00e7\u00e3o em tempo real).<\/p>\n\n\n\n<div style=\"height:50px\" aria-hidden=\"true\" class=\"wp-block-spacer\"><\/div>\n\n\n\n<h4 class=\"has-white-color has-text-color has-background wp-block-heading\" style=\"background-color:#e5742e\"><strong><strong><strong><strong>Coloca\u00e7\u00e3o de encomendas<\/strong><\/strong><\/strong><\/strong><\/h4>\n\n\n\n<p>Atrav\u00e9s da nossa plataforma, pode adicionar produtos directamente&nbsp;num carrinho de compras, integrado com o nosso armaz\u00e9m central com as seguintes vantagens:<\/p>\n\n\n\n<p>&#8211; Cesto de compras em tempo real: os produtos s\u00e3o autom\u00e1ticamente removidos&nbsp;assim que os coloca no cesto de compras, para assegurar&nbsp;uma elevada taxa de fornecimento, evitando&nbsp;ruturas. A opera\u00e7\u00e3o pode ser cancelada,&nbsp;colocando&nbsp;os produtos novamente&nbsp;online.<\/p>\n\n\n\n<p>&#8211; Possibilidade de introducir um endere\u00e7o de envio para cada cliente&nbsp;final e adicionar ficheiros&nbsp;(ex: faturas, promo codes, etc); para cada encomenda&nbsp;tem dispon\u00edvel um chat interno&nbsp;para facilmente comunicar com o nosso centro log\u00edstico.<\/p>\n\n\n\n<div style=\"height:50px\" aria-hidden=\"true\" class=\"wp-block-spacer\"><\/div>\n\n\n\n<h4 class=\"has-white-color has-text-color has-background wp-block-heading\" style=\"background-color:#e5742e\"><strong><strong><strong><strong><strong>4. Fatura\u00e7\u00e3o<\/strong><\/strong><\/strong><\/strong><\/strong><\/h4>\n\n\n\n<p>Todas as encomendas B2C s\u00e3o agrupadas numa \u00fanica encomenda B2B, permitindo-lhe receber uma \u00fanica fatura, para a sua confirma\u00e7\u00e3o de encomenda, de modo a facilitar a sua gest\u00e3o contabil\u00edstica e envios r\u00e1pidos.<\/p>\n<\/div><\/div>\n\n\n\n<div style=\"height:20px\" aria-hidden=\"true\" class=\"wp-block-spacer\"><\/div>\n\n\n\n<div class=\"inherit-container-width wp-block-group has-background is-layout-constrained wp-block-group-is-layout-constrained\" style=\"background-color:#ffffff\"><div class=\"wp-block-group__inner-container\">\n<h2 class=\"has-text-align-center wp-block-heading\">Prestashop<\/h2>\n\n\n\n<figure class=\"wp-block-image aligncenter size-full is-resized\"><img loading=\"lazy\" decoding=\"async\" src=\"https:\/\/dropshippingb2b.com\/wp-content\/uploads\/2022\/01\/logo_prestashop.jpg\" alt=\"\" class=\"wp-image-3503\" width=\"175\" height=\"113\" srcset=\"https:\/\/dropshippingb2b.com\/wp-content\/uploads\/2022\/01\/logo_prestashop.jpg 700w, https:\/\/dropshippingb2b.com\/wp-content\/uploads\/2022\/01\/logo_prestashop-300x193.jpg 300w\" sizes=\"auto, (max-width: 175px) 100vw, 175px\" \/><\/figure>\n\n\n\n<p>Podemos desenvolver seu primeiro projeto de eCommerce usando um dos melhores e mais populares CMS da Europa: PrestaShop.<br>Ajudaremos voc\u00ea a organizar seu site para que gerenciar seus contatos e suas vendas seja r\u00e1pido e f\u00e1cil.<br>Voc\u00ea n\u00e3o ter\u00e1 que se preocupar com nada, confie em n\u00f3s e receber\u00e1 o pacote completo para come\u00e7ar a usar seu eCommerce.<br>Tamb\u00e9m est\u00e1 dispon\u00edvel o desenvolvimento de plugins para integrar todos os produtos do cat\u00e1logo WWT ao seu site.<\/p>\n\n\n\n<p>Se voc\u00ea j\u00e1 tem um eCommerce desenvolvido em uma base PrestaShop (tanto na vers\u00e3o 1.6 quanto na 1.7), pode estar interessado em saber que j\u00e1 tivemos dois m\u00f3dulos de integra\u00e7\u00e3o desenvolvidos por uma empresa externa que permitem IMPORTAR facilmente todos os produtos, para EXPORTAR automaticamente os pedidos ao fornecedor e gerencie a visibilidade de cat\u00e1logos, descontos, margens de lucro e muito mais!<\/p>\n<\/div><\/div>\n<\/div><\/div>\n\n\n\n<div class=\"inherit-container-width wp-block-group alignfull has-background is-layout-constrained wp-block-group-is-layout-constrained\" style=\"background-color:#fae4d6\"><div class=\"wp-block-group__inner-container\">\n<h3 class=\"has-text-align-center wp-block-heading\">AINDA D\u00daVIDAS?<\/h3>\n\n\n\n<p class=\"has-text-align-center\">Confira as perguntas frequentes ou fale com um de n\u00f3s<\/p>\n\n\n\n<div class=\"wp-block-columns is-layout-flex wp-container-core-columns-is-layout-1 wp-block-columns-is-layout-flex\">\n<div class=\"wp-block-column is-vertically-aligned-center is-layout-flow wp-block-column-is-layout-flow\">\n<div class=\"wp-block-buttons is-horizontal is-content-justification-center is-layout-flex wp-container-core-buttons-is-layout-1 wp-block-buttons-is-layout-flex\">\n<div class=\"wp-block-button is-style-outline is-style-outline--1\"><a class=\"wp-block-button__link has-text-color\" href=\"\/pt-pt\/faq\" style=\"color:#e5742e\">VISITE O FAQ<\/a><\/div>\n\n\n\n<div class=\"wp-block-button is-style-fill\"><a class=\"wp-block-button__link\" href=\"\/pt-pt\/contatos\">CONTATOS<\/a><\/div>\n<\/div>\n<\/div>\n<\/div>\n<\/div><\/div>\n","protected":false},"excerpt":{"rendered":"<p>Dropshipping&nbsp;\u00e9 um modelo de venda que&nbsp;permite aos&nbsp;revendedores&nbsp;B2C, aumentar a sua oferta&nbsp;sem investimento e sem ter que&nbsp;lidar com quest\u00f5es log\u00edsticas ou envios. Marcas para Revenda em parceria com a empresa WWTech s.r.l. oferece uma&nbsp;solu\u00e7\u00e3o para integra\u00e7\u00e3o do cat\u00e1logo MPR na&nbsp;sua loja&nbsp;e um software pr\u00f3prio para introduzir as encomendas para os consumidores finais. COMO FUNCIONA? 1. Escolha [&hellip;]<\/p>\n","protected":false},"author":1,"featured_media":0,"parent":0,"menu_order":0,"comment_status":"closed","ping_status":"closed","template":"","meta":{"inline_featured_image":false,"site-sidebar-layout":"default","site-content-layout":"page-builder","ast-site-content-layout":"","site-content-style":"default","site-sidebar-style":"default","ast-global-header-display":"","ast-banner-title-visibility":"","ast-main-header-display":"","ast-hfb-above-header-display":"","ast-hfb-below-header-display":"","ast-hfb-mobile-header-display":"","site-post-title":"disabled","ast-breadcrumbs-content":"","ast-featured-img":"","footer-sml-layout":"","theme-transparent-header-meta":"","adv-header-id-meta":"","stick-header-meta":"","header-above-stick-meta":"","header-main-stick-meta":"","header-below-stick-meta":"","astra-migrate-meta-layouts":"default","ast-page-background-enabled":"default","ast-page-background-meta":{"desktop":{"background-color":"","background-image":"","background-repeat":"repeat","background-position":"center center","background-size":"auto","background-attachment":"scroll","background-type":"","background-media":"","overlay-type":"","overlay-color":"","overlay-opacity":"","overlay-gradient":""},"tablet":{"background-color":"","background-image":"","background-repeat":"repeat","background-position":"center center","background-size":"auto","background-attachment":"scroll","background-type":"","background-media":"","overlay-type":"","overlay-color":"","overlay-opacity":"","overlay-gradient":""},"mobile":{"background-color":"","background-image":"","background-repeat":"repeat","background-position":"center center","background-size":"auto","background-attachment":"scroll","background-type":"","background-media":"","overlay-type":"","overlay-color":"","overlay-opacity":"","overlay-gradient":""}},"ast-content-background-meta":{"desktop":{"background-color":"var(--ast-global-color-5)","background-image":"","background-repeat":"repeat","background-position":"center center","background-size":"auto","background-attachment":"scroll","background-type":"","background-media":"","overlay-type":"","overlay-color":"","overlay-opacity":"","overlay-gradient":""},"tablet":{"background-color":"var(--ast-global-color-5)","background-image":"","background-repeat":"repeat","background-position":"center center","background-size":"auto","background-attachment":"scroll","background-type":"","background-media":"","overlay-type":"","overlay-color":"","overlay-opacity":"","overlay-gradient":""},"mobile":{"background-color":"var(--ast-global-color-5)","background-image":"","background-repeat":"repeat","background-position":"center center","background-size":"auto","background-attachment":"scroll","background-type":"","background-media":"","overlay-type":"","overlay-color":"","overlay-opacity":"","overlay-gradient":""}},"footnotes":""},"class_list":["post-4871","page","type-page","status-publish","hentry"],"_links":{"self":[{"href":"https:\/\/dropshippingb2b.com\/pt-pt\/wp-json\/wp\/v2\/pages\/4871","targetHints":{"allow":["GET"]}}],"collection":[{"href":"https:\/\/dropshippingb2b.com\/pt-pt\/wp-json\/wp\/v2\/pages"}],"about":[{"href":"https:\/\/dropshippingb2b.com\/pt-pt\/wp-json\/wp\/v2\/types\/page"}],"author":[{"embeddable":true,"href":"https:\/\/dropshippingb2b.com\/pt-pt\/wp-json\/wp\/v2\/users\/1"}],"replies":[{"embeddable":true,"href":"https:\/\/dropshippingb2b.com\/pt-pt\/wp-json\/wp\/v2\/comments?post=4871"}],"version-history":[{"count":3,"href":"https:\/\/dropshippingb2b.com\/pt-pt\/wp-json\/wp\/v2\/pages\/4871\/revisions"}],"predecessor-version":[{"id":5584,"href":"https:\/\/dropshippingb2b.com\/pt-pt\/wp-json\/wp\/v2\/pages\/4871\/revisions\/5584"}],"wp:attachment":[{"href":"https:\/\/dropshippingb2b.com\/pt-pt\/wp-json\/wp\/v2\/media?parent=4871"}],"curies":[{"name":"wp","href":"https:\/\/api.w.org\/{rel}","templated":true}]}}