{"id":1878,"date":"2021-07-16T18:57:17","date_gmt":"2021-07-16T18:57:17","guid":{"rendered":"https:\/\/dsb2b.assemblyweb.net\/returns"},"modified":"2022-10-26T10:55:06","modified_gmt":"2022-10-26T10:55:06","slug":"devolucoes","status":"publish","type":"page","link":"https:\/\/dropshippingb2b.com\/pt-pt\/devolucoes","title":{"rendered":"Retorna"},"content":{"rendered":"\n<div class=\"wp-block-cover alignfull\" style=\"min-height:350px;aspect-ratio:unset;\"><span aria-hidden=\"true\" class=\"wp-block-cover__background has-background-dim-0 has-background-dim\"><\/span><img loading=\"lazy\" decoding=\"async\" width=\"1200\" height=\"1600\" class=\"wp-block-cover__image-background wp-image-2834\" alt=\"\" src=\"https:\/\/dropshippingb2b.com\/wp-content\/uploads\/2022\/01\/wwtech-portada-duotone.jpg\" data-object-fit=\"cover\" srcset=\"https:\/\/dropshippingb2b.com\/wp-content\/uploads\/2022\/01\/wwtech-portada-duotone.jpg 1200w, https:\/\/dropshippingb2b.com\/wp-content\/uploads\/2022\/01\/wwtech-portada-duotone-225x300.jpg 225w, https:\/\/dropshippingb2b.com\/wp-content\/uploads\/2022\/01\/wwtech-portada-duotone-768x1024.jpg 768w, https:\/\/dropshippingb2b.com\/wp-content\/uploads\/2022\/01\/wwtech-portada-duotone-1152x1536.jpg 1152w, https:\/\/dropshippingb2b.com\/wp-content\/uploads\/2022\/01\/wwtech-portada-duotone-300x400.jpg 300w\" sizes=\"auto, (max-width: 1200px) 100vw, 1200px\" \/><div class=\"wp-block-cover__inner-container is-layout-flow wp-block-cover-is-layout-flow\">\n<h2 class=\"has-text-color wp-block-heading\" style=\"color:#ffffff\">Retorna<\/h2>\n<\/div><\/div>\n\n\n\n<div class=\"inherit-container-width wp-block-group alignfull has-background is-layout-constrained wp-block-group-is-layout-constrained\" style=\"background-color:#f6f6f6\"><div class=\"wp-block-group__inner-container\">\n<div class=\"inherit-container-width wp-block-group has-white-background-color has-background is-layout-constrained wp-block-group-is-layout-constrained\"><div class=\"wp-block-group__inner-container\">\n<figure class=\"wp-block-image aligncenter size-full is-resized\"><img loading=\"lazy\" decoding=\"async\" src=\"https:\/\/dropshippingb2b.com\/wp-content\/uploads\/2022\/09\/infograph_reso_en.jpeg\" alt=\"\" class=\"wp-image-4479\" width=\"556\" height=\"587\" srcset=\"https:\/\/dropshippingb2b.com\/wp-content\/uploads\/2022\/09\/infograph_reso_en.jpeg 741w, https:\/\/dropshippingb2b.com\/wp-content\/uploads\/2022\/09\/infograph_reso_en-284x300.jpeg 284w, https:\/\/dropshippingb2b.com\/wp-content\/uploads\/2022\/09\/infograph_reso_en-300x317.jpeg 300w\" sizes=\"auto, (max-width: 556px) 100vw, 556px\" \/><\/figure>\n\n\n\n<h4 class=\"has-text-align-center wp-block-heading\">Retorna B2B vs B2C<\/h4>\n\n\n\n<p>Lembramos que voc\u00ea opera como vendedor\/fornecedor da rela\u00e7\u00e3o comercial do vendedor de Dropshipping segue as diretrizes B2B (business-to-business).<br><br>As pol\u00edticas de devolu\u00e7\u00e3o s\u00e3o as mesmas que voc\u00ea obt\u00e9m comprando por atacado no site em que vai conectar seu neg\u00f3cio de dropshipping.<\/p>\n\n\n\n<div class=\"wp-block-buttons is-horizontal is-content-justification-center is-layout-flex wp-container-core-buttons-is-layout-1 wp-block-buttons-is-layout-flex\">\n<div class=\"wp-block-button\"><a class=\"wp-block-button__link\" href=\"https:\/\/www.wwt.it\/en\/info\/backorders-&amp;-returns\/backorders-returns\" target=\"_blank\" rel=\"noreferrer noopener\">Leia as pol\u00edticas de devolu\u00e7\u00e3o B2B<\/a><\/div>\n<\/div>\n\n\n\n<div style=\"height:30px\" aria-hidden=\"true\" class=\"wp-block-spacer\"><\/div>\n\n\n\n<p>Embora todos os produtos j\u00e1 estejam sujeitos a uma verifica\u00e7\u00e3o precisa quando os recebemos (para evitar ter em nosso armaz\u00e9m produtos defeituosos e n\u00e3o funcionando), exclusivamente para itens vendidos para pedidos dropshipping, a log\u00edstica faz uma segunda verifica\u00e7\u00e3o antes de envi\u00e1-los, para conceder todos os produtos est\u00e3o em perfeitas condi\u00e7\u00f5es, inclusive verificando a carga da bateria (pois pode ocorrer uma descarga durante o tempo de perman\u00eancia no armaz\u00e9m).<\/p>\n\n\n\n<p>Este procedimento foi estudado para ter a dupla certeza de enviar sempre apenas produtos perfeitos ao cliente final, evitando disputas entre fornecedor e vendedor, pois nenhum deles realmente v\u00ea ou toca nos produtos vendidos. Para trabalhar no dropshipping \u00e9 necess\u00e1rio ter total confian\u00e7a no trabalho realizado pela Log\u00edstica, verificando e despachando a mercadoria at\u00e9 o cliente final em nome do vendedor.<\/p>\n\n\n\n<p>Com base em experi\u00eancias anteriores, infelizmente aconteceu que alguns clientes alegaram ter recebido um item que n\u00e3o funcionava e at\u00e9 mesmo dizendo que era usado: isso pode ser absolutamente exclu\u00eddo com um tipo de servi\u00e7o que prestamos, e todo vendedor est\u00e1 convidado a visitar nossa Log\u00edstica em a qualquer momento, para verificar pessoalmente a qualidade e precis\u00e3o do servi\u00e7o oferecido, mas de forma alguma aceitaremos ser responsabilizados por reclama\u00e7\u00f5es de compradores particulares n\u00e3o totalmente honestos.<\/p>\n\n\n\n<ul class=\"wp-block-list\"><li>Se voc\u00ea estiver fazendo o servi\u00e7o de Dropshipping real e adequado, para que as mercadorias sejam enviadas diretamente para seus clientes finais, lembre-se de que as devolu\u00e7\u00f5es n\u00e3o podem ser enviadas de seu cliente particular para n\u00f3s como fornecedor, mas devem ser devolvidas ao vendedor (voc\u00ea). Os acordos entre o cliente final e o vendedor ser\u00e3o feitos por voc\u00ea e independentemente de como isso acabaria sendo tratado com o fornecedor atacadista.<\/li><li>Se, em vez disso, voc\u00ea n\u00e3o estiver fazendo dropshipping direto, mas voc\u00ea levar nossos produtos para suas instala\u00e7\u00f5es e enviar para seus clientes de l\u00e1, em caso de problemas, lembre-se (de acordo com a pol\u00edtica de devolu\u00e7\u00e3o acima) que voc\u00ea deve nos informar o mais r\u00e1pido poss\u00edvel e em cada caso dentro de 8 dias desde que o bem \u00e9 recebido.<\/li><\/ul>\n\n\n\n<p class=\"has-text-color has-background\" style=\"background-color:#fae3d4;color:#e5742e\"><strong><strong>ATEN\u00c7\u00c3O! Lembramos que as regras de retorno B2B s\u00e3o diferentes do mercado B2C; especialmente, a lei \u201cDireito de rescis\u00e3o\u201d \u00e9 uma norma prevista pelo legislador para proteger os consumidores privados e se aplica apenas a estes \u00faltimos.<\/strong><\/strong><\/p>\n\n\n\n<p>Tendo em vista a colabora\u00e7\u00e3o m\u00fatua e cont\u00ednua, caso voc\u00ea gerencie um n\u00famero de devolu\u00e7\u00f5es superior ao que poderia ser absorvido pelo seu neg\u00f3cio, nossa empresa permanece dispon\u00edvel para avaliar ocasionalmente as compras de mercadorias devolvidas e coloc\u00e1-las novamente \u00e0 venda em nosso canal.<\/p>\n<\/div><\/div>\n<\/div><\/div>\n\n\n\n<div class=\"inherit-container-width wp-block-group alignfull has-background is-layout-constrained wp-block-group-is-layout-constrained\" style=\"background-color:#fae4d6\"><div class=\"wp-block-group__inner-container\">\n<h3 class=\"has-text-align-center wp-block-heading\">AINDA D\u00daVIDAS?<\/h3>\n\n\n\n<p class=\"has-text-align-center\">Confira as perguntas frequentes ou fale com um de n\u00f3s<\/p>\n\n\n\n<div class=\"wp-block-columns is-layout-flex wp-container-core-columns-is-layout-1 wp-block-columns-is-layout-flex\">\n<div class=\"wp-block-column is-vertically-aligned-center is-layout-flow wp-block-column-is-layout-flow\">\n<div class=\"wp-block-buttons is-horizontal is-content-justification-center is-layout-flex wp-container-core-buttons-is-layout-2 wp-block-buttons-is-layout-flex\">\n<div class=\"wp-block-button is-style-outline is-style-outline--1\"><a class=\"wp-block-button__link has-text-color\" href=\"\/pt-pt\/faq\" style=\"color:#e5742e\">VISITE O FAQ<\/a><\/div>\n\n\n\n<div class=\"wp-block-button is-style-fill\"><a class=\"wp-block-button__link\" href=\"\/pt-pt\/contatos\">CONTATOS<\/a><\/div>\n<\/div>\n<\/div>\n<\/div>\n<\/div><\/div>\n","protected":false},"excerpt":{"rendered":"<p>Retorna B2B vs B2C Lembramos que voc\u00ea opera como vendedor\/fornecedor da rela\u00e7\u00e3o comercial do vendedor de Dropshipping segue as diretrizes B2B (business-to-business). As pol\u00edticas de devolu\u00e7\u00e3o s\u00e3o as mesmas que voc\u00ea obt\u00e9m comprando por atacado no site em que vai conectar seu neg\u00f3cio de dropshipping. Embora todos os produtos j\u00e1 estejam sujeitos a uma verifica\u00e7\u00e3o [&hellip;]<\/p>\n","protected":false},"author":1,"featured_media":0,"parent":0,"menu_order":0,"comment_status":"closed","ping_status":"closed","template":"","meta":{"inline_featured_image":false,"site-sidebar-layout":"default","site-content-layout":"plain-container","ast-site-content-layout":"","site-content-style":"default","site-sidebar-style":"default","ast-global-header-display":"","ast-banner-title-visibility":"","ast-main-header-display":"","ast-hfb-above-header-display":"","ast-hfb-below-header-display":"","ast-hfb-mobile-header-display":"","site-post-title":"disabled","ast-breadcrumbs-content":"","ast-featured-img":"","footer-sml-layout":"","theme-transparent-header-meta":"default","adv-header-id-meta":"","stick-header-meta":"","header-above-stick-meta":"","header-main-stick-meta":"","header-below-stick-meta":"","astra-migrate-meta-layouts":"default","ast-page-background-enabled":"default","ast-page-background-meta":{"desktop":{"background-color":"","background-image":"","background-repeat":"repeat","background-position":"center center","background-size":"auto","background-attachment":"scroll","background-type":"","background-media":"","overlay-type":"","overlay-color":"","overlay-opacity":"","overlay-gradient":""},"tablet":{"background-color":"","background-image":"","background-repeat":"repeat","background-position":"center center","background-size":"auto","background-attachment":"scroll","background-type":"","background-media":"","overlay-type":"","overlay-color":"","overlay-opacity":"","overlay-gradient":""},"mobile":{"background-color":"","background-image":"","background-repeat":"repeat","background-position":"center center","background-size":"auto","background-attachment":"scroll","background-type":"","background-media":"","overlay-type":"","overlay-color":"","overlay-opacity":"","overlay-gradient":""}},"ast-content-background-meta":{"desktop":{"background-color":"var(--ast-global-color-5)","background-image":"","background-repeat":"repeat","background-position":"center center","background-size":"auto","background-attachment":"scroll","background-type":"","background-media":"","overlay-type":"","overlay-color":"","overlay-opacity":"","overlay-gradient":""},"tablet":{"background-color":"var(--ast-global-color-5)","background-image":"","background-repeat":"repeat","background-position":"center center","background-size":"auto","background-attachment":"scroll","background-type":"","background-media":"","overlay-type":"","overlay-color":"","overlay-opacity":"","overlay-gradient":""},"mobile":{"background-color":"var(--ast-global-color-5)","background-image":"","background-repeat":"repeat","background-position":"center center","background-size":"auto","background-attachment":"scroll","background-type":"","background-media":"","overlay-type":"","overlay-color":"","overlay-opacity":"","overlay-gradient":""}},"footnotes":""},"class_list":["post-1878","page","type-page","status-publish","hentry"],"_links":{"self":[{"href":"https:\/\/dropshippingb2b.com\/pt-pt\/wp-json\/wp\/v2\/pages\/1878","targetHints":{"allow":["GET"]}}],"collection":[{"href":"https:\/\/dropshippingb2b.com\/pt-pt\/wp-json\/wp\/v2\/pages"}],"about":[{"href":"https:\/\/dropshippingb2b.com\/pt-pt\/wp-json\/wp\/v2\/types\/page"}],"author":[{"embeddable":true,"href":"https:\/\/dropshippingb2b.com\/pt-pt\/wp-json\/wp\/v2\/users\/1"}],"replies":[{"embeddable":true,"href":"https:\/\/dropshippingb2b.com\/pt-pt\/wp-json\/wp\/v2\/comments?post=1878"}],"version-history":[{"count":6,"href":"https:\/\/dropshippingb2b.com\/pt-pt\/wp-json\/wp\/v2\/pages\/1878\/revisions"}],"predecessor-version":[{"id":6508,"href":"https:\/\/dropshippingb2b.com\/pt-pt\/wp-json\/wp\/v2\/pages\/1878\/revisions\/6508"}],"wp:attachment":[{"href":"https:\/\/dropshippingb2b.com\/pt-pt\/wp-json\/wp\/v2\/media?parent=1878"}],"curies":[{"name":"wp","href":"https:\/\/api.w.org\/{rel}","templated":true}]}}