{"id":1320,"date":"2021-07-14T21:36:52","date_gmt":"2021-07-14T21:36:52","guid":{"rendered":"https:\/\/dsb2b.assemblyweb.net\/data-flow"},"modified":"2025-03-18T16:06:36","modified_gmt":"2025-03-18T15:06:36","slug":"fluxo-de-dados","status":"publish","type":"page","link":"https:\/\/dropshippingb2b.com\/pt-pt\/fluxo-de-dados","title":{"rendered":"fluxo de dados"},"content":{"rendered":"\n<div class=\"wp-block-cover alignfull\" style=\"min-height:350px;aspect-ratio:unset;\"><span aria-hidden=\"true\" class=\"wp-block-cover__background has-background-dim-0 has-background-dim\"><\/span><img loading=\"lazy\" decoding=\"async\" width=\"1200\" height=\"1600\" class=\"wp-block-cover__image-background wp-image-2834\" alt=\"\" src=\"https:\/\/dropshippingb2b.com\/wp-content\/uploads\/2022\/01\/wwtech-portada-duotone.jpg\" data-object-fit=\"cover\" srcset=\"https:\/\/dropshippingb2b.com\/wp-content\/uploads\/2022\/01\/wwtech-portada-duotone.jpg 1200w, https:\/\/dropshippingb2b.com\/wp-content\/uploads\/2022\/01\/wwtech-portada-duotone-225x300.jpg 225w, https:\/\/dropshippingb2b.com\/wp-content\/uploads\/2022\/01\/wwtech-portada-duotone-768x1024.jpg 768w, https:\/\/dropshippingb2b.com\/wp-content\/uploads\/2022\/01\/wwtech-portada-duotone-1152x1536.jpg 1152w, https:\/\/dropshippingb2b.com\/wp-content\/uploads\/2022\/01\/wwtech-portada-duotone-300x400.jpg 300w\" sizes=\"auto, (max-width: 1200px) 100vw, 1200px\" \/><div class=\"wp-block-cover__inner-container is-layout-flow wp-block-cover-is-layout-flow\">\n<h2 class=\"wp-block-heading has-text-color has-huge-font-size\" style=\"color:#ffffff\">Fluxo de dados<\/h2>\n<\/div><\/div>\n\n\n\n<div class=\"inherit-container-width wp-block-group alignfull has-background is-layout-constrained wp-block-group-is-layout-constrained\" style=\"background-color:#f6f6f6\"><div class=\"wp-block-group__inner-container\">\n<div class=\"inherit-container-width wp-block-group mt--50 has-background is-layout-constrained wp-block-group-is-layout-constrained\" style=\"background-color:#ffffff\"><div class=\"wp-block-group__inner-container\">\n<p>O nosso cat\u00e1logo pode ser descarregado manualmente (exporta\u00e7\u00e3o de ficheiro CSV, XML, JSON file incluindo link para imagens) ou automaticamente (integra\u00e7\u00e3o API, actualiza\u00e7\u00e3o em tempo real).<\/p>\n\n\n\n<p>Cada artigo tem a seguinte informa\u00e7\u00e3o:<\/p>\n\n\n\n<ul class=\"wp-block-list custom-list\">\n<li>Marca<\/li>\n\n\n\n<li>SKU\/ID do artigo<\/li>\n\n\n\n<li>Quantidade dispon\u00edvel<\/li>\n\n\n\n<li>PVP<\/li>\n\n\n\n<li>Desconto<\/li>\n\n\n\n<li>Prazo de expedi\u00e7\u00e3o<\/li>\n\n\n\n<li>Peso aproximado<\/li>\n\n\n\n<li>Link com imagens duplas: um \u00edcone de 120x120px e uma imagem de alta defini\u00e7\u00e3o (geralmente de 300 a 800 px para a lateral): ambas as imagens t\u00eam o mesmo conte\u00fado se o produto for vendido numa caixa standard, sem gadgets\/acess\u00f3rios; se em vez disso o produto tiver uma caixa ou gadget espec\u00edfico, as duas imagens ser\u00e3o diferentes (o \u00edcone tem apenas o item; a imagem grande tem tamb\u00e9m o gadget). Al\u00e9m disso, algumas marcas t\u00eam imagens internas grandes com \u00edcones de caracter\u00edsticas espec\u00edficas do produto<\/li>\n\n\n\n<li>Grupo: (exatamente como pode ver no nosso site de venda por grosso) Rel\u00f3gios, joias, \u00f3culos de sol e acess\u00f3rios<\/li>\n\n\n\n<li>Categoria: Rel\u00f3gios de Stock Pronto, J\u00f3ias de Stock Pronto<\/li>\n<\/ul>\n\n\n\n<p>e os seguintes campos opcionais:<\/p>\n\n\n\n<ul class=\"wp-block-list\">\n<li>C\u00f3digo EAN (N\u00famero Europeu de Artigo), se dispon\u00edvel<\/li>\n\n\n\n<li>Atributos: as principais caracter\u00edsticas do produto, como \u201cg\u00e9nero\u201d, \u201cmaterial da caixa\u201d, \u201c\u00e0 prova de \u00e1gua\u201d e assim por diante, est\u00e3o dispon\u00edveis para todos os artigos \u201cred rocket\u201d (supplier_id: 68), enquanto que para produtos de fornecedores externos (diferentes de supplier_id 68), estar\u00e3o dispon\u00edveis exclusivamente se\/quando o fornecedor nos passar no seu fluxo de dados.<\/li>\n\n\n\n<li>Requisitos do GPSR: fabricante e fabricante_respons\u00e1vel<\/li>\n<\/ul>\n<\/div><\/div>\n\n\n\n<ul class=\"wp-block-list\"><\/ul>\n\n\n\n<div class=\"inherit-container-width wp-block-group has-background is-layout-constrained wp-block-group-is-layout-constrained\" style=\"background-color:#ffffff\"><div class=\"wp-block-group__inner-container\">\n<h3 class=\"wp-block-heading has-text-align-center\">Veja abaixo as principais diferen\u00e7as entre nossos sistemas de integra\u00e7\u00e3o:<\/h3>\n\n\n\n<figure class=\"wp-block-image aligncenter size-full\"><img loading=\"lazy\" decoding=\"async\" width=\"432\" height=\"346\" src=\"https:\/\/dropshippingb2b.com\/wp-content\/uploads\/2022\/09\/api_vs_csv_en.png\" alt=\"\" class=\"wp-image-4295\" srcset=\"https:\/\/dropshippingb2b.com\/wp-content\/uploads\/2022\/09\/api_vs_csv_en.png 432w, https:\/\/dropshippingb2b.com\/wp-content\/uploads\/2022\/09\/api_vs_csv_en-300x240.png 300w\" sizes=\"auto, (max-width: 432px) 100vw, 432px\" \/><\/figure>\n<\/div><\/div>\n\n\n\n<div style=\"height:30px\" aria-hidden=\"true\" class=\"wp-block-spacer\"><\/div>\n\n\n\n<div class=\"inherit-container-width wp-block-group has-background is-layout-constrained wp-block-group-is-layout-constrained\" style=\"background-color:#ffffff\"><div class=\"wp-block-group__inner-container\">\n<h3 class=\"wp-block-heading has-text-align-center\">INTEGRA\u00c7\u00c3O API<\/h3>\n\n\n\n<p>\u00c9 um fluxo de dados bi-direccional que permite:<\/p>\n\n\n\n<ul class=\"wp-block-list\">\n<li>ler e enviar para o seu site todos os artigos que constem da base de dados, com actualiza\u00e7\u00e3o em tempo real.<\/li>\n\n\n\n<li><span style=\"font-size: 1rem;\">adicionar automaticamente ao seu carinho de compras todas as vendas feitas atrav\u00e9s do seu site, juntando todos os pedidos individuais num \u00fanico pedido ao fornecedor<\/span>.<\/li>\n<\/ul>\n\n\n\n<figure class=\"wp-block-image aligncenter size-full\"><img loading=\"lazy\" decoding=\"async\" width=\"601\" height=\"210\" src=\"https:\/\/dropshippingb2b.com\/wp-content\/uploads\/2022\/09\/schema_api_eng.jpeg\" alt=\"\" class=\"wp-image-4311\" srcset=\"https:\/\/dropshippingb2b.com\/wp-content\/uploads\/2022\/09\/schema_api_eng.jpeg 601w, https:\/\/dropshippingb2b.com\/wp-content\/uploads\/2022\/09\/schema_api_eng-300x105.jpeg 300w\" sizes=\"auto, (max-width: 601px) 100vw, 601px\" \/><\/figure>\n\n\n\n<p>Este sistema de integra\u00e7\u00e3o \u00e9 desenhado como um service web e pode se integrado com qualquer software no formato JSON, independentemente do idioma e sistema operativo.<\/p>\n\n\n\n<figure class=\"wp-block-image aligncenter size-full\"><img loading=\"lazy\" decoding=\"async\" width=\"735\" height=\"193\" src=\"https:\/\/dropshippingb2b.com\/wp-content\/uploads\/2022\/09\/api_schema1.jpeg\" alt=\"\" class=\"wp-image-4324\" srcset=\"https:\/\/dropshippingb2b.com\/wp-content\/uploads\/2022\/09\/api_schema1.jpeg 735w, https:\/\/dropshippingb2b.com\/wp-content\/uploads\/2022\/09\/api_schema1-300x79.jpeg 300w\" sizes=\"auto, (max-width: 735px) 100vw, 735px\" \/><\/figure>\n\n\n\n<p>Pode aceder ao guia completo de integra\u00e7\u00e3o aqui:<\/p>\n\n\n\n<div class=\"wp-block-buttons is-horizontal is-content-justification-center is-layout-flex wp-container-core-buttons-is-layout-1 wp-block-buttons-is-layout-flex\">\n<div class=\"wp-block-button\"><a class=\"wp-block-button__link wp-element-button\" href=\"https:\/\/dropshippingb2b.com\/api\/guide\/en\/\" target=\"_blank\" rel=\"noreferrer noopener\">CHECK THE DOCUMENTATION &gt;<\/a><\/div>\n<\/div>\n<\/div><\/div>\n\n\n\n<div style=\"height:30px\" aria-hidden=\"true\" class=\"wp-block-spacer\"><\/div>\n\n\n\n<div class=\"inherit-container-width wp-block-group has-background is-layout-constrained wp-block-group-is-layout-constrained\" style=\"background-color:#ffffff\"><div class=\"wp-block-group__inner-container\">\n<h3 class=\"wp-block-heading has-text-align-center\"><strong><strong>EXPORTA\u00c7\u00c3O DE FICHEIRO&nbsp;CSV&nbsp;<\/strong><\/strong><\/h3>\n\n\n\n<p>Adicionalmente \u00e0 integra\u00e7\u00e3o automatica via API, pode descarregar o cat\u00e1logo manualmente via ficheiro CSV.<\/p>\n\n\n\n<div style=\"height:20px\" aria-hidden=\"true\" class=\"wp-block-spacer\"><\/div>\n\n\n\n<p><meta charset=\"utf-8\">O sistema ir\u00e1 atualizar de duas em duas horas um ficheiro com o formato:<\/p>\n\n\n\n<figure class=\"wp-block-image size-large\"><img loading=\"lazy\" decoding=\"async\" width=\"1024\" height=\"75\" src=\"https:\/\/dropshippingb2b.com\/wp-content\/uploads\/2022\/01\/export_file-1024x75.png\" alt=\"\" class=\"wp-image-3272\" srcset=\"https:\/\/dropshippingb2b.com\/wp-content\/uploads\/2022\/01\/export_file-1024x75.png 1024w, https:\/\/dropshippingb2b.com\/wp-content\/uploads\/2022\/01\/export_file-300x22.png 300w, https:\/\/dropshippingb2b.com\/wp-content\/uploads\/2022\/01\/export_file-768x56.png 768w, https:\/\/dropshippingb2b.com\/wp-content\/uploads\/2022\/01\/export_file.png 1200w\" sizes=\"auto, (max-width: 1024px) 100vw, 1024px\" \/><\/figure>\n\n\n\n<p><meta charset=\"utf-8\"><\/p>\n\n\n\n<p>Ap\u00f3s decidir qual a subscri\u00e7\u00e3o pretendida enviar-lhe-emos o seu username e password para aceder ao cat\u00e1logo completo.<\/p>\n\n\n\n<p>Poder\u00e1 aceder ao cat\u00e1logo de dois modos:<\/p>\n\n\n\n<ol class=\"wp-block-list\">\n<li>Manualmente, conectando-se a <a rel=\"noreferrer noopener\" href=\"https:\/\/dropshippingb2b.com\/export\/\" target=\"_blank\">https:\/\/dropshippingb2b.com\/export\/<\/a><\/li>\n\n\n\n<li>Automaticamente atrav\u00e9s de uma simples chamada CURL (para desenvolvedor).<\/li>\n<\/ol>\n\n\n\n<div style=\"height:30px\" aria-hidden=\"true\" class=\"wp-block-spacer\"><\/div>\n\n\n\n<h4 class=\"wp-block-heading has-text-align-left\"><strong>CURL call Exemplo<\/strong><\/h4>\n\n\n\n<pre class=\"wp-block-code\"><code lang=\"bash\" class=\"language-bash\">curl -k --data \"data=username%3DUSERNAME%26password%3DPASSWORD%26pid%3Dpid\" \nhttps:\/\/dropshippingb2b.com\/export\/csv.php     <\/code><\/pre>\n\n\n\n<div style=\"height:30px\" aria-hidden=\"true\" class=\"wp-block-spacer\"><\/div>\n\n\n\n<h4 class=\"wp-block-heading has-text-align-left\">PHP Exemplo<\/h4>\n\n\n\n<pre class=\"wp-block-code\"><code lang=\"php\" class=\"language-php\">&lt;?php\n\n$params = array(\"username\" =&gt; \"YOUR USERNAME\",\n                \"password\" =&gt; \"YOUR PASSWORD\",\n                \"pid\"      =&gt; \"YOUR PORTAL ID NUMBER\");\n   \n\/*  PORTAL ID\n1    wwt.it\n2    b2buhren.de\n4    marcaspararevenda.com\n6    marcasalmayor.es\n7    b2bwatches.co.uk\n8    b2bhodinky.cz\n9    b2bmontres.fr\n10   b2bhorloges.nl\n11   emporiorologion.gr\n13   atacadodemarcas.com.br\n14   b2bsk.sk\n15   klockorb2b.se\n16   markihurt.pl\n*\/   \n   \n$params = http_build_query($params);\n$data = array('data' =&gt; $params);\n$ch = curl_init();\n\ncurl_setopt($ch, CURLOPT_URL, 'https:\/\/dropshippingb2b.com\/export\/csv.php');\ncurl_setopt($ch, CURLOPT_SSLVERSION , CURL_SSLVERSION_TLSv1_2);\ncurl_setopt($ch, CURLOPT_SSL_VERIFYPEER,FALSE);\ncurl_setopt($ch, CURLOPT_SSL_VERIFYHOST,2);\ncurl_setopt($ch, CURLOPT_POST, 1);\ncurl_setopt($ch, CURLOPT_RETURNTRANSFER, 1);\ncurl_setopt($ch, CURLOPT_POSTFIELDS, $data);\n\n$ce = curl_exec($ch); \/\/ $ce contain call response\ncurl_close($ch);   \necho $ce; \n?&gt; <\/code><\/pre>\n\n\n\n<div style=\"height:30px\" aria-hidden=\"true\" class=\"wp-block-spacer\"><\/div>\n\n\n\n<h4 class=\"wp-block-heading has-text-align-left\">VB .NET Exemplo<\/h4>\n\n\n\n<pre class=\"wp-block-code\"><code lang=\"visual-basic\" class=\"language-visual-basic\">Imports System\nImports System.Net\nImports System.Web\n\n\nPublic Module Module1\n    Public Sub Main()\n         Using client As New WebClient\n            Dim result As String\n            client.Encoding = System.Text.Encoding.UTF8\n            client.Headers.Add(\"Content-Type\", \"application\/x-www-form-urlencoded\")\n            result = client.UploadString(\"https:\/\/dropshippingb2b.com\/export\/csv.php\", \"data=\"\n + HttpUtility.UrlEncode(\"username=USERNAME&amp;password=PASSWORD&amp;pid=PORTAL ID\"))\n            Console.WriteLine(result)\n        End Using\n    End Sub\nEnd Module<\/code><\/pre>\n\n\n\n<p>Oferecemos um campo na \u00faltima coluna chamado &#8220;speed_shipping&#8221;. Este campo indica o tempo m\u00e9dio do produto para que o produto seja recebido e reenviado.<\/p>\n\n\n\n<ul class=\"wp-block-list\">\n<li><strong>0 &#8211; Remessa lenta<\/strong><\/li>\n<\/ul>\n\n\n\n<p>Este produto est\u00e1 dispon\u00edvel no distribuidor oficial. Leva at\u00e9 10 dias \u00fateis para este artigo. A entrega n\u00e3o \u00e9 100% garantida. Sugerimos fortemente que os revendedores do dropshipping N\u00c3O integrem esses produtos em suas ofertas.<\/p>\n\n\n\n<ul class=\"wp-block-list\">\n<li><strong>1 &#8211;<\/strong> <strong>Envio padr\u00e3o<\/strong><\/li>\n<\/ul>\n\n\n\n<p>Este \u00e9 um produto armazenado em um dep\u00f3sito diferente da Log\u00edstica usada para dropshipping (log\u00edstica de com\u00e9rcio eletr\u00f4nico Delledonne&nbsp;https:\/\/www.delledonne.it\/logistica-per-l-ecommerce.cfm) O envio&nbsp;demora em m\u00e9dia de 4 a 5 dias \u00fateis A propor\u00e7\u00e3o &#8220;Pedido VS. entrega&#8221; \u00e9 de cerca de 95% Sendo&nbsp;produtos de parceiros externos, o controle de estoque n\u00e3o est\u00e1 completamente em nossas m\u00e3os, portanto, para&nbsp;aumentar a %&nbsp;de entrega,&nbsp;sugiro aos revendedores no modo dropshipping que apliquem um filtro &#8220;publicar se QTY&gt;X&#8221; , onde &#8220;X&#8221; \u00e9 o valor STOCK (coluna H em nosso CSV). Ao fazer isso, o revendedor decidir\u00e1&nbsp;reduzir o n\u00famero&nbsp;de artigos oferecidos aos seus clientes para aumentar&nbsp;a taxa de entrega.<\/p>\n\n\n\n<ul class=\"wp-block-list\">\n<li><strong>2 &#8211; Envio r\u00e1pido<\/strong><\/li>\n<\/ul>\n\n\n\n<p>Estes s\u00e3o produtos de nosso pr\u00f3prio estoque, prontos na Log\u00edstica que tamb\u00e9m usamos como armaz\u00e9m (Delledonne&nbsp;e-commerce logistic)&nbsp;https:\/\/www.delledonne.it\/logistica-per-l-ecommerce.cfm&nbsp;. O envio \u00e9 feito em 24h &#8211; 48h, se encomendado na parte da manh\u00e3 (Hor\u00e1rio da Europa Central), geralmente s\u00e3o enviados at\u00e9 no mesmo dia. A rela\u00e7\u00e3o &#8220;encomendado VS entregue&#8221; \u00e9 superior a 99,9%.<\/p>\n\n\n\n<p>Vendedores que usam marketplaces externos &nbsp;(Amazon, eBay etc.) em vez de seus pr\u00f3prios sites, sugerimos cruzar os valores da coluna &nbsp;M (id_supplier) e da coluna P (speed_shipping) para obter uma melhor % de entrega.<\/p>\n\n\n\n<p>Estamos \u00e0 disposi\u00e7\u00e3o para oferecer sugest\u00f5es sobre como filtrar dados cruzados com base nas necessidades de cada cliente.<\/p>\n<\/div><\/div>\n<\/div><\/div>\n\n\n\n<div class=\"inherit-container-width wp-block-group alignfull has-background is-layout-constrained wp-block-group-is-layout-constrained\" style=\"background-color:#fae4d6\"><div class=\"wp-block-group__inner-container\">\n<h3 class=\"has-text-align-center wp-block-heading\">AINDA D\u00daVIDAS?<\/h3>\n\n\n\n<p class=\"has-text-align-center\">Confira as perguntas frequentes ou fale com um de n\u00f3s<\/p>\n\n\n\n<div class=\"wp-block-columns is-layout-flex wp-container-core-columns-is-layout-1 wp-block-columns-is-layout-flex\">\n<div class=\"wp-block-column is-vertically-aligned-center is-layout-flow wp-block-column-is-layout-flow\">\n<div class=\"wp-block-buttons is-horizontal is-content-justification-center is-layout-flex wp-container-core-buttons-is-layout-2 wp-block-buttons-is-layout-flex\">\n<div class=\"wp-block-button is-style-outline is-style-outline--1\"><a class=\"wp-block-button__link has-text-color\" href=\"\/pt-pt\/faq\" style=\"color:#e5742e\">VISITE O FAQ<\/a><\/div>\n\n\n\n<div class=\"wp-block-button is-style-fill\"><a class=\"wp-block-button__link\" href=\"\/pt-pt\/contatos\">CONTATOS<\/a><\/div>\n<\/div>\n<\/div>\n<\/div>\n<\/div><\/div>\n","protected":false},"excerpt":{"rendered":"<p>O nosso cat\u00e1logo pode ser descarregado manualmente (exporta\u00e7\u00e3o de ficheiro CSV, XML, JSON file incluindo link para imagens) ou automaticamente (integra\u00e7\u00e3o API, actualiza\u00e7\u00e3o em tempo real). Cada artigo tem a seguinte informa\u00e7\u00e3o: e os seguintes campos opcionais: Veja abaixo as principais diferen\u00e7as entre nossos sistemas de integra\u00e7\u00e3o: INTEGRA\u00c7\u00c3O API \u00c9 um fluxo de dados bi-direccional [&hellip;]<\/p>\n","protected":false},"author":1,"featured_media":0,"parent":0,"menu_order":0,"comment_status":"closed","ping_status":"closed","template":"","meta":{"inline_featured_image":false,"site-sidebar-layout":"default","site-content-layout":"plain-container","ast-site-content-layout":"normal-width-container","site-content-style":"unboxed","site-sidebar-style":"unboxed","ast-global-header-display":"","ast-banner-title-visibility":"","ast-main-header-display":"","ast-hfb-above-header-display":"","ast-hfb-below-header-display":"","ast-hfb-mobile-header-display":"","site-post-title":"disabled","ast-breadcrumbs-content":"","ast-featured-img":"","footer-sml-layout":"","theme-transparent-header-meta":"default","adv-header-id-meta":"","stick-header-meta":"","header-above-stick-meta":"","header-main-stick-meta":"","header-below-stick-meta":"","astra-migrate-meta-layouts":"set","ast-page-background-enabled":"default","ast-page-background-meta":{"desktop":{"background-color":"","background-image":"","background-repeat":"repeat","background-position":"center center","background-size":"auto","background-attachment":"scroll","background-type":"","background-media":"","overlay-type":"","overlay-color":"","overlay-opacity":"","overlay-gradient":""},"tablet":{"background-color":"","background-image":"","background-repeat":"repeat","background-position":"center center","background-size":"auto","background-attachment":"scroll","background-type":"","background-media":"","overlay-type":"","overlay-color":"","overlay-opacity":"","overlay-gradient":""},"mobile":{"background-color":"","background-image":"","background-repeat":"repeat","background-position":"center center","background-size":"auto","background-attachment":"scroll","background-type":"","background-media":"","overlay-type":"","overlay-color":"","overlay-opacity":"","overlay-gradient":""}},"ast-content-background-meta":{"desktop":{"background-color":"var(--ast-global-color-5)","background-image":"","background-repeat":"repeat","background-position":"center center","background-size":"auto","background-attachment":"scroll","background-type":"","background-media":"","overlay-type":"","overlay-color":"","overlay-opacity":"","overlay-gradient":""},"tablet":{"background-color":"var(--ast-global-color-5)","background-image":"","background-repeat":"repeat","background-position":"center center","background-size":"auto","background-attachment":"scroll","background-type":"","background-media":"","overlay-type":"","overlay-color":"","overlay-opacity":"","overlay-gradient":""},"mobile":{"background-color":"var(--ast-global-color-5)","background-image":"","background-repeat":"repeat","background-position":"center center","background-size":"auto","background-attachment":"scroll","background-type":"","background-media":"","overlay-type":"","overlay-color":"","overlay-opacity":"","overlay-gradient":""}},"footnotes":""},"class_list":["post-1320","page","type-page","status-publish","hentry"],"_links":{"self":[{"href":"https:\/\/dropshippingb2b.com\/pt-pt\/wp-json\/wp\/v2\/pages\/1320","targetHints":{"allow":["GET"]}}],"collection":[{"href":"https:\/\/dropshippingb2b.com\/pt-pt\/wp-json\/wp\/v2\/pages"}],"about":[{"href":"https:\/\/dropshippingb2b.com\/pt-pt\/wp-json\/wp\/v2\/types\/page"}],"author":[{"embeddable":true,"href":"https:\/\/dropshippingb2b.com\/pt-pt\/wp-json\/wp\/v2\/users\/1"}],"replies":[{"embeddable":true,"href":"https:\/\/dropshippingb2b.com\/pt-pt\/wp-json\/wp\/v2\/comments?post=1320"}],"version-history":[{"count":8,"href":"https:\/\/dropshippingb2b.com\/pt-pt\/wp-json\/wp\/v2\/pages\/1320\/revisions"}],"predecessor-version":[{"id":8222,"href":"https:\/\/dropshippingb2b.com\/pt-pt\/wp-json\/wp\/v2\/pages\/1320\/revisions\/8222"}],"wp:attachment":[{"href":"https:\/\/dropshippingb2b.com\/pt-pt\/wp-json\/wp\/v2\/media?parent=1320"}],"curies":[{"name":"wp","href":"https:\/\/api.w.org\/{rel}","templated":true}]}}