{"id":1013,"date":"2021-07-07T14:07:30","date_gmt":"2021-07-07T14:07:30","guid":{"rendered":"https:\/\/dsb2b.assemblyweb.net\/services"},"modified":"2024-02-07T16:37:58","modified_gmt":"2024-02-07T15:37:58","slug":"servicos","status":"publish","type":"page","link":"https:\/\/dropshippingb2b.com\/pt-pt\/servicos","title":{"rendered":"Os nossos servi\u00e7os"},"content":{"rendered":"\n<div class=\"wp-block-cover alignfull\" style=\"min-height:350px;aspect-ratio:unset;\"><span aria-hidden=\"true\" class=\"wp-block-cover__background has-background-dim-0 has-background-dim\"><\/span><img loading=\"lazy\" decoding=\"async\" width=\"1200\" height=\"1600\" class=\"wp-block-cover__image-background wp-image-2834\" alt=\"\" src=\"https:\/\/dropshippingb2b.com\/wp-content\/uploads\/2022\/01\/wwtech-portada-duotone.jpg\" data-object-fit=\"cover\" srcset=\"https:\/\/dropshippingb2b.com\/wp-content\/uploads\/2022\/01\/wwtech-portada-duotone.jpg 1200w, https:\/\/dropshippingb2b.com\/wp-content\/uploads\/2022\/01\/wwtech-portada-duotone-225x300.jpg 225w, https:\/\/dropshippingb2b.com\/wp-content\/uploads\/2022\/01\/wwtech-portada-duotone-768x1024.jpg 768w, https:\/\/dropshippingb2b.com\/wp-content\/uploads\/2022\/01\/wwtech-portada-duotone-1152x1536.jpg 1152w, https:\/\/dropshippingb2b.com\/wp-content\/uploads\/2022\/01\/wwtech-portada-duotone-300x400.jpg 300w\" sizes=\"auto, (max-width: 1200px) 100vw, 1200px\" \/><div class=\"wp-block-cover__inner-container is-layout-flow wp-block-cover-is-layout-flow\">\n<h2 class=\"wp-block-heading has-text-color has-huge-font-size\" style=\"color:#ffffff\">Os nossos servi\u00e7os<\/h2>\n<\/div><\/div>\n\n\n\n<div class=\"inherit-container-width wp-block-group alignfull has-background is-layout-constrained wp-block-group-is-layout-constrained\" style=\"background-color:#f6f6f6\"><div class=\"wp-block-group__inner-container\">\n<div class=\"inherit-container-width wp-block-group mt--50 has-background is-layout-constrained wp-block-group-is-layout-constrained\" style=\"background-color:#ffffff\"><div class=\"wp-block-group__inner-container\">\n<p class=\"has-text-align-center\">WWTech s.r.l. em parceria com Marcas Para Revenda, oferece-lhe a possibilidade de vender mais de 100 marcas de rel\u00f3gios e j\u00f3ias sem que tenha necessidade de ter stock, com envio para si ou direto para os seus clientes!<\/p>\n\n\n\n<div style=\"height:30px\" aria-hidden=\"true\" class=\"wp-block-spacer\"><\/div>\n\n\n\n<figure class=\"wp-block-image aligncenter size-full is-resized\"><img loading=\"lazy\" decoding=\"async\" src=\"https:\/\/dropshippingb2b.com\/wp-content\/uploads\/2022\/01\/ds_dataflow_it.png\" alt=\"\" class=\"wp-image-2944\" width=\"180\" height=\"170\"\/><\/figure>\n\n\n\n<h4 class=\"wp-block-heading has-text-align-center\">DATA FLOW:<\/h4>\n\n\n\n<h4 class=\"wp-block-heading has-text-align-center\"><strong>&nbsp;INTEGRA\u00c7\u00c3O DE CAT\u00c1LOGO (50\u20ac mensais &#8211; Pagamento trimestral)<\/strong><\/h4>\n\n\n\n<p class=\"has-text-align-center\">Com esta subscri\u00e7\u00e3o, o revendedor tem acesso ao fluxo de dados do cat\u00e1logo completo (refer\u00eancias, nomes, pre\u00e7os, imagens). Poder\u00e1 assim oferecer no seu site todos os produtos que desejar, de entre as mais de 100 marcas de rel\u00f3gios e j\u00f3ias que MarcasparaRevenda.com oferece.<\/p>\n\n\n\n<div style=\"height:30px\" aria-hidden=\"true\" class=\"wp-block-spacer\"><\/div>\n\n\n\n<div class=\"wp-block-columns is-layout-flex wp-container-core-columns-is-layout-1 wp-block-columns-is-layout-flex\">\n<div class=\"wp-block-column is-layout-flow wp-block-column-is-layout-flow\">\n<h5 class=\"wp-block-heading has-text-align-center\">Data flow<\/h5>\n\n\n\n<p class=\"has-text-align-center\">atualizado com todos os produtos dispon\u00edveis em MarcasparaRevenda.com<\/p>\n<\/div>\n\n\n\n<div class=\"wp-block-column is-layout-flow wp-block-column-is-layout-flow\">\n<h5 class=\"wp-block-heading has-text-align-center\">Handling discount<\/h5>\n\n\n\n<p class=\"has-text-align-center\"><strong>50% desconto<\/strong>&nbsp;na taxa log\u00edstica.<br>*Nota explicativa: a taxa log\u00edstica \u00e9 cobrada apenas em encomendas inferiores a 300\u20ac. Quando as suas encomendas chegam a 300\u20ac, a taxa log\u00edsica \u00e9 sempre zero. Para mais informa\u00e7\u00e3o por favor consultar http:\/\/www.marcaspararevenda.com &#8211; INFO.<\/p>\n<\/div>\n\n\n\n<div class=\"wp-block-column is-layout-flow wp-block-column-is-layout-flow\">\n<h5 class=\"wp-block-heading has-text-align-center\"><strong><strong>Servi\u00e7o Gratu\u00edto<\/strong><\/strong><\/h5>\n\n\n\n<p class=\"has-text-align-center\"><strong>n\u00e3o paga os 50\u20ac mensais!&nbsp;<\/strong>A regra \u00e9 simples: encomende 3000\u20ac por trimestre em&nbsp;<a href=\"http:\/\/www.marcaspararevenda.com\/\">http:\/\/www.marcaspararevenda.com<\/a>&nbsp;e a WWTech credita-lhe o valor pago de 50\u20ac mensais pelo servi\u00e7o disponbilizado. Pode fazer 1000\u20ac mensais ou 3000\u20ac num s\u00f3 m\u00eas.*<\/p>\n<\/div>\n<\/div>\n\n\n\n<div style=\"height:30px\" aria-hidden=\"true\" class=\"wp-block-spacer\"><\/div>\n\n\n\n<p><em>*Valores l\u00edquidos de compra de produto<\/em><br><em>Custo de envio para a sua loja: varia em fun\u00e7\u00e3o do peso. Sugerimos um teste depois de efetuar o log in em&nbsp;<a href=\"http:\/\/www.marcaspararevenda.com\/\">http:\/\/www.marcaspararevenda.com<\/a>.<\/em><\/p>\n\n\n\n<div style=\"height:30px\" aria-hidden=\"true\" class=\"wp-block-spacer\"><\/div>\n\n\n\n<div class=\"wp-block-buttons is-horizontal is-content-justification-center is-layout-flex wp-container-core-buttons-is-layout-1 wp-block-buttons-is-layout-flex\">\n<div class=\"wp-block-button\"><a class=\"wp-block-button__link wp-element-button\" href=\"\/checkout\/?add-to-cart=2444&amp;quantity=1\">SUBSCREVA J\u00c1!<\/a><\/div>\n<\/div>\n\n\n\n<div style=\"height:30px\" aria-hidden=\"true\" class=\"wp-block-spacer\"><\/div>\n<\/div><\/div>\n<\/div><\/div>\n\n\n\n<div class=\"inherit-container-width wp-block-group alignfull has-background is-layout-constrained wp-block-group-is-layout-constrained\" style=\"background-color:#f6f6f6\"><div class=\"wp-block-group__inner-container\">\n<div class=\"inherit-container-width wp-block-group mt--100 has-background is-layout-constrained wp-block-group-is-layout-constrained\" style=\"background-color:#ffffff\"><div class=\"wp-block-group__inner-container\">\n<div style=\"height:30px\" aria-hidden=\"true\" class=\"wp-block-spacer\"><\/div>\n\n\n\n<figure class=\"wp-block-image aligncenter size-full is-resized\"><img loading=\"lazy\" decoding=\"async\" src=\"https:\/\/dropshippingb2b.com\/wp-content\/uploads\/2022\/01\/ds_dropshipping.png\" alt=\"\" class=\"wp-image-2972\" width=\"180\" height=\"170\"\/><\/figure>\n\n\n\n<h4 class=\"wp-block-heading has-text-align-center\">DROPSHIPPING:<\/h4>\n\n\n\n<h5 class=\"wp-block-heading has-text-align-center\"><strong><strong><strong><strong>INTEGRA\u00c7\u00c3O CAT\u00c1LOGO&nbsp;+&nbsp;DROPSHIPPING&nbsp;&nbsp;(100\u20ac mensais &#8211; Pagamento trimestral)<\/strong><\/strong><\/strong><\/strong><\/h5>\n\n\n\n<p class=\"has-text-align-center\">Este servi\u00e7o&nbsp; permite n\u00e3o apenas ter acesso a todo o stock mas tamb\u00e9m automatizar todo o processo de encomendas. Com este servi\u00e7o tem acesso ao cat\u00e1logo de produtos e tamb\u00e9m ao servi\u00e7o de&nbsp;<strong>dropshipping.<\/strong><\/p>\n\n\n\n<p class=\"has-text-align-center\">WWwtech oferece-lhe um software espec\u00edfico onde efetuar as suas encomendas, a enviar os cliente final. Marcas para Revenda ou os seus dados, nunca s\u00e3o revelados. Pode ainda personalizar o seu envio, fazer uploads de ficheiros, entre outras possibilidades.<\/p>\n\n\n\n<div style=\"height:30px\" aria-hidden=\"true\" class=\"wp-block-spacer\"><\/div>\n\n\n\n<div class=\"wp-block-columns is-layout-flex wp-container-core-columns-is-layout-2 wp-block-columns-is-layout-flex\">\n<div class=\"wp-block-column is-layout-flow wp-block-column-is-layout-flow\">\n<h5 class=\"wp-block-heading has-text-align-center\">Items data flow<\/h5>\n\n\n\n<p class=\"has-text-align-center\">atualizado com todos os produtos dispon\u00edveis em MarcasparaRevenda.com<\/p>\n<\/div>\n\n\n\n<div class=\"wp-block-column is-layout-flow wp-block-column-is-layout-flow\">\n<h5 class=\"wp-block-heading has-text-align-center\"><strong>100% desconto na Taxa log\u00edstica<\/strong><\/h5>\n\n\n\n<p class=\"has-text-align-center\">Com este servi\u00e7o, mesmo que as suas encomendas num atinjam o valor de 300\u20ac, n\u00e3o se ter\u00e1 de preocupar com o valor da taxa log\u00edstica. Pagar\u00e1 apenas o valor do produto + portes + seguro (1%).<\/p>\n<\/div>\n\n\n\n<div class=\"wp-block-column is-layout-flow wp-block-column-is-layout-flow\">\n<h5 class=\"wp-block-heading has-text-align-center\"><strong>Servi\u00e7o Gratu\u00edto<\/strong><\/h5>\n\n\n\n<p class=\"has-text-align-center\"><strong>n\u00e3o paga os 100\u20ac mensais!&nbsp;<\/strong>A regra \u00e9 simples: encomende 6000\u20ac por trimestre em&nbsp;<a href=\"http:\/\/www.marcaspararevenda.com\/\">http:\/\/www.marcaspararevenda.com<\/a>&nbsp;e a WWTech credita-lhe o valor pago de 100\u20ac mensais pelo servi\u00e7o disponbilizado. Pode fazer 2000\u20ac mensais ou 6000\u20ac num s\u00f3 m\u00eas.*<\/p>\n<\/div>\n<\/div>\n\n\n\n<div class=\"wp-block-columns is-layout-flex wp-container-core-columns-is-layout-3 wp-block-columns-is-layout-flex\">\n<div class=\"wp-block-column is-layout-flow wp-block-column-is-layout-flow\">\n<h5 class=\"wp-block-heading has-text-align-center\">Uma plataforma<\/h5>\n\n\n\n<p class=\"has-text-align-center\">para gerir as encomendas recebidas dos seus clientes finais com um \u00fanico pedido ao fornecedor.<\/p>\n<\/div>\n\n\n\n<div class=\"wp-block-column is-layout-flow wp-block-column-is-layout-flow\">\n<h5 class=\"wp-block-heading has-text-align-center\"><strong>Reservar produtos<\/strong><\/h5>\n\n\n\n<p class=\"has-text-align-center\">ao inserir artigos no carrinho &#8211; atrav\u00e9s do modo API manual ou autom\u00e1tica &#8211;&nbsp;<strong>estes s\u00e3o imediatamente removidos do nosso cat\u00e1logo.<\/strong>&nbsp;No caso de modifica\u00e7\u00e3o ou cancelamento de um ou mais artigos, estes ser\u00e3o automaticamente repostos no sistema.<\/p>\n<\/div>\n\n\n\n<div class=\"wp-block-column is-layout-flow wp-block-column-is-layout-flow\"><\/div>\n<\/div>\n\n\n\n<div class=\"wp-block-columns is-layout-flex wp-container-core-columns-is-layout-4 wp-block-columns-is-layout-flex\">\n<div class=\"wp-block-column is-layout-flow wp-block-column-is-layout-flow\"><\/div>\n\n\n\n<div class=\"wp-block-column is-layout-flow wp-block-column-is-layout-flow\">\n<h5 class=\"wp-block-heading has-text-align-center\"><strong>free service<\/strong><\/h5>\n\n\n\n<p class=\"has-text-align-center\">&nbsp;with only 2.000,00\u20ac* month sales, at the end of the quarter, you will receive a refund on purchased goods&nbsp;equal to subscribed service cost (300,00\u20ac\/ net per quarter)<\/p>\n<\/div>\n\n\n\n<div class=\"wp-block-column is-layout-flow wp-block-column-is-layout-flow\"><\/div>\n<\/div>\n\n\n\n<div style=\"height:30px\" aria-hidden=\"true\" class=\"wp-block-spacer\"><\/div>\n\n\n\n<p><em><em>*Valores l\u00edquidos de compra de produto<\/em><br><em>Custo de envio para a sua loja: varia em fun\u00e7\u00e3o do peso. Sugerimos um teste depois de efetuar o log in em&nbsp;<a href=\"http:\/\/www.marcaspararevenda.com\/\">http:\/\/www.marcaspararevenda.com<\/a>.<\/em><\/em><\/p>\n\n\n\n<div style=\"height:30px\" aria-hidden=\"true\" class=\"wp-block-spacer\"><\/div>\n\n\n\n<div class=\"wp-block-buttons is-horizontal is-content-justification-center is-layout-flex wp-container-core-buttons-is-layout-2 wp-block-buttons-is-layout-flex\">\n<div class=\"wp-block-button is-style-fill\"><a class=\"wp-block-button__link wp-element-button\" href=\"\/checkout\/?add-to-cart=2483&amp;quantity=1\">SUBSCREVA J\u00c1!<\/a><\/div>\n<\/div>\n\n\n\n<div style=\"height:30px\" aria-hidden=\"true\" class=\"wp-block-spacer\"><\/div>\n<\/div><\/div>\n<\/div><\/div>\n\n\n\n<div class=\"inherit-container-width wp-block-group alignfull has-background is-layout-constrained wp-block-group-is-layout-constrained\" style=\"background-color:#f6f6f6\"><div class=\"wp-block-group__inner-container\">\n<div class=\"inherit-container-width wp-block-group mt--100 has-background is-layout-constrained wp-block-group-is-layout-constrained\" style=\"background-color:#ffffff\"><div class=\"wp-block-group__inner-container\">\n<figure class=\"wp-block-image aligncenter size-full is-resized\"><img loading=\"lazy\" decoding=\"async\" src=\"https:\/\/dropshippingb2b.com\/wp-content\/uploads\/2022\/01\/ds_enterprise.png\" alt=\"\" class=\"wp-image-2985\" width=\"180\" height=\"170\"\/><\/figure>\n\n\n\n<h4 class=\"wp-block-heading has-text-align-center\">ENTREPRISE:<\/h4>\n\n\n\n<p class=\"has-text-align-center\">Servi\u00e7o exclusivo dedicado a desenvolver o marketing multi n\u00edvel para venda de fluxos de dados.<\/p>\n\n\n\n<div style=\"height:30px\" aria-hidden=\"true\" class=\"wp-block-spacer\"><\/div>\n\n\n\n<div class=\"wp-block-buttons is-horizontal is-content-justification-center is-layout-flex wp-container-core-buttons-is-layout-3 wp-block-buttons-is-layout-flex\">\n<div class=\"wp-block-button\"><a class=\"wp-block-button__link wp-element-button\" href=\"mailto:info@wwtech.it?subject=ENTERPRISE DROPSHIPPING INFORMATION\">Contacte-nos para mais informa\u00e7\u00f5es!<\/a><\/div>\n<\/div>\n\n\n\n<div style=\"height:30px\" aria-hidden=\"true\" class=\"wp-block-spacer\"><\/div>\n<\/div><\/div>\n\n\n\n<div class=\"inherit-container-width wp-block-group is-layout-constrained wp-block-group-is-layout-constrained\"><div class=\"wp-block-group__inner-container\">\n<div class=\"wp-block-columns is-layout-flex wp-container-core-columns-is-layout-5 wp-block-columns-is-layout-flex\">\n<div class=\"wp-block-column flussodati-box has-background is-layout-flow wp-block-column-is-layout-flow\" style=\"background-color:#ffffff\">\n<div style=\"height:47px\" aria-hidden=\"true\" class=\"wp-block-spacer\"><\/div>\n\n\n\n<h4 class=\"wp-block-heading has-text-align-center has-text-color\" style=\"color:#009065\"><strong>DATA FLOW<\/strong><\/h4>\n\n\n\n<figure class=\"wp-block-image aligncenter size-full is-resized\"><img loading=\"lazy\" decoding=\"async\" src=\"https:\/\/dropshippingb2b.com\/wp-content\/uploads\/2022\/09\/ds_dataflow.png\" alt=\"\" class=\"wp-image-5407\" width=\"140\" height=\"135\" srcset=\"https:\/\/dropshippingb2b.com\/wp-content\/uploads\/2022\/09\/ds_dataflow.png 700w, https:\/\/dropshippingb2b.com\/wp-content\/uploads\/2022\/09\/ds_dataflow-300x288.png 300w\" sizes=\"auto, (max-width: 140px) 100vw, 140px\" \/><\/figure>\n\n\n\n<h2 class=\"wp-block-heading has-text-align-center services-price has-huge-font-size\">\u20ac 50<\/h2>\n\n\n\n<h5 class=\"wp-block-heading has-text-align-center services-month has-text-color\" style=\"color:#666666\">ao m\u00e8s<\/h5>\n\n\n\n<ul class=\"wp-block-list\">\n<li>Fluxo de dados*<\/li>\n<\/ul>\n\n\n\n<ul class=\"wp-block-list\">\n<li>Software de Dropshipping<\/li>\n<\/ul>\n\n\n\n<ul class=\"wp-block-list\">\n<li>Taxa log\u00edstica** 50%<\/li>\n<\/ul>\n\n\n\n<ul class=\"wp-block-list\">\n<li>Envio priorit\u00e1rio: N\/D<br><\/li>\n\n\n\n<li><strong>GR\u00c1TIS<\/strong> c\/V.Compras 1.000 \u20ac<\/li>\n<\/ul>\n\n\n\n<div style=\"height:15px\" aria-hidden=\"true\" class=\"wp-block-spacer\"><\/div>\n\n\n\n<div class=\"wp-block-buttons is-horizontal is-content-justification-center is-layout-flex wp-container-core-buttons-is-layout-4 wp-block-buttons-is-layout-flex\">\n<div class=\"wp-block-button\"><a class=\"wp-block-button__link wp-element-button\" href=\"\/it\/checkout\/?add-to-cart=2444&amp;quantity=1\">SUBSCREVA J\u00c1!<\/a><\/div>\n<\/div>\n\n\n\n<div style=\"height:30px\" aria-hidden=\"true\" class=\"wp-block-spacer\"><\/div>\n<\/div>\n\n\n\n<div class=\"wp-block-column dropshipping-box has-background is-layout-flow wp-block-column-is-layout-flow\" style=\"background-color:#ffffff\">\n<h4 class=\"wp-block-heading has-text-align-center services-piuvenduto has-text-color has-background\" style=\"color:#ffffff;background-color:#e5742e\"><strong>BEST SELLER<\/strong><\/h4>\n\n\n\n<h4 class=\"wp-block-heading has-text-align-center has-text-color\" style=\"color:#e5742e\"><strong>DROPSHIPPING<\/strong><\/h4>\n\n\n\n<figure class=\"wp-block-image aligncenter size-full is-resized\"><img loading=\"lazy\" decoding=\"async\" src=\"https:\/\/dropshippingb2b.com\/wp-content\/uploads\/2022\/01\/ds_dropshipping.png\" alt=\"\" class=\"wp-image-2972\" width=\"140\" height=\"135\" srcset=\"https:\/\/dropshippingb2b.com\/wp-content\/uploads\/2022\/01\/ds_dropshipping.png 700w, https:\/\/dropshippingb2b.com\/wp-content\/uploads\/2022\/01\/ds_dropshipping-300x288.png 300w\" sizes=\"auto, (max-width: 140px) 100vw, 140px\" \/><\/figure>\n\n\n\n<h2 class=\"wp-block-heading has-text-align-center services-price has-huge-font-size\">\u20ac 100<\/h2>\n\n\n\n<h5 class=\"wp-block-heading has-text-align-center services-month has-text-color\" style=\"color:#666666\">ao m\u00e8s<\/h5>\n\n\n\n<ul class=\"wp-block-list\">\n<li>Fluxo de dados*<\/li>\n<\/ul>\n\n\n\n<ul class=\"wp-block-list\">\n<li>Software de Dropshipping<\/li>\n<\/ul>\n\n\n\n<ul class=\"wp-block-list\">\n<li>Taxa log\u00edstica** 0%<\/li>\n<\/ul>\n\n\n\n<ul class=\"wp-block-list\">\n<li>Envio priorit\u00e1rio: N\/D<\/li>\n<\/ul>\n\n\n\n<ul class=\"wp-block-list\">\n<li><strong><strong>GR\u00c1TIS<\/strong> <\/strong>c\/V.Compras 2.000 \u20ac<\/li>\n<\/ul>\n\n\n\n<div style=\"height:15px\" aria-hidden=\"true\" class=\"wp-block-spacer\"><\/div>\n\n\n\n<div class=\"wp-block-buttons is-horizontal is-content-justification-center is-layout-flex wp-container-core-buttons-is-layout-5 wp-block-buttons-is-layout-flex\">\n<div class=\"wp-block-button\"><a class=\"wp-block-button__link wp-element-button\" href=\"https:\/\/dropshippingb2b.com\/it\/checkout\/?add-to-cart=2483&amp;quantity=1\">SUBSCREVA J\u00c1!<\/a><\/div>\n<\/div>\n\n\n\n<div style=\"height:30px\" aria-hidden=\"true\" class=\"wp-block-spacer\"><\/div>\n<\/div>\n\n\n\n<div class=\"wp-block-column enterprise-box has-background is-layout-flow wp-block-column-is-layout-flow\" style=\"background-color:#ffffff\">\n<div style=\"height:47px\" aria-hidden=\"true\" class=\"wp-block-spacer\"><\/div>\n\n\n\n<h4 class=\"wp-block-heading has-text-align-center has-text-color\" style=\"color:#183c7d\"><strong>ENTERPRISE<\/strong><\/h4>\n\n\n\n<figure class=\"wp-block-image aligncenter size-full is-resized\"><img loading=\"lazy\" decoding=\"async\" src=\"https:\/\/dropshippingb2b.com\/wp-content\/uploads\/2022\/01\/ds_enterprise.png\" alt=\"\" class=\"wp-image-2985\" width=\"140\" height=\"135\" srcset=\"https:\/\/dropshippingb2b.com\/wp-content\/uploads\/2022\/01\/ds_enterprise.png 700w, https:\/\/dropshippingb2b.com\/wp-content\/uploads\/2022\/01\/ds_enterprise-300x288.png 300w\" sizes=\"auto, (max-width: 140px) 100vw, 140px\" \/><\/figure>\n\n\n\n<div style=\"height:100px\" aria-hidden=\"true\" class=\"wp-block-spacer hide-mobile\"><\/div>\n\n\n\n<p class=\"has-text-align-center\">Servi\u00e7o exclusivo dedicado a desenvolver o marketing multi n\u00edvel para venda de fluxos de dados.<\/p>\n\n\n\n<div style=\"height:189px\" aria-hidden=\"true\" class=\"wp-block-spacer hide-mobile\"><\/div>\n\n\n\n<div class=\"wp-block-buttons is-horizontal is-content-justification-center is-layout-flex wp-container-core-buttons-is-layout-6 wp-block-buttons-is-layout-flex\">\n<div class=\"wp-block-button\"><a class=\"wp-block-button__link wp-element-button\" href=\"mailto:info@wwtech.it?subject=ENTERPRISE DROPSHIPPING INFORMATION\">Contacte-nos<\/a><\/div>\n<\/div>\n\n\n\n<div style=\"height:30px\" aria-hidden=\"true\" class=\"wp-block-spacer\"><\/div>\n<\/div>\n<\/div>\n<\/div><\/div>\n\n\n\n<div class=\"inherit-container-width wp-block-group has-background is-layout-constrained wp-block-group-is-layout-constrained\" style=\"background-color:#ffffff\"><div class=\"wp-block-group__inner-container\">\n<p class=\"has-text-align-center\">* Cat\u00e1logo disponibilizado nos seguintes formatos:&nbsp; CSV, XML, JSON ou API&nbsp;<br>**De acordo com as condi\u00e7\u00f5es de revenda<\/p>\n<\/div><\/div>\n\n\n\n<div style=\"height:30px\" aria-hidden=\"true\" class=\"wp-block-spacer\"><\/div>\n\n\n\n<div class=\"inherit-container-width wp-block-group is-layout-constrained wp-block-group-is-layout-constrained\"><div class=\"wp-block-group__inner-container\">\n<div class=\"wp-block-media-text alignwide has-media-on-the-right is-stacked-on-mobile has-white-background-color has-background\"><div class=\"wp-block-media-text__content\">\n<p>Aqui pode consultar o contrato de ades\u00e3o do servi\u00e7o de dropshipping.<\/p>\n\n\n\n<div class=\"wp-block-buttons is-layout-flex wp-block-buttons-is-layout-flex\">\n<div class=\"wp-block-button is-style-fill\"><a class=\"wp-block-button__link wp-element-button\" href=\"https:\/\/dropshippingb2b.com\/wp-content\/uploads\/2024\/02\/ultimo-contratto-DS-ENG.pdf\" target=\"_blank\" rel=\"noreferrer noopener\">BAIXE O CONTRATO<\/a><\/div>\n<\/div>\n<\/div><figure class=\"wp-block-media-text__media\"><img loading=\"lazy\" decoding=\"async\" width=\"745\" height=\"367\" src=\"https:\/\/dropshippingb2b.com\/wp-content\/uploads\/2022\/08\/contratto.png\" alt=\"\" class=\"wp-image-3952 size-full\" srcset=\"https:\/\/dropshippingb2b.com\/wp-content\/uploads\/2022\/08\/contratto.png 745w, https:\/\/dropshippingb2b.com\/wp-content\/uploads\/2022\/08\/contratto-300x148.png 300w\" sizes=\"auto, (max-width: 745px) 100vw, 745px\" \/><\/figure><\/div>\n<\/div><\/div>\n<\/div><\/div>\n\n\n\n<div class=\"inherit-container-width wp-block-group alignfull has-background is-layout-constrained wp-block-group-is-layout-constrained\" style=\"background-color:#fae4d6\"><div class=\"wp-block-group__inner-container\">\n<h3 class=\"has-text-align-center wp-block-heading\">AINDA D\u00daVIDAS?<\/h3>\n\n\n\n<p class=\"has-text-align-center\">Confira as perguntas frequentes ou fale com um de n\u00f3s<\/p>\n\n\n\n<div class=\"wp-block-columns is-layout-flex wp-container-core-columns-is-layout-6 wp-block-columns-is-layout-flex\">\n<div class=\"wp-block-column is-vertically-aligned-center is-layout-flow wp-block-column-is-layout-flow\">\n<div class=\"wp-block-buttons is-horizontal is-content-justification-center is-layout-flex wp-container-core-buttons-is-layout-8 wp-block-buttons-is-layout-flex\">\n<div class=\"wp-block-button is-style-outline is-style-outline--1\"><a class=\"wp-block-button__link has-text-color\" href=\"\/pt-pt\/faq\" style=\"color:#e5742e\">VISITE O FAQ<\/a><\/div>\n\n\n\n<div class=\"wp-block-button is-style-fill\"><a class=\"wp-block-button__link\" href=\"\/pt-pt\/contatos\">CONTATOS<\/a><\/div>\n<\/div>\n<\/div>\n<\/div>\n<\/div><\/div>\n","protected":false},"excerpt":{"rendered":"<p>WWTech s.r.l. em parceria com Marcas Para Revenda, oferece-lhe a possibilidade de vender mais de 100 marcas de rel\u00f3gios e j\u00f3ias sem que tenha necessidade de ter stock, com envio para si ou direto para os seus clientes! DATA FLOW: &nbsp;INTEGRA\u00c7\u00c3O DE CAT\u00c1LOGO (50\u20ac mensais &#8211; Pagamento trimestral) Com esta subscri\u00e7\u00e3o, o revendedor tem acesso [&hellip;]<\/p>\n","protected":false},"author":1,"featured_media":0,"parent":0,"menu_order":0,"comment_status":"closed","ping_status":"closed","template":"","meta":{"inline_featured_image":false,"site-sidebar-layout":"default","site-content-layout":"plain-container","ast-site-content-layout":"","site-content-style":"default","site-sidebar-style":"default","ast-global-header-display":"","ast-banner-title-visibility":"","ast-main-header-display":"","ast-hfb-above-header-display":"","ast-hfb-below-header-display":"","ast-hfb-mobile-header-display":"","site-post-title":"disabled","ast-breadcrumbs-content":"","ast-featured-img":"","footer-sml-layout":"","theme-transparent-header-meta":"default","adv-header-id-meta":"","stick-header-meta":"","header-above-stick-meta":"","header-main-stick-meta":"","header-below-stick-meta":"","astra-migrate-meta-layouts":"default","ast-page-background-enabled":"default","ast-page-background-meta":{"desktop":{"background-color":"","background-image":"","background-repeat":"repeat","background-position":"center center","background-size":"auto","background-attachment":"scroll","background-type":"","background-media":"","overlay-type":"","overlay-color":"","overlay-opacity":"","overlay-gradient":""},"tablet":{"background-color":"","background-image":"","background-repeat":"repeat","background-position":"center center","background-size":"auto","background-attachment":"scroll","background-type":"","background-media":"","overlay-type":"","overlay-color":"","overlay-opacity":"","overlay-gradient":""},"mobile":{"background-color":"","background-image":"","background-repeat":"repeat","background-position":"center center","background-size":"auto","background-attachment":"scroll","background-type":"","background-media":"","overlay-type":"","overlay-color":"","overlay-opacity":"","overlay-gradient":""}},"ast-content-background-meta":{"desktop":{"background-color":"var(--ast-global-color-5)","background-image":"","background-repeat":"repeat","background-position":"center center","background-size":"auto","background-attachment":"scroll","background-type":"","background-media":"","overlay-type":"","overlay-color":"","overlay-opacity":"","overlay-gradient":""},"tablet":{"background-color":"var(--ast-global-color-5)","background-image":"","background-repeat":"repeat","background-position":"center center","background-size":"auto","background-attachment":"scroll","background-type":"","background-media":"","overlay-type":"","overlay-color":"","overlay-opacity":"","overlay-gradient":""},"mobile":{"background-color":"var(--ast-global-color-5)","background-image":"","background-repeat":"repeat","background-position":"center center","background-size":"auto","background-attachment":"scroll","background-type":"","background-media":"","overlay-type":"","overlay-color":"","overlay-opacity":"","overlay-gradient":""}},"footnotes":""},"class_list":["post-1013","page","type-page","status-publish","hentry"],"_links":{"self":[{"href":"https:\/\/dropshippingb2b.com\/pt-pt\/wp-json\/wp\/v2\/pages\/1013","targetHints":{"allow":["GET"]}}],"collection":[{"href":"https:\/\/dropshippingb2b.com\/pt-pt\/wp-json\/wp\/v2\/pages"}],"about":[{"href":"https:\/\/dropshippingb2b.com\/pt-pt\/wp-json\/wp\/v2\/types\/page"}],"author":[{"embeddable":true,"href":"https:\/\/dropshippingb2b.com\/pt-pt\/wp-json\/wp\/v2\/users\/1"}],"replies":[{"embeddable":true,"href":"https:\/\/dropshippingb2b.com\/pt-pt\/wp-json\/wp\/v2\/comments?post=1013"}],"version-history":[{"count":18,"href":"https:\/\/dropshippingb2b.com\/pt-pt\/wp-json\/wp\/v2\/pages\/1013\/revisions"}],"predecessor-version":[{"id":7747,"href":"https:\/\/dropshippingb2b.com\/pt-pt\/wp-json\/wp\/v2\/pages\/1013\/revisions\/7747"}],"wp:attachment":[{"href":"https:\/\/dropshippingb2b.com\/pt-pt\/wp-json\/wp\/v2\/media?parent=1013"}],"curies":[{"name":"wp","href":"https:\/\/api.w.org\/{rel}","templated":true}]}}