{"id":2484,"date":"2021-08-02T07:19:35","date_gmt":"2021-08-02T07:19:35","guid":{"rendered":"https:\/\/dsb2b.assemblyweb.net\/product\/dropshipping-service"},"modified":"2022-09-25T21:47:57","modified_gmt":"2022-09-25T21:47:57","slug":"dropshipping-service","status":"publish","type":"product","link":"https:\/\/dropshippingb2b.com\/pl\/product\/dropshipping-service","title":{"rendered":"Dropshipping service"},"content":{"rendered":"<p>Nasza podstawowa us\u0142uga: w ramach tej us\u0142ugi Reseller uzyskuje po\u015bwiadczenia dost\u0119pu do przep\u0142ywu danych z naszego katalogu (referencje, kody, nazwy, ceny, zdj\u0119cia). Jest to us\u0142uga danych tylko do odczytu, umo\u017cliwiaj\u0105ca na przyk\u0142ad zape\u0142nianie w\u0142asnej witryny e-commerce lub platform zewn\u0119trznych, takich jak eBay i Amazon.<\/p>\n<p>Obejmuje:<\/p>\n<p>\u2013 przep\u0142yw danych wszystkich produkt\u00f3w dost\u0119pnych w naszej zintegrowanej bazie Dostawc\u00f3w.<\/p>\n<p>\u2013 rabat manipulacyjny: je\u015bli Reseller nie osi\u0105gnie minimalnego zam\u00f3wienia wymaganego przez Dostawc\u0119\/Dropshippera, nadal mo\u017ce potwierdzi\u0107 zam\u00f3wienie i otrzyma\u0107 rabat w wysoko\u015bci 50% od op\u0142aty manipulacyjnej<\/p>\n<p>\u2013 us\u0142uga bezp\u0142atna: przy tylko 1.000,00\u20ac* miesi\u0119cznej sprzeda\u017cy, na koniec kwarta\u0142u otrzymasz zwrot za zakupiony towar r\u00f3wny abonowanemu kosztowi us\u0142ugi (150,00\u20ac\/netto na kwarta\u0142)<\/p>\n<p>(*kwota w uj\u0119ciu kwartalnym, bez VAT i dodatkowych koszt\u00f3w.)<\/p>\n","protected":false},"excerpt":{"rendered":"<p>Nasza podstawowa us\u0142uga: w ramach tej us\u0142ugi Reseller uzyskuje po\u015bwiadczenia dost\u0119pu do przep\u0142ywu danych z naszego katalogu (referencje, kody, nazwy, ceny, zdj\u0119cia). Jest to us\u0142uga danych tylko do odczytu, umo\u017cliwiaj\u0105ca na przyk\u0142ad zape\u0142nianie w\u0142asnej witryny e-commerce lub platform zewn\u0119trznych, takich jak eBay i Amazon. Obejmuje: \u2013 przep\u0142yw danych wszystkich produkt\u00f3w dost\u0119pnych w naszej zintegrowanej bazie [&hellip;]<\/p>\n","protected":false},"featured_media":2472,"template":"","meta":{"inline_featured_image":false,"site-sidebar-layout":"default","site-content-layout":"default","ast-site-content-layout":"default","site-content-style":"default","site-sidebar-style":"default","ast-global-header-display":"","ast-banner-title-visibility":"","ast-main-header-display":"","ast-hfb-above-header-display":"","ast-hfb-below-header-display":"","ast-hfb-mobile-header-display":"","site-post-title":"","ast-breadcrumbs-content":"","ast-featured-img":"","footer-sml-layout":"","theme-transparent-header-meta":"default","adv-header-id-meta":"","stick-header-meta":"","header-above-stick-meta":"","header-main-stick-meta":"","header-below-stick-meta":"","astra-migrate-meta-layouts":"default","ast-page-background-enabled":"default","ast-page-background-meta":{"desktop":{"background-color":"","background-image":"","background-repeat":"repeat","background-position":"center center","background-size":"auto","background-attachment":"scroll","background-type":"","background-media":"","overlay-type":"","overlay-color":"","overlay-opacity":"","overlay-gradient":""},"tablet":{"background-color":"","background-image":"","background-repeat":"repeat","background-position":"center center","background-size":"auto","background-attachment":"scroll","background-type":"","background-media":"","overlay-type":"","overlay-color":"","overlay-opacity":"","overlay-gradient":""},"mobile":{"background-color":"","background-image":"","background-repeat":"repeat","background-position":"center center","background-size":"auto","background-attachment":"scroll","background-type":"","background-media":"","overlay-type":"","overlay-color":"","overlay-opacity":"","overlay-gradient":""}},"ast-content-background-meta":{"desktop":{"background-color":"var(--ast-global-color-5)","background-image":"","background-repeat":"repeat","background-position":"center center","background-size":"auto","background-attachment":"scroll","background-type":"","background-media":"","overlay-type":"","overlay-color":"","overlay-opacity":"","overlay-gradient":""},"tablet":{"background-color":"var(--ast-global-color-5)","background-image":"","background-repeat":"repeat","background-position":"center center","background-size":"auto","background-attachment":"scroll","background-type":"","background-media":"","overlay-type":"","overlay-color":"","overlay-opacity":"","overlay-gradient":""},"mobile":{"background-color":"var(--ast-global-color-5)","background-image":"","background-repeat":"repeat","background-position":"center center","background-size":"auto","background-attachment":"scroll","background-type":"","background-media":"","overlay-type":"","overlay-color":"","overlay-opacity":"","overlay-gradient":""}}},"product_cat":[106],"product_tag":[],"class_list":["post-2484","product","type-product","status-publish","has-post-thumbnail","hentry","product_cat-quarterly-payment-pl","desktop-align-left","tablet-align-left","mobile-align-left"],"_links":{"self":[{"href":"https:\/\/dropshippingb2b.com\/pl\/wp-json\/wp\/v3\/product\/2484","targetHints":{"allow":["GET"]}}],"collection":[{"href":"https:\/\/dropshippingb2b.com\/pl\/wp-json\/wp\/v3\/product"}],"about":[{"href":"https:\/\/dropshippingb2b.com\/pl\/wp-json\/wp\/v2\/types\/product"}],"wp:featuredmedia":[{"embeddable":true,"href":"https:\/\/dropshippingb2b.com\/pl\/wp-json\/wp\/v2\/media\/2472"}],"wp:attachment":[{"href":"https:\/\/dropshippingb2b.com\/pl\/wp-json\/wp\/v2\/media?parent=2484"}],"wp:term":[{"taxonomy":"product_cat","embeddable":true,"href":"https:\/\/dropshippingb2b.com\/pl\/wp-json\/wp\/v2\/product_cat?post=2484"},{"taxonomy":"product_tag","embeddable":true,"href":"https:\/\/dropshippingb2b.com\/pl\/wp-json\/wp\/v2\/product_tag?post=2484"}],"curies":[{"name":"wp","href":"https:\/\/api.w.org\/{rel}","templated":true}]}}