{"id":4904,"date":"2022-09-20T19:49:58","date_gmt":"2022-09-20T19:49:58","guid":{"rendered":"https:\/\/dsb2b.assemblyweb.net\/dropshipping"},"modified":"2022-10-07T14:24:09","modified_gmt":"2022-10-07T14:24:09","slug":"dropshipping","status":"publish","type":"page","link":"https:\/\/dropshippingb2b.com\/pl\/dropshipping","title":{"rendered":"Dropshipping"},"content":{"rendered":"\n<div class=\"wp-block-cover alignfull\" style=\"min-height:350px;aspect-ratio:unset;\"><span aria-hidden=\"true\" class=\"wp-block-cover__background has-background-dim-0 has-background-dim\"><\/span><img loading=\"lazy\" decoding=\"async\" width=\"1200\" height=\"1600\" class=\"wp-block-cover__image-background wp-image-2834\" alt=\"\" src=\"https:\/\/dropshippingb2b.com\/wp-content\/uploads\/2022\/01\/wwtech-portada-duotone.jpg\" data-object-fit=\"cover\" srcset=\"https:\/\/dropshippingb2b.com\/wp-content\/uploads\/2022\/01\/wwtech-portada-duotone.jpg 1200w, https:\/\/dropshippingb2b.com\/wp-content\/uploads\/2022\/01\/wwtech-portada-duotone-225x300.jpg 225w, https:\/\/dropshippingb2b.com\/wp-content\/uploads\/2022\/01\/wwtech-portada-duotone-768x1024.jpg 768w, https:\/\/dropshippingb2b.com\/wp-content\/uploads\/2022\/01\/wwtech-portada-duotone-1152x1536.jpg 1152w, https:\/\/dropshippingb2b.com\/wp-content\/uploads\/2022\/01\/wwtech-portada-duotone-300x400.jpg 300w\" sizes=\"auto, (max-width: 1200px) 100vw, 1200px\" \/><div class=\"wp-block-cover__inner-container is-layout-flow wp-block-cover-is-layout-flow\">\n<h2 class=\"has-text-color has-huge-font-size wp-block-heading\" style=\"color:#ffffff\"><strong>Jak to dzia\u0142a?<\/strong><\/h2>\n\n\n\n<h4 class=\"has-text-color has-huge-font-size wp-block-heading\" style=\"color:#ffffff\">Praktyczny i szybki przewodnik, aby dowiedzie\u0107 si\u0119, czym jest i jak dzia\u0142a dropshipping<\/h4>\n<\/div><\/div>\n\n\n\n<div class=\"inherit-container-width wp-block-group alignfull has-background is-layout-constrained wp-block-group-is-layout-constrained\" style=\"background-color:#f6f6f6\"><div class=\"wp-block-group__inner-container\">\n<div class=\"inherit-container-width wp-block-group has-background is-layout-constrained wp-block-group-is-layout-constrained\" style=\"background-color:#ffffff\"><div class=\"wp-block-group__inner-container\">\n<p>Dropshipping to model sprzeda\u017cy umo\u017cliwiaj\u0105cy resellerom obszaru B2C poszerzy\u0107 ofert\u0119 produkt\u00f3w bez ponoszenia dodatkowych inwestycji oraz bez posiadania um\u00f3w logistycznych.<\/p>\n\n\n\n<p>WWTech s.r.l. oferuje us\u0142ug\u0119 pobierania zintegrowanego katalogu dostawc\u00f3w oraz platform\u0119 internetow\u0105, w kt\u00f3rej po umieszczeniu indywidualnego zam\u00f3wienia zostanie ono zrealizowane oraz wys\u0142ane do klienta finalnego.&nbsp;<\/p>\n\n\n\n<figure class=\"wp-block-embed is-type-video is-provider-youtube wp-block-embed-youtube wp-embed-aspect-16-9 wp-has-aspect-ratio\"><div class=\"wp-block-embed__wrapper\">\n<div class=\"ast-oembed-container \" style=\"height: 100%;\"><iframe loading=\"lazy\" title=\"\u200bDropshipping orologi, bigiotteria &amp; accessori moda by WWT\" width=\"500\" height=\"281\" src=\"https:\/\/www.youtube.com\/embed\/RHtsBEoeL9U?feature=oembed\" frameborder=\"0\" allow=\"accelerometer; autoplay; clipboard-write; encrypted-media; gyroscope; picture-in-picture; web-share\" referrerpolicy=\"strict-origin-when-cross-origin\" allowfullscreen><\/iframe><\/div>\n<\/div><\/figure>\n<\/div><\/div>\n\n\n\n<div style=\"height:20px\" aria-hidden=\"true\" class=\"wp-block-spacer\"><\/div>\n\n\n\n<div class=\"inherit-container-width wp-block-group has-background is-layout-constrained wp-block-group-is-layout-constrained\" style=\"background-color:#ffffff\"><div class=\"wp-block-group__inner-container\">\n<h3 class=\"has-text-align-center wp-block-heading\"><strong>JAK DZIA\u0141A SERWIS DROPSHIPPINGU?<\/strong><\/h3>\n\n\n\n<h4 class=\"has-white-color has-text-color has-background wp-block-heading\" style=\"background-color:#e5742e\"><strong>1. <strong><strong>Wybierz najlepiej pasuj\u0105c\u0105 do Twoich potrzeb opcj\u0119 subskrypcji<\/strong><\/strong><\/strong><\/h4>\n\n\n\n<p>Nasze abonamenty zaprojektowano dla zapewnienia zar\u00f3wno podstawowych us\u0142ug dla pocz\u0105tkuj\u0105cych firm w \u015brodowisku e-commerce jak r\u00f3wnie\u017c kompleksowych us\u0142ug satysfakcjonuj\u0105cych bardziej wymagaj\u0105ce firmy o rozbudowanej ju\u017c strukturze wzrostu.<br>Poza mo\u017clliwo\u015bci\u0105 \u0142atwego poszerzenia Twojego katalogu produkt\u00f3w oferujemy r\u00f3wnie\u017c mo\u017cliwo\u015b\u0107 pe\u0142nej integracji logistycznej i spedycyjnej w celu zapewnienia szybkiej i profesjonalnej obs\u0142ugi Twoich klient\u00f3w indywidualnych.&nbsp;<\/p>\n\n\n\n<div style=\"height:50px\" aria-hidden=\"true\" class=\"wp-block-spacer\"><\/div>\n\n\n\n<h4 class=\"has-white-color has-text-color has-background wp-block-heading\" style=\"background-color:#e5742e\"><strong><strong><strong>2. <strong>Pobierz nasz katalog i umie\u015b\u0107 w swoim skepie online wszystkie produkty<\/strong><\/strong><\/strong><\/strong><\/h4>\n\n\n\n<p>Mo\u017cesz pobra\u0107 ca\u0142y katalog produkt\u00f3w zar\u00f3wno manualnie (statyczne dane: eksport pliku CSV, zawieraj\u0105cy linki do zdj\u0119\u0107, aktualizowany co ka\u017cde 2 godziny) jak i automatycznie (live stream: poprzez integracj\u0119 przez API, aktualizowany w czasie rzeczywistym).<\/p>\n\n\n\n<div style=\"height:50px\" aria-hidden=\"true\" class=\"wp-block-spacer\"><\/div>\n\n\n\n<h4 class=\"has-white-color has-text-color has-background wp-block-heading\" style=\"background-color:#e5742e\"><strong><strong><strong><strong>3. <strong>Transmituj swoje zam\u00f3wienia<\/strong><\/strong><\/strong><\/strong><\/strong><\/h4>\n\n\n\n<p>Poprzez nasz\u0105 platform\u0119 mo\u017cesz dodawa\u0107 produkty bezpo\u015brednio do r\u00f3wnoleg\u0142ego koszyka zam\u00f3wie\u0144 zintegrowanego z magazynem dostawcy, posiadaj\u0105c przy tym nast\u0119puj\u0105ce korzy\u015bci:<br>&#8211; rzeczywisty koszyk: dodane produkty natychmiast zostaj\u0105 usuni\u0119te z listy dost\u0119pnych artyku\u0142\u00f3w katalogu dostawcy zapewniaj\u0105c wy\u017cszy procent skuteczno\u015bci wype\u0142nienia zam\u00f3wienia i nie pozwalaj\u0105c tym samym innym u\u017cytkownikom oczekuj\u0105cym na potwierdzenie dokonania zakupu. Ta operacja jest odwracalna: produkty mog\u0105 zosta\u0107 usuni\u0119te i ponownie umieszczone w katalogu dost\u0119pnych produkt\u00f3w;<br>&#8211; mo\u017cliwo\u015b\u0107 wprowadzania adres\u00f3w wysy\u0142ki dla ka\u017cdego zam\u00f3wienia B2C oraz dodawania plik\u00f3w ( np. faktur, kupon\u00f3w promocyjnych, kart okoliczno\u015bciowych); dla ka\u017cdego zam\u00f3wienia dost\u0119pny jest wewn\u0119trzny serwis wiadomo\u015bci dla \u0142atwej komunikacji z dzia\u0142em logistycznym.&nbsp;<\/p>\n\n\n\n<div style=\"height:50px\" aria-hidden=\"true\" class=\"wp-block-spacer\"><\/div>\n\n\n\n<h4 class=\"has-white-color has-text-color has-background wp-block-heading\" style=\"background-color:#e5742e\"><strong><strong><strong><strong><strong>4. <strong>Fakturowanie<\/strong><\/strong><\/strong><\/strong><\/strong><\/strong><\/h4>\n\n\n\n<p>Wszystkie Twoje zam\u00f3wienia B2C zostan\u0105 zgrupowane w jedno zam\u00f3wienie B2B, pozwalaj\u0105c na otrzymanie jednej faktury dla potwierdzonych zam\u00f3wie\u0144 (lub inaczej w zale\u017cno\u015bci od Twoich potrzeb) w celu u\u0142atwienia procesu ksi\u0119gowania oraz szybszego zarz\u0105dzania wysy\u0142k\u0105.<\/p>\n<\/div><\/div>\n\n\n\n<div style=\"height:20px\" aria-hidden=\"true\" class=\"wp-block-spacer\"><\/div>\n\n\n\n<div class=\"inherit-container-width wp-block-group has-background is-layout-constrained wp-block-group-is-layout-constrained\" style=\"background-color:#ffffff\"><div class=\"wp-block-group__inner-container\">\n<h2 class=\"has-text-align-center wp-block-heading\">Prestashop<\/h2>\n\n\n\n<figure class=\"wp-block-image aligncenter size-full is-resized\"><img loading=\"lazy\" decoding=\"async\" src=\"https:\/\/dropshippingb2b.com\/wp-content\/uploads\/2022\/01\/logo_prestashop.jpg\" alt=\"\" class=\"wp-image-3503\" width=\"175\" height=\"113\" srcset=\"https:\/\/dropshippingb2b.com\/wp-content\/uploads\/2022\/01\/logo_prestashop.jpg 700w, https:\/\/dropshippingb2b.com\/wp-content\/uploads\/2022\/01\/logo_prestashop-300x193.jpg 300w\" sizes=\"auto, (max-width: 175px) 100vw, 175px\" \/><\/figure>\n\n\n\n<p>Zrealizujemy Tw\u00f3j pierwszy projekt eCommerce przy u\u017cyciu jednego z najlepszych i najpopularniejszych CMS w Europie: PrestaShop.<br>Pomo\u017cemy Ci uporz\u0105dkowa\u0107 Twoj\u0105 stron\u0119 tak, aby zarz\u0105dzanie Twoimi kontaktami i sprzeda\u017c\u0105 by\u0142o szybkie i \u0142atwe.<br>Nie b\u0119dziesz musia\u0142 si\u0119 o nic martwi\u0107, zaufaj nam, a otrzymasz kompletny pakiet, aby zacz\u0105\u0107 korzysta\u0107 z Twojego eCommerce.<br>Dost\u0119pne jest r\u00f3wnie\u017c opracowanie wtyczek integruj\u0105cych wszystkie produkty z katalogu WWT z Twoj\u0105 witryn\u0105.<\/p>\n\n\n\n<p>Je\u015bli posiadasz ju\u017c eCommerce opracowany na bazie PrestaShop (zar\u00f3wno w wersji 1.6 jak i 1.7) mo\u017cesz by\u0107 zainteresowany tym, \u017ce wcze\u015bniej posiadali\u015bmy dwa modu\u0142y integracyjne opracowane przez firm\u0119 zewn\u0119trzn\u0105, kt\u00f3re pozwalaj\u0105 w \u0142atwy spos\u00f3b IMPORTOWA\u0106 wszystkie produkty, do automatycznego EKSPORTU zam\u00f3wie\u0144 do dostawcy i zarz\u0105dzaj widoczno\u015bci\u0105 katalog\u00f3w, rabat\u00f3w, mar\u017c i wiele wi\u0119cej!<\/p>\n<\/div><\/div>\n<\/div><\/div>\n\n\n\n<div class=\"inherit-container-width wp-block-group alignfull has-background is-layout-constrained wp-block-group-is-layout-constrained\" style=\"background-color:#fae4d6\"><div class=\"wp-block-group__inner-container\">\n<h3 class=\"has-text-align-center wp-block-heading\">WCI\u0104\u017b W\u0104TPLIWO\u015aCI?<\/h3>\n\n\n\n<p class=\"has-text-align-center\">Sprawd\u017a najcz\u0119\u015bciej zadawane pytania lub porozmawiaj z jednym z nas<\/p>\n\n\n\n<div class=\"wp-block-columns is-layout-flex wp-container-core-columns-is-layout-1 wp-block-columns-is-layout-flex\">\n<div class=\"wp-block-column is-vertically-aligned-center is-layout-flow wp-block-column-is-layout-flow\">\n<div class=\"wp-block-buttons is-horizontal is-content-justification-center is-layout-flex wp-container-core-buttons-is-layout-1 wp-block-buttons-is-layout-flex\">\n<div class=\"wp-block-button is-style-outline is-style-outline--1\"><a class=\"wp-block-button__link has-text-color\" href=\"\/pl\/faq\" style=\"color:#e5742e\">ODWIED\u0179 FAQ<\/a><\/div>\n\n\n\n<div class=\"wp-block-button is-style-fill\"><a class=\"wp-block-button__link\" href=\"\/pl\/kontakt\">SKONTAKTUJ SI\u0118 Z NAMI<\/a><\/div>\n<\/div>\n<\/div>\n<\/div>\n<\/div><\/div>\n","protected":false},"excerpt":{"rendered":"<p>Dropshipping to model sprzeda\u017cy umo\u017cliwiaj\u0105cy resellerom obszaru B2C poszerzy\u0107 ofert\u0119 produkt\u00f3w bez ponoszenia dodatkowych inwestycji oraz bez posiadania um\u00f3w logistycznych. WWTech s.r.l. oferuje us\u0142ug\u0119 pobierania zintegrowanego katalogu dostawc\u00f3w oraz platform\u0119 internetow\u0105, w kt\u00f3rej po umieszczeniu indywidualnego zam\u00f3wienia zostanie ono zrealizowane oraz wys\u0142ane do klienta finalnego.&nbsp; JAK DZIA\u0141A SERWIS DROPSHIPPINGU? 1. Wybierz najlepiej pasuj\u0105c\u0105 do Twoich [&hellip;]<\/p>\n","protected":false},"author":1,"featured_media":0,"parent":0,"menu_order":0,"comment_status":"closed","ping_status":"closed","template":"","meta":{"inline_featured_image":false,"site-sidebar-layout":"default","site-content-layout":"page-builder","ast-site-content-layout":"","site-content-style":"default","site-sidebar-style":"default","ast-global-header-display":"","ast-banner-title-visibility":"","ast-main-header-display":"","ast-hfb-above-header-display":"","ast-hfb-below-header-display":"","ast-hfb-mobile-header-display":"","site-post-title":"disabled","ast-breadcrumbs-content":"","ast-featured-img":"","footer-sml-layout":"","theme-transparent-header-meta":"","adv-header-id-meta":"","stick-header-meta":"","header-above-stick-meta":"","header-main-stick-meta":"","header-below-stick-meta":"","astra-migrate-meta-layouts":"default","ast-page-background-enabled":"default","ast-page-background-meta":{"desktop":{"background-color":"","background-image":"","background-repeat":"repeat","background-position":"center center","background-size":"auto","background-attachment":"scroll","background-type":"","background-media":"","overlay-type":"","overlay-color":"","overlay-opacity":"","overlay-gradient":""},"tablet":{"background-color":"","background-image":"","background-repeat":"repeat","background-position":"center center","background-size":"auto","background-attachment":"scroll","background-type":"","background-media":"","overlay-type":"","overlay-color":"","overlay-opacity":"","overlay-gradient":""},"mobile":{"background-color":"","background-image":"","background-repeat":"repeat","background-position":"center center","background-size":"auto","background-attachment":"scroll","background-type":"","background-media":"","overlay-type":"","overlay-color":"","overlay-opacity":"","overlay-gradient":""}},"ast-content-background-meta":{"desktop":{"background-color":"var(--ast-global-color-5)","background-image":"","background-repeat":"repeat","background-position":"center center","background-size":"auto","background-attachment":"scroll","background-type":"","background-media":"","overlay-type":"","overlay-color":"","overlay-opacity":"","overlay-gradient":""},"tablet":{"background-color":"var(--ast-global-color-5)","background-image":"","background-repeat":"repeat","background-position":"center center","background-size":"auto","background-attachment":"scroll","background-type":"","background-media":"","overlay-type":"","overlay-color":"","overlay-opacity":"","overlay-gradient":""},"mobile":{"background-color":"var(--ast-global-color-5)","background-image":"","background-repeat":"repeat","background-position":"center center","background-size":"auto","background-attachment":"scroll","background-type":"","background-media":"","overlay-type":"","overlay-color":"","overlay-opacity":"","overlay-gradient":""}},"footnotes":""},"class_list":["post-4904","page","type-page","status-publish","hentry"],"_links":{"self":[{"href":"https:\/\/dropshippingb2b.com\/pl\/wp-json\/wp\/v2\/pages\/4904","targetHints":{"allow":["GET"]}}],"collection":[{"href":"https:\/\/dropshippingb2b.com\/pl\/wp-json\/wp\/v2\/pages"}],"about":[{"href":"https:\/\/dropshippingb2b.com\/pl\/wp-json\/wp\/v2\/types\/page"}],"author":[{"embeddable":true,"href":"https:\/\/dropshippingb2b.com\/pl\/wp-json\/wp\/v2\/users\/1"}],"replies":[{"embeddable":true,"href":"https:\/\/dropshippingb2b.com\/pl\/wp-json\/wp\/v2\/comments?post=4904"}],"version-history":[{"count":2,"href":"https:\/\/dropshippingb2b.com\/pl\/wp-json\/wp\/v2\/pages\/4904\/revisions"}],"predecessor-version":[{"id":5588,"href":"https:\/\/dropshippingb2b.com\/pl\/wp-json\/wp\/v2\/pages\/4904\/revisions\/5588"}],"wp:attachment":[{"href":"https:\/\/dropshippingb2b.com\/pl\/wp-json\/wp\/v2\/media?parent=4904"}],"curies":[{"name":"wp","href":"https:\/\/api.w.org\/{rel}","templated":true}]}}