{"id":3673,"date":"2022-09-22T00:49:20","date_gmt":"2022-09-22T00:49:20","guid":{"rendered":"https:\/\/dsb2b.assemblyweb.net\/?page_id=3673"},"modified":"2022-10-12T03:49:19","modified_gmt":"2022-10-12T03:49:19","slug":"faq","status":"publish","type":"page","link":"https:\/\/dropshippingb2b.com\/pl\/faq","title":{"rendered":"FAQ"},"content":{"rendered":"\n<div class=\"wp-block-cover alignfull\" style=\"min-height:350px;aspect-ratio:unset;\"><span aria-hidden=\"true\" class=\"wp-block-cover__background has-u-002-du-002-dast-global-color-0-background-color has-background-dim-0 has-background-dim\"><\/span><img loading=\"lazy\" decoding=\"async\" width=\"1200\" height=\"1600\" class=\"wp-block-cover__image-background wp-image-2834\" alt=\"\" src=\"https:\/\/dropshippingb2b.com\/wp-content\/uploads\/2022\/01\/wwtech-portada-duotone.jpg\" data-object-fit=\"cover\" srcset=\"https:\/\/dropshippingb2b.com\/wp-content\/uploads\/2022\/01\/wwtech-portada-duotone.jpg 1200w, https:\/\/dropshippingb2b.com\/wp-content\/uploads\/2022\/01\/wwtech-portada-duotone-225x300.jpg 225w, https:\/\/dropshippingb2b.com\/wp-content\/uploads\/2022\/01\/wwtech-portada-duotone-768x1024.jpg 768w, https:\/\/dropshippingb2b.com\/wp-content\/uploads\/2022\/01\/wwtech-portada-duotone-1152x1536.jpg 1152w, https:\/\/dropshippingb2b.com\/wp-content\/uploads\/2022\/01\/wwtech-portada-duotone-300x400.jpg 300w\" sizes=\"auto, (max-width: 1200px) 100vw, 1200px\" \/><div class=\"wp-block-cover__inner-container is-layout-flow wp-block-cover-is-layout-flow\">\n<div class=\"inherit-container-width wp-block-group is-layout-constrained wp-block-group-is-layout-constrained\"><div class=\"wp-block-group__inner-container\">\n<h2 class=\"has-text-align-left has-white-color has-text-color wp-block-heading\"><strong>Cz\u0119ste pytania<\/strong><\/h2>\n<\/div><\/div>\n<\/div><\/div>\n\n\n\n<div class=\"inherit-container-width wp-block-group alignfull has-background is-layout-constrained wp-block-group-is-layout-constrained\" style=\"background-color:#fafafa\"><div class=\"wp-block-group__inner-container\">\n<div class=\"inherit-container-width wp-block-group mt--50 has-background is-layout-constrained wp-block-group-is-layout-constrained\" style=\"background-color:#ffffff\"><div class=\"wp-block-group__inner-container\">\n<div class=\"wp-block-columns is-layout-flex wp-container-core-columns-is-layout-1 wp-block-columns-is-layout-flex\">\n<div class=\"wp-block-column is-layout-flow wp-block-column-is-layout-flow\">\n<div class=\"wp-block-pb-accordion-item c-accordion__item js-accordion-item no-js\" data-initially-open=\"false\" data-click-to-close=\"true\" data-auto-close=\"true\" data-scroll=\"false\" data-scroll-offset=\"0\"><h2 id=\"at-36730\" class=\"c-accordion__title js-accordion-controller\" role=\"button\"><strong>JAK DZIA\u0141A INTEGRACJA KATALOGU PRODUKT\u00d3W?<\/strong><\/h2><div id=\"ac-36730\" class=\"c-accordion__content\">\n<p>Przekazywany przez nas katalog produkt\u00f3w (przep\u0142yw danych) jest standardem i dlatego mo\u017cna go zintegrowa\u0107 z dowolnym systemem poprzez opracowanie interfejsu.<br>Dost\u0119pny jest w 4 formatach: plik statyczny (CSV, XML, JSON) aktualizowany przez nasze systemy co 2 godziny; Strumie\u0144 LVE (API) aktualizowany w czasie rzeczywistym.<br>Generalnie doradzamy naszym klientom, aby polegali na personelu IT w swojej firmie lub na deweloperze, kt\u00f3ry stworzy\u0142 stron\u0119 internetow\u0105, poniewa\u017c ka\u017cdy system ma swoje w\u0142asne funkcje.<\/p>\n\n\n\n<div class=\"wp-block-buttons is-layout-flex wp-block-buttons-is-layout-flex\">\n<div class=\"wp-block-button is-style-fill\"><a class=\"wp-block-button__link\" href=\"\/pl\/przeplyw-danych\">Oto wszystkie informacje na ten temat<\/a><\/div>\n<\/div>\n<\/div><\/div>\n\n\n\n<div class=\"wp-block-pb-accordion-item c-accordion__item js-accordion-item no-js\" data-initially-open=\"false\" data-click-to-close=\"true\" data-auto-close=\"true\" data-scroll=\"false\" data-scroll-offset=\"0\"><h2 id=\"at-36731\" class=\"c-accordion__title js-accordion-controller\" role=\"button\">JAKIE S\u0104 KOSZTY WYSY\u0141KI?<\/h2><div id=\"ac-36731\" class=\"c-accordion__content\">\n<p>Zapisuj\u0105c si\u0119 na subskrypcj\u0119 <strong>DROPSHIPPING <\/strong>mo\u017cesz skorzysta\u0107 z us\u0142ugi o nazwie \u201ePod klucz\u201d, dzi\u0119ki kt\u00f3rej przesy\u0142ki s\u0105 realizowane w imieniu i na rzecz sprzedawcy, ale przy u\u017cyciu naszych kod\u00f3w kurierskich.<br>W ten spos\u00f3b mo\u017cesz skorzysta\u0107 ze sta\u0142ych stawek dotycz\u0105cych koszt\u00f3w wysy\u0142ki i obs\u0142ugi logistycznej paczek.<\/p>\n\n\n\n<div class=\"wp-block-buttons is-layout-flex wp-block-buttons-is-layout-flex\">\n<div class=\"wp-block-button is-style-fill\"><a class=\"wp-block-button__link\" href=\"\/pl\/przeplyw-danych\">Oto wszystkie informacje na ten temat<\/a><\/div>\n<\/div>\n<\/div><\/div>\n\n\n\n<div class=\"wp-block-pb-accordion-item c-accordion__item js-accordion-item no-js\" data-initially-open=\"false\" data-click-to-close=\"true\" data-auto-close=\"true\" data-scroll=\"false\" data-scroll-offset=\"0\"><h2 id=\"at-36732\" class=\"c-accordion__title js-accordion-controller\" role=\"button\">CZY MUSZ\u0118 ZAPISA\u0106 SI\u0118 NA SUBSKRYPCJ\u0118 PRACY Z TOB\u0104?<\/h2><div id=\"ac-36732\" class=\"c-accordion__content\">\n<p>Tak, istniej\u0105 dwa rodzaje subskrypcji: <strong>DATA FLOW<\/strong> i <strong>DROPSHIPPING<\/strong><br>Oba umo\u017cliwiaj\u0105 dost\u0119p do katalogu produkt\u00f3w, ale:<\/p>\n\n\n\n<ul class=\"wp-block-list\"><li>z us\u0142ug\u0105 <strong>DATA FLOW<\/strong> uzyskujesz dost\u0119p do portalu hurtowego i sk\u0142adasz zam\u00f3wienie B2B sk\u0142adaj\u0105ce si\u0119 ze wszystkich potrzebnych Ci pozycji; towar jest wysy\u0142any do magazynu klienta, a stamt\u0105d kierowany do u\u017cytkownik\u00f3w ko\u0144cowych<\/li><\/ul>\n\n\n\n<ul class=\"wp-block-list\"><li>z subskrypcj\u0105 <strong>DROPSHIPPING<\/strong> uzyskujesz dost\u0119p do opracowanego przez nas oprogramowania online (zwanego DROPSHIPPING PLATFORM), kt\u00f3re umo\u017cliwia z\u0142o\u017cenie pojedynczego zam\u00f3wienia hurtowego z tyloma adresami wysy\u0142kowymi, ile jest przedmiot\u00f3w zakupionych w ramach zam\u00f3wienia; ka\u017cdy pojedynczy produkt zostanie wys\u0142any do u\u017cytkownika ko\u0144cowego bezpo\u015brednio z zewn\u0119trznej logistyki, z kt\u00f3r\u0105 wsp\u00f3\u0142pracujemy.<\/li><\/ul>\n\n\n\n<div class=\"wp-block-buttons is-layout-flex wp-block-buttons-is-layout-flex\">\n<div class=\"wp-block-button is-style-fill\"><a class=\"wp-block-button__link\" href=\"\/pl\/logistyka\">Oto wszystkie informacje na ten temat<\/a><\/div>\n<\/div>\n\n\n\n<p>Jednym z najwa\u017cniejszych aspekt\u00f3w jest bezp\u0142atna us\u0142uga: osi\u0105gaj\u0105c z g\u00f3ry okre\u015blony minimalny obr\u00f3t w ci\u0105gu kwarta\u0142u abonamentowego, na zakupiony towar wystawiana jest nota kredytowa na kwot\u0119 odpowiadaj\u0105c\u0105 kosztowi us\u0142ugi.<\/p>\n<\/div><\/div>\n\n\n\n<div class=\"wp-block-buttons is-layout-flex wp-block-buttons-is-layout-flex\"><\/div>\n\n\n\n<p><br><\/p>\n<\/div>\n\n\n\n<div class=\"wp-block-column is-layout-flow wp-block-column-is-layout-flow\">\n<div class=\"wp-block-pb-accordion-item c-accordion__item js-accordion-item no-js\" data-initially-open=\"false\" data-click-to-close=\"true\" data-auto-close=\"true\" data-scroll=\"false\" data-scroll-offset=\"0\"><h2 id=\"at-36733\" class=\"c-accordion__title js-accordion-controller\" role=\"button\"><strong>JAKIE S\u0104 CZAS DOSTAWY?<\/strong><\/h2><div id=\"ac-36733\" class=\"c-accordion__content\">\n<p>Je\u015bli chodzi o czas dostawy, s\u0105 one zale\u017cne od kurier\u00f3w; korzystamy tylko z g\u0142\u00f3wnych kurier\u00f3w, takich jak UPS, FedEx, DHL.<br>Wi\u0119cej informacji mo\u017cna znale\u017a\u0107 na ich stronach internetowych.<br>To, co mo\u017cemy zagwarantowa\u0107, to szybko\u015b\u0107, z jak\u0105 przedmiot opuszcza nasz magazyn; w tym celu podzielili\u015bmy produkty na trzy kategorie na podstawie terminu realizacji:<br><strong>Produkty Rapid<\/strong> (czerwona ikona rakiety na stronie &#8211; speed_shipping 2 w przep\u0142ywie danych) s\u0105 na stanie w naszym magazynie i maj\u0105 czas realizacji 24 godziny. W przypadku otrzymania zam\u00f3wienia do godziny 12:00 produkty te wysy\u0142ane s\u0105 tego samego dnia. Procent unik\u00f3w wynosi 100%;<br><strong>Standardowa wysy\u0142ka<\/strong>: te produkty (niebieska ikona vana na stronie &#8211; speed_shipping 1 w przep\u0142ywie danych) s\u0105 na stanie w magazynach zewn\u0119trznych i maj\u0105 \u015bredni czas realizacji 3\/5 dni roboczych; \u015aredni wska\u017anik unik\u00f3w wynosi oko\u0142o 90%.<br><strong>Powolna wysy\u0142ka<\/strong>: te produkty (ikona \u017c\u00f3\u0142wia &#8211; speed_shipping 0) nale\u017cy zamawia\u0107 w firmie macierzystej i maj\u0105 czas realizacji 10 dni roboczych. Spe\u0142nienie tych produkt\u00f3w nie jest w 100% gwarantowane<\/p>\n\n\n\n<div class=\"wp-block-buttons is-layout-flex wp-block-buttons-is-layout-flex\"><\/div>\n<\/div><\/div>\n\n\n\n<div class=\"wp-block-pb-accordion-item c-accordion__item js-accordion-item no-js\" data-initially-open=\"false\" data-click-to-close=\"true\" data-auto-close=\"true\" data-scroll=\"false\" data-scroll-offset=\"0\"><h2 id=\"at-36734\" class=\"c-accordion__title js-accordion-controller\" role=\"button\"><strong><strong>JAK DZIA\u0141AJ\u0104 ZWROTY?<\/strong><\/strong><\/h2><div id=\"ac-36734\" class=\"c-accordion__content\">\n<p>Nale\u017cy pami\u0119ta\u0107, \u017ce zasady zwrotu B2B r\u00f3\u017cni\u0105 si\u0119 od zasad obowi\u0105zuj\u0105cych na rynku B2C.<\/p>\n\n\n\n<div class=\"wp-block-buttons is-layout-flex wp-block-buttons-is-layout-flex\">\n<div class=\"wp-block-button is-style-fill\"><a class=\"wp-block-button__link\" href=\"\/pl\/zwroty\">Nasza polityka zwrot\u00f3w jest dost\u0119pna tutaj<\/a><\/div>\n<\/div>\n<\/div><\/div>\n\n\n\n<div class=\"wp-block-pb-accordion-item c-accordion__item js-accordion-item no-js\" data-initially-open=\"false\" data-click-to-close=\"true\" data-auto-close=\"true\" data-scroll=\"false\" data-scroll-offset=\"0\"><h2 id=\"at-36735\" class=\"c-accordion__title js-accordion-controller\" role=\"button\"><strong><strong>JAKI JEST KOSZT OBS\u0141UGI?<\/strong><\/strong><\/h2><div id=\"ac-36735\" class=\"c-accordion__content\">\n<p>Jest to koszt zarz\u0105dzania stosowany do wszystkich zam\u00f3wie\u0144 hurtowych, kt\u00f3rych suma jest ni\u017csza ni\u017c wcze\u015bniej ustalone minimum; w naszym przypadku z g\u00f3ry ustalone minimum to 300,00 \u20ac, a koszt obs\u0142ugi to 20,00 \u20ac.<br>Subskrybuj\u0105c subskrypcj\u0119 <strong>DATA FLOW<\/strong>, koszt ten jest obni\u017cony o 50%, podczas gdy w przypadku us\u0142ugi <strong>DROPSHIPPING <\/strong>o 100%.<\/p>\n\n\n\n<div class=\"wp-block-buttons is-layout-flex wp-block-buttons-is-layout-flex\"><\/div>\n<\/div><\/div>\n<\/div>\n<\/div>\n<\/div><\/div>\n<\/div><\/div>\n\n\n\n<div class=\"inherit-container-width wp-block-group alignfull has-background is-layout-constrained wp-block-group-is-layout-constrained\" style=\"background-color:#fae4d6\"><div class=\"wp-block-group__inner-container\">\n<h3 class=\"has-text-align-center wp-block-heading\">WCI\u0104\u017b W\u0104TPLIWO\u015aCI?<\/h3>\n\n\n\n<p class=\"has-text-align-center\">Sprawd\u017a najcz\u0119\u015bciej zadawane pytania lub porozmawiaj z jednym z nas<\/p>\n\n\n\n<div class=\"wp-block-columns is-layout-flex wp-container-core-columns-is-layout-2 wp-block-columns-is-layout-flex\">\n<div class=\"wp-block-column is-vertically-aligned-center is-layout-flow wp-block-column-is-layout-flow\">\n<div class=\"wp-block-buttons is-horizontal is-content-justification-center is-layout-flex wp-container-core-buttons-is-layout-8 wp-block-buttons-is-layout-flex\">\n<div class=\"wp-block-button is-style-outline is-style-outline--1\"><a class=\"wp-block-button__link has-text-color\" href=\"\/pl\/faq\" style=\"color:#e5742e\">ODWIED\u0179 FAQ<\/a><\/div>\n\n\n\n<div class=\"wp-block-button is-style-fill\"><a class=\"wp-block-button__link\" href=\"\/pl\/kontakt\">SKONTAKTUJ SI\u0118 Z NAMI<\/a><\/div>\n<\/div>\n<\/div>\n<\/div>\n<\/div><\/div>\n","protected":false},"excerpt":{"rendered":"","protected":false},"author":1,"featured_media":0,"parent":0,"menu_order":0,"comment_status":"closed","ping_status":"closed","template":"","meta":{"inline_featured_image":false,"site-sidebar-layout":"default","site-content-layout":"plain-container","ast-site-content-layout":"","site-content-style":"default","site-sidebar-style":"default","ast-global-header-display":"","ast-banner-title-visibility":"","ast-main-header-display":"","ast-hfb-above-header-display":"","ast-hfb-below-header-display":"","ast-hfb-mobile-header-display":"","site-post-title":"disabled","ast-breadcrumbs-content":"","ast-featured-img":"","footer-sml-layout":"","theme-transparent-header-meta":"default","adv-header-id-meta":"","stick-header-meta":"","header-above-stick-meta":"","header-main-stick-meta":"","header-below-stick-meta":"","astra-migrate-meta-layouts":"default","ast-page-background-enabled":"default","ast-page-background-meta":{"desktop":{"background-color":"","background-image":"","background-repeat":"repeat","background-position":"center center","background-size":"auto","background-attachment":"scroll","background-type":"","background-media":"","overlay-type":"","overlay-color":"","overlay-opacity":"","overlay-gradient":""},"tablet":{"background-color":"","background-image":"","background-repeat":"repeat","background-position":"center center","background-size":"auto","background-attachment":"scroll","background-type":"","background-media":"","overlay-type":"","overlay-color":"","overlay-opacity":"","overlay-gradient":""},"mobile":{"background-color":"","background-image":"","background-repeat":"repeat","background-position":"center center","background-size":"auto","background-attachment":"scroll","background-type":"","background-media":"","overlay-type":"","overlay-color":"","overlay-opacity":"","overlay-gradient":""}},"ast-content-background-meta":{"desktop":{"background-color":"var(--ast-global-color-5)","background-image":"","background-repeat":"repeat","background-position":"center center","background-size":"auto","background-attachment":"scroll","background-type":"","background-media":"","overlay-type":"","overlay-color":"","overlay-opacity":"","overlay-gradient":""},"tablet":{"background-color":"var(--ast-global-color-5)","background-image":"","background-repeat":"repeat","background-position":"center center","background-size":"auto","background-attachment":"scroll","background-type":"","background-media":"","overlay-type":"","overlay-color":"","overlay-opacity":"","overlay-gradient":""},"mobile":{"background-color":"var(--ast-global-color-5)","background-image":"","background-repeat":"repeat","background-position":"center center","background-size":"auto","background-attachment":"scroll","background-type":"","background-media":"","overlay-type":"","overlay-color":"","overlay-opacity":"","overlay-gradient":""}},"footnotes":""},"class_list":["post-3673","page","type-page","status-publish","hentry"],"_links":{"self":[{"href":"https:\/\/dropshippingb2b.com\/pl\/wp-json\/wp\/v2\/pages\/3673","targetHints":{"allow":["GET"]}}],"collection":[{"href":"https:\/\/dropshippingb2b.com\/pl\/wp-json\/wp\/v2\/pages"}],"about":[{"href":"https:\/\/dropshippingb2b.com\/pl\/wp-json\/wp\/v2\/types\/page"}],"author":[{"embeddable":true,"href":"https:\/\/dropshippingb2b.com\/pl\/wp-json\/wp\/v2\/users\/1"}],"replies":[{"embeddable":true,"href":"https:\/\/dropshippingb2b.com\/pl\/wp-json\/wp\/v2\/comments?post=3673"}],"version-history":[{"count":5,"href":"https:\/\/dropshippingb2b.com\/pl\/wp-json\/wp\/v2\/pages\/3673\/revisions"}],"predecessor-version":[{"id":6032,"href":"https:\/\/dropshippingb2b.com\/pl\/wp-json\/wp\/v2\/pages\/3673\/revisions\/6032"}],"wp:attachment":[{"href":"https:\/\/dropshippingb2b.com\/pl\/wp-json\/wp\/v2\/media?parent=3673"}],"curies":[{"name":"wp","href":"https:\/\/api.w.org\/{rel}","templated":true}]}}