{"id":2193,"date":"2021-07-16T19:22:26","date_gmt":"2021-07-16T19:22:26","guid":{"rendered":"https:\/\/dsb2b.assemblyweb.net\/partner-it"},"modified":"2023-01-10T15:25:49","modified_gmt":"2023-01-10T14:25:49","slug":"partner-it","status":"publish","type":"page","link":"https:\/\/dropshippingb2b.com\/pl\/partner-it","title":{"rendered":"PARTNER IT"},"content":{"rendered":"\n<div class=\"wp-block-cover alignfull is-light\" style=\"min-height:350px;aspect-ratio:unset;\"><span aria-hidden=\"true\" class=\"wp-block-cover__background has-u-002-du-002-dast-global-color-6-background-color has-background-dim-0 has-background-dim\"><\/span><img loading=\"lazy\" decoding=\"async\" width=\"1200\" height=\"1600\" class=\"wp-block-cover__image-background wp-image-2834\" alt=\"\" src=\"https:\/\/dropshippingb2b.com\/wp-content\/uploads\/2022\/01\/wwtech-portada-duotone.jpg\" data-object-fit=\"cover\" srcset=\"https:\/\/dropshippingb2b.com\/wp-content\/uploads\/2022\/01\/wwtech-portada-duotone.jpg 1200w, https:\/\/dropshippingb2b.com\/wp-content\/uploads\/2022\/01\/wwtech-portada-duotone-225x300.jpg 225w, https:\/\/dropshippingb2b.com\/wp-content\/uploads\/2022\/01\/wwtech-portada-duotone-768x1024.jpg 768w, https:\/\/dropshippingb2b.com\/wp-content\/uploads\/2022\/01\/wwtech-portada-duotone-1152x1536.jpg 1152w, https:\/\/dropshippingb2b.com\/wp-content\/uploads\/2022\/01\/wwtech-portada-duotone-300x400.jpg 300w\" sizes=\"auto, (max-width: 1200px) 100vw, 1200px\" \/><div class=\"wp-block-cover__inner-container is-layout-flow wp-block-cover-is-layout-flow\">\n<h2 class=\"has-white-color has-text-color wp-block-heading\">Partner IT<\/h2>\n<\/div><\/div>\n\n\n\n<div class=\"inherit-container-width wp-block-group alignfull has-background is-layout-constrained wp-block-group-is-layout-constrained\" style=\"background-color:#f6f6f6\"><div class=\"wp-block-group__inner-container\">\n<div class=\"inherit-container-width wp-block-group mt--50 has-background is-layout-constrained wp-block-group-is-layout-constrained\" style=\"background-color:#ffffff\"><div class=\"wp-block-group__inner-container\">\n<figure class=\"wp-block-image alignwide size-large\"><img loading=\"lazy\" decoding=\"async\" width=\"1024\" height=\"335\" src=\"https:\/\/dropshippingb2b.com\/wp-content\/uploads\/2022\/09\/dropshipping_partnership_en-1024x335.png\" alt=\"\" class=\"wp-image-4623\" srcset=\"https:\/\/dropshippingb2b.com\/wp-content\/uploads\/2022\/09\/dropshipping_partnership_en-1024x335.png 1024w, https:\/\/dropshippingb2b.com\/wp-content\/uploads\/2022\/09\/dropshipping_partnership_en-300x98.png 300w, https:\/\/dropshippingb2b.com\/wp-content\/uploads\/2022\/09\/dropshipping_partnership_en-768x251.png 768w, https:\/\/dropshippingb2b.com\/wp-content\/uploads\/2022\/09\/dropshipping_partnership_en.png 1200w\" sizes=\"auto, (max-width: 1024px) 100vw, 1024px\" \/><\/figure>\n\n\n\n<p>Chcesz z nami uzewn\u0119trzni\u0107 rozw\u00f3j integracji?<br>Nie masz wewn\u0119trznego zespo\u0142u IT, czy po prostu wolisz polega\u0107 na istniej\u0105cym i przetestowanym rozwi\u0105zaniu?<\/p>\n\n\n\n<h3 class=\"wp-block-heading\"><strong>Powierz si\u0119 jednemu z naszych partner\u00f3w!<\/strong><\/h3>\n\n\n\n<p>Nasze Flowy s\u0105 testowane i u\u017cywane przez dziesi\u0105tki klient\u00f3w, s\u0105 standardowymi przep\u0142ywami i mog\u0105 by\u0107 zintegrowane przez ka\u017cdy e-commerce, ale je\u015bli Tw\u00f3j by\u0142 opracowany na jednym z najcz\u0119\u015bciej u\u017cywanych CMS na \u015bwiecie, prawdopodobnie kto\u015b ju\u017c to zrobi\u0142 integracja przed Tob\u0105: po co tworzy\u0107 nowy program, skoro prawdopodobnie istnieje ju\u017c rozwi\u0105zanie, kt\u00f3re pozwoli Ci rozpocz\u0105\u0107 natychmiast?<\/p>\n\n\n\n<p>Oczywi\u015bcie jedno zindywidualizowane rozwi\u0105zanie jest preferowane ze wzgl\u0119du na niezale\u017cno\u015b\u0107, kt\u00f3re oferuje, poniewa\u017c daje swobod\u0119 rozwoju opcji zgodnie z osobistym biznesplanem, ale przede wszystkim w fazie pocz\u0105tkowej mo\u017ce by\u0107 interesuj\u0105ce rozwa\u017cenie jednego z rozwi\u0105za\u0144 ju\u017c na etapie rynek: poni\u017cej przedstawiamy niekt\u00f3re z nich.<\/p>\n<\/div><\/div>\n\n\n\n<div style=\"height:30px\" aria-hidden=\"true\" class=\"wp-block-spacer\"><\/div>\n\n\n\n<div class=\"inherit-container-width wp-block-group has-background is-layout-constrained wp-block-group-is-layout-constrained\" style=\"background-color:#ffffff\"><div class=\"wp-block-group__inner-container\">\n<h4 class=\"wp-block-heading\">Dostawca:<\/h4>\n\n\n\n<figure class=\"wp-block-image aligncenter size-full\"><img loading=\"lazy\" decoding=\"async\" width=\"300\" height=\"85\" src=\"https:\/\/dropshippingb2b.com\/wp-content\/uploads\/2023\/01\/wwtech-5.jpg\" alt=\"\" class=\"wp-image-7250\"\/><\/figure>\n\n\n\n<p class=\"has-text-align-center\">WWTech s.r.l. c\/o <img decoding=\"async\" height=\"40px\" src=\"https:\/\/www.dropshippingb2b.com\/files\/logo_sellalab_footer.jpg\" alt=\"\"><br>Via Corradino Sella, 10<br>13900 Biella (BI)<\/p>\n\n\n\n<p class=\"has-text-align-center\">Tel <strong>+39-02-87.15.68.53 int. 4<\/strong> <br>Fax <strong>+39-02-87.15.27.41<\/strong><br>Skype <strong>dropshipping.wwtech<\/strong> <br>E-mail <strong>dropshipping@wwt.it<\/strong><\/p>\n\n\n\n<h4 class=\"wp-block-heading\"><strong>Obs\u0142ugiwany CMS:<\/strong><\/h4>\n\n\n\n<figure class=\"wp-block-image aligncenter size-full is-resized\"><img loading=\"lazy\" decoding=\"async\" src=\"https:\/\/dropshippingb2b.com\/wp-content\/uploads\/2022\/01\/logo_prestashop.jpg\" alt=\"\" class=\"wp-image-3503\" width=\"175\" height=\"113\" srcset=\"https:\/\/dropshippingb2b.com\/wp-content\/uploads\/2022\/01\/logo_prestashop.jpg 700w, https:\/\/dropshippingb2b.com\/wp-content\/uploads\/2022\/01\/logo_prestashop-300x193.jpg 300w\" sizes=\"auto, (max-width: 175px) 100vw, 175px\" \/><\/figure>\n\n\n\n<h4 class=\"wp-block-heading\"><strong><strong>Jaka oferta:<\/strong><\/strong><\/h4>\n\n\n\n<p>Dwa dedykowane modu\u0142y, jeden do importu produkt\u00f3w katalogowych + kategorii oraz zarz\u0105dzania mark\u0105, zar\u00f3wno pod wzgl\u0119dem widoczno\u015bci na Twojej stronie (CO sprzeda\u0107) jak i zarz\u0105dzania cenami (ILE sprzeda\u0107). Dost\u0119pne dla Prestashop 1.6 (wszystkie wersje) i 1.7 (wszystkie wersje).<br>Wsparcie NBD (nast\u0119pny dzie\u0144 roboczy) w pierwszym roku.<\/p>\n\n\n\n<div style=\"height:20px\" aria-hidden=\"true\" class=\"wp-block-spacer\"><\/div>\n\n\n\n<h4 class=\"wp-block-heading\">Ile:<\/h4>\n\n\n\n<p>Za jednorazow\u0105 sta\u0142\u0105 op\u0142at\u0105 oferuje najbardziej kompletne i wydajne narz\u0119dzie integracyjne na rynku, przetestowane z wieloletnim do\u015bwiadczeniem i opracowane przez ten sam zesp\u00f3\u0142, kt\u00f3ry nadzorowa\u0142 ca\u0142y system Dropshipping dla WWT: wi\u0119ksze bezpiecze\u0144stwo pod wzgl\u0119dem kompatybilno\u015bci!<\/p>\n\n\n\n<div style=\"height:20px\" aria-hidden=\"true\" class=\"wp-block-spacer\"><\/div>\n\n\n\n<h4 class=\"wp-block-heading\"><strong><strong><strong><strong>Oferta specjalna:<\/strong><\/strong><\/strong><\/strong><\/h4>\n\n\n\n<h4 class=\"has-text-align-center wp-block-heading\">Module PrestaShop 1.6:&nbsp;<strong class=\"partner-bg-orange\">-50%<\/strong><\/h4>\n\n\n\n<ul class=\"wp-block-list\">\n<li>\u2714&nbsp;produkty bazy danych importu modu\u0142\u00f3w + zam\u00f3wienia eksportu modu\u0142\u00f3w:<strong> -20%<\/strong><\/li>\n\n\n\n<li>\u2714&nbsp;Instalacja: <strong>W ZESTAWIE<\/strong><\/li>\n\n\n\n<li>\u2714Pomoc: przez pierwszy rok kalendarzowy <strong>BEZP\u0141ATNIE<\/strong><\/li>\n<\/ul>\n<\/div><\/div>\n\n\n\n<div style=\"height:30px\" aria-hidden=\"true\" class=\"wp-block-spacer\"><\/div>\n\n\n\n<div class=\"inherit-container-width wp-block-group has-background is-layout-constrained wp-block-group-is-layout-constrained\" style=\"background-color:#ffffff\"><div class=\"wp-block-group__inner-container\">\n<figure class=\"wp-block-image aligncenter size-large is-resized\"><img loading=\"lazy\" decoding=\"async\" src=\"https:\/\/dropshippingb2b.com\/wp-content\/uploads\/2022\/09\/syncee_logo_no_background-1024x576.png\" alt=\"\" class=\"wp-image-4692\" width=\"256\" height=\"144\" srcset=\"https:\/\/dropshippingb2b.com\/wp-content\/uploads\/2022\/09\/syncee_logo_no_background-1024x576.png 1024w, https:\/\/dropshippingb2b.com\/wp-content\/uploads\/2022\/09\/syncee_logo_no_background-300x169.png 300w, https:\/\/dropshippingb2b.com\/wp-content\/uploads\/2022\/09\/syncee_logo_no_background-768x432.png 768w, https:\/\/dropshippingb2b.com\/wp-content\/uploads\/2022\/09\/syncee_logo_no_background.png 1200w\" sizes=\"auto, (max-width: 256px) 100vw, 256px\" \/><\/figure>\n\n\n\n<p>Syncee.co to platforma B2B dla Dropshipper\u00f3w, Dostawc\u00f3w i Reseller\u00f3w.<\/p>\n\n\n\n<p>Pomaga znale\u017a\u0107 produkty, kt\u00f3re chcesz opublikowa\u0107 w swoim sklepie internetowym, umo\u017cliwiaj\u0105c wyb\u00f3r spo\u015br\u00f3d wielu wiarygodnych dostawc\u00f3w w celu nawi\u0105zania d\u0142ugotrwa\u0142ej wsp\u00f3\u0142pracy.<br>Pozwala zarz\u0105dza\u0107 \u0142atwym i szybkim przesy\u0142aniem i aktualizacj\u0105.<\/p>\n\n\n\n<div style=\"height:20px\" aria-hidden=\"true\" class=\"wp-block-spacer\"><\/div>\n\n\n\n<div style=\"height:20px\" aria-hidden=\"true\" class=\"wp-block-spacer\"><\/div>\n\n\n\n<h4 class=\"wp-block-heading\"><strong>Obs\u0142ugiwany CMS:<\/strong><\/h4>\n\n\n\n<figure class=\"wp-block-image aligncenter size-large\"><img loading=\"lazy\" decoding=\"async\" width=\"1024\" height=\"156\" src=\"https:\/\/dropshippingb2b.com\/wp-content\/uploads\/2022\/09\/syncee_cms-1024x156.png\" alt=\"\" class=\"wp-image-4705\" srcset=\"https:\/\/dropshippingb2b.com\/wp-content\/uploads\/2022\/09\/syncee_cms-1024x156.png 1024w, https:\/\/dropshippingb2b.com\/wp-content\/uploads\/2022\/09\/syncee_cms-300x46.png 300w, https:\/\/dropshippingb2b.com\/wp-content\/uploads\/2022\/09\/syncee_cms-768x117.png 768w, https:\/\/dropshippingb2b.com\/wp-content\/uploads\/2022\/09\/syncee_cms-1536x233.png 1536w, https:\/\/dropshippingb2b.com\/wp-content\/uploads\/2022\/09\/syncee_cms.png 1632w\" sizes=\"auto, (max-width: 1024px) 100vw, 1024px\" \/><\/figure>\n\n\n\n<div style=\"height:20px\" aria-hidden=\"true\" class=\"wp-block-spacer\"><\/div>\n\n\n\n<h4 class=\"wp-block-heading\"><strong><strong>Jaka oferta:<\/strong><\/strong><\/h4>\n\n\n\n<p>Szeroki asortyment wysokiej jako\u015bci produkt\u00f3w, kt\u00f3re mo\u017cna \u0142atwo i szybko zaimportowa\u0107 do sklepu internetowego.<\/p>\n\n\n\n<div style=\"height:20px\" aria-hidden=\"true\" class=\"wp-block-spacer\"><\/div>\n\n\n\n<h4 class=\"wp-block-heading\">Ile:<\/h4>\n\n\n\n<div style=\"height:20px\" aria-hidden=\"true\" class=\"wp-block-spacer\"><\/div>\n\n\n\n<p>Istniej\u0105 r\u00f3\u017cne miesi\u0119czne subskrypcje, aby zaspokoi\u0107 wszystkie r\u00f3\u017cne potrzeby biznesowe.<\/p>\n\n\n\n<div class=\"wp-block-buttons is-horizontal is-content-justification-center is-layout-flex wp-container-core-buttons-is-layout-1 wp-block-buttons-is-layout-flex\">\n<div class=\"wp-block-button is-style-fill\"><a class=\"wp-block-button__link wp-element-button\" href=\"https:\/\/syncee.co\/\" target=\"_blank\" rel=\"noreferrer noopener\">DOWIEDZ SI\u0118 WI\u0118CEJ NA SYNCEE.CO<\/a><\/div>\n<\/div>\n\n\n\n<div style=\"height:30px\" aria-hidden=\"true\" class=\"wp-block-spacer\"><\/div>\n<\/div><\/div>\n\n\n\n<div style=\"height:30px\" aria-hidden=\"true\" class=\"wp-block-spacer\"><\/div>\n\n\n\n<div class=\"inherit-container-width wp-block-group has-background is-layout-constrained wp-block-group-is-layout-constrained\" style=\"background-color:#ffffff\"><div class=\"wp-block-group__inner-container\">\n<figure class=\"wp-block-image aligncenter size-full is-resized\"><img loading=\"lazy\" decoding=\"async\" src=\"https:\/\/dropshippingb2b.com\/wp-content\/uploads\/2022\/01\/logo_sellrapido_2020.png\" alt=\"\" class=\"wp-image-3522\" width=\"211\" height=\"104\" srcset=\"https:\/\/dropshippingb2b.com\/wp-content\/uploads\/2022\/01\/logo_sellrapido_2020.png 843w, https:\/\/dropshippingb2b.com\/wp-content\/uploads\/2022\/01\/logo_sellrapido_2020-300x147.png 300w, https:\/\/dropshippingb2b.com\/wp-content\/uploads\/2022\/01\/logo_sellrapido_2020-768x377.png 768w\" sizes=\"auto, (max-width: 211px) 100vw, 211px\" \/><\/figure>\n\n\n\n<p class=\"has-text-align-center\"><strong>\u0141ATWO SPRZEDAWA\u0106 NA WSZYSTKICH RYNKU Z SELLRAPIDO<br>dla Ciebie ekskluzywny rabat 20%!<\/strong><\/p>\n\n\n\n<p>Od dzi\u015b pojawi\u0142y si\u0119 du\u017ce wiadomo\u015bci, kt\u00f3re pomog\u0105 Ci \u0142atwo zarz\u0105dza\u0107 wszystkimi Twoimi dzia\u0142aniami na Amazon, eBay, Cdiscount i wielu innych. Dropshipping zosta\u0142 partnerem Sellrapido!<br>Odsprzeda\u017c naszych produkt\u00f3w b\u0119dzie jeszcze \u0142atwiejsza: wystarczy zarejestrowa\u0107 si\u0119 w tej us\u0142udze i od razu zacz\u0105\u0107 zarabia\u0107, dzi\u0119ki mo\u017cliwo\u015bci obecno\u015bci w swoim sklepie internetowym na wielu platformach.<\/p>\n\n\n\n<div style=\"height:20px\" aria-hidden=\"true\" class=\"wp-block-spacer\"><\/div>\n\n\n\n<div class=\"wp-block-buttons is-horizontal is-content-justification-center is-layout-flex wp-container-core-buttons-is-layout-2 wp-block-buttons-is-layout-flex\"><\/div>\n\n\n\n<div style=\"height:20px\" aria-hidden=\"true\" class=\"wp-block-spacer\"><\/div>\n\n\n\n<h4 class=\"wp-block-heading\">Dostawca:<\/h4>\n\n\n\n<p class=\"has-text-align-center\">Sellrapido s.r.l.<br>via Montello 18, 40131 Bologna | P.IVA: 03270551207<br>tel <strong>+39-051-0217133<\/strong><\/p>\n\n\n\n<div style=\"height:20px\" aria-hidden=\"true\" class=\"wp-block-spacer\"><\/div>\n\n\n\n<h4 class=\"wp-block-heading\"><strong>Obs\u0142ugiwany CMS:<\/strong><\/h4>\n\n\n\n<figure class=\"wp-block-image aligncenter size-large is-resized\"><img loading=\"lazy\" decoding=\"async\" src=\"https:\/\/dropshippingb2b.com\/wp-content\/uploads\/2022\/01\/sellrapido_cms-1024x134.png\" alt=\"\" class=\"wp-image-3580\" width=\"512\" height=\"67\" srcset=\"https:\/\/dropshippingb2b.com\/wp-content\/uploads\/2022\/01\/sellrapido_cms-1024x134.png 1024w, https:\/\/dropshippingb2b.com\/wp-content\/uploads\/2022\/01\/sellrapido_cms-300x39.png 300w, https:\/\/dropshippingb2b.com\/wp-content\/uploads\/2022\/01\/sellrapido_cms-768x100.png 768w, https:\/\/dropshippingb2b.com\/wp-content\/uploads\/2022\/01\/sellrapido_cms.png 1200w\" sizes=\"auto, (max-width: 512px) 100vw, 512px\" \/><\/figure>\n\n\n\n<div style=\"height:20px\" aria-hidden=\"true\" class=\"wp-block-spacer\"><\/div>\n\n\n\n<h4 class=\"wp-block-heading\"><strong><strong>Obs\u0142ugiwany rynek:<\/strong><\/strong><\/h4>\n\n\n\n<figure class=\"wp-block-image aligncenter size-large is-resized\"><img loading=\"lazy\" decoding=\"async\" src=\"https:\/\/dropshippingb2b.com\/wp-content\/uploads\/2022\/01\/sellrapido_marketplace-1024x106.png\" alt=\"\" class=\"wp-image-3593\" width=\"768\" height=\"80\" srcset=\"https:\/\/dropshippingb2b.com\/wp-content\/uploads\/2022\/01\/sellrapido_marketplace-1024x106.png 1024w, https:\/\/dropshippingb2b.com\/wp-content\/uploads\/2022\/01\/sellrapido_marketplace-300x31.png 300w, https:\/\/dropshippingb2b.com\/wp-content\/uploads\/2022\/01\/sellrapido_marketplace-768x79.png 768w, https:\/\/dropshippingb2b.com\/wp-content\/uploads\/2022\/01\/sellrapido_marketplace.png 1200w\" sizes=\"auto, (max-width: 768px) 100vw, 768px\" \/><\/figure>\n\n\n\n<h4 class=\"wp-block-heading\"><strong><strong>Jaka oferta:<\/strong><\/strong><\/h4>\n\n\n\n<p><a rel=\"noreferrer noopener\" href=\"https:\/\/www.sellrapido.com\/\" target=\"_blank\">SellRapido<\/a>&nbsp;to produkt niezwykle \u0142atwy i prosty w obs\u0142udze, stworzony z my\u015bl\u0105 o rozwi\u0105zywaniu obiektywnych problem\u00f3w os\u00f3b posiadaj\u0105cych sklep internetowy.<br>Zarz\u0105dzanie handlem elektronicznym na wielu rynkach mo\u017ce by\u0107 trudne: konieczne jest kopiowanie i wklejanie danych w kilku zasobach, cz\u0119sto bardzo r\u00f3\u017cni\u0105cych si\u0119 od siebie; zarz\u0105dza\u0107 arkuszami danych produkt\u00f3w, cenami, promocjami i warunkami; wysy\u0142k\u0105 i fakturowaniem. Wszystko to dzi\u0119ki SellRapido mo\u017cna zarz\u0105dza\u0107 w unikalnym interfejsie.<\/p>\n\n\n\n<div style=\"height:20px\" aria-hidden=\"true\" class=\"wp-block-spacer\"><\/div>\n\n\n\n<h4 class=\"wp-block-heading\">Ile:<\/h4>\n\n\n\n<figure class=\"wp-block-image aligncenter size-large\"><img loading=\"lazy\" decoding=\"async\" width=\"1024\" height=\"350\" src=\"https:\/\/dropshippingb2b.com\/wp-content\/uploads\/2022\/09\/sellrapido_price-en-1024x350.jpeg\" alt=\"\" class=\"wp-image-4637\" srcset=\"https:\/\/dropshippingb2b.com\/wp-content\/uploads\/2022\/09\/sellrapido_price-en-1024x350.jpeg 1024w, https:\/\/dropshippingb2b.com\/wp-content\/uploads\/2022\/09\/sellrapido_price-en-300x103.jpeg 300w, https:\/\/dropshippingb2b.com\/wp-content\/uploads\/2022\/09\/sellrapido_price-en-768x262.jpeg 768w, https:\/\/dropshippingb2b.com\/wp-content\/uploads\/2022\/09\/sellrapido_price-en.jpeg 1200w\" sizes=\"auto, (max-width: 1024px) 100vw, 1024px\" \/><\/figure>\n\n\n\n<div style=\"height:20px\" aria-hidden=\"true\" class=\"wp-block-spacer\"><\/div>\n\n\n\n<div class=\"wp-block-buttons is-horizontal is-content-justification-center is-layout-flex wp-container-core-buttons-is-layout-3 wp-block-buttons-is-layout-flex\">\n<div class=\"wp-block-button is-style-fill\"><a class=\"wp-block-button__link wp-element-button\" href=\"https:\/\/www.sellrapido.com\/\" target=\"_blank\" rel=\"noreferrer noopener\">DOWIEDZ SI\u0118 WI\u0118CEJ NA SELLRAPIDO.COM<\/a><\/div>\n<\/div>\n\n\n\n<div style=\"height:30px\" aria-hidden=\"true\" class=\"wp-block-spacer\"><\/div>\n<\/div><\/div>\n\n\n\n<div style=\"height:30px\" aria-hidden=\"true\" class=\"wp-block-spacer\"><\/div>\n\n\n\n<div class=\"inherit-container-width wp-block-group has-background is-layout-constrained wp-block-group-is-layout-constrained\" style=\"background-color:#ffffff\"><div class=\"wp-block-group__inner-container\">\n<h4 class=\"wp-block-heading\">Dostawca:<\/h4>\n\n\n\n<figure class=\"wp-block-image aligncenter size-full\"><img loading=\"lazy\" decoding=\"async\" width=\"250\" height=\"84\" src=\"https:\/\/dropshippingb2b.com\/wp-content\/uploads\/2022\/01\/import2shop_logo.png\" alt=\"\" class=\"wp-image-3621\"\/><\/figure>\n\n\n\n<p>Dropshipping z dum\u0105 og\u0142asza partnerstwo z Import2shop, startupem z siedzib\u0105 w Niemczech. Wsp\u00f3\u0142praca wynika ze wsp\u00f3lnej wizji, kt\u00f3r\u0105 mamy, aby da\u0107 Ci najlepsz\u0105 technologi\u0119, u\u0142atwiaj\u0105c w ten spos\u00f3b proces i wyb\u00f3r zakupu klientom.<\/p>\n\n\n\n<p class=\"has-text-align-center\"><a rel=\"noreferrer noopener\" href=\"https:\/\/import2shop.com\/de\/\" target=\"_blank\">Import2shop<\/a><br>Rudolf-Breitscheid-Str. 2b Lauchhammer 01979<br>Tel: <strong>+ 49 3574 86 93 342 <\/strong><br>e-mail:&nbsp;<a href=\"mailto:support@import2shop.com\">support@import2shop.com<\/a><\/p>\n\n\n\n<h4 class=\"wp-block-heading\"><strong>Obs\u0142ugiwany CMS:<\/strong><\/h4>\n\n\n\n<figure class=\"wp-block-image aligncenter size-large is-resized\"><img loading=\"lazy\" decoding=\"async\" src=\"https:\/\/dropshippingb2b.com\/wp-content\/uploads\/2022\/01\/Screenshot-2022-01-11-at-17.38.37-1024x293.png\" alt=\"\" class=\"wp-image-3634\" width=\"512\" height=\"147\" srcset=\"https:\/\/dropshippingb2b.com\/wp-content\/uploads\/2022\/01\/Screenshot-2022-01-11-at-17.38.37-1024x293.png 1024w, https:\/\/dropshippingb2b.com\/wp-content\/uploads\/2022\/01\/Screenshot-2022-01-11-at-17.38.37-300x86.png 300w, https:\/\/dropshippingb2b.com\/wp-content\/uploads\/2022\/01\/Screenshot-2022-01-11-at-17.38.37-768x220.png 768w, https:\/\/dropshippingb2b.com\/wp-content\/uploads\/2022\/01\/Screenshot-2022-01-11-at-17.38.37.png 1224w\" sizes=\"auto, (max-width: 512px) 100vw, 512px\" \/><\/figure>\n\n\n\n<h4 class=\"wp-block-heading\"><strong><strong>Jaka oferta:<\/strong><\/strong><\/h4>\n\n\n\n<p>Preformatowane cenniki CSV dla CMS &#8222;GAMBIO&#8221; oraz integracja z rynkiem ebay.<\/p>\n\n\n\n<div style=\"height:20px\" aria-hidden=\"true\" class=\"wp-block-spacer\"><\/div>\n\n\n\n<h4 class=\"wp-block-heading\">Ile:<\/h4>\n\n\n\n<p class=\"has-text-align-center\">JEDNORAZOWA INSTALACJA 169,00\u20ac<br>KOSZT MIESI\u0118CZNY 69,00\u20ac w ofercie zamiast 79,00\u20ac<\/p>\n\n\n\n<div style=\"height:20px\" aria-hidden=\"true\" class=\"wp-block-spacer\"><\/div>\n\n\n\n<div class=\"wp-block-buttons is-horizontal is-content-justification-center is-layout-flex wp-container-core-buttons-is-layout-4 wp-block-buttons-is-layout-flex\">\n<div class=\"wp-block-button\"><a class=\"wp-block-button__link wp-element-button\" href=\"https:\/\/import2shop.com\/\" target=\"_blank\" rel=\"noreferrer noopener\">ZNAJD\u0179 WI\u0118CEJ NA STRONIE IMPORT2SHOP.COM<\/a><\/div>\n<\/div>\n\n\n\n<div style=\"height:30px\" aria-hidden=\"true\" class=\"wp-block-spacer\"><\/div>\n<\/div><\/div>\n\n\n\n<div class=\"inherit-container-width wp-block-group has-background is-layout-constrained wp-block-group-is-layout-constrained\" style=\"background-color:#ffffff\"><div class=\"wp-block-group__inner-container\"><\/div><\/div>\n<\/div><\/div>\n","protected":false},"excerpt":{"rendered":"<p>Chcesz z nami uzewn\u0119trzni\u0107 rozw\u00f3j integracji?Nie masz wewn\u0119trznego zespo\u0142u IT, czy po prostu wolisz polega\u0107 na istniej\u0105cym i przetestowanym rozwi\u0105zaniu? Powierz si\u0119 jednemu z naszych partner\u00f3w! Nasze Flowy s\u0105 testowane i u\u017cywane przez dziesi\u0105tki klient\u00f3w, s\u0105 standardowymi przep\u0142ywami i mog\u0105 by\u0107 zintegrowane przez ka\u017cdy e-commerce, ale je\u015bli Tw\u00f3j by\u0142 opracowany na jednym z najcz\u0119\u015bciej u\u017cywanych [&hellip;]<\/p>\n","protected":false},"author":1,"featured_media":0,"parent":0,"menu_order":0,"comment_status":"closed","ping_status":"closed","template":"","meta":{"inline_featured_image":false,"site-sidebar-layout":"default","site-content-layout":"plain-container","ast-site-content-layout":"","site-content-style":"default","site-sidebar-style":"default","ast-global-header-display":"","ast-banner-title-visibility":"","ast-main-header-display":"","ast-hfb-above-header-display":"","ast-hfb-below-header-display":"","ast-hfb-mobile-header-display":"","site-post-title":"disabled","ast-breadcrumbs-content":"","ast-featured-img":"","footer-sml-layout":"","theme-transparent-header-meta":"default","adv-header-id-meta":"","stick-header-meta":"","header-above-stick-meta":"","header-main-stick-meta":"","header-below-stick-meta":"","astra-migrate-meta-layouts":"default","ast-page-background-enabled":"default","ast-page-background-meta":{"desktop":{"background-color":"","background-image":"","background-repeat":"repeat","background-position":"center center","background-size":"auto","background-attachment":"scroll","background-type":"","background-media":"","overlay-type":"","overlay-color":"","overlay-opacity":"","overlay-gradient":""},"tablet":{"background-color":"","background-image":"","background-repeat":"repeat","background-position":"center center","background-size":"auto","background-attachment":"scroll","background-type":"","background-media":"","overlay-type":"","overlay-color":"","overlay-opacity":"","overlay-gradient":""},"mobile":{"background-color":"","background-image":"","background-repeat":"repeat","background-position":"center center","background-size":"auto","background-attachment":"scroll","background-type":"","background-media":"","overlay-type":"","overlay-color":"","overlay-opacity":"","overlay-gradient":""}},"ast-content-background-meta":{"desktop":{"background-color":"var(--ast-global-color-5)","background-image":"","background-repeat":"repeat","background-position":"center center","background-size":"auto","background-attachment":"scroll","background-type":"","background-media":"","overlay-type":"","overlay-color":"","overlay-opacity":"","overlay-gradient":""},"tablet":{"background-color":"var(--ast-global-color-5)","background-image":"","background-repeat":"repeat","background-position":"center center","background-size":"auto","background-attachment":"scroll","background-type":"","background-media":"","overlay-type":"","overlay-color":"","overlay-opacity":"","overlay-gradient":""},"mobile":{"background-color":"var(--ast-global-color-5)","background-image":"","background-repeat":"repeat","background-position":"center center","background-size":"auto","background-attachment":"scroll","background-type":"","background-media":"","overlay-type":"","overlay-color":"","overlay-opacity":"","overlay-gradient":""}},"footnotes":""},"class_list":["post-2193","page","type-page","status-publish","hentry"],"_links":{"self":[{"href":"https:\/\/dropshippingb2b.com\/pl\/wp-json\/wp\/v2\/pages\/2193","targetHints":{"allow":["GET"]}}],"collection":[{"href":"https:\/\/dropshippingb2b.com\/pl\/wp-json\/wp\/v2\/pages"}],"about":[{"href":"https:\/\/dropshippingb2b.com\/pl\/wp-json\/wp\/v2\/types\/page"}],"author":[{"embeddable":true,"href":"https:\/\/dropshippingb2b.com\/pl\/wp-json\/wp\/v2\/users\/1"}],"replies":[{"embeddable":true,"href":"https:\/\/dropshippingb2b.com\/pl\/wp-json\/wp\/v2\/comments?post=2193"}],"version-history":[{"count":15,"href":"https:\/\/dropshippingb2b.com\/pl\/wp-json\/wp\/v2\/pages\/2193\/revisions"}],"predecessor-version":[{"id":7263,"href":"https:\/\/dropshippingb2b.com\/pl\/wp-json\/wp\/v2\/pages\/2193\/revisions\/7263"}],"wp:attachment":[{"href":"https:\/\/dropshippingb2b.com\/pl\/wp-json\/wp\/v2\/media?parent=2193"}],"curies":[{"name":"wp","href":"https:\/\/api.w.org\/{rel}","templated":true}]}}