{"id":1877,"date":"2021-07-16T18:57:17","date_gmt":"2021-07-16T18:57:17","guid":{"rendered":"https:\/\/dsb2b.assemblyweb.net\/returns"},"modified":"2022-10-26T10:52:33","modified_gmt":"2022-10-26T10:52:33","slug":"zwroty","status":"publish","type":"page","link":"https:\/\/dropshippingb2b.com\/pl\/zwroty","title":{"rendered":"Zwroty"},"content":{"rendered":"\n<div class=\"wp-block-cover alignfull\" style=\"min-height:350px;aspect-ratio:unset;\"><span aria-hidden=\"true\" class=\"wp-block-cover__background has-background-dim-0 has-background-dim\"><\/span><img loading=\"lazy\" decoding=\"async\" width=\"1200\" height=\"1600\" class=\"wp-block-cover__image-background wp-image-2834\" alt=\"\" src=\"https:\/\/dropshippingb2b.com\/wp-content\/uploads\/2022\/01\/wwtech-portada-duotone.jpg\" data-object-fit=\"cover\" srcset=\"https:\/\/dropshippingb2b.com\/wp-content\/uploads\/2022\/01\/wwtech-portada-duotone.jpg 1200w, https:\/\/dropshippingb2b.com\/wp-content\/uploads\/2022\/01\/wwtech-portada-duotone-225x300.jpg 225w, https:\/\/dropshippingb2b.com\/wp-content\/uploads\/2022\/01\/wwtech-portada-duotone-768x1024.jpg 768w, https:\/\/dropshippingb2b.com\/wp-content\/uploads\/2022\/01\/wwtech-portada-duotone-1152x1536.jpg 1152w, https:\/\/dropshippingb2b.com\/wp-content\/uploads\/2022\/01\/wwtech-portada-duotone-300x400.jpg 300w\" sizes=\"auto, (max-width: 1200px) 100vw, 1200px\" \/><div class=\"wp-block-cover__inner-container is-layout-flow wp-block-cover-is-layout-flow\">\n<h2 class=\"has-text-color wp-block-heading\" style=\"color:#ffffff\">Zwroty <\/h2>\n<\/div><\/div>\n\n\n\n<div class=\"inherit-container-width wp-block-group alignfull has-background is-layout-constrained wp-block-group-is-layout-constrained\" style=\"background-color:#f6f6f6\"><div class=\"wp-block-group__inner-container\">\n<div class=\"inherit-container-width wp-block-group has-white-background-color has-background is-layout-constrained wp-block-group-is-layout-constrained\"><div class=\"wp-block-group__inner-container\">\n<h3 class=\"has-text-align-center wp-block-heading\"><strong>Returns B2B vs B2C<\/strong><\/h3>\n\n\n\n<figure class=\"wp-block-image aligncenter size-full is-resized\"><img loading=\"lazy\" decoding=\"async\" src=\"https:\/\/dropshippingb2b.com\/wp-content\/uploads\/2022\/09\/infograph_reso_en.jpeg\" alt=\"\" class=\"wp-image-4479\" width=\"556\" height=\"587\" srcset=\"https:\/\/dropshippingb2b.com\/wp-content\/uploads\/2022\/09\/infograph_reso_en.jpeg 741w, https:\/\/dropshippingb2b.com\/wp-content\/uploads\/2022\/09\/infograph_reso_en-284x300.jpeg 284w, https:\/\/dropshippingb2b.com\/wp-content\/uploads\/2022\/09\/infograph_reso_en-300x317.jpeg 300w\" sizes=\"auto, (max-width: 556px) 100vw, 556px\" \/><\/figure>\n\n\n\n<h4 class=\"has-text-align-center wp-block-heading\">Zwroty B2B vs B2C<\/h4>\n\n\n\n<p>Przypominamy, \u017ce dzia\u0142aj\u0105c jako sprzedawca\/dostawca w relacjach biznesowych ze sprzedawcami Dropshipping przestrzega wytycznych B2B (business-to-business).<\/p>\n\n\n\n<p>Zasady zwrot\u00f3w s\u0105 takie same, jak w przypadku zakup\u00f3w hurtowych na stronie internetowej, z kt\u00f3r\u0105 zamierzasz po\u0142\u0105czy\u0107 swoj\u0105 firm\u0119 dropshipping.<\/p>\n\n\n\n<div class=\"wp-block-buttons is-horizontal is-content-justification-center is-layout-flex wp-container-core-buttons-is-layout-1 wp-block-buttons-is-layout-flex\">\n<div class=\"wp-block-button\"><a class=\"wp-block-button__link\" href=\"https:\/\/www.wwt.it\/en\/info\/backorders-&amp;-returns\/backorders-returns\" target=\"_blank\" rel=\"noreferrer noopener\">Zapoznaj si\u0119 z polityk\u0105 zwrot\u00f3w B2B<\/a><\/div>\n<\/div>\n\n\n\n<div style=\"height:30px\" aria-hidden=\"true\" class=\"wp-block-spacer\"><\/div>\n\n\n\n<p>Mimo i\u017c wszystkie produkty podlegaj\u0105 dok\u0142adnemu sprawdzeniu tu\u017c po dostawie (aby unikn\u0105\u0107 posiadania w naszym magazynie wadliwych i niedzia\u0142aj\u0105cych produkt\u00f3w), wy\u0142\u0105cznie w przypadku towar\u00f3w sprzedawanych na zam\u00f3wienie dropshipping, logistyka przeprowadza drug\u0105 kontrol\u0119 przed ich wysy\u0142k\u0105, aby zapewni\u0107, \u017ce wszystkie produkty s\u0105 w idealnym stanie, w tym weryfikacj\u0119 stanu na\u0142adowania baterii (gdy\u017c roz\u0142adowanie mo\u017ce nast\u0105pi\u0107 w czasie przebywania na magazynie).<\/p>\n\n\n\n<p>Procedura ta zosta\u0142a wypracowana, aby zapewni\u0107, \u017ce do klienta ko\u0144cowego wysy\u0142ane s\u0105 tylko i wy\u0142\u0105cznie produkty w stanie idealnym, unikaj\u0105c spor\u00f3w pomi\u0119dzy dostawc\u0105 a sprzedawc\u0105, poniewa\u017c \u017caden z nich nie widzi ani nie ma kontaktu ze sprzedawanymi&nbsp; produktami. Operator dropshipping posiada pe\u0142ne zaufanie do pracy wykonanej przez Logistyk\u0119, sprawdzania i wysy\u0142ania towar\u00f3w do klient\u00f3w ko\u0144cowych w imieniu sprzedawcy.<\/p>\n\n\n\n<p>Opieraj\u0105c si\u0119 na wcze\u015bniejszych do\u015bwiadczeniach, niestety zdarza\u0142o si\u0119, \u017ce niekt\u00f3rzy klienci twierdzili, \u017ce otrzymali niedzia\u0142aj\u0105cy przedmiot, a nawet utrzymywali, \u017ce by\u0142 to on u\u017cywany: mo\u017cna to ca\u0142kowicie wykluczy\u0107 dzi\u0119ki rodzajowi \u015bwiadczonej przez nas us\u0142ugi. Dodatkowo &nbsp;ka\u017cdy sprzedawca jest zaproszony do odwiedzenia naszego dzia\u0142u Logistyki w dowolnym momencie, aby osobi\u015bcie zweryfikowa\u0107 jako\u015b\u0107 i dok\u0142adno\u015b\u0107 oferowanych us\u0142ug. W \u017caden spos\u00f3b nie przyjmiemy odpowiedzialno\u015bci za skargi nie w pe\u0142ni uczciwych klient\u00f3w ko\u0144cowych.<\/p>\n\n\n\n<ul class=\"wp-block-list\"><li>Je\u015bli \u015bwiadcz\u0105 Pa\u0144stwo typowy Dropshipping, czyli towary wysy\u0142ane s\u0105 bezpo\u015brednio do klient\u00f3w ko\u0144cowych, przypominamy, \u017ce zwroty nie mog\u0105 by\u0107 wysy\u0142ane od prywatnego klienta do nas jako dostawcy, ale musz\u0105 zosta\u0107 zwr\u00f3cone sprzedawcy (Pa\u0144stwu). Umowy mi\u0119dzy klientem ko\u0144cowym a sprzedawc\u0105 b\u0119d\u0105 zawierane przez Pa\u0144stwo i pozostan\u0105 niezale\u017cne od tego, jak zostanie to ostatecznie rozwi\u0105zane z dostawc\u0105 hurtowym.<\/li><li>Je\u015bli zamiast tego nie wys\u0142aj\u0105 Pa\u0144stwo bezpo\u015brednich zam\u00f3wie\u0144 dropshipping, ale dostarczaj\u0105 nasze towary pod sw\u00f3j adres i stamt\u0105d wysy\u0142aj\u0105 je do swoich klient\u00f3w &#8211; &nbsp;w przypadku problem\u00f3w przypominamy (zgodnie z polityk\u0105 zwrot\u00f3w jak powy\u017cej), \u017ce musz\u0105 nas Pa\u0144stwo poinformowa\u0107 o tym tak szybko, jak to najp\u00f3\u017aniej &nbsp;w ci\u0105gu 8 dni od otrzymania towaru.<\/li><\/ul>\n\n\n\n<p class=\"has-text-color has-background\" style=\"background-color:#fae3d4;color:#e5742e\"><strong><strong><strong>UWAGA!<\/strong>&nbsp;Przypominamy, \u017ce zasady zwrot\u00f3w B2B s\u0105 inne ni\u017c w przypadku B2C; a w szczeg\u00f3lno\u015bci \u201cPrawo do zwrotu towaru\u201d jest norm\u0105 przewidzian\u0105 przez ustawodawc\u0119 w celu ochrony konsument\u00f3w prywatnych i ma zastosowanie tylko w stosunku do nich.<\/strong><\/strong><\/p>\n\n\n\n<p><strong>P.S.<\/strong>&nbsp;Ze wzgl\u0119du na wzajemn\u0105 i sta\u0142\u0105 wsp\u00f3\u0142prac\u0119, w przypadku osi\u0105gni\u0119cia liczby zwrot\u00f3w przewy\u017cszaj\u0105cej mo\u017cliwo\u015bci finansowe Pa\u0144stwa sklepu, nasza firma pozostaje do dyspozycji, aby od czasu do czasu wzi\u0105\u0107 po uwag\u0119 przyj\u0119cie zwr\u00f3conych towar\u00f3w i wystawia\u0107 je z powrotem na sprzeda\u017c za po\u015brednictwem naszego kana\u0142u dystrybucyjnego.<\/p>\n<\/div><\/div>\n<\/div><\/div>\n\n\n\n<div class=\"inherit-container-width wp-block-group alignfull has-background is-layout-constrained wp-block-group-is-layout-constrained\" style=\"background-color:#fae4d6\"><div class=\"wp-block-group__inner-container\">\n<h3 class=\"has-text-align-center wp-block-heading\">WCI\u0104\u017b W\u0104TPLIWO\u015aCI?<\/h3>\n\n\n\n<p class=\"has-text-align-center\">Sprawd\u017a najcz\u0119\u015bciej zadawane pytania lub porozmawiaj z jednym z nas<\/p>\n\n\n\n<div class=\"wp-block-columns is-layout-flex wp-container-core-columns-is-layout-1 wp-block-columns-is-layout-flex\">\n<div class=\"wp-block-column is-vertically-aligned-center is-layout-flow wp-block-column-is-layout-flow\">\n<div class=\"wp-block-buttons is-horizontal is-content-justification-center is-layout-flex wp-container-core-buttons-is-layout-2 wp-block-buttons-is-layout-flex\">\n<div class=\"wp-block-button is-style-outline is-style-outline--1\"><a class=\"wp-block-button__link has-text-color\" href=\"\/pl\/faq\" style=\"color:#e5742e\">ODWIED\u0179 FAQ<\/a><\/div>\n\n\n\n<div class=\"wp-block-button is-style-fill\"><a class=\"wp-block-button__link\" href=\"\/pl\/kontakt\">SKONTAKTUJ SI\u0118 Z NAMI<\/a><\/div>\n<\/div>\n<\/div>\n<\/div>\n<\/div><\/div>\n","protected":false},"excerpt":{"rendered":"<p>Returns B2B vs B2C Zwroty B2B vs B2C Przypominamy, \u017ce dzia\u0142aj\u0105c jako sprzedawca\/dostawca w relacjach biznesowych ze sprzedawcami Dropshipping przestrzega wytycznych B2B (business-to-business). Zasady zwrot\u00f3w s\u0105 takie same, jak w przypadku zakup\u00f3w hurtowych na stronie internetowej, z kt\u00f3r\u0105 zamierzasz po\u0142\u0105czy\u0107 swoj\u0105 firm\u0119 dropshipping. Mimo i\u017c wszystkie produkty podlegaj\u0105 dok\u0142adnemu sprawdzeniu tu\u017c po dostawie (aby unikn\u0105\u0107 [&hellip;]<\/p>\n","protected":false},"author":1,"featured_media":0,"parent":0,"menu_order":0,"comment_status":"closed","ping_status":"closed","template":"","meta":{"inline_featured_image":false,"site-sidebar-layout":"default","site-content-layout":"plain-container","ast-site-content-layout":"","site-content-style":"default","site-sidebar-style":"default","ast-global-header-display":"","ast-banner-title-visibility":"","ast-main-header-display":"","ast-hfb-above-header-display":"","ast-hfb-below-header-display":"","ast-hfb-mobile-header-display":"","site-post-title":"disabled","ast-breadcrumbs-content":"","ast-featured-img":"","footer-sml-layout":"","theme-transparent-header-meta":"default","adv-header-id-meta":"","stick-header-meta":"","header-above-stick-meta":"","header-main-stick-meta":"","header-below-stick-meta":"","astra-migrate-meta-layouts":"default","ast-page-background-enabled":"default","ast-page-background-meta":{"desktop":{"background-color":"","background-image":"","background-repeat":"repeat","background-position":"center center","background-size":"auto","background-attachment":"scroll","background-type":"","background-media":"","overlay-type":"","overlay-color":"","overlay-opacity":"","overlay-gradient":""},"tablet":{"background-color":"","background-image":"","background-repeat":"repeat","background-position":"center center","background-size":"auto","background-attachment":"scroll","background-type":"","background-media":"","overlay-type":"","overlay-color":"","overlay-opacity":"","overlay-gradient":""},"mobile":{"background-color":"","background-image":"","background-repeat":"repeat","background-position":"center center","background-size":"auto","background-attachment":"scroll","background-type":"","background-media":"","overlay-type":"","overlay-color":"","overlay-opacity":"","overlay-gradient":""}},"ast-content-background-meta":{"desktop":{"background-color":"var(--ast-global-color-5)","background-image":"","background-repeat":"repeat","background-position":"center center","background-size":"auto","background-attachment":"scroll","background-type":"","background-media":"","overlay-type":"","overlay-color":"","overlay-opacity":"","overlay-gradient":""},"tablet":{"background-color":"var(--ast-global-color-5)","background-image":"","background-repeat":"repeat","background-position":"center center","background-size":"auto","background-attachment":"scroll","background-type":"","background-media":"","overlay-type":"","overlay-color":"","overlay-opacity":"","overlay-gradient":""},"mobile":{"background-color":"var(--ast-global-color-5)","background-image":"","background-repeat":"repeat","background-position":"center center","background-size":"auto","background-attachment":"scroll","background-type":"","background-media":"","overlay-type":"","overlay-color":"","overlay-opacity":"","overlay-gradient":""}},"footnotes":""},"class_list":["post-1877","page","type-page","status-publish","hentry"],"_links":{"self":[{"href":"https:\/\/dropshippingb2b.com\/pl\/wp-json\/wp\/v2\/pages\/1877","targetHints":{"allow":["GET"]}}],"collection":[{"href":"https:\/\/dropshippingb2b.com\/pl\/wp-json\/wp\/v2\/pages"}],"about":[{"href":"https:\/\/dropshippingb2b.com\/pl\/wp-json\/wp\/v2\/types\/page"}],"author":[{"embeddable":true,"href":"https:\/\/dropshippingb2b.com\/pl\/wp-json\/wp\/v2\/users\/1"}],"replies":[{"embeddable":true,"href":"https:\/\/dropshippingb2b.com\/pl\/wp-json\/wp\/v2\/comments?post=1877"}],"version-history":[{"count":7,"href":"https:\/\/dropshippingb2b.com\/pl\/wp-json\/wp\/v2\/pages\/1877\/revisions"}],"predecessor-version":[{"id":6506,"href":"https:\/\/dropshippingb2b.com\/pl\/wp-json\/wp\/v2\/pages\/1877\/revisions\/6506"}],"wp:attachment":[{"href":"https:\/\/dropshippingb2b.com\/pl\/wp-json\/wp\/v2\/media?parent=1877"}],"curies":[{"name":"wp","href":"https:\/\/api.w.org\/{rel}","templated":true}]}}