{"id":1453,"date":"2021-07-14T21:42:39","date_gmt":"2021-07-14T21:42:39","guid":{"rendered":"https:\/\/dsb2b.assemblyweb.net\/logistics"},"modified":"2026-02-20T17:23:41","modified_gmt":"2026-02-20T16:23:41","slug":"logistyka","status":"publish","type":"page","link":"https:\/\/dropshippingb2b.com\/pl\/logistyka","title":{"rendered":"Logistyka"},"content":{"rendered":"\n<div class=\"wp-block-cover alignfull\" style=\"min-height:350px;aspect-ratio:unset;\"><span aria-hidden=\"true\" class=\"wp-block-cover__background has-background-dim-0 has-background-dim\" style=\"background-color:#000000\"><\/span><img loading=\"lazy\" decoding=\"async\" width=\"1200\" height=\"1600\" class=\"wp-block-cover__image-background wp-image-2834\" alt=\"\" src=\"https:\/\/dropshippingb2b.com\/wp-content\/uploads\/2022\/01\/wwtech-portada-duotone.jpg\" data-object-fit=\"cover\" srcset=\"https:\/\/dropshippingb2b.com\/wp-content\/uploads\/2022\/01\/wwtech-portada-duotone.jpg 1200w, https:\/\/dropshippingb2b.com\/wp-content\/uploads\/2022\/01\/wwtech-portada-duotone-225x300.jpg 225w, https:\/\/dropshippingb2b.com\/wp-content\/uploads\/2022\/01\/wwtech-portada-duotone-768x1024.jpg 768w, https:\/\/dropshippingb2b.com\/wp-content\/uploads\/2022\/01\/wwtech-portada-duotone-1152x1536.jpg 1152w, https:\/\/dropshippingb2b.com\/wp-content\/uploads\/2022\/01\/wwtech-portada-duotone-300x400.jpg 300w\" sizes=\"auto, (max-width: 1200px) 100vw, 1200px\" \/><div class=\"wp-block-cover__inner-container is-layout-flow wp-block-cover-is-layout-flow\">\n<h2 class=\"wp-block-heading alignwide has-text-color\" style=\"color:#ffffff\">Transport i logistyka<br><\/h2>\n<\/div><\/div>\n\n\n\n<div class=\"inherit-container-width wp-block-group alignfull has-background is-layout-constrained wp-block-group-is-layout-constrained\" style=\"background-color:#f6f6f6\"><div class=\"wp-block-group__inner-container\">\n<div class=\"inherit-container-width wp-block-group mt--50 has-background is-layout-constrained wp-block-group-is-layout-constrained\" style=\"background-color:#ffffff\"><div class=\"wp-block-group__inner-container\">\n<p>Dzi\u0119ki naszemu &#8222;<strong>Kompleksowemu Serwisowi<\/strong>&#8221; dzia\u0142 logistyczny przygotuje i dostarczy przesy\u0142k\u0119 bezpo\u015brednio do klienta. Opcja ta zawiera obs\u0142ug\u0119 logistyczn\u0105 i wysy\u0142k\u0119 za po\u015brednictwem jednego z naszych kurier\u00f3w (FeDex, DHL, UPS).<\/p>\n\n\n\n<p>&#8222;Kompleksowy serwis&#8221; cennik:<\/p>\n\n\n\n<figure class=\"wp-block-table\"><table><tbody><tr><td><strong><strong>DESTINATION<\/strong><\/strong><\/td><td><strong><strong>COST<\/strong><\/strong><\/td><td><strong><strong>COURIER<\/strong><\/strong><\/td><\/tr><tr><td>W\u0142ochy<\/td><td>(6,50\u20ac + 3,90\u20ac) 10,40\u20ac<\/td><td>DHL \u2013 GLS &#8211; TNT<\/td><\/tr><tr><td>Zachodnia UE (AT, BE, DE, DK, ES, FI, FR, GR, IE, LU, NL, PT, SE)<\/td><td>(12,50\u20ac + 3,90\u20ac) 16,40\u20ac<\/td><td>DHL \u2013 FedEx<br>UPS &#8211; GLS<\/td><\/tr><tr><td>Wschodnia UE (BG, CY, CZ, EE, HR, HU, LT, LV, MT, PL, RO, SK, SI)<\/td><td>(14,00\u20ac + 3,90\u20ac) 17,90\u20ac<\/td><td>DHL \u2013 FedEx<br>UPS &#8211; GLS<\/td><\/tr><tr><td>USA\/Kanada + Kraje europejskie NIEuwzgl\u0119dnione w UE (AD, CH, GB, GI, IS, LI, NO)&nbsp;<\/td><td>(17,00\u20ac + 4,00\u20ac + 3,90\u20ac) 24,90\u20ac<\/td><td>DHL \u2013 FedEx &#8211; UPS<\/td><\/tr><tr><td>Afryka P\u00f3\u0142nocna (DZ, EG, LY, MA, TN), Bliski Wsch\u00f3d (AE, KW, OM, QA, SA), Meksyk, Singapur, HK, Japonia<\/td><td>(26,00\u20ac + 4,00\u20ac + 3,90\u20ac) 33,90\u20ac<\/td><td>DHL \u2013 FedEx \u2013 UPS<\/td><\/tr><tr><td>Kraje Europy Wschodniej NIEuwzgl\u0119dnione w UE (AL, BA, MD, ME, MK, RS, TR, UA, XK)<\/td><td>(29,00\u20ac + 4,00\u20ac + 3,90\u20ac) 36,90\u20ac<\/td><td>DHL \u2013 FedEx \u2013 UPS<\/td><\/tr><tr><td>Reszta \u015bwiata (z wy\u0142\u0105czeniem Federacji Rosyjskiej i Bia\u0142orusi)<\/td><td>(36,00\u20ac + 4,00\u20ac + 3,90\u20ac) 43,90\u20ac<\/td><td>DHL \u2013 FedEx \u2013 UPS<\/td><\/tr><\/tbody><\/table><\/figure>\n<\/div><\/div>\n\n\n\n<div style=\"height:30px\" aria-hidden=\"true\" class=\"wp-block-spacer\"><\/div>\n\n\n\n<div class=\"inherit-container-width wp-block-group has-background is-layout-constrained wp-block-group-is-layout-constrained\" style=\"background-color:#ffffff\"><div class=\"wp-block-group__inner-container\">\n<h3 class=\"wp-block-heading has-text-align-center\">Obs\u0142uga standardowa<\/h3>\n\n\n\n<p>Us\u0142uga logistyczna polega na przygotowaniu pakietu dla klienta ko\u0144cowego; Dzia\u0142 logistyczny zajmuje si\u0119 pakowaniem ka\u017cdego produktu, przygotowaniem i przekazaniem przesy\u0142ki jednemu z naszych kurier\u00f3w.<\/p>\n\n\n\n<ol class=\"wp-block-list\">\n<li><strong>Pakowanie produktu<\/strong> przy pomocy potr\u00f3jnego bia\u0142ego kartonowego pude\u0142ka, dostosowuj\u0105c odpowiedni rozmiar do wielko\u015bci produktu, w celu zminimalizowania jego obj\u0119to\u015bci i optymalizacji koszt\u00f3w wysy\u0142ki.<\/li>\n\n\n\n<li><strong>Przygotowanie <\/strong>kuriera AWB.<\/li>\n\n\n\n<li><strong>Termoizolacja ka\u017cdej <\/strong>z przesy\u0142ek.<\/li>\n\n\n\n<li><strong>Przekazane przesy\u0142ki<\/strong> kurierowi.<\/li>\n\n\n\n<li><strong>Dodanie numeru nadania <\/strong>na platformie dropshipping w celu \u015bledzenia przesy\u0142ki.<\/li>\n<\/ol>\n\n\n\n<p>Ka\u017cdy dodatkowy przedmiot maj\u0105cy to samo miejsce docelowe&nbsp;<strong>taniej o 50%.<\/strong><\/p>\n\n\n\n<div style=\"height:50px\" aria-hidden=\"true\" class=\"wp-block-spacer\"><\/div>\n\n\n\n<p class=\"has-text-align-center has-text-color has-background\" style=\"color:#e5742e;background-color:#fae3d4\"><strong>Opr\u00f3cz standardowego procesu, mo\u017cesz zam\u00f3wi\u0107 us\u0142ugi dodatkowe dostosowane do przesy\u0142ek.<\/strong><\/p>\n\n\n\n<div style=\"height:20px\" aria-hidden=\"true\" class=\"wp-block-spacer\"><\/div>\n\n\n\n<div class=\"wp-block-buttons is-horizontal is-content-justification-center is-layout-flex wp-container-core-buttons-is-layout-1 wp-block-buttons-is-layout-flex\">\n<div class=\"wp-block-button\"><a class=\"wp-block-button__link wp-element-button\" href=\"\/wp-content\/uploads\/2022\/09\/personalized_logistic_options_eng.pdf\" target=\"_blank\" rel=\"noreferrer noopener\">TUTAJ ODKRYJ OPCJE DOSTOSOWANIA<\/a><\/div>\n<\/div>\n\n\n\n<div style=\"height:30px\" aria-hidden=\"true\" class=\"wp-block-spacer\"><\/div>\n<\/div><\/div>\n\n\n\n<div style=\"height:30px\" aria-hidden=\"true\" class=\"wp-block-spacer\"><\/div>\n\n\n\n<div class=\"inherit-container-width wp-block-group has-background is-layout-constrained wp-block-group-is-layout-constrained\" style=\"background-color:#ffffff\"><div class=\"wp-block-group__inner-container\">\n<h3 class=\"wp-block-heading has-text-align-center\"><strong>Pude\u0142ka u\u017cywane przez nasz dzia\u0142 logistyki<\/strong><\/h3>\n\n\n\n<figure class=\"wp-block-image aligncenter size-full\"><img loading=\"lazy\" decoding=\"async\" width=\"537\" height=\"612\" src=\"https:\/\/dropshippingb2b.com\/wp-content\/uploads\/2022\/01\/boxbrick.png\" alt=\"\" class=\"wp-image-3327\" srcset=\"https:\/\/dropshippingb2b.com\/wp-content\/uploads\/2022\/01\/boxbrick.png 537w, https:\/\/dropshippingb2b.com\/wp-content\/uploads\/2022\/01\/boxbrick-300x342.png 300w, https:\/\/dropshippingb2b.com\/wp-content\/uploads\/2022\/01\/boxbrick-263x300.png 263w\" sizes=\"auto, (max-width: 537px) 100vw, 537px\" \/><\/figure>\n<\/div><\/div>\n\n\n\n<div style=\"height:30px\" aria-hidden=\"true\" class=\"wp-block-spacer\"><\/div>\n\n\n\n<div class=\"inherit-container-width wp-block-group has-background is-layout-constrained wp-block-group-is-layout-constrained\" style=\"background-color:#ffffff\"><div class=\"wp-block-group__inner-container\">\n<div style=\"height:30px\" aria-hidden=\"true\" class=\"wp-block-spacer\"><\/div>\n\n\n\n<h3 class=\"wp-block-heading has-text-align-center\"><strong>Tutaj pobierz przyk\u0142ad komunikacji, kt\u00f3r\u0105 mo\u017cesz doda\u0107 do swoich pakiet\u00f3w<\/strong><\/h3>\n\n\n\n<p>Czy ma\u0142e rzeczy robi\u0105 r\u00f3\u017cnice: komunikuj si\u0119 ze swoimi klientami proaktywnie, przewiduj\u0105c ich potrzeby. Pomaga to budowa\u0107 lojalno\u015b\u0107, zwi\u0119kszy\u0107 zaufanie, zmniejszy\u0107 ilo\u015b\u0107 zwrot\u00f3w, zwi\u0119kszy\u0107 procent klient\u00f3w, kt\u00f3rzy powracaj\u0105 w celu z\u0142o\u017cenia kolejnego zam\u00f3wienia: dzielimy si\u0119 nasz\u0105 wiedz\u0105, aby zwi\u0119kszy\u0107 Twoj\u0105 wydajno\u015b\u0107.<\/p>\n\n\n\n<div class=\"wp-block-buttons is-horizontal is-content-justification-center is-layout-flex wp-container-core-buttons-is-layout-2 wp-block-buttons-is-layout-flex\">\n<div class=\"wp-block-button\"><a class=\"wp-block-button__link wp-element-button\" href=\"\/wp-content\/uploads\/2022\/09\/example_of_communication.pdf\" target=\"_blank\" rel=\"noreferrer noopener\">ODKRYJ PRZYK\u0141AD KOMUNIKACJI&nbsp;<\/a><\/div>\n<\/div>\n\n\n\n<div style=\"height:20px\" aria-hidden=\"true\" class=\"wp-block-spacer\"><\/div>\n<\/div><\/div>\n\n\n\n<div style=\"height:20px\" aria-hidden=\"true\" class=\"wp-block-spacer\"><\/div>\n\n\n\n<div class=\"inherit-container-width wp-block-group has-background is-layout-constrained wp-block-group-is-layout-constrained\" style=\"background-color:#ffffff\"><div class=\"wp-block-group__inner-container\">\n<div style=\"height:20px\" aria-hidden=\"true\" class=\"wp-block-spacer\"><\/div>\n\n\n\n<h3 class=\"wp-block-heading has-text-align-center\"><strong>Pobierz w\u0142oskie zg\u0142oszenie celne niezb\u0119dne dla przesy\u0142ek pozaeuropejskich!<\/strong><\/h3>\n\n\n\n<div class=\"wp-block-buttons is-horizontal is-content-justification-center is-layout-flex wp-container-core-buttons-is-layout-3 wp-block-buttons-is-layout-flex\">\n<div class=\"wp-block-button\"><a class=\"wp-block-button__link wp-element-button\" href=\"https:\/\/dropshippingb2b.com\/wp-content\/uploads\/2024\/04\/ENG-dichiarazione-libera-esportazione-MARZO-2024.pdf\">Deklaracja<\/a><\/div>\n<\/div>\n\n\n\n<div style=\"height:50px\" aria-hidden=\"true\" class=\"wp-block-spacer\"><\/div>\n\n\n\n<h3 class=\"wp-block-heading has-text-align-center\">Pobierz dokument wymagany do eksportowania do USA<\/h3>\n\n\n\n<div class=\"wp-block-buttons is-horizontal is-content-justification-center is-layout-flex wp-container-core-buttons-is-layout-4 wp-block-buttons-is-layout-flex\">\n<div class=\"wp-block-button\"><a class=\"wp-block-button__link wp-element-button\" href=\"\/wp-content\/uploads\/2022\/09\/drop_ball_usa.pdf\" target=\"_blank\" rel=\"noreferrer noopener\">DROPP BALL (Okulary)<\/a><\/div>\n\n\n\n<div class=\"wp-block-button is-style-fill\"><a class=\"wp-block-button__link wp-element-button\" href=\"\/wp-content\/uploads\/2022\/09\/breakdown_value_model.pdf\" target=\"_blank\" rel=\"noreferrer noopener\">BREAKDOWN VALUE (Zegarki)<\/a><\/div>\n<\/div>\n\n\n\n<div style=\"height:20px\" aria-hidden=\"true\" class=\"wp-block-spacer\"><\/div>\n<\/div><\/div>\n\n\n\n<div style=\"height:30px\" aria-hidden=\"true\" class=\"wp-block-spacer\"><\/div>\n\n\n\n<div class=\"wp-block-media-text alignwide has-media-on-the-right is-stacked-on-mobile is-image-fill-element has-background\" style=\"background-color:#ffffff;grid-template-columns:auto 29%\"><div class=\"wp-block-media-text__content\">\n<p>Jako alternatyw\u0119 dla pakietu \u201ePod klucz\u201d mo\u017cesz zorganizowa\u0107 przetwarzanie swoich zam\u00f3wie\u0144 bezpo\u015brednio z Logistics i polega\u0107 na zaufanym kurierze w kwestii ostatecznej wysy\u0142ki. To rozwi\u0105zanie mo\u017ce by\u0107 wa\u017cne dla odsprzedawc\u00f3w z du\u017cymi ilo\u015bciami i obni\u017conymi stawkami.<\/p>\n\n\n\n<p class=\"mt-0\">Nasz\u0105 logistyk\u0105 zarz\u0105dzaj\u0105:<\/p>\n\n\n\n<figure class=\"wp-block-image size-large is-resized\"><img loading=\"lazy\" decoding=\"async\" width=\"1024\" height=\"180\" src=\"https:\/\/dropshippingb2b.com\/wp-content\/uploads\/2022\/11\/logo-dd-6-1024x180.png\" alt=\"\" class=\"wp-image-6783\" style=\"width:450px;height:90px\" srcset=\"https:\/\/dropshippingb2b.com\/wp-content\/uploads\/2022\/11\/logo-dd-6-1024x180.png 1024w, https:\/\/dropshippingb2b.com\/wp-content\/uploads\/2022\/11\/logo-dd-6-300x53.png 300w, https:\/\/dropshippingb2b.com\/wp-content\/uploads\/2022\/11\/logo-dd-6-768x135.png 768w, https:\/\/dropshippingb2b.com\/wp-content\/uploads\/2022\/11\/logo-dd-6-1536x271.png 1536w, https:\/\/dropshippingb2b.com\/wp-content\/uploads\/2022\/11\/logo-dd-6.png 1720w\" sizes=\"auto, (max-width: 1024px) 100vw, 1024px\" \/><\/figure>\n\n\n\n<p><strong>Autotrasporti Delledonne s.r.l.<\/strong><br>Via Aldo Moro, 10<br>13876 Sandigliano (BI) &#8211; ITALIA<br>P. IVA 00165250028<br>Tel +39 015 2493040<br>Fax +39 015 2493139<br><a href=\"www.delledonne.it\">www.delledonne.it<\/a><\/p>\n<\/div><figure class=\"wp-block-media-text__media\"><img loading=\"lazy\" decoding=\"async\" width=\"232\" height=\"300\" src=\"https:\/\/dropshippingb2b.com\/wp-content\/uploads\/2022\/01\/delledonne-232x300.jpg\" alt=\"\" class=\"wp-image-3339 size-medium\" style=\"object-position:50% 50%\" srcset=\"https:\/\/dropshippingb2b.com\/wp-content\/uploads\/2022\/01\/delledonne-232x300.jpg 232w, https:\/\/dropshippingb2b.com\/wp-content\/uploads\/2022\/01\/delledonne-300x387.jpg 300w, https:\/\/dropshippingb2b.com\/wp-content\/uploads\/2022\/01\/delledonne.jpg 594w\" sizes=\"auto, (max-width: 232px) 100vw, 232px\" \/><\/figure><\/div>\n\n\n\n<div style=\"height:30px\" aria-hidden=\"true\" class=\"wp-block-spacer\"><\/div>\n\n\n\n<div class=\"inherit-container-width wp-block-group has-background is-layout-constrained wp-block-group-is-layout-constrained\" style=\"background-color:#ffffff\"><div class=\"wp-block-group__inner-container\">\n<h3 class=\"wp-block-heading has-text-align-center\">Magazyn<\/h3>\n\n\n\n<p>Wi\u0119kszo\u015b\u0107 produkt\u00f3w dost\u0119pnych w naszym katalogu jest przechowywana w magazynie dzia\u0142u logistyki. To pozwala nam na realizacj\u0119 i wysy\u0142k\u0119 zam\u00f3wie\u0144 z\u0142o\u017conych przed godzin\u0105 12:00 tego samego dnia. Pozosta\u0142y asortyment jest dost\u0119pny z wysy\u0142k\u0105 w ci\u0105gu 3 do 5 dni roboczych. Wraz ze strumieniem danych reseller odnajdzie r\u00f3wnie\u017c czas realizacji zam\u00f3wienia dla ka\u017cdego produktu<\/p>\n\n\n\n<p>Reseller mo\u017ce zintegrowa\u0107 w\u0142asny asortyment sklepu z katalogiem naszego dzia\u0142u logistycznego w celu uproszczenia organizacji dla wszystkich zam\u00f3wie\u0144. Skontaktuj si\u0119 z nami, aby uzyska\u0107 wi\u0119cej informacji na temat tego rozwi\u0105zania.<\/p>\n<\/div><\/div>\n<\/div><\/div>\n\n\n\n<div class=\"inherit-container-width wp-block-group alignfull has-background is-layout-constrained wp-block-group-is-layout-constrained\" style=\"background-color:#fae4d6\"><div class=\"wp-block-group__inner-container\">\n<h3 class=\"has-text-align-center wp-block-heading\">WCI\u0104\u017b W\u0104TPLIWO\u015aCI?<\/h3>\n\n\n\n<p class=\"has-text-align-center\">Sprawd\u017a najcz\u0119\u015bciej zadawane pytania lub porozmawiaj z jednym z nas<\/p>\n\n\n\n<div class=\"wp-block-columns is-layout-flex wp-container-core-columns-is-layout-1 wp-block-columns-is-layout-flex\">\n<div class=\"wp-block-column is-vertically-aligned-center is-layout-flow wp-block-column-is-layout-flow\">\n<div class=\"wp-block-buttons is-horizontal is-content-justification-center is-layout-flex wp-container-core-buttons-is-layout-5 wp-block-buttons-is-layout-flex\">\n<div class=\"wp-block-button is-style-outline is-style-outline--1\"><a class=\"wp-block-button__link has-text-color\" href=\"\/pl\/faq\" style=\"color:#e5742e\">ODWIED\u0179 FAQ<\/a><\/div>\n\n\n\n<div class=\"wp-block-button is-style-fill\"><a class=\"wp-block-button__link\" href=\"\/pl\/kontakt\">SKONTAKTUJ SI\u0118 Z NAMI<\/a><\/div>\n<\/div>\n<\/div>\n<\/div>\n<\/div><\/div>\n","protected":false},"excerpt":{"rendered":"<p>Dzi\u0119ki naszemu &#8222;Kompleksowemu Serwisowi&#8221; dzia\u0142 logistyczny przygotuje i dostarczy przesy\u0142k\u0119 bezpo\u015brednio do klienta. Opcja ta zawiera obs\u0142ug\u0119 logistyczn\u0105 i wysy\u0142k\u0119 za po\u015brednictwem jednego z naszych kurier\u00f3w (FeDex, DHL, UPS). &#8222;Kompleksowy serwis&#8221; cennik: DESTINATION COST COURIER W\u0142ochy (6,50\u20ac + 3,90\u20ac) 10,40\u20ac DHL \u2013 GLS &#8211; TNT Zachodnia UE (AT, BE, DE, DK, ES, FI, FR, GR, [&hellip;]<\/p>\n","protected":false},"author":1,"featured_media":0,"parent":0,"menu_order":0,"comment_status":"closed","ping_status":"closed","template":"","meta":{"inline_featured_image":false,"site-sidebar-layout":"default","site-content-layout":"plain-container","ast-site-content-layout":"normal-width-container","site-content-style":"unboxed","site-sidebar-style":"unboxed","ast-global-header-display":"","ast-banner-title-visibility":"","ast-main-header-display":"","ast-hfb-above-header-display":"","ast-hfb-below-header-display":"","ast-hfb-mobile-header-display":"","site-post-title":"disabled","ast-breadcrumbs-content":"","ast-featured-img":"","footer-sml-layout":"","theme-transparent-header-meta":"default","adv-header-id-meta":"","stick-header-meta":"","header-above-stick-meta":"","header-main-stick-meta":"","header-below-stick-meta":"","astra-migrate-meta-layouts":"set","ast-page-background-enabled":"default","ast-page-background-meta":{"desktop":{"background-color":"","background-image":"","background-repeat":"repeat","background-position":"center center","background-size":"auto","background-attachment":"scroll","background-type":"","background-media":"","overlay-type":"","overlay-color":"","overlay-opacity":"","overlay-gradient":""},"tablet":{"background-color":"","background-image":"","background-repeat":"repeat","background-position":"center center","background-size":"auto","background-attachment":"scroll","background-type":"","background-media":"","overlay-type":"","overlay-color":"","overlay-opacity":"","overlay-gradient":""},"mobile":{"background-color":"","background-image":"","background-repeat":"repeat","background-position":"center center","background-size":"auto","background-attachment":"scroll","background-type":"","background-media":"","overlay-type":"","overlay-color":"","overlay-opacity":"","overlay-gradient":""}},"ast-content-background-meta":{"desktop":{"background-color":"var(--ast-global-color-5)","background-image":"","background-repeat":"repeat","background-position":"center center","background-size":"auto","background-attachment":"scroll","background-type":"","background-media":"","overlay-type":"","overlay-color":"","overlay-opacity":"","overlay-gradient":""},"tablet":{"background-color":"var(--ast-global-color-5)","background-image":"","background-repeat":"repeat","background-position":"center center","background-size":"auto","background-attachment":"scroll","background-type":"","background-media":"","overlay-type":"","overlay-color":"","overlay-opacity":"","overlay-gradient":""},"mobile":{"background-color":"var(--ast-global-color-5)","background-image":"","background-repeat":"repeat","background-position":"center center","background-size":"auto","background-attachment":"scroll","background-type":"","background-media":"","overlay-type":"","overlay-color":"","overlay-opacity":"","overlay-gradient":""}},"footnotes":""},"class_list":["post-1453","page","type-page","status-publish","hentry"],"_links":{"self":[{"href":"https:\/\/dropshippingb2b.com\/pl\/wp-json\/wp\/v2\/pages\/1453","targetHints":{"allow":["GET"]}}],"collection":[{"href":"https:\/\/dropshippingb2b.com\/pl\/wp-json\/wp\/v2\/pages"}],"about":[{"href":"https:\/\/dropshippingb2b.com\/pl\/wp-json\/wp\/v2\/types\/page"}],"author":[{"embeddable":true,"href":"https:\/\/dropshippingb2b.com\/pl\/wp-json\/wp\/v2\/users\/1"}],"replies":[{"embeddable":true,"href":"https:\/\/dropshippingb2b.com\/pl\/wp-json\/wp\/v2\/comments?post=1453"}],"version-history":[{"count":23,"href":"https:\/\/dropshippingb2b.com\/pl\/wp-json\/wp\/v2\/pages\/1453\/revisions"}],"predecessor-version":[{"id":8407,"href":"https:\/\/dropshippingb2b.com\/pl\/wp-json\/wp\/v2\/pages\/1453\/revisions\/8407"}],"wp:attachment":[{"href":"https:\/\/dropshippingb2b.com\/pl\/wp-json\/wp\/v2\/media?parent=1453"}],"curies":[{"name":"wp","href":"https:\/\/api.w.org\/{rel}","templated":true}]}}