{"id":1319,"date":"2021-07-14T21:36:52","date_gmt":"2021-07-14T21:36:52","guid":{"rendered":"https:\/\/dsb2b.assemblyweb.net\/data-flow"},"modified":"2025-03-18T16:10:30","modified_gmt":"2025-03-18T15:10:30","slug":"przeplyw-danych","status":"publish","type":"page","link":"https:\/\/dropshippingb2b.com\/pl\/przeplyw-danych","title":{"rendered":"Przep\u0142yw danych"},"content":{"rendered":"\n<div class=\"wp-block-cover alignfull\" style=\"min-height:350px;aspect-ratio:unset;\"><span aria-hidden=\"true\" class=\"wp-block-cover__background has-background-dim-0 has-background-dim\"><\/span><img loading=\"lazy\" decoding=\"async\" width=\"1200\" height=\"1600\" class=\"wp-block-cover__image-background wp-image-2834\" alt=\"\" src=\"https:\/\/dropshippingb2b.com\/wp-content\/uploads\/2022\/01\/wwtech-portada-duotone.jpg\" data-object-fit=\"cover\" srcset=\"https:\/\/dropshippingb2b.com\/wp-content\/uploads\/2022\/01\/wwtech-portada-duotone.jpg 1200w, https:\/\/dropshippingb2b.com\/wp-content\/uploads\/2022\/01\/wwtech-portada-duotone-225x300.jpg 225w, https:\/\/dropshippingb2b.com\/wp-content\/uploads\/2022\/01\/wwtech-portada-duotone-768x1024.jpg 768w, https:\/\/dropshippingb2b.com\/wp-content\/uploads\/2022\/01\/wwtech-portada-duotone-1152x1536.jpg 1152w, https:\/\/dropshippingb2b.com\/wp-content\/uploads\/2022\/01\/wwtech-portada-duotone-300x400.jpg 300w\" sizes=\"auto, (max-width: 1200px) 100vw, 1200px\" \/><div class=\"wp-block-cover__inner-container is-layout-flow wp-block-cover-is-layout-flow\">\n<h2 class=\"wp-block-heading has-text-color has-huge-font-size\" style=\"color:#ffffff\">Przep\u0142yw danych<\/h2>\n<\/div><\/div>\n\n\n\n<div class=\"inherit-container-width wp-block-group alignfull has-background is-layout-constrained wp-block-group-is-layout-constrained\" style=\"background-color:#f6f6f6\"><div class=\"wp-block-group__inner-container\">\n<div class=\"inherit-container-width wp-block-group mt--50 has-background is-layout-constrained wp-block-group-is-layout-constrained\" style=\"background-color:#ffffff\"><div class=\"wp-block-group__inner-container\">\n<p>Nasz katalog mo\u017ce zosta\u0107 pobrany manualnie (dane statyczne: eksport pliku CSV, XML, JSON zawieraj\u0105cego linki do zdj\u0119\u0107) lub automatycznie (live stream: integracja przez API, dane aktualizowane w czasie rzeczywistym).<\/p>\n\n\n\n<p>Ka\u017cdy produkt zawiera nast\u0119puj\u0105ce informacje:<\/p>\n\n\n\n<ul class=\"wp-block-list custom-list\">\n<li>Mark\u0119 (Brand)<\/li>\n\n\n\n<li>Kod produktu (SKU\/ID product)<\/li>\n\n\n\n<li>Dost\u0119pn\u0105 ilo\u015b\u0107 (Quantity available)<\/li>\n\n\n\n<li>Sugerowan\u0105 cen\u0119 detaliczn\u0105 SCD (SRP)<\/li>\n\n\n\n<li>Rabat (Discount)<\/li>\n\n\n\n<li>Czas przesy\u0142ki (Shipping timing)<\/li>\n\n\n\n<li>Szacowan\u0105 wag\u0119 (Approximate weight)<\/li>\n\n\n\n<li>Linki do dw\u00f3ch zdj\u0119\u0107: ikony o rozmiarze 120x120px oraz zdj\u0119cia o wi\u0119kszej rozdzielczo\u015bci (min. 200x300px, max. 500x700px)<\/li>\n\n\n\n<li>Grupa: (dok\u0142adnie tak, jak wida\u0107 na naszej stronie hurtowej) Zegarki, Bi\u017cuteria, Okulary przeciws\u0142oneczne i Akcesoria <\/li>\n\n\n\n<li>Kategoria: Zegarki z magazynu, Bi\u017cuteria z magazynu<\/li>\n<\/ul>\n\n\n\n<p>i nast\u0119puj\u0105ce pola opcjonalne:<\/p>\n\n\n\n<ul class=\"wp-block-list\">\n<li>Kod EAN (Europejski Numer Artyku\u0142u), je\u015bli jest dost\u0119pny<\/li>\n\n\n\n<li>Atrybuty: g\u0142\u00f3wne cechy produktu, takie jak \u201ep\u0142e\u0107\u201d, \u201emateria\u0142 koperty\u201d, \u201ewodoodporno\u015b\u0107\u201d itd. dost\u0119pne dla wszystkich pozycji \u201eczerwonej rakiety\u201d (supplier_id: 68), podczas gdy dla produkt\u00f3w zewn\u0119trznych dostawc\u00f3w (innych ni\u017c supplier_id 68), b\u0119d\u0105 one dost\u0119pne w spos\u00f3b unikalny, je\u015bli\/kiedy dostawca przeka\u017ce je nam w swoim przep\u0142ywie danych.<\/li>\n\n\n\n<li>Wymagania GPSR: producent i manufacturer_responsible<\/li>\n<\/ul>\n<\/div><\/div>\n\n\n\n<div style=\"height:30px\" aria-hidden=\"true\" class=\"wp-block-spacer\"><\/div>\n\n\n\n<div class=\"inherit-container-width wp-block-group has-background is-layout-constrained wp-block-group-is-layout-constrained\" style=\"background-color:#ffffff\"><div class=\"wp-block-group__inner-container\">\n<h3 class=\"wp-block-heading has-text-align-center\">Poni\u017cej przedstawiamy g\u0142\u00f3wne r\u00f3\u017cnice mi\u0119dzy naszymi systemami integracyjnymi:<\/h3>\n\n\n\n<figure class=\"wp-block-image aligncenter size-full\"><img loading=\"lazy\" decoding=\"async\" width=\"432\" height=\"346\" src=\"https:\/\/dropshippingb2b.com\/wp-content\/uploads\/2022\/09\/api_vs_csv_en.png\" alt=\"\" class=\"wp-image-4295\" srcset=\"https:\/\/dropshippingb2b.com\/wp-content\/uploads\/2022\/09\/api_vs_csv_en.png 432w, https:\/\/dropshippingb2b.com\/wp-content\/uploads\/2022\/09\/api_vs_csv_en-300x240.png 300w\" sizes=\"auto, (max-width: 432px) 100vw, 432px\" \/><\/figure>\n<\/div><\/div>\n\n\n\n<div style=\"height:30px\" aria-hidden=\"true\" class=\"wp-block-spacer\"><\/div>\n\n\n\n<div class=\"inherit-container-width wp-block-group has-background is-layout-constrained wp-block-group-is-layout-constrained\" style=\"background-color:#ffffff\"><div class=\"wp-block-group__inner-container\">\n<h3 class=\"wp-block-heading has-text-align-center\">INTEGRACJA PRZEZ API<\/h3>\n\n\n\n<p>Oznacza dwukierunkowy przep\u0142yw danych pozwalaj\u0105cy na:<\/p>\n\n\n\n<ul class=\"wp-block-list\">\n<li>odczyt bazy danych wszystkich produkt\u00f3w aktualizowanej w czasie rzeczywistym.<\/li>\n\n\n\n<li>automatyczne dodawanie pojedynczych przedmiot\u00f3w do koszyka a nast\u0119pnie potwierdzanie wszystkich zam\u00f3wie\u0144 w jednym zam\u00f3wieniu dla dostawcy.&nbsp;<\/li>\n<\/ul>\n\n\n\n<figure class=\"wp-block-image aligncenter size-full\"><img decoding=\"async\" src=\"https:\/\/dropshippingb2b.com\/wp-content\/uploads\/2022\/10\/schema_api_pl.jpg\" alt=\"\" class=\"wp-image-5799\"\/><\/figure>\n\n\n\n<p>Ten system integracji przep\u0142ywu danych zosta\u0142 zaprojektowany jako web serwis i wsp\u00f3\u0142gra z ka\u017cdym oprogramowaniem zdolnym do przetwarzania danych formatu Json, niezale\u017cnie od j\u0119zyka i systemu operacyjnego.<\/p>\n\n\n\n<figure class=\"wp-block-image aligncenter size-full\"><img loading=\"lazy\" decoding=\"async\" width=\"735\" height=\"193\" src=\"https:\/\/dropshippingb2b.com\/wp-content\/uploads\/2022\/09\/api_schema1.jpeg\" alt=\"\" class=\"wp-image-4324\" srcset=\"https:\/\/dropshippingb2b.com\/wp-content\/uploads\/2022\/09\/api_schema1.jpeg 735w, https:\/\/dropshippingb2b.com\/wp-content\/uploads\/2022\/09\/api_schema1-300x79.jpeg 300w\" sizes=\"auto, (max-width: 735px) 100vw, 735px\" \/><\/figure>\n\n\n\n<p>Kompletny przewodnik pe\u0142nej integracji (API GUIDE) jest dost\u0119pny pod nast\u0119puj\u0105cym linkiem:<a href=\"http:\/\/dropshippingb2b.com\/api\/guide\/en\/\">&nbsp;<\/a><\/p>\n\n\n\n<div class=\"wp-block-buttons is-horizontal is-content-justification-center is-layout-flex wp-container-core-buttons-is-layout-1 wp-block-buttons-is-layout-flex\">\n<div class=\"wp-block-button\"><a class=\"wp-block-button__link wp-element-button\" href=\"https:\/\/dropshippingb2b.com\/api\/guide\/en\/\" target=\"_blank\" rel=\"noreferrer noopener\">SPRAWD\u0179 DOKUMENTACJ\u0118 &gt;<\/a><\/div>\n<\/div>\n<\/div><\/div>\n\n\n\n<div style=\"height:30px\" aria-hidden=\"true\" class=\"wp-block-spacer\"><\/div>\n\n\n\n<div class=\"inherit-container-width wp-block-group has-background is-layout-constrained wp-block-group-is-layout-constrained\" style=\"background-color:#ffffff\"><div class=\"wp-block-group__inner-container\">\n<h3 class=\"wp-block-heading has-text-align-center\"><strong><strong>EKSPORT CSV&nbsp;<\/strong><\/strong><\/h3>\n\n\n\n<p>Wraz z automatycznym systemem integracji przez API (serwer web) dost\u0119pny jest eksport pliku CSV (Comma Separated Values), kt\u00f3ry pozwala na pobranie ca\u0142ego katalogu manualnie.<\/p>\n\n\n\n<div style=\"height:20px\" aria-hidden=\"true\" class=\"wp-block-spacer\"><\/div>\n\n\n\n<p><meta charset=\"utf-8\">System aktualizuje katalog co ka\u017cde dwie godziny i posiada struktur\u0119:<\/p>\n\n\n\n<figure class=\"wp-block-image size-large\"><img loading=\"lazy\" decoding=\"async\" width=\"1024\" height=\"75\" src=\"https:\/\/dropshippingb2b.com\/wp-content\/uploads\/2022\/01\/export_file-1024x75.png\" alt=\"\" class=\"wp-image-3272\" srcset=\"https:\/\/dropshippingb2b.com\/wp-content\/uploads\/2022\/01\/export_file-1024x75.png 1024w, https:\/\/dropshippingb2b.com\/wp-content\/uploads\/2022\/01\/export_file-300x22.png 300w, https:\/\/dropshippingb2b.com\/wp-content\/uploads\/2022\/01\/export_file-768x56.png 768w, https:\/\/dropshippingb2b.com\/wp-content\/uploads\/2022\/01\/export_file.png 1200w\" sizes=\"auto, (max-width: 1024px) 100vw, 1024px\" \/><\/figure>\n\n\n\n<p><meta charset=\"utf-8\"><\/p>\n\n\n\n<p>Po podpisaniu wybranej opcji abonamentowej dostarczymy Tobie nazw\u0119 u\u017cytkownika oraz has\u0142o umo\u017cliwiaj\u0105ce dost\u0119p do naszego katalogu produkt\u00f3w.<\/p>\n\n\n\n<p>Od teraz b\u0119dziesz m\u00f3g\u0142 pobra\u0107 plik na dwa sposoby:<\/p>\n\n\n\n<ol class=\"wp-block-list\">\n<li>Manualnie z adresu&nbsp;&nbsp;<a rel=\"noreferrer noopener\" href=\"https:\/\/dropshippingb2b.com\/export\/\" target=\"_blank\">https:\/\/dropshippingb2b.com\/export\/<\/a><\/li>\n\n\n\n<li>Automatycznie poprzez proste \u017c\u0105danie CURL.<\/li>\n<\/ol>\n\n\n\n<div style=\"height:30px\" aria-hidden=\"true\" class=\"wp-block-spacer\"><\/div>\n\n\n\n<h4 class=\"wp-block-heading has-text-align-left\"><strong>CURL call Przyk\u0142ad<\/strong><\/h4>\n\n\n\n<pre class=\"wp-block-code\"><code lang=\"bash\" class=\"language-bash\">curl -k --data \"data=username%3DUSERNAME%26password%3DPASSWORD%26pid%3Dpid\" \nhttps:\/\/dropshippingb2b.com\/export\/csv.php     <\/code><\/pre>\n\n\n\n<div style=\"height:30px\" aria-hidden=\"true\" class=\"wp-block-spacer\"><\/div>\n\n\n\n<h4 class=\"wp-block-heading has-text-align-left\">PHP Przyk\u0142ad<\/h4>\n\n\n\n<pre class=\"wp-block-code\"><code lang=\"php\" class=\"language-php\">&lt;?php\n\n$params = array(\"username\" =&gt; \"YOUR USERNAME\",\n                \"password\" =&gt; \"YOUR PASSWORD\",\n                \"pid\"      =&gt; \"YOUR PORTAL ID NUMBER\");\n   \n\/*  PORTAL ID\n1    wwt.it\n2    b2buhren.de\n4    marcaspararevenda.com\n6    marcasalmayor.es\n7    b2bwatches.co.uk\n8    b2bhodinky.cz\n9    b2bmontres.fr\n10   b2bhorloges.nl\n11   emporiorologion.gr\n13   atacadodemarcas.com.br\n14   b2bsk.sk\n15   klockorb2b.se\n16   markihurt.pl\n*\/   \n   \n$params = http_build_query($params);\n$data = array('data' =&gt; $params);\n$ch = curl_init();\n\ncurl_setopt($ch, CURLOPT_URL, 'https:\/\/dropshippingb2b.com\/export\/csv.php');\ncurl_setopt($ch, CURLOPT_SSLVERSION , CURL_SSLVERSION_TLSv1_2);\ncurl_setopt($ch, CURLOPT_SSL_VERIFYPEER,FALSE);\ncurl_setopt($ch, CURLOPT_SSL_VERIFYHOST,2);\ncurl_setopt($ch, CURLOPT_POST, 1);\ncurl_setopt($ch, CURLOPT_RETURNTRANSFER, 1);\ncurl_setopt($ch, CURLOPT_POSTFIELDS, $data);\n\n$ce = curl_exec($ch); \/\/ $ce contain call response\ncurl_close($ch);   \necho $ce; \n?&gt; <\/code><\/pre>\n\n\n\n<div style=\"height:30px\" aria-hidden=\"true\" class=\"wp-block-spacer\"><\/div>\n\n\n\n<h4 class=\"wp-block-heading has-text-align-left\">VB .NET Przyk\u0142ad<\/h4>\n\n\n\n<pre class=\"wp-block-code\"><code lang=\"visual-basic\" class=\"language-visual-basic\">Imports System\nImports System.Net\nImports System.Web\n\n\nPublic Module Module1\n    Public Sub Main()\n         Using client As New WebClient\n            Dim result As String\n            client.Encoding = System.Text.Encoding.UTF8\n            client.Headers.Add(\"Content-Type\", \"application\/x-www-form-urlencoded\")\n            result = client.UploadString(\"https:\/\/dropshippingb2b.com\/export\/csv.php\", \"data=\"\n + HttpUtility.UrlEncode(\"username=USERNAME&amp;password=PASSWORD&amp;pid=PORTAL ID\"))\n            Console.WriteLine(result)\n        End Using\n    End Sub\nEnd Module<\/code><\/pre>\n\n\n\n<p>Oferujemy pole w ostatniej kolumnie o nazwie &#8222;speed_shipping&#8221;. To pole wskazuje \u015bredni czas otrzymania produktu, a nast\u0119pnie jego ponownego wys\u0142ania.<\/p>\n\n\n\n<ul class=\"wp-block-list\">\n<li><strong>0 &#8211; Powolna wysy\u0142ka<\/strong><\/li>\n<\/ul>\n\n\n\n<p>Ten produkt jest dost\u0119pny u oficjalnego dystrybutora Ten artyku\u0142 zajmuje do 10 dni roboczych. Dostawa nie jest w 100% gwarantowana. Zdecydowanie zalecamy sprzedawcom w dropshippingu, aby NIE integrowali tych produkt\u00f3w w swoich ofertach.<\/p>\n\n\n\n<ul class=\"wp-block-list\">\n<li><strong>1 &#8211; Przesy\u0142ka standardowa<\/strong><\/li>\n<\/ul>\n\n\n\n<p>Jest to produkt przechowywany w innym magazynie ni\u017c logistyka u\u017cywana do dropshippingu (logistyka e-commerce Delledonne https:\/\/www.delledonne.it\/logistica-per-l-ecommerce.cfm) Wysy\u0142ka trwa \u015brednio 4-5 dni roboczych Stosunek \u201ezam\u00f3wienie do dostawy\u201d wynosi oko\u0142o 95% Poniewa\u017c s\u0105 produktami partner\u00f3w zewn\u0119trznych, kontrola zapas\u00f3w nie jest ca\u0142kowicie w naszych r\u0119kach, dlatego w celu zwi\u0119kszenia %&nbsp;dostarczalno\u015bci zdecydowanie zalecamy sprzedawcom w trybie dropshipping zastosowanie filtru \u201eopublikuj, je\u015bli QTY&gt;X&#8221; , gdzie &#8222;X&#8221; to warto\u015b\u0107 STOCK (kolumna H w naszym CSV). W ten spos\u00f3b sprzedawca zdecyduje si\u0119 zmniejszy\u0107 liczb\u0119 artyku\u0142\u00f3w oferowanych swoim klientom, aby zwi\u0119kszy\u0107 wsp\u00f3\u0142czynnik dostarczalno\u015bci.<\/p>\n\n\n\n<ul class=\"wp-block-list\">\n<li><strong>2 &#8211; Szybka wysy\u0142ka<\/strong><\/li>\n<\/ul>\n\n\n\n<p>S\u0105 to produkty z naszego w\u0142asnego magazynu, gotowe w Logistyce, kt\u00f3r\u0105 wykorzystujemy r\u00f3wnie\u017c jako magazyn (Delledonne e-commerce Logistics) https:\/\/www.delledonne.it\/logistica-per-l-ecommerce.cfm. Wysy\u0142ka realizowana jest w ci\u0105gu 24h &#8211; 48h, je\u015bli zam\u00f3wienie jest z\u0142o\u017cone rano (czasu \u015brodkowoeuropejskiego), zazwyczaj wysy\u0142amy nawet tego samego dnia. Wska\u017anik \u201ezam\u00f3wione vs dostarczone\u201d wynosi ponad 99,9%.<\/p>\n\n\n\n<p>Sprzedawcy korzystaj\u0105cy z zewn\u0119trznych platform handlowych (Amazon, eBay itp.) zamiast z w\u0142asnych witryn internetowych, sugerujemy skrzy\u017cowanie warto\u015bci w kolumnie M (id_supplier) i P (speed_shipping), aby uzyska\u0107 lepszy % dostarczalno\u015bci.<\/p>\n\n\n\n<p>Jeste\u015bmy do dyspozycji, aby zaproponowa\u0107 Ci sugestie dotycz\u0105ce filtrowania krzy\u017cowego danych w oparciu o potrzeby poszczeg\u00f3lnych klient\u00f3w.<\/p>\n<\/div><\/div>\n<\/div><\/div>\n\n\n\n<div class=\"inherit-container-width wp-block-group alignfull has-background is-layout-constrained wp-block-group-is-layout-constrained\" style=\"background-color:#fae4d6\"><div class=\"wp-block-group__inner-container\">\n<h3 class=\"has-text-align-center wp-block-heading\">WCI\u0104\u017b W\u0104TPLIWO\u015aCI?<\/h3>\n\n\n\n<p class=\"has-text-align-center\">Sprawd\u017a najcz\u0119\u015bciej zadawane pytania lub porozmawiaj z jednym z nas<\/p>\n\n\n\n<div class=\"wp-block-columns is-layout-flex wp-container-core-columns-is-layout-1 wp-block-columns-is-layout-flex\">\n<div class=\"wp-block-column is-vertically-aligned-center is-layout-flow wp-block-column-is-layout-flow\">\n<div class=\"wp-block-buttons is-horizontal is-content-justification-center is-layout-flex wp-container-core-buttons-is-layout-2 wp-block-buttons-is-layout-flex\">\n<div class=\"wp-block-button is-style-outline is-style-outline--1\"><a class=\"wp-block-button__link has-text-color\" href=\"\/pl\/faq\" style=\"color:#e5742e\">ODWIED\u0179 FAQ<\/a><\/div>\n\n\n\n<div class=\"wp-block-button is-style-fill\"><a class=\"wp-block-button__link\" href=\"\/pl\/kontakt\">SKONTAKTUJ SI\u0118 Z NAMI<\/a><\/div>\n<\/div>\n<\/div>\n<\/div>\n<\/div><\/div>\n","protected":false},"excerpt":{"rendered":"<p>Nasz katalog mo\u017ce zosta\u0107 pobrany manualnie (dane statyczne: eksport pliku CSV, XML, JSON zawieraj\u0105cego linki do zdj\u0119\u0107) lub automatycznie (live stream: integracja przez API, dane aktualizowane w czasie rzeczywistym). Ka\u017cdy produkt zawiera nast\u0119puj\u0105ce informacje: i nast\u0119puj\u0105ce pola opcjonalne: Poni\u017cej przedstawiamy g\u0142\u00f3wne r\u00f3\u017cnice mi\u0119dzy naszymi systemami integracyjnymi: INTEGRACJA PRZEZ API Oznacza dwukierunkowy przep\u0142yw danych pozwalaj\u0105cy na: [&hellip;]<\/p>\n","protected":false},"author":1,"featured_media":0,"parent":0,"menu_order":0,"comment_status":"closed","ping_status":"closed","template":"","meta":{"inline_featured_image":false,"site-sidebar-layout":"default","site-content-layout":"plain-container","ast-site-content-layout":"normal-width-container","site-content-style":"unboxed","site-sidebar-style":"unboxed","ast-global-header-display":"","ast-banner-title-visibility":"","ast-main-header-display":"","ast-hfb-above-header-display":"","ast-hfb-below-header-display":"","ast-hfb-mobile-header-display":"","site-post-title":"disabled","ast-breadcrumbs-content":"","ast-featured-img":"","footer-sml-layout":"","theme-transparent-header-meta":"default","adv-header-id-meta":"","stick-header-meta":"","header-above-stick-meta":"","header-main-stick-meta":"","header-below-stick-meta":"","astra-migrate-meta-layouts":"set","ast-page-background-enabled":"default","ast-page-background-meta":{"desktop":{"background-color":"","background-image":"","background-repeat":"repeat","background-position":"center center","background-size":"auto","background-attachment":"scroll","background-type":"","background-media":"","overlay-type":"","overlay-color":"","overlay-opacity":"","overlay-gradient":""},"tablet":{"background-color":"","background-image":"","background-repeat":"repeat","background-position":"center center","background-size":"auto","background-attachment":"scroll","background-type":"","background-media":"","overlay-type":"","overlay-color":"","overlay-opacity":"","overlay-gradient":""},"mobile":{"background-color":"","background-image":"","background-repeat":"repeat","background-position":"center center","background-size":"auto","background-attachment":"scroll","background-type":"","background-media":"","overlay-type":"","overlay-color":"","overlay-opacity":"","overlay-gradient":""}},"ast-content-background-meta":{"desktop":{"background-color":"var(--ast-global-color-5)","background-image":"","background-repeat":"repeat","background-position":"center center","background-size":"auto","background-attachment":"scroll","background-type":"","background-media":"","overlay-type":"","overlay-color":"","overlay-opacity":"","overlay-gradient":""},"tablet":{"background-color":"var(--ast-global-color-5)","background-image":"","background-repeat":"repeat","background-position":"center center","background-size":"auto","background-attachment":"scroll","background-type":"","background-media":"","overlay-type":"","overlay-color":"","overlay-opacity":"","overlay-gradient":""},"mobile":{"background-color":"var(--ast-global-color-5)","background-image":"","background-repeat":"repeat","background-position":"center center","background-size":"auto","background-attachment":"scroll","background-type":"","background-media":"","overlay-type":"","overlay-color":"","overlay-opacity":"","overlay-gradient":""}},"footnotes":""},"class_list":["post-1319","page","type-page","status-publish","hentry"],"_links":{"self":[{"href":"https:\/\/dropshippingb2b.com\/pl\/wp-json\/wp\/v2\/pages\/1319","targetHints":{"allow":["GET"]}}],"collection":[{"href":"https:\/\/dropshippingb2b.com\/pl\/wp-json\/wp\/v2\/pages"}],"about":[{"href":"https:\/\/dropshippingb2b.com\/pl\/wp-json\/wp\/v2\/types\/page"}],"author":[{"embeddable":true,"href":"https:\/\/dropshippingb2b.com\/pl\/wp-json\/wp\/v2\/users\/1"}],"replies":[{"embeddable":true,"href":"https:\/\/dropshippingb2b.com\/pl\/wp-json\/wp\/v2\/comments?post=1319"}],"version-history":[{"count":11,"href":"https:\/\/dropshippingb2b.com\/pl\/wp-json\/wp\/v2\/pages\/1319\/revisions"}],"predecessor-version":[{"id":8224,"href":"https:\/\/dropshippingb2b.com\/pl\/wp-json\/wp\/v2\/pages\/1319\/revisions\/8224"}],"wp:attachment":[{"href":"https:\/\/dropshippingb2b.com\/pl\/wp-json\/wp\/v2\/media?parent=1319"}],"curies":[{"name":"wp","href":"https:\/\/api.w.org\/{rel}","templated":true}]}}