{"id":1012,"date":"2021-07-07T14:07:30","date_gmt":"2021-07-07T14:07:30","guid":{"rendered":"https:\/\/dsb2b.assemblyweb.net\/services"},"modified":"2024-02-07T16:39:51","modified_gmt":"2024-02-07T15:39:51","slug":"nasze-uslugi","status":"publish","type":"page","link":"https:\/\/dropshippingb2b.com\/pl\/nasze-uslugi","title":{"rendered":"Nasze us\u0142ugi"},"content":{"rendered":"\n<div class=\"wp-block-cover alignfull\" style=\"min-height:350px;aspect-ratio:unset;\"><span aria-hidden=\"true\" class=\"wp-block-cover__background has-background-dim-0 has-background-dim\"><\/span><img loading=\"lazy\" decoding=\"async\" width=\"1200\" height=\"1600\" class=\"wp-block-cover__image-background wp-image-2834\" alt=\"\" src=\"https:\/\/dropshippingb2b.com\/wp-content\/uploads\/2022\/01\/wwtech-portada-duotone.jpg\" data-object-fit=\"cover\" srcset=\"https:\/\/dropshippingb2b.com\/wp-content\/uploads\/2022\/01\/wwtech-portada-duotone.jpg 1200w, https:\/\/dropshippingb2b.com\/wp-content\/uploads\/2022\/01\/wwtech-portada-duotone-225x300.jpg 225w, https:\/\/dropshippingb2b.com\/wp-content\/uploads\/2022\/01\/wwtech-portada-duotone-768x1024.jpg 768w, https:\/\/dropshippingb2b.com\/wp-content\/uploads\/2022\/01\/wwtech-portada-duotone-1152x1536.jpg 1152w, https:\/\/dropshippingb2b.com\/wp-content\/uploads\/2022\/01\/wwtech-portada-duotone-300x400.jpg 300w\" sizes=\"auto, (max-width: 1200px) 100vw, 1200px\" \/><div class=\"wp-block-cover__inner-container is-layout-flow wp-block-cover-is-layout-flow\">\n<h2 class=\"wp-block-heading has-text-color has-huge-font-size\" style=\"color:#ffffff\">Nasze us\u0142ugi dropshipping<\/h2>\n<\/div><\/div>\n\n\n\n<div class=\"inherit-container-width wp-block-group alignfull has-background is-layout-constrained wp-block-group-is-layout-constrained\" style=\"background-color:#f6f6f6\"><div class=\"wp-block-group__inner-container\">\n<div class=\"inherit-container-width wp-block-group mt--50 has-background is-layout-constrained wp-block-group-is-layout-constrained\" style=\"background-color:#ffffff\"><div class=\"wp-block-group__inner-container\">\n<p class=\"has-text-align-center\">WWTech s.r.l. we wsp\u00f3\u0142pracy z firm\u0105 Marki Hurt oferuje mo\u017cliwo\u015b\u0107 sprzeda\u017cy ponad 100 marek zegark\u00f3w i bi\u017cuterii bez konieczno\u015bci posiadania magazynu, z wysy\u0142k\u0105 bezpo\u015brednio do klienta lub skierowania go do ko\u0144cowego odbiorcy!<\/p>\n\n\n\n<p class=\"has-text-align-center\">Uwaga: Nasza firma nie \u015bwiadczy us\u0142ug komputerowych, czy programistycznych. Klient musi mie\u0107 pewno\u015b\u0107, \u017ce dysponuje specjalist\u0105 IT, kt\u00f3ry zintegruje dane z w\u0142asn\u0105 stron\u0105.<\/p>\n\n\n\n<div style=\"height:30px\" aria-hidden=\"true\" class=\"wp-block-spacer\"><\/div>\n\n\n\n<figure class=\"wp-block-image aligncenter size-full is-resized\"><img loading=\"lazy\" decoding=\"async\" src=\"https:\/\/dropshippingb2b.com\/wp-content\/uploads\/2022\/09\/ds_dataflow.png\" alt=\"\" class=\"wp-image-5406\" width=\"180\" height=\"170\"\/><\/figure>\n\n\n\n<h4 class=\"wp-block-heading has-text-align-center\">DATA FLOW<\/h4>\n\n\n\n<h5 class=\"wp-block-heading has-text-align-center\"><strong>INTEGRACJA KATALOGU (220 z\u0142 miesi\u0119cznie &#8211; p\u0142atno\u015b\u0107 kwartalna)&nbsp;<\/strong><\/h5>\n\n\n\n<p class=\"has-text-align-center\">Nasza podstawowa us\u0142uga: wraz z ni\u0105 reseller nabywa uwierzytelnienie dost\u0119pu do danych z naszego katalogu (numery referencyjne, kody, nazwy, ceny, zdj\u0119cia). Jest to&nbsp; opcja pozwalaj\u0105ca na poszerzenie asortymentu w\u0142asnej strony e-commerce lub zewn\u0119trznych platform takich jak eBay czy Allegro, wybieraj\u0105c spo\u015br\u00f3d 100 marek zegark\u00f3w i bi\u017cuterii oferowanych przez Marki Hurt.<\/p>\n\n\n\n<div style=\"height:30px\" aria-hidden=\"true\" class=\"wp-block-spacer\"><\/div>\n\n\n\n<div class=\"wp-block-columns is-layout-flex wp-container-core-columns-is-layout-1 wp-block-columns-is-layout-flex\">\n<div class=\"wp-block-column is-layout-flow wp-block-column-is-layout-flow\">\n<h5 class=\"wp-block-heading has-text-align-center\">Przep\u0142yw danych<\/h5>\n\n\n\n<p class=\"has-text-align-center\">zawsze aktualny katalog ze wszystkimi produktami dost\u0119pnymi na stronie MarkiHurt.pl<\/p>\n<\/div>\n\n\n\n<div class=\"wp-block-column is-layout-flow wp-block-column-is-layout-flow\">\n<h5 class=\"wp-block-heading has-text-align-center\">Rabat na obs\u0142ug\u0119<\/h5>\n\n\n\n<p class=\"has-text-align-center\"><strong>50% rabat<\/strong>&nbsp;na koszty manipulacyjne*<\/p>\n<\/div>\n\n\n\n<div class=\"wp-block-column is-layout-flow wp-block-column-is-layout-flow\">\n<h5 class=\"wp-block-heading has-text-align-center\"><strong><strong>bezp\u0142atna us\u0142uga<\/strong><\/strong><\/h5>\n\n\n\n<p class=\"has-text-align-center\"><strong>bez p\u0142atno\u015bci 220 z\u0142 miesi\u0119cznie!<\/strong>&nbsp;Zasada jest prosta: przy zam\u00f3wieniach za&nbsp;13500&nbsp;z\u0142**\/kwarta\u0142 z&nbsp;<a href=\"http:\/\/www.markihurt.pl\/,\">http:\/\/www.markihurt.pl\/,<\/a>&nbsp;WWTech zwr\u00f3ci 220 z\u0142\/miesi\u0105c na poczet przysz\u0142ej subskrypcji. Obr\u00f3t mo\u017ce wynosi\u0107 proporcjonalnie 4500 z\u0142 w ka\u017cdym miesi\u0105cu lub 13500 z\u0142 tylko w jednym miesi\u0105cu.<\/p>\n<\/div>\n<\/div>\n\n\n\n<div style=\"height:30px\" aria-hidden=\"true\" class=\"wp-block-spacer\"><\/div>\n\n\n\n<p><em>* koszty manipulacyjne naliczane s\u0105 tylko przy zam\u00f3wieniach o warto\u015bci poni\u017cej 1300 z\u0142. Gdy zam\u00f3wienie osi\u0105gnie 1300 z\u0142, koszty manipulacyjne zawsze wynosz\u0105 zero. Wi\u0119cej informacji mo\u017cna znale\u017a\u0107 na stronie&nbsp;<a href=\"http:\/\/www.markihurt.pl\/browse.php?rif=info.php\">http:\/\/www.markihurt.pl\/browse.php?rif=info.php<\/a>.<\/em><\/p>\n\n\n\n<p><em>** warto\u015bci netto zakupionych produkt\u00f3w.<\/em><\/p>\n\n\n\n<p>Koszt wysy\u0142ki do sklepu klienta: uzale\u017cniony jest od wagi przesy\u0142ki. Sugerujemy przetestowanie sk\u0142adania zam\u00f3wienia po zalogowaniu si\u0119 na stronie hurtowni.<\/p>\n\n\n\n<div style=\"height:30px\" aria-hidden=\"true\" class=\"wp-block-spacer\"><\/div>\n\n\n\n<div class=\"wp-block-buttons is-horizontal is-content-justification-center is-layout-flex wp-container-core-buttons-is-layout-1 wp-block-buttons-is-layout-flex\">\n<div class=\"wp-block-button\"><a class=\"wp-block-button__link wp-element-button\" href=\"\/it\/checkout\/?add-to-cart=2444&amp;quantity=1\">Zapisz si\u0119 teraz!<\/a><\/div>\n<\/div>\n\n\n\n<div style=\"height:30px\" aria-hidden=\"true\" class=\"wp-block-spacer\"><\/div>\n<\/div><\/div>\n<\/div><\/div>\n\n\n\n<div class=\"inherit-container-width wp-block-group alignfull has-background is-layout-constrained wp-block-group-is-layout-constrained\" style=\"background-color:#f6f6f6\"><div class=\"wp-block-group__inner-container\">\n<div class=\"inherit-container-width wp-block-group mt--100 has-background is-layout-constrained wp-block-group-is-layout-constrained\" style=\"background-color:#ffffff\"><div class=\"wp-block-group__inner-container\">\n<div style=\"height:30px\" aria-hidden=\"true\" class=\"wp-block-spacer\"><\/div>\n\n\n\n<figure class=\"wp-block-image aligncenter size-full is-resized\"><img loading=\"lazy\" decoding=\"async\" src=\"https:\/\/dropshippingb2b.com\/wp-content\/uploads\/2022\/01\/ds_dropshipping.png\" alt=\"\" class=\"wp-image-2969\" width=\"180\" height=\"170\"\/><\/figure>\n\n\n\n<h4 class=\"wp-block-heading has-text-align-center\">DROPSHIPPING:<\/h4>\n\n\n\n<h5 class=\"wp-block-heading has-text-align-center\"><strong>&nbsp;INTEGRACJA KATALOGU +&nbsp;DROPSHIPPING&nbsp;(425 z\u0142 miesi\u0119cznie &#8211; p\u0142atno\u015b\u0107 kwartalna)<\/strong><\/h5>\n\n\n\n<p>Us\u0142uga ta pozwala nie tylko na dost\u0119p do ca\u0142ego magazynu, ale r\u00f3wnie\u017c automatyzuje ca\u0142y proces sk\u0142adania zam\u00f3wie\u0144. Dzi\u0119ki tej us\u0142udze klient ma dost\u0119p do katalogu produkt\u00f3w, a tak\u017ce do us\u0142ugi&nbsp;<strong>dropshipping<\/strong>.<\/p>\n\n\n\n<p>WWTech oferuje specjalne oprogramowanie do sk\u0142adania zam\u00f3wie\u0144, aby produkt wys\u0142a\u0107 bezpo\u015brednio do klienta ko\u0144cowego. MarkiHurt lub dane zamawiaj\u0105cego nigdy nie s\u0105 ujawniane. Istnieje mo\u017cliwo\u015b\u0107 dostosowania swojej wysy\u0142ki, za\u0142\u0105czenia plik\u00f3w oraz inne mo\u017cliwo\u015bci.<\/p>\n\n\n\n<div style=\"height:30px\" aria-hidden=\"true\" class=\"wp-block-spacer\"><\/div>\n\n\n\n<div class=\"wp-block-columns is-layout-flex wp-container-core-columns-is-layout-2 wp-block-columns-is-layout-flex\">\n<div class=\"wp-block-column is-layout-flow wp-block-column-is-layout-flow\">\n<h5 class=\"wp-block-heading has-text-align-center\">Przep\u0142yw danych<\/h5>\n\n\n\n<p class=\"has-text-align-center\">zawsze aktualny katalog ze wszystkimi produktami dost\u0119pnymi na stronie MarkiHurt.pl<\/p>\n<\/div>\n\n\n\n<div class=\"wp-block-column is-layout-flow wp-block-column-is-layout-flow\">\n<h5 class=\"wp-block-heading has-text-align-center\"><strong>100% rabat<\/strong>&nbsp;<\/h5>\n\n\n\n<p class=\"has-text-align-center\">na koszty manipulacyjne.&nbsp;Dzi\u0119ki tej us\u0142udze, nawet je\u015bli zam\u00f3wienie nie osi\u0105gnie kwoty 1300 z\u0142, klient nie musi si\u0119 martwi\u0107 o warto\u015b\u0107 koszt\u00f3w manipulacyjnych. P\u0142aci tylko warto\u015b\u0107 produktu + przesy\u0142ka + ubezpieczenie (1%).<\/p>\n<\/div>\n\n\n\n<div class=\"wp-block-column is-layout-flow wp-block-column-is-layout-flow\">\n<h5 class=\"wp-block-heading has-text-align-center\"><strong>bezp\u0142atna us\u0142uga<\/strong><\/h5>\n\n\n\n<p class=\"has-text-align-center\"><strong>bez p\u0142atno\u015bci 425 z\u0142 miesi\u0119cznie!&nbsp;<\/strong>Zasada jest prosta: przy zam\u00f3wieniach za&nbsp;27000 z\u0142*\/kwarta\u0142 z&nbsp;<a href=\"http:\/\/www.markihurt.pl\/,\">http:\/\/www.markihurt.pl\/,<\/a>&nbsp;WWTech zwr\u00f3ci 425 z\u0142\/miesi\u0105c na poczet przysz\u0142ej subskrypcji. Obr\u00f3t mo\u017ce wynosi\u0107 proporcjonalnie 9000 z\u0142 w ka\u017cdym miesi\u0105cu lub 27000 z\u0142 tylko w jednym miesi\u0105cu.<\/p>\n<\/div>\n<\/div>\n\n\n\n<div class=\"wp-block-columns is-layout-flex wp-container-core-columns-is-layout-3 wp-block-columns-is-layout-flex\">\n<div class=\"wp-block-column is-layout-flow wp-block-column-is-layout-flow\">\n<h5 class=\"wp-block-heading has-text-align-center\">Platforma do zarz\u0105dzania<\/h5>\n\n\n\n<p class=\"has-text-align-center\">zam\u00f3wieniami otrzymanymi od klient\u00f3w ko\u0144cowych za pomoc\u0105 jednego zapytania do dostawcy.<\/p>\n<\/div>\n\n\n\n<div class=\"wp-block-column is-layout-flow wp-block-column-is-layout-flow\">\n<h5 class=\"wp-block-heading has-text-align-center\">Mo\u017cliwo\u015b\u0107 rezerwacji produkt\u00f3w<\/h5>\n\n\n\n<p class=\"has-text-align-center\">za pomoc\u0105 umieszczania produkt\u00f3w w koszyku &#8211; w trybie r\u0119cznym lub automatycznym API &#8211;&nbsp;<strong>s\u0105 one natychmiast usuwane z katalogu MarkiHurt.<\/strong>&nbsp;W przypadku modyfikacji lub anulowania jednego lub wi\u0119cej artyku\u0142\u00f3w, produkty zostan\u0105 automatycznie udost\u0119pnione w systemie.<\/p>\n<\/div>\n\n\n\n<div class=\"wp-block-column is-layout-flow wp-block-column-is-layout-flow\"><\/div>\n<\/div>\n\n\n\n<div style=\"height:30px\" aria-hidden=\"true\" class=\"wp-block-spacer\"><\/div>\n\n\n\n<p><em><em>* warto\u015bci netto zakupionych produkt\u00f3w.<\/em><\/em><\/p>\n\n\n\n<p>Koszt wysy\u0142ki do klienta ko\u0144cowego wraz z opakowaniem: prosz\u0119 zapozna\u0107 si\u0119 z sekcj\u0105 &#8222;Logistyka&#8221; w powy\u017cszym menu.<\/p>\n\n\n\n<div style=\"height:30px\" aria-hidden=\"true\" class=\"wp-block-spacer\"><\/div>\n\n\n\n<div class=\"wp-block-buttons is-horizontal is-content-justification-center is-layout-flex wp-container-core-buttons-is-layout-2 wp-block-buttons-is-layout-flex\">\n<div class=\"wp-block-button is-style-fill\"><a class=\"wp-block-button__link wp-element-button\" href=\"https:\/\/dropshippingb2b.com\/it\/checkout\/?add-to-cart=2483&amp;quantity=1\">Zapisz si\u0119 teraz!<\/a><\/div>\n<\/div>\n\n\n\n<div style=\"height:30px\" aria-hidden=\"true\" class=\"wp-block-spacer\"><\/div>\n<\/div><\/div>\n<\/div><\/div>\n\n\n\n<div class=\"inherit-container-width wp-block-group alignfull has-background is-layout-constrained wp-block-group-is-layout-constrained\" style=\"background-color:#f6f6f6\"><div class=\"wp-block-group__inner-container\">\n<div class=\"inherit-container-width wp-block-group mt--100 has-background is-layout-constrained wp-block-group-is-layout-constrained\" style=\"background-color:#ffffff\"><div class=\"wp-block-group__inner-container\">\n<figure class=\"wp-block-image aligncenter size-full is-resized\"><img loading=\"lazy\" decoding=\"async\" src=\"https:\/\/dropshippingb2b.com\/wp-content\/uploads\/2022\/01\/ds_enterprise.png\" alt=\"\" class=\"wp-image-2982\" width=\"180\" height=\"170\"\/><\/figure>\n\n\n\n<h4 class=\"wp-block-heading has-text-align-center\">ENTREPRISE:<\/h4>\n\n\n\n<p class=\"has-text-align-center\">Us\u0142uga specjalnie dedykowana do wielopoziomowego marketingu promuj\u0105cego nasz przep\u0142yw danych.<\/p>\n\n\n\n<div style=\"height:30px\" aria-hidden=\"true\" class=\"wp-block-spacer\"><\/div>\n\n\n\n<div class=\"wp-block-buttons is-horizontal is-content-justification-center is-layout-flex wp-container-core-buttons-is-layout-3 wp-block-buttons-is-layout-flex\">\n<div class=\"wp-block-button\"><a class=\"wp-block-button__link wp-element-button\" href=\"mailto:info@wwtech.it?subject=ENTERPRISE DROPSHIPPING INFORMATION\">Skontaktuj si\u0119 z nami aby uzyska\u0107 wi\u0119cej informacji.<\/a><\/div>\n<\/div>\n\n\n\n<div style=\"height:30px\" aria-hidden=\"true\" class=\"wp-block-spacer\"><\/div>\n<\/div><\/div>\n\n\n\n<div class=\"inherit-container-width wp-block-group is-layout-constrained wp-block-group-is-layout-constrained\"><div class=\"wp-block-group__inner-container\">\n<div class=\"wp-block-columns is-layout-flex wp-container-core-columns-is-layout-4 wp-block-columns-is-layout-flex\">\n<div class=\"wp-block-column flussodati-box has-background is-layout-flow wp-block-column-is-layout-flow\" style=\"background-color:#ffffff\">\n<div style=\"height:47px\" aria-hidden=\"true\" class=\"wp-block-spacer\"><\/div>\n\n\n\n<h4 class=\"wp-block-heading has-text-align-center has-text-color\" style=\"color:#009065\"><strong>DATA FLOW<\/strong><\/h4>\n\n\n\n<figure class=\"wp-block-image aligncenter size-full is-resized\"><img loading=\"lazy\" decoding=\"async\" src=\"https:\/\/dropshippingb2b.com\/wp-content\/uploads\/2022\/09\/ds_dataflow.png\" alt=\"\" class=\"wp-image-5406\" width=\"140\" height=\"135\" srcset=\"https:\/\/dropshippingb2b.com\/wp-content\/uploads\/2022\/09\/ds_dataflow.png 700w, https:\/\/dropshippingb2b.com\/wp-content\/uploads\/2022\/09\/ds_dataflow-300x288.png 300w\" sizes=\"auto, (max-width: 140px) 100vw, 140px\" \/><\/figure>\n\n\n\n<h2 class=\"wp-block-heading has-text-align-center services-price has-huge-font-size\">\u20ac 50<\/h2>\n\n\n\n<h5 class=\"wp-block-heading has-text-align-center services-month has-text-color\" style=\"color:#666666\">miesi\u0119cznie<\/h5>\n\n\n\n<ul class=\"wp-block-list\">\n<li>Przep\u0142yw danych*<\/li>\n<\/ul>\n\n\n\n<ul class=\"wp-block-list\">\n<li>Oprogramowanie Dropshipping<\/li>\n<\/ul>\n\n\n\n<ul class=\"wp-block-list\">\n<li>Koszty manipulacyjne** 50%<\/li>\n<\/ul>\n\n\n\n<ul class=\"wp-block-list\">\n<li>Presy\u0142ka ekspresowa: N\/D<\/li>\n<\/ul>\n\n\n\n<ul class=\"wp-block-list\">\n<li>Darmowy przy obrocie 1.000 \u20ac<\/li>\n<\/ul>\n\n\n\n<div style=\"height:15px\" aria-hidden=\"true\" class=\"wp-block-spacer\"><\/div>\n\n\n\n<div class=\"wp-block-buttons is-horizontal is-content-justification-center is-layout-flex wp-container-core-buttons-is-layout-4 wp-block-buttons-is-layout-flex\">\n<div class=\"wp-block-button\"><a class=\"wp-block-button__link wp-element-button\" href=\"\/it\/checkout\/?add-to-cart=2444&amp;quantity=1\">Zapisz si\u0119 teraz!<\/a><\/div>\n<\/div>\n\n\n\n<div style=\"height:30px\" aria-hidden=\"true\" class=\"wp-block-spacer\"><\/div>\n<\/div>\n\n\n\n<div class=\"wp-block-column dropshipping-box has-background is-layout-flow wp-block-column-is-layout-flow\" style=\"background-color:#ffffff\">\n<h4 class=\"wp-block-heading has-text-align-center services-piuvenduto has-text-color has-background\" style=\"color:#ffffff;background-color:#e5742e\"><strong>PI\u00d9 VENDUTO<\/strong><\/h4>\n\n\n\n<h4 class=\"wp-block-heading has-text-align-center has-text-color\" style=\"color:#e5742e\"><strong>FLUSSO DATI<\/strong><\/h4>\n\n\n\n<figure class=\"wp-block-image aligncenter size-full is-resized\"><img loading=\"lazy\" decoding=\"async\" src=\"https:\/\/dropshippingb2b.com\/wp-content\/uploads\/2022\/01\/ds_dropshipping.png\" alt=\"\" class=\"wp-image-2969\" width=\"140\" height=\"135\" srcset=\"https:\/\/dropshippingb2b.com\/wp-content\/uploads\/2022\/01\/ds_dropshipping.png 700w, https:\/\/dropshippingb2b.com\/wp-content\/uploads\/2022\/01\/ds_dropshipping-300x288.png 300w\" sizes=\"auto, (max-width: 140px) 100vw, 140px\" \/><\/figure>\n\n\n\n<h2 class=\"wp-block-heading has-text-align-center services-price has-huge-font-size\">\u20ac 100<\/h2>\n\n\n\n<h5 class=\"wp-block-heading has-text-align-center services-month has-text-color\" style=\"color:#666666\">miesi\u0119cznie<\/h5>\n\n\n\n<ul class=\"wp-block-list\">\n<li>Przep\u0142yw danych*<\/li>\n<\/ul>\n\n\n\n<ul class=\"wp-block-list\">\n<li>Oprogramowanie Dropshipping<\/li>\n<\/ul>\n\n\n\n<ul class=\"wp-block-list\">\n<li>Koszty manipulacyjne** 0%<\/li>\n<\/ul>\n\n\n\n<ul class=\"wp-block-list\">\n<li>Presy\u0142ka ekspresowa: N\/D<\/li>\n<\/ul>\n\n\n\n<ul class=\"wp-block-list\">\n<li>Darmowy przy obrocie 2.000 \u20ac<\/li>\n<\/ul>\n\n\n\n<div style=\"height:15px\" aria-hidden=\"true\" class=\"wp-block-spacer\"><\/div>\n\n\n\n<div class=\"wp-block-buttons is-horizontal is-content-justification-center is-layout-flex wp-container-core-buttons-is-layout-5 wp-block-buttons-is-layout-flex\">\n<div class=\"wp-block-button\"><a class=\"wp-block-button__link wp-element-button\" href=\"https:\/\/dropshippingb2b.com\/it\/checkout\/?add-to-cart=2483&amp;quantity=1\">Zapisz si\u0119 teraz!<\/a><\/div>\n<\/div>\n\n\n\n<div style=\"height:30px\" aria-hidden=\"true\" class=\"wp-block-spacer\"><\/div>\n<\/div>\n\n\n\n<div class=\"wp-block-column enterprise-box has-background is-layout-flow wp-block-column-is-layout-flow\" style=\"background-color:#ffffff\">\n<div style=\"height:47px\" aria-hidden=\"true\" class=\"wp-block-spacer\"><\/div>\n\n\n\n<h4 class=\"wp-block-heading has-text-align-center has-text-color\" style=\"color:#183c7d\"><strong>ENTERPRISE<\/strong><\/h4>\n\n\n\n<figure class=\"wp-block-image aligncenter size-full is-resized\"><img loading=\"lazy\" decoding=\"async\" src=\"https:\/\/dropshippingb2b.com\/wp-content\/uploads\/2022\/01\/ds_enterprise.png\" alt=\"\" class=\"wp-image-2982\" width=\"140\" height=\"135\" srcset=\"https:\/\/dropshippingb2b.com\/wp-content\/uploads\/2022\/01\/ds_enterprise.png 700w, https:\/\/dropshippingb2b.com\/wp-content\/uploads\/2022\/01\/ds_enterprise-300x288.png 300w\" sizes=\"auto, (max-width: 140px) 100vw, 140px\" \/><\/figure>\n\n\n\n<div style=\"height:100px\" aria-hidden=\"true\" class=\"wp-block-spacer hide-mobile\"><\/div>\n\n\n\n<p class=\"has-text-align-center\">Us\u0142uga specjalnie dedykowana do wielopoziomowego marketingu promuj\u0105cego nasz przep\u0142yw danych.<\/p>\n\n\n\n<div style=\"height:189px\" aria-hidden=\"true\" class=\"wp-block-spacer hide-mobile\"><\/div>\n\n\n\n<div class=\"wp-block-buttons is-horizontal is-content-justification-center is-layout-flex wp-container-core-buttons-is-layout-6 wp-block-buttons-is-layout-flex\">\n<div class=\"wp-block-button\"><a class=\"wp-block-button__link wp-element-button\" href=\"mailto:info@wwtech.it?subject=ENTERPRISE DROPSHIPPING INFORMATION\">SKONTAKTUJ SI\u0118 Z NAMI<\/a><\/div>\n<\/div>\n\n\n\n<div style=\"height:30px\" aria-hidden=\"true\" class=\"wp-block-spacer\"><\/div>\n<\/div>\n<\/div>\n<\/div><\/div>\n\n\n\n<div class=\"inherit-container-width wp-block-group has-background is-layout-constrained wp-block-group-is-layout-constrained\" style=\"background-color:#ffffff\"><div class=\"wp-block-group__inner-container\">\n<p class=\"has-text-align-center\">* Katalog dost\u0119pny w: CSV, XML, JSON lub API<br>** Zgodnie z warunkami odsprzeda\u017cy <\/p>\n<\/div><\/div>\n\n\n\n<div style=\"height:30px\" aria-hidden=\"true\" class=\"wp-block-spacer\"><\/div>\n\n\n\n<div class=\"inherit-container-width wp-block-group is-layout-constrained wp-block-group-is-layout-constrained\"><div class=\"wp-block-group__inner-container\">\n<div class=\"wp-block-media-text alignwide has-media-on-the-right is-stacked-on-mobile has-white-background-color has-background\"><div class=\"wp-block-media-text__content\">\n<p>TUTAJ MO\u017bESZ OBEJRZE\u0106 I POBRA\u0106 NASZ\u0104 UMOW\u0118 DO \u015aWIADCZENIA US\u0141UG DROPSHIPPING<\/p>\n\n\n\n<div class=\"wp-block-buttons is-layout-flex wp-block-buttons-is-layout-flex\">\n<div class=\"wp-block-button is-style-fill\"><a class=\"wp-block-button__link wp-element-button\" href=\"https:\/\/dropshippingb2b.com\/wp-content\/uploads\/2024\/02\/ultimo-contratto-DS-ENG.pdf\" target=\"_blank\" rel=\"noreferrer noopener\">Pobierz<\/a><\/div>\n<\/div>\n<\/div><figure class=\"wp-block-media-text__media\"><img loading=\"lazy\" decoding=\"async\" width=\"745\" height=\"367\" src=\"https:\/\/dropshippingb2b.com\/wp-content\/uploads\/2022\/08\/contratto.png\" alt=\"\" class=\"wp-image-3952 size-full\" srcset=\"https:\/\/dropshippingb2b.com\/wp-content\/uploads\/2022\/08\/contratto.png 745w, https:\/\/dropshippingb2b.com\/wp-content\/uploads\/2022\/08\/contratto-300x148.png 300w\" sizes=\"auto, (max-width: 745px) 100vw, 745px\" \/><\/figure><\/div>\n<\/div><\/div>\n<\/div><\/div>\n\n\n\n<div class=\"inherit-container-width wp-block-group alignfull has-background is-layout-constrained wp-block-group-is-layout-constrained\" style=\"background-color:#fae4d6\"><div class=\"wp-block-group__inner-container\">\n<h3 class=\"has-text-align-center wp-block-heading\">WCI\u0104\u017b W\u0104TPLIWO\u015aCI?<\/h3>\n\n\n\n<p class=\"has-text-align-center\">Sprawd\u017a najcz\u0119\u015bciej zadawane pytania lub porozmawiaj z jednym z nas<\/p>\n\n\n\n<div class=\"wp-block-columns is-layout-flex wp-container-core-columns-is-layout-5 wp-block-columns-is-layout-flex\">\n<div class=\"wp-block-column is-vertically-aligned-center is-layout-flow wp-block-column-is-layout-flow\">\n<div class=\"wp-block-buttons is-horizontal is-content-justification-center is-layout-flex wp-container-core-buttons-is-layout-8 wp-block-buttons-is-layout-flex\">\n<div class=\"wp-block-button is-style-outline is-style-outline--1\"><a class=\"wp-block-button__link has-text-color\" href=\"\/pl\/faq\" style=\"color:#e5742e\">ODWIED\u0179 FAQ<\/a><\/div>\n\n\n\n<div class=\"wp-block-button is-style-fill\"><a class=\"wp-block-button__link\" href=\"\/pl\/kontakt\">SKONTAKTUJ SI\u0118 Z NAMI<\/a><\/div>\n<\/div>\n<\/div>\n<\/div>\n<\/div><\/div>\n","protected":false},"excerpt":{"rendered":"<p>WWTech s.r.l. we wsp\u00f3\u0142pracy z firm\u0105 Marki Hurt oferuje mo\u017cliwo\u015b\u0107 sprzeda\u017cy ponad 100 marek zegark\u00f3w i bi\u017cuterii bez konieczno\u015bci posiadania magazynu, z wysy\u0142k\u0105 bezpo\u015brednio do klienta lub skierowania go do ko\u0144cowego odbiorcy! Uwaga: Nasza firma nie \u015bwiadczy us\u0142ug komputerowych, czy programistycznych. Klient musi mie\u0107 pewno\u015b\u0107, \u017ce dysponuje specjalist\u0105 IT, kt\u00f3ry zintegruje dane z w\u0142asn\u0105 stron\u0105. [&hellip;]<\/p>\n","protected":false},"author":1,"featured_media":0,"parent":0,"menu_order":0,"comment_status":"closed","ping_status":"closed","template":"","meta":{"inline_featured_image":false,"site-sidebar-layout":"default","site-content-layout":"plain-container","ast-site-content-layout":"","site-content-style":"default","site-sidebar-style":"default","ast-global-header-display":"","ast-banner-title-visibility":"","ast-main-header-display":"","ast-hfb-above-header-display":"","ast-hfb-below-header-display":"","ast-hfb-mobile-header-display":"","site-post-title":"disabled","ast-breadcrumbs-content":"","ast-featured-img":"","footer-sml-layout":"","theme-transparent-header-meta":"default","adv-header-id-meta":"","stick-header-meta":"","header-above-stick-meta":"","header-main-stick-meta":"","header-below-stick-meta":"","astra-migrate-meta-layouts":"default","ast-page-background-enabled":"default","ast-page-background-meta":{"desktop":{"background-color":"","background-image":"","background-repeat":"repeat","background-position":"center center","background-size":"auto","background-attachment":"scroll","background-type":"","background-media":"","overlay-type":"","overlay-color":"","overlay-opacity":"","overlay-gradient":""},"tablet":{"background-color":"","background-image":"","background-repeat":"repeat","background-position":"center center","background-size":"auto","background-attachment":"scroll","background-type":"","background-media":"","overlay-type":"","overlay-color":"","overlay-opacity":"","overlay-gradient":""},"mobile":{"background-color":"","background-image":"","background-repeat":"repeat","background-position":"center center","background-size":"auto","background-attachment":"scroll","background-type":"","background-media":"","overlay-type":"","overlay-color":"","overlay-opacity":"","overlay-gradient":""}},"ast-content-background-meta":{"desktop":{"background-color":"var(--ast-global-color-5)","background-image":"","background-repeat":"repeat","background-position":"center center","background-size":"auto","background-attachment":"scroll","background-type":"","background-media":"","overlay-type":"","overlay-color":"","overlay-opacity":"","overlay-gradient":""},"tablet":{"background-color":"var(--ast-global-color-5)","background-image":"","background-repeat":"repeat","background-position":"center center","background-size":"auto","background-attachment":"scroll","background-type":"","background-media":"","overlay-type":"","overlay-color":"","overlay-opacity":"","overlay-gradient":""},"mobile":{"background-color":"var(--ast-global-color-5)","background-image":"","background-repeat":"repeat","background-position":"center center","background-size":"auto","background-attachment":"scroll","background-type":"","background-media":"","overlay-type":"","overlay-color":"","overlay-opacity":"","overlay-gradient":""}},"footnotes":""},"class_list":["post-1012","page","type-page","status-publish","hentry"],"_links":{"self":[{"href":"https:\/\/dropshippingb2b.com\/pl\/wp-json\/wp\/v2\/pages\/1012","targetHints":{"allow":["GET"]}}],"collection":[{"href":"https:\/\/dropshippingb2b.com\/pl\/wp-json\/wp\/v2\/pages"}],"about":[{"href":"https:\/\/dropshippingb2b.com\/pl\/wp-json\/wp\/v2\/types\/page"}],"author":[{"embeddable":true,"href":"https:\/\/dropshippingb2b.com\/pl\/wp-json\/wp\/v2\/users\/1"}],"replies":[{"embeddable":true,"href":"https:\/\/dropshippingb2b.com\/pl\/wp-json\/wp\/v2\/comments?post=1012"}],"version-history":[{"count":17,"href":"https:\/\/dropshippingb2b.com\/pl\/wp-json\/wp\/v2\/pages\/1012\/revisions"}],"predecessor-version":[{"id":7749,"href":"https:\/\/dropshippingb2b.com\/pl\/wp-json\/wp\/v2\/pages\/1012\/revisions\/7749"}],"wp:attachment":[{"href":"https:\/\/dropshippingb2b.com\/pl\/wp-json\/wp\/v2\/media?parent=1012"}],"curies":[{"name":"wp","href":"https:\/\/api.w.org\/{rel}","templated":true}]}}