{"id":2188,"date":"2021-07-16T19:22:26","date_gmt":"2021-07-16T19:22:26","guid":{"rendered":"https:\/\/dsb2b.assemblyweb.net\/partner-it"},"modified":"2023-01-10T15:34:13","modified_gmt":"2023-01-10T14:34:13","slug":"partner-it","status":"publish","type":"page","link":"https:\/\/dropshippingb2b.com\/nl\/partner-it","title":{"rendered":"PARTNER IT"},"content":{"rendered":"\n<div class=\"wp-block-cover alignfull is-light\" style=\"min-height:350px;aspect-ratio:unset;\"><span aria-hidden=\"true\" class=\"wp-block-cover__background has-u-002-du-002-dast-global-color-6-background-color has-background-dim-0 has-background-dim\"><\/span><img loading=\"lazy\" decoding=\"async\" width=\"1200\" height=\"1600\" class=\"wp-block-cover__image-background wp-image-2834\" alt=\"\" src=\"https:\/\/dropshippingb2b.com\/wp-content\/uploads\/2022\/01\/wwtech-portada-duotone.jpg\" data-object-fit=\"cover\" srcset=\"https:\/\/dropshippingb2b.com\/wp-content\/uploads\/2022\/01\/wwtech-portada-duotone.jpg 1200w, https:\/\/dropshippingb2b.com\/wp-content\/uploads\/2022\/01\/wwtech-portada-duotone-225x300.jpg 225w, https:\/\/dropshippingb2b.com\/wp-content\/uploads\/2022\/01\/wwtech-portada-duotone-768x1024.jpg 768w, https:\/\/dropshippingb2b.com\/wp-content\/uploads\/2022\/01\/wwtech-portada-duotone-1152x1536.jpg 1152w, https:\/\/dropshippingb2b.com\/wp-content\/uploads\/2022\/01\/wwtech-portada-duotone-300x400.jpg 300w\" sizes=\"auto, (max-width: 1200px) 100vw, 1200px\" \/><div class=\"wp-block-cover__inner-container is-layout-flow wp-block-cover-is-layout-flow\">\n<h2 class=\"has-white-color has-text-color wp-block-heading\">Partner IT<\/h2>\n<\/div><\/div>\n\n\n\n<div class=\"inherit-container-width wp-block-group alignfull has-background is-layout-constrained wp-block-group-is-layout-constrained\" style=\"background-color:#f6f6f6\"><div class=\"wp-block-group__inner-container\">\n<div class=\"inherit-container-width wp-block-group mt--50 has-background is-layout-constrained wp-block-group-is-layout-constrained\" style=\"background-color:#ffffff\"><div class=\"wp-block-group__inner-container\">\n<figure class=\"wp-block-image alignwide size-large\"><img loading=\"lazy\" decoding=\"async\" width=\"1024\" height=\"335\" src=\"https:\/\/dropshippingb2b.com\/wp-content\/uploads\/2022\/09\/dropshipping_partnership_en-1024x335.png\" alt=\"\" class=\"wp-image-4618\" srcset=\"https:\/\/dropshippingb2b.com\/wp-content\/uploads\/2022\/09\/dropshipping_partnership_en-1024x335.png 1024w, https:\/\/dropshippingb2b.com\/wp-content\/uploads\/2022\/09\/dropshipping_partnership_en-300x98.png 300w, https:\/\/dropshippingb2b.com\/wp-content\/uploads\/2022\/09\/dropshipping_partnership_en-768x251.png 768w, https:\/\/dropshippingb2b.com\/wp-content\/uploads\/2022\/09\/dropshipping_partnership_en.png 1200w\" sizes=\"auto, (max-width: 1024px) 100vw, 1024px\" \/><\/figure>\n\n\n\n<p>Wilt u integratieontwikkeling bij ons uitbesteden?<br>Heb je geen intern IT-team, of vertrouw je gewoon liever op een bestaande en geteste oplossing?<\/p>\n\n\n\n<h3 class=\"wp-block-heading\"><strong>Vertrouw jezelf toe aan een van onze partners!<\/strong><\/h3>\n\n\n\n<p>Onze Flows zijn getest en gebruikt door tientallen klanten, zijn standaardflow en kunnen door elke e-commerce worden ge\u00efntegreerd, maar als de jouwe is ontwikkeld op een van de meest gebruikte CMS ter wereld, heeft iemand deze integratie waarschijnlijk al voor je gemaakt :waarom een nieuwe ontwikkeling maken als er waarschijnlijk al een oplossing bestaat waarmee u direct aan de slag kunt?<\/p>\n\n\n\n<p>Uiteraard heeft \u00e9\u00e9n oplossing op maat de voorkeur voor de onafhankelijkheid die het biedt, omdat het u vrij laat om de optie te ontwikkelen volgens uw persoonlijk businessplan, maar vooral in de opstartfase kan het interessant zijn om een van de oplossingen te overwegen die al op de markt zijn markt: hieronder presenteren we er enkele.<\/p>\n<\/div><\/div>\n\n\n\n<div style=\"height:30px\" aria-hidden=\"true\" class=\"wp-block-spacer\"><\/div>\n\n\n\n<div class=\"inherit-container-width wp-block-group has-background is-layout-constrained wp-block-group-is-layout-constrained\" style=\"background-color:#ffffff\"><div class=\"wp-block-group__inner-container\">\n<h4 class=\"wp-block-heading\">Leverancier:<\/h4>\n\n\n\n<figure class=\"wp-block-image aligncenter size-full\"><img loading=\"lazy\" decoding=\"async\" width=\"300\" height=\"85\" src=\"https:\/\/dropshippingb2b.com\/wp-content\/uploads\/2023\/01\/wwtech-8.jpg\" alt=\"\" class=\"wp-image-7294\"\/><\/figure>\n\n\n\n<p class=\"has-text-align-center\">WWTech s.r.l. c\/o <img decoding=\"async\" height=\"40px\" src=\"https:\/\/www.dropshippingb2b.com\/files\/logo_sellalab_footer.jpg\" alt=\"\"><br>Via Corradino Sella, 10<br>13900 Biella (BI)<\/p>\n\n\n\n<p class=\"has-text-align-center\">Tel <strong>+39-02-87.15.68.53 int. 4<\/strong> <br>Fax <strong>+39-02-87.15.27.41<\/strong><br>Skype <strong>dropshipping.wwtech<\/strong> <br>E-mail <strong>dropshipping@wwt.it<\/strong><\/p>\n\n\n\n<h4 class=\"wp-block-heading\"><strong>Ondersteunde CMS:<\/strong><\/h4>\n\n\n\n<figure class=\"wp-block-image aligncenter size-full is-resized\"><img loading=\"lazy\" decoding=\"async\" src=\"https:\/\/dropshippingb2b.com\/wp-content\/uploads\/2022\/01\/logo_prestashop.jpg\" alt=\"\" class=\"wp-image-3503\" width=\"175\" height=\"113\" srcset=\"https:\/\/dropshippingb2b.com\/wp-content\/uploads\/2022\/01\/logo_prestashop.jpg 700w, https:\/\/dropshippingb2b.com\/wp-content\/uploads\/2022\/01\/logo_prestashop-300x193.jpg 300w\" sizes=\"auto, (max-width: 175px) 100vw, 175px\" \/><\/figure>\n\n\n\n<h4 class=\"wp-block-heading\"><strong><strong>Welk aanbod:<\/strong><\/strong><\/h4>\n\n\n\n<p>Twee speciale modules, \u00e9\u00e9n voor het importeren van catalogusproducten + categorie\u00ebn en merkbeheer, zowel in termen van zichtbaarheid op uw site (WAT te verkopen) als prijsbeheer (HOEVEEL te verkopen). Beschikbaar voor Prestashop 1.6 (alle versies) en 1.7 (alle versies).<br>NBD-ondersteuning (Next werkdag) inbegrepen voor het eerste jaar.<\/p>\n\n\n\n<div style=\"height:20px\" aria-hidden=\"true\" class=\"wp-block-spacer\"><\/div>\n\n\n\n<h4 class=\"wp-block-heading\">Hoeveel:<\/h4>\n\n\n\n<p>Voor een eenmalige vaste prijs biedt het de meest complete en krachtige integratietool op de markt, getest met jarenlange ervaring en ontwikkeld door hetzelfde team dat toezicht hield op alle Dropshipping-systemen voor WWT: meer veiligheid in termen van compatibiliteit!<\/p>\n\n\n\n<div style=\"height:20px\" aria-hidden=\"true\" class=\"wp-block-spacer\"><\/div>\n\n\n\n<h4 class=\"wp-block-heading\"><strong><strong><strong><strong>Speciale aanbieding:<\/strong><\/strong><\/strong><\/strong><\/h4>\n\n\n\n<h4 class=\"has-text-align-center wp-block-heading\">Module PrestaShop 1.6:&nbsp;<strong class=\"partner-bg-orange\">-50%<\/strong><\/h4>\n\n\n\n<ul class=\"wp-block-list\">\n<li>\u2714&nbsp;Module Import database producten + Module Export bestellingen:&nbsp;<strong>-20%<\/strong><\/li>\n\n\n\n<li>\u2714 Installatie: <strong>INBEGREPEN<\/strong><\/li>\n\n\n\n<li>\u2714Hulp: het eerste kalenderjaar <strong>GRATIS<\/strong><\/li>\n<\/ul>\n<\/div><\/div>\n\n\n\n<div style=\"height:30px\" aria-hidden=\"true\" class=\"wp-block-spacer\"><\/div>\n\n\n\n<div class=\"inherit-container-width wp-block-group has-background is-layout-constrained wp-block-group-is-layout-constrained\" style=\"background-color:#ffffff\"><div class=\"wp-block-group__inner-container\">\n<figure class=\"wp-block-image aligncenter size-large is-resized\"><img loading=\"lazy\" decoding=\"async\" src=\"https:\/\/dropshippingb2b.com\/wp-content\/uploads\/2022\/09\/syncee_logo_no_background-1024x576.png\" alt=\"\" class=\"wp-image-4687\" width=\"256\" height=\"144\" srcset=\"https:\/\/dropshippingb2b.com\/wp-content\/uploads\/2022\/09\/syncee_logo_no_background-1024x576.png 1024w, https:\/\/dropshippingb2b.com\/wp-content\/uploads\/2022\/09\/syncee_logo_no_background-300x169.png 300w, https:\/\/dropshippingb2b.com\/wp-content\/uploads\/2022\/09\/syncee_logo_no_background-768x432.png 768w, https:\/\/dropshippingb2b.com\/wp-content\/uploads\/2022\/09\/syncee_logo_no_background.png 1200w\" sizes=\"auto, (max-width: 256px) 100vw, 256px\" \/><\/figure>\n\n\n\n<p>Syncee.co is een B2B-platform voor dropshippers, leveranciers en wederverkopers.<\/p>\n\n\n\n<p>Het helpt om producten te vinden die u in uw online winkel wilt publiceren, zodat u kunt kiezen uit veel betrouwbare leveranciers om een langdurige samenwerking aan te gaan.<br>Hiermee kunt u eenvoudig en snel uploaden en updates beheren.<\/p>\n\n\n\n<div style=\"height:20px\" aria-hidden=\"true\" class=\"wp-block-spacer\"><\/div>\n\n\n\n<div style=\"height:20px\" aria-hidden=\"true\" class=\"wp-block-spacer\"><\/div>\n\n\n\n<h4 class=\"wp-block-heading\"><strong>Ondersteunde CMS:<\/strong><\/h4>\n\n\n\n<figure class=\"wp-block-image aligncenter size-large\"><img loading=\"lazy\" decoding=\"async\" width=\"1024\" height=\"156\" src=\"https:\/\/dropshippingb2b.com\/wp-content\/uploads\/2022\/09\/syncee_cms-1024x156.png\" alt=\"\" class=\"wp-image-4700\" srcset=\"https:\/\/dropshippingb2b.com\/wp-content\/uploads\/2022\/09\/syncee_cms-1024x156.png 1024w, https:\/\/dropshippingb2b.com\/wp-content\/uploads\/2022\/09\/syncee_cms-300x46.png 300w, https:\/\/dropshippingb2b.com\/wp-content\/uploads\/2022\/09\/syncee_cms-768x117.png 768w, https:\/\/dropshippingb2b.com\/wp-content\/uploads\/2022\/09\/syncee_cms-1536x233.png 1536w, https:\/\/dropshippingb2b.com\/wp-content\/uploads\/2022\/09\/syncee_cms.png 1632w\" sizes=\"auto, (max-width: 1024px) 100vw, 1024px\" \/><\/figure>\n\n\n\n<div style=\"height:20px\" aria-hidden=\"true\" class=\"wp-block-spacer\"><\/div>\n\n\n\n<h4 class=\"wp-block-heading\"><strong><strong>Welk aanbod:<\/strong><\/strong><\/h4>\n\n\n\n<p>Breed assortiment van hoogwaardige producten dat gemakkelijk en snel in de online winkel kan worden ge\u00efmporteerd.<\/p>\n\n\n\n<div style=\"height:20px\" aria-hidden=\"true\" class=\"wp-block-spacer\"><\/div>\n\n\n\n<h4 class=\"wp-block-heading\"><strong><strong><strong>Hoeveel:<\/strong><\/strong><\/strong><\/h4>\n\n\n\n<div style=\"height:20px\" aria-hidden=\"true\" class=\"wp-block-spacer\"><\/div>\n\n\n\n<p>Er zijn verschillende maandelijkse abonnementen om aan alle verschillende zakelijke behoeften te voldoen.<\/p>\n\n\n\n<div class=\"wp-block-buttons is-horizontal is-content-justification-center is-layout-flex wp-container-core-buttons-is-layout-1 wp-block-buttons-is-layout-flex\">\n<div class=\"wp-block-button is-style-fill\"><a class=\"wp-block-button__link wp-element-button\" href=\"https:\/\/syncee.co\/\" target=\"_blank\" rel=\"noreferrer noopener\">LEES MEER OP SYNCEE.CO<\/a><\/div>\n<\/div>\n\n\n\n<div style=\"height:30px\" aria-hidden=\"true\" class=\"wp-block-spacer\"><\/div>\n<\/div><\/div>\n\n\n\n<div style=\"height:30px\" aria-hidden=\"true\" class=\"wp-block-spacer\"><\/div>\n\n\n\n<div class=\"inherit-container-width wp-block-group has-background is-layout-constrained wp-block-group-is-layout-constrained\" style=\"background-color:#ffffff\"><div class=\"wp-block-group__inner-container\">\n<figure class=\"wp-block-image aligncenter size-full is-resized\"><img loading=\"lazy\" decoding=\"async\" src=\"https:\/\/dropshippingb2b.com\/wp-content\/uploads\/2022\/01\/logo_sellrapido_2020.png\" alt=\"\" class=\"wp-image-3522\" width=\"211\" height=\"104\" srcset=\"https:\/\/dropshippingb2b.com\/wp-content\/uploads\/2022\/01\/logo_sellrapido_2020.png 843w, https:\/\/dropshippingb2b.com\/wp-content\/uploads\/2022\/01\/logo_sellrapido_2020-300x147.png 300w, https:\/\/dropshippingb2b.com\/wp-content\/uploads\/2022\/01\/logo_sellrapido_2020-768x377.png 768w\" sizes=\"auto, (max-width: 211px) 100vw, 211px\" \/><\/figure>\n\n\n\n<p class=\"has-text-align-center\"><strong>GEMAKKELIJK VERKOPEN OP ALLE MARKT MET SELLRAPIDO<br>voor jou exclusieve korting van 20%!<\/strong><\/p>\n\n\n\n<p>Sinds vandaag is er groot nieuws dat handig is om al je activiteiten op Amazon, eBay, Cdiscount en nog veel meer gemakkelijk te beheren. Dropshipping is Sellrapido-partner geworden!.<br>Het doorverkopen van onze producten wordt nog eenvoudiger: meld u aan voor deze service en begin direct met verdienen, dankzij de mogelijkheid om met uw online winkel op meerdere platforms aanwezig te zijn.<\/p>\n\n\n\n<div style=\"height:20px\" aria-hidden=\"true\" class=\"wp-block-spacer\"><\/div>\n\n\n\n<div class=\"wp-block-buttons is-horizontal is-content-justification-center is-layout-flex wp-container-core-buttons-is-layout-2 wp-block-buttons-is-layout-flex\"><\/div>\n\n\n\n<div style=\"height:20px\" aria-hidden=\"true\" class=\"wp-block-spacer\"><\/div>\n\n\n\n<h4 class=\"wp-block-heading\">Leverancier:<\/h4>\n\n\n\n<p class=\"has-text-align-center\">Sellrapido s.r.l.<br>via Montello 18, 40131 Bologna | P.IVA: 03270551207<br>tel <strong>+39-051-0217133<\/strong><\/p>\n\n\n\n<div style=\"height:20px\" aria-hidden=\"true\" class=\"wp-block-spacer\"><\/div>\n\n\n\n<h4 class=\"wp-block-heading\"><strong>Ondersteunde CMS:<\/strong><\/h4>\n\n\n\n<figure class=\"wp-block-image aligncenter size-large is-resized\"><img loading=\"lazy\" decoding=\"async\" src=\"https:\/\/dropshippingb2b.com\/wp-content\/uploads\/2022\/01\/sellrapido_cms-1024x134.png\" alt=\"\" class=\"wp-image-3580\" width=\"512\" height=\"67\" srcset=\"https:\/\/dropshippingb2b.com\/wp-content\/uploads\/2022\/01\/sellrapido_cms-1024x134.png 1024w, https:\/\/dropshippingb2b.com\/wp-content\/uploads\/2022\/01\/sellrapido_cms-300x39.png 300w, https:\/\/dropshippingb2b.com\/wp-content\/uploads\/2022\/01\/sellrapido_cms-768x100.png 768w, https:\/\/dropshippingb2b.com\/wp-content\/uploads\/2022\/01\/sellrapido_cms.png 1200w\" sizes=\"auto, (max-width: 512px) 100vw, 512px\" \/><\/figure>\n\n\n\n<div style=\"height:20px\" aria-hidden=\"true\" class=\"wp-block-spacer\"><\/div>\n\n\n\n<h4 class=\"wp-block-heading\"><strong><strong>Supported Marketplace<\/strong>:<\/strong><\/h4>\n\n\n\n<figure class=\"wp-block-image aligncenter size-large is-resized\"><img loading=\"lazy\" decoding=\"async\" src=\"https:\/\/dropshippingb2b.com\/wp-content\/uploads\/2022\/01\/sellrapido_marketplace-1024x106.png\" alt=\"\" class=\"wp-image-3593\" width=\"768\" height=\"80\" srcset=\"https:\/\/dropshippingb2b.com\/wp-content\/uploads\/2022\/01\/sellrapido_marketplace-1024x106.png 1024w, https:\/\/dropshippingb2b.com\/wp-content\/uploads\/2022\/01\/sellrapido_marketplace-300x31.png 300w, https:\/\/dropshippingb2b.com\/wp-content\/uploads\/2022\/01\/sellrapido_marketplace-768x79.png 768w, https:\/\/dropshippingb2b.com\/wp-content\/uploads\/2022\/01\/sellrapido_marketplace.png 1200w\" sizes=\"auto, (max-width: 768px) 100vw, 768px\" \/><\/figure>\n\n\n\n<h4 class=\"wp-block-heading\"><strong><strong>Welk aanbod:<\/strong><\/strong><\/h4>\n\n\n\n<p><a rel=\"noreferrer noopener\" href=\"https:\/\/www.sellrapido.com\/\" target=\"_blank\">SellRapido<\/a> is een product dat zeer eenvoudig en eenvoudig te gebruiken is en is gemaakt om objectieve problemen op te lossen voor degenen die een online winkel hebben.<br>Het beheren van e-commerce op meerdere markten kan moeilijk zijn: het is noodzakelijk om gegevens op verschillende bronnen te kopi\u00ebren en plakken, vaak heel verschillend van elkaar; beheer productinformatiebladen, prijzen, acties en voorwaarden; verzending en facturering. Dit alles kan met SellRapido worden beheerd onder een unieke interface<\/p>\n\n\n\n<div style=\"height:20px\" aria-hidden=\"true\" class=\"wp-block-spacer\"><\/div>\n\n\n\n<h4 class=\"wp-block-heading\">Hoeveel:<\/h4>\n\n\n\n<figure class=\"wp-block-image aligncenter size-large\"><img loading=\"lazy\" decoding=\"async\" width=\"1024\" height=\"350\" src=\"https:\/\/dropshippingb2b.com\/wp-content\/uploads\/2022\/09\/sellrapido_price-en-1024x350.jpeg\" alt=\"\" class=\"wp-image-4632\" srcset=\"https:\/\/dropshippingb2b.com\/wp-content\/uploads\/2022\/09\/sellrapido_price-en-1024x350.jpeg 1024w, https:\/\/dropshippingb2b.com\/wp-content\/uploads\/2022\/09\/sellrapido_price-en-300x103.jpeg 300w, https:\/\/dropshippingb2b.com\/wp-content\/uploads\/2022\/09\/sellrapido_price-en-768x262.jpeg 768w, https:\/\/dropshippingb2b.com\/wp-content\/uploads\/2022\/09\/sellrapido_price-en.jpeg 1200w\" sizes=\"auto, (max-width: 1024px) 100vw, 1024px\" \/><\/figure>\n\n\n\n<div style=\"height:20px\" aria-hidden=\"true\" class=\"wp-block-spacer\"><\/div>\n\n\n\n<div class=\"wp-block-buttons is-horizontal is-content-justification-center is-layout-flex wp-container-core-buttons-is-layout-3 wp-block-buttons-is-layout-flex\">\n<div class=\"wp-block-button is-style-fill\"><a class=\"wp-block-button__link wp-element-button\" href=\"https:\/\/www.sellrapido.com\/\" target=\"_blank\" rel=\"noreferrer noopener\">LEES MEER OP SELLRAPIDO.COM<\/a><\/div>\n<\/div>\n\n\n\n<div style=\"height:30px\" aria-hidden=\"true\" class=\"wp-block-spacer\"><\/div>\n<\/div><\/div>\n\n\n\n<div style=\"height:30px\" aria-hidden=\"true\" class=\"wp-block-spacer\"><\/div>\n\n\n\n<div class=\"inherit-container-width wp-block-group has-background is-layout-constrained wp-block-group-is-layout-constrained\" style=\"background-color:#ffffff\"><div class=\"wp-block-group__inner-container\">\n<h4 class=\"wp-block-heading\">Leverancier:<\/h4>\n\n\n\n<figure class=\"wp-block-image aligncenter size-full\"><img loading=\"lazy\" decoding=\"async\" width=\"250\" height=\"84\" src=\"https:\/\/dropshippingb2b.com\/wp-content\/uploads\/2022\/01\/import2shop_logo.png\" alt=\"\" class=\"wp-image-3621\"\/><\/figure>\n\n\n\n<p>Dropshipping kondigt met trots het partnerschap aan met Import2shop, een startup gevestigd in Duitsland. De samenwerking komt voort uit de gedeelde visie die we hebben om u het beste van technologie te bieden, waardoor het proces en de aankoopkeuze voor klanten wordt vergemakkelijkt.<\/p>\n\n\n\n<p class=\"has-text-align-center\"><a rel=\"noreferrer noopener\" href=\"https:\/\/import2shop.com\/de\/\" target=\"_blank\">Import2shop<\/a><br>Rudolf-Breitscheid-Str. 2b Lauchhammer 01979<br>Tel: <strong>+ 49 3574 86 93 342 <\/strong><br>e-mail:&nbsp;<a href=\"mailto:support@import2shop.com\">support@import2shop.com<\/a><\/p>\n\n\n\n<h4 class=\"wp-block-heading\"><strong>Ondersteunde CMS:<\/strong><\/h4>\n\n\n\n<figure class=\"wp-block-image aligncenter size-large is-resized\"><img loading=\"lazy\" decoding=\"async\" src=\"https:\/\/dropshippingb2b.com\/wp-content\/uploads\/2022\/01\/Screenshot-2022-01-11-at-17.38.37-1024x293.png\" alt=\"\" class=\"wp-image-3634\" width=\"512\" height=\"147\" srcset=\"https:\/\/dropshippingb2b.com\/wp-content\/uploads\/2022\/01\/Screenshot-2022-01-11-at-17.38.37-1024x293.png 1024w, https:\/\/dropshippingb2b.com\/wp-content\/uploads\/2022\/01\/Screenshot-2022-01-11-at-17.38.37-300x86.png 300w, https:\/\/dropshippingb2b.com\/wp-content\/uploads\/2022\/01\/Screenshot-2022-01-11-at-17.38.37-768x220.png 768w, https:\/\/dropshippingb2b.com\/wp-content\/uploads\/2022\/01\/Screenshot-2022-01-11-at-17.38.37.png 1224w\" sizes=\"auto, (max-width: 512px) 100vw, 512px\" \/><\/figure>\n\n\n\n<h4 class=\"wp-block-heading\"><strong><strong>Welk aanbod:<\/strong><\/strong><\/h4>\n\n\n\n<p>Voorgeformatteerde CSV-prijslijsten voor &#8220;GAMBIO&#8221; CMS en integratie met de eBay-marktplaats.<\/p>\n\n\n\n<div style=\"height:20px\" aria-hidden=\"true\" class=\"wp-block-spacer\"><\/div>\n\n\n\n<h4 class=\"wp-block-heading\">Hoeveel:<\/h4>\n\n\n\n<p class=\"has-text-align-center\">EENMALIGE INSTALLATIE 169,00\u20ac<br>MAANDELIJKSE KOSTEN 69,00\u20ac in de aanbieding in plaats van 79,00\u20ac<\/p>\n\n\n\n<div style=\"height:20px\" aria-hidden=\"true\" class=\"wp-block-spacer\"><\/div>\n\n\n\n<div class=\"wp-block-buttons is-horizontal is-content-justification-center is-layout-flex wp-container-core-buttons-is-layout-4 wp-block-buttons-is-layout-flex\">\n<div class=\"wp-block-button\"><a class=\"wp-block-button__link wp-element-button\" href=\"https:\/\/import2shop.com\/\" target=\"_blank\" rel=\"noreferrer noopener\">VIND MEER OP DE SITE IMPORT2SHOP.COM<\/a><\/div>\n<\/div>\n\n\n\n<div style=\"height:30px\" aria-hidden=\"true\" class=\"wp-block-spacer\"><\/div>\n<\/div><\/div>\n\n\n\n<div class=\"inherit-container-width wp-block-group has-background is-layout-constrained wp-block-group-is-layout-constrained\" style=\"background-color:#ffffff\"><div class=\"wp-block-group__inner-container\"><\/div><\/div>\n<\/div><\/div>\n","protected":false},"excerpt":{"rendered":"<p>Wilt u integratieontwikkeling bij ons uitbesteden?Heb je geen intern IT-team, of vertrouw je gewoon liever op een bestaande en geteste oplossing? Vertrouw jezelf toe aan een van onze partners! Onze Flows zijn getest en gebruikt door tientallen klanten, zijn standaardflow en kunnen door elke e-commerce worden ge\u00efntegreerd, maar als de jouwe is ontwikkeld op een [&hellip;]<\/p>\n","protected":false},"author":1,"featured_media":0,"parent":0,"menu_order":0,"comment_status":"closed","ping_status":"closed","template":"","meta":{"inline_featured_image":false,"site-sidebar-layout":"default","site-content-layout":"plain-container","ast-site-content-layout":"","site-content-style":"default","site-sidebar-style":"default","ast-global-header-display":"","ast-banner-title-visibility":"","ast-main-header-display":"","ast-hfb-above-header-display":"","ast-hfb-below-header-display":"","ast-hfb-mobile-header-display":"","site-post-title":"disabled","ast-breadcrumbs-content":"","ast-featured-img":"","footer-sml-layout":"","theme-transparent-header-meta":"default","adv-header-id-meta":"","stick-header-meta":"","header-above-stick-meta":"","header-main-stick-meta":"","header-below-stick-meta":"","astra-migrate-meta-layouts":"default","ast-page-background-enabled":"default","ast-page-background-meta":{"desktop":{"background-color":"","background-image":"","background-repeat":"repeat","background-position":"center center","background-size":"auto","background-attachment":"scroll","background-type":"","background-media":"","overlay-type":"","overlay-color":"","overlay-opacity":"","overlay-gradient":""},"tablet":{"background-color":"","background-image":"","background-repeat":"repeat","background-position":"center center","background-size":"auto","background-attachment":"scroll","background-type":"","background-media":"","overlay-type":"","overlay-color":"","overlay-opacity":"","overlay-gradient":""},"mobile":{"background-color":"","background-image":"","background-repeat":"repeat","background-position":"center center","background-size":"auto","background-attachment":"scroll","background-type":"","background-media":"","overlay-type":"","overlay-color":"","overlay-opacity":"","overlay-gradient":""}},"ast-content-background-meta":{"desktop":{"background-color":"var(--ast-global-color-5)","background-image":"","background-repeat":"repeat","background-position":"center center","background-size":"auto","background-attachment":"scroll","background-type":"","background-media":"","overlay-type":"","overlay-color":"","overlay-opacity":"","overlay-gradient":""},"tablet":{"background-color":"var(--ast-global-color-5)","background-image":"","background-repeat":"repeat","background-position":"center center","background-size":"auto","background-attachment":"scroll","background-type":"","background-media":"","overlay-type":"","overlay-color":"","overlay-opacity":"","overlay-gradient":""},"mobile":{"background-color":"var(--ast-global-color-5)","background-image":"","background-repeat":"repeat","background-position":"center center","background-size":"auto","background-attachment":"scroll","background-type":"","background-media":"","overlay-type":"","overlay-color":"","overlay-opacity":"","overlay-gradient":""}},"footnotes":""},"class_list":["post-2188","page","type-page","status-publish","hentry"],"_links":{"self":[{"href":"https:\/\/dropshippingb2b.com\/nl\/wp-json\/wp\/v2\/pages\/2188","targetHints":{"allow":["GET"]}}],"collection":[{"href":"https:\/\/dropshippingb2b.com\/nl\/wp-json\/wp\/v2\/pages"}],"about":[{"href":"https:\/\/dropshippingb2b.com\/nl\/wp-json\/wp\/v2\/types\/page"}],"author":[{"embeddable":true,"href":"https:\/\/dropshippingb2b.com\/nl\/wp-json\/wp\/v2\/users\/1"}],"replies":[{"embeddable":true,"href":"https:\/\/dropshippingb2b.com\/nl\/wp-json\/wp\/v2\/comments?post=2188"}],"version-history":[{"count":13,"href":"https:\/\/dropshippingb2b.com\/nl\/wp-json\/wp\/v2\/pages\/2188\/revisions"}],"predecessor-version":[{"id":7308,"href":"https:\/\/dropshippingb2b.com\/nl\/wp-json\/wp\/v2\/pages\/2188\/revisions\/7308"}],"wp:attachment":[{"href":"https:\/\/dropshippingb2b.com\/nl\/wp-json\/wp\/v2\/media?parent=2188"}],"curies":[{"name":"wp","href":"https:\/\/api.w.org\/{rel}","templated":true}]}}