{"id":4822,"date":"2022-09-20T19:49:58","date_gmt":"2022-09-20T19:49:58","guid":{"rendered":"https:\/\/dsb2b.assemblyweb.net\/dropshipping-2"},"modified":"2022-10-24T13:26:35","modified_gmt":"2022-10-24T13:26:35","slug":"dropshipping-2","status":"publish","type":"page","link":"https:\/\/dropshippingb2b.com\/it\/dropshipping-2","title":{"rendered":"Dropshipping"},"content":{"rendered":"\n<div class=\"wp-block-cover alignfull\" style=\"min-height:350px;aspect-ratio:unset;\"><span aria-hidden=\"true\" class=\"wp-block-cover__background has-background-dim-0 has-background-dim\"><\/span><img loading=\"lazy\" decoding=\"async\" width=\"1200\" height=\"1600\" class=\"wp-block-cover__image-background wp-image-2834\" alt=\"\" src=\"https:\/\/dropshippingb2b.com\/wp-content\/uploads\/2022\/01\/wwtech-portada-duotone.jpg\" data-object-fit=\"cover\" srcset=\"https:\/\/dropshippingb2b.com\/wp-content\/uploads\/2022\/01\/wwtech-portada-duotone.jpg 1200w, https:\/\/dropshippingb2b.com\/wp-content\/uploads\/2022\/01\/wwtech-portada-duotone-225x300.jpg 225w, https:\/\/dropshippingb2b.com\/wp-content\/uploads\/2022\/01\/wwtech-portada-duotone-768x1024.jpg 768w, https:\/\/dropshippingb2b.com\/wp-content\/uploads\/2022\/01\/wwtech-portada-duotone-1152x1536.jpg 1152w, https:\/\/dropshippingb2b.com\/wp-content\/uploads\/2022\/01\/wwtech-portada-duotone-300x400.jpg 300w\" sizes=\"auto, (max-width: 1200px) 100vw, 1200px\" \/><div class=\"wp-block-cover__inner-container is-layout-flow wp-block-cover-is-layout-flow\">\n<h2 class=\"has-text-color has-huge-font-size wp-block-heading\" style=\"color:#ffffff\"><strong>Che cos&#8217;\u00e9 il dropshipping?<\/strong><\/h2>\n\n\n\n<h4 class=\"has-text-color has-huge-font-size wp-block-heading\" style=\"color:#ffffff\">Guida pratica e veloce per scoprire che cos&#8217;\u00e9 e come funziona il dropshipping<\/h4>\n<\/div><\/div>\n\n\n\n<div class=\"inherit-container-width wp-block-group alignfull has-background is-layout-constrained wp-block-group-is-layout-constrained\" style=\"background-color:#f6f6f6\"><div class=\"wp-block-group__inner-container\">\n<div class=\"inherit-container-width wp-block-group has-background is-layout-constrained wp-block-group-is-layout-constrained\" style=\"background-color:#ffffff\"><div class=\"wp-block-group__inner-container\">\n<p>Il Dropshipping \u00e8 un modello di vendita che permette al Rivenditore di ampliare la propria offerta di prodotti senza investimento e senza doversi occupare di tutta la parte logistica e di spedizione degli articoli venduti.<\/p>\n\n\n\n<p>WWTech s.r.l. offre sia un servizio di download completo dei cataloghi dei grossisti integrati sia una piattaforma in cui inserire i singoli ordini da spedire in Dropshipping.<\/p>\n\n\n\n<figure class=\"wp-block-embed is-type-video is-provider-youtube wp-block-embed-youtube wp-embed-aspect-16-9 wp-has-aspect-ratio\"><div class=\"wp-block-embed__wrapper\">\n<div class=\"ast-oembed-container \" style=\"height: 100%;\"><iframe loading=\"lazy\" title=\"\u200bDropshipping orologi, bigiotteria &amp; accessori moda by WWT\" width=\"500\" height=\"281\" src=\"https:\/\/www.youtube.com\/embed\/RHtsBEoeL9U?feature=oembed\" frameborder=\"0\" allow=\"accelerometer; autoplay; clipboard-write; encrypted-media; gyroscope; picture-in-picture; web-share\" referrerpolicy=\"strict-origin-when-cross-origin\" allowfullscreen><\/iframe><\/div>\n<\/div><\/figure>\n<\/div><\/div>\n\n\n\n<div style=\"height:20px\" aria-hidden=\"true\" class=\"wp-block-spacer\"><\/div>\n\n\n\n<div class=\"inherit-container-width wp-block-group has-background is-layout-constrained wp-block-group-is-layout-constrained\" style=\"background-color:#ffffff\"><div class=\"wp-block-group__inner-container\">\n<h3 class=\"has-text-align-center wp-block-heading\"><strong>COME FUNZIONA IL SERVIZIO DI DROPSHIPPING?<\/strong><\/h3>\n\n\n\n<h4 class=\"has-white-color has-text-color has-background wp-block-heading\" style=\"background-color:#e5742e\"><strong>1. Scegli l&#8217;abbonamento che fa per te<\/strong><\/h4>\n\n\n\n<p>Scegli tra i nostri servizi l&#8217;integrazione pi\u00f9 in linea con le tue esigenze e con il tuo modello di business.<br>I nostri abbonamenti sono stati studiati per fornire sia un servizio base per realt\u00e0 di e-commerce in fase di start-up sia servizi pi\u00f9 completi per soddisfare anche le societ\u00e0 di e-commerce pi\u00f9 esigenti e con obiettivi di crescita strutturata.<br>Oltre a darti la possibilit\u00e0 di ampliare con un click il tuo catalogo prodotti, offriamo anche la possibilit\u00e0 di integrare completamente l&#8217;assistenza logistica e di spedizione per un servizio al tuo Cliente veloce e professionale.<\/p>\n\n\n\n<div style=\"height:50px\" aria-hidden=\"true\" class=\"wp-block-spacer\"><\/div>\n\n\n\n<h4 class=\"has-white-color has-text-color has-background wp-block-heading\" style=\"background-color:#e5742e\"><strong><strong>2. Scarica il catalogo e carica i prodotti sul tuo negozio online<\/strong><\/strong><\/h4>\n\n\n\n<p>E\u2019 possibile scaricare l\u2019intero catalogo di prodotti sia manualmente (flusso statico: file export CSV, comprensivo di link alle immagini, aggiornato ogni 2h) oppure automaticamente (flusso live: attraverso integrazione API, aggiornato in tempo reale).<\/p>\n\n\n\n<div style=\"height:50px\" aria-hidden=\"true\" class=\"wp-block-spacer\"><\/div>\n\n\n\n<h4 class=\"has-white-color has-text-color has-background wp-block-heading\" style=\"background-color:#e5742e\"><strong><strong><strong>3. Trasmetti gli ordini<\/strong><\/strong><\/strong><\/h4>\n\n\n\n<p>Attraverso la nostra piattaforma, \u00e8 possibile inserire i prodotti direttamente in un carrello parallelo a quello dei grossisti integrati, con i seguenti vantaggi:<br>&#8211; carrello reale: i prodotti inseriti vengono immediatamente rimossi dalle disponibilit\u00e0 dei grossisti garantendo quindi una maggiore percentuale di evasione ordini, evitando che altri utenti li esauriscano mentre sono nel carrello in attesa di conferma. L\u2019operazione \u00e8 reversibile, ovvero i prodotti possono essere rimossi e reinseriti nelle disponibilit\u00e0 del catalogo;<br>&#8211; possibilit\u00e0 di inserimento di un indirizzo di spedizione per ciascun singolo prodotto ordinato; \u00e8 inoltre possibile inserire documenti allegati (es. fattura, tagliandi con codice promo, biglietti di auguri, ecc.); per ciascun articolo \u00e8 disponibile un servizio di messaggistica interno con cui comunicare in maniera semplice e veloce con la Logistica che si occupa delle spedizioni.<\/p>\n\n\n\n<div style=\"height:50px\" aria-hidden=\"true\" class=\"wp-block-spacer\"><\/div>\n\n\n\n<h4 class=\"has-white-color has-text-color has-background wp-block-heading\" style=\"background-color:#e5742e\"><strong><strong><strong><strong>4. Fatturazione<\/strong><\/strong><\/strong><\/strong><\/h4>\n\n\n\n<p>Tutti i tuoi ordini B2C vengono raggruppati in un unico ordine B2B permettendoti cos\u00ec di ricevere una sola fattura ad ogni tua conferma d&#8217;ordine (in base alle tue esigenze), semplificare la tua contabilit\u00e0 e gestire in modo veloce la spedizione di tutti gli ordini.<\/p>\n<\/div><\/div>\n\n\n\n<div style=\"height:20px\" aria-hidden=\"true\" class=\"wp-block-spacer\"><\/div>\n\n\n\n<div class=\"inherit-container-width wp-block-group has-background is-layout-constrained wp-block-group-is-layout-constrained\" style=\"background-color:#ffffff\"><div class=\"wp-block-group__inner-container\">\n<h2 class=\"has-text-align-center wp-block-heading\">Prestashop<\/h2>\n\n\n\n<figure class=\"wp-block-image aligncenter size-full is-resized\"><img loading=\"lazy\" decoding=\"async\" src=\"https:\/\/dropshippingb2b.com\/wp-content\/uploads\/2022\/01\/logo_prestashop.jpg\" alt=\"\" class=\"wp-image-3500\" width=\"175\" height=\"113\" srcset=\"https:\/\/dropshippingb2b.com\/wp-content\/uploads\/2022\/01\/logo_prestashop.jpg 700w, https:\/\/dropshippingb2b.com\/wp-content\/uploads\/2022\/01\/logo_prestashop-300x193.jpg 300w\" sizes=\"auto, (max-width: 175px) 100vw, 175px\" \/><\/figure>\n\n\n\n<p>Possiamo sviluppare il tuo primo progetto eCommerce utilizzando uno dei migliori e pi\u00f9 conosciuti CMS d\u2019Europa: PrestaShop.<br>Ti aiuteremo ad organizzare il tuo sito in modo che la gestione dei tuoi contatti e le tue vendite siano facili e veloci.<br>Non dovrai preoccuparti di nulla, affidati a noi e riceverai il pacchetto completo per iniziare ad utilizzare il tuo eCommerce.<br>Disponibile anche lo sviluppo di plugin per integrare al tuo sito tutti prodotti del catalogo WWT.<\/p>\n\n\n\n<p>Se sei gi\u00e0 in possesso di un eCommerce sviluppato su base PrestaShop (sia nella versione 1.6 che 1.7) potr\u00e0 interessarti sapere che abbiamo precedentemente fatto sviluppare da una societ\u00e0 esterna due moduli di integrazione che&nbsp;ti consentono di IMPORTARE facilmente tutti i prodotti, di ESPORTARE automaticamente gli ordini al fornitore e di gestire la visibilit\u00e0 dei cataloghi, gli sconti, I margini di profitto e molto altro!<\/p>\n\n\n\n<p><a href=\"https:\/\/dropshippingb2b.com\/it\/contattaci\" data-type=\"URL\" data-id=\"https:\/\/dropshippingb2b.com\/it\/contattaci\" target=\"_blank\" rel=\"noreferrer noopener\">Contattaci per maggiori dettagli.<\/a><\/p>\n<\/div><\/div>\n<\/div><\/div>\n\n\n\n<div class=\"inherit-container-width wp-block-group alignfull has-background is-layout-constrained wp-block-group-is-layout-constrained\" style=\"background-color:#fae4d6\"><div class=\"wp-block-group__inner-container\">\n<h3 class=\"has-text-align-center wp-block-heading\">ANCORA DUBBI?<\/h3>\n\n\n\n<p class=\"has-text-align-center\">Guarda le domande frequenti oppure parla con qualcuno di noi<\/p>\n\n\n\n<div class=\"wp-block-columns is-layout-flex wp-container-core-columns-is-layout-1 wp-block-columns-is-layout-flex\">\n<div class=\"wp-block-column is-vertically-aligned-center is-layout-flow wp-block-column-is-layout-flow\">\n<div class=\"wp-block-buttons is-horizontal is-content-justification-center is-layout-flex wp-container-core-buttons-is-layout-1 wp-block-buttons-is-layout-flex\">\n<div class=\"wp-block-button is-style-outline is-style-outline--1\"><a class=\"wp-block-button__link has-text-color\" href=\"\/it\/faq\" style=\"color:#e5742e\">VISITA LE FAQ<\/a><\/div>\n\n\n\n<div class=\"wp-block-button is-style-fill button-no-outline\"><a class=\"wp-block-button__link\" href=\"\/it\/contact-us\">CONTATTACI<\/a><\/div>\n<\/div>\n<\/div>\n<\/div>\n<\/div><\/div>\n","protected":false},"excerpt":{"rendered":"<p>Il Dropshipping \u00e8 un modello di vendita che permette al Rivenditore di ampliare la propria offerta di prodotti senza investimento e senza doversi occupare di tutta la parte logistica e di spedizione degli articoli venduti. WWTech s.r.l. offre sia un servizio di download completo dei cataloghi dei grossisti integrati sia una piattaforma in cui inserire [&hellip;]<\/p>\n","protected":false},"author":1,"featured_media":0,"parent":0,"menu_order":0,"comment_status":"closed","ping_status":"closed","template":"","meta":{"inline_featured_image":false,"site-sidebar-layout":"default","site-content-layout":"page-builder","ast-site-content-layout":"","site-content-style":"default","site-sidebar-style":"default","ast-global-header-display":"","ast-banner-title-visibility":"","ast-main-header-display":"","ast-hfb-above-header-display":"","ast-hfb-below-header-display":"","ast-hfb-mobile-header-display":"","site-post-title":"disabled","ast-breadcrumbs-content":"","ast-featured-img":"","footer-sml-layout":"","theme-transparent-header-meta":"","adv-header-id-meta":"","stick-header-meta":"","header-above-stick-meta":"","header-main-stick-meta":"","header-below-stick-meta":"","astra-migrate-meta-layouts":"default","ast-page-background-enabled":"default","ast-page-background-meta":{"desktop":{"background-color":"","background-image":"","background-repeat":"repeat","background-position":"center center","background-size":"auto","background-attachment":"scroll","background-type":"","background-media":"","overlay-type":"","overlay-color":"","overlay-opacity":"","overlay-gradient":""},"tablet":{"background-color":"","background-image":"","background-repeat":"repeat","background-position":"center center","background-size":"auto","background-attachment":"scroll","background-type":"","background-media":"","overlay-type":"","overlay-color":"","overlay-opacity":"","overlay-gradient":""},"mobile":{"background-color":"","background-image":"","background-repeat":"repeat","background-position":"center center","background-size":"auto","background-attachment":"scroll","background-type":"","background-media":"","overlay-type":"","overlay-color":"","overlay-opacity":"","overlay-gradient":""}},"ast-content-background-meta":{"desktop":{"background-color":"var(--ast-global-color-5)","background-image":"","background-repeat":"repeat","background-position":"center center","background-size":"auto","background-attachment":"scroll","background-type":"","background-media":"","overlay-type":"","overlay-color":"","overlay-opacity":"","overlay-gradient":""},"tablet":{"background-color":"var(--ast-global-color-5)","background-image":"","background-repeat":"repeat","background-position":"center center","background-size":"auto","background-attachment":"scroll","background-type":"","background-media":"","overlay-type":"","overlay-color":"","overlay-opacity":"","overlay-gradient":""},"mobile":{"background-color":"var(--ast-global-color-5)","background-image":"","background-repeat":"repeat","background-position":"center center","background-size":"auto","background-attachment":"scroll","background-type":"","background-media":"","overlay-type":"","overlay-color":"","overlay-opacity":"","overlay-gradient":""}},"footnotes":""},"class_list":["post-4822","page","type-page","status-publish","hentry"],"_links":{"self":[{"href":"https:\/\/dropshippingb2b.com\/it\/wp-json\/wp\/v2\/pages\/4822","targetHints":{"allow":["GET"]}}],"collection":[{"href":"https:\/\/dropshippingb2b.com\/it\/wp-json\/wp\/v2\/pages"}],"about":[{"href":"https:\/\/dropshippingb2b.com\/it\/wp-json\/wp\/v2\/types\/page"}],"author":[{"embeddable":true,"href":"https:\/\/dropshippingb2b.com\/it\/wp-json\/wp\/v2\/users\/1"}],"replies":[{"embeddable":true,"href":"https:\/\/dropshippingb2b.com\/it\/wp-json\/wp\/v2\/comments?post=4822"}],"version-history":[{"count":4,"href":"https:\/\/dropshippingb2b.com\/it\/wp-json\/wp\/v2\/pages\/4822\/revisions"}],"predecessor-version":[{"id":6348,"href":"https:\/\/dropshippingb2b.com\/it\/wp-json\/wp\/v2\/pages\/4822\/revisions\/6348"}],"wp:attachment":[{"href":"https:\/\/dropshippingb2b.com\/it\/wp-json\/wp\/v2\/media?parent=4822"}],"curies":[{"name":"wp","href":"https:\/\/api.w.org\/{rel}","templated":true}]}}