{"id":2192,"date":"2021-07-16T19:22:26","date_gmt":"2021-07-16T19:22:26","guid":{"rendered":"https:\/\/dsb2b.assemblyweb.net\/partner-it"},"modified":"2022-09-06T20:47:11","modified_gmt":"2022-09-06T20:47:11","slug":"partner-it","status":"publish","type":"page","link":"https:\/\/dropshippingb2b.com\/it\/partner-it","title":{"rendered":"PARTNER IT"},"content":{"rendered":"\n<div class=\"wp-block-cover alignfull is-light\" style=\"min-height:350px;aspect-ratio:unset;\"><span aria-hidden=\"true\" class=\"wp-block-cover__background has-u-002-du-002-dast-global-color-6-background-color has-background-dim-0 has-background-dim\"><\/span><img loading=\"lazy\" decoding=\"async\" width=\"1200\" height=\"1600\" class=\"wp-block-cover__image-background wp-image-2834\" alt=\"\" src=\"https:\/\/dropshippingb2b.com\/wp-content\/uploads\/2022\/01\/wwtech-portada-duotone.jpg\" data-object-fit=\"cover\" srcset=\"https:\/\/dropshippingb2b.com\/wp-content\/uploads\/2022\/01\/wwtech-portada-duotone.jpg 1200w, https:\/\/dropshippingb2b.com\/wp-content\/uploads\/2022\/01\/wwtech-portada-duotone-225x300.jpg 225w, https:\/\/dropshippingb2b.com\/wp-content\/uploads\/2022\/01\/wwtech-portada-duotone-768x1024.jpg 768w, https:\/\/dropshippingb2b.com\/wp-content\/uploads\/2022\/01\/wwtech-portada-duotone-1152x1536.jpg 1152w, https:\/\/dropshippingb2b.com\/wp-content\/uploads\/2022\/01\/wwtech-portada-duotone-300x400.jpg 300w\" sizes=\"auto, (max-width: 1200px) 100vw, 1200px\" \/><div class=\"wp-block-cover__inner-container is-layout-flow wp-block-cover-is-layout-flow\">\n<h2 class=\"has-white-color has-text-color wp-block-heading\">Partner IT <\/h2>\n<\/div><\/div>\n\n\n\n<div class=\"inherit-container-width wp-block-group alignfull has-background is-layout-constrained wp-block-group-is-layout-constrained\" style=\"background-color:#f6f6f6\"><div class=\"wp-block-group__inner-container\">\n<div class=\"inherit-container-width wp-block-group mt--50 has-background is-layout-constrained wp-block-group-is-layout-constrained\" style=\"background-color:#ffffff\"><div class=\"wp-block-group__inner-container\">\n<figure class=\"wp-block-image alignwide size-large\"><img loading=\"lazy\" decoding=\"async\" width=\"1024\" height=\"335\" src=\"https:\/\/dropshippingb2b.com\/wp-content\/uploads\/2022\/01\/dropshipping_partnership_it-1024x335.png\" alt=\"\" class=\"wp-image-3484\" srcset=\"https:\/\/dropshippingb2b.com\/wp-content\/uploads\/2022\/01\/dropshipping_partnership_it-1024x335.png 1024w, https:\/\/dropshippingb2b.com\/wp-content\/uploads\/2022\/01\/dropshipping_partnership_it-300x98.png 300w, https:\/\/dropshippingb2b.com\/wp-content\/uploads\/2022\/01\/dropshipping_partnership_it-768x251.png 768w, https:\/\/dropshippingb2b.com\/wp-content\/uploads\/2022\/01\/dropshipping_partnership_it.png 1200w\" sizes=\"auto, (max-width: 1024px) 100vw, 1024px\" \/><\/figure>\n\n\n\n<p>Vuoi esternalizzare lo sviluppo dell\u2019integrazione con noi?<br>Non hai un team IT interno o semplicemente preferisci affidarti a soluzioni preesistenti e testate?<\/p>\n\n\n\n<h3 class=\"wp-block-heading\">Affidati ad uno dei nostri partner!<\/h3>\n\n\n\n<p>I nostri flussi dati sono testati ed in uso a decine di clienti, sono flussi standard integrabili su tutti siti di e-commerce ma se il tuo sito \u00e8 sviluppato su di un CMS tra i pi\u00f9 usati al mondo, probabilmente qualcuno ha gi\u00e0 curato questa integrazione prima di te: perch\u00e9 fare uni sviluppo ex-novo quando magari esistono soluzioni chiavi in mano che potrebbero permetterti di partire subito?<\/p>\n\n\n\n<p>Certo, una soluzione customizzata \u00e8 preferibile per l\u2019indipendenza che offre e perch\u00e9 ti lascia libero di sviluppare fin nel minimo dettaglio le opzioni secondo il tuo personale piano di business, ma soprattutto in una fase di start-up, pu\u00f2 essere interessante considerare alcune delle soluzioni gi\u00e0 presenti sul mercato: qui sotto te ne presentiamo alcune!<\/p>\n<\/div><\/div>\n\n\n\n<div style=\"height:30px\" aria-hidden=\"true\" class=\"wp-block-spacer\"><\/div>\n\n\n\n<div class=\"inherit-container-width wp-block-group has-background is-layout-constrained wp-block-group-is-layout-constrained\" style=\"background-color:#ffffff\"><div class=\"wp-block-group__inner-container\">\n<h4 class=\"wp-block-heading\">Fornitore:<\/h4>\n\n\n\n<figure class=\"wp-block-image aligncenter size-full\"><img loading=\"lazy\" decoding=\"async\" width=\"300\" height=\"85\" src=\"https:\/\/dropshippingb2b.com\/wp-content\/uploads\/2023\/01\/wwtech.jpg\" alt=\"\" class=\"wp-image-7123\"\/><\/figure>\n\n\n\n<p class=\"has-text-align-center\">WWTech s.r.l. c\/o <img decoding=\"async\" height=\"40px\" src=\"https:\/\/www.dropshippingb2b.com\/files\/logo_sellalab_footer.jpg\" alt=\"\"><br>Via Corradino Sella, 10<br>13900 Biella (BI)<\/p>\n\n\n\n<p class=\"has-text-align-center\">Tel <strong>+39-02-87.15.68.53 int. 4<\/strong> <br>Fax <strong>+39-02-87.15.27.41<\/strong><br>Skype <strong>dropshipping.wwtech<\/strong> <br>E-mail <strong>dropshipping@wwt.it<\/strong><\/p>\n\n\n\n<h4 class=\"wp-block-heading\">CMS Supportati:<\/h4>\n\n\n\n<figure class=\"wp-block-image aligncenter size-full is-resized\"><img loading=\"lazy\" decoding=\"async\" src=\"https:\/\/dropshippingb2b.com\/wp-content\/uploads\/2022\/01\/logo_prestashop.jpg\" alt=\"\" class=\"wp-image-3500\" width=\"175\" height=\"113\" srcset=\"https:\/\/dropshippingb2b.com\/wp-content\/uploads\/2022\/01\/logo_prestashop.jpg 700w, https:\/\/dropshippingb2b.com\/wp-content\/uploads\/2022\/01\/logo_prestashop-300x193.jpg 300w\" sizes=\"auto, (max-width: 175px) 100vw, 175px\" \/><\/figure>\n\n\n\n<h4 class=\"wp-block-heading\"><strong>Cosa offre:<\/strong><\/h4>\n\n\n\n<p>Due moduli dedicati, uno all\u2019Import del catalogo prodotti + la gestione delle categorie e dei marchi, sia in termini di visibilit\u00e0 sul proprio sito (\u201cCOSA\u201d vendere) sia di gestione dei prezzi (a \u201cQUANTO\u201d vendere\u201d). Disponibile per PrestaShop 1.6 (tutte le versioni) e 1.7 (tutte le versioni). Supporto NBD (Next Business Day) per il primo anno solare compreso!<\/p>\n\n\n\n<div style=\"height:20px\" aria-hidden=\"true\" class=\"wp-block-spacer\"><\/div>\n\n\n\n<h4 class=\"wp-block-heading\"><strong><strong>Quanto costa:<\/strong><\/strong><\/h4>\n\n\n\n<p>Ad un costo fisso una tantum offre lo strumento di integrazione pi\u00f9 completo e potente sul mercato, testato con anni di esperienza e sviluppato dallo stesso team che ha curato tutto il sistema di dropshipping per WWT.it: una sicurezza in \u00e8pi\u00f9 in termine di completa compatibilit\u00e0!<\/p>\n\n\n\n<div style=\"height:20px\" aria-hidden=\"true\" class=\"wp-block-spacer\"><\/div>\n\n\n\n<h4 class=\"wp-block-heading\"><strong><strong><strong>Offerte speciali:<\/strong><\/strong><\/strong><\/h4>\n\n\n\n<h4 class=\"has-text-align-center wp-block-heading\">Moduli PrestaShop 1.6:&nbsp;<strong class=\"partner-bg-orange\">-50%<\/strong><\/h4>\n\n\n\n<ul class=\"wp-block-list\">\n<li><strong class=\"partner-check\">\u2714&nbsp;<\/strong>Modulo Import database prodotti + Modulo Export ordini:&nbsp;<strong class=\"partner-bg-orange\">-20%<\/strong><\/li>\n\n\n\n<li><strong class=\"partner-check\">\u2714&nbsp;<\/strong>Installazione:&nbsp;<strong class=\"partner-bg-orange\">COMPRESA<\/strong><\/li>\n\n\n\n<li><strong class=\"partner-check\">\u2714&nbsp;<\/strong>Assistenza: per il primo anno solare&nbsp;<strong class=\"partner-bg-orange\">OMAGGIO<\/strong><\/li>\n<\/ul>\n<\/div><\/div>\n\n\n\n<div style=\"height:30px\" aria-hidden=\"true\" class=\"wp-block-spacer\"><\/div>\n\n\n\n<div class=\"inherit-container-width wp-block-group has-background is-layout-constrained wp-block-group-is-layout-constrained\" style=\"background-color:#ffffff\"><div class=\"wp-block-group__inner-container\">\n<figure class=\"wp-block-image aligncenter size-full is-resized\"><img loading=\"lazy\" decoding=\"async\" src=\"https:\/\/dropshippingb2b.com\/wp-content\/uploads\/2022\/01\/logo_sellrapido_2020.png\" alt=\"\" class=\"wp-image-3519\" width=\"211\" height=\"104\" srcset=\"https:\/\/dropshippingb2b.com\/wp-content\/uploads\/2022\/01\/logo_sellrapido_2020.png 843w, https:\/\/dropshippingb2b.com\/wp-content\/uploads\/2022\/01\/logo_sellrapido_2020-300x147.png 300w, https:\/\/dropshippingb2b.com\/wp-content\/uploads\/2022\/01\/logo_sellrapido_2020-768x377.png 768w\" sizes=\"auto, (max-width: 211px) 100vw, 211px\" \/><\/figure>\n\n\n\n<figure class=\"wp-block-image aligncenter size-full\"><img loading=\"lazy\" decoding=\"async\" width=\"1000\" height=\"667\" src=\"https:\/\/dropshippingb2b.com\/wp-content\/uploads\/2022\/01\/illustrazione_dropshipping_spiegazione_partners.png\" alt=\"\" class=\"wp-image-3532\" srcset=\"https:\/\/dropshippingb2b.com\/wp-content\/uploads\/2022\/01\/illustrazione_dropshipping_spiegazione_partners.png 1000w, https:\/\/dropshippingb2b.com\/wp-content\/uploads\/2022\/01\/illustrazione_dropshipping_spiegazione_partners-300x200.png 300w, https:\/\/dropshippingb2b.com\/wp-content\/uploads\/2022\/01\/illustrazione_dropshipping_spiegazione_partners-768x512.png 768w\" sizes=\"auto, (max-width: 1000px) 100vw, 1000px\" \/><\/figure>\n\n\n\n<p class=\"has-text-align-center\"><strong>Vendi ancora pi\u00f9 efficacemente su tutti i Marketplace e sul tuo eCommerce con SellRapido:<br>per te sconto esclusivo del 20%!<\/strong><\/p>\n\n\n\n<p>Mettere in vendita i prodotti del nostro listino&nbsp;<strong>contemporaneamente su tutti i marketplace come Amazon, eBay, Eprice, AliExpress , Rakuten e tanti altri<\/strong>&nbsp;\u00e8 uno dei metodi pi\u00f9 efficaci per aumentare le vendite e i margini.<br>Eppure, pochi dei nostri venditori lo fanno efficacemente, perch\u00e9 questa operazione richiede molta operativit\u00e0 manuale, e pu\u00f2 portare ad errori nella sincronizzazione multicanale delle quantit\u00e0, nella determinazione del prezzo ideale, etc&#8230;<\/p>\n\n\n\n<p>Per questo, abbiamo deciso di diventare&nbsp;<strong>partners di SellRapido<\/strong>, il sistema&nbsp;<strong>leader nell\u2019automazione di tutti i processi di vendita multicanale<\/strong>&nbsp;e gi\u00e0 usato ogni giorno da centinaia di venditori professionisti&nbsp;<strong>per gestire oltre 20 milioni di inserzioni multicanale<\/strong>.<\/p>\n\n\n\n<p>SellRapido&nbsp;<strong>\u00e8 gi\u00e0 integrato nativamente con il nostro listino prodotti<\/strong>&nbsp;e ti permetter\u00e0, quindi, di metterli subito in vendita&nbsp;<strong>sul tuo e-commerce e su tutti i principali marketplace con un click<\/strong>, con strategie di prezzo dedicate per ottimizzare i tuoi margini, gestendo tutte le fasi dal pre al post vendita,&nbsp;<strong>evitando errori e risparmiando tempo!<\/strong><\/p>\n\n\n\n<p><strong>Utilizzarlo \u00e8 semplice:<\/strong>&nbsp;l\u2019attivazione online \u00e8 immediata, il team di&nbsp;<strong>esperti e-commerce di SellRapido<\/strong>&nbsp;ti seguir\u00e0 passo passo per configurare il tuo account, fornendoti una consulenza gratuita su come agganciarlo al tuo e-commerce&nbsp;<strong>e su come aumentare le tue vendite multicanale<\/strong>.<\/p>\n\n\n\n<p>Come nostro cliente,&nbsp;<strong><strong>hai diritto ad un 20% di sconto sui primi 6 mesi di abbonamento<\/strong>, <\/strong>approfittane subito, prova gratuitamente per 14 giorni e cambia il tuo modo di vendere online.&nbsp;<\/p>\n\n\n\n<div style=\"height:20px\" aria-hidden=\"true\" class=\"wp-block-spacer\"><\/div>\n\n\n\n<div class=\"wp-block-buttons is-horizontal is-content-justification-center is-layout-flex wp-container-core-buttons-is-layout-1 wp-block-buttons-is-layout-flex\">\n<div class=\"wp-block-button\"><a class=\"wp-block-button__link wp-element-button\" href=\"https:\/\/www.sellrapido.com\/it\/?utm_source=referrals&amp;utm_campaign=WWT\" target=\"_blank\" rel=\"noreferrer noopener\">ATTIVA E OTTIENI SCONTO<\/a><\/div>\n<\/div>\n\n\n\n<div style=\"height:20px\" aria-hidden=\"true\" class=\"wp-block-spacer\"><\/div>\n\n\n\n<p><strong>Gestire in modo pi\u00f9 facile, per vendere meglio e di pi\u00f9<br><\/strong>SellRapido \u00e8 un prodotto estremamente facile e semplice da usare, nato per risolvere problemi oggettivi per chi ha un negozio online. Le integrazioni sviluppate da SellRapido ti consentiranno di importare il nostro catalogo prodotti su oltre 15 Marketplace (nazionali ed internazionali) e sulle piattaforme eCommerce pi\u00f9 utilizzate.<\/p>\n\n\n\n<figure class=\"wp-block-image aligncenter size-full is-resized\"><img loading=\"lazy\" decoding=\"async\" src=\"https:\/\/dropshippingb2b.com\/wp-content\/uploads\/2022\/01\/sellrapido_screenshot2.png\" alt=\"\" class=\"wp-image-3545\" width=\"423\" height=\"359\" srcset=\"https:\/\/dropshippingb2b.com\/wp-content\/uploads\/2022\/01\/sellrapido_screenshot2.png 846w, https:\/\/dropshippingb2b.com\/wp-content\/uploads\/2022\/01\/sellrapido_screenshot2-300x254.png 300w, https:\/\/dropshippingb2b.com\/wp-content\/uploads\/2022\/01\/sellrapido_screenshot2-768x651.png 768w\" sizes=\"auto, (max-width: 423px) 100vw, 423px\" \/><\/figure>\n\n\n\n<p>Non dovrai ri-scrivere o ri-copiare i dati in nessun sistema in uso: tutto viene gestito da una sola interfaccia, su una singola piattaforma online e sar\u00e0 sincronizzato in modo semplice ed immediato, dalle schede, ai prezzi alle giacenze del prodotto. La piattaforma ti consente infatti di sincronizzare tutti i sistemi integrati, per avere ogni informazione sempre sotto controllo.<\/p>\n\n\n\n<p>Con Amazon potrai usufruire delle&nbsp;<strong>funzioni esclusive premium<\/strong>, come: gestione miglior prezzo, scaricamento dei dati ordini di Amazon FBA e vendita su altri marketplace tramite Amazon Fullfillment.<\/p>\n\n\n\n<p>In caso di eBay sar\u00e0 anche possibile gestire un template negozio ed aggiungere un insieme di informazioni come immagini e link, impossibili da inserire attraverso i pannelli del Marketplace. Con SellRapido avrai la possibilit\u00e0 di gestire molti template grafici per il tuo negozio.<\/p>\n\n\n\n<p>SellRapido \u00e8 l&#8217;unico software multicanale che ti consente impostare automaticamente i prezzi di vendita in base a parametri (guadagno minimo previsto) stabiliti dal rivenditore. In questo modo riuscirai, ove possibile, ad ottenere maggiori BuyBox senza modificare manualmente i prezzi o osservare costantemente i competitor per modificare le politiche di vendita.<\/p>\n\n\n\n<p>Allo stesso tempo SellRapido applicher\u00e0 il maggior margine possibile pur mantenendo la possibilit\u00e0 di avere il prezzo inferiore. Non perdere pi\u00f9 tempo nel settaggio dei prezzi in Amazon e altri marketplace, SellRapido pu\u00f2 lavorare per te!<\/p>\n\n\n\n<figure class=\"wp-block-image aligncenter size-full is-resized\"><img loading=\"lazy\" decoding=\"async\" src=\"https:\/\/dropshippingb2b.com\/wp-content\/uploads\/2022\/01\/sellrapido_screenshot.png\" alt=\"\" class=\"wp-image-3558\" width=\"450\" height=\"270\" srcset=\"https:\/\/dropshippingb2b.com\/wp-content\/uploads\/2022\/01\/sellrapido_screenshot.png 900w, https:\/\/dropshippingb2b.com\/wp-content\/uploads\/2022\/01\/sellrapido_screenshot-300x180.png 300w, https:\/\/dropshippingb2b.com\/wp-content\/uploads\/2022\/01\/sellrapido_screenshot-768x460.png 768w\" sizes=\"auto, (max-width: 450px) 100vw, 450px\" \/><\/figure>\n\n\n\n<p><strong>Provalo gratuitamente, senza limitazioni e moltiplica il tuo fatturato!<\/strong><br>Registrati sul sito di SellRapido per la prova gratuita con il&nbsp;<strong>diritto ad un 20% di sconto per 6 mesi sull&#8217;abbonamento full<\/strong>, dedicato ai nostri clienti<br>potrai immediatamente accedere al sistema cloud (tutto online!), inserire le credenziali dei tuoi marketplace e caricare i nostri listini dropshipping. SellRapido offre, inoltre, una consulenza telefonica gratuita di esperti tecnici e commerciali per seguirti in ogni fase, compresa la guida per ottimizzare il tuo modello di business online.<br>Cambia oggi il tuo modo di vendere online.<\/p>\n\n\n\n<div class=\"wp-block-buttons is-horizontal is-content-justification-center is-layout-flex wp-container-core-buttons-is-layout-2 wp-block-buttons-is-layout-flex\">\n<div class=\"wp-block-button\"><a class=\"wp-block-button__link wp-element-button\" href=\"https:\/\/www.sellrapido.com\/it\/?utm_source=referrals&amp;utm_campaign=WWT\" target=\"_blank\" rel=\"noreferrer noopener\">ATTIVA E OTTIENI SCONTO<\/a><\/div>\n<\/div>\n\n\n\n<div style=\"height:20px\" aria-hidden=\"true\" class=\"wp-block-spacer\"><\/div>\n\n\n\n<h4 class=\"wp-block-heading\">Fornitore:<\/h4>\n\n\n\n<p class=\"has-text-align-center\">Sellrapido s.r.l.<br>via Montello 18, 40131 Bologna | P.IVA: 03270551207<br>tel <strong>+39-051-0217133<\/strong><\/p>\n\n\n\n<div style=\"height:20px\" aria-hidden=\"true\" class=\"wp-block-spacer\"><\/div>\n\n\n\n<h4 class=\"wp-block-heading\">CMS Supportati:<\/h4>\n\n\n\n<figure class=\"wp-block-image aligncenter size-large is-resized\"><img loading=\"lazy\" decoding=\"async\" src=\"https:\/\/dropshippingb2b.com\/wp-content\/uploads\/2022\/01\/sellrapido_cms-1024x134.png\" alt=\"\" class=\"wp-image-3577\" width=\"512\" height=\"67\" srcset=\"https:\/\/dropshippingb2b.com\/wp-content\/uploads\/2022\/01\/sellrapido_cms-1024x134.png 1024w, https:\/\/dropshippingb2b.com\/wp-content\/uploads\/2022\/01\/sellrapido_cms-300x39.png 300w, https:\/\/dropshippingb2b.com\/wp-content\/uploads\/2022\/01\/sellrapido_cms-768x100.png 768w, https:\/\/dropshippingb2b.com\/wp-content\/uploads\/2022\/01\/sellrapido_cms.png 1200w\" sizes=\"auto, (max-width: 512px) 100vw, 512px\" \/><\/figure>\n\n\n\n<div style=\"height:20px\" aria-hidden=\"true\" class=\"wp-block-spacer\"><\/div>\n\n\n\n<h4 class=\"wp-block-heading\"><strong>Marketplace supportati:<\/strong><\/h4>\n\n\n\n<figure class=\"wp-block-image aligncenter size-large is-resized\"><img loading=\"lazy\" decoding=\"async\" src=\"https:\/\/dropshippingb2b.com\/wp-content\/uploads\/2022\/01\/sellrapido_marketplace-1024x106.png\" alt=\"\" class=\"wp-image-3590\" width=\"768\" height=\"80\" srcset=\"https:\/\/dropshippingb2b.com\/wp-content\/uploads\/2022\/01\/sellrapido_marketplace-1024x106.png 1024w, https:\/\/dropshippingb2b.com\/wp-content\/uploads\/2022\/01\/sellrapido_marketplace-300x31.png 300w, https:\/\/dropshippingb2b.com\/wp-content\/uploads\/2022\/01\/sellrapido_marketplace-768x79.png 768w, https:\/\/dropshippingb2b.com\/wp-content\/uploads\/2022\/01\/sellrapido_marketplace.png 1200w\" sizes=\"auto, (max-width: 768px) 100vw, 768px\" \/><\/figure>\n\n\n\n<h4 class=\"wp-block-heading\"><strong>Cosa offre:<\/strong><\/h4>\n\n\n\n<p><a rel=\"noreferrer noopener\" href=\"https:\/\/www.sellrapido.com\/\" target=\"_blank\">SellRapido<\/a>&nbsp;\u00e8 un prodotto estremamente facile e semplice da usare, nato per risolvere problemi oggettivi per chi ha un negozio on-line. La gestione di un e-Commerce su pi\u00f9 marketplace pu\u00f2 infatti essere difficoltosa: \u00e8 necessario copiare e incollare i dati su pi\u00f9 risorse, spesso molto diverse tra loro; gestire schede prodotto, prezzi, promozioni e condizioni; spedizioni e fatturazioni. Tutto questo, con SellRapido pu\u00f2 essere gestito sotto una unica interfaccia!<\/p>\n\n\n\n<div style=\"height:20px\" aria-hidden=\"true\" class=\"wp-block-spacer\"><\/div>\n\n\n\n<h4 class=\"wp-block-heading\"><strong><strong>Quanto costa:<\/strong><\/strong><\/h4>\n\n\n\n<figure class=\"wp-block-image aligncenter size-large is-resized\"><img loading=\"lazy\" decoding=\"async\" src=\"https:\/\/dropshippingb2b.com\/wp-content\/uploads\/2022\/01\/sellrapido_price-it-1024x350.jpg\" alt=\"\" class=\"wp-image-3603\" width=\"512\" height=\"175\" srcset=\"https:\/\/dropshippingb2b.com\/wp-content\/uploads\/2022\/01\/sellrapido_price-it-1024x350.jpg 1024w, https:\/\/dropshippingb2b.com\/wp-content\/uploads\/2022\/01\/sellrapido_price-it-300x103.jpg 300w, https:\/\/dropshippingb2b.com\/wp-content\/uploads\/2022\/01\/sellrapido_price-it-768x262.jpg 768w, https:\/\/dropshippingb2b.com\/wp-content\/uploads\/2022\/01\/sellrapido_price-it.jpg 1200w\" sizes=\"auto, (max-width: 512px) 100vw, 512px\" \/><\/figure>\n\n\n\n<div style=\"height:20px\" aria-hidden=\"true\" class=\"wp-block-spacer\"><\/div>\n\n\n\n<div class=\"wp-block-buttons is-horizontal is-content-justification-center is-layout-flex wp-container-core-buttons-is-layout-3 wp-block-buttons-is-layout-flex\">\n<div class=\"wp-block-button\"><a class=\"wp-block-button__link wp-element-button\" href=\"https:\/\/www.sellrapido.com\/\" target=\"_blank\" rel=\"noreferrer noopener\">SCOPRI TUTTO SUL SITO SELLRAPIDO.IT<\/a><\/div>\n<\/div>\n\n\n\n<div style=\"height:30px\" aria-hidden=\"true\" class=\"wp-block-spacer\"><\/div>\n<\/div><\/div>\n\n\n\n<div style=\"height:30px\" aria-hidden=\"true\" class=\"wp-block-spacer\"><\/div>\n\n\n\n<div class=\"inherit-container-width wp-block-group has-background is-layout-constrained wp-block-group-is-layout-constrained\" style=\"background-color:#ffffff\"><div class=\"wp-block-group__inner-container\">\n<h4 class=\"wp-block-heading\">Fornitore:<\/h4>\n\n\n\n<figure class=\"wp-block-image aligncenter size-full\"><img loading=\"lazy\" decoding=\"async\" width=\"250\" height=\"84\" src=\"https:\/\/dropshippingb2b.com\/wp-content\/uploads\/2023\/01\/import2shop-1.png\" alt=\"\" class=\"wp-image-7151\"\/><\/figure>\n\n\n\n<p>Dropshipping \u00e8 orgogliosa di annunciare la Partnership con Import2shop, startup basata in Germania.<br>La collaborazione nasce dalla visione comune che abbiamo per darvi il meglio della tecnologia, facilitando cos\u00ec il processo e la scelta d&#8217;acquisto ai clienti<\/p>\n\n\n\n<p class=\"has-text-align-center\"><a rel=\"noreferrer noopener\" href=\"https:\/\/import2shop.com\/de\/\" target=\"_blank\">Import2shop<\/a><br>Rudolf-Breitscheid-Str. 2b Lauchhammer 01979<br>Tel: <strong>+ 49 3574 86 93 342 <\/strong><br>e-mail:&nbsp;<a href=\"mailto:support@import2shop.com\">support@import2shop.com<\/a><\/p>\n\n\n\n<p class=\"has-text-align-center\"><\/p>\n\n\n\n<h4 class=\"wp-block-heading\">CMS Supportati:<\/h4>\n\n\n\n<figure class=\"wp-block-image aligncenter size-large is-resized\"><img loading=\"lazy\" decoding=\"async\" src=\"https:\/\/dropshippingb2b.com\/wp-content\/uploads\/2022\/01\/Screenshot-2022-01-11-at-17.38.37-1024x293.png\" alt=\"\" class=\"wp-image-3631\" width=\"512\" height=\"147\" srcset=\"https:\/\/dropshippingb2b.com\/wp-content\/uploads\/2022\/01\/Screenshot-2022-01-11-at-17.38.37-1024x293.png 1024w, https:\/\/dropshippingb2b.com\/wp-content\/uploads\/2022\/01\/Screenshot-2022-01-11-at-17.38.37-300x86.png 300w, https:\/\/dropshippingb2b.com\/wp-content\/uploads\/2022\/01\/Screenshot-2022-01-11-at-17.38.37-768x220.png 768w, https:\/\/dropshippingb2b.com\/wp-content\/uploads\/2022\/01\/Screenshot-2022-01-11-at-17.38.37.png 1224w\" sizes=\"auto, (max-width: 512px) 100vw, 512px\" \/><\/figure>\n\n\n\n<h4 class=\"wp-block-heading\"><strong>Cosa offre:<\/strong><\/h4>\n\n\n\n<p>Listini in CSV preformattati per il CMS \u201cGAMBIO\u201d ed integrazione con il marketplace ebay<\/p>\n\n\n\n<div style=\"height:20px\" aria-hidden=\"true\" class=\"wp-block-spacer\"><\/div>\n\n\n\n<h4 class=\"wp-block-heading\"><strong><strong>Quanto costa:<\/strong><\/strong><\/h4>\n\n\n\n<p class=\"has-text-align-center\">INSTALLAZIONE una tantum 169,00\u20ac<br>COSTO MENSILE 69,00\u20ac in offerta invece di 79,00\u20ac<\/p>\n\n\n\n<div style=\"height:20px\" aria-hidden=\"true\" class=\"wp-block-spacer\"><\/div>\n\n\n\n<div class=\"wp-block-buttons is-horizontal is-content-justification-center is-layout-flex wp-container-core-buttons-is-layout-4 wp-block-buttons-is-layout-flex\">\n<div class=\"wp-block-button\"><a class=\"wp-block-button__link wp-element-button\" href=\"https:\/\/import2shop.com\/\" target=\"_blank\" rel=\"noreferrer noopener\">SCOPRI TUTTO SUL SITO IMPORT2SHOP.DE<\/a><\/div>\n<\/div>\n\n\n\n<div style=\"height:30px\" aria-hidden=\"true\" class=\"wp-block-spacer\"><\/div>\n<\/div><\/div>\n<\/div><\/div>\n","protected":false},"excerpt":{"rendered":"","protected":false},"author":1,"featured_media":0,"parent":0,"menu_order":0,"comment_status":"closed","ping_status":"closed","template":"","meta":{"inline_featured_image":false,"site-sidebar-layout":"default","site-content-layout":"plain-container","ast-site-content-layout":"","site-content-style":"default","site-sidebar-style":"default","ast-global-header-display":"","ast-banner-title-visibility":"","ast-main-header-display":"","ast-hfb-above-header-display":"","ast-hfb-below-header-display":"","ast-hfb-mobile-header-display":"","site-post-title":"disabled","ast-breadcrumbs-content":"","ast-featured-img":"","footer-sml-layout":"","theme-transparent-header-meta":"default","adv-header-id-meta":"","stick-header-meta":"","header-above-stick-meta":"","header-main-stick-meta":"","header-below-stick-meta":"","astra-migrate-meta-layouts":"default","ast-page-background-enabled":"default","ast-page-background-meta":{"desktop":{"background-color":"","background-image":"","background-repeat":"repeat","background-position":"center center","background-size":"auto","background-attachment":"scroll","background-type":"","background-media":"","overlay-type":"","overlay-color":"","overlay-opacity":"","overlay-gradient":""},"tablet":{"background-color":"","background-image":"","background-repeat":"repeat","background-position":"center center","background-size":"auto","background-attachment":"scroll","background-type":"","background-media":"","overlay-type":"","overlay-color":"","overlay-opacity":"","overlay-gradient":""},"mobile":{"background-color":"","background-image":"","background-repeat":"repeat","background-position":"center center","background-size":"auto","background-attachment":"scroll","background-type":"","background-media":"","overlay-type":"","overlay-color":"","overlay-opacity":"","overlay-gradient":""}},"ast-content-background-meta":{"desktop":{"background-color":"var(--ast-global-color-5)","background-image":"","background-repeat":"repeat","background-position":"center center","background-size":"auto","background-attachment":"scroll","background-type":"","background-media":"","overlay-type":"","overlay-color":"","overlay-opacity":"","overlay-gradient":""},"tablet":{"background-color":"var(--ast-global-color-5)","background-image":"","background-repeat":"repeat","background-position":"center center","background-size":"auto","background-attachment":"scroll","background-type":"","background-media":"","overlay-type":"","overlay-color":"","overlay-opacity":"","overlay-gradient":""},"mobile":{"background-color":"var(--ast-global-color-5)","background-image":"","background-repeat":"repeat","background-position":"center center","background-size":"auto","background-attachment":"scroll","background-type":"","background-media":"","overlay-type":"","overlay-color":"","overlay-opacity":"","overlay-gradient":""}},"footnotes":""},"class_list":["post-2192","page","type-page","status-publish","hentry"],"_links":{"self":[{"href":"https:\/\/dropshippingb2b.com\/it\/wp-json\/wp\/v2\/pages\/2192","targetHints":{"allow":["GET"]}}],"collection":[{"href":"https:\/\/dropshippingb2b.com\/it\/wp-json\/wp\/v2\/pages"}],"about":[{"href":"https:\/\/dropshippingb2b.com\/it\/wp-json\/wp\/v2\/types\/page"}],"author":[{"embeddable":true,"href":"https:\/\/dropshippingb2b.com\/it\/wp-json\/wp\/v2\/users\/1"}],"replies":[{"embeddable":true,"href":"https:\/\/dropshippingb2b.com\/it\/wp-json\/wp\/v2\/comments?post=2192"}],"version-history":[{"count":20,"href":"https:\/\/dropshippingb2b.com\/it\/wp-json\/wp\/v2\/pages\/2192\/revisions"}],"predecessor-version":[{"id":4445,"href":"https:\/\/dropshippingb2b.com\/it\/wp-json\/wp\/v2\/pages\/2192\/revisions\/4445"}],"wp:attachment":[{"href":"https:\/\/dropshippingb2b.com\/it\/wp-json\/wp\/v2\/media?parent=2192"}],"curies":[{"name":"wp","href":"https:\/\/api.w.org\/{rel}","templated":true}]}}