{"id":1876,"date":"2021-07-16T18:57:17","date_gmt":"2021-07-16T18:57:17","guid":{"rendered":"https:\/\/dsb2b.assemblyweb.net\/returns"},"modified":"2022-10-18T11:35:27","modified_gmt":"2022-10-18T11:35:27","slug":"resi-dropshipping","status":"publish","type":"page","link":"https:\/\/dropshippingb2b.com\/it\/resi-dropshipping","title":{"rendered":"Resi &#038; Dropshipping"},"content":{"rendered":"\n<div class=\"wp-block-cover alignfull is-light\" style=\"min-height:350px;aspect-ratio:unset;\"><span aria-hidden=\"true\" class=\"wp-block-cover__background has-background-dim-0 has-background-dim\"><\/span><img loading=\"lazy\" decoding=\"async\" width=\"1200\" height=\"1600\" class=\"wp-block-cover__image-background wp-image-2834\" alt=\"\" src=\"https:\/\/dropshippingb2b.com\/wp-content\/uploads\/2022\/01\/wwtech-portada-duotone.jpg\" data-object-fit=\"cover\" srcset=\"https:\/\/dropshippingb2b.com\/wp-content\/uploads\/2022\/01\/wwtech-portada-duotone.jpg 1200w, https:\/\/dropshippingb2b.com\/wp-content\/uploads\/2022\/01\/wwtech-portada-duotone-225x300.jpg 225w, https:\/\/dropshippingb2b.com\/wp-content\/uploads\/2022\/01\/wwtech-portada-duotone-768x1024.jpg 768w, https:\/\/dropshippingb2b.com\/wp-content\/uploads\/2022\/01\/wwtech-portada-duotone-1152x1536.jpg 1152w, https:\/\/dropshippingb2b.com\/wp-content\/uploads\/2022\/01\/wwtech-portada-duotone-300x400.jpg 300w\" sizes=\"auto, (max-width: 1200px) 100vw, 1200px\" \/><div class=\"wp-block-cover__inner-container is-layout-flow wp-block-cover-is-layout-flow\">\n<h2 class=\"has-text-color wp-block-heading\" style=\"color:#ffffff\">Resi &amp; Dropshipping<\/h2>\n<\/div><\/div>\n\n\n\n<div class=\"inherit-container-width wp-block-group alignfull has-background is-layout-constrained wp-block-group-is-layout-constrained\" style=\"background-color:#f6f6f6\"><div class=\"wp-block-group__inner-container\">\n<div class=\"inherit-container-width wp-block-group has-background is-layout-constrained wp-block-group-is-layout-constrained\" style=\"background-color:#ffffff\"><div class=\"wp-block-group__inner-container\">\n<figure class=\"wp-block-image aligncenter size-full\"><img loading=\"lazy\" decoding=\"async\" width=\"741\" height=\"783\" src=\"https:\/\/dropshippingb2b.com\/wp-content\/uploads\/2022\/01\/infograph_reso_it.jpg\" alt=\"\" class=\"wp-image-3406\" srcset=\"https:\/\/dropshippingb2b.com\/wp-content\/uploads\/2022\/01\/infograph_reso_it.jpg 741w, https:\/\/dropshippingb2b.com\/wp-content\/uploads\/2022\/01\/infograph_reso_it-284x300.jpg 284w, https:\/\/dropshippingb2b.com\/wp-content\/uploads\/2022\/01\/infograph_reso_it-300x317.jpg 300w\" sizes=\"auto, (max-width: 741px) 100vw, 741px\" \/><\/figure>\n\n\n\n<h4 class=\"has-text-align-center wp-block-heading\">Vendite B2B: Regole di reso nel mercato all\u2019ingrosso<\/h4>\n\n\n\n<p>Ti ricordiamo che nell\u2019operare con una tua attivit\u00e0 di venditore in Dropshipping instauri un rapporto tra aziende commerciali, ossia B2B (business-to-business), tra di te (Venditore) ed i tuoi Fornitori.<br>Le regole di reso sono quelle presenti sul sito di ingrosso a cui vi connettete per gli acquisti (vedi <a href=\"https:\/\/www.wwt.it\/info\/restituzione-prodotto\/restituzione-prodotto\" data-type=\"URL\" data-id=\"https:\/\/www.wwt.it\/info\/restituzione-prodotto\/restituzione-prodotto\">q<\/a><a href=\"https:\/\/www.wwt.it\/info\/restituzione-prodotto\/restituzione-prodotto\" data-type=\"URL\" data-id=\"https:\/\/www.wwt.it\/info\/restituzione-prodotto\/restituzione-prodotto\" target=\"_blank\" rel=\"noreferrer noopener\">ui<\/a>)<\/p>\n\n\n\n<p>Tutti i prodotti a stock vengono sottoposti ad un accurato controllo in ingresso a magazzino, volto ed evitare l\u2019ingresso di prodotti difettati o non funzionanti.<\/p>\n\n\n\n<p>In esclusiva per le sole vendite diretta ai vostri clienti privati e\/o utilizzatori finali attraverso il canale&nbsp;<strong>Dropshipping<\/strong>, sui prodotti&nbsp;<strong>viene effettuato un secondo controllo<\/strong>&nbsp;anche al momento della spedizione, per garantire una volta di pi\u00f9 la totale assenza di difetti, fosse anche solo una batteria che si \u00e8 scaricata nel corso della giacenza a magazzino.<br>Questa procedura \u00e8 stata studiata per assicurarsi di inviare prodotti sempre perfetti, evitando contestazioni per articoli non conformi a quanto ordinato: poich\u00e9 n\u00e9 il Fornitore grossista (noi) n\u00e9 il Venditore al dettaglio (voi) viene mai a contatto con gli articoli venduti, \u00e8 necessaria piena fiducia nell\u2019operato della Logistica che controlla e spedisce i prodotti in nome e per conto vostro: purtroppo nel tempo si sono verificati casi di utenti che in malafede hanno contestato articoli sostenendo di averli ricevuti difformi o addirittura usati(!); questo \u00e8 totalmente escludibile con il nostro livello di servizio e ogni Venditore \u00e8 invitato a visitare la Logistica in ogni momento per verificare di persona la qualit\u00e0 e l\u2019accuratezza del servizio offerto.<\/p>\n\n\n\n<p>Se ricevete la merce presso il vostro domicilio per il successivo inoltro ai clienti privati, come dalle condizioni di reso sopra riportate, \u00e8 necessario darne notizia al pi\u00f9 presto e comunque entro&nbsp;<strong>8 giorni<\/strong>&nbsp;dalla ricezione della merce.<\/p>\n\n\n\n<p>Se invece optate per il vero e proprio servizio di Dropshipping con invio diretto ai vostri clienti, nessun reso potr\u00e0 essere inviato dal privato al Fornitore, ma dovr\u00e0 o transitare prima da Voi che, in qualit\u00e0 di venditore, deciderete come comportarvi verso il privato o, previo accordo, presso la logistica (servizio a pagamento): in questo caso, la valutazione della logistica circa lo stato del reso sar\u00e0 definitiva ed inappellabile.<\/p>\n\n\n\n<p class=\"has-text-color has-background\" style=\"background-color:#fae3d4;color:#e5742e\"><strong>ATTENZIONE! Ricordiamo che le regole dei resi B2B sono differenti da quelle del mercato B2C, in particolare il Diritto di Recesso \u00e8 una norma prevista dal legislatore a tutela del consumatore privato e si applica solo nei confronti di quest\u2019ultimo.<\/strong><\/p>\n\n\n\n<p>Nell\u2019ottica di una reciproca e continuative collaborazione, nel caso vi trovaste a gestire un numero di resi superiore a quanto assorbibile dalla vostra attivit\u00e0, la nostra azienda resta disponibile a valutare saltuariamente acquisti di merce da rimettere in circolazione sul nostro canale.<\/p>\n<\/div><\/div>\n<\/div><\/div>\n\n\n\n<div class=\"inherit-container-width wp-block-group alignfull has-background is-layout-constrained wp-block-group-is-layout-constrained\" style=\"background-color:#fae4d6\"><div class=\"wp-block-group__inner-container\">\n<h3 class=\"wp-block-heading has-text-align-center\">STILL DOUBTS?<\/h3>\n\n\n\n<p class=\"has-text-align-center\">Check out the frequently asked questions or talk to one of us<\/p>\n\n\n\n<div class=\"wp-block-columns is-layout-flex wp-container-core-columns-is-layout-1 wp-block-columns-is-layout-flex\">\n<div class=\"wp-block-column is-vertically-aligned-center is-layout-flow wp-block-column-is-layout-flow\">\n<div class=\"wp-block-buttons is-horizontal is-content-justification-center is-layout-flex wp-container-core-buttons-is-layout-1 wp-block-buttons-is-layout-flex\">\n<div class=\"wp-block-button is-style-outline is-style-outline--1\"><a class=\"wp-block-button__link has-text-color wp-element-button\" href=\"\/it\/faq\" style=\"color:#e5742e\">VISIT THE FAQ<\/a><\/div>\n\n\n\n<div class=\"wp-block-button is-style-fill\"><a class=\"wp-block-button__link wp-element-button\" href=\"\/it\/contact-us\">CONTACT US<\/a><\/div>\n<\/div>\n<\/div>\n<\/div>\n<\/div><\/div>\n","protected":false},"excerpt":{"rendered":"","protected":false},"author":1,"featured_media":0,"parent":0,"menu_order":0,"comment_status":"closed","ping_status":"closed","template":"","meta":{"inline_featured_image":false,"site-sidebar-layout":"default","site-content-layout":"plain-container","ast-site-content-layout":"","site-content-style":"default","site-sidebar-style":"default","ast-global-header-display":"","ast-banner-title-visibility":"","ast-main-header-display":"","ast-hfb-above-header-display":"","ast-hfb-below-header-display":"","ast-hfb-mobile-header-display":"","site-post-title":"disabled","ast-breadcrumbs-content":"","ast-featured-img":"","footer-sml-layout":"","theme-transparent-header-meta":"default","adv-header-id-meta":"","stick-header-meta":"","header-above-stick-meta":"","header-main-stick-meta":"","header-below-stick-meta":"","astra-migrate-meta-layouts":"default","ast-page-background-enabled":"default","ast-page-background-meta":{"desktop":{"background-color":"","background-image":"","background-repeat":"repeat","background-position":"center center","background-size":"auto","background-attachment":"scroll","background-type":"","background-media":"","overlay-type":"","overlay-color":"","overlay-opacity":"","overlay-gradient":""},"tablet":{"background-color":"","background-image":"","background-repeat":"repeat","background-position":"center center","background-size":"auto","background-attachment":"scroll","background-type":"","background-media":"","overlay-type":"","overlay-color":"","overlay-opacity":"","overlay-gradient":""},"mobile":{"background-color":"","background-image":"","background-repeat":"repeat","background-position":"center center","background-size":"auto","background-attachment":"scroll","background-type":"","background-media":"","overlay-type":"","overlay-color":"","overlay-opacity":"","overlay-gradient":""}},"ast-content-background-meta":{"desktop":{"background-color":"var(--ast-global-color-5)","background-image":"","background-repeat":"repeat","background-position":"center center","background-size":"auto","background-attachment":"scroll","background-type":"","background-media":"","overlay-type":"","overlay-color":"","overlay-opacity":"","overlay-gradient":""},"tablet":{"background-color":"var(--ast-global-color-5)","background-image":"","background-repeat":"repeat","background-position":"center center","background-size":"auto","background-attachment":"scroll","background-type":"","background-media":"","overlay-type":"","overlay-color":"","overlay-opacity":"","overlay-gradient":""},"mobile":{"background-color":"var(--ast-global-color-5)","background-image":"","background-repeat":"repeat","background-position":"center center","background-size":"auto","background-attachment":"scroll","background-type":"","background-media":"","overlay-type":"","overlay-color":"","overlay-opacity":"","overlay-gradient":""}},"footnotes":""},"class_list":["post-1876","page","type-page","status-publish","hentry"],"_links":{"self":[{"href":"https:\/\/dropshippingb2b.com\/it\/wp-json\/wp\/v2\/pages\/1876","targetHints":{"allow":["GET"]}}],"collection":[{"href":"https:\/\/dropshippingb2b.com\/it\/wp-json\/wp\/v2\/pages"}],"about":[{"href":"https:\/\/dropshippingb2b.com\/it\/wp-json\/wp\/v2\/types\/page"}],"author":[{"embeddable":true,"href":"https:\/\/dropshippingb2b.com\/it\/wp-json\/wp\/v2\/users\/1"}],"replies":[{"embeddable":true,"href":"https:\/\/dropshippingb2b.com\/it\/wp-json\/wp\/v2\/comments?post=1876"}],"version-history":[{"count":8,"href":"https:\/\/dropshippingb2b.com\/it\/wp-json\/wp\/v2\/pages\/1876\/revisions"}],"predecessor-version":[{"id":4434,"href":"https:\/\/dropshippingb2b.com\/it\/wp-json\/wp\/v2\/pages\/1876\/revisions\/4434"}],"wp:attachment":[{"href":"https:\/\/dropshippingb2b.com\/it\/wp-json\/wp\/v2\/media?parent=1876"}],"curies":[{"name":"wp","href":"https:\/\/api.w.org\/{rel}","templated":true}]}}