{"id":1318,"date":"2021-07-14T21:36:52","date_gmt":"2021-07-14T21:36:52","guid":{"rendered":"https:\/\/dsb2b.assemblyweb.net\/data-flow"},"modified":"2025-03-18T15:12:56","modified_gmt":"2025-03-18T14:12:56","slug":"flussi-dati","status":"publish","type":"page","link":"https:\/\/dropshippingb2b.com\/it\/flussi-dati","title":{"rendered":"Flussi dati"},"content":{"rendered":"\n<div class=\"wp-block-cover alignfull\" style=\"min-height:350px;aspect-ratio:unset;\"><span aria-hidden=\"true\" class=\"wp-block-cover__background has-background-dim-0 has-background-dim\"><\/span><img loading=\"lazy\" decoding=\"async\" width=\"1200\" height=\"1600\" class=\"wp-block-cover__image-background wp-image-2834\" alt=\"\" src=\"https:\/\/dropshippingb2b.com\/wp-content\/uploads\/2022\/01\/wwtech-portada-duotone.jpg\" data-object-fit=\"cover\" srcset=\"https:\/\/dropshippingb2b.com\/wp-content\/uploads\/2022\/01\/wwtech-portada-duotone.jpg 1200w, https:\/\/dropshippingb2b.com\/wp-content\/uploads\/2022\/01\/wwtech-portada-duotone-225x300.jpg 225w, https:\/\/dropshippingb2b.com\/wp-content\/uploads\/2022\/01\/wwtech-portada-duotone-768x1024.jpg 768w, https:\/\/dropshippingb2b.com\/wp-content\/uploads\/2022\/01\/wwtech-portada-duotone-1152x1536.jpg 1152w, https:\/\/dropshippingb2b.com\/wp-content\/uploads\/2022\/01\/wwtech-portada-duotone-300x400.jpg 300w\" sizes=\"auto, (max-width: 1200px) 100vw, 1200px\" \/><div class=\"wp-block-cover__inner-container is-layout-flow wp-block-cover-is-layout-flow\">\n<h2 class=\"wp-block-heading has-text-color has-huge-font-size\" style=\"color:#ffffff\">Flussi dati<\/h2>\n<\/div><\/div>\n\n\n\n<div class=\"inherit-container-width wp-block-group alignfull has-background is-layout-constrained wp-block-group-is-layout-constrained\" style=\"background-color:#f6f6f6\"><div class=\"wp-block-group__inner-container\">\n<div class=\"inherit-container-width wp-block-group mt--50 has-background is-layout-constrained wp-block-group-is-layout-constrained\" style=\"background-color:#ffffff\"><div class=\"wp-block-group__inner-container\">\n<p>L&#8217;intera acquisizione dei cataloghi, scaricabile sia manualmente (flusso statico: file export CSV oppure XML e JSON) che automaticamente (flusso live: integrazione API) permette di ottenere le seguenti informazioni obbligatorie per ogni referenza in catalogo:<\/p>\n\n\n\n<ul class=\"wp-block-list custom-list\">\n<li>Marchio<\/li>\n\n\n\n<li>Codice Prodotto<\/li>\n\n\n\n<li>Quantit\u00e0 disponibile<\/li>\n\n\n\n<li>PVP (<em>Prezzo Vendita al Pubblico<\/em>) consigliato<\/li>\n\n\n\n<li>Sconto di acquisto a te riservato<\/li>\n\n\n\n<li>Prezzo netto<\/li>\n\n\n\n<li>Tempi di evasione attesi<\/li>\n\n\n\n<li>Peso approssimativo<\/li>\n\n\n\n<li>Gruppo di appartenenza del prodotto<\/li>\n\n\n\n<li>Link con doppia immagine: <span class=\"text-grey\">un&#8217;icona 120x120px e un&#8217;immagine ad alta definizione (generalmente da 300 a 800 px): entrambe le immagini hanno lo stesso contenuto se il prodotto viene venduto nella confezione standard senza gadget\/accessori; se invece il prodotto ha una confezione o un gadget specifici le due immagini sono diverse (l&#8217;icona ha solo il prodotto, l&#8217;immagine grande contiene anche il gadget). Inoltre alcuni marchi hanno all&#8217;interno dell&#8217;immagine grande delle icone con le caratteristiche specifiche del prodotto<\/span><\/li>\n\n\n\n<li>Categoria di appartenenza del prodotto<\/li>\n<\/ul>\n\n\n\n<p>e le seguenti informazioni facoltative:&nbsp;<\/p>\n\n\n\n<ul class=\"wp-block-list\">\n<li>EAN (European Article Number)<\/li>\n\n\n\n<li>Attributi: <span class=\"text-grey\">cio\u00e8 le principali caratteristiche del prodotto, come ad esempio: &#8220;Genere&#8221;, &#8220;Materiale della cassa&#8221;, &#8220;Materiale cinturino&#8221;, &#8220;Impermeabilit\u00e0&#8221;, e cos\u00ec via; questi valori sono disponibili per tutti i prodotti in stock presso il nostro magazzino (fornitore &#8220;68&#8221;), mentre per i prodotti stoccati presso magazzini esterni, gli attributi saranno disponibili qualora il fornitore provveda all&#8217;inserimento<\/span><\/li>\n\n\n\n<li class=\"has-black-color has-text-color has-link-color wp-elements-fac46049fe7f354638b750eef25a5351\">Requisiti GPSR: produttore e responsabile<\/li>\n<\/ul>\n\n\n\n<p><\/p>\n<\/div><\/div>\n\n\n\n<div style=\"height:30px\" aria-hidden=\"true\" class=\"wp-block-spacer\"><\/div>\n\n\n\n<div class=\"inherit-container-width wp-block-group has-background is-layout-constrained wp-block-group-is-layout-constrained\" style=\"background-color:#ffffff\"><div class=\"wp-block-group__inner-container\">\n<h3 class=\"wp-block-heading has-text-align-center\">Le differenze tra i sistemi di integrazione del catalogo prodotti:<\/h3>\n\n\n\n<figure class=\"wp-block-image aligncenter size-full\"><img loading=\"lazy\" decoding=\"async\" width=\"432\" height=\"346\" src=\"https:\/\/dropshippingb2b.com\/wp-content\/uploads\/2022\/01\/apivscsv_ita2.jpg\" alt=\"\" class=\"wp-image-3227\" srcset=\"https:\/\/dropshippingb2b.com\/wp-content\/uploads\/2022\/01\/apivscsv_ita2.jpg 432w, https:\/\/dropshippingb2b.com\/wp-content\/uploads\/2022\/01\/apivscsv_ita2-300x240.jpg 300w\" sizes=\"auto, (max-width: 432px) 100vw, 432px\" \/><\/figure>\n<\/div><\/div>\n\n\n\n<div style=\"height:30px\" aria-hidden=\"true\" class=\"wp-block-spacer\"><\/div>\n\n\n\n<div class=\"inherit-container-width wp-block-group has-background is-layout-constrained wp-block-group-is-layout-constrained\" style=\"background-color:#ffffff\"><div class=\"wp-block-group__inner-container\">\n<h3 class=\"wp-block-heading has-text-align-center\">Integrazione API<\/h3>\n\n\n\n<p>\u00c8 bidirezionale, ossia permette:<\/p>\n\n\n\n<ul class=\"wp-block-list\">\n<li>la lettura di tutto il contenuto del magazzino aggiornato in tempo reale<\/li>\n\n\n\n<li>l\u2019inserimento dei prodotti nel carrello e la successiva conferma dell\u2019ordine.<\/li>\n<\/ul>\n\n\n\n<figure class=\"wp-block-image aligncenter size-full\"><img loading=\"lazy\" decoding=\"async\" width=\"601\" height=\"210\" src=\"https:\/\/dropshippingb2b.com\/wp-content\/uploads\/2022\/01\/schema_api_ita.jpg\" alt=\"\" class=\"wp-image-3240\" srcset=\"https:\/\/dropshippingb2b.com\/wp-content\/uploads\/2022\/01\/schema_api_ita.jpg 601w, https:\/\/dropshippingb2b.com\/wp-content\/uploads\/2022\/01\/schema_api_ita-300x105.jpg 300w\" sizes=\"auto, (max-width: 601px) 100vw, 601px\" \/><\/figure>\n\n\n\n<p>E\u2019 stato ideato come servizio web ed \u00e8 integrabile con qualsiasi software in grado di leggere e scrivere dati in formato Json, indipendentemente dal linguaggio o sistema operativo utilizzato.<\/p>\n\n\n\n<figure class=\"wp-block-image aligncenter size-full\"><img loading=\"lazy\" decoding=\"async\" width=\"735\" height=\"193\" src=\"https:\/\/dropshippingb2b.com\/wp-content\/uploads\/2022\/01\/api_schema1.jpg\" alt=\"\" class=\"wp-image-3253\" srcset=\"https:\/\/dropshippingb2b.com\/wp-content\/uploads\/2022\/01\/api_schema1.jpg 735w, https:\/\/dropshippingb2b.com\/wp-content\/uploads\/2022\/01\/api_schema1-300x79.jpg 300w\" sizes=\"auto, (max-width: 735px) 100vw, 735px\" \/><\/figure>\n\n\n\n<p>\u00c8 disponibile la guida completa all\u2019integrazione al seguente link:<\/p>\n\n\n\n<div class=\"wp-block-buttons is-horizontal is-content-justification-center is-layout-flex wp-container-core-buttons-is-layout-1 wp-block-buttons-is-layout-flex\">\n<div class=\"wp-block-button\"><a class=\"wp-block-button__link wp-element-button\" href=\"https:\/\/dropshippingb2b.com\/api\/guide\/\" target=\"_blank\" rel=\"noreferrer noopener\">CONSULTA LA DOCUMENTAZIONE<\/a><\/div>\n<\/div>\n<\/div><\/div>\n\n\n\n<div style=\"height:30px\" aria-hidden=\"true\" class=\"wp-block-spacer\"><\/div>\n\n\n\n<div class=\"inherit-container-width wp-block-group has-background is-layout-constrained wp-block-group-is-layout-constrained\" style=\"background-color:#ffffff\"><div class=\"wp-block-group__inner-container\">\n<h3 class=\"wp-block-heading has-text-align-center\">Export CSV<\/h3>\n\n\n\n<p>Oltre all\u2019integrazione automatica API (web server), \u00e8 disponibile un file export CSV (Comma Separated Values) che permette di scaricare il catalogo manualmente.<\/p>\n\n\n\n<div style=\"height:20px\" aria-hidden=\"true\" class=\"wp-block-spacer\"><\/div>\n\n\n\n<p><meta charset=\"utf-8\">Il sistema aggiorner\u00e0 il catalogo ogni due ore con questa struttura:<\/p>\n\n\n\n<figure class=\"wp-block-image size-large\"><img loading=\"lazy\" decoding=\"async\" width=\"1024\" height=\"75\" src=\"https:\/\/dropshippingb2b.com\/wp-content\/uploads\/2022\/01\/export_file-1024x75.png\" alt=\"\" class=\"wp-image-3269\" srcset=\"https:\/\/dropshippingb2b.com\/wp-content\/uploads\/2022\/01\/export_file-1024x75.png 1024w, https:\/\/dropshippingb2b.com\/wp-content\/uploads\/2022\/01\/export_file-300x22.png 300w, https:\/\/dropshippingb2b.com\/wp-content\/uploads\/2022\/01\/export_file-768x56.png 768w, https:\/\/dropshippingb2b.com\/wp-content\/uploads\/2022\/01\/export_file.png 1200w\" sizes=\"auto, (max-width: 1024px) 100vw, 1024px\" \/><\/figure>\n\n\n\n<p><meta charset=\"utf-8\">Dopo la sottoscrizione all\u2019abbonamento prescelto, ti forniremo User Name e Password per poter scaricare il nostro catalogo prodotti.<\/p>\n\n\n\n<p><meta charset=\"utf-8\">Potrai farlo in due modi:<\/p>\n\n\n\n<ul class=\"wp-block-list\">\n<li>manualmente, raggiungendo la nostra interfaccia all\u2019indirizzo<a href=\"https:\/\/dropshippingb2b.com\/export\/\" target=\"_blank\" rel=\"noopener\"> https:\/\/dropshippingb2b.com\/export\/ \n<\/a><\/li>\n\n\n\n<li>automaticamente con una semplice chiamata CURL (per Sviluppatori)<\/li>\n<\/ul>\n\n\n\n<div style=\"height:30px\" aria-hidden=\"true\" class=\"wp-block-spacer\"><\/div>\n\n\n\n<h4 class=\"wp-block-heading has-text-align-left\">Esempio Chiamata CURL<\/h4>\n\n\n\n<pre class=\"wp-block-code\"><code lang=\"bash\" class=\"language-bash\">curl -k --data \"data=username%3DUSERNAME%26password%3DPASSWORD%26pid%3Dpid\" \nhttps:\/\/dropshippingb2b.com\/export\/csv.php     <\/code><\/pre>\n\n\n\n<div style=\"height:30px\" aria-hidden=\"true\" class=\"wp-block-spacer\"><\/div>\n\n\n\n<h4 class=\"wp-block-heading has-text-align-left\">Esempio PHP<\/h4>\n\n\n\n<pre class=\"wp-block-code\"><code lang=\"php\" class=\"language-php\">&lt;?php\n\n$params = array(\"username\" =&gt; \"YOUR USERNAME\",\n                \"password\" =&gt; \"YOUR PASSWORD\",\n                \"pid\"      =&gt; \"YOUR PORTAL ID NUMBER\");\n   \n\/*  PORTAL ID\n1    wwt.it\n2    b2buhren.de\n4    marcaspararevenda.com\n6    marcasalmayor.es\n7    b2bwatches.co.uk\n8    b2bhodinky.cz\n9    b2bmontres.fr\n10   b2bhorloges.nl\n11   emporiorologion.gr\n13   atacadodemarcas.com.br\n14   b2bsk.sk\n15   klockorb2b.se\n16   markihurt.pl\n*\/   \n   \n$params = http_build_query($params);\n$data = array('data' =&gt; $params);\n$ch = curl_init();\n\ncurl_setopt($ch, CURLOPT_URL, 'https:\/\/dropshippingb2b.com\/export\/csv.php');\ncurl_setopt($ch, CURLOPT_SSLVERSION , CURL_SSLVERSION_TLSv1_2);\ncurl_setopt($ch, CURLOPT_SSL_VERIFYPEER,FALSE);\ncurl_setopt($ch, CURLOPT_SSL_VERIFYHOST,2);\ncurl_setopt($ch, CURLOPT_POST, 1);\ncurl_setopt($ch, CURLOPT_RETURNTRANSFER, 1);\ncurl_setopt($ch, CURLOPT_POSTFIELDS, $data);\n\n$ce = curl_exec($ch); \/\/ $ce contain call response\ncurl_close($ch);   \necho $ce; \n?&gt; <\/code><\/pre>\n\n\n\n<div style=\"height:30px\" aria-hidden=\"true\" class=\"wp-block-spacer\"><\/div>\n\n\n\n<h4 class=\"wp-block-heading has-text-align-left\">Esempio VB .NET<\/h4>\n\n\n\n<pre class=\"wp-block-code\"><code lang=\"visual-basic\" class=\"language-visual-basic\">Imports System\nImports System.Net\nImports System.Web\n\n\nPublic Module Module1\n    Public Sub Main()\n         Using client As New WebClient\n            Dim result As String\n            client.Encoding = System.Text.Encoding.UTF8\n            client.Headers.Add(\"Content-Type\", \"application\/x-www-form-urlencoded\")\n            result = client.UploadString(\"https:\/\/dropshippingb2b.com\/export\/csv.php\", \"data=\"\n + HttpUtility.UrlEncode(\"username=USERNAME&amp;password=PASSWORD&amp;pid=PORTAL ID\"))\n            Console.WriteLine(result)\n        End Using\n    End Sub\nEnd Module<\/code><\/pre>\n\n\n\n<p>Nota: il file CSV ha un campo nell\u2019ultima colonna chiamato \u201cspeed_shipping\u201d. Questo campo indica la velocit\u00e0 di consegna per ogni singolo prodotto.<\/p>\n\n\n\n<p>In dettaglio:<\/p>\n\n\n\n<ul class=\"wp-block-list\">\n<li>0 &#8211; Spedizione lenta<\/li>\n<\/ul>\n\n\n\n<p>Questo prodotto \u00e8 da ordinare dal distributore ufficiale, non ne \u00e8 garantita la consegna al 100% e richiede fino a 10 giorni lavorativi per essere disponibile. Noi raccomandiamo caldamente i rivenditori in dropshipping di NON integrare questi prodotti sui propri cataloghi.<\/p>\n\n\n\n<ul class=\"wp-block-list\">\n<li>1 &#8211; Spedizione standard<\/li>\n<\/ul>\n\n\n\n<p>Questo prodotto \u00e8 in giacenza presso un magazzino esterno diverso da quello da cui partono le spedizioni (Logistica Delledonne): la spedizione richiede in media 3-4 giorni lavorativi e la percentuale di evasione media si attesta intorno al 95%. Trattandosi di prodotti di fornitori esterni, lo stock non \u00e8 totalmente controllabile in tempo reale, pertanto al fine di aumentare la % di evaso VS. ordinato consigliamo ai rivenditori in dropshipping di applicare un filtro \u201c&gt;X\u201d dove \u201cX\u201d \u00e8 un valore di quantit\u00e0 disponibile (es.: rendere i prodotti dei partner esterni visibili ai propri clienti privati solo quando la quantit\u00e0 disponibile \u00e8 superiore ad un certo valore).<\/p>\n\n\n\n<ul class=\"wp-block-list\">\n<li>2 &#8211; Spedizione rapida<\/li>\n<\/ul>\n\n\n\n<p>Questo articolo verr\u00e0 spedito in 24h &#8211; 48h. La percentuale di evasione \u00e8 al 100%. Non solo: tutti gli ordini ricevuti entro le 12:00 possono essere SPEDITI IL GIORNO STESSO!<\/p>\n\n\n\n<p>Per i clienti che rivendono su piattaforme esterne con regole di evasione ordine molto rigide (Amazon, eBay, ecc.) invece che su siti di propriet\u00e0, consigliamo di incrociare i dati contenuti nelle colonne M (id_supplier) e P (speed_shipping) al fine di ridurre il nome di articoli posti in vendita a favore di una % di evasione ordine superiore. Contattateci pure per consigli su come filtrare i dati secondo le diverse esigenze.<\/p>\n<\/div><\/div>\n<\/div><\/div>\n\n\n\n<div class=\"inherit-container-width wp-block-group alignfull has-background is-layout-constrained wp-block-group-is-layout-constrained\" style=\"background-color:#fae4d6\"><div class=\"wp-block-group__inner-container\">\n<h3 class=\"wp-block-heading has-text-align-center\">STILL DOUBTS?<\/h3>\n\n\n\n<p class=\"has-text-align-center\">Check out the frequently asked questions or talk to one of us<\/p>\n\n\n\n<div class=\"wp-block-columns is-layout-flex wp-container-core-columns-is-layout-1 wp-block-columns-is-layout-flex\">\n<div class=\"wp-block-column is-vertically-aligned-center is-layout-flow wp-block-column-is-layout-flow\">\n<div class=\"wp-block-buttons is-horizontal is-content-justification-center is-layout-flex wp-container-core-buttons-is-layout-2 wp-block-buttons-is-layout-flex\">\n<div class=\"wp-block-button is-style-outline is-style-outline--1\"><a class=\"wp-block-button__link has-text-color wp-element-button\" href=\"\/it\/faq\" style=\"color:#e5742e\">VISIT THE FAQ<\/a><\/div>\n\n\n\n<div class=\"wp-block-button is-style-fill\"><a class=\"wp-block-button__link wp-element-button\" href=\"\/it\/contact-us\">CONTACT US<\/a><\/div>\n<\/div>\n<\/div>\n<\/div>\n<\/div><\/div>\n","protected":false},"excerpt":{"rendered":"<p>L&#8217;intera acquisizione dei cataloghi, scaricabile sia manualmente (flusso statico: file export CSV oppure XML e JSON) che automaticamente (flusso live: integrazione API) permette di ottenere le seguenti informazioni obbligatorie per ogni referenza in catalogo: e le seguenti informazioni facoltative:&nbsp; Le differenze tra i sistemi di integrazione del catalogo prodotti: Integrazione API \u00c8 bidirezionale, ossia permette: [&hellip;]<\/p>\n","protected":false},"author":1,"featured_media":0,"parent":0,"menu_order":0,"comment_status":"closed","ping_status":"closed","template":"","meta":{"inline_featured_image":false,"site-sidebar-layout":"default","site-content-layout":"plain-container","ast-site-content-layout":"normal-width-container","site-content-style":"unboxed","site-sidebar-style":"unboxed","ast-global-header-display":"","ast-banner-title-visibility":"","ast-main-header-display":"","ast-hfb-above-header-display":"","ast-hfb-below-header-display":"","ast-hfb-mobile-header-display":"","site-post-title":"disabled","ast-breadcrumbs-content":"","ast-featured-img":"","footer-sml-layout":"","theme-transparent-header-meta":"default","adv-header-id-meta":"","stick-header-meta":"","header-above-stick-meta":"","header-main-stick-meta":"","header-below-stick-meta":"","astra-migrate-meta-layouts":"set","ast-page-background-enabled":"default","ast-page-background-meta":{"desktop":{"background-color":"","background-image":"","background-repeat":"repeat","background-position":"center center","background-size":"auto","background-attachment":"scroll","background-type":"","background-media":"","overlay-type":"","overlay-color":"","overlay-opacity":"","overlay-gradient":""},"tablet":{"background-color":"","background-image":"","background-repeat":"repeat","background-position":"center center","background-size":"auto","background-attachment":"scroll","background-type":"","background-media":"","overlay-type":"","overlay-color":"","overlay-opacity":"","overlay-gradient":""},"mobile":{"background-color":"","background-image":"","background-repeat":"repeat","background-position":"center center","background-size":"auto","background-attachment":"scroll","background-type":"","background-media":"","overlay-type":"","overlay-color":"","overlay-opacity":"","overlay-gradient":""}},"ast-content-background-meta":{"desktop":{"background-color":"var(--ast-global-color-5)","background-image":"","background-repeat":"repeat","background-position":"center center","background-size":"auto","background-attachment":"scroll","background-type":"","background-media":"","overlay-type":"","overlay-color":"","overlay-opacity":"","overlay-gradient":""},"tablet":{"background-color":"var(--ast-global-color-5)","background-image":"","background-repeat":"repeat","background-position":"center center","background-size":"auto","background-attachment":"scroll","background-type":"","background-media":"","overlay-type":"","overlay-color":"","overlay-opacity":"","overlay-gradient":""},"mobile":{"background-color":"var(--ast-global-color-5)","background-image":"","background-repeat":"repeat","background-position":"center center","background-size":"auto","background-attachment":"scroll","background-type":"","background-media":"","overlay-type":"","overlay-color":"","overlay-opacity":"","overlay-gradient":""}},"footnotes":""},"class_list":["post-1318","page","type-page","status-publish","hentry"],"_links":{"self":[{"href":"https:\/\/dropshippingb2b.com\/it\/wp-json\/wp\/v2\/pages\/1318","targetHints":{"allow":["GET"]}}],"collection":[{"href":"https:\/\/dropshippingb2b.com\/it\/wp-json\/wp\/v2\/pages"}],"about":[{"href":"https:\/\/dropshippingb2b.com\/it\/wp-json\/wp\/v2\/types\/page"}],"author":[{"embeddable":true,"href":"https:\/\/dropshippingb2b.com\/it\/wp-json\/wp\/v2\/users\/1"}],"replies":[{"embeddable":true,"href":"https:\/\/dropshippingb2b.com\/it\/wp-json\/wp\/v2\/comments?post=1318"}],"version-history":[{"count":29,"href":"https:\/\/dropshippingb2b.com\/it\/wp-json\/wp\/v2\/pages\/1318\/revisions"}],"predecessor-version":[{"id":8220,"href":"https:\/\/dropshippingb2b.com\/it\/wp-json\/wp\/v2\/pages\/1318\/revisions\/8220"}],"wp:attachment":[{"href":"https:\/\/dropshippingb2b.com\/it\/wp-json\/wp\/v2\/media?parent=1318"}],"curies":[{"name":"wp","href":"https:\/\/api.w.org\/{rel}","templated":true}]}}