{"id":2480,"date":"2021-08-02T07:19:35","date_gmt":"2021-08-02T07:19:35","guid":{"rendered":"https:\/\/dsb2b.assemblyweb.net\/product\/dropshipping-service"},"modified":"2022-09-25T21:22:27","modified_gmt":"2022-09-25T21:22:27","slug":"dropshipping-service","status":"publish","type":"product","link":"https:\/\/dropshippingb2b.com\/fr\/product\/dropshipping-service","title":{"rendered":"Dropshipping service"},"content":{"rendered":"<p>Notre service de base : dans le cadre de ce service, le Revendeur acquiert des identifiants pour acc\u00e9der aux flux de donn\u00e9es de notre catalogue (r\u00e9f\u00e9rences, codes, noms, prix, photos). Il s&rsquo;agit d&rsquo;un service de donn\u00e9es en lecture seule, permettant &#8211; par exemple &#8211; d&rsquo;alimenter son propre site e-commerce ou des plateformes externes telles qu&rsquo;eBay et Amazon.<\/p>\n<p>Il comprend:<\/p>\n<p>\u2013 flux de donn\u00e9es de tous les produits disponibles dans notre base de donn\u00e9es int\u00e9gr\u00e9e de fournisseurs.<\/p>\n<p>\u2013 remise de traitement\u00a0: si le revendeur n&rsquo;atteint pas le minimum de commande requis par le fournisseur\/Dropshipper, il peut toujours confirmer la commande et b\u00e9n\u00e9ficier d&rsquo;une remise de 50\u00a0% sur les frais de traitement<\/p>\n<p>\u2013 service gratuit : avec seulement 1.000,00\u20ac* de ventes mensuelles, \u00e0 la fin du trimestre, vous recevrez un remboursement sur les biens achet\u00e9s \u00e9gal au co\u00fbt du service souscrit (150,00\u20ac\/ net par trimestre)<\/p>\n<p>(*montant bas\u00e9 sur une base trimestrielle, TVA et frais suppl\u00e9mentaires exclus.)<\/p>\n","protected":false},"excerpt":{"rendered":"<p>Notre service de base : dans le cadre de ce service, le Revendeur acquiert des identifiants pour acc\u00e9der aux flux de donn\u00e9es de notre catalogue (r\u00e9f\u00e9rences, codes, noms, prix, photos). Il s&rsquo;agit d&rsquo;un service de donn\u00e9es en lecture seule, permettant &#8211; par exemple &#8211; d&rsquo;alimenter son propre site e-commerce ou des plateformes externes telles qu&rsquo;eBay [&hellip;]<\/p>\n","protected":false},"featured_media":2468,"template":"","meta":{"inline_featured_image":false,"site-sidebar-layout":"default","site-content-layout":"default","ast-site-content-layout":"default","site-content-style":"default","site-sidebar-style":"default","ast-global-header-display":"","ast-banner-title-visibility":"","ast-main-header-display":"","ast-hfb-above-header-display":"","ast-hfb-below-header-display":"","ast-hfb-mobile-header-display":"","site-post-title":"","ast-breadcrumbs-content":"","ast-featured-img":"","footer-sml-layout":"","theme-transparent-header-meta":"default","adv-header-id-meta":"","stick-header-meta":"","header-above-stick-meta":"","header-main-stick-meta":"","header-below-stick-meta":"","astra-migrate-meta-layouts":"default","ast-page-background-enabled":"default","ast-page-background-meta":{"desktop":{"background-color":"","background-image":"","background-repeat":"repeat","background-position":"center center","background-size":"auto","background-attachment":"scroll","background-type":"","background-media":"","overlay-type":"","overlay-color":"","overlay-opacity":"","overlay-gradient":""},"tablet":{"background-color":"","background-image":"","background-repeat":"repeat","background-position":"center center","background-size":"auto","background-attachment":"scroll","background-type":"","background-media":"","overlay-type":"","overlay-color":"","overlay-opacity":"","overlay-gradient":""},"mobile":{"background-color":"","background-image":"","background-repeat":"repeat","background-position":"center center","background-size":"auto","background-attachment":"scroll","background-type":"","background-media":"","overlay-type":"","overlay-color":"","overlay-opacity":"","overlay-gradient":""}},"ast-content-background-meta":{"desktop":{"background-color":"var(--ast-global-color-5)","background-image":"","background-repeat":"repeat","background-position":"center center","background-size":"auto","background-attachment":"scroll","background-type":"","background-media":"","overlay-type":"","overlay-color":"","overlay-opacity":"","overlay-gradient":""},"tablet":{"background-color":"var(--ast-global-color-5)","background-image":"","background-repeat":"repeat","background-position":"center center","background-size":"auto","background-attachment":"scroll","background-type":"","background-media":"","overlay-type":"","overlay-color":"","overlay-opacity":"","overlay-gradient":""},"mobile":{"background-color":"var(--ast-global-color-5)","background-image":"","background-repeat":"repeat","background-position":"center center","background-size":"auto","background-attachment":"scroll","background-type":"","background-media":"","overlay-type":"","overlay-color":"","overlay-opacity":"","overlay-gradient":""}}},"product_cat":[103],"product_tag":[],"class_list":["post-2480","product","type-product","status-publish","has-post-thumbnail","hentry","product_cat-quarterly-payment-fr","desktop-align-left","tablet-align-left","mobile-align-left"],"_links":{"self":[{"href":"https:\/\/dropshippingb2b.com\/fr\/wp-json\/wp\/v3\/product\/2480","targetHints":{"allow":["GET"]}}],"collection":[{"href":"https:\/\/dropshippingb2b.com\/fr\/wp-json\/wp\/v3\/product"}],"about":[{"href":"https:\/\/dropshippingb2b.com\/fr\/wp-json\/wp\/v2\/types\/product"}],"wp:featuredmedia":[{"embeddable":true,"href":"https:\/\/dropshippingb2b.com\/fr\/wp-json\/wp\/v2\/media\/2468"}],"wp:attachment":[{"href":"https:\/\/dropshippingb2b.com\/fr\/wp-json\/wp\/v2\/media?parent=2480"}],"wp:term":[{"taxonomy":"product_cat","embeddable":true,"href":"https:\/\/dropshippingb2b.com\/fr\/wp-json\/wp\/v2\/product_cat?post=2480"},{"taxonomy":"product_tag","embeddable":true,"href":"https:\/\/dropshippingb2b.com\/fr\/wp-json\/wp\/v2\/product_tag?post=2480"}],"curies":[{"name":"wp","href":"https:\/\/api.w.org\/{rel}","templated":true}]}}