{"id":823,"date":"2021-07-06T20:25:00","date_gmt":"2021-07-06T20:25:00","guid":{"rendered":"https:\/\/dsb2b.assemblyweb.net\/chi-siamo"},"modified":"2022-10-08T12:40:11","modified_gmt":"2022-10-08T12:40:11","slug":"nous-sommes","status":"publish","type":"page","link":"https:\/\/dropshippingb2b.com\/fr\/nous-sommes","title":{"rendered":"Nous sommes\ufffc"},"content":{"rendered":"\n<div class=\"wp-block-cover alignfull is-light\" style=\"min-height:350px;aspect-ratio:unset;\"><span aria-hidden=\"true\" class=\"wp-block-cover__background has-u-002-du-002-dast-global-color-5-background-color has-background-dim-0 has-background-dim\"><\/span><img loading=\"lazy\" decoding=\"async\" width=\"1200\" height=\"1600\" class=\"wp-block-cover__image-background wp-image-2834\" alt=\"\" src=\"https:\/\/dropshippingb2b.com\/wp-content\/uploads\/2022\/01\/wwtech-portada-duotone.jpg\" data-object-fit=\"cover\" srcset=\"https:\/\/dropshippingb2b.com\/wp-content\/uploads\/2022\/01\/wwtech-portada-duotone.jpg 1200w, https:\/\/dropshippingb2b.com\/wp-content\/uploads\/2022\/01\/wwtech-portada-duotone-225x300.jpg 225w, https:\/\/dropshippingb2b.com\/wp-content\/uploads\/2022\/01\/wwtech-portada-duotone-768x1024.jpg 768w, https:\/\/dropshippingb2b.com\/wp-content\/uploads\/2022\/01\/wwtech-portada-duotone-1152x1536.jpg 1152w, https:\/\/dropshippingb2b.com\/wp-content\/uploads\/2022\/01\/wwtech-portada-duotone-300x400.jpg 300w\" sizes=\"auto, (max-width: 1200px) 100vw, 1200px\" \/><div class=\"wp-block-cover__inner-container is-layout-flow wp-block-cover-is-layout-flow\">\n<h2 class=\"has-text-color wp-block-heading\" style=\"color:#ffffff\">Nous sommes<\/h2>\n<\/div><\/div>\n\n\n\n<div class=\"inherit-container-width wp-block-group alignfull has-background is-layout-constrained wp-block-group-is-layout-constrained\" style=\"background-color:#f6f6f6\"><div class=\"wp-block-group__inner-container\">\n<div class=\"inherit-container-width wp-block-group mt--50 has-background is-layout-constrained wp-block-group-is-layout-constrained\" style=\"background-color:#ffffff\"><div class=\"wp-block-group__inner-container\">\n<div class=\"wp-block-columns is-layout-flex wp-container-core-columns-is-layout-1 wp-block-columns-is-layout-flex\">\n<div class=\"wp-block-column is-layout-flow wp-block-column-is-layout-flow\" style=\"flex-basis:33.33%\">\n<figure class=\"wp-block-image aligncenter size-full is-resized\"><img loading=\"lazy\" decoding=\"async\" src=\"https:\/\/dropshippingb2b.com\/wp-content\/uploads\/2022\/01\/pingu-hi_it.gif\" alt=\"\" class=\"wp-image-3442\" width=\"266\" height=\"266\"\/><\/figure>\n<\/div>\n\n\n\n<div class=\"wp-block-column is-vertically-aligned-center is-layout-flow wp-block-column-is-layout-flow\" style=\"flex-basis:66.66%\">\n<h3 class=\"wp-block-heading\"><strong>Salut, comment vas-tu ?<\/strong><\/h3>\n\n\n\n<p>Nous sommes une \u00e9quipe de grossistes en ligne et de d\u00e9veloppeurs informatiques qui ont rassembl\u00e9 leurs forces pour offrir \u00e0 chacun la possibilit\u00e9 de g\u00e9rer une entreprise de E-commerce <strong>vendant des tonnes de marchandises sans investissement en capital en stock.<\/strong><\/p>\n<\/div>\n<\/div>\n\n\n\n<div class=\"wp-block-columns is-layout-flex wp-container-core-columns-is-layout-2 wp-block-columns-is-layout-flex\">\n<div class=\"wp-block-column is-vertically-aligned-center is-layout-flow wp-block-column-is-layout-flow\" style=\"flex-basis:66.66%\">\n<p class=\"has-medium-font-size\"><strong>20\u00a0ans d&rsquo;exp\u00e9rience<\/strong>\u00a0et\u00a0<strong>11\u00a0agences dans toute l&rsquo;Europe<\/strong>\u00a0sont \u00e0 votre disposition pour obtenir un service premium.<\/p>\n<\/div>\n\n\n\n<div class=\"wp-block-column is-layout-flow wp-block-column-is-layout-flow\" style=\"flex-basis:33.33%\">\n<figure class=\"wp-block-image size-full\"><img loading=\"lazy\" decoding=\"async\" width=\"600\" height=\"400\" src=\"https:\/\/dropshippingb2b.com\/wp-content\/uploads\/2022\/01\/pingu_mappa.png\" alt=\"\" class=\"wp-image-3455\" srcset=\"https:\/\/dropshippingb2b.com\/wp-content\/uploads\/2022\/01\/pingu_mappa.png 600w, https:\/\/dropshippingb2b.com\/wp-content\/uploads\/2022\/01\/pingu_mappa-300x200.png 300w\" sizes=\"auto, (max-width: 600px) 100vw, 600px\" \/><\/figure>\n<\/div>\n<\/div>\n<\/div><\/div>\n\n\n\n<div style=\"height:30px\" aria-hidden=\"true\" class=\"wp-block-spacer\"><\/div>\n\n\n\n<div class=\"inherit-container-width wp-block-group has-background is-layout-constrained wp-block-group-is-layout-constrained\" style=\"background-color:#ffffff\"><div class=\"wp-block-group__inner-container\">\n<figure class=\"wp-block-image aligncenter size-full is-resized\"><img decoding=\"async\" src=\"https:\/\/dropshippingb2b.com\/wp-content\/uploads\/2022\/01\/pingu_worker_wwt.jpg\" alt=\"\" class=\"wp-image-3468\" width=\"-461\" height=\"-282\" srcset=\"https:\/\/dropshippingb2b.com\/wp-content\/uploads\/2022\/01\/pingu_worker_wwt.jpg 700w, https:\/\/dropshippingb2b.com\/wp-content\/uploads\/2022\/01\/pingu_worker_wwt-300x184.jpg 300w\" sizes=\"(max-width: 700px) 100vw, 700px\" \/><\/figure>\n\n\n\n<p>DropshippingB2B est la plate-forme cr\u00e9\u00e9e par WWTech s.r.l., la soci\u00e9t\u00e9 HQ bas\u00e9e \u00e0 Milan, fournissant aux clients <strong>200.000 produits<\/strong> chaque jour dans plus de <strong>50.000 r\u00e9f\u00e9rences diff\u00e9rentes<\/strong>. Notre vaste catalogue est visible sur\u00a0<a rel=\"noreferrer noopener\" href=\"https:\/\/www.wwt.it\/en\" target=\"_blank\">WWT<\/a>.<\/p>\n\n\n\n<p>Nos clients sont notre priorit\u00e9 et notre philosophie est de traiter chacun comme s&rsquo;il \u00e9tait le seul : cette approche nous a conduits \u00e0 devenir le premier distributeur en ligne de montres de mode en Europe.<\/p>\n\n\n\n<div style=\"height:20px\" aria-hidden=\"true\" class=\"wp-block-spacer\"><\/div>\n\n\n\n<h3 class=\"has-text-align-center wp-block-heading\"><strong><strong>Le monde du dropshipping change: changez avec nous !<\/strong><\/strong><\/h3>\n\n\n\n<div class=\"wp-block-buttons is-horizontal is-content-justification-center is-layout-flex wp-container-core-buttons-is-layout-1 wp-block-buttons-is-layout-flex\">\n<div class=\"wp-block-button\"><a class=\"wp-block-button__link\" href=\"\/fr\/nos-services\">COMMENCEZ MAINTENANT!<\/a><\/div>\n<\/div>\n\n\n\n<div style=\"height:30px\" aria-hidden=\"true\" class=\"wp-block-spacer\"><\/div>\n<\/div><\/div>\n<\/div><\/div>\n\n\n\n<div class=\"inherit-container-width wp-block-group alignfull has-background is-layout-constrained wp-block-group-is-layout-constrained\" style=\"background-color:#fae4d6\"><div class=\"wp-block-group__inner-container\">\n<h3 class=\"has-text-align-center wp-block-heading\">ENCORE DES DOUTES ?<\/h3>\n\n\n\n<p class=\"has-text-align-center\">Consultez la foire aux questions ou parlez \u00e0 l&rsquo;un de nous<\/p>\n\n\n\n<div class=\"wp-block-columns is-layout-flex wp-container-core-columns-is-layout-3 wp-block-columns-is-layout-flex\">\n<div class=\"wp-block-column is-vertically-aligned-center is-layout-flow wp-block-column-is-layout-flow\">\n<div class=\"wp-block-buttons is-horizontal is-content-justification-center is-layout-flex wp-container-core-buttons-is-layout-2 wp-block-buttons-is-layout-flex\">\n<div class=\"wp-block-button is-style-outline is-style-outline--1\"><a class=\"wp-block-button__link has-text-color\" href=\"\/fr\/faq\" style=\"color:#e5742e\">VISITEZ LA FAQ<\/a><\/div>\n\n\n\n<div class=\"wp-block-button is-style-fill\"><a class=\"wp-block-button__link\" href=\"\/fr\/contacts\">NOUS CONTACTER<\/a><\/div>\n<\/div>\n<\/div>\n<\/div>\n<\/div><\/div>\n","protected":false},"excerpt":{"rendered":"<p>Salut, comment vas-tu ? Nous sommes une \u00e9quipe de grossistes en ligne et de d\u00e9veloppeurs informatiques qui ont rassembl\u00e9 leurs forces pour offrir \u00e0 chacun la possibilit\u00e9 de g\u00e9rer une entreprise de E-commerce vendant des tonnes de marchandises sans investissement en capital en stock. 20\u00a0ans d&rsquo;exp\u00e9rience\u00a0et\u00a011\u00a0agences dans toute l&rsquo;Europe\u00a0sont \u00e0 votre disposition pour obtenir un [&hellip;]<\/p>\n","protected":false},"author":1,"featured_media":0,"parent":0,"menu_order":0,"comment_status":"closed","ping_status":"closed","template":"","meta":{"inline_featured_image":false,"site-sidebar-layout":"default","site-content-layout":"plain-container","ast-site-content-layout":"","site-content-style":"default","site-sidebar-style":"default","ast-global-header-display":"","ast-banner-title-visibility":"","ast-main-header-display":"","ast-hfb-above-header-display":"","ast-hfb-below-header-display":"","ast-hfb-mobile-header-display":"","site-post-title":"disabled","ast-breadcrumbs-content":"","ast-featured-img":"","footer-sml-layout":"","theme-transparent-header-meta":"default","adv-header-id-meta":"","stick-header-meta":"","header-above-stick-meta":"","header-main-stick-meta":"","header-below-stick-meta":"","astra-migrate-meta-layouts":"default","ast-page-background-enabled":"default","ast-page-background-meta":{"desktop":{"background-color":"","background-image":"","background-repeat":"repeat","background-position":"center center","background-size":"auto","background-attachment":"scroll","background-type":"","background-media":"","overlay-type":"","overlay-color":"","overlay-opacity":"","overlay-gradient":""},"tablet":{"background-color":"","background-image":"","background-repeat":"repeat","background-position":"center center","background-size":"auto","background-attachment":"scroll","background-type":"","background-media":"","overlay-type":"","overlay-color":"","overlay-opacity":"","overlay-gradient":""},"mobile":{"background-color":"","background-image":"","background-repeat":"repeat","background-position":"center center","background-size":"auto","background-attachment":"scroll","background-type":"","background-media":"","overlay-type":"","overlay-color":"","overlay-opacity":"","overlay-gradient":""}},"ast-content-background-meta":{"desktop":{"background-color":"var(--ast-global-color-5)","background-image":"","background-repeat":"repeat","background-position":"center center","background-size":"auto","background-attachment":"scroll","background-type":"","background-media":"","overlay-type":"","overlay-color":"","overlay-opacity":"","overlay-gradient":""},"tablet":{"background-color":"var(--ast-global-color-5)","background-image":"","background-repeat":"repeat","background-position":"center center","background-size":"auto","background-attachment":"scroll","background-type":"","background-media":"","overlay-type":"","overlay-color":"","overlay-opacity":"","overlay-gradient":""},"mobile":{"background-color":"var(--ast-global-color-5)","background-image":"","background-repeat":"repeat","background-position":"center center","background-size":"auto","background-attachment":"scroll","background-type":"","background-media":"","overlay-type":"","overlay-color":"","overlay-opacity":"","overlay-gradient":""}},"footnotes":""},"class_list":["post-823","page","type-page","status-publish","hentry"],"_links":{"self":[{"href":"https:\/\/dropshippingb2b.com\/fr\/wp-json\/wp\/v2\/pages\/823","targetHints":{"allow":["GET"]}}],"collection":[{"href":"https:\/\/dropshippingb2b.com\/fr\/wp-json\/wp\/v2\/pages"}],"about":[{"href":"https:\/\/dropshippingb2b.com\/fr\/wp-json\/wp\/v2\/types\/page"}],"author":[{"embeddable":true,"href":"https:\/\/dropshippingb2b.com\/fr\/wp-json\/wp\/v2\/users\/1"}],"replies":[{"embeddable":true,"href":"https:\/\/dropshippingb2b.com\/fr\/wp-json\/wp\/v2\/comments?post=823"}],"version-history":[{"count":4,"href":"https:\/\/dropshippingb2b.com\/fr\/wp-json\/wp\/v2\/pages\/823\/revisions"}],"predecessor-version":[{"id":5724,"href":"https:\/\/dropshippingb2b.com\/fr\/wp-json\/wp\/v2\/pages\/823\/revisions\/5724"}],"wp:attachment":[{"href":"https:\/\/dropshippingb2b.com\/fr\/wp-json\/wp\/v2\/media?parent=823"}],"curies":[{"name":"wp","href":"https:\/\/api.w.org\/{rel}","templated":true}]}}