{"id":559,"date":"2021-06-22T14:48:59","date_gmt":"2021-06-22T14:48:59","guid":{"rendered":"https:\/\/dsb2b.assemblyweb.net\/?page_id=559"},"modified":"2023-01-03T22:09:39","modified_gmt":"2023-01-03T21:09:39","slug":"home","status":"publish","type":"page","link":"https:\/\/dropshippingb2b.com\/fr","title":{"rendered":"Home"},"content":{"rendered":"\n<div class=\"inherit-container-width wp-block-group is-layout-constrained wp-block-group-is-layout-constrained\"><div class=\"wp-block-group__inner-container\">\n<div class=\"wp-block-cover alignfull is-light\" style=\"min-height:502px;aspect-ratio:unset;\"><span aria-hidden=\"true\" class=\"wp-block-cover__background has-background-dim-0 has-background-dim\"><\/span><img loading=\"lazy\" decoding=\"async\" width=\"1200\" height=\"1600\" class=\"wp-block-cover__image-background wp-image-2828\" alt=\"\" src=\"https:\/\/dropshippingb2b.com\/wp-content\/uploads\/2022\/01\/wwtech-portada-duotone.jpg\" style=\"object-position:50% 50%\" data-object-fit=\"cover\" data-object-position=\"50% 50%\" srcset=\"https:\/\/dropshippingb2b.com\/wp-content\/uploads\/2022\/01\/wwtech-portada-duotone.jpg 1200w, https:\/\/dropshippingb2b.com\/wp-content\/uploads\/2022\/01\/wwtech-portada-duotone-300x400.jpg 300w, https:\/\/dropshippingb2b.com\/wp-content\/uploads\/2022\/01\/wwtech-portada-duotone-225x300.jpg 225w, https:\/\/dropshippingb2b.com\/wp-content\/uploads\/2022\/01\/wwtech-portada-duotone-768x1024.jpg 768w, https:\/\/dropshippingb2b.com\/wp-content\/uploads\/2022\/01\/wwtech-portada-duotone-1152x1536.jpg 1152w\" sizes=\"auto, (max-width: 1200px) 100vw, 1200px\" \/><div class=\"wp-block-cover__inner-container is-layout-flow wp-block-cover-is-layout-flow\">\n<h1 class=\"has-text-align-left has-text-color wp-block-heading\" style=\"color:#e5742e\">Dropshipping<\/h1>\n\n\n\n<p class=\"hero-slogan has-white-color has-text-color\" style=\"font-size:32px\">Le syst\u00e8me qui travaille pour vous!<\/p>\n<\/div><\/div>\n\n\n\n<div class=\"wp-block-cover alignfull is-light\" style=\"min-height:126px;aspect-ratio:unset;\"><span aria-hidden=\"true\" class=\"wp-block-cover__background has-background-dim-100 has-background-dim\" style=\"background-color:#e5742e\"><\/span><div class=\"wp-block-cover__inner-container is-layout-flow wp-block-cover-is-layout-flow\">\n<div style=\"height:10px\" aria-hidden=\"true\" class=\"wp-block-spacer\"><\/div>\n\n\n\n<p class=\"has-text-align-center has-medium-font-size\">La plateforme DropshippingB2B met \u00e0 disposition une bo\u00eete \u00e0 outils compl\u00e8te afin de se connecter \u00e0 votre inventaire <br>et g\u00e9rer facilement les commandes.<\/p>\n<\/div><\/div>\n\n\n\n<div class=\"inherit-container-width wp-block-group alignfull is-layout-constrained wp-block-group-is-layout-constrained\"><div class=\"wp-block-group__inner-container\">\n<div class=\"wp-block-columns are-vertically-aligned-top is-layout-flex wp-container-core-columns-is-layout-1 wp-block-columns-is-layout-flex\">\n<div class=\"wp-block-column is-vertically-aligned-top is-layout-flow wp-block-column-is-layout-flow\">\n<h3 class=\"has-text-align-center wp-block-heading\">DROPSHIPPING<\/h3>\n\n\n\n<p class=\"has-text-align-left has-black-color has-text-color\">Le DropShipping est un service permettant aux \u00ab\u00a0Revendeurs\u00a0\u00bb&nbsp;de commercialiser l&rsquo;ensemble des produits du Fournisseur \u00ab\u00a0Dropshipper\u00a0\u00bb&nbsp;sans se pr\u00e9occuper de l&rsquo;achat de stocks ou encore de la gestion co\u00fbteuse de la logistique. Le Revendeur transmet la commande au Dropshipper qui traite et livre directement le client particulier.<\/p>\n\n\n\n<div class=\"wp-block-buttons button-mobile is-horizontal is-content-justification-center is-layout-flex wp-container-core-buttons-is-layout-1 wp-block-buttons-is-layout-flex\">\n<div class=\"wp-block-button button-mobile\"><a class=\"wp-block-button__link wp-element-button\" href=\"#howItWorks\">DECOUVREZ PLUS<\/a><\/div>\n<\/div>\n<\/div>\n\n\n\n<div class=\"wp-block-column is-vertically-aligned-top is-layout-flow wp-block-column-is-layout-flow\">\n<h3 class=\"has-text-align-center wp-block-heading\" style=\"text-transform:uppercase\">Our Services<\/h3>\n\n\n\n<p class=\"has-text-align-left has-black-color has-text-color has-normal-font-size\">Nous proposons des solutions informatiques donnant acc\u00e8s \u00e0 notre r\u00e9seau de grossistes et vous permettant de d\u00e9velopper une activit\u00e9 \u00e0 forte valeur ajout\u00e9e sans investissement de stock n\u00e9cessaire. Nous g\u00e9rons toutes les robl\u00e9matiques li\u00e9es \u00e0 la logistique et \u00e0 la livraison: choisissez l&rsquo;abonnement correspondant \u00e0 vos besoins!<\/p>\n\n\n\n<div class=\"wp-block-buttons button-mobile is-horizontal is-content-justification-center is-layout-flex wp-container-core-buttons-is-layout-2 wp-block-buttons-is-layout-flex\">\n<div class=\"wp-block-button button-mobile\"><a class=\"wp-block-button__link wp-element-button\" href=\"\/fr\/prestations-de-service\">DECOUVREZ PLUS<\/a><\/div>\n<\/div>\n<\/div>\n\n\n\n<div class=\"wp-block-column is-vertically-aligned-top is-layout-flow wp-block-column-is-layout-flow\">\n<h3 class=\"has-text-align-center wp-block-heading\">DATA FLOW<\/h3>\n\n\n\n<p class=\"has-text-align-left has-black-color has-text-color has-normal-font-size\">Afin d&rsquo;obtenir nos catalogues, il suffit de t\u00e9l\u00e9charger l&rsquo;offre compl\u00e8te soit manuellement via un flux statique (XML, JSON et fichier CSV contenant les liens vers les images), soit automatiquement via un flux en direct (int\u00e9gration par API, mise \u00e0 jour en temps r\u00e9el).<\/p>\n\n\n\n<div class=\"wp-block-buttons button-mobile is-horizontal is-content-justification-center is-layout-flex wp-container-core-buttons-is-layout-3 wp-block-buttons-is-layout-flex\">\n<div class=\"wp-block-button button-mobile\"><a class=\"wp-block-button__link wp-element-button\" href=\"\/fr\/flux-de-donnees\">DECOUVREZ PLUS<\/a><\/div>\n<\/div>\n<\/div>\n\n\n\n<div class=\"wp-block-column is-vertically-aligned-top is-layout-flow wp-block-column-is-layout-flow\">\n<h3 class=\"has-text-align-center wp-block-heading\">WEB PLATFORM<\/h3>\n\n\n\n<p class=\"has-black-color has-text-color\">DropshippingB2B est une plateforme en ligne qui assure la gestion int\u00e9ractive des commandes de mani\u00e8re&nbsp;efficace,&nbsp;simple et rapide.<br>Elle garantit la communication entre le Revendeur&nbsp;et&nbsp;la Logistique et facilite le suivi du traitement des commandes.<\/p>\n\n\n\n<div class=\"wp-block-buttons button-mobile is-horizontal is-content-justification-center is-layout-flex wp-container-core-buttons-is-layout-4 wp-block-buttons-is-layout-flex\">\n<div class=\"wp-block-button button-mobile\"><a class=\"wp-block-button__link wp-element-button\" href=\"\/fr\/dropshipping-admin\">DECOUVREZ PLUS<\/a><\/div>\n<\/div>\n<\/div>\n<\/div>\n\n\n\n<div class=\"wp-block-columns are-vertically-aligned-top buttons-desktop is-layout-flex wp-container-core-columns-is-layout-2 wp-block-columns-is-layout-flex\">\n<div class=\"wp-block-column is-vertically-aligned-top is-layout-flow wp-block-column-is-layout-flow\">\n<div class=\"wp-block-buttons is-horizontal is-content-justification-center is-layout-flex wp-container-core-buttons-is-layout-5 wp-block-buttons-is-layout-flex\">\n<div class=\"wp-block-button\"><a class=\"wp-block-button__link wp-element-button\" href=\"#howItWorks\">DECOUVREZ PLUS<\/a><\/div>\n<\/div>\n<\/div>\n\n\n\n<div class=\"wp-block-column is-vertically-aligned-top is-layout-flow wp-block-column-is-layout-flow\">\n<div class=\"wp-block-buttons is-horizontal is-content-justification-center is-layout-flex wp-container-core-buttons-is-layout-6 wp-block-buttons-is-layout-flex\">\n<div class=\"wp-block-button\"><a class=\"wp-block-button__link wp-element-button\" href=\"\/fr\/prestations-de-service\">DECOUVREZ PLUS<\/a><\/div>\n<\/div>\n<\/div>\n\n\n\n<div class=\"wp-block-column is-vertically-aligned-top is-layout-flow wp-block-column-is-layout-flow\">\n<div class=\"wp-block-buttons is-horizontal is-content-justification-center is-layout-flex wp-container-core-buttons-is-layout-7 wp-block-buttons-is-layout-flex\">\n<div class=\"wp-block-button\"><a class=\"wp-block-button__link wp-element-button\" href=\"\/fr\/flux-de-donnees\">DECOUVREZ PLUS<\/a><\/div>\n<\/div>\n<\/div>\n\n\n\n<div class=\"wp-block-column is-vertically-aligned-top is-layout-flow wp-block-column-is-layout-flow\">\n<div class=\"wp-block-buttons is-horizontal is-content-justification-center is-layout-flex wp-container-core-buttons-is-layout-8 wp-block-buttons-is-layout-flex\">\n<div class=\"wp-block-button\"><a class=\"wp-block-button__link wp-element-button\" href=\"\/fr\/dropshipping-admin\">DECOUVREZ PLUS<\/a><\/div>\n<\/div>\n<\/div>\n<\/div>\n<\/div><\/div>\n\n\n\n<div class=\"inherit-container-width wp-block-group alignfull has-background is-layout-constrained wp-block-group-is-layout-constrained\" id=\"vantaggi\" style=\"background-color:#fafafa\"><div class=\"wp-block-group__inner-container\">\n<div class=\"wp-block-columns is-layout-flex wp-container-core-columns-is-layout-3 wp-block-columns-is-layout-flex\">\n<div class=\"wp-block-column is-vertically-aligned-center is-layout-flow wp-block-column-is-layout-flow\" style=\"flex-basis:33.33%\">\n<figure class=\"wp-block-image aligncenter size-large\"><img decoding=\"async\" src=\"https:\/\/dropshippingb2b.com\/wp-content\/uploads\/\/2021\/12\/pingu_boxes.svg\" alt=\"\"\/><\/figure>\n<\/div>\n\n\n\n<div class=\"wp-block-column is-vertically-aligned-center is-layout-flow wp-block-column-is-layout-flow\" style=\"flex-basis:66.66%\">\n<h3 class=\"wp-block-heading\"><strong><strong>Quels sont les avantages du service Dropshipping?<\/strong><\/strong><\/h3>\n\n\n\n<ul class=\"wp-block-list\">\n<li>Un vaste catalogue \u00e0 int\u00e9grer sur votre site e-commerce<\/li>\n\n\n\n<li>Aucun investissement de stock<\/li>\n\n\n\n<li>Livraison quotidiennes des commandes en&nbsp;24\/48h&nbsp;\u00e0 tarifs n\u00e9goci\u00e9s<\/li>\n\n\n\n<li>Paniers r\u00e9els (les produits ins\u00e9r\u00e9s dans votre panier seront imm\u00e9diatement enlev\u00e9s de l&rsquo;inventaire du fournisseur)<\/li>\n\n\n\n<li>Possibilit\u00e9 d&rsquo;ins\u00e9rer une adresse unique de livraison et d&rsquo;y joindre un document<\/li>\n\n\n\n<li>Communication directe avec la Logistique<\/li>\n\n\n\n<li>La livraison ne contient aucune publicit\u00e9, brochure ou marque pouvant nous identifier.<\/li>\n\n\n\n<li>Charg\u00e9s de client\u00e8le d\u00e9di\u00e9s aux besoins des professionnels avec des conseils de sp\u00e9cialistes produits et responsables commerciaux BtoB<\/li>\n<\/ul>\n<\/div>\n<\/div>\n<\/div><\/div>\n\n\n\n<div id=\"howItWorks\" class=\"inherit-container-width wp-block-group is-layout-constrained wp-block-group-is-layout-constrained\"><div class=\"wp-block-group__inner-container\">\n<div style=\"height:100px\" aria-hidden=\"true\" class=\"wp-block-spacer\"><\/div>\n\n\n\n<h3 class=\"has-text-align-center wp-block-heading\"><strong><strong>Comment \u00e7a marche<\/strong>?<\/strong><\/h3>\n\n\n\n<h2 class=\"has-text-align-center has-luminous-vivid-orange-color has-text-color wp-block-heading\" style=\"text-transform:uppercase\">C&rsquo;est&rsquo; simple!<\/h2>\n\n\n\n<div style=\"height:30px\" aria-hidden=\"true\" class=\"wp-block-spacer\"><\/div>\n\n\n\n<div class=\"wp-block-columns alignwide is-layout-flex wp-container-core-columns-is-layout-4 wp-block-columns-is-layout-flex\">\n<div class=\"wp-block-column is-layout-flow wp-block-column-is-layout-flow\">\n<h4 class=\"has-text-align-center home-circle has-luminous-vivid-orange-color has-text-color has-background wp-block-heading\" style=\"background-color:#fae3d4\">1<\/h4>\n\n\n\n<p>Le Revendeur&nbsp;int\u00e8gre&nbsp;les produits du Fournisseur sur sa propre boutique en ligne et\/ou sur une Marketplace partenaire (eBay, Amazon, etc.)<\/p>\n<\/div>\n\n\n\n<div class=\"wp-block-column is-layout-flow wp-block-column-is-layout-flow\">\n<h4 class=\"has-text-align-center home-circle has-luminous-vivid-orange-color has-text-color has-background wp-block-heading\" style=\"background-color:#fae3d4\">2<\/h4>\n\n\n\n<p>Le Client particulier ach\u00e8te le&nbsp;produit&nbsp;du Revendeur.<\/p>\n<\/div>\n\n\n\n<div class=\"wp-block-column is-layout-flow wp-block-column-is-layout-flow\">\n<h4 class=\"has-text-align-center home-circle has-luminous-vivid-orange-color has-text-color has-background wp-block-heading\" style=\"background-color:#fae3d4\">3<\/h4>\n\n\n\n<p>Le&nbsp;Revendeur&nbsp;transmet la commande et l&rsquo;adresse de livraison \u00e0 la plateforme DropshippingB2B.<\/p>\n<\/div>\n\n\n\n<div class=\"wp-block-column is-layout-flow wp-block-column-is-layout-flow\">\n<h4 class=\"has-text-align-center home-circle has-luminous-vivid-orange-color has-text-color has-background wp-block-heading\" style=\"background-color:#fae3d4\">4<\/h4>\n\n\n\n<p>La commande est directement exp\u00e9di\u00e9e au Client particulier.<\/p>\n<\/div>\n<\/div>\n\n\n\n<figure class=\"wp-block-image aligncenter size-full\"><img loading=\"lazy\" decoding=\"async\" width=\"1000\" height=\"556\" src=\"https:\/\/dropshippingb2b.com\/wp-content\/uploads\/2022\/09\/infograph_fr.png\" alt=\"\" class=\"wp-image-4949\" srcset=\"https:\/\/dropshippingb2b.com\/wp-content\/uploads\/2022\/09\/infograph_fr.png 1000w, https:\/\/dropshippingb2b.com\/wp-content\/uploads\/2022\/09\/infograph_fr-300x167.png 300w, https:\/\/dropshippingb2b.com\/wp-content\/uploads\/2022\/09\/infograph_fr-768x427.png 768w\" sizes=\"auto, (max-width: 1000px) 100vw, 1000px\" \/><\/figure>\n\n\n\n<div style=\"height:30px\" aria-hidden=\"true\" class=\"wp-block-spacer\"><\/div>\n\n\n\n<div class=\"wp-block-buttons is-horizontal is-content-justification-center is-layout-flex wp-container-core-buttons-is-layout-9 wp-block-buttons-is-layout-flex\">\n<div class=\"wp-block-button is-style-outline is-style-outline--1\"><a class=\"wp-block-button__link has-text-color wp-element-button\" href=\"\/fr\/contacts\" style=\"color:#e5742e\">CONTACTEZ-NOUS PLUS D&rsquo;INFORMATIONS<\/a><\/div>\n<\/div>\n<\/div><\/div>\n\n\n\n<div class=\"inherit-container-width wp-block-group alignfull has-background is-layout-constrained wp-block-group-is-layout-constrained\" style=\"background-color:#fae4d6\"><div class=\"wp-block-group__inner-container\">\n<h3 class=\"has-text-align-center wp-block-heading\">ENCORE DES DOUTES ?<\/h3>\n\n\n\n<p class=\"has-text-align-center\">Consultez la foire aux questions ou parlez \u00e0 l&rsquo;un de nous<\/p>\n\n\n\n<div class=\"wp-block-columns is-layout-flex wp-container-core-columns-is-layout-5 wp-block-columns-is-layout-flex\">\n<div class=\"wp-block-column is-vertically-aligned-center is-layout-flow wp-block-column-is-layout-flow\">\n<div class=\"wp-block-buttons is-horizontal is-content-justification-center is-layout-flex wp-container-core-buttons-is-layout-10 wp-block-buttons-is-layout-flex\">\n<div class=\"wp-block-button is-style-outline is-style-outline--2\"><a class=\"wp-block-button__link has-text-color\" href=\"\/fr\/faq\" style=\"color:#e5742e\">VISITEZ LA FAQ<\/a><\/div>\n\n\n\n<div class=\"wp-block-button is-style-fill\"><a class=\"wp-block-button__link\" href=\"\/fr\/contacts\">NOUS CONTACTER<\/a><\/div>\n<\/div>\n<\/div>\n<\/div>\n<\/div><\/div>\n<\/div><\/div>\n","protected":false},"excerpt":{"rendered":"<p>DROPSHIPPING Le DropShipping est un service permettant aux \u00ab\u00a0Revendeurs\u00a0\u00bb&nbsp;de commercialiser l&rsquo;ensemble des produits du Fournisseur \u00ab\u00a0Dropshipper\u00a0\u00bb&nbsp;sans se pr\u00e9occuper de l&rsquo;achat de stocks ou encore de la gestion co\u00fbteuse de la logistique. Le Revendeur transmet la commande au Dropshipper qui traite et livre directement le client particulier. Our Services Nous proposons des solutions informatiques donnant acc\u00e8s [&hellip;]<\/p>\n","protected":false},"author":1,"featured_media":0,"parent":0,"menu_order":0,"comment_status":"closed","ping_status":"closed","template":"","meta":{"inline_featured_image":false,"site-sidebar-layout":"no-sidebar","site-content-layout":"plain-container","ast-site-content-layout":"","site-content-style":"default","site-sidebar-style":"default","ast-global-header-display":"","ast-banner-title-visibility":"","ast-main-header-display":"","ast-hfb-above-header-display":"","ast-hfb-below-header-display":"","ast-hfb-mobile-header-display":"","site-post-title":"disabled","ast-breadcrumbs-content":"disabled","ast-featured-img":"disabled","footer-sml-layout":"","theme-transparent-header-meta":"enabled","adv-header-id-meta":"","stick-header-meta":"","header-above-stick-meta":"","header-main-stick-meta":"","header-below-stick-meta":"","astra-migrate-meta-layouts":"default","ast-page-background-enabled":"default","ast-page-background-meta":{"desktop":{"background-color":"","background-image":"","background-repeat":"repeat","background-position":"center center","background-size":"auto","background-attachment":"scroll","background-type":"","background-media":"","overlay-type":"","overlay-color":"","overlay-opacity":"","overlay-gradient":""},"tablet":{"background-color":"","background-image":"","background-repeat":"repeat","background-position":"center center","background-size":"auto","background-attachment":"scroll","background-type":"","background-media":"","overlay-type":"","overlay-color":"","overlay-opacity":"","overlay-gradient":""},"mobile":{"background-color":"","background-image":"","background-repeat":"repeat","background-position":"center center","background-size":"auto","background-attachment":"scroll","background-type":"","background-media":"","overlay-type":"","overlay-color":"","overlay-opacity":"","overlay-gradient":""}},"ast-content-background-meta":{"desktop":{"background-color":"var(--ast-global-color-5)","background-image":"","background-repeat":"repeat","background-position":"center center","background-size":"auto","background-attachment":"scroll","background-type":"","background-media":"","overlay-type":"","overlay-color":"","overlay-opacity":"","overlay-gradient":""},"tablet":{"background-color":"var(--ast-global-color-5)","background-image":"","background-repeat":"repeat","background-position":"center center","background-size":"auto","background-attachment":"scroll","background-type":"","background-media":"","overlay-type":"","overlay-color":"","overlay-opacity":"","overlay-gradient":""},"mobile":{"background-color":"var(--ast-global-color-5)","background-image":"","background-repeat":"repeat","background-position":"center center","background-size":"auto","background-attachment":"scroll","background-type":"","background-media":"","overlay-type":"","overlay-color":"","overlay-opacity":"","overlay-gradient":""}},"footnotes":""},"class_list":["post-559","page","type-page","status-publish","hentry"],"_links":{"self":[{"href":"https:\/\/dropshippingb2b.com\/fr\/wp-json\/wp\/v2\/pages\/559","targetHints":{"allow":["GET"]}}],"collection":[{"href":"https:\/\/dropshippingb2b.com\/fr\/wp-json\/wp\/v2\/pages"}],"about":[{"href":"https:\/\/dropshippingb2b.com\/fr\/wp-json\/wp\/v2\/types\/page"}],"author":[{"embeddable":true,"href":"https:\/\/dropshippingb2b.com\/fr\/wp-json\/wp\/v2\/users\/1"}],"replies":[{"embeddable":true,"href":"https:\/\/dropshippingb2b.com\/fr\/wp-json\/wp\/v2\/comments?post=559"}],"version-history":[{"count":12,"href":"https:\/\/dropshippingb2b.com\/fr\/wp-json\/wp\/v2\/pages\/559\/revisions"}],"predecessor-version":[{"id":7031,"href":"https:\/\/dropshippingb2b.com\/fr\/wp-json\/wp\/v2\/pages\/559\/revisions\/7031"}],"wp:attachment":[{"href":"https:\/\/dropshippingb2b.com\/fr\/wp-json\/wp\/v2\/media?parent=559"}],"curies":[{"name":"wp","href":"https:\/\/api.w.org\/{rel}","templated":true}]}}