{"id":4901,"date":"2022-09-20T19:49:58","date_gmt":"2022-09-20T19:49:58","guid":{"rendered":"https:\/\/dsb2b.assemblyweb.net\/dropshipping"},"modified":"2022-10-07T14:14:53","modified_gmt":"2022-10-07T14:14:53","slug":"dropshipping","status":"publish","type":"page","link":"https:\/\/dropshippingb2b.com\/fr\/dropshipping","title":{"rendered":"Dropshipping"},"content":{"rendered":"\n<div class=\"wp-block-cover alignfull\" style=\"min-height:350px;aspect-ratio:unset;\"><span aria-hidden=\"true\" class=\"wp-block-cover__background has-background-dim-0 has-background-dim\"><\/span><img loading=\"lazy\" decoding=\"async\" width=\"1200\" height=\"1600\" class=\"wp-block-cover__image-background wp-image-2834\" alt=\"\" src=\"https:\/\/dropshippingb2b.com\/wp-content\/uploads\/2022\/01\/wwtech-portada-duotone.jpg\" data-object-fit=\"cover\" srcset=\"https:\/\/dropshippingb2b.com\/wp-content\/uploads\/2022\/01\/wwtech-portada-duotone.jpg 1200w, https:\/\/dropshippingb2b.com\/wp-content\/uploads\/2022\/01\/wwtech-portada-duotone-225x300.jpg 225w, https:\/\/dropshippingb2b.com\/wp-content\/uploads\/2022\/01\/wwtech-portada-duotone-768x1024.jpg 768w, https:\/\/dropshippingb2b.com\/wp-content\/uploads\/2022\/01\/wwtech-portada-duotone-1152x1536.jpg 1152w, https:\/\/dropshippingb2b.com\/wp-content\/uploads\/2022\/01\/wwtech-portada-duotone-300x400.jpg 300w\" sizes=\"auto, (max-width: 1200px) 100vw, 1200px\" \/><div class=\"wp-block-cover__inner-container is-layout-flow wp-block-cover-is-layout-flow\">\n<h2 class=\"has-text-color has-huge-font-size wp-block-heading\" style=\"color:#ffffff\"><strong>Comment \u00e7a marche?<\/strong><\/h2>\n\n\n\n<h4 class=\"has-text-color has-huge-font-size wp-block-heading\" style=\"color:#ffffff\">Guide pratique et rapide pour savoir ce qu&rsquo;est le dropshipping et comment il fonctionne<\/h4>\n<\/div><\/div>\n\n\n\n<div class=\"inherit-container-width wp-block-group alignfull has-background is-layout-constrained wp-block-group-is-layout-constrained\" style=\"background-color:#f6f6f6\"><div class=\"wp-block-group__inner-container\">\n<div class=\"inherit-container-width wp-block-group has-background is-layout-constrained wp-block-group-is-layout-constrained\" style=\"background-color:#ffffff\"><div class=\"wp-block-group__inner-container\">\n<p>Le Dropshipping est un mod\u00e8le permettant aux Revendeurs affili\u00e9s d&rsquo;acc\u00e9der \u00e0 un vaste catalogue produits tout en sous-traitant&nbsp;compl\u00e8tement&nbsp;la&nbsp;cha\u00eene&nbsp;logistique (achats de stock, exp\u00e9dition, stockage).&nbsp;<\/p>\n\n\n\n<p>B2bmontres propose la possibilit\u00e9 de t\u00e9l\u00e9charger l&rsquo;int\u00e9gralit\u00e9 des catalogues produits soit manuellement via un flux statique (fichier CSV contenant les liens vers les images), soit automatiquement via un flux en direct (int\u00e9gration par API, mise \u00e0 jour en temps r\u00e9el).<\/p>\n\n\n\n<figure class=\"wp-block-embed is-type-video is-provider-youtube wp-block-embed-youtube wp-embed-aspect-16-9 wp-has-aspect-ratio\"><div class=\"wp-block-embed__wrapper\">\n<div class=\"ast-oembed-container \" style=\"height: 100%;\"><iframe loading=\"lazy\" title=\"\u200bDropshipping orologi, bigiotteria &amp; accessori moda by WWT\" width=\"500\" height=\"281\" src=\"https:\/\/www.youtube.com\/embed\/RHtsBEoeL9U?feature=oembed\" frameborder=\"0\" allow=\"accelerometer; autoplay; clipboard-write; encrypted-media; gyroscope; picture-in-picture; web-share\" referrerpolicy=\"strict-origin-when-cross-origin\" allowfullscreen><\/iframe><\/div>\n<\/div><\/figure>\n<\/div><\/div>\n\n\n\n<div style=\"height:20px\" aria-hidden=\"true\" class=\"wp-block-spacer\"><\/div>\n\n\n\n<div class=\"inherit-container-width wp-block-group has-background is-layout-constrained wp-block-group-is-layout-constrained\" style=\"background-color:#ffffff\"><div class=\"wp-block-group__inner-container\">\n<h3 class=\"has-text-align-center wp-block-heading\"><strong>COMMENT FONCTIONNE LE SERVICE DE DROPSHIPPING?<\/strong><\/h3>\n\n\n\n<h4 class=\"has-white-color has-text-color has-background wp-block-heading\" style=\"background-color:#e5742e\"><strong>1. <strong><strong>&nbsp;Choisissez l&rsquo;abonnement qui vous convient le mieux<\/strong><\/strong><\/strong><\/h4>\n\n\n\n<p>Parmi les services propos\u00e9s, choisissez l&rsquo;int\u00e9gration la plus en phase avec votre business model.<br>Les abonnements propos\u00e9s ont \u00e9t\u00e9 \u00e9tudi\u00e9s afin de couvrir divers niveaux de besoins: du service basique \u00e0 destination de sites E-commerce en phase de lancement (start-up), jusqu\u2019\u00e0 des services plus complets qui correspondront \u00e9galement aux soci\u00e9t\u00e9s les plus exigeantes ayant des objectifs pr\u00e9cis de croissance.<br>Outre la possibilit\u00e9 d&rsquo;amplifier votre catalogue produit d&rsquo;un seul clic, nous offrons \u00e9galement la possibilit\u00e9 de sous-traiter la logistique, le traitement et l\u00a0\u00bbexp\u00e9dition des commandes et garantir ainsi une exp\u00e9rience client des plus rapides et professionnelles \u00e0 vos internautes.<\/p>\n\n\n\n<div style=\"height:50px\" aria-hidden=\"true\" class=\"wp-block-spacer\"><\/div>\n\n\n\n<h4 class=\"has-white-color has-text-color has-background wp-block-heading\" style=\"background-color:#e5742e\"><strong><strong><strong>2.&nbsp;<\/strong><\/strong>T\u00e9l\u00e9chargez le catalogue et importez les produits sur votre boutique en ligne<\/strong><\/h4>\n\n\n\n<p>Possibilit\u00e9 de t\u00e9l\u00e9charger l&rsquo;int\u00e9gralit\u00e9 du catalogue produits soit manuellement via un flux statique (fichier CSV contenant les liens vers les images), soit automatiquement via un flux en direct (int\u00e9gration par API, mise \u00e0 jour en temps r\u00e9el).<\/p>\n\n\n\n<div style=\"height:50px\" aria-hidden=\"true\" class=\"wp-block-spacer\"><\/div>\n\n\n\n<h4 class=\"has-white-color has-text-color has-background wp-block-heading\" style=\"background-color:#e5742e\"><strong><strong><strong><strong>3. <\/strong><\/strong><\/strong>Transmission des commandes<\/strong><\/h4>\n\n\n\n<p>A travers notre plateforme il est possible d&rsquo;ins\u00e9rer directement des produits dans un panier parall\u00e8le \u00e0 celui des grossistes int\u00e9gr\u00e9s ce qui repr\u00e9sente plusieurs avantages:<\/p>\n\n\n\n<ul class=\"wp-block-list\"><li>Panier r\u00e9el: les produits ajout\u00e9s seront imm\u00e9diatement retir\u00e9s des inventaires des grossistes, garantissant ainsi un meilleur pourcentage de traitement des commandes et emp\u00eachant d&rsquo;autres utilisateurs de rendre les produits indisponibles alors que ceux-ci sont en attente de confirmation dans votre propre panier. De plus, l&rsquo;op\u00e9ration \u00e9tant r\u00e9versible vous avez toujours la possibilit\u00e9 de supprimer des articles command\u00e9s et de les rendre \u00e0 nouveau disponibles.<br><\/li><li>Possibilit\u00e9 d&rsquo;enregistrer une adresse de livraison pour chaque produit command\u00e9 et d&rsquo;y joindre des documents sp\u00e9cifiques (par exemple les factures, coupons codes promo, des cartes de v\u0153ux,etc..). Pour chaque article command\u00e9 un service de messagerie interne sera mis \u00e0 disposition et par le biais duquel vous pourrez communiquer de mani\u00e8re simple et rapide avec les services logistiques en charge des exp\u00e9ditions.<\/li><\/ul>\n\n\n\n<div style=\"height:50px\" aria-hidden=\"true\" class=\"wp-block-spacer\"><\/div>\n\n\n\n<h4 class=\"has-white-color has-text-color has-background wp-block-heading\" style=\"background-color:#e5742e\"><strong><strong><strong><strong><strong>4.<\/strong><\/strong><\/strong><\/strong><\/strong> Facturation<\/h4>\n\n\n\n<p>All your&nbsp;B2C orders will be grouped into a single B2B order, alToutes vos commandes B2C seront regroup\u00e9es en une seule commande B2B, vous permettant de recevoir une seule facture pour votre commande confirm\u00e9e (ou selon vos besoins), afin de simplifier votre comptabilit\u00e9 et de g\u00e9rer des exp\u00e9ditions rapides.lowing you to receive one invoice for your confirmed order (or according to your needs), in order to simplify your accounting and to manage fast shipping<strong>.<\/strong><\/p>\n<\/div><\/div>\n\n\n\n<div style=\"height:20px\" aria-hidden=\"true\" class=\"wp-block-spacer\"><\/div>\n\n\n\n<div class=\"inherit-container-width wp-block-group has-background is-layout-constrained wp-block-group-is-layout-constrained\" style=\"background-color:#ffffff\"><div class=\"wp-block-group__inner-container\">\n<h2 class=\"has-text-align-center wp-block-heading\">Prestashop<\/h2>\n\n\n\n<figure class=\"wp-block-image aligncenter size-full is-resized\"><img loading=\"lazy\" decoding=\"async\" src=\"https:\/\/dropshippingb2b.com\/wp-content\/uploads\/2022\/01\/logo_prestashop.jpg\" alt=\"\" class=\"wp-image-3503\" width=\"175\" height=\"113\" srcset=\"https:\/\/dropshippingb2b.com\/wp-content\/uploads\/2022\/01\/logo_prestashop.jpg 700w, https:\/\/dropshippingb2b.com\/wp-content\/uploads\/2022\/01\/logo_prestashop-300x193.jpg 300w\" sizes=\"auto, (max-width: 175px) 100vw, 175px\" \/><\/figure>\n\n\n\n<p>Nous pouvons d\u00e9velopper votre premier projet de commerce \u00e9lectronique en utilisant l&rsquo;un des meilleurs et des plus populaires CMS en Europe : PrestaShop.<br>Nous vous aiderons \u00e0 organiser votre site pour que la gestion de vos contacts et de vos ventes soit simple et rapide.<br>Vous n&rsquo;aurez \u00e0 vous soucier de rien, faites-nous confiance et vous recevrez le package complet pour commencer \u00e0 utiliser votre eCommerce.<br>Le d\u00e9veloppement de plugins est \u00e9galement disponible pour int\u00e9grer tous les produits du catalogue WWT \u00e0 votre site.<\/p>\n\n\n\n<p>Si vous avez d\u00e9j\u00e0 un eCommerce d\u00e9velopp\u00e9 sur une base PrestaShop (\u00e0 la fois en version 1.6 et 1.7), vous serez peut-\u00eatre int\u00e9ress\u00e9 de savoir que nous avons d\u00e9j\u00e0 eu deux modules d&rsquo;int\u00e9gration d\u00e9velopp\u00e9s par une soci\u00e9t\u00e9 externe qui vous permettent d&rsquo;IMPORTER facilement tous les produits, pour EXPORTER automatiquement les commandes au fournisseur et g\u00e9rez la visibilit\u00e9 des catalogues, des remises, des marges b\u00e9n\u00e9ficiaires et bien plus encore!<\/p>\n\n\n\n<p><a href=\"https:\/\/dropshippingb2b.com\/fr\/contact-us\">Contactez-nous pour plus de d\u00e9tails<\/a><\/p>\n<\/div><\/div>\n<\/div><\/div>\n\n\n\n<div class=\"inherit-container-width wp-block-group alignfull has-background is-layout-constrained wp-block-group-is-layout-constrained\" style=\"background-color:#fae4d6\"><div class=\"wp-block-group__inner-container\">\n<h3 class=\"has-text-align-center wp-block-heading\">ENCORE DES DOUTES ?<\/h3>\n\n\n\n<p class=\"has-text-align-center\">Consultez la foire aux questions ou parlez \u00e0 l&rsquo;un de nous<\/p>\n\n\n\n<div class=\"wp-block-columns is-layout-flex wp-container-core-columns-is-layout-1 wp-block-columns-is-layout-flex\">\n<div class=\"wp-block-column is-vertically-aligned-center is-layout-flow wp-block-column-is-layout-flow\">\n<div class=\"wp-block-buttons is-horizontal is-content-justification-center is-layout-flex wp-container-core-buttons-is-layout-1 wp-block-buttons-is-layout-flex\">\n<div class=\"wp-block-button is-style-outline is-style-outline--1\"><a class=\"wp-block-button__link has-text-color\" href=\"\/fr\/faq\" style=\"color:#e5742e\">VISITEZ LA FAQ<\/a><\/div>\n\n\n\n<div class=\"wp-block-button is-style-fill\"><a class=\"wp-block-button__link\" href=\"\/fr\/contacts\">NOUS CONTACTER<\/a><\/div>\n<\/div>\n<\/div>\n<\/div>\n<\/div><\/div>\n","protected":false},"excerpt":{"rendered":"<p>Le Dropshipping est un mod\u00e8le permettant aux Revendeurs affili\u00e9s d&rsquo;acc\u00e9der \u00e0 un vaste catalogue produits tout en sous-traitant&nbsp;compl\u00e8tement&nbsp;la&nbsp;cha\u00eene&nbsp;logistique (achats de stock, exp\u00e9dition, stockage).&nbsp; B2bmontres propose la possibilit\u00e9 de t\u00e9l\u00e9charger l&rsquo;int\u00e9gralit\u00e9 des catalogues produits soit manuellement via un flux statique (fichier CSV contenant les liens vers les images), soit automatiquement via un flux en direct (int\u00e9gration [&hellip;]<\/p>\n","protected":false},"author":1,"featured_media":0,"parent":0,"menu_order":0,"comment_status":"closed","ping_status":"closed","template":"","meta":{"inline_featured_image":false,"site-sidebar-layout":"default","site-content-layout":"page-builder","ast-site-content-layout":"","site-content-style":"default","site-sidebar-style":"default","ast-global-header-display":"","ast-banner-title-visibility":"","ast-main-header-display":"","ast-hfb-above-header-display":"","ast-hfb-below-header-display":"","ast-hfb-mobile-header-display":"","site-post-title":"disabled","ast-breadcrumbs-content":"","ast-featured-img":"","footer-sml-layout":"","theme-transparent-header-meta":"","adv-header-id-meta":"","stick-header-meta":"","header-above-stick-meta":"","header-main-stick-meta":"","header-below-stick-meta":"","astra-migrate-meta-layouts":"default","ast-page-background-enabled":"default","ast-page-background-meta":{"desktop":{"background-color":"","background-image":"","background-repeat":"repeat","background-position":"center center","background-size":"auto","background-attachment":"scroll","background-type":"","background-media":"","overlay-type":"","overlay-color":"","overlay-opacity":"","overlay-gradient":""},"tablet":{"background-color":"","background-image":"","background-repeat":"repeat","background-position":"center center","background-size":"auto","background-attachment":"scroll","background-type":"","background-media":"","overlay-type":"","overlay-color":"","overlay-opacity":"","overlay-gradient":""},"mobile":{"background-color":"","background-image":"","background-repeat":"repeat","background-position":"center center","background-size":"auto","background-attachment":"scroll","background-type":"","background-media":"","overlay-type":"","overlay-color":"","overlay-opacity":"","overlay-gradient":""}},"ast-content-background-meta":{"desktop":{"background-color":"var(--ast-global-color-5)","background-image":"","background-repeat":"repeat","background-position":"center center","background-size":"auto","background-attachment":"scroll","background-type":"","background-media":"","overlay-type":"","overlay-color":"","overlay-opacity":"","overlay-gradient":""},"tablet":{"background-color":"var(--ast-global-color-5)","background-image":"","background-repeat":"repeat","background-position":"center center","background-size":"auto","background-attachment":"scroll","background-type":"","background-media":"","overlay-type":"","overlay-color":"","overlay-opacity":"","overlay-gradient":""},"mobile":{"background-color":"var(--ast-global-color-5)","background-image":"","background-repeat":"repeat","background-position":"center center","background-size":"auto","background-attachment":"scroll","background-type":"","background-media":"","overlay-type":"","overlay-color":"","overlay-opacity":"","overlay-gradient":""}},"footnotes":""},"class_list":["post-4901","page","type-page","status-publish","hentry"],"_links":{"self":[{"href":"https:\/\/dropshippingb2b.com\/fr\/wp-json\/wp\/v2\/pages\/4901","targetHints":{"allow":["GET"]}}],"collection":[{"href":"https:\/\/dropshippingb2b.com\/fr\/wp-json\/wp\/v2\/pages"}],"about":[{"href":"https:\/\/dropshippingb2b.com\/fr\/wp-json\/wp\/v2\/types\/page"}],"author":[{"embeddable":true,"href":"https:\/\/dropshippingb2b.com\/fr\/wp-json\/wp\/v2\/users\/1"}],"replies":[{"embeddable":true,"href":"https:\/\/dropshippingb2b.com\/fr\/wp-json\/wp\/v2\/comments?post=4901"}],"version-history":[{"count":2,"href":"https:\/\/dropshippingb2b.com\/fr\/wp-json\/wp\/v2\/pages\/4901\/revisions"}],"predecessor-version":[{"id":5580,"href":"https:\/\/dropshippingb2b.com\/fr\/wp-json\/wp\/v2\/pages\/4901\/revisions\/5580"}],"wp:attachment":[{"href":"https:\/\/dropshippingb2b.com\/fr\/wp-json\/wp\/v2\/media?parent=4901"}],"curies":[{"name":"wp","href":"https:\/\/api.w.org\/{rel}","templated":true}]}}