{"id":1449,"date":"2021-07-14T21:42:39","date_gmt":"2021-07-14T21:42:39","guid":{"rendered":"https:\/\/dsb2b.assemblyweb.net\/logistics"},"modified":"2026-02-20T17:20:10","modified_gmt":"2026-02-20T16:20:10","slug":"logistique","status":"publish","type":"page","link":"https:\/\/dropshippingb2b.com\/fr\/logistique","title":{"rendered":"Logistique"},"content":{"rendered":"\n<div class=\"wp-block-cover alignfull\" style=\"min-height:350px;aspect-ratio:unset;\"><span aria-hidden=\"true\" class=\"wp-block-cover__background has-background-dim-0 has-background-dim\" style=\"background-color:#000000\"><\/span><img loading=\"lazy\" decoding=\"async\" width=\"1200\" height=\"1600\" class=\"wp-block-cover__image-background wp-image-2834\" alt=\"\" src=\"https:\/\/dropshippingb2b.com\/wp-content\/uploads\/2022\/01\/wwtech-portada-duotone.jpg\" data-object-fit=\"cover\" srcset=\"https:\/\/dropshippingb2b.com\/wp-content\/uploads\/2022\/01\/wwtech-portada-duotone.jpg 1200w, https:\/\/dropshippingb2b.com\/wp-content\/uploads\/2022\/01\/wwtech-portada-duotone-225x300.jpg 225w, https:\/\/dropshippingb2b.com\/wp-content\/uploads\/2022\/01\/wwtech-portada-duotone-768x1024.jpg 768w, https:\/\/dropshippingb2b.com\/wp-content\/uploads\/2022\/01\/wwtech-portada-duotone-1152x1536.jpg 1152w, https:\/\/dropshippingb2b.com\/wp-content\/uploads\/2022\/01\/wwtech-portada-duotone-300x400.jpg 300w\" sizes=\"auto, (max-width: 1200px) 100vw, 1200px\" \/><div class=\"wp-block-cover__inner-container is-layout-flow wp-block-cover-is-layout-flow\">\n<h2 class=\"wp-block-heading alignwide has-text-color\" style=\"color:#ffffff\">Logistique et exp\u00e9dition<\/h2>\n<\/div><\/div>\n\n\n\n<div class=\"inherit-container-width wp-block-group alignfull has-background is-layout-constrained wp-block-group-is-layout-constrained\" style=\"background-color:#f6f6f6\"><div class=\"wp-block-group__inner-container\">\n<div class=\"inherit-container-width wp-block-group mt--50 has-background is-layout-constrained wp-block-group-is-layout-constrained\" style=\"background-color:#ffffff\"><div class=\"wp-block-group__inner-container\">\n<p>Pour la pr\u00e9paration des commandes , vous pouvez choisir notre forfait \u00ab\u00a0cl\u00e9 en main\u00a0\u00bb. Cette option inclut \u00e0 la fois le traitement logistique et l\u2019affectation \u00e0 l\u2019un des transporteurs avec lesquels nous travaillons (DHL, FedEx, SDA, UPS). Cette option est particuli\u00e8rement recommand\u00e9e lors de la phase de d\u00e9marrage..&nbsp;<\/p>\n\n\n\n<p>Co\u00fbt des \u00e9xp\u00e9ditions + travail logistique:<\/p>\n\n\n\n<figure class=\"wp-block-table\"><table><tbody><tr><td><strong><strong>DESTINATION<\/strong><\/strong><\/td><td><strong><strong>CO\u00dbT<\/strong><\/strong><\/td><td><strong><strong>COURRIER<\/strong><\/strong><\/td><\/tr><tr><td>Italie<\/td><td>(6,50\u20ac + 3,90\u20ac) 10,40\u20ac<\/td><td>DHL \u2013 GLS &#8211; TNT<\/td><\/tr><tr><td>Europe de l&rsquo;Ouest (AT, BE, DE, DK, ES, FI, FR, GR, IE, LU, NL, PT, SE)<\/td><td>(12,50\u20ac + 3,90\u20ac) 16,40\u20ac<\/td><td>DHL \u2013 FedEx<br>UPS &#8211; GLS<\/td><\/tr><tr><td>Europe de l&rsquo;Est (BG, CY, CZ, EE, HR, HU, LT, LV, MT, PL, RO, SK, SI)<\/td><td>(14,00\u20ac + 3,90\u20ac) 17,90\u20ac<\/td><td>DHL \u2013 FedEx<br>UPS &#8211; GLS<\/td><\/tr><tr><td>USA\/Canada + Pays europ\u00e9ens NON communautaires (AD, CH, GB, GI, IS, LI, NO)&nbsp;<\/td><td>(17,00\u20ac + 4,00\u20ac + 3,90\u20ac) 24,90\u20ac<\/td><td>DHL \u2013 FedEx &#8211; UPS<\/td><\/tr><tr><td>Afrique du Nord (DZ, EG, LY, MA, TN), Moyen Orient (AE, KW, OM, QA, SA), Mexique, Singapour, HK, Japon<\/td><td>(26,00\u20ac + 4,00\u20ac + 3,90\u20ac) 33,90\u20ac<\/td><td>DHL \u2013 FedEx \u2013 UPS<\/td><\/tr><tr><td>Pays Europe de l&rsquo;Est non communautaires (AL, BA, MD, ME, MK, RS, TR, UA, XK)<\/td><td>(29,00\u20ac + 4,00\u20ac + 3,90\u20ac) 36,90\u20ac<\/td><td>DHL \u2013 FedEx \u2013 UPS<\/td><\/tr><tr><td>Reste du monde (F\u00e9d\u00e9ration de Russie et Bi\u00e9lorussie exclues)<\/td><td>(36,00\u20ac + 4,00\u20ac + 3,90\u20ac) 43,90\u20ac<\/td><td>DHL \u2013 FedEx \u2013 UPS<\/td><\/tr><\/tbody><\/table><\/figure>\n<\/div><\/div>\n\n\n\n<div style=\"height:30px\" aria-hidden=\"true\" class=\"wp-block-spacer\"><\/div>\n\n\n\n<div class=\"inherit-container-width wp-block-group has-background is-layout-constrained wp-block-group-is-layout-constrained\" style=\"background-color:#ffffff\"><div class=\"wp-block-group__inner-container\">\n<h3 class=\"wp-block-heading has-text-align-center\">Manipulation standard<\/h3>\n\n\n\n<p>Par traitement logistique, nous entendons tout ce qui concerne la pr\u00e9paration du colis destin\u00e9 au client priv\u00e9. La Logistique est responsable de la pr\u00e9paration et de l&#8217;emballage individuels des produits etet de la r\u00e9servation des enl\u00e8vements transporteurs.<\/p>\n\n\n\n<ol class=\"wp-block-list\">\n<li><strong><strong>Imballagge des produits<\/strong>&nbsp;<\/strong>dans du cartonnage triple en marque blanche en parfaite ad\u00e9quation avec les produits livr\u00e9s.<\/li>\n\n\n\n<li><strong><strong>Cr\u00e9ation de l&rsquo;\u00e9tiquette d&rsquo;envoie&nbsp;<\/strong><\/strong>sur \u00e9tiquette ad\u00e9sive.&nbsp;<\/li>\n\n\n\n<li><strong><strong>Thermo-fermeture du colis<\/strong><\/strong>&nbsp;avec film transparent (\u00e0 la fois pour des raisons de s\u00e9curit\u00e9 et pour mieux pr\u00e9server les \u00e9tiquettes d&rsquo;exp\u00e9dition des agents atmosph\u00e9riques ou des frottements dans les transports).<\/li>\n\n\n\n<li><strong><strong>Remise du colis au transporteur<\/strong><\/strong><\/li>\n\n\n\n<li><strong><strong>Insertion du num\u00e9ro de tracking<\/strong>&nbsp;<\/strong>sur la plateforme DropshippingB2B afin que vous puissiez g\u00e9rer vos colis \u00e0 n&rsquo;importe quel moment.<\/li>\n<\/ol>\n\n\n\n<p>Les co\u00fbts de traitement standard doivent \u00eatre appliqu\u00e9s \u00e0 des commandes compos\u00e9es d&rsquo;un seul article. Pour les commandes compos\u00e9es d&rsquo;au moins deux articles d&rsquo;une m\u00eame exp\u00e9dition, <strong>le co\u00fbt d&rsquo;\u00e9xp\u00e9dition \u00e0 partir du deuxi\u00e8me envoi sera factur\u00e9 \u00e0 50%.<\/strong><\/p>\n\n\n\n<div style=\"height:50px\" aria-hidden=\"true\" class=\"wp-block-spacer\"><\/div>\n\n\n\n<p class=\"has-text-align-center has-text-color has-background\" style=\"color:#e5742e;background-color:#fae3d4\"><strong>En plus du traitement standard, il est possible de demander des services suppl\u00e9mentaires pour personnaliser vos envois.<\/strong><\/p>\n\n\n\n<div style=\"height:20px\" aria-hidden=\"true\" class=\"wp-block-spacer\"><\/div>\n\n\n\n<div class=\"wp-block-buttons is-horizontal is-content-justification-center is-layout-flex wp-container-core-buttons-is-layout-1 wp-block-buttons-is-layout-flex\">\n<div class=\"wp-block-button\"><a class=\"wp-block-button__link wp-element-button\" href=\"\/wp-content\/uploads\/2022\/09\/personalized_logistic_options_eng.pdf\" target=\"_blank\" rel=\"noreferrer noopener\">OPTIONS PERSONNALIS\u00c9ES<\/a><\/div>\n<\/div>\n\n\n\n<div style=\"height:30px\" aria-hidden=\"true\" class=\"wp-block-spacer\"><\/div>\n<\/div><\/div>\n\n\n\n<div style=\"height:30px\" aria-hidden=\"true\" class=\"wp-block-spacer\"><\/div>\n\n\n\n<div class=\"inherit-container-width wp-block-group has-background is-layout-constrained wp-block-group-is-layout-constrained\" style=\"background-color:#ffffff\"><div class=\"wp-block-group__inner-container\">\n<h3 class=\"wp-block-heading has-text-align-center\"><strong>Cartons utilis\u00e9s par notre logistique<\/strong><\/h3>\n\n\n\n<figure class=\"wp-block-image aligncenter size-full\"><img loading=\"lazy\" decoding=\"async\" width=\"537\" height=\"612\" src=\"https:\/\/dropshippingb2b.com\/wp-content\/uploads\/2022\/01\/boxbrick.png\" alt=\"\" class=\"wp-image-3327\" srcset=\"https:\/\/dropshippingb2b.com\/wp-content\/uploads\/2022\/01\/boxbrick.png 537w, https:\/\/dropshippingb2b.com\/wp-content\/uploads\/2022\/01\/boxbrick-300x342.png 300w, https:\/\/dropshippingb2b.com\/wp-content\/uploads\/2022\/01\/boxbrick-263x300.png 263w\" sizes=\"auto, (max-width: 537px) 100vw, 537px\" \/><\/figure>\n<\/div><\/div>\n\n\n\n<div style=\"height:30px\" aria-hidden=\"true\" class=\"wp-block-spacer\"><\/div>\n\n\n\n<div class=\"inherit-container-width wp-block-group has-background is-layout-constrained wp-block-group-is-layout-constrained\" style=\"background-color:#ffffff\"><div class=\"wp-block-group__inner-container\">\n<div style=\"height:30px\" aria-hidden=\"true\" class=\"wp-block-spacer\"><\/div>\n\n\n\n<h3 class=\"wp-block-heading has-text-align-center\"><strong><strong>T\u00e9l\u00e9chargez ici un exemple de communication que vous pouvez ajouter \u00e0 vos packs.<\/strong><\/strong><\/h3>\n\n\n\n<p>Ce sont les petites choses qui font la diff\u00e9rence: communiquez de mani\u00e8re proactive avec vos clients en anticipant leurs besoins. Elle permet de fid\u00e9liser les clients, de gagner en confiance, de r\u00e9duire les retours, d&rsquo;am\u00e9liorer le pourcentage de clients qui reviennent commander chez vous: nous partageons notre expertise pour vous aider \u00e0 booster vos performances!<\/p>\n\n\n\n<div class=\"wp-block-buttons is-horizontal is-content-justification-center is-layout-flex wp-container-core-buttons-is-layout-2 wp-block-buttons-is-layout-flex\">\n<div class=\"wp-block-button\"><a class=\"wp-block-button__link wp-element-button\" href=\"https:\/\/dropshippingb2b.com\/wp-content\/uploads\/2022\/12\/example_of_communication.pdf\">EXEMPLE DE COMMUNICATION<\/a><\/div>\n<\/div>\n\n\n\n<div style=\"height:20px\" aria-hidden=\"true\" class=\"wp-block-spacer\"><\/div>\n<\/div><\/div>\n\n\n\n<div style=\"height:20px\" aria-hidden=\"true\" class=\"wp-block-spacer\"><\/div>\n\n\n\n<div class=\"inherit-container-width wp-block-group has-background is-layout-constrained wp-block-group-is-layout-constrained\" style=\"background-color:#ffffff\"><div class=\"wp-block-group__inner-container\">\n<div style=\"height:20px\" aria-hidden=\"true\" class=\"wp-block-spacer\"><\/div>\n\n\n\n<h3 class=\"wp-block-heading has-text-align-center\"><strong><strong>T\u00e9l\u00e9chargez la d\u00e9claration des douanes italiennes n\u00e9cessaire \u00e0 votre exp\u00e9dition internationale!<\/strong><\/strong><\/h3>\n\n\n\n<div class=\"wp-block-buttons is-horizontal is-content-justification-center is-layout-flex wp-container-core-buttons-is-layout-3 wp-block-buttons-is-layout-flex\">\n<div class=\"wp-block-button\"><a class=\"wp-block-button__link wp-element-button\" href=\"https:\/\/dropshippingb2b.com\/wp-content\/uploads\/2024\/04\/ENG-dichiarazione-libera-esportazione-MARZO-2024.pdf\"><strong>T\u00e9l\u00e9chargez<\/strong><\/a><\/div>\n<\/div>\n\n\n\n<div style=\"height:50px\" aria-hidden=\"true\" class=\"wp-block-spacer\"><\/div>\n\n\n\n<h3 class=\"wp-block-heading has-text-align-center\">T\u00e9l\u00e9chargez la documentation n\u00e9cessaire aux exportations vers les USA<\/h3>\n\n\n\n<div class=\"wp-block-buttons is-horizontal is-content-justification-center is-layout-flex wp-container-core-buttons-is-layout-4 wp-block-buttons-is-layout-flex\">\n<div class=\"wp-block-button\"><a class=\"wp-block-button__link wp-element-button\" href=\"\/wp-content\/uploads\/2022\/09\/drop_ball_usa.pdf\" target=\"_blank\" rel=\"noreferrer noopener\">DROPP BALL (Lunettes)<\/a><\/div>\n\n\n\n<div class=\"wp-block-button is-style-fill\"><a class=\"wp-block-button__link wp-element-button\" href=\"\/wp-content\/uploads\/2022\/09\/breakdown_value_model.pdf\" target=\"_blank\" rel=\"noreferrer noopener\">BREAKDOWN VALUE (Montres)<\/a><\/div>\n<\/div>\n\n\n\n<div style=\"height:20px\" aria-hidden=\"true\" class=\"wp-block-spacer\"><\/div>\n<\/div><\/div>\n\n\n\n<div style=\"height:30px\" aria-hidden=\"true\" class=\"wp-block-spacer\"><\/div>\n\n\n\n<div class=\"wp-block-media-text alignwide has-media-on-the-right is-stacked-on-mobile is-image-fill-element has-background\" style=\"background-color:#ffffff;grid-template-columns:auto 29%\"><div class=\"wp-block-media-text__content\">\n<p>Comme alternative au forfait \u00ab\u00a0Cl\u00e9 en main\u00a0\u00bb, vous pouvez organiser le traitement de vos commandes directement avec la Logistique et vous fier \u00e0 votre coursier de confiance pour l&rsquo;exp\u00e9dition finale. <\/p>\n\n\n\n<p class=\"mt-0\">Notre Logistique est g\u00e9r\u00e9e par:<\/p>\n\n\n\n<figure class=\"wp-block-image size-large is-resized\"><img loading=\"lazy\" decoding=\"async\" width=\"1024\" height=\"180\" src=\"https:\/\/dropshippingb2b.com\/wp-content\/uploads\/2022\/11\/logo-dd-2-1024x180.png\" alt=\"\" class=\"wp-image-6725\" style=\"width:450px;height:90px\" srcset=\"https:\/\/dropshippingb2b.com\/wp-content\/uploads\/2022\/11\/logo-dd-2-1024x180.png 1024w, https:\/\/dropshippingb2b.com\/wp-content\/uploads\/2022\/11\/logo-dd-2-300x53.png 300w, https:\/\/dropshippingb2b.com\/wp-content\/uploads\/2022\/11\/logo-dd-2-768x135.png 768w, https:\/\/dropshippingb2b.com\/wp-content\/uploads\/2022\/11\/logo-dd-2-1536x271.png 1536w, https:\/\/dropshippingb2b.com\/wp-content\/uploads\/2022\/11\/logo-dd-2.png 1720w\" sizes=\"auto, (max-width: 1024px) 100vw, 1024px\" \/><\/figure>\n\n\n\n<p><strong>Autotrasporti Delledonne s.r.l.<\/strong><br>Via Aldo Moro, 10<br>13876 Sandigliano (BI) &#8211; ITALIA<br>P. IVA 00165250028<br>Tel +39 015 2493040<br>Fax +39 015 2493139<br><a href=\"www.delledonne.it\">www.delledonne.it<\/a><\/p>\n<\/div><figure class=\"wp-block-media-text__media\"><img loading=\"lazy\" decoding=\"async\" width=\"232\" height=\"300\" src=\"https:\/\/dropshippingb2b.com\/wp-content\/uploads\/2022\/01\/delledonne-232x300.jpg\" alt=\"\" class=\"wp-image-3339 size-medium\" style=\"object-position:50% 50%\" srcset=\"https:\/\/dropshippingb2b.com\/wp-content\/uploads\/2022\/01\/delledonne-232x300.jpg 232w, https:\/\/dropshippingb2b.com\/wp-content\/uploads\/2022\/01\/delledonne-300x387.jpg 300w, https:\/\/dropshippingb2b.com\/wp-content\/uploads\/2022\/01\/delledonne.jpg 594w\" sizes=\"auto, (max-width: 232px) 100vw, 232px\" \/><\/figure><\/div>\n\n\n\n<div style=\"height:30px\" aria-hidden=\"true\" class=\"wp-block-spacer\"><\/div>\n\n\n\n<div class=\"inherit-container-width wp-block-group has-background is-layout-constrained wp-block-group-is-layout-constrained\" style=\"background-color:#ffffff\"><div class=\"wp-block-group__inner-container\">\n<h3 class=\"wp-block-heading has-text-align-center\">Entrep\u00f4t<br><\/h3>\n\n\n\n<p>La plupart des produits pr\u00e9sents dans notre catalogue sont stock\u00e9s aupr\u00e8s de notre logistique externalis\u00e9e,&nbsp;<a rel=\"noreferrer noopener\" href=\"http:\/\/www.delledonne.it\/\" target=\"_blank\">Autotrasporti Delledonne s.r.l<\/a>,&nbsp;capable d&rsquo;exp\u00e9dier dans la journ\u00e9e les commandes re\u00e7ues avant 12h00.&nbsp;<\/p>\n\n\n\n<p>Les autres produits sont exp\u00e9di\u00e9s dans un d\u00e9lai compris entre 3 et 5 jours ouvrables. Pour chacun des produits pr\u00e9sents dans notre flux catalogue, vous trouverez les informations li\u00e9es au d\u00e9lai de livraison<\/p>\n<\/div><\/div>\n<\/div><\/div>\n\n\n\n<div class=\"inherit-container-width wp-block-group alignfull has-background is-layout-constrained wp-block-group-is-layout-constrained\" style=\"background-color:#fae4d6\"><div class=\"wp-block-group__inner-container\">\n<h3 class=\"has-text-align-center wp-block-heading\">ENCORE DES DOUTES ?<\/h3>\n\n\n\n<p class=\"has-text-align-center\">Consultez la foire aux questions ou parlez \u00e0 l&rsquo;un de nous<\/p>\n\n\n\n<div class=\"wp-block-columns is-layout-flex wp-container-core-columns-is-layout-1 wp-block-columns-is-layout-flex\">\n<div class=\"wp-block-column is-vertically-aligned-center is-layout-flow wp-block-column-is-layout-flow\">\n<div class=\"wp-block-buttons is-horizontal is-content-justification-center is-layout-flex wp-container-core-buttons-is-layout-5 wp-block-buttons-is-layout-flex\">\n<div class=\"wp-block-button is-style-outline is-style-outline--1\"><a class=\"wp-block-button__link has-text-color\" href=\"\/fr\/faq\" style=\"color:#e5742e\">VISITEZ LA FAQ<\/a><\/div>\n\n\n\n<div class=\"wp-block-button is-style-fill\"><a class=\"wp-block-button__link\" href=\"\/fr\/contacts\">NOUS CONTACTER<\/a><\/div>\n<\/div>\n<\/div>\n<\/div>\n<\/div><\/div>\n","protected":false},"excerpt":{"rendered":"<p>Pour la pr\u00e9paration des commandes , vous pouvez choisir notre forfait \u00ab\u00a0cl\u00e9 en main\u00a0\u00bb. Cette option inclut \u00e0 la fois le traitement logistique et l\u2019affectation \u00e0 l\u2019un des transporteurs avec lesquels nous travaillons (DHL, FedEx, SDA, UPS). Cette option est particuli\u00e8rement recommand\u00e9e lors de la phase de d\u00e9marrage..&nbsp; Co\u00fbt des \u00e9xp\u00e9ditions + travail logistique: DESTINATION [&hellip;]<\/p>\n","protected":false},"author":1,"featured_media":0,"parent":0,"menu_order":0,"comment_status":"closed","ping_status":"closed","template":"","meta":{"inline_featured_image":false,"site-sidebar-layout":"default","site-content-layout":"plain-container","ast-site-content-layout":"normal-width-container","site-content-style":"unboxed","site-sidebar-style":"unboxed","ast-global-header-display":"","ast-banner-title-visibility":"","ast-main-header-display":"","ast-hfb-above-header-display":"","ast-hfb-below-header-display":"","ast-hfb-mobile-header-display":"","site-post-title":"disabled","ast-breadcrumbs-content":"","ast-featured-img":"","footer-sml-layout":"","theme-transparent-header-meta":"default","adv-header-id-meta":"","stick-header-meta":"","header-above-stick-meta":"","header-main-stick-meta":"","header-below-stick-meta":"","astra-migrate-meta-layouts":"set","ast-page-background-enabled":"default","ast-page-background-meta":{"desktop":{"background-color":"","background-image":"","background-repeat":"repeat","background-position":"center center","background-size":"auto","background-attachment":"scroll","background-type":"","background-media":"","overlay-type":"","overlay-color":"","overlay-opacity":"","overlay-gradient":""},"tablet":{"background-color":"","background-image":"","background-repeat":"repeat","background-position":"center center","background-size":"auto","background-attachment":"scroll","background-type":"","background-media":"","overlay-type":"","overlay-color":"","overlay-opacity":"","overlay-gradient":""},"mobile":{"background-color":"","background-image":"","background-repeat":"repeat","background-position":"center center","background-size":"auto","background-attachment":"scroll","background-type":"","background-media":"","overlay-type":"","overlay-color":"","overlay-opacity":"","overlay-gradient":""}},"ast-content-background-meta":{"desktop":{"background-color":"var(--ast-global-color-5)","background-image":"","background-repeat":"repeat","background-position":"center center","background-size":"auto","background-attachment":"scroll","background-type":"","background-media":"","overlay-type":"","overlay-color":"","overlay-opacity":"","overlay-gradient":""},"tablet":{"background-color":"var(--ast-global-color-5)","background-image":"","background-repeat":"repeat","background-position":"center center","background-size":"auto","background-attachment":"scroll","background-type":"","background-media":"","overlay-type":"","overlay-color":"","overlay-opacity":"","overlay-gradient":""},"mobile":{"background-color":"var(--ast-global-color-5)","background-image":"","background-repeat":"repeat","background-position":"center center","background-size":"auto","background-attachment":"scroll","background-type":"","background-media":"","overlay-type":"","overlay-color":"","overlay-opacity":"","overlay-gradient":""}},"footnotes":""},"class_list":["post-1449","page","type-page","status-publish","hentry"],"_links":{"self":[{"href":"https:\/\/dropshippingb2b.com\/fr\/wp-json\/wp\/v2\/pages\/1449","targetHints":{"allow":["GET"]}}],"collection":[{"href":"https:\/\/dropshippingb2b.com\/fr\/wp-json\/wp\/v2\/pages"}],"about":[{"href":"https:\/\/dropshippingb2b.com\/fr\/wp-json\/wp\/v2\/types\/page"}],"author":[{"embeddable":true,"href":"https:\/\/dropshippingb2b.com\/fr\/wp-json\/wp\/v2\/users\/1"}],"replies":[{"embeddable":true,"href":"https:\/\/dropshippingb2b.com\/fr\/wp-json\/wp\/v2\/comments?post=1449"}],"version-history":[{"count":27,"href":"https:\/\/dropshippingb2b.com\/fr\/wp-json\/wp\/v2\/pages\/1449\/revisions"}],"predecessor-version":[{"id":8401,"href":"https:\/\/dropshippingb2b.com\/fr\/wp-json\/wp\/v2\/pages\/1449\/revisions\/8401"}],"wp:attachment":[{"href":"https:\/\/dropshippingb2b.com\/fr\/wp-json\/wp\/v2\/media?parent=1449"}],"curies":[{"name":"wp","href":"https:\/\/api.w.org\/{rel}","templated":true}]}}