{"id":1315,"date":"2021-07-14T21:36:52","date_gmt":"2021-07-14T21:36:52","guid":{"rendered":"https:\/\/dsb2b.assemblyweb.net\/data-flow"},"modified":"2025-03-18T14:22:54","modified_gmt":"2025-03-18T13:22:54","slug":"flux-de-donnees","status":"publish","type":"page","link":"https:\/\/dropshippingb2b.com\/fr\/flux-de-donnees","title":{"rendered":"Flux de donn\u00e9es"},"content":{"rendered":"\n<div class=\"wp-block-cover alignfull\" style=\"min-height:350px;aspect-ratio:unset;\"><span aria-hidden=\"true\" class=\"wp-block-cover__background has-background-dim-0 has-background-dim\"><\/span><img loading=\"lazy\" decoding=\"async\" width=\"1200\" height=\"1600\" class=\"wp-block-cover__image-background wp-image-2834\" alt=\"\" src=\"https:\/\/dropshippingb2b.com\/wp-content\/uploads\/2022\/01\/wwtech-portada-duotone.jpg\" data-object-fit=\"cover\" srcset=\"https:\/\/dropshippingb2b.com\/wp-content\/uploads\/2022\/01\/wwtech-portada-duotone.jpg 1200w, https:\/\/dropshippingb2b.com\/wp-content\/uploads\/2022\/01\/wwtech-portada-duotone-225x300.jpg 225w, https:\/\/dropshippingb2b.com\/wp-content\/uploads\/2022\/01\/wwtech-portada-duotone-768x1024.jpg 768w, https:\/\/dropshippingb2b.com\/wp-content\/uploads\/2022\/01\/wwtech-portada-duotone-1152x1536.jpg 1152w, https:\/\/dropshippingb2b.com\/wp-content\/uploads\/2022\/01\/wwtech-portada-duotone-300x400.jpg 300w\" sizes=\"auto, (max-width: 1200px) 100vw, 1200px\" \/><div class=\"wp-block-cover__inner-container is-layout-flow wp-block-cover-is-layout-flow\">\n<h2 class=\"wp-block-heading has-text-color has-huge-font-size\" style=\"color:#ffffff\">Flux de donn\u00e9es<\/h2>\n<\/div><\/div>\n\n\n\n<div class=\"inherit-container-width wp-block-group alignfull has-background is-layout-constrained wp-block-group-is-layout-constrained\" style=\"background-color:#f6f6f6\"><div class=\"wp-block-group__inner-container\">\n<div class=\"inherit-container-width wp-block-group mt--50 has-background is-layout-constrained wp-block-group-is-layout-constrained\" style=\"background-color:#ffffff\"><div class=\"wp-block-group__inner-container\">\n<p>L&rsquo;importation int\u00e9grale des catalogues produits,&nbsp;t\u00e9l\u00e9chargeables soit manuellement via un flux statique (flux statique: fichier d&rsquo;export CSV, XML, JSON), soit automatiquement via un flux live (int\u00e9gration par API) permet d&rsquo;obtenir les informations suivantes pour chacune des&nbsp;r\u00e9f\u00e9rences:<\/p>\n\n\n\n<ul class=\"wp-block-list custom-list\">\n<li>Marque<\/li>\n\n\n\n<li>Code produit\/SKU<\/li>\n\n\n\n<li>Quantit\u00e9 disponible<\/li>\n\n\n\n<li>PVP (<em>Prix de Vente Public<\/em>) conseill\u00e9<\/li>\n\n\n\n<li>Remise exclusive<\/li>\n\n\n\n<li>D\u00e9lai de traitement des commandes<\/li>\n\n\n\n<li>Poids approximatif<\/li>\n\n\n\n<li>Deux liens images: une ic\u00f4ne de dimension 120x120px et une image principale de meilleure r\u00e9solution (dimension min. 200x300px, max. 500x700px, m\u00eame si quelques images peuvent \u00eatre plus grandes)<\/li>\n\n\n\n<li>Groupe&nbsp;: Montres, bijoux, lunettes de soleil et accessoires (comme indiqu\u00e9 sur notre site de vente en gros)<\/li>\n\n\n\n<li>Cat\u00e9gorie&nbsp;: Montres, bijoux, lunettes de soleil et accessoires<\/li>\n<\/ul>\n\n\n\n<p>Contr\u00f4les facultatifs&nbsp;:<\/p>\n\n\n\n<ul class=\"wp-block-list\">\n<li>Code EAN (num\u00e9ro d&rsquo;article europ\u00e9en), si disponible<\/li>\n\n\n\n<li>Attributs&nbsp;: Les principales caract\u00e9ristiques du produit, telles que le genre, le mat\u00e9riau du bo\u00eetier et l&rsquo;\u00e9tanch\u00e9it\u00e9, sont disponibles pour tous les articles \u00ab&nbsp;Red Rocket&nbsp;\u00bb (ID fournisseur&nbsp;: 68). Pour les produits de fournisseurs externes (diff\u00e9rents de l&rsquo;ID fournisseur&nbsp;: 68), ils seront disponibles uniquement si le fournisseur nous les transmet dans son flux de donn\u00e9es.<\/li>\n\n\n\n<li>Exigences GPSR&nbsp;: fabricant et fabricant responsable<\/li>\n<\/ul>\n\n\n\n<p><\/p>\n<\/div><\/div>\n\n\n\n<div style=\"height:30px\" aria-hidden=\"true\" class=\"wp-block-spacer\"><\/div>\n\n\n\n<div class=\"inherit-container-width wp-block-group has-background is-layout-constrained wp-block-group-is-layout-constrained\" style=\"background-color:#ffffff\"><div class=\"wp-block-group__inner-container\">\n<h3 class=\"wp-block-heading has-text-align-center\">Voici ci-dessous les principales diff\u00e9rences entre nos syst\u00e8mes d&rsquo;int\u00e9gration:<\/h3>\n\n\n\n<figure class=\"wp-block-image aligncenter size-full\"><img loading=\"lazy\" decoding=\"async\" width=\"432\" height=\"346\" src=\"https:\/\/dropshippingb2b.com\/wp-content\/uploads\/2022\/09\/api_vs_csv_en.png\" alt=\"\" class=\"wp-image-4295\" srcset=\"https:\/\/dropshippingb2b.com\/wp-content\/uploads\/2022\/09\/api_vs_csv_en.png 432w, https:\/\/dropshippingb2b.com\/wp-content\/uploads\/2022\/09\/api_vs_csv_en-300x240.png 300w\" sizes=\"auto, (max-width: 432px) 100vw, 432px\" \/><\/figure>\n<\/div><\/div>\n\n\n\n<div style=\"height:30px\" aria-hidden=\"true\" class=\"wp-block-spacer\"><\/div>\n\n\n\n<div class=\"inherit-container-width wp-block-group has-background is-layout-constrained wp-block-group-is-layout-constrained\" style=\"background-color:#ffffff\"><div class=\"wp-block-group__inner-container\">\n<h3 class=\"wp-block-heading has-text-align-center\"><strong>INT\u00c9GRATION&nbsp;API<\/strong><\/h3>\n\n\n\n<p>Elle est bidirectionnelle car elle permet:<\/p>\n\n\n\n<ul class=\"wp-block-list\">\n<li>la lecture de tout le contenu de l&rsquo;inventaire mis \u00e0 jour en temps r\u00e9el.<\/li>\n\n\n\n<li>l&rsquo;insertion des produits dans le panier et la confirmation de commande correspondante<\/li>\n<\/ul>\n\n\n\n<figure class=\"wp-block-image aligncenter size-full\"><img loading=\"lazy\" decoding=\"async\" width=\"601\" height=\"210\" src=\"https:\/\/dropshippingb2b.com\/wp-content\/uploads\/2022\/09\/schema_api_eng.jpeg\" alt=\"\" class=\"wp-image-4314\" srcset=\"https:\/\/dropshippingb2b.com\/wp-content\/uploads\/2022\/09\/schema_api_eng.jpeg 601w, https:\/\/dropshippingb2b.com\/wp-content\/uploads\/2022\/09\/schema_api_eng-300x105.jpeg 300w\" sizes=\"auto, (max-width: 601px) 100vw, 601px\" \/><\/figure>\n\n\n\n<p>Il s&rsquo;agit d&rsquo;un service web pouvant s&rsquo;interfacer avec n&rsquo;importe quel logiciel capable de g\u00e9rer des donn\u00e9es en lecture et \u00e9criture au format Json, ind\u00e9ndamment du language ou du syst\u00eame d&rsquo;exploitation utilis\u00e9.<\/p>\n\n\n\n<figure class=\"wp-block-image aligncenter size-full\"><img loading=\"lazy\" decoding=\"async\" width=\"735\" height=\"193\" src=\"https:\/\/dropshippingb2b.com\/wp-content\/uploads\/2022\/09\/api_schema1.jpeg\" alt=\"\" class=\"wp-image-4324\" srcset=\"https:\/\/dropshippingb2b.com\/wp-content\/uploads\/2022\/09\/api_schema1.jpeg 735w, https:\/\/dropshippingb2b.com\/wp-content\/uploads\/2022\/09\/api_schema1-300x79.jpeg 300w\" sizes=\"auto, (max-width: 735px) 100vw, 735px\" \/><\/figure>\n\n\n\n<p>Un guide complet pour une int\u00e9gration compl\u00e8te est disponible sur le lien suivant:<\/p>\n\n\n\n<div class=\"wp-block-buttons is-horizontal is-content-justification-center is-layout-flex wp-container-core-buttons-is-layout-1 wp-block-buttons-is-layout-flex\">\n<div class=\"wp-block-button\"><a class=\"wp-block-button__link wp-element-button\" href=\"https:\/\/dropshippingb2b.com\/api\/guide\/en\/\" target=\"_blank\" rel=\"noreferrer noopener\">CONSULTER LA DOCUMENTATION &gt;<\/a><\/div>\n<\/div>\n<\/div><\/div>\n\n\n\n<div style=\"height:30px\" aria-hidden=\"true\" class=\"wp-block-spacer\"><\/div>\n\n\n\n<div class=\"inherit-container-width wp-block-group has-background is-layout-constrained wp-block-group-is-layout-constrained\" style=\"background-color:#ffffff\"><div class=\"wp-block-group__inner-container\">\n<h3 class=\"wp-block-heading has-text-align-center\"><strong><strong>EXPORT CSV<\/strong><\/strong><\/h3>\n\n\n\n<p>En plus de l\u2019int\u00e9gration automatique par API (web server), un fichier exportable en CSV sra est mis \u00e0 disposition (<em>Comma Separated Values<\/em>) et vous permettra de t\u00e9l\u00e9charger manuellement notre catalogue.<\/p>\n\n\n\n<div style=\"height:20px\" aria-hidden=\"true\" class=\"wp-block-spacer\"><\/div>\n\n\n\n<p><meta charset=\"utf-8\">Le syst\u00e8me mettra le catalogue \u00e0 jour toutes les 2 heures selon cette structure:<\/p>\n\n\n\n<figure class=\"wp-block-image size-large\"><img loading=\"lazy\" decoding=\"async\" width=\"1024\" height=\"75\" src=\"https:\/\/dropshippingb2b.com\/wp-content\/uploads\/2022\/01\/export_file-1024x75.png\" alt=\"\" class=\"wp-image-3272\" srcset=\"https:\/\/dropshippingb2b.com\/wp-content\/uploads\/2022\/01\/export_file-1024x75.png 1024w, https:\/\/dropshippingb2b.com\/wp-content\/uploads\/2022\/01\/export_file-300x22.png 300w, https:\/\/dropshippingb2b.com\/wp-content\/uploads\/2022\/01\/export_file-768x56.png 768w, https:\/\/dropshippingb2b.com\/wp-content\/uploads\/2022\/01\/export_file.png 1200w\" sizes=\"auto, (max-width: 1024px) 100vw, 1024px\" \/><\/figure>\n\n\n\n<p><meta charset=\"utf-8\">Suite \u00e0 la souscription de votre abonnement, nous vous fournirons un Nom d&rsquo;utilisateur et un Mot de passe qui vous permettra d\u2019acc\u00e9der au notre catalogue produits.<\/p>\n\n\n\n<p>Maintenant, vous aurez deux fa\u00e7ons de t\u00e9l\u00e9charger le fichier:<\/p>\n\n\n\n<ol class=\"wp-block-list\">\n<li>Manuellement en se connectant \u00e0&nbsp;<a rel=\"noreferrer noopener\" href=\"https:\/\/dropshippingb2b.com\/export\/\" target=\"_blank\">https:\/\/dropshippingb2b.com\/export\/<\/a><\/li>\n\n\n\n<li>Automatiquement \u00e0 l&rsquo;aide d&rsquo;un appel de CURL (Pour d\u00e9veloppeur).<\/li>\n<\/ol>\n\n\n\n<div style=\"height:30px\" aria-hidden=\"true\" class=\"wp-block-spacer\"><\/div>\n\n\n\n<h4 class=\"wp-block-heading has-text-align-left\"><strong><strong>CURL appell Example<\/strong><\/strong><\/h4>\n\n\n\n<pre class=\"wp-block-code\"><code lang=\"bash\" class=\"language-bash\">curl -k --data \"data=username%3DUSERNAME%26password%3DPASSWORD%26pid%3Dpid\" \nhttps:\/\/dropshippingb2b.com\/export\/csv.php     <\/code><\/pre>\n\n\n\n<div style=\"height:30px\" aria-hidden=\"true\" class=\"wp-block-spacer\"><\/div>\n\n\n\n<h4 class=\"wp-block-heading has-text-align-left\">PHP EXAMPLE<\/h4>\n\n\n\n<pre class=\"wp-block-code\"><code lang=\"php\" class=\"language-php\">&lt;?php\n\n$params = array(\"username\" =&gt; \"YOUR USERNAME\",\n                \"password\" =&gt; \"YOUR PASSWORD\",\n                \"pid\"      =&gt; \"YOUR PORTAL ID NUMBER\");\n   \n\/*  PORTAL ID\n1    wwt.it\n2    b2buhren.de\n4    marcaspararevenda.com\n6    marcasalmayor.es\n7    b2bwatches.co.uk\n8    b2bhodinky.cz\n9    b2bmontres.fr\n10   b2bhorloges.nl\n11   emporiorologion.gr\n13   atacadodemarcas.com.br\n14   b2bsk.sk\n15   klockorb2b.se\n16   markihurt.pl\n*\/   \n   \n$params = http_build_query($params);\n$data = array('data' =&gt; $params);\n$ch = curl_init();\n\ncurl_setopt($ch, CURLOPT_URL, 'https:\/\/dropshippingb2b.com\/export\/csv.php');\ncurl_setopt($ch, CURLOPT_SSLVERSION , CURL_SSLVERSION_TLSv1_2);\ncurl_setopt($ch, CURLOPT_SSL_VERIFYPEER,FALSE);\ncurl_setopt($ch, CURLOPT_SSL_VERIFYHOST,2);\ncurl_setopt($ch, CURLOPT_POST, 1);\ncurl_setopt($ch, CURLOPT_RETURNTRANSFER, 1);\ncurl_setopt($ch, CURLOPT_POSTFIELDS, $data);\n\n$ce = curl_exec($ch); \/\/ $ce contain call response\ncurl_close($ch);   \necho $ce; \n?&gt; <\/code><\/pre>\n\n\n\n<div style=\"height:30px\" aria-hidden=\"true\" class=\"wp-block-spacer\"><\/div>\n\n\n\n<h4 class=\"wp-block-heading has-text-align-left\">VB .NET EXAMPLE<\/h4>\n\n\n\n<pre class=\"wp-block-code\"><code lang=\"visual-basic\" class=\"language-visual-basic\">Imports System\nImports System.Net\nImports System.Web\n\n\nPublic Module Module1\n    Public Sub Main()\n         Using client As New WebClient\n            Dim result As String\n            client.Encoding = System.Text.Encoding.UTF8\n            client.Headers.Add(\"Content-Type\", \"application\/x-www-form-urlencoded\")\n            result = client.UploadString(\"https:\/\/dropshippingb2b.com\/export\/csv.php\", \"data=\"\n + HttpUtility.UrlEncode(\"username=USERNAME&amp;password=PASSWORD&amp;pid=PORTAL ID\"))\n            Console.WriteLine(result)\n        End Using\n    End Sub\nEnd Module<\/code><\/pre>\n\n\n\n<p>NB: Le fichier CSV contient un champ pr\u00e9sent dans la derni\u00e8re colonne appel\u00e9e \u00ab\u00a0speed_shipping\u00a0\u00bb. Ce champ indique le d\u00e9lai de livraison pour chaque produit.<\/p>\n\n\n\n<ul class=\"wp-block-list\">\n<li><strong><strong>0 &#8211; Exp\u00e9dition lente<\/strong><\/strong><\/li>\n<\/ul>\n\n\n\n<p>Ce produit doit \u00eatre command\u00e9 aupr\u00e8s du distributeur officiel qui doit en confirmer la disponibilit\u00e9. Nous ne pouvons garantir \u00e0 100% la livraison et il faut compter jusqu&rsquo;\u00e0 10 jours ouvrables de d\u00e9lai de traitement. Nous recommandons fortement aux revendeurs dropshipping de ne pas int\u00e9grer ces produits dans leurs catalogues.<\/p>\n\n\n\n<ul class=\"wp-block-list\">\n<li><strong><strong>1 &#8211; Exp\u00e9dition standard<\/strong><\/strong><\/li>\n<\/ul>\n\n\n\n<p>Ce produit est en stock dans l\u2019entrep\u00f4t d\u2019un fournisseur partenaire : l&rsquo;exp\u00e9dition n\u00e9cessite une moyenne de 3 &#8211; 5 jours ouvrables et le taux de confirmation moyen est d&rsquo;environ 95%. En tant que produit de fournisseurs partenaires, le stock n&rsquo;est pas forc\u00e9ment mis \u00e0 jour en temps r\u00e9el. Afin d&rsquo;augmenter le taux de confirmation de commande, nous recommandons aux revendeurs dropshipping d&rsquo;appliquer un filtre \u00ab\u00a0&gt; X\u00a0\u00bb o\u00f9 \u00ab\u00a0X\u00a0\u00bb est une quantit\u00e9 disponible (par exemple, rendre les produits de fournisseurs partenaires visibles uniquement lorsque la quantit\u00e9 disponible est sup\u00e9rieure \u00e0 une certaine valeur).<\/p>\n\n\n\n<ul class=\"wp-block-list\">\n<li><strong><strong>2 &#8211; Exp\u00e9dition rapide<\/strong><\/strong><\/li>\n<\/ul>\n\n\n\n<p>Cet article sera exp\u00e9di\u00e9 en 24h &#8211; 48h. le taux moyen de confirmation de commande est de 100%. Toutes les commandes re\u00e7ues avant 12h00 peuvent \u00eatre exp\u00e9di\u00e9es le jour m\u00eame !<\/p>\n\n\n\n<p>Pour les clients qui revendent sur les Places de march\u00e9 imposant des r\u00e8gles strictes de livraison (Amazon, eBay, etc.), nous recommandons de croiser les donn\u00e9es contenues dans les colonnes M (id_supplier) et P (speed_shipping) afin de prioritaiser la mise en ligne de produits \u00e0 livraison rapide et optomiser ainsi le taux de confirmation de commande. N&rsquo;h\u00e9sitez pas \u00e0 nous contacter pour savoir comment filtrer ces donn\u00e9es en fonction de vos besoins.<\/p>\n<\/div><\/div>\n<\/div><\/div>\n\n\n\n<div class=\"inherit-container-width wp-block-group alignfull has-background is-layout-constrained wp-block-group-is-layout-constrained\" style=\"background-color:#fae4d6\"><div class=\"wp-block-group__inner-container\">\n<h3 class=\"has-text-align-center wp-block-heading\">ENCORE DES DOUTES ?<\/h3>\n\n\n\n<p class=\"has-text-align-center\">Consultez la foire aux questions ou parlez \u00e0 l&rsquo;un de nous<\/p>\n\n\n\n<div class=\"wp-block-columns is-layout-flex wp-container-core-columns-is-layout-1 wp-block-columns-is-layout-flex\">\n<div class=\"wp-block-column is-vertically-aligned-center is-layout-flow wp-block-column-is-layout-flow\">\n<div class=\"wp-block-buttons is-horizontal is-content-justification-center is-layout-flex wp-container-core-buttons-is-layout-2 wp-block-buttons-is-layout-flex\">\n<div class=\"wp-block-button is-style-outline is-style-outline--1\"><a class=\"wp-block-button__link has-text-color\" href=\"\/fr\/faq\" style=\"color:#e5742e\">VISITEZ LA FAQ<\/a><\/div>\n\n\n\n<div class=\"wp-block-button is-style-fill\"><a class=\"wp-block-button__link\" href=\"\/fr\/contacts\">NOUS CONTACTER<\/a><\/div>\n<\/div>\n<\/div>\n<\/div>\n<\/div><\/div>\n","protected":false},"excerpt":{"rendered":"<p>L&rsquo;importation int\u00e9grale des catalogues produits,&nbsp;t\u00e9l\u00e9chargeables soit manuellement via un flux statique (flux statique: fichier d&rsquo;export CSV, XML, JSON), soit automatiquement via un flux live (int\u00e9gration par API) permet d&rsquo;obtenir les informations suivantes pour chacune des&nbsp;r\u00e9f\u00e9rences: Contr\u00f4les facultatifs&nbsp;: Voici ci-dessous les principales diff\u00e9rences entre nos syst\u00e8mes d&rsquo;int\u00e9gration: INT\u00c9GRATION&nbsp;API Elle est bidirectionnelle car elle permet: Il s&rsquo;agit [&hellip;]<\/p>\n","protected":false},"author":1,"featured_media":0,"parent":0,"menu_order":0,"comment_status":"closed","ping_status":"closed","template":"","meta":{"inline_featured_image":false,"site-sidebar-layout":"default","site-content-layout":"plain-container","ast-site-content-layout":"normal-width-container","site-content-style":"unboxed","site-sidebar-style":"unboxed","ast-global-header-display":"","ast-banner-title-visibility":"","ast-main-header-display":"","ast-hfb-above-header-display":"","ast-hfb-below-header-display":"","ast-hfb-mobile-header-display":"","site-post-title":"disabled","ast-breadcrumbs-content":"","ast-featured-img":"","footer-sml-layout":"","theme-transparent-header-meta":"default","adv-header-id-meta":"","stick-header-meta":"","header-above-stick-meta":"","header-main-stick-meta":"","header-below-stick-meta":"","astra-migrate-meta-layouts":"set","ast-page-background-enabled":"default","ast-page-background-meta":{"desktop":{"background-color":"","background-image":"","background-repeat":"repeat","background-position":"center center","background-size":"auto","background-attachment":"scroll","background-type":"","background-media":"","overlay-type":"","overlay-color":"","overlay-opacity":"","overlay-gradient":""},"tablet":{"background-color":"","background-image":"","background-repeat":"repeat","background-position":"center center","background-size":"auto","background-attachment":"scroll","background-type":"","background-media":"","overlay-type":"","overlay-color":"","overlay-opacity":"","overlay-gradient":""},"mobile":{"background-color":"","background-image":"","background-repeat":"repeat","background-position":"center center","background-size":"auto","background-attachment":"scroll","background-type":"","background-media":"","overlay-type":"","overlay-color":"","overlay-opacity":"","overlay-gradient":""}},"ast-content-background-meta":{"desktop":{"background-color":"var(--ast-global-color-5)","background-image":"","background-repeat":"repeat","background-position":"center center","background-size":"auto","background-attachment":"scroll","background-type":"","background-media":"","overlay-type":"","overlay-color":"","overlay-opacity":"","overlay-gradient":""},"tablet":{"background-color":"var(--ast-global-color-5)","background-image":"","background-repeat":"repeat","background-position":"center center","background-size":"auto","background-attachment":"scroll","background-type":"","background-media":"","overlay-type":"","overlay-color":"","overlay-opacity":"","overlay-gradient":""},"mobile":{"background-color":"var(--ast-global-color-5)","background-image":"","background-repeat":"repeat","background-position":"center center","background-size":"auto","background-attachment":"scroll","background-type":"","background-media":"","overlay-type":"","overlay-color":"","overlay-opacity":"","overlay-gradient":""}},"footnotes":""},"class_list":["post-1315","page","type-page","status-publish","hentry"],"_links":{"self":[{"href":"https:\/\/dropshippingb2b.com\/fr\/wp-json\/wp\/v2\/pages\/1315","targetHints":{"allow":["GET"]}}],"collection":[{"href":"https:\/\/dropshippingb2b.com\/fr\/wp-json\/wp\/v2\/pages"}],"about":[{"href":"https:\/\/dropshippingb2b.com\/fr\/wp-json\/wp\/v2\/types\/page"}],"author":[{"embeddable":true,"href":"https:\/\/dropshippingb2b.com\/fr\/wp-json\/wp\/v2\/users\/1"}],"replies":[{"embeddable":true,"href":"https:\/\/dropshippingb2b.com\/fr\/wp-json\/wp\/v2\/comments?post=1315"}],"version-history":[{"count":12,"href":"https:\/\/dropshippingb2b.com\/fr\/wp-json\/wp\/v2\/pages\/1315\/revisions"}],"predecessor-version":[{"id":8218,"href":"https:\/\/dropshippingb2b.com\/fr\/wp-json\/wp\/v2\/pages\/1315\/revisions\/8218"}],"wp:attachment":[{"href":"https:\/\/dropshippingb2b.com\/fr\/wp-json\/wp\/v2\/media?parent=1315"}],"curies":[{"name":"wp","href":"https:\/\/api.w.org\/{rel}","templated":true}]}}