{"id":1113,"date":"2021-07-13T21:57:05","date_gmt":"2021-07-13T21:57:05","guid":{"rendered":"https:\/\/dsb2b.assemblyweb.net\/web-platform"},"modified":"2023-02-04T16:41:11","modified_gmt":"2023-02-04T15:41:11","slug":"dropshipping-admin","status":"publish","type":"page","link":"https:\/\/dropshippingb2b.com\/fr\/dropshipping-admin","title":{"rendered":"Dropshipping Admin"},"content":{"rendered":"\n<div class=\"wp-block-cover alignfull\" style=\"min-height:350px;aspect-ratio:unset;\"><span aria-hidden=\"true\" class=\"wp-block-cover__background has-background-dim-0 has-background-dim\"><\/span><img loading=\"lazy\" decoding=\"async\" width=\"1200\" height=\"1600\" class=\"wp-block-cover__image-background wp-image-2834\" alt=\"\" src=\"https:\/\/dropshippingb2b.com\/wp-content\/uploads\/2022\/01\/wwtech-portada-duotone.jpg\" data-object-fit=\"cover\" srcset=\"https:\/\/dropshippingb2b.com\/wp-content\/uploads\/2022\/01\/wwtech-portada-duotone.jpg 1200w, https:\/\/dropshippingb2b.com\/wp-content\/uploads\/2022\/01\/wwtech-portada-duotone-225x300.jpg 225w, https:\/\/dropshippingb2b.com\/wp-content\/uploads\/2022\/01\/wwtech-portada-duotone-768x1024.jpg 768w, https:\/\/dropshippingb2b.com\/wp-content\/uploads\/2022\/01\/wwtech-portada-duotone-1152x1536.jpg 1152w, https:\/\/dropshippingb2b.com\/wp-content\/uploads\/2022\/01\/wwtech-portada-duotone-300x400.jpg 300w\" sizes=\"auto, (max-width: 1200px) 100vw, 1200px\" \/><div class=\"wp-block-cover__inner-container is-layout-flow wp-block-cover-is-layout-flow\">\n<h2 class=\"has-text-color has-huge-font-size wp-block-heading\" style=\"color:#ffffff\"><strong>Software online<\/strong>: La plateforme<\/h2>\n<\/div><\/div>\n\n\n\n<div class=\"inherit-container-width wp-block-group alignfull has-background is-layout-constrained wp-block-group-is-layout-constrained\" style=\"background-color:#f6f6f6\"><div class=\"wp-block-group__inner-container\">\n<div class=\"inherit-container-width wp-block-group has-background is-layout-constrained wp-block-group-is-layout-constrained\" style=\"background-color:#ffffff\"><div class=\"wp-block-group__inner-container\">\n<h3 class=\"has-text-align-center wp-block-heading\">Diff\u00e9rences site de vente en gros VS plate-forme Dropshipping<br><\/h3>\n\n\n\n<figure class=\"wp-block-image aligncenter size-large is-resized\"><img loading=\"lazy\" decoding=\"async\" src=\"https:\/\/dropshippingb2b.com\/wp-content\/uploads\/2022\/09\/ingrosso_vs_piattaforma_en-1024x604.png\" alt=\"\" class=\"wp-image-4267\" width=\"768\" height=\"453\" srcset=\"https:\/\/dropshippingb2b.com\/wp-content\/uploads\/2022\/09\/ingrosso_vs_piattaforma_en-1024x604.png 1024w, https:\/\/dropshippingb2b.com\/wp-content\/uploads\/2022\/09\/ingrosso_vs_piattaforma_en-300x177.png 300w, https:\/\/dropshippingb2b.com\/wp-content\/uploads\/2022\/09\/ingrosso_vs_piattaforma_en-768x453.png 768w, https:\/\/dropshippingb2b.com\/wp-content\/uploads\/2022\/09\/ingrosso_vs_piattaforma_en.png 1200w\" sizes=\"auto, (max-width: 768px) 100vw, 768px\" \/><\/figure>\n<\/div><\/div>\n\n\n\n<div style=\"height:20px\" aria-hidden=\"true\" class=\"wp-block-spacer\"><\/div>\n\n\n\n<div class=\"inherit-container-width wp-block-group has-background is-layout-constrained wp-block-group-is-layout-constrained\" style=\"background-color:#ffffff\"><div class=\"wp-block-group__inner-container\">\n<h3 class=\"has-text-align-center wp-block-heading\">Tutoriel vid\u00e9o<\/h3>\n\n\n\n<p class=\"has-text-align-center\"><strong><strong>VID\u00c9O YOUTUBE TUTORIAL EST EN LANGUE ITALIENNE AVEC SOUS-TITRES FRAN\u00c7AIS<\/strong><\/strong><\/p>\n\n\n\n<figure class=\"wp-block-embed is-type-video is-provider-youtube wp-block-embed-youtube wp-embed-aspect-16-9 wp-has-aspect-ratio\"><div class=\"wp-block-embed__wrapper\">\n<div class=\"ast-oembed-container \" style=\"height: 100%;\"><iframe loading=\"lazy\" title=\"Tutorial: Software Dropshipping WWTech\" width=\"500\" height=\"281\" src=\"https:\/\/www.youtube.com\/embed\/giRg_5MZmXg?feature=oembed\" frameborder=\"0\" allow=\"accelerometer; autoplay; clipboard-write; encrypted-media; gyroscope; picture-in-picture; web-share\" referrerpolicy=\"strict-origin-when-cross-origin\" allowfullscreen><\/iframe><\/div>\n<\/div><\/figure>\n\n\n\n<p>L&rsquo;interface d&rsquo;administration permet la gestion compl\u00e8te du Dropshipping: elle est utilis\u00e9e par la logistique dans la gestion des exp\u00e9ditions des produits \u00e0 destination des clients B2C. La remont\u00e9e des donn\u00e9es clients B2C peut s\u2019effectuer automatiquement via l&rsquo;int\u00e9gration API ou manuellement par le Revendeur B2C.<\/p>\n\n\n\n<div class=\"wp-block-media-text alignwide is-stacked-on-mobile webplatform-mediatext\" style=\"grid-template-columns:15% auto\"><figure class=\"wp-block-media-text__media\"><img loading=\"lazy\" decoding=\"async\" width=\"202\" height=\"103\" src=\"https:\/\/dropshippingb2b.com\/wp-content\/uploads\/2022\/01\/icona_dashboard.jpg\" alt=\"\" class=\"wp-image-3128 size-medium\" srcset=\"https:\/\/dropshippingb2b.com\/wp-content\/uploads\/2022\/01\/icona_dashboard.jpg 202w, https:\/\/dropshippingb2b.com\/wp-content\/uploads\/2022\/01\/icona_dashboard-200x103.jpg 200w\" sizes=\"auto, (max-width: 202px) 100vw, 202px\" \/><\/figure><div class=\"wp-block-media-text__content\">\n<p class=\"mt-0 has-medium-font-size\"><strong>Dashboard<\/strong>:<\/p>\n\n\n\n<p>La Dashboard est la page d\u2019accueil de la plateforme: celle-ci contient le r\u00e9sum\u00e9 des donn\u00e9es principales ainsi que le d\u00e9roulement des commandes (total commandes ouvertes\/ferm\u00e9es et les messages internes \u00e0 lire).<\/p>\n<\/div><\/div>\n\n\n\n<hr class=\"wp-block-separator has-css-opacity alignwide custom-line\"\/>\n\n\n\n<div class=\"wp-block-media-text alignwide is-stacked-on-mobile webplatform-mediatext\" style=\"grid-template-columns:15% auto\"><figure class=\"wp-block-media-text__media\"><img loading=\"lazy\" decoding=\"async\" width=\"190\" height=\"89\" src=\"https:\/\/dropshippingb2b.com\/wp-content\/uploads\/2022\/01\/icona_shopping_cart.jpg\" alt=\"\" class=\"wp-image-3141 size-medium\"\/><\/figure><div class=\"wp-block-media-text__content\">\n<p class=\"mt-0 has-medium-font-size\"><strong>Shopping Cart<\/strong>:<\/p>\n\n\n\n<p>outil permettant de commander les produits relatifs \u00e0 vos clients B2C.<\/p>\n<\/div><\/div>\n\n\n\n<hr class=\"wp-block-separator has-css-opacity alignfull custom-line\"\/>\n\n\n\n<div class=\"wp-block-media-text alignwide is-stacked-on-mobile webplatform-mediatext\" style=\"grid-template-columns:15% auto\"><figure class=\"wp-block-media-text__media\"><img loading=\"lazy\" decoding=\"async\" width=\"149\" height=\"72\" src=\"https:\/\/dropshippingb2b.com\/wp-content\/uploads\/2022\/01\/order.jpg\" alt=\"\" class=\"wp-image-3154 size-medium\"\/><\/figure><div class=\"wp-block-media-text__content\">\n<p class=\"mt-0 has-medium-font-size\"><strong>Order<\/strong>:<\/p>\n\n\n\n<p>contient les commandes B2C confirm\u00e9es et permet la gestion du traitement des commandes en relation avec la Logistique.<\/p>\n<\/div><\/div>\n\n\n\n<hr class=\"wp-block-separator has-css-opacity alignwide custom-line\"\/>\n\n\n\n<div class=\"wp-block-media-text alignwide is-stacked-on-mobile webplatform-mediatext\" style=\"grid-template-columns:15% auto\"><figure class=\"wp-block-media-text__media\"><img loading=\"lazy\" decoding=\"async\" width=\"191\" height=\"92\" src=\"https:\/\/dropshippingb2b.com\/wp-content\/uploads\/2022\/01\/icona_messages.jpg\" alt=\"\" class=\"wp-image-3167 size-medium\"\/><\/figure><div class=\"wp-block-media-text__content\">\n<p class=\"mt-0 has-medium-font-size\"><strong>Messages<\/strong>:<\/p>\n\n\n\n<p>\u00e0 chaque article command\u00e9 correspond un espace de messagerie afin de pouvoir communiquer avec la Logistique, soit la possibilit\u00e9 de joindre des documents pour chaque commande individuelle B2C (ex: facture client B2C, coupons promotionnels, carte de v\u0153ux etc.)<\/p>\n<\/div><\/div>\n\n\n\n<div style=\"height:70px\" aria-hidden=\"true\" class=\"wp-block-spacer\"><\/div>\n\n\n\n<figure class=\"wp-block-image aligncenter size-large\"><img loading=\"lazy\" decoding=\"async\" width=\"1024\" height=\"595\" src=\"https:\/\/dropshippingb2b.com\/wp-content\/uploads\/2022\/01\/dropshipping_admin-1024x595.jpg\" alt=\"\" class=\"wp-image-3191\" srcset=\"https:\/\/dropshippingb2b.com\/wp-content\/uploads\/2022\/01\/dropshipping_admin-1024x595.jpg 1024w, https:\/\/dropshippingb2b.com\/wp-content\/uploads\/2022\/01\/dropshipping_admin-300x174.jpg 300w, https:\/\/dropshippingb2b.com\/wp-content\/uploads\/2022\/01\/dropshipping_admin-768x446.jpg 768w, https:\/\/dropshippingb2b.com\/wp-content\/uploads\/2022\/01\/dropshipping_admin.jpg 1200w\" sizes=\"auto, (max-width: 1024px) 100vw, 1024px\" \/><\/figure>\n\n\n\n<p class=\"has-text-align-center\">L&rsquo;interface d&rsquo;Administration est RESPONSIVE et s&rsquo;adapte automatiquement \u00e0 l\u2019appareil \u00e9lectronique utilis\u00e9. Elle est accessible avec Login et Password fourni \u00e0 la signature du contrat sur le lien suivant:<\/p>\n\n\n\n<div class=\"wp-block-buttons is-horizontal is-content-justification-center is-layout-flex wp-container-core-buttons-is-layout-1 wp-block-buttons-is-layout-flex\">\n<div class=\"wp-block-button\"><a class=\"wp-block-button__link wp-element-button\" href=\"https:\/\/www.dropshippingb2b.com\/admin\/\" target=\"_blank\" rel=\"noreferrer noopener\">D\u00e9couvrir la plate-forme<\/a><\/div>\n<\/div>\n\n\n\n<figure class=\"wp-block-image aligncenter size-full\"><img loading=\"lazy\" decoding=\"async\" width=\"963\" height=\"682\" src=\"https:\/\/dropshippingb2b.com\/wp-content\/uploads\/2022\/01\/admin_2.png\" alt=\"\" class=\"wp-image-3204\" srcset=\"https:\/\/dropshippingb2b.com\/wp-content\/uploads\/2022\/01\/admin_2.png 963w, https:\/\/dropshippingb2b.com\/wp-content\/uploads\/2022\/01\/admin_2-300x212.png 300w, https:\/\/dropshippingb2b.com\/wp-content\/uploads\/2022\/01\/admin_2-768x544.png 768w\" sizes=\"auto, (max-width: 963px) 100vw, 963px\" \/><\/figure>\n\n\n\n<div class=\"wp-block-buttons is-horizontal is-content-justification-center is-layout-flex wp-container-core-buttons-is-layout-2 wp-block-buttons-is-layout-flex\">\n<div class=\"wp-block-button\"><a class=\"wp-block-button__link wp-element-button\" href=\"\/wp-content\/uploads\/2022\/09\/dropshippingb2b_user_guide_eng.pdf\" target=\"_blank\" rel=\"noreferrer noopener\">T\u00e9l\u00e9charge notre guide PDF<\/a><\/div>\n<\/div>\n<\/div><\/div>\n<\/div><\/div>\n\n\n\n<div class=\"inherit-container-width wp-block-group alignfull has-background is-layout-constrained wp-block-group-is-layout-constrained\" style=\"background-color:#fae4d6\"><div class=\"wp-block-group__inner-container\">\n<h3 class=\"has-text-align-center wp-block-heading\">ENCORE DES DOUTES ?<\/h3>\n\n\n\n<p class=\"has-text-align-center\">Consultez la foire aux questions ou parlez \u00e0 l&rsquo;un de nous<\/p>\n\n\n\n<div class=\"wp-block-columns is-layout-flex wp-container-core-columns-is-layout-1 wp-block-columns-is-layout-flex\">\n<div class=\"wp-block-column is-vertically-aligned-center is-layout-flow wp-block-column-is-layout-flow\">\n<div class=\"wp-block-buttons is-horizontal is-content-justification-center is-layout-flex wp-container-core-buttons-is-layout-3 wp-block-buttons-is-layout-flex\">\n<div class=\"wp-block-button is-style-outline is-style-outline--1\"><a class=\"wp-block-button__link has-text-color\" href=\"\/fr\/faq\" style=\"color:#e5742e\">VISITEZ LA FAQ<\/a><\/div>\n\n\n\n<div class=\"wp-block-button is-style-fill\"><a class=\"wp-block-button__link\" href=\"\/fr\/contacts\">NOUS CONTACTER<\/a><\/div>\n<\/div>\n<\/div>\n<\/div>\n<\/div><\/div>\n","protected":false},"excerpt":{"rendered":"<p>Diff\u00e9rences site de vente en gros VS plate-forme Dropshipping Tutoriel vid\u00e9o VID\u00c9O YOUTUBE TUTORIAL EST EN LANGUE ITALIENNE AVEC SOUS-TITRES FRAN\u00c7AIS L&rsquo;interface d&rsquo;administration permet la gestion compl\u00e8te du Dropshipping: elle est utilis\u00e9e par la logistique dans la gestion des exp\u00e9ditions des produits \u00e0 destination des clients B2C. La remont\u00e9e des donn\u00e9es clients B2C peut s\u2019effectuer [&hellip;]<\/p>\n","protected":false},"author":1,"featured_media":0,"parent":0,"menu_order":0,"comment_status":"closed","ping_status":"closed","template":"","meta":{"inline_featured_image":false,"site-sidebar-layout":"default","site-content-layout":"plain-container","ast-site-content-layout":"","site-content-style":"default","site-sidebar-style":"default","ast-global-header-display":"","ast-banner-title-visibility":"","ast-main-header-display":"","ast-hfb-above-header-display":"","ast-hfb-below-header-display":"","ast-hfb-mobile-header-display":"","site-post-title":"disabled","ast-breadcrumbs-content":"","ast-featured-img":"","footer-sml-layout":"","theme-transparent-header-meta":"default","adv-header-id-meta":"","stick-header-meta":"","header-above-stick-meta":"","header-main-stick-meta":"","header-below-stick-meta":"","astra-migrate-meta-layouts":"default","ast-page-background-enabled":"default","ast-page-background-meta":{"desktop":{"background-color":"","background-image":"","background-repeat":"repeat","background-position":"center center","background-size":"auto","background-attachment":"scroll","background-type":"","background-media":"","overlay-type":"","overlay-color":"","overlay-opacity":"","overlay-gradient":""},"tablet":{"background-color":"","background-image":"","background-repeat":"repeat","background-position":"center center","background-size":"auto","background-attachment":"scroll","background-type":"","background-media":"","overlay-type":"","overlay-color":"","overlay-opacity":"","overlay-gradient":""},"mobile":{"background-color":"","background-image":"","background-repeat":"repeat","background-position":"center center","background-size":"auto","background-attachment":"scroll","background-type":"","background-media":"","overlay-type":"","overlay-color":"","overlay-opacity":"","overlay-gradient":""}},"ast-content-background-meta":{"desktop":{"background-color":"var(--ast-global-color-5)","background-image":"","background-repeat":"repeat","background-position":"center center","background-size":"auto","background-attachment":"scroll","background-type":"","background-media":"","overlay-type":"","overlay-color":"","overlay-opacity":"","overlay-gradient":""},"tablet":{"background-color":"var(--ast-global-color-5)","background-image":"","background-repeat":"repeat","background-position":"center center","background-size":"auto","background-attachment":"scroll","background-type":"","background-media":"","overlay-type":"","overlay-color":"","overlay-opacity":"","overlay-gradient":""},"mobile":{"background-color":"var(--ast-global-color-5)","background-image":"","background-repeat":"repeat","background-position":"center center","background-size":"auto","background-attachment":"scroll","background-type":"","background-media":"","overlay-type":"","overlay-color":"","overlay-opacity":"","overlay-gradient":""}},"footnotes":""},"class_list":["post-1113","page","type-page","status-publish","hentry"],"_links":{"self":[{"href":"https:\/\/dropshippingb2b.com\/fr\/wp-json\/wp\/v2\/pages\/1113","targetHints":{"allow":["GET"]}}],"collection":[{"href":"https:\/\/dropshippingb2b.com\/fr\/wp-json\/wp\/v2\/pages"}],"about":[{"href":"https:\/\/dropshippingb2b.com\/fr\/wp-json\/wp\/v2\/types\/page"}],"author":[{"embeddable":true,"href":"https:\/\/dropshippingb2b.com\/fr\/wp-json\/wp\/v2\/users\/1"}],"replies":[{"embeddable":true,"href":"https:\/\/dropshippingb2b.com\/fr\/wp-json\/wp\/v2\/comments?post=1113"}],"version-history":[{"count":7,"href":"https:\/\/dropshippingb2b.com\/fr\/wp-json\/wp\/v2\/pages\/1113\/revisions"}],"predecessor-version":[{"id":7448,"href":"https:\/\/dropshippingb2b.com\/fr\/wp-json\/wp\/v2\/pages\/1113\/revisions\/7448"}],"wp:attachment":[{"href":"https:\/\/dropshippingb2b.com\/fr\/wp-json\/wp\/v2\/media?parent=1113"}],"curies":[{"name":"wp","href":"https:\/\/api.w.org\/{rel}","templated":true}]}}