{"id":1009,"date":"2021-07-07T14:04:42","date_gmt":"2021-07-07T14:04:42","guid":{"rendered":"https:\/\/dsb2b.assemblyweb.net\/services"},"modified":"2024-02-07T16:36:02","modified_gmt":"2024-02-07T15:36:02","slug":"nos-services","status":"publish","type":"page","link":"https:\/\/dropshippingb2b.com\/fr\/nos-services","title":{"rendered":"Nos services\ufffc"},"content":{"rendered":"\n<div class=\"wp-block-cover alignfull\" style=\"min-height:350px;aspect-ratio:unset;\"><span aria-hidden=\"true\" class=\"wp-block-cover__background has-background-dim-0 has-background-dim\"><\/span><img loading=\"lazy\" decoding=\"async\" width=\"1200\" height=\"1600\" class=\"wp-block-cover__image-background wp-image-2834\" alt=\"\" src=\"https:\/\/dropshippingb2b.com\/wp-content\/uploads\/2022\/01\/wwtech-portada-duotone.jpg\" data-object-fit=\"cover\" srcset=\"https:\/\/dropshippingb2b.com\/wp-content\/uploads\/2022\/01\/wwtech-portada-duotone.jpg 1200w, https:\/\/dropshippingb2b.com\/wp-content\/uploads\/2022\/01\/wwtech-portada-duotone-225x300.jpg 225w, https:\/\/dropshippingb2b.com\/wp-content\/uploads\/2022\/01\/wwtech-portada-duotone-768x1024.jpg 768w, https:\/\/dropshippingb2b.com\/wp-content\/uploads\/2022\/01\/wwtech-portada-duotone-1152x1536.jpg 1152w, https:\/\/dropshippingb2b.com\/wp-content\/uploads\/2022\/01\/wwtech-portada-duotone-300x400.jpg 300w\" sizes=\"auto, (max-width: 1200px) 100vw, 1200px\" \/><div class=\"wp-block-cover__inner-container is-layout-flow wp-block-cover-is-layout-flow\">\n<h2 class=\"wp-block-heading has-text-color has-huge-font-size\" style=\"color:#ffffff\">Nos services de dropshipping<\/h2>\n<\/div><\/div>\n\n\n\n<div class=\"inherit-container-width wp-block-group alignfull has-background is-layout-constrained wp-block-group-is-layout-constrained\" style=\"background-color:#f6f6f6\"><div class=\"wp-block-group__inner-container\">\n<div class=\"inherit-container-width wp-block-group mt--50 has-background is-layout-constrained wp-block-group-is-layout-constrained\" style=\"background-color:#ffffff\"><div class=\"wp-block-group__inner-container\">\n<p class=\"has-text-align-center\">B2bmontres propose diff\u00e9rentes solutions d&rsquo;int\u00e9gration. D\u00e9couvrez les ici!<\/p>\n\n\n\n<div style=\"height:30px\" aria-hidden=\"true\" class=\"wp-block-spacer\"><\/div>\n\n\n\n<figure class=\"wp-block-image aligncenter size-full is-resized\"><img loading=\"lazy\" decoding=\"async\" src=\"https:\/\/dropshippingb2b.com\/wp-content\/uploads\/2022\/09\/ds_dataflow.png\" alt=\"\" class=\"wp-image-5402\" width=\"180\" height=\"170\"\/><\/figure>\n\n\n\n<h4 class=\"wp-block-heading has-text-align-center\"><strong>FLUX TENDU:<\/strong><\/h4>\n\n\n\n<h5 class=\"wp-block-heading has-text-align-center\"><strong><strong>ABBONNEMENT FLUX TENDU&nbsp;+&nbsp;50%&nbsp;REMISE SUR LES FRAIS LOGISTIQUES<\/strong><\/strong><\/h5>\n\n\n\n<p class=\"has-text-align-center\">Il s&rsquo;agit d&rsquo;un service permettant de mettre en place un v\u00e9ritable flux tendu entre votre E-commerce et notre entrep\u00f4t.<br>Le Service Flux Tendu donne&nbsp;acc\u00e8s au flux&nbsp;produit int\u00e9gral du catalogue B2bmontres tout en vous laissant g\u00e9r\u00e9r les livraisons vers vos clients finaux.<br>Contrairement au Dropshipping, B2montres livrera directement votre entrepot pour que vous puissiez ensuite livrer vous-m\u00eames vos propres clients.<\/p>\n\n\n\n<div style=\"height:30px\" aria-hidden=\"true\" class=\"wp-block-spacer\"><\/div>\n\n\n\n<div class=\"wp-block-columns is-layout-flex wp-container-core-columns-is-layout-1 wp-block-columns-is-layout-flex\">\n<div class=\"wp-block-column is-layout-flow wp-block-column-is-layout-flow\">\n<h5 class=\"wp-block-heading has-text-align-center\">Le flux produits<\/h5>\n\n\n\n<p class=\"has-text-align-center\">int\u00e9gral du catalogue B2bmontres<\/p>\n<\/div>\n\n\n\n<div class=\"wp-block-column is-layout-flow wp-block-column-is-layout-flow\">\n<h5 class=\"wp-block-heading has-text-align-center\"><strong>Remise frais logistiques<\/strong><\/h5>\n\n\n\n<p class=\"has-text-align-center\">si le min. de commande de 300.00\u20ac impos\u00e9 sur B2bmontres n&rsquo;est pas atteint, vous b\u00e9n\u00e9ficierez&nbsp;d&rsquo;une remise de 50% sur les frais logistiques de 20.00\u20ac qui sont habituellemnt appliqu\u00e9s aux clients non inscrits au service DATA FLUX.&nbsp;<\/p>\n<\/div>\n\n\n\n<div class=\"wp-block-column is-layout-flow wp-block-column-is-layout-flow\">\n<h5 class=\"wp-block-heading has-text-align-center\">G<strong><strong>ratuit\u00e9 du service<\/strong><\/strong><\/h5>\n\n\n\n<p class=\"has-text-align-center\">avec seulement 1.000,00\u20ac*&nbsp;de ventes par mois, en fin de trimestre nous \u00e9mettons un avoir correspondant au c\u00f4ut du service souscris (150,00\u20ac Ht \/trimestre)<\/p>\n<\/div>\n<\/div>\n\n\n\n<div style=\"height:30px\" aria-hidden=\"true\" class=\"wp-block-spacer\"><\/div>\n\n\n\n<p><em><em>*l&rsquo;import sera calcul\u00e9 sur base trimestrielle,&nbsp;hors TVA et frais annexes<\/em><\/em><\/p>\n\n\n\n<div style=\"height:30px\" aria-hidden=\"true\" class=\"wp-block-spacer\"><\/div>\n\n\n\n<div class=\"wp-block-buttons is-horizontal is-content-justification-center is-layout-flex wp-container-core-buttons-is-layout-1 wp-block-buttons-is-layout-flex\">\n<div class=\"wp-block-button\"><a class=\"wp-block-button__link wp-element-button\" href=\"\/it\/checkout\/?add-to-cart=2444&amp;quantity=1\">ABONNEZ-VOUS MAINTENANT<\/a><\/div>\n<\/div>\n\n\n\n<div style=\"height:30px\" aria-hidden=\"true\" class=\"wp-block-spacer\"><\/div>\n<\/div><\/div>\n<\/div><\/div>\n\n\n\n<div class=\"inherit-container-width wp-block-group alignfull has-background is-layout-constrained wp-block-group-is-layout-constrained\" style=\"background-color:#f6f6f6\"><div class=\"wp-block-group__inner-container\">\n<div class=\"inherit-container-width wp-block-group mt--100 has-background is-layout-constrained wp-block-group-is-layout-constrained\" style=\"background-color:#ffffff\"><div class=\"wp-block-group__inner-container\">\n<div style=\"height:30px\" aria-hidden=\"true\" class=\"wp-block-spacer\"><\/div>\n\n\n\n<figure class=\"wp-block-image aligncenter size-full is-resized\"><img loading=\"lazy\" decoding=\"async\" src=\"https:\/\/dropshippingb2b.com\/wp-content\/uploads\/2022\/01\/ds_dropshipping.png\" alt=\"\" class=\"wp-image-2969\" width=\"180\" height=\"170\"\/><\/figure>\n\n\n\n<h4 class=\"wp-block-heading has-text-align-center\">DROPSHIPPING:<\/h4>\n\n\n\n<h5 class=\"wp-block-heading has-text-align-center\"><strong><strong>ABBONNEMENT DATA FLUX&nbsp;+ DROPSHIPPING + PLATE-FORME + GRATUITE&nbsp;SUR LES FRAIS<\/strong><\/strong><\/h5>\n\n\n\n<p class=\"has-text-align-center\">Le service 100% DROPSHIPPING qui met \u00e0 disposition tous les outils techniques n\u00e9cessaires \u00e0 une int\u00e9gration compl\u00e8te entre B2bmontres et la plate-forme E-commerce du revendeur. Il s&rsquo;agit d&rsquo;un service autorisant la lecture des donn\u00e9es et l&rsquo;acquisition structur\u00e9es des commandes,&nbsp;ce qui permet non seulement d&rsquo;acc\u00e9der aux catalogues B2bmontrs mais aussi d&rsquo;automatiser par flux la remont\u00e9e des donn\u00e9es correspondantes aux commandes clients re\u00e7ues par votre soci\u00e9t\u00e9 et ce, directement dans votre interface Dropshiping.<\/p>\n\n\n\n<div style=\"height:30px\" aria-hidden=\"true\" class=\"wp-block-spacer\"><\/div>\n\n\n\n<div class=\"wp-block-columns is-layout-flex wp-container-core-columns-is-layout-2 wp-block-columns-is-layout-flex\">\n<div class=\"wp-block-column is-layout-flow wp-block-column-is-layout-flow\">\n<h5 class=\"wp-block-heading has-text-align-center\">Le flux de donn\u00e9es produits<\/h5>\n\n\n\n<p class=\"has-text-align-center\">acc\u00e8s \u00e0 l&rsquo;int\u00e9gralit\u00e9 de la base de donn\u00e9es des produits disponibles (lecture)<\/p>\n<\/div>\n\n\n\n<div class=\"wp-block-column is-layout-flow wp-block-column-is-layout-flow\">\n<h5 class=\"wp-block-heading has-text-align-center\">Le flux de commandes clients<\/h5>\n\n\n\n<p class=\"has-text-align-center\">La possibilit\u00e9 pour votre soci\u00e9t\u00e9 de transf\u00e9rer automatiquement ou manuellement (via la plateforme API DropshippingB2B) le flux des commandes re\u00e7ues de la part des clients particuliers directement dans votre interface Dropshipping qui communique directement avec notre logistique.<\/p>\n<\/div>\n\n\n\n<div class=\"wp-block-column is-layout-flow wp-block-column-is-layout-flow\">\n<h5 class=\"wp-block-heading has-text-align-center\">Interface d\u00e9di\u00e9e<\/h5>\n\n\n\n<p class=\"has-text-align-center\">un v\u00e9ritable site parall\u00e8le qui vous est exclusivement r\u00e9serv\u00e9 et pouvant \u00eatre utilis\u00e9 par votre soci\u00e9t\u00e9 afin de g\u00e9rer X commandes clients \u00e0 travers un seul bon de commande.<\/p>\n<\/div>\n<\/div>\n\n\n\n<div class=\"wp-block-columns is-layout-flex wp-container-core-columns-is-layout-3 wp-block-columns-is-layout-flex\">\n<div class=\"wp-block-column is-layout-flow wp-block-column-is-layout-flow\">\n<h5 class=\"wp-block-heading has-text-align-center\">Coop\u00e9ration logistique<\/h5>\n\n\n\n<p class=\"has-text-align-center\">nous vous accordons la possibilit\u00e9 d&rsquo;utiliser notre logistique avec votre compte propre compte transporteur afin d&rsquo;exp\u00e9dier directement les commandes aux clients particuliers. Notre logistique peut \u00e9galement traiter des demandes peronnalis\u00e9es comme: utiliser votre cartonnage, flyers, tampos etc&#8230;<br><strong>***<\/strong>NB:&nbsp;Les tarifs sont pr\u00e9cis\u00e9s en bas de cette page dans la section \u00ab\u00a0Logistique\u00a0\u00bb<\/p>\n<\/div>\n\n\n\n<div class=\"wp-block-column is-layout-flow wp-block-column-is-layout-flow\">\n<h5 class=\"wp-block-heading has-text-align-center\">Le \u00ab\u00a0panier reel\u00a0\u00bb<\/h5>\n\n\n\n<p class=\"has-text-align-center\">et sa r\u00e9servation de produits: que ce soit manuellement ou automatiquement&nbsp;\u00e0 travers l&rsquo;API,&nbsp;les produits inclus dans votre panier sont imm\u00e9diatement retir\u00e9s de notre stock en ligne, avant m\u00eame la confirmation finale de la commande et ce afin de vous \u00e9viter tout risque de rupture de stock. En cas de modification ou d&rsquo;annulation de commande avant validation du panier, les articles seront automatiquement r\u00e9ins\u00e9r\u00e9s dans le syst\u00e8me sans aucun frais suppl\u00e9mentaire.<\/p>\n<\/div>\n\n\n\n<div class=\"wp-block-column is-layout-flow wp-block-column-is-layout-flow\">\n<h5 class=\"wp-block-heading has-text-align-center\"><strong>Gratuit\u00e9 sur les frais logistiques<\/strong><\/h5>\n\n\n\n<p class=\"has-text-align-center\">aucun min d&rsquo;achat n&rsquo;est impos\u00e9, aucun surc\u00f4ut ne sera factur\u00e9.&nbsp;<\/p>\n<\/div>\n<\/div>\n\n\n\n<div class=\"wp-block-columns is-layout-flex wp-container-core-columns-is-layout-4 wp-block-columns-is-layout-flex\">\n<div class=\"wp-block-column is-layout-flow wp-block-column-is-layout-flow\"><\/div>\n\n\n\n<div class=\"wp-block-column is-layout-flow wp-block-column-is-layout-flow\">\n<h5 class=\"wp-block-heading has-text-align-center\"><strong>Gratuit\u00e9 totale du service<\/strong><\/h5>\n\n\n\n<p class=\"has-text-align-center\">avec seulement 2.000,00\u20ac*&nbsp;de ventes par mois, en fin de trimestre nous \u00e9mettons un avoir correspondant au c\u00f4ut du service souscris (300,00\u20ac Ht \/trimestre)<\/p>\n<\/div>\n\n\n\n<div class=\"wp-block-column is-layout-flow wp-block-column-is-layout-flow\"><\/div>\n<\/div>\n\n\n\n<div style=\"height:30px\" aria-hidden=\"true\" class=\"wp-block-spacer\"><\/div>\n\n\n\n<p><em><em>*l&rsquo;import sera calcul\u00e9 sur base trimestrielle,&nbsp;hors TVA et frais annexes<\/em><\/em><\/p>\n\n\n\n<div style=\"height:30px\" aria-hidden=\"true\" class=\"wp-block-spacer\"><\/div>\n\n\n\n<div class=\"wp-block-buttons is-horizontal is-content-justification-center is-layout-flex wp-container-core-buttons-is-layout-2 wp-block-buttons-is-layout-flex\">\n<div class=\"wp-block-button is-style-fill\"><a class=\"wp-block-button__link wp-element-button\" href=\"https:\/\/dropshippingb2b.com\/it\/checkout\/?add-to-cart=2483&amp;quantity=1\">ABONNEZ-VOUS MAINTENANT <\/a><\/div>\n<\/div>\n\n\n\n<div style=\"height:30px\" aria-hidden=\"true\" class=\"wp-block-spacer\"><\/div>\n<\/div><\/div>\n<\/div><\/div>\n\n\n\n<div class=\"inherit-container-width wp-block-group alignfull has-background is-layout-constrained wp-block-group-is-layout-constrained\" style=\"background-color:#f6f6f6\"><div class=\"wp-block-group__inner-container\">\n<div class=\"inherit-container-width wp-block-group mt--100 has-background is-layout-constrained wp-block-group-is-layout-constrained\" style=\"background-color:#ffffff\"><div class=\"wp-block-group__inner-container\">\n<figure class=\"wp-block-image aligncenter size-full is-resized\"><img loading=\"lazy\" decoding=\"async\" src=\"https:\/\/dropshippingb2b.com\/wp-content\/uploads\/2022\/01\/ds_enterprise.png\" alt=\"\" class=\"wp-image-2982\" width=\"180\" height=\"170\"\/><\/figure>\n\n\n\n<h4 class=\"wp-block-heading has-text-align-center\">ENTREPRISE:<\/h4>\n\n\n\n<p class=\"has-text-align-center\">Service exclusif d\u00e9di\u00e9 au d\u00e9veloppement d&rsquo;un marketing multi-niveaux commercialisant notre flux de donn\u00e9es<\/p>\n\n\n\n<div style=\"height:30px\" aria-hidden=\"true\" class=\"wp-block-spacer\"><\/div>\n\n\n\n<div class=\"wp-block-buttons is-horizontal is-content-justification-center is-layout-flex wp-container-core-buttons-is-layout-3 wp-block-buttons-is-layout-flex\">\n<div class=\"wp-block-button\"><a class=\"wp-block-button__link wp-element-button\" href=\"mailto:info@wwtech.it?subject=ENTERPRISE DROPSHIPPING INFORMATION\">Contactez-nous pour plus d&rsquo;informations<\/a><\/div>\n<\/div>\n\n\n\n<div style=\"height:30px\" aria-hidden=\"true\" class=\"wp-block-spacer\"><\/div>\n<\/div><\/div>\n\n\n\n<div class=\"inherit-container-width wp-block-group is-layout-constrained wp-block-group-is-layout-constrained\"><div class=\"wp-block-group__inner-container\">\n<div class=\"wp-block-columns is-layout-flex wp-container-core-columns-is-layout-5 wp-block-columns-is-layout-flex\">\n<div class=\"wp-block-column flussodati-box has-background is-layout-flow wp-block-column-is-layout-flow\" style=\"background-color:#ffffff\">\n<div style=\"height:47px\" aria-hidden=\"true\" class=\"wp-block-spacer\"><\/div>\n\n\n\n<h4 class=\"wp-block-heading has-text-align-center has-text-color\" style=\"color:#009065\"><strong>FLUX DE DON\u00c9ES<\/strong><\/h4>\n\n\n\n<figure class=\"wp-block-image aligncenter size-full is-resized\"><img loading=\"lazy\" decoding=\"async\" src=\"https:\/\/dropshippingb2b.com\/wp-content\/uploads\/2022\/09\/ds_dataflow.png\" alt=\"\" class=\"wp-image-5402\" width=\"140\" height=\"135\" srcset=\"https:\/\/dropshippingb2b.com\/wp-content\/uploads\/2022\/09\/ds_dataflow.png 700w, https:\/\/dropshippingb2b.com\/wp-content\/uploads\/2022\/09\/ds_dataflow-300x288.png 300w\" sizes=\"auto, (max-width: 140px) 100vw, 140px\" \/><\/figure>\n\n\n\n<h2 class=\"wp-block-heading has-text-align-center services-price has-huge-font-size\">\u20ac 50<\/h2>\n\n\n\n<h2 class=\"wp-block-heading has-text-align-center services-price has-huge-font-size\"><\/h2>\n\n\n\n<h5 class=\"wp-block-heading has-text-align-center services-month has-text-color\" style=\"color:#666666\">au mois<\/h5>\n\n\n\n<ul class=\"wp-block-list\">\n<li>Flux de donn\u00e9es<\/li>\n<\/ul>\n\n\n\n<ul class=\"wp-block-list\">\n<li>Logiciel Dropshipping<\/li>\n<\/ul>\n\n\n\n<ul class=\"wp-block-list\">\n<li>Frais logitiques**<\/li>\n<\/ul>\n\n\n\n<ul class=\"wp-block-list\">\n<li>Exp\u00e9dition prioritaire: N\/C<\/li>\n<\/ul>\n\n\n\n<ul class=\"wp-block-list\">\n<li>GRATUIT en facturant 1.000 \u20ac<\/li>\n<\/ul>\n\n\n\n<div style=\"height:15px\" aria-hidden=\"true\" class=\"wp-block-spacer\"><\/div>\n\n\n\n<div class=\"wp-block-buttons is-horizontal is-content-justification-center is-layout-flex wp-container-core-buttons-is-layout-4 wp-block-buttons-is-layout-flex\">\n<div class=\"wp-block-button\"><a class=\"wp-block-button__link wp-element-button\" href=\"\/it\/checkout\/?add-to-cart=2444&amp;quantity=1\">ABONNEZ-VOUS MAINTENANT <\/a><\/div>\n<\/div>\n\n\n\n<div style=\"height:30px\" aria-hidden=\"true\" class=\"wp-block-spacer\"><\/div>\n<\/div>\n\n\n\n<div class=\"wp-block-column dropshipping-box has-background is-layout-flow wp-block-column-is-layout-flow\" style=\"background-color:#ffffff\">\n<h4 class=\"wp-block-heading has-text-align-center services-piuvenduto has-text-color has-background\" style=\"color:#ffffff;background-color:#e5742e\"><strong>PI\u00d9 VENDUTO<\/strong><\/h4>\n\n\n\n<h4 class=\"wp-block-heading has-text-align-center has-text-color\" style=\"color:#e5742e\"><strong>FLUSSO DATI<\/strong><\/h4>\n\n\n\n<figure class=\"wp-block-image aligncenter size-full is-resized\"><img loading=\"lazy\" decoding=\"async\" src=\"https:\/\/dropshippingb2b.com\/wp-content\/uploads\/2022\/01\/ds_dropshipping.png\" alt=\"\" class=\"wp-image-2969\" width=\"140\" height=\"135\" srcset=\"https:\/\/dropshippingb2b.com\/wp-content\/uploads\/2022\/01\/ds_dropshipping.png 700w, https:\/\/dropshippingb2b.com\/wp-content\/uploads\/2022\/01\/ds_dropshipping-300x288.png 300w\" sizes=\"auto, (max-width: 140px) 100vw, 140px\" \/><\/figure>\n\n\n\n<h2 class=\"wp-block-heading has-text-align-center services-price has-huge-font-size\">\u20ac 100<\/h2>\n\n\n\n<h5 class=\"wp-block-heading has-text-align-center services-month has-text-color\" style=\"color:#666666\">au mois<\/h5>\n\n\n\n<ul class=\"wp-block-list\">\n<li>Flux de donn\u00e9es<\/li>\n<\/ul>\n\n\n\n<ul class=\"wp-block-list\">\n<li>Logiciel Dropshipping<\/li>\n<\/ul>\n\n\n\n<ul class=\"wp-block-list\">\n<li>Frais logitiques**<\/li>\n<\/ul>\n\n\n\n<ul class=\"wp-block-list\">\n<li>Exp\u00e9dition prioritaire: N\/C<\/li>\n<\/ul>\n\n\n\n<ul class=\"wp-block-list\">\n<li>GRATUIT en facturant 2.000 \u20ac<\/li>\n<\/ul>\n\n\n\n<div style=\"height:15px\" aria-hidden=\"true\" class=\"wp-block-spacer\"><\/div>\n\n\n\n<div class=\"wp-block-buttons is-horizontal is-content-justification-center is-layout-flex wp-container-core-buttons-is-layout-5 wp-block-buttons-is-layout-flex\">\n<div class=\"wp-block-button\"><a class=\"wp-block-button__link wp-element-button\" href=\"https:\/\/dropshippingb2b.com\/fr\/checkout\/?add-to-cart=2483&amp;quantity=1\">ABONNEZ-VOUS MAINTENANT <\/a><\/div>\n<\/div>\n\n\n\n<div style=\"height:30px\" aria-hidden=\"true\" class=\"wp-block-spacer\"><\/div>\n<\/div>\n\n\n\n<div class=\"wp-block-column enterprise-box has-background is-layout-flow wp-block-column-is-layout-flow\" style=\"background-color:#ffffff\">\n<div style=\"height:47px\" aria-hidden=\"true\" class=\"wp-block-spacer\"><\/div>\n\n\n\n<h4 class=\"wp-block-heading has-text-align-center has-text-color\" style=\"color:#183c7d\"><strong>ENTERPRISE<\/strong><\/h4>\n\n\n\n<figure class=\"wp-block-image aligncenter size-full is-resized\"><img loading=\"lazy\" decoding=\"async\" src=\"https:\/\/dropshippingb2b.com\/wp-content\/uploads\/2022\/01\/ds_enterprise.png\" alt=\"\" class=\"wp-image-2982\" width=\"140\" height=\"135\" srcset=\"https:\/\/dropshippingb2b.com\/wp-content\/uploads\/2022\/01\/ds_enterprise.png 700w, https:\/\/dropshippingb2b.com\/wp-content\/uploads\/2022\/01\/ds_enterprise-300x288.png 300w\" sizes=\"auto, (max-width: 140px) 100vw, 140px\" \/><\/figure>\n\n\n\n<div style=\"height:100px\" aria-hidden=\"true\" class=\"wp-block-spacer hide-mobile\"><\/div>\n\n\n\n<p class=\"has-text-align-center\">Service exclusif d\u00e9di\u00e9 au d\u00e9veloppement d&rsquo;un marketing multi-niveaux commercialisant notre flux de donn\u00e9es.<\/p>\n\n\n\n<div style=\"height:189px\" aria-hidden=\"true\" class=\"wp-block-spacer hide-mobile\"><\/div>\n\n\n\n<div class=\"wp-block-buttons is-horizontal is-content-justification-center is-layout-flex wp-container-core-buttons-is-layout-6 wp-block-buttons-is-layout-flex\">\n<div class=\"wp-block-button\"><a class=\"wp-block-button__link wp-element-button\" href=\"mailto:info@wwtech.it?subject=ENTERPRISE DROPSHIPPING INFORMATION\">CONTACTEZ NOUS<\/a><\/div>\n<\/div>\n\n\n\n<div style=\"height:30px\" aria-hidden=\"true\" class=\"wp-block-spacer\"><\/div>\n<\/div>\n<\/div>\n<\/div><\/div>\n\n\n\n<div class=\"inherit-container-width wp-block-group has-background is-layout-constrained wp-block-group-is-layout-constrained\" style=\"background-color:#ffffff\"><div class=\"wp-block-group__inner-container\">\n<p class=\"has-text-align-center\">*&nbsp;&nbsp; Flux de donn\u00e9es: en format CSV, XML, JSON ou API<br>&nbsp;**&nbsp; voir conditions de vente en gros<br>N.B. Tous les co\u00fbts sont HORS TVA<\/p>\n<\/div><\/div>\n\n\n\n<div style=\"height:30px\" aria-hidden=\"true\" class=\"wp-block-spacer\"><\/div>\n\n\n\n<div class=\"inherit-container-width wp-block-group is-layout-constrained wp-block-group-is-layout-constrained\"><div class=\"wp-block-group__inner-container\">\n<div class=\"wp-block-media-text alignwide has-media-on-the-right is-stacked-on-mobile has-white-background-color has-background\"><div class=\"wp-block-media-text__content\">\n<p>ICI VOUS POUVEZ VISUALISER ET T\u00c9L\u00c9CHARGER NOTRE CONTRAT TYPE DROPSHIPPING<\/p>\n\n\n\n<div class=\"wp-block-buttons is-layout-flex wp-block-buttons-is-layout-flex\">\n<div class=\"wp-block-button is-style-fill\"><a class=\"wp-block-button__link wp-element-button\" href=\"https:\/\/dropshippingb2b.com\/wp-content\/uploads\/2024\/02\/ultimo-contratto-DS-ENG.pdf\" target=\"_blank\" rel=\"noreferrer noopener\">T\u00c9L\u00c9CHARGER LE CONTRAT<\/a><\/div>\n<\/div>\n<\/div><figure class=\"wp-block-media-text__media\"><img loading=\"lazy\" decoding=\"async\" width=\"745\" height=\"367\" src=\"https:\/\/dropshippingb2b.com\/wp-content\/uploads\/2022\/08\/contratto.png\" alt=\"\" class=\"wp-image-3952 size-full\" srcset=\"https:\/\/dropshippingb2b.com\/wp-content\/uploads\/2022\/08\/contratto.png 745w, https:\/\/dropshippingb2b.com\/wp-content\/uploads\/2022\/08\/contratto-300x148.png 300w\" sizes=\"auto, (max-width: 745px) 100vw, 745px\" \/><\/figure><\/div>\n<\/div><\/div>\n<\/div><\/div>\n\n\n\n<div class=\"inherit-container-width wp-block-group alignfull has-background is-layout-constrained wp-block-group-is-layout-constrained\" style=\"background-color:#fae4d6\"><div class=\"wp-block-group__inner-container\">\n<h3 class=\"has-text-align-center wp-block-heading\">ENCORE DES DOUTES ?<\/h3>\n\n\n\n<p class=\"has-text-align-center\">Consultez la foire aux questions ou parlez \u00e0 l&rsquo;un de nous<\/p>\n\n\n\n<div class=\"wp-block-columns is-layout-flex wp-container-core-columns-is-layout-6 wp-block-columns-is-layout-flex\">\n<div class=\"wp-block-column is-vertically-aligned-center is-layout-flow wp-block-column-is-layout-flow\">\n<div class=\"wp-block-buttons is-horizontal is-content-justification-center is-layout-flex wp-container-core-buttons-is-layout-8 wp-block-buttons-is-layout-flex\">\n<div class=\"wp-block-button is-style-outline is-style-outline--1\"><a class=\"wp-block-button__link has-text-color\" href=\"\/fr\/faq\" style=\"color:#e5742e\">VISITEZ LA FAQ<\/a><\/div>\n\n\n\n<div class=\"wp-block-button is-style-fill\"><a class=\"wp-block-button__link\" href=\"\/fr\/contacts\">NOUS CONTACTER<\/a><\/div>\n<\/div>\n<\/div>\n<\/div>\n<\/div><\/div>\n","protected":false},"excerpt":{"rendered":"<p>B2bmontres propose diff\u00e9rentes solutions d&rsquo;int\u00e9gration. D\u00e9couvrez les ici! FLUX TENDU: ABBONNEMENT FLUX TENDU&nbsp;+&nbsp;50%&nbsp;REMISE SUR LES FRAIS LOGISTIQUES Il s&rsquo;agit d&rsquo;un service permettant de mettre en place un v\u00e9ritable flux tendu entre votre E-commerce et notre entrep\u00f4t.Le Service Flux Tendu donne&nbsp;acc\u00e8s au flux&nbsp;produit int\u00e9gral du catalogue B2bmontres tout en vous laissant g\u00e9r\u00e9r les livraisons vers vos [&hellip;]<\/p>\n","protected":false},"author":1,"featured_media":0,"parent":0,"menu_order":0,"comment_status":"closed","ping_status":"closed","template":"","meta":{"inline_featured_image":false,"site-sidebar-layout":"default","site-content-layout":"plain-container","ast-site-content-layout":"","site-content-style":"default","site-sidebar-style":"default","ast-global-header-display":"","ast-banner-title-visibility":"","ast-main-header-display":"","ast-hfb-above-header-display":"","ast-hfb-below-header-display":"","ast-hfb-mobile-header-display":"","site-post-title":"disabled","ast-breadcrumbs-content":"","ast-featured-img":"","footer-sml-layout":"","theme-transparent-header-meta":"default","adv-header-id-meta":"","stick-header-meta":"","header-above-stick-meta":"","header-main-stick-meta":"","header-below-stick-meta":"","astra-migrate-meta-layouts":"default","ast-page-background-enabled":"default","ast-page-background-meta":{"desktop":{"background-color":"","background-image":"","background-repeat":"repeat","background-position":"center center","background-size":"auto","background-attachment":"scroll","background-type":"","background-media":"","overlay-type":"","overlay-color":"","overlay-opacity":"","overlay-gradient":""},"tablet":{"background-color":"","background-image":"","background-repeat":"repeat","background-position":"center center","background-size":"auto","background-attachment":"scroll","background-type":"","background-media":"","overlay-type":"","overlay-color":"","overlay-opacity":"","overlay-gradient":""},"mobile":{"background-color":"","background-image":"","background-repeat":"repeat","background-position":"center center","background-size":"auto","background-attachment":"scroll","background-type":"","background-media":"","overlay-type":"","overlay-color":"","overlay-opacity":"","overlay-gradient":""}},"ast-content-background-meta":{"desktop":{"background-color":"var(--ast-global-color-5)","background-image":"","background-repeat":"repeat","background-position":"center center","background-size":"auto","background-attachment":"scroll","background-type":"","background-media":"","overlay-type":"","overlay-color":"","overlay-opacity":"","overlay-gradient":""},"tablet":{"background-color":"var(--ast-global-color-5)","background-image":"","background-repeat":"repeat","background-position":"center center","background-size":"auto","background-attachment":"scroll","background-type":"","background-media":"","overlay-type":"","overlay-color":"","overlay-opacity":"","overlay-gradient":""},"mobile":{"background-color":"var(--ast-global-color-5)","background-image":"","background-repeat":"repeat","background-position":"center center","background-size":"auto","background-attachment":"scroll","background-type":"","background-media":"","overlay-type":"","overlay-color":"","overlay-opacity":"","overlay-gradient":""}},"footnotes":""},"class_list":["post-1009","page","type-page","status-publish","hentry"],"_links":{"self":[{"href":"https:\/\/dropshippingb2b.com\/fr\/wp-json\/wp\/v2\/pages\/1009","targetHints":{"allow":["GET"]}}],"collection":[{"href":"https:\/\/dropshippingb2b.com\/fr\/wp-json\/wp\/v2\/pages"}],"about":[{"href":"https:\/\/dropshippingb2b.com\/fr\/wp-json\/wp\/v2\/types\/page"}],"author":[{"embeddable":true,"href":"https:\/\/dropshippingb2b.com\/fr\/wp-json\/wp\/v2\/users\/1"}],"replies":[{"embeddable":true,"href":"https:\/\/dropshippingb2b.com\/fr\/wp-json\/wp\/v2\/comments?post=1009"}],"version-history":[{"count":20,"href":"https:\/\/dropshippingb2b.com\/fr\/wp-json\/wp\/v2\/pages\/1009\/revisions"}],"predecessor-version":[{"id":7746,"href":"https:\/\/dropshippingb2b.com\/fr\/wp-json\/wp\/v2\/pages\/1009\/revisions\/7746"}],"wp:attachment":[{"href":"https:\/\/dropshippingb2b.com\/fr\/wp-json\/wp\/v2\/media?parent=1009"}],"curies":[{"name":"wp","href":"https:\/\/api.w.org\/{rel}","templated":true}]}}