{"id":2488,"date":"2021-08-02T07:19:35","date_gmt":"2021-08-02T07:19:35","guid":{"rendered":"https:\/\/dsb2b.assemblyweb.net\/product\/dropshipping-service"},"modified":"2022-09-25T21:30:44","modified_gmt":"2022-09-25T21:30:44","slug":"dropshipping-service","status":"publish","type":"product","link":"https:\/\/dropshippingb2b.com\/es\/product\/dropshipping-service","title":{"rendered":"Dropshipping service"},"content":{"rendered":"<p>Nuestro servicio b\u00e1sico: dentro de este servicio, el Revendedor adquiere credenciales para acceder al flujo de datos de nuestro cat\u00e1logo (referencias, c\u00f3digos, nombres, precios, fotos). Es un servicio de datos de solo lectura que permite, por ejemplo, poblar su propio sitio de e-commerce o plataformas externas como eBay y Amazon.<\/p>\n<p>Incluye:<\/p>\n<p>\u2013 flujo de datos de todos los productos disponibles en nuestra base de datos integrada de Proveedores.<\/p>\n<p>\u2013 descuento por Handling: si el Revendedor no alcanza el pedido m\u00ednimo requerido por el Proveedor\/Dropshipper, a\u00fan puede confirmar el pedido y recibir un descuento del 50% en el cargo por Handling.<\/p>\n<p>\u2013 servicio gratuito: con solo 1.000,00\u20ac* de ventas al mes, al final del trimestre, recibir\u00e1 un reembolso por los bienes adquiridos igual al coste del servicio suscrito (150,00\u20ac\/ neto por trimestre)<\/p>\n<p>(*importe basado en una base trimestral, IVA y costos adicionales excluidos).<\/p>\n","protected":false},"excerpt":{"rendered":"<p>Nuestro servicio b\u00e1sico: dentro de este servicio, el Revendedor adquiere credenciales para acceder al flujo de datos de nuestro cat\u00e1logo (referencias, c\u00f3digos, nombres, precios, fotos). Es un servicio de datos de solo lectura que permite, por ejemplo, poblar su propio sitio de e-commerce o plataformas externas como eBay y Amazon. Incluye: \u2013 flujo de datos [&hellip;]<\/p>\n","protected":false},"featured_media":2476,"template":"","meta":{"inline_featured_image":false,"site-sidebar-layout":"default","site-content-layout":"default","ast-site-content-layout":"default","site-content-style":"default","site-sidebar-style":"default","ast-global-header-display":"","ast-banner-title-visibility":"","ast-main-header-display":"","ast-hfb-above-header-display":"","ast-hfb-below-header-display":"","ast-hfb-mobile-header-display":"","site-post-title":"","ast-breadcrumbs-content":"","ast-featured-img":"","footer-sml-layout":"","theme-transparent-header-meta":"default","adv-header-id-meta":"","stick-header-meta":"","header-above-stick-meta":"","header-main-stick-meta":"","header-below-stick-meta":"","astra-migrate-meta-layouts":"default","ast-page-background-enabled":"default","ast-page-background-meta":{"desktop":{"background-color":"","background-image":"","background-repeat":"repeat","background-position":"center center","background-size":"auto","background-attachment":"scroll","background-type":"","background-media":"","overlay-type":"","overlay-color":"","overlay-opacity":"","overlay-gradient":""},"tablet":{"background-color":"","background-image":"","background-repeat":"repeat","background-position":"center center","background-size":"auto","background-attachment":"scroll","background-type":"","background-media":"","overlay-type":"","overlay-color":"","overlay-opacity":"","overlay-gradient":""},"mobile":{"background-color":"","background-image":"","background-repeat":"repeat","background-position":"center center","background-size":"auto","background-attachment":"scroll","background-type":"","background-media":"","overlay-type":"","overlay-color":"","overlay-opacity":"","overlay-gradient":""}},"ast-content-background-meta":{"desktop":{"background-color":"var(--ast-global-color-5)","background-image":"","background-repeat":"repeat","background-position":"center center","background-size":"auto","background-attachment":"scroll","background-type":"","background-media":"","overlay-type":"","overlay-color":"","overlay-opacity":"","overlay-gradient":""},"tablet":{"background-color":"var(--ast-global-color-5)","background-image":"","background-repeat":"repeat","background-position":"center center","background-size":"auto","background-attachment":"scroll","background-type":"","background-media":"","overlay-type":"","overlay-color":"","overlay-opacity":"","overlay-gradient":""},"mobile":{"background-color":"var(--ast-global-color-5)","background-image":"","background-repeat":"repeat","background-position":"center center","background-size":"auto","background-attachment":"scroll","background-type":"","background-media":"","overlay-type":"","overlay-color":"","overlay-opacity":"","overlay-gradient":""}}},"product_cat":[110],"product_tag":[],"class_list":["post-2488","product","type-product","status-publish","has-post-thumbnail","hentry","product_cat-quarterly-payment-es","desktop-align-left","tablet-align-left","mobile-align-left"],"_links":{"self":[{"href":"https:\/\/dropshippingb2b.com\/es\/wp-json\/wp\/v3\/product\/2488","targetHints":{"allow":["GET"]}}],"collection":[{"href":"https:\/\/dropshippingb2b.com\/es\/wp-json\/wp\/v3\/product"}],"about":[{"href":"https:\/\/dropshippingb2b.com\/es\/wp-json\/wp\/v2\/types\/product"}],"wp:featuredmedia":[{"embeddable":true,"href":"https:\/\/dropshippingb2b.com\/es\/wp-json\/wp\/v2\/media\/2476"}],"wp:attachment":[{"href":"https:\/\/dropshippingb2b.com\/es\/wp-json\/wp\/v2\/media?parent=2488"}],"wp:term":[{"taxonomy":"product_cat","embeddable":true,"href":"https:\/\/dropshippingb2b.com\/es\/wp-json\/wp\/v2\/product_cat?post=2488"},{"taxonomy":"product_tag","embeddable":true,"href":"https:\/\/dropshippingb2b.com\/es\/wp-json\/wp\/v2\/product_tag?post=2488"}],"curies":[{"name":"wp","href":"https:\/\/api.w.org\/{rel}","templated":true}]}}