{"id":831,"date":"2021-07-06T20:25:00","date_gmt":"2021-07-06T20:25:00","guid":{"rendered":"https:\/\/dsb2b.assemblyweb.net\/chi-siamo"},"modified":"2022-10-08T13:02:40","modified_gmt":"2022-10-08T13:02:40","slug":"nosotros","status":"publish","type":"page","link":"https:\/\/dropshippingb2b.com\/es\/nosotros","title":{"rendered":"Nosotros"},"content":{"rendered":"\n<div class=\"wp-block-cover alignfull\" style=\"min-height:350px;aspect-ratio:unset;\"><span aria-hidden=\"true\" class=\"wp-block-cover__background has-u-002-du-002-dast-global-color-5-background-color has-background-dim-0 has-background-dim\"><\/span><img loading=\"lazy\" decoding=\"async\" width=\"1200\" height=\"1600\" class=\"wp-block-cover__image-background wp-image-2834\" alt=\"\" src=\"https:\/\/dropshippingb2b.com\/wp-content\/uploads\/2022\/01\/wwtech-portada-duotone.jpg\" data-object-fit=\"cover\" srcset=\"https:\/\/dropshippingb2b.com\/wp-content\/uploads\/2022\/01\/wwtech-portada-duotone.jpg 1200w, https:\/\/dropshippingb2b.com\/wp-content\/uploads\/2022\/01\/wwtech-portada-duotone-225x300.jpg 225w, https:\/\/dropshippingb2b.com\/wp-content\/uploads\/2022\/01\/wwtech-portada-duotone-768x1024.jpg 768w, https:\/\/dropshippingb2b.com\/wp-content\/uploads\/2022\/01\/wwtech-portada-duotone-1152x1536.jpg 1152w, https:\/\/dropshippingb2b.com\/wp-content\/uploads\/2022\/01\/wwtech-portada-duotone-300x400.jpg 300w\" sizes=\"auto, (max-width: 1200px) 100vw, 1200px\" \/><div class=\"wp-block-cover__inner-container is-layout-flow wp-block-cover-is-layout-flow\">\n<h2 class=\"has-text-color wp-block-heading\" style=\"color:#ffffff\">Nosotros<\/h2>\n<\/div><\/div>\n\n\n\n<div class=\"inherit-container-width wp-block-group alignfull has-background is-layout-constrained wp-block-group-is-layout-constrained\" style=\"background-color:#f6f6f6\"><div class=\"wp-block-group__inner-container\">\n<div class=\"inherit-container-width wp-block-group mt--50 has-background is-layout-constrained wp-block-group-is-layout-constrained\" style=\"background-color:#ffffff\"><div class=\"wp-block-group__inner-container\">\n<div class=\"wp-block-columns is-layout-flex wp-container-core-columns-is-layout-1 wp-block-columns-is-layout-flex\">\n<div class=\"wp-block-column is-layout-flow wp-block-column-is-layout-flow\" style=\"flex-basis:33.33%\">\n<figure class=\"wp-block-image aligncenter size-full is-resized\"><img loading=\"lazy\" decoding=\"async\" src=\"https:\/\/dropshippingb2b.com\/wp-content\/uploads\/2022\/01\/pingu-hi_it.gif\" alt=\"\" class=\"wp-image-3442\" width=\"266\" height=\"266\"\/><\/figure>\n<\/div>\n\n\n\n<div class=\"wp-block-column is-vertically-aligned-center is-layout-flow wp-block-column-is-layout-flow\" style=\"flex-basis:66.66%\">\n<h3 class=\"wp-block-heading\"><strong>Hola! c\u00f3mo est\u00e1s?<\/strong><\/h3>\n\n\n\n<p>Somos un equipo de vendedores mayoristas on-line y desarrolladores IT que han unido sus fuerzas para ofrecer a todos la oportunidad de administrar un negocio de e-commerce vendiendo toneladas de productos sin inversiones de capital en stock.<\/p>\n<\/div>\n<\/div>\n\n\n\n<div class=\"wp-block-columns is-layout-flex wp-container-core-columns-is-layout-2 wp-block-columns-is-layout-flex\">\n<div class=\"wp-block-column is-vertically-aligned-center is-layout-flow wp-block-column-is-layout-flow\" style=\"flex-basis:66.66%\">\n<p class=\"has-medium-font-size\"><br><strong>20 a\u00f1os de experiencia<\/strong> y <strong>11 sucursales en toda Europa<\/strong> est\u00e1n a tu disposici\u00f3n para obtener un servicio premium.<\/p>\n<\/div>\n\n\n\n<div class=\"wp-block-column is-layout-flow wp-block-column-is-layout-flow\" style=\"flex-basis:33.33%\">\n<figure class=\"wp-block-image size-full\"><img loading=\"lazy\" decoding=\"async\" width=\"600\" height=\"400\" src=\"https:\/\/dropshippingb2b.com\/wp-content\/uploads\/2022\/01\/pingu_mappa.png\" alt=\"\" class=\"wp-image-3455\" srcset=\"https:\/\/dropshippingb2b.com\/wp-content\/uploads\/2022\/01\/pingu_mappa.png 600w, https:\/\/dropshippingb2b.com\/wp-content\/uploads\/2022\/01\/pingu_mappa-300x200.png 300w\" sizes=\"auto, (max-width: 600px) 100vw, 600px\" \/><\/figure>\n<\/div>\n<\/div>\n<\/div><\/div>\n\n\n\n<div style=\"height:30px\" aria-hidden=\"true\" class=\"wp-block-spacer\"><\/div>\n\n\n\n<div class=\"inherit-container-width wp-block-group has-background is-layout-constrained wp-block-group-is-layout-constrained\" style=\"background-color:#ffffff\"><div class=\"wp-block-group__inner-container\">\n<figure class=\"wp-block-image aligncenter size-full is-resized\"><img decoding=\"async\" src=\"https:\/\/dropshippingb2b.com\/wp-content\/uploads\/2022\/01\/pingu_worker_wwt.jpg\" alt=\"\" class=\"wp-image-3468\" width=\"-461\" height=\"-282\" srcset=\"https:\/\/dropshippingb2b.com\/wp-content\/uploads\/2022\/01\/pingu_worker_wwt.jpg 700w, https:\/\/dropshippingb2b.com\/wp-content\/uploads\/2022\/01\/pingu_worker_wwt-300x184.jpg 300w\" sizes=\"(max-width: 700px) 100vw, 700px\" \/><\/figure>\n\n\n\n<p>DropshippingB2B es la plataforma construida por WWTech s.r.l., la empresa con sede en Mil\u00e1n, que proporciona a los clientes <strong>200.000 productos<\/strong> todos los d\u00edas en m\u00e1s de <strong>50.000 referencias diferentes<\/strong>. Nuestro amplio cat\u00e1logo est\u00e1 visible en <a href=\"https:\/\/www.marcasalmayor.es\/\">marcasalmayor.es<\/a>.<\/p>\n\n\n\n<p>Nuestros clientes son el foco y nuestra filosof\u00eda es tratar a cada uno como si fuera el \u00fanico: este enfoque nos ha llevado a convertirnos en el distribuidor en l\u00ednea l\u00edder de relojes de moda en Europa.<\/p>\n\n\n\n<div style=\"height:20px\" aria-hidden=\"true\" class=\"wp-block-spacer\"><\/div>\n\n\n\n<h3 class=\"has-text-align-center wp-block-heading\"><strong><strong>El mundo del dropshipping est\u00e1 cambiando: cambia con nosotros!<\/strong><\/strong><\/h3>\n\n\n\n<div class=\"wp-block-buttons is-horizontal is-content-justification-center is-layout-flex wp-container-core-buttons-is-layout-1 wp-block-buttons-is-layout-flex\">\n<div class=\"wp-block-button\"><a class=\"wp-block-button__link\" href=\"\/es\/servicios\">EMPIEZA AHORA!<\/a><\/div>\n<\/div>\n\n\n\n<div style=\"height:30px\" aria-hidden=\"true\" class=\"wp-block-spacer\"><\/div>\n<\/div><\/div>\n<\/div><\/div>\n\n\n\n<div class=\"inherit-container-width wp-block-group alignfull has-background is-layout-constrained wp-block-group-is-layout-constrained\" style=\"background-color:#fae4d6\"><div class=\"wp-block-group__inner-container\">\n<h3 class=\"has-text-align-center wp-block-heading\">\u00bfTODAV\u00cdA DUDAS?<\/h3>\n\n\n\n<p class=\"has-text-align-center\">Consulta las preguntas frecuentes o habla con uno de nosotros<\/p>\n\n\n\n<div class=\"wp-block-columns is-layout-flex wp-container-core-columns-is-layout-3 wp-block-columns-is-layout-flex\">\n<div class=\"wp-block-column is-vertically-aligned-center is-layout-flow wp-block-column-is-layout-flow\">\n<div class=\"wp-block-buttons is-horizontal is-content-justification-center is-layout-flex wp-container-core-buttons-is-layout-2 wp-block-buttons-is-layout-flex\">\n<div class=\"wp-block-button is-style-outline is-style-outline--1\"><a class=\"wp-block-button__link has-text-color\" href=\"\/es\/faq\" style=\"color:#e5742e\">VISITA LAS FAQ<\/a><\/div>\n\n\n\n<div class=\"wp-block-button is-style-fill\"><a class=\"wp-block-button__link\" href=\"\/es\/contactanos\">CONTACTANOS<\/a><\/div>\n<\/div>\n<\/div>\n<\/div>\n<\/div><\/div>\n","protected":false},"excerpt":{"rendered":"<p>Hola! c\u00f3mo est\u00e1s? Somos un equipo de vendedores mayoristas on-line y desarrolladores IT que han unido sus fuerzas para ofrecer a todos la oportunidad de administrar un negocio de e-commerce vendiendo toneladas de productos sin inversiones de capital en stock. 20 a\u00f1os de experiencia y 11 sucursales en toda Europa est\u00e1n a tu disposici\u00f3n para [&hellip;]<\/p>\n","protected":false},"author":1,"featured_media":0,"parent":0,"menu_order":0,"comment_status":"closed","ping_status":"closed","template":"","meta":{"inline_featured_image":false,"site-sidebar-layout":"default","site-content-layout":"plain-container","ast-site-content-layout":"","site-content-style":"default","site-sidebar-style":"default","ast-global-header-display":"","ast-banner-title-visibility":"","ast-main-header-display":"","ast-hfb-above-header-display":"","ast-hfb-below-header-display":"","ast-hfb-mobile-header-display":"","site-post-title":"disabled","ast-breadcrumbs-content":"","ast-featured-img":"","footer-sml-layout":"","theme-transparent-header-meta":"default","adv-header-id-meta":"","stick-header-meta":"","header-above-stick-meta":"","header-main-stick-meta":"","header-below-stick-meta":"","astra-migrate-meta-layouts":"default","ast-page-background-enabled":"default","ast-page-background-meta":{"desktop":{"background-color":"","background-image":"","background-repeat":"repeat","background-position":"center center","background-size":"auto","background-attachment":"scroll","background-type":"","background-media":"","overlay-type":"","overlay-color":"","overlay-opacity":"","overlay-gradient":""},"tablet":{"background-color":"","background-image":"","background-repeat":"repeat","background-position":"center center","background-size":"auto","background-attachment":"scroll","background-type":"","background-media":"","overlay-type":"","overlay-color":"","overlay-opacity":"","overlay-gradient":""},"mobile":{"background-color":"","background-image":"","background-repeat":"repeat","background-position":"center center","background-size":"auto","background-attachment":"scroll","background-type":"","background-media":"","overlay-type":"","overlay-color":"","overlay-opacity":"","overlay-gradient":""}},"ast-content-background-meta":{"desktop":{"background-color":"var(--ast-global-color-5)","background-image":"","background-repeat":"repeat","background-position":"center center","background-size":"auto","background-attachment":"scroll","background-type":"","background-media":"","overlay-type":"","overlay-color":"","overlay-opacity":"","overlay-gradient":""},"tablet":{"background-color":"var(--ast-global-color-5)","background-image":"","background-repeat":"repeat","background-position":"center center","background-size":"auto","background-attachment":"scroll","background-type":"","background-media":"","overlay-type":"","overlay-color":"","overlay-opacity":"","overlay-gradient":""},"mobile":{"background-color":"var(--ast-global-color-5)","background-image":"","background-repeat":"repeat","background-position":"center center","background-size":"auto","background-attachment":"scroll","background-type":"","background-media":"","overlay-type":"","overlay-color":"","overlay-opacity":"","overlay-gradient":""}},"footnotes":""},"class_list":["post-831","page","type-page","status-publish","hentry"],"_links":{"self":[{"href":"https:\/\/dropshippingb2b.com\/es\/wp-json\/wp\/v2\/pages\/831","targetHints":{"allow":["GET"]}}],"collection":[{"href":"https:\/\/dropshippingb2b.com\/es\/wp-json\/wp\/v2\/pages"}],"about":[{"href":"https:\/\/dropshippingb2b.com\/es\/wp-json\/wp\/v2\/types\/page"}],"author":[{"embeddable":true,"href":"https:\/\/dropshippingb2b.com\/es\/wp-json\/wp\/v2\/users\/1"}],"replies":[{"embeddable":true,"href":"https:\/\/dropshippingb2b.com\/es\/wp-json\/wp\/v2\/comments?post=831"}],"version-history":[{"count":10,"href":"https:\/\/dropshippingb2b.com\/es\/wp-json\/wp\/v2\/pages\/831\/revisions"}],"predecessor-version":[{"id":5740,"href":"https:\/\/dropshippingb2b.com\/es\/wp-json\/wp\/v2\/pages\/831\/revisions\/5740"}],"wp:attachment":[{"href":"https:\/\/dropshippingb2b.com\/es\/wp-json\/wp\/v2\/media?parent=831"}],"curies":[{"name":"wp","href":"https:\/\/api.w.org\/{rel}","templated":true}]}}